{"id":248061,"date":"2026-04-10T23:57:18","date_gmt":"2026-04-11T05:57:18","guid":{"rendered":"https:\/\/compuviper.mx\/tienda\/producto\/silimex-750300219683-toallas-humedas-t-shoes-para-tenis-50-pzs\/"},"modified":"2026-04-10T23:57:19","modified_gmt":"2026-04-11T05:57:19","slug":"silimex-sneakers-wipes-50-pzas-toallas-humedas-snikers-wipes-para-tenis-50-pzs","status":"publish","type":"product","link":"https:\/\/compuviper.mx\/tienda\/producto\/silimex-sneakers-wipes-50-pzas-toallas-humedas-snikers-wipes-para-tenis-50-pzs\/","title":{"rendered":"Silimex Sneakers Wipes 50 Pzas Toallas Humedas Snikers Wipes Para Tenis 50 Pzs"},"content":{"rendered":"<table class=\"descripcion\">\n<tr>\n<td>Toallas hmedas para limpieza de tenis, formuladas para remover la suciedad de manera rpida y sencilla.<\/td>\n<\/tr>\n<\/table>\n","protected":false},"excerpt":{"rendered":"<p>Limpian superficies de calzado deportivo cmo: piel, vinil, plastico, gamuza etc. No deja residuos. No necesitan enjuagarse. Formula neutra. Despus de desprender una toallita, colocar el botn protector para evitar la evaporacin de la solucin de la siguiente toallita. Consultar hoja de seguridad.<\/p>\n","protected":false},"featured_media":248062,"comment_status":"open","ping_status":"open","template":"","meta":[],"product_cat":[1619,1631],"product_tag":[1621],"acf":[],"yoast_head":"<!-- This site is optimized with the Yoast SEO plugin v21.7 - https:\/\/yoast.com\/wordpress\/plugins\/seo\/ -->\n<title>[ Silimex ] &#129351; Sneakers Wipes 50 Pzas Toallas Humedas Snikers Wipes Para Tenis 50 Pzs<\/title>\n<meta name=\"description\" content=\"Compra Sneakers Wipes 50 Pzas Toallas Humedas Snikers Wipes Para Tenis 50 Pzs + Env\u00edo a domicilio + Pago seguro + Garant\u00eda\" \/>\n<meta name=\"robots\" content=\"index, follow, max-snippet:-1, max-image-preview:large, max-video-preview:-1\" \/>\n<link rel=\"canonical\" href=\"https:\/\/compuviper.mx\/tienda\/producto\/silimex-sneakers-wipes-50-pzas-toallas-humedas-snikers-wipes-para-tenis-50-pzs\/\" \/>\n<meta property=\"og:locale\" content=\"es_MX\" \/>\n<meta property=\"og:type\" content=\"article\" \/>\n<meta property=\"og:title\" content=\"[ Silimex ] &#129351; Sneakers Wipes 50 Pzas Toallas Humedas Snikers Wipes Para Tenis 50 Pzs\" \/>\n<meta property=\"og:description\" content=\"Compra Sneakers Wipes 50 Pzas Toallas Humedas Snikers Wipes Para Tenis 50 Pzs + Env\u00edo a domicilio + Pago seguro + Garant\u00eda\" \/>\n<meta property=\"og:url\" content=\"https:\/\/compuviper.mx\/tienda\/producto\/silimex-sneakers-wipes-50-pzas-toallas-humedas-snikers-wipes-para-tenis-50-pzs\/\" \/>\n<meta property=\"og:site_name\" content=\"Compuviper\" \/>\n<meta property=\"article:publisher\" content=\"https:\/\/www.facebook.com\/compuviper\" \/>\n<meta property=\"article:modified_time\" content=\"2026-04-11T05:57:19+00:00\" \/>\n<meta property=\"og:image\" content=\"https:\/\/compuviper.mx\/tienda\/wp-content\/uploads\/2025\/01\/Toallas-humedas-t-shoes-para-tenis-50-pzs-silimex.jpg\" \/>\n\t<meta property=\"og:image:width\" content=\"200\" \/>\n\t<meta property=\"og:image:height\" content=\"200\" \/>\n\t<meta property=\"og:image:type\" content=\"image\/jpeg\" \/>\n<meta name=\"twitter:card\" content=\"summary_large_image\" \/>\n<meta name=\"twitter:label1\" content=\"Precio\" \/>\n\t<meta name=\"twitter:data1\" content=\"&#36;99 con IVA\" \/>\n\t<meta name=\"twitter:label2\" content=\"Availability\" \/>\n\t<meta name=\"twitter:data2\" content=\"Out of stock\" \/>\n<script type=\"application\/ld+json\" class=\"yoast-schema-graph\">{\"@context\":\"https:\/\/schema.org\",\"@graph\":[{\"@type\":\"WebPage\",\"@id\":\"https:\/\/compuviper.mx\/tienda\/producto\/silimex-sneakers-wipes-50-pzas-toallas-humedas-snikers-wipes-para-tenis-50-pzs\/\",\"url\":\"https:\/\/compuviper.mx\/tienda\/producto\/silimex-sneakers-wipes-50-pzas-toallas-humedas-snikers-wipes-para-tenis-50-pzs\/\",\"name\":\"[ Silimex ] &#129351; Sneakers Wipes 50 Pzas Toallas Humedas Snikers Wipes Para Tenis 50 Pzs\",\"isPartOf\":{\"@id\":\"https:\/\/compuviper.mx\/tienda\/#website\"},\"datePublished\":\"2026-04-11T05:57:18+00:00\",\"dateModified\":\"2026-04-11T05:57:19+00:00\",\"description\":\"Compra Sneakers Wipes 50 Pzas Toallas Humedas Snikers Wipes Para Tenis 50 Pzs + Env\u00edo a domicilio + Pago seguro + Garant\u00eda\",\"breadcrumb\":{\"@id\":\"https:\/\/compuviper.mx\/tienda\/producto\/silimex-sneakers-wipes-50-pzas-toallas-humedas-snikers-wipes-para-tenis-50-pzs\/#breadcrumb\"},\"inLanguage\":\"es-MX\",\"potentialAction\":[{\"@type\":\"ReadAction\",\"target\":[\"https:\/\/compuviper.mx\/tienda\/producto\/silimex-sneakers-wipes-50-pzas-toallas-humedas-snikers-wipes-para-tenis-50-pzs\/\"]}]},{\"@type\":\"BreadcrumbList\",\"@id\":\"https:\/\/compuviper.mx\/tienda\/producto\/silimex-sneakers-wipes-50-pzas-toallas-humedas-snikers-wipes-para-tenis-50-pzs\/#breadcrumb\",\"itemListElement\":[{\"@type\":\"ListItem\",\"position\":1,\"name\":\"Inicio\",\"item\":\"https:\/\/compuviper.mx\/tienda\/\"},{\"@type\":\"ListItem\",\"position\":2,\"name\":\"Productos\",\"item\":\"https:\/\/compuviper.mx\/tienda\/productos\/\"},{\"@type\":\"ListItem\",\"position\":3,\"name\":\"Productos De Limpieza\",\"item\":\"https:\/\/compuviper.mx\/tienda\/categoria-producto\/productos-de-limpieza\/\"},{\"@type\":\"ListItem\",\"position\":4,\"name\":\"Toallas\",\"item\":\"https:\/\/compuviper.mx\/tienda\/categoria-producto\/productos-de-limpieza\/toallas\/\"},{\"@type\":\"ListItem\",\"position\":5,\"name\":\"Silimex Sneakers Wipes 50 Pzas Toallas Humedas Snikers Wipes Para Tenis 50 Pzs\"}]},{\"@type\":\"WebSite\",\"@id\":\"https:\/\/compuviper.mx\/tienda\/#website\",\"url\":\"https:\/\/compuviper.mx\/tienda\/\",\"name\":\"Compuviper\",\"description\":\"Proveedor de Computadoras, Laptops, Servidores, Monitores, Puntos de Venta, Teclados,   Impresoras, T\u00f3ner, C\u00e1maras de Seguridad y m\u00e1s en tu tienda en l\u00ednea\",\"publisher\":{\"@id\":\"https:\/\/compuviper.mx\/tienda\/#organization\"},\"potentialAction\":[{\"@type\":\"SearchAction\",\"target\":{\"@type\":\"EntryPoint\",\"urlTemplate\":\"https:\/\/compuviper.mx\/tienda\/?s={search_term_string}\"},\"query-input\":\"required name=search_term_string\"}],\"inLanguage\":\"es-MX\"},{\"@type\":\"Organization\",\"@id\":\"https:\/\/compuviper.mx\/tienda\/#organization\",\"name\":\"Compuviper\",\"url\":\"https:\/\/compuviper.mx\/tienda\/\",\"logo\":{\"@type\":\"ImageObject\",\"inLanguage\":\"es-MX\",\"@id\":\"https:\/\/compuviper.mx\/tienda\/#\/schema\/logo\/image\/\",\"url\":\"https:\/\/compuviper.mx\/tienda\/wp-content\/uploads\/2021\/08\/Logo-Compuviper-10.png\",\"contentUrl\":\"https:\/\/compuviper.mx\/tienda\/wp-content\/uploads\/2021\/08\/Logo-Compuviper-10.png\",\"width\":1000,\"height\":500,\"caption\":\"Compuviper\"},\"image\":{\"@id\":\"https:\/\/compuviper.mx\/tienda\/#\/schema\/logo\/image\/\"},\"sameAs\":[\"https:\/\/www.facebook.com\/compuviper\",\"https:\/\/www.youtube.com\/channel\/UCf73dERp9Y3cfOq7q8BhLjA?view_as=subscriber\"]}]}<\/script>\n<meta property=\"product:brand\" content=\"SILIMEX\" \/>\n<meta property=\"product:price:amount\" content=\"99\" \/>\n<meta property=\"product:price:currency\" content=\"MXN\" \/>\n<meta property=\"og:availability\" content=\"out of stock\" \/>\n<meta property=\"product:availability\" content=\"out of stock\" \/>\n<meta property=\"product:retailer_item_id\" content=\"SNEAKERS WIPES 50 PZAS\" \/>\n<meta property=\"product:condition\" content=\"new\" \/>\n<!-- \/ Yoast SEO plugin. -->","yoast_head_json":{"title":"[ Silimex ] &#129351; Sneakers Wipes 50 Pzas Toallas Humedas Snikers Wipes Para Tenis 50 Pzs","description":"Compra Sneakers Wipes 50 Pzas Toallas Humedas Snikers Wipes Para Tenis 50 Pzs + Env\u00edo a domicilio + Pago seguro + Garant\u00eda","robots":{"index":"index","follow":"follow","max-snippet":"max-snippet:-1","max-image-preview":"max-image-preview:large","max-video-preview":"max-video-preview:-1"},"canonical":"https:\/\/compuviper.mx\/tienda\/producto\/silimex-sneakers-wipes-50-pzas-toallas-humedas-snikers-wipes-para-tenis-50-pzs\/","og_locale":"es_MX","og_type":"article","og_title":"[ Silimex ] &#129351; Sneakers Wipes 50 Pzas Toallas Humedas Snikers Wipes Para Tenis 50 Pzs","og_description":"Compra Sneakers Wipes 50 Pzas Toallas Humedas Snikers Wipes Para Tenis 50 Pzs + Env\u00edo a domicilio + Pago seguro + Garant\u00eda","og_url":"https:\/\/compuviper.mx\/tienda\/producto\/silimex-sneakers-wipes-50-pzas-toallas-humedas-snikers-wipes-para-tenis-50-pzs\/","og_site_name":"Compuviper","article_publisher":"https:\/\/www.facebook.com\/compuviper","article_modified_time":"2026-04-11T05:57:19+00:00","og_image":[{"width":200,"height":200,"url":"https:\/\/compuviper.mx\/tienda\/wp-content\/uploads\/2025\/01\/Toallas-humedas-t-shoes-para-tenis-50-pzs-silimex.jpg","type":"image\/jpeg"}],"twitter_card":"summary_large_image","twitter_misc":{"Precio":"&#36;99 con IVA","Availability":"Out of stock"},"schema":{"@context":"https:\/\/schema.org","@graph":[{"@type":"WebPage","@id":"https:\/\/compuviper.mx\/tienda\/producto\/silimex-sneakers-wipes-50-pzas-toallas-humedas-snikers-wipes-para-tenis-50-pzs\/","url":"https:\/\/compuviper.mx\/tienda\/producto\/silimex-sneakers-wipes-50-pzas-toallas-humedas-snikers-wipes-para-tenis-50-pzs\/","name":"[ Silimex ] &#129351; Sneakers Wipes 50 Pzas Toallas Humedas Snikers Wipes Para Tenis 50 Pzs","isPartOf":{"@id":"https:\/\/compuviper.mx\/tienda\/#website"},"datePublished":"2026-04-11T05:57:18+00:00","dateModified":"2026-04-11T05:57:19+00:00","description":"Compra Sneakers Wipes 50 Pzas Toallas Humedas Snikers Wipes Para Tenis 50 Pzs + Env\u00edo a domicilio + Pago seguro + Garant\u00eda","breadcrumb":{"@id":"https:\/\/compuviper.mx\/tienda\/producto\/silimex-sneakers-wipes-50-pzas-toallas-humedas-snikers-wipes-para-tenis-50-pzs\/#breadcrumb"},"inLanguage":"es-MX","potentialAction":[{"@type":"ReadAction","target":["https:\/\/compuviper.mx\/tienda\/producto\/silimex-sneakers-wipes-50-pzas-toallas-humedas-snikers-wipes-para-tenis-50-pzs\/"]}]},{"@type":"BreadcrumbList","@id":"https:\/\/compuviper.mx\/tienda\/producto\/silimex-sneakers-wipes-50-pzas-toallas-humedas-snikers-wipes-para-tenis-50-pzs\/#breadcrumb","itemListElement":[{"@type":"ListItem","position":1,"name":"Inicio","item":"https:\/\/compuviper.mx\/tienda\/"},{"@type":"ListItem","position":2,"name":"Productos","item":"https:\/\/compuviper.mx\/tienda\/productos\/"},{"@type":"ListItem","position":3,"name":"Productos De Limpieza","item":"https:\/\/compuviper.mx\/tienda\/categoria-producto\/productos-de-limpieza\/"},{"@type":"ListItem","position":4,"name":"Toallas","item":"https:\/\/compuviper.mx\/tienda\/categoria-producto\/productos-de-limpieza\/toallas\/"},{"@type":"ListItem","position":5,"name":"Silimex Sneakers Wipes 50 Pzas Toallas Humedas Snikers Wipes Para Tenis 50 Pzs"}]},{"@type":"WebSite","@id":"https:\/\/compuviper.mx\/tienda\/#website","url":"https:\/\/compuviper.mx\/tienda\/","name":"Compuviper","description":"Proveedor de Computadoras, Laptops, Servidores, Monitores, Puntos de Venta, Teclados,   Impresoras, T\u00f3ner, C\u00e1maras de Seguridad y m\u00e1s en tu tienda en l\u00ednea","publisher":{"@id":"https:\/\/compuviper.mx\/tienda\/#organization"},"potentialAction":[{"@type":"SearchAction","target":{"@type":"EntryPoint","urlTemplate":"https:\/\/compuviper.mx\/tienda\/?s={search_term_string}"},"query-input":"required name=search_term_string"}],"inLanguage":"es-MX"},{"@type":"Organization","@id":"https:\/\/compuviper.mx\/tienda\/#organization","name":"Compuviper","url":"https:\/\/compuviper.mx\/tienda\/","logo":{"@type":"ImageObject","inLanguage":"es-MX","@id":"https:\/\/compuviper.mx\/tienda\/#\/schema\/logo\/image\/","url":"https:\/\/compuviper.mx\/tienda\/wp-content\/uploads\/2021\/08\/Logo-Compuviper-10.png","contentUrl":"https:\/\/compuviper.mx\/tienda\/wp-content\/uploads\/2021\/08\/Logo-Compuviper-10.png","width":1000,"height":500,"caption":"Compuviper"},"image":{"@id":"https:\/\/compuviper.mx\/tienda\/#\/schema\/logo\/image\/"},"sameAs":["https:\/\/www.facebook.com\/compuviper","https:\/\/www.youtube.com\/channel\/UCf73dERp9Y3cfOq7q8BhLjA?view_as=subscriber"]}]},"product_brand":"SILIMEX","product_price_amount":"99","product_price_currency":"MXN","og_availability":"out of stock","product_availability":"out of stock","product_retailer_item_id":"SNEAKERS WIPES 50 PZAS","product_condition":"new"},"_links":{"self":[{"href":"https:\/\/compuviper.mx\/tienda\/wp-json\/wp\/v2\/product\/248061"}],"collection":[{"href":"https:\/\/compuviper.mx\/tienda\/wp-json\/wp\/v2\/product"}],"about":[{"href":"https:\/\/compuviper.mx\/tienda\/wp-json\/wp\/v2\/types\/product"}],"replies":[{"embeddable":true,"href":"https:\/\/compuviper.mx\/tienda\/wp-json\/wp\/v2\/comments?post=248061"}],"wp:featuredmedia":[{"embeddable":true,"href":"https:\/\/compuviper.mx\/tienda\/wp-json\/wp\/v2\/media\/248062"}],"wp:attachment":[{"href":"https:\/\/compuviper.mx\/tienda\/wp-json\/wp\/v2\/media?parent=248061"}],"wp:term":[{"taxonomy":"product_cat","embeddable":true,"href":"https:\/\/compuviper.mx\/tienda\/wp-json\/wp\/v2\/product_cat?post=248061"},{"taxonomy":"product_tag","embeddable":true,"href":"https:\/\/compuviper.mx\/tienda\/wp-json\/wp\/v2\/product_tag?post=248061"}],"curies":[{"name":"wp","href":"https:\/\/api.w.org\/{rel}","templated":true}]}}