{"id":248053,"date":"2026-04-01T23:14:26","date_gmt":"2026-04-02T05:14:26","guid":{"rendered":"https:\/\/compuviper.mx\/tienda\/producto\/startech-com-usb2004extv-extensor-usb-2-0-de-4-puertos-por-cable-cat5-o-cat6-extensor-compacto-usb-2-0-por-ethernet-hasta-40-metros-hub-usb-2-0-remoto-startech\/"},"modified":"2026-04-01T23:14:26","modified_gmt":"2026-04-02T05:14:26","slug":"startech-com-usb2004extv-extensor-usb-2-0-de-4-puertos-por-cable-cat5-o-cat6-extensor-compacto-usb-2-0-por-ethernet-hasta-40-metros-hub-usb-2-0-remoto-startech","status":"publish","type":"product","link":"https:\/\/compuviper.mx\/tienda\/producto\/startech-com-usb2004extv-extensor-usb-2-0-de-4-puertos-por-cable-cat5-o-cat6-extensor-compacto-usb-2-0-por-ethernet-hasta-40-metros-hub-usb-2-0-remoto-startech\/","title":{"rendered":"Startech.com Usb2004extv Extensor Usb 2.0 De 4 Puertos Por Cable Cat5 O Cat6 &#8211; Extensor Compacto Usb 2.0 Por Ethernet &#8211; Hasta 40 Metros &#8211; Hub Usb 2.0 Remoto Startech"},"content":{"rendered":"<table class=\"descripcion\">\n<tr>\n<td>Coloque sus dispositivos donde sea necesario con este economico extensor usb<\/td>\n<\/tr>\n<tr>\n<td>Diseno unico de 4 puertos, 2 de los cuales estan en la parte superior, para facilitar su acceso<\/td>\n<\/tr>\n<tr>\n<td>Independiente del sistema operativo, para una configuracion rapida y sencilla<\/td>\n<\/tr>\n<tr>\n<td>El kit incluye un transmisor y un receptor de concentrador de 4 puertos<\/td>\n<\/tr>\n<tr>\n<td>Admite transferencias de datos a hasta 480 mbps<\/td>\n<\/tr>\n<tr>\n<td>Soporta plug and play e intercambio en caliente (hot-swap)<\/td>\n<\/tr>\n<\/table>\n","protected":false},"excerpt":{"rendered":"<p>Conecte cuatro dispositivos usb 2.0 situados a hasta 40 metros por cable cat5 o cat6 de su computadora<\/p>\n","protected":false},"featured_media":258740,"comment_status":"open","ping_status":"open","template":"","meta":[],"product_cat":[1485,1506],"product_tag":[1590],"acf":[],"yoast_head":"<!-- This site is optimized with the Yoast SEO plugin v21.7 - https:\/\/yoast.com\/wordpress\/plugins\/seo\/ -->\n<title>[ Startech.com ] &#129351; Usb2004extv Extensor Usb 2.0 De 4 Puertos Por Cable Cat5 O Cat6 - Extensor Compacto Usb 2.0 Por Ethernet - Hasta 40 Metros - Hub Usb 2.0 Remoto Startech<\/title>\n<meta name=\"description\" content=\"Compra Usb2004extv Extensor Usb 2.0 De 4 Puertos Por Cable Cat5 O Cat6 - Extensor Compacto Usb 2.0 Por Ethernet - Hasta 40 Metros - Hub Usb 2.0 Remoto Startech + Env\u00edo a domicilio + Pago seguro + Garant\u00eda\" \/>\n<meta name=\"robots\" content=\"index, follow, max-snippet:-1, max-image-preview:large, max-video-preview:-1\" \/>\n<link rel=\"canonical\" href=\"https:\/\/compuviper.mx\/tienda\/producto\/startech-com-usb2004extv-extensor-usb-2-0-de-4-puertos-por-cable-cat5-o-cat6-extensor-compacto-usb-2-0-por-ethernet-hasta-40-metros-hub-usb-2-0-remoto-startech\/\" \/>\n<meta property=\"og:locale\" content=\"es_MX\" \/>\n<meta property=\"og:type\" content=\"article\" \/>\n<meta property=\"og:title\" content=\"[ Startech.com ] &#129351; Usb2004extv Extensor Usb 2.0 De 4 Puertos Por Cable Cat5 O Cat6 - Extensor Compacto Usb 2.0 Por Ethernet - Hasta 40 Metros - Hub Usb 2.0 Remoto Startech\" \/>\n<meta property=\"og:description\" content=\"Compra Usb2004extv Extensor Usb 2.0 De 4 Puertos Por Cable Cat5 O Cat6 - Extensor Compacto Usb 2.0 Por Ethernet - Hasta 40 Metros - Hub Usb 2.0 Remoto Startech + Env\u00edo a domicilio + Pago seguro + Garant\u00eda\" \/>\n<meta property=\"og:url\" content=\"https:\/\/compuviper.mx\/tienda\/producto\/startech-com-usb2004extv-extensor-usb-2-0-de-4-puertos-por-cable-cat5-o-cat6-extensor-compacto-usb-2-0-por-ethernet-hasta-40-metros-hub-usb-2-0-remoto-startech\/\" \/>\n<meta property=\"og:site_name\" content=\"Compuviper\" \/>\n<meta property=\"article:publisher\" content=\"https:\/\/www.facebook.com\/compuviper\" \/>\n<meta property=\"og:image\" content=\"https:\/\/compuviper.mx\/tienda\/wp-content\/uploads\/2025\/10\/Extensor-usb-2.0-de-4-puertos-por-cable-cat5-o-cat6-extensor-compacto-usb-2.0-por-ethernet-hasta-40-metros-hub-usb-2.0-remoto-startech.jpg\" \/>\n\t<meta property=\"og:image:width\" content=\"200\" \/>\n\t<meta property=\"og:image:height\" content=\"200\" \/>\n\t<meta property=\"og:image:type\" content=\"image\/jpeg\" \/>\n<meta name=\"twitter:card\" content=\"summary_large_image\" \/>\n<meta name=\"twitter:label1\" content=\"Precio\" \/>\n\t<meta name=\"twitter:data1\" content=\"&#36;3,626 con IVA\" \/>\n\t<meta name=\"twitter:label2\" content=\"Availability\" \/>\n\t<meta name=\"twitter:data2\" content=\"On backorder\" \/>\n<script type=\"application\/ld+json\" class=\"yoast-schema-graph\">{\"@context\":\"https:\/\/schema.org\",\"@graph\":[{\"@type\":\"WebPage\",\"@id\":\"https:\/\/compuviper.mx\/tienda\/producto\/startech-com-usb2004extv-extensor-usb-2-0-de-4-puertos-por-cable-cat5-o-cat6-extensor-compacto-usb-2-0-por-ethernet-hasta-40-metros-hub-usb-2-0-remoto-startech\/\",\"url\":\"https:\/\/compuviper.mx\/tienda\/producto\/startech-com-usb2004extv-extensor-usb-2-0-de-4-puertos-por-cable-cat5-o-cat6-extensor-compacto-usb-2-0-por-ethernet-hasta-40-metros-hub-usb-2-0-remoto-startech\/\",\"name\":\"[ Startech.com ] &#129351; Usb2004extv Extensor Usb 2.0 De 4 Puertos Por Cable Cat5 O Cat6 - Extensor Compacto Usb 2.0 Por Ethernet - Hasta 40 Metros - Hub Usb 2.0 Remoto Startech\",\"isPartOf\":{\"@id\":\"https:\/\/compuviper.mx\/tienda\/#website\"},\"datePublished\":\"2026-04-02T05:14:26+00:00\",\"dateModified\":\"2026-04-02T05:14:26+00:00\",\"description\":\"Compra Usb2004extv Extensor Usb 2.0 De 4 Puertos Por Cable Cat5 O Cat6 - Extensor Compacto Usb 2.0 Por Ethernet - Hasta 40 Metros - Hub Usb 2.0 Remoto Startech + Env\u00edo a domicilio + Pago seguro + Garant\u00eda\",\"breadcrumb\":{\"@id\":\"https:\/\/compuviper.mx\/tienda\/producto\/startech-com-usb2004extv-extensor-usb-2-0-de-4-puertos-por-cable-cat5-o-cat6-extensor-compacto-usb-2-0-por-ethernet-hasta-40-metros-hub-usb-2-0-remoto-startech\/#breadcrumb\"},\"inLanguage\":\"es-MX\",\"potentialAction\":[{\"@type\":\"ReadAction\",\"target\":[\"https:\/\/compuviper.mx\/tienda\/producto\/startech-com-usb2004extv-extensor-usb-2-0-de-4-puertos-por-cable-cat5-o-cat6-extensor-compacto-usb-2-0-por-ethernet-hasta-40-metros-hub-usb-2-0-remoto-startech\/\"]}]},{\"@type\":\"BreadcrumbList\",\"@id\":\"https:\/\/compuviper.mx\/tienda\/producto\/startech-com-usb2004extv-extensor-usb-2-0-de-4-puertos-por-cable-cat5-o-cat6-extensor-compacto-usb-2-0-por-ethernet-hasta-40-metros-hub-usb-2-0-remoto-startech\/#breadcrumb\",\"itemListElement\":[{\"@type\":\"ListItem\",\"position\":1,\"name\":\"Inicio\",\"item\":\"https:\/\/compuviper.mx\/tienda\/\"},{\"@type\":\"ListItem\",\"position\":2,\"name\":\"Productos\",\"item\":\"https:\/\/compuviper.mx\/tienda\/productos\/\"},{\"@type\":\"ListItem\",\"position\":3,\"name\":\"Accesorios\",\"item\":\"https:\/\/compuviper.mx\/tienda\/categoria-producto\/accesorios\/\"},{\"@type\":\"ListItem\",\"position\":4,\"name\":\"Conectividad\",\"item\":\"https:\/\/compuviper.mx\/tienda\/categoria-producto\/accesorios\/conectividad\/\"},{\"@type\":\"ListItem\",\"position\":5,\"name\":\"Startech.com Usb2004extv Extensor Usb 2.0 De 4 Puertos Por Cable Cat5 O Cat6 &#8211; Extensor Compacto Usb 2.0 Por Ethernet &#8211; Hasta 40 Metros &#8211; Hub Usb 2.0 Remoto Startech\"}]},{\"@type\":\"WebSite\",\"@id\":\"https:\/\/compuviper.mx\/tienda\/#website\",\"url\":\"https:\/\/compuviper.mx\/tienda\/\",\"name\":\"Compuviper\",\"description\":\"Proveedor de Computadoras, Laptops, Servidores, Monitores, Puntos de Venta, Teclados,   Impresoras, T\u00f3ner, C\u00e1maras de Seguridad y m\u00e1s en tu tienda en l\u00ednea\",\"publisher\":{\"@id\":\"https:\/\/compuviper.mx\/tienda\/#organization\"},\"potentialAction\":[{\"@type\":\"SearchAction\",\"target\":{\"@type\":\"EntryPoint\",\"urlTemplate\":\"https:\/\/compuviper.mx\/tienda\/?s={search_term_string}\"},\"query-input\":\"required name=search_term_string\"}],\"inLanguage\":\"es-MX\"},{\"@type\":\"Organization\",\"@id\":\"https:\/\/compuviper.mx\/tienda\/#organization\",\"name\":\"Compuviper\",\"url\":\"https:\/\/compuviper.mx\/tienda\/\",\"logo\":{\"@type\":\"ImageObject\",\"inLanguage\":\"es-MX\",\"@id\":\"https:\/\/compuviper.mx\/tienda\/#\/schema\/logo\/image\/\",\"url\":\"https:\/\/compuviper.mx\/tienda\/wp-content\/uploads\/2021\/08\/Logo-Compuviper-10.png\",\"contentUrl\":\"https:\/\/compuviper.mx\/tienda\/wp-content\/uploads\/2021\/08\/Logo-Compuviper-10.png\",\"width\":1000,\"height\":500,\"caption\":\"Compuviper\"},\"image\":{\"@id\":\"https:\/\/compuviper.mx\/tienda\/#\/schema\/logo\/image\/\"},\"sameAs\":[\"https:\/\/www.facebook.com\/compuviper\",\"https:\/\/www.youtube.com\/channel\/UCf73dERp9Y3cfOq7q8BhLjA?view_as=subscriber\"]}]}<\/script>\n<meta property=\"product:brand\" content=\"STARTECH.COM\" \/>\n<meta property=\"product:price:amount\" content=\"3626\" \/>\n<meta property=\"product:price:currency\" content=\"MXN\" \/>\n<meta property=\"og:availability\" content=\"backorder\" \/>\n<meta property=\"product:availability\" content=\"available for order\" \/>\n<meta property=\"product:retailer_item_id\" content=\"USB2004EXTV\" \/>\n<meta property=\"product:condition\" content=\"new\" \/>\n<!-- \/ Yoast SEO plugin. -->","yoast_head_json":{"title":"[ Startech.com ] &#129351; Usb2004extv Extensor Usb 2.0 De 4 Puertos Por Cable Cat5 O Cat6 - Extensor Compacto Usb 2.0 Por Ethernet - Hasta 40 Metros - Hub Usb 2.0 Remoto Startech","description":"Compra Usb2004extv Extensor Usb 2.0 De 4 Puertos Por Cable Cat5 O Cat6 - Extensor Compacto Usb 2.0 Por Ethernet - Hasta 40 Metros - Hub Usb 2.0 Remoto Startech + Env\u00edo a domicilio + Pago seguro + Garant\u00eda","robots":{"index":"index","follow":"follow","max-snippet":"max-snippet:-1","max-image-preview":"max-image-preview:large","max-video-preview":"max-video-preview:-1"},"canonical":"https:\/\/compuviper.mx\/tienda\/producto\/startech-com-usb2004extv-extensor-usb-2-0-de-4-puertos-por-cable-cat5-o-cat6-extensor-compacto-usb-2-0-por-ethernet-hasta-40-metros-hub-usb-2-0-remoto-startech\/","og_locale":"es_MX","og_type":"article","og_title":"[ Startech.com ] &#129351; Usb2004extv Extensor Usb 2.0 De 4 Puertos Por Cable Cat5 O Cat6 - Extensor Compacto Usb 2.0 Por Ethernet - Hasta 40 Metros - Hub Usb 2.0 Remoto Startech","og_description":"Compra Usb2004extv Extensor Usb 2.0 De 4 Puertos Por Cable Cat5 O Cat6 - Extensor Compacto Usb 2.0 Por Ethernet - Hasta 40 Metros - Hub Usb 2.0 Remoto Startech + Env\u00edo a domicilio + Pago seguro + Garant\u00eda","og_url":"https:\/\/compuviper.mx\/tienda\/producto\/startech-com-usb2004extv-extensor-usb-2-0-de-4-puertos-por-cable-cat5-o-cat6-extensor-compacto-usb-2-0-por-ethernet-hasta-40-metros-hub-usb-2-0-remoto-startech\/","og_site_name":"Compuviper","article_publisher":"https:\/\/www.facebook.com\/compuviper","og_image":[{"width":200,"height":200,"url":"https:\/\/compuviper.mx\/tienda\/wp-content\/uploads\/2025\/10\/Extensor-usb-2.0-de-4-puertos-por-cable-cat5-o-cat6-extensor-compacto-usb-2.0-por-ethernet-hasta-40-metros-hub-usb-2.0-remoto-startech.jpg","type":"image\/jpeg"}],"twitter_card":"summary_large_image","twitter_misc":{"Precio":"&#36;3,626 con IVA","Availability":"On backorder"},"schema":{"@context":"https:\/\/schema.org","@graph":[{"@type":"WebPage","@id":"https:\/\/compuviper.mx\/tienda\/producto\/startech-com-usb2004extv-extensor-usb-2-0-de-4-puertos-por-cable-cat5-o-cat6-extensor-compacto-usb-2-0-por-ethernet-hasta-40-metros-hub-usb-2-0-remoto-startech\/","url":"https:\/\/compuviper.mx\/tienda\/producto\/startech-com-usb2004extv-extensor-usb-2-0-de-4-puertos-por-cable-cat5-o-cat6-extensor-compacto-usb-2-0-por-ethernet-hasta-40-metros-hub-usb-2-0-remoto-startech\/","name":"[ Startech.com ] &#129351; Usb2004extv Extensor Usb 2.0 De 4 Puertos Por Cable Cat5 O Cat6 - Extensor Compacto Usb 2.0 Por Ethernet - Hasta 40 Metros - Hub Usb 2.0 Remoto Startech","isPartOf":{"@id":"https:\/\/compuviper.mx\/tienda\/#website"},"datePublished":"2026-04-02T05:14:26+00:00","dateModified":"2026-04-02T05:14:26+00:00","description":"Compra Usb2004extv Extensor Usb 2.0 De 4 Puertos Por Cable Cat5 O Cat6 - Extensor Compacto Usb 2.0 Por Ethernet - Hasta 40 Metros - Hub Usb 2.0 Remoto Startech + Env\u00edo a domicilio + Pago seguro + Garant\u00eda","breadcrumb":{"@id":"https:\/\/compuviper.mx\/tienda\/producto\/startech-com-usb2004extv-extensor-usb-2-0-de-4-puertos-por-cable-cat5-o-cat6-extensor-compacto-usb-2-0-por-ethernet-hasta-40-metros-hub-usb-2-0-remoto-startech\/#breadcrumb"},"inLanguage":"es-MX","potentialAction":[{"@type":"ReadAction","target":["https:\/\/compuviper.mx\/tienda\/producto\/startech-com-usb2004extv-extensor-usb-2-0-de-4-puertos-por-cable-cat5-o-cat6-extensor-compacto-usb-2-0-por-ethernet-hasta-40-metros-hub-usb-2-0-remoto-startech\/"]}]},{"@type":"BreadcrumbList","@id":"https:\/\/compuviper.mx\/tienda\/producto\/startech-com-usb2004extv-extensor-usb-2-0-de-4-puertos-por-cable-cat5-o-cat6-extensor-compacto-usb-2-0-por-ethernet-hasta-40-metros-hub-usb-2-0-remoto-startech\/#breadcrumb","itemListElement":[{"@type":"ListItem","position":1,"name":"Inicio","item":"https:\/\/compuviper.mx\/tienda\/"},{"@type":"ListItem","position":2,"name":"Productos","item":"https:\/\/compuviper.mx\/tienda\/productos\/"},{"@type":"ListItem","position":3,"name":"Accesorios","item":"https:\/\/compuviper.mx\/tienda\/categoria-producto\/accesorios\/"},{"@type":"ListItem","position":4,"name":"Conectividad","item":"https:\/\/compuviper.mx\/tienda\/categoria-producto\/accesorios\/conectividad\/"},{"@type":"ListItem","position":5,"name":"Startech.com Usb2004extv Extensor Usb 2.0 De 4 Puertos Por Cable Cat5 O Cat6 &#8211; Extensor Compacto Usb 2.0 Por Ethernet &#8211; Hasta 40 Metros &#8211; Hub Usb 2.0 Remoto Startech"}]},{"@type":"WebSite","@id":"https:\/\/compuviper.mx\/tienda\/#website","url":"https:\/\/compuviper.mx\/tienda\/","name":"Compuviper","description":"Proveedor de Computadoras, Laptops, Servidores, Monitores, Puntos de Venta, Teclados,   Impresoras, T\u00f3ner, C\u00e1maras de Seguridad y m\u00e1s en tu tienda en l\u00ednea","publisher":{"@id":"https:\/\/compuviper.mx\/tienda\/#organization"},"potentialAction":[{"@type":"SearchAction","target":{"@type":"EntryPoint","urlTemplate":"https:\/\/compuviper.mx\/tienda\/?s={search_term_string}"},"query-input":"required name=search_term_string"}],"inLanguage":"es-MX"},{"@type":"Organization","@id":"https:\/\/compuviper.mx\/tienda\/#organization","name":"Compuviper","url":"https:\/\/compuviper.mx\/tienda\/","logo":{"@type":"ImageObject","inLanguage":"es-MX","@id":"https:\/\/compuviper.mx\/tienda\/#\/schema\/logo\/image\/","url":"https:\/\/compuviper.mx\/tienda\/wp-content\/uploads\/2021\/08\/Logo-Compuviper-10.png","contentUrl":"https:\/\/compuviper.mx\/tienda\/wp-content\/uploads\/2021\/08\/Logo-Compuviper-10.png","width":1000,"height":500,"caption":"Compuviper"},"image":{"@id":"https:\/\/compuviper.mx\/tienda\/#\/schema\/logo\/image\/"},"sameAs":["https:\/\/www.facebook.com\/compuviper","https:\/\/www.youtube.com\/channel\/UCf73dERp9Y3cfOq7q8BhLjA?view_as=subscriber"]}]},"product_brand":"STARTECH.COM","product_price_amount":"3626","product_price_currency":"MXN","og_availability":"backorder","product_availability":"available for order","product_retailer_item_id":"USB2004EXTV","product_condition":"new"},"_links":{"self":[{"href":"https:\/\/compuviper.mx\/tienda\/wp-json\/wp\/v2\/product\/248053"}],"collection":[{"href":"https:\/\/compuviper.mx\/tienda\/wp-json\/wp\/v2\/product"}],"about":[{"href":"https:\/\/compuviper.mx\/tienda\/wp-json\/wp\/v2\/types\/product"}],"replies":[{"embeddable":true,"href":"https:\/\/compuviper.mx\/tienda\/wp-json\/wp\/v2\/comments?post=248053"}],"wp:featuredmedia":[{"embeddable":true,"href":"https:\/\/compuviper.mx\/tienda\/wp-json\/wp\/v2\/media\/258740"}],"wp:attachment":[{"href":"https:\/\/compuviper.mx\/tienda\/wp-json\/wp\/v2\/media?parent=248053"}],"wp:term":[{"taxonomy":"product_cat","embeddable":true,"href":"https:\/\/compuviper.mx\/tienda\/wp-json\/wp\/v2\/product_cat?post=248053"},{"taxonomy":"product_tag","embeddable":true,"href":"https:\/\/compuviper.mx\/tienda\/wp-json\/wp\/v2\/product_tag?post=248053"}],"curies":[{"name":"wp","href":"https:\/\/api.w.org\/{rel}","templated":true}]}}