{"id":248031,"date":"2026-04-01T23:35:03","date_gmt":"2026-04-02T05:35:03","guid":{"rendered":"https:\/\/compuviper.mx\/tienda\/producto\/startech-com-armbarquad-base-de-soporte-ajustable-vesa-para-4-monitores-de-hasta-27-pulgadas-mod\/"},"modified":"2026-04-01T23:35:03","modified_gmt":"2026-04-02T05:35:03","slug":"startech-com-armbarquad-base-de-soporte-ajustable-vesa-para-4-monitores-de-hasta-27-pulgadas-mod","status":"publish","type":"product","link":"https:\/\/compuviper.mx\/tienda\/producto\/startech-com-armbarquad-base-de-soporte-ajustable-vesa-para-4-monitores-de-hasta-27-pulgadas-mod\/","title":{"rendered":"Startech.com Armbarquad Base De Soporte Ajustable Vesa Para 4 Monitores De Hasta 27 Pulgadas &#8211;  Mod."},"content":{"rendered":"<table class=\"descripcion\">\n<tr>\n<td>Hardware<\/td>\n<\/tr>\n<tr>\n<td>Gestion de cables : si<\/td>\n<\/tr>\n<tr>\n<td>Montaje en pared : no<\/td>\n<\/tr>\n<tr>\n<td>Numero de pantallas admitidas : 4<\/td>\n<\/tr>\n<tr>\n<td>Patrones vesa de agujeros de montaje : 100&#215;100 mm<\/td>\n<\/tr>\n<tr>\n<td>Patrones vesa de agujeros de montaje : 75&#215;75 mm<\/td>\n<\/tr>\n<tr>\n<td>Rendimiento<\/td>\n<\/tr>\n<tr>\n<td>Ajuste de la altura : s<\/td>\n<\/tr>\n<tr>\n<td>Capacidad de carga : 8 kg<\/td>\n<\/tr>\n<tr>\n<td>Giro \/ pivotacion : 90\u00b0 \/ -90\u00b0<\/td>\n<\/tr>\n<tr>\n<td>Inclinacion :  45\u00b0 \/ &#8211; 45\u00b0<\/td>\n<\/tr>\n<tr>\n<td>Rotacion de la pantalla : 360\u00b0<\/td>\n<\/tr>\n<tr>\n<td>Tamano maximo de la pantalla : 27in<\/td>\n<\/tr>\n<tr>\n<td>Tamano minimo de la pantalla : 13<\/td>\n<\/tr>\n<tr>\n<td>Caracteristicas fisicas<\/td>\n<\/tr>\n<tr>\n<td>Tipo de gabinete : acero y aluminio<\/td>\n<\/tr>\n<tr>\n<td>Peso del producto : 8.6 kg<\/td>\n<\/tr>\n<tr>\n<td>Longitud del producto : 31.6 cm<\/td>\n<\/tr>\n<tr>\n<td>Color : negro<\/td>\n<\/tr>\n<tr>\n<td>Ancho del producto : 88.5 cm<\/td>\n<\/tr>\n<tr>\n<td>Altura del producto : 81.8 cm<\/td>\n<\/tr>\n<\/table>\n","protected":false},"excerpt":{"rendered":"<p>Este soporte independiente para cuatro monitores le ahorrara valioso espacio y aumentara su productividad, ya que crea un espacio de trabajo mas confortable y ergonomico.\u00a0 fabricado con acero y aluminio, este resistente soporte mantiene suspendidos hasta cuatro monitores, por encima de su escritorio\/mesa u otra superficie de trabajo.  Trabaje con mas confort y aumente la productividad despeje la superficie de su escritorio\/mesa para crear un espacio de trabajo ergonomico.\u00a0este soporte para monitor tiene capacidad para 4 pantallas de entre 13 a 27 330mm a 686mm de tamano y hasta 8kg de peso. Gracias a su diseno de barra cruzada doble, este soporte\u00a0le permite instalar\u00a0cuatro monitores en una sola base que se coloca sobre su escritorio\/mesa. Esto le ofrece una mayor area de superficie en el escritorio para colocar sus dispositivos o para tareas fisicas como la revision de documentos impresos.<\/p>\n","protected":false},"featured_media":248058,"comment_status":"open","ping_status":"open","template":"","meta":[],"product_cat":[2321,2265],"product_tag":[1590],"acf":[],"yoast_head":"<!-- This site is optimized with the Yoast SEO plugin v21.7 - https:\/\/yoast.com\/wordpress\/plugins\/seo\/ -->\n<title>[ Startech.com ] &#129351; Armbarquad Base De Soporte Ajustable Vesa Para 4 Monitores De Hasta 27 Pulgadas - Mod.<\/title>\n<meta name=\"description\" content=\"Compra Armbarquad Base De Soporte Ajustable Vesa Para 4 Monitores De Hasta 27 Pulgadas - Mod. + Env\u00edo a domicilio + Pago seguro + Garant\u00eda\" \/>\n<meta name=\"robots\" content=\"index, follow, max-snippet:-1, max-image-preview:large, max-video-preview:-1\" \/>\n<link rel=\"canonical\" href=\"https:\/\/compuviper.mx\/tienda\/producto\/startech-com-armbarquad-base-de-soporte-ajustable-vesa-para-4-monitores-de-hasta-27-pulgadas-mod\/\" \/>\n<meta property=\"og:locale\" content=\"es_MX\" \/>\n<meta property=\"og:type\" content=\"article\" \/>\n<meta property=\"og:title\" content=\"[ Startech.com ] &#129351; Armbarquad Base De Soporte Ajustable Vesa Para 4 Monitores De Hasta 27 Pulgadas - Mod.\" \/>\n<meta property=\"og:description\" content=\"Compra Armbarquad Base De Soporte Ajustable Vesa Para 4 Monitores De Hasta 27 Pulgadas - Mod. + Env\u00edo a domicilio + Pago seguro + Garant\u00eda\" \/>\n<meta property=\"og:url\" content=\"https:\/\/compuviper.mx\/tienda\/producto\/startech-com-armbarquad-base-de-soporte-ajustable-vesa-para-4-monitores-de-hasta-27-pulgadas-mod\/\" \/>\n<meta property=\"og:site_name\" content=\"Compuviper\" \/>\n<meta property=\"article:publisher\" content=\"https:\/\/www.facebook.com\/compuviper\" \/>\n<meta property=\"og:image\" content=\"https:\/\/compuviper.mx\/tienda\/wp-content\/uploads\/2025\/01\/Base-de-soporte-ajustable-vesa-para-4-monitores-de-hasta-27-pulgadas-startech.com-mod.-armbarquad.jpg\" \/>\n\t<meta property=\"og:image:width\" content=\"200\" \/>\n\t<meta property=\"og:image:height\" content=\"200\" \/>\n\t<meta property=\"og:image:type\" content=\"image\/jpeg\" \/>\n<meta name=\"twitter:card\" content=\"summary_large_image\" \/>\n<meta name=\"twitter:label1\" content=\"Precio\" \/>\n\t<meta name=\"twitter:data1\" content=\"&#36;5,576 con IVA\" \/>\n\t<meta name=\"twitter:label2\" content=\"Availability\" \/>\n\t<meta name=\"twitter:data2\" content=\"Out of stock\" \/>\n<script type=\"application\/ld+json\" class=\"yoast-schema-graph\">{\"@context\":\"https:\/\/schema.org\",\"@graph\":[{\"@type\":\"WebPage\",\"@id\":\"https:\/\/compuviper.mx\/tienda\/producto\/startech-com-armbarquad-base-de-soporte-ajustable-vesa-para-4-monitores-de-hasta-27-pulgadas-mod\/\",\"url\":\"https:\/\/compuviper.mx\/tienda\/producto\/startech-com-armbarquad-base-de-soporte-ajustable-vesa-para-4-monitores-de-hasta-27-pulgadas-mod\/\",\"name\":\"[ Startech.com ] &#129351; Armbarquad Base De Soporte Ajustable Vesa Para 4 Monitores De Hasta 27 Pulgadas - Mod.\",\"isPartOf\":{\"@id\":\"https:\/\/compuviper.mx\/tienda\/#website\"},\"datePublished\":\"2026-04-02T05:35:03+00:00\",\"dateModified\":\"2026-04-02T05:35:03+00:00\",\"description\":\"Compra Armbarquad Base De Soporte Ajustable Vesa Para 4 Monitores De Hasta 27 Pulgadas - Mod. + Env\u00edo a domicilio + Pago seguro + Garant\u00eda\",\"breadcrumb\":{\"@id\":\"https:\/\/compuviper.mx\/tienda\/producto\/startech-com-armbarquad-base-de-soporte-ajustable-vesa-para-4-monitores-de-hasta-27-pulgadas-mod\/#breadcrumb\"},\"inLanguage\":\"es-MX\",\"potentialAction\":[{\"@type\":\"ReadAction\",\"target\":[\"https:\/\/compuviper.mx\/tienda\/producto\/startech-com-armbarquad-base-de-soporte-ajustable-vesa-para-4-monitores-de-hasta-27-pulgadas-mod\/\"]}]},{\"@type\":\"BreadcrumbList\",\"@id\":\"https:\/\/compuviper.mx\/tienda\/producto\/startech-com-armbarquad-base-de-soporte-ajustable-vesa-para-4-monitores-de-hasta-27-pulgadas-mod\/#breadcrumb\",\"itemListElement\":[{\"@type\":\"ListItem\",\"position\":1,\"name\":\"Inicio\",\"item\":\"https:\/\/compuviper.mx\/tienda\/\"},{\"@type\":\"ListItem\",\"position\":2,\"name\":\"Productos\",\"item\":\"https:\/\/compuviper.mx\/tienda\/productos\/\"},{\"@type\":\"ListItem\",\"position\":3,\"name\":\"Soportes Y Bases P\/tv\/ Proyectores\/dvd\/consolas\/bocinas\/pantallas\/monotores\",\"item\":\"https:\/\/compuviper.mx\/tienda\/categoria-producto\/soportes-y-bases-p-tv-proyectores-dvd-consolas-bocinas-pantallas-monotores\/\"},{\"@type\":\"ListItem\",\"position\":4,\"name\":\"Soporte Y Base Para Tv\/pantallas\/monitores\/kiosko\",\"item\":\"https:\/\/compuviper.mx\/tienda\/categoria-producto\/soportes-y-bases-p-tv-proyectores-dvd-consolas-bocinas-pantallas-monotores\/soporte-y-base-para-tv-pantallas-monitores-kiosko\/\"},{\"@type\":\"ListItem\",\"position\":5,\"name\":\"Startech.com Armbarquad Base De Soporte Ajustable Vesa Para 4 Monitores De Hasta 27 Pulgadas &#8211; Mod.\"}]},{\"@type\":\"WebSite\",\"@id\":\"https:\/\/compuviper.mx\/tienda\/#website\",\"url\":\"https:\/\/compuviper.mx\/tienda\/\",\"name\":\"Compuviper\",\"description\":\"Proveedor de Computadoras, Laptops, Servidores, Monitores, Puntos de Venta, Teclados,   Impresoras, T\u00f3ner, C\u00e1maras de Seguridad y m\u00e1s en tu tienda en l\u00ednea\",\"publisher\":{\"@id\":\"https:\/\/compuviper.mx\/tienda\/#organization\"},\"potentialAction\":[{\"@type\":\"SearchAction\",\"target\":{\"@type\":\"EntryPoint\",\"urlTemplate\":\"https:\/\/compuviper.mx\/tienda\/?s={search_term_string}\"},\"query-input\":\"required name=search_term_string\"}],\"inLanguage\":\"es-MX\"},{\"@type\":\"Organization\",\"@id\":\"https:\/\/compuviper.mx\/tienda\/#organization\",\"name\":\"Compuviper\",\"url\":\"https:\/\/compuviper.mx\/tienda\/\",\"logo\":{\"@type\":\"ImageObject\",\"inLanguage\":\"es-MX\",\"@id\":\"https:\/\/compuviper.mx\/tienda\/#\/schema\/logo\/image\/\",\"url\":\"https:\/\/compuviper.mx\/tienda\/wp-content\/uploads\/2021\/08\/Logo-Compuviper-10.png\",\"contentUrl\":\"https:\/\/compuviper.mx\/tienda\/wp-content\/uploads\/2021\/08\/Logo-Compuviper-10.png\",\"width\":1000,\"height\":500,\"caption\":\"Compuviper\"},\"image\":{\"@id\":\"https:\/\/compuviper.mx\/tienda\/#\/schema\/logo\/image\/\"},\"sameAs\":[\"https:\/\/www.facebook.com\/compuviper\",\"https:\/\/www.youtube.com\/channel\/UCf73dERp9Y3cfOq7q8BhLjA?view_as=subscriber\"]}]}<\/script>\n<meta property=\"product:brand\" content=\"STARTECH.COM\" \/>\n<meta property=\"product:price:amount\" content=\"5576\" \/>\n<meta property=\"product:price:currency\" content=\"MXN\" \/>\n<meta property=\"og:availability\" content=\"out of stock\" \/>\n<meta property=\"product:availability\" content=\"out of stock\" \/>\n<meta property=\"product:retailer_item_id\" content=\"ARMBARQUAD\" \/>\n<meta property=\"product:condition\" content=\"new\" \/>\n<!-- \/ Yoast SEO plugin. -->","yoast_head_json":{"title":"[ Startech.com ] &#129351; Armbarquad Base De Soporte Ajustable Vesa Para 4 Monitores De Hasta 27 Pulgadas - Mod.","description":"Compra Armbarquad Base De Soporte Ajustable Vesa Para 4 Monitores De Hasta 27 Pulgadas - Mod. + Env\u00edo a domicilio + Pago seguro + Garant\u00eda","robots":{"index":"index","follow":"follow","max-snippet":"max-snippet:-1","max-image-preview":"max-image-preview:large","max-video-preview":"max-video-preview:-1"},"canonical":"https:\/\/compuviper.mx\/tienda\/producto\/startech-com-armbarquad-base-de-soporte-ajustable-vesa-para-4-monitores-de-hasta-27-pulgadas-mod\/","og_locale":"es_MX","og_type":"article","og_title":"[ Startech.com ] &#129351; Armbarquad Base De Soporte Ajustable Vesa Para 4 Monitores De Hasta 27 Pulgadas - Mod.","og_description":"Compra Armbarquad Base De Soporte Ajustable Vesa Para 4 Monitores De Hasta 27 Pulgadas - Mod. + Env\u00edo a domicilio + Pago seguro + Garant\u00eda","og_url":"https:\/\/compuviper.mx\/tienda\/producto\/startech-com-armbarquad-base-de-soporte-ajustable-vesa-para-4-monitores-de-hasta-27-pulgadas-mod\/","og_site_name":"Compuviper","article_publisher":"https:\/\/www.facebook.com\/compuviper","og_image":[{"width":200,"height":200,"url":"https:\/\/compuviper.mx\/tienda\/wp-content\/uploads\/2025\/01\/Base-de-soporte-ajustable-vesa-para-4-monitores-de-hasta-27-pulgadas-startech.com-mod.-armbarquad.jpg","type":"image\/jpeg"}],"twitter_card":"summary_large_image","twitter_misc":{"Precio":"&#36;5,576 con IVA","Availability":"Out of stock"},"schema":{"@context":"https:\/\/schema.org","@graph":[{"@type":"WebPage","@id":"https:\/\/compuviper.mx\/tienda\/producto\/startech-com-armbarquad-base-de-soporte-ajustable-vesa-para-4-monitores-de-hasta-27-pulgadas-mod\/","url":"https:\/\/compuviper.mx\/tienda\/producto\/startech-com-armbarquad-base-de-soporte-ajustable-vesa-para-4-monitores-de-hasta-27-pulgadas-mod\/","name":"[ Startech.com ] &#129351; Armbarquad Base De Soporte Ajustable Vesa Para 4 Monitores De Hasta 27 Pulgadas - Mod.","isPartOf":{"@id":"https:\/\/compuviper.mx\/tienda\/#website"},"datePublished":"2026-04-02T05:35:03+00:00","dateModified":"2026-04-02T05:35:03+00:00","description":"Compra Armbarquad Base De Soporte Ajustable Vesa Para 4 Monitores De Hasta 27 Pulgadas - Mod. + Env\u00edo a domicilio + Pago seguro + Garant\u00eda","breadcrumb":{"@id":"https:\/\/compuviper.mx\/tienda\/producto\/startech-com-armbarquad-base-de-soporte-ajustable-vesa-para-4-monitores-de-hasta-27-pulgadas-mod\/#breadcrumb"},"inLanguage":"es-MX","potentialAction":[{"@type":"ReadAction","target":["https:\/\/compuviper.mx\/tienda\/producto\/startech-com-armbarquad-base-de-soporte-ajustable-vesa-para-4-monitores-de-hasta-27-pulgadas-mod\/"]}]},{"@type":"BreadcrumbList","@id":"https:\/\/compuviper.mx\/tienda\/producto\/startech-com-armbarquad-base-de-soporte-ajustable-vesa-para-4-monitores-de-hasta-27-pulgadas-mod\/#breadcrumb","itemListElement":[{"@type":"ListItem","position":1,"name":"Inicio","item":"https:\/\/compuviper.mx\/tienda\/"},{"@type":"ListItem","position":2,"name":"Productos","item":"https:\/\/compuviper.mx\/tienda\/productos\/"},{"@type":"ListItem","position":3,"name":"Soportes Y Bases P\/tv\/ Proyectores\/dvd\/consolas\/bocinas\/pantallas\/monotores","item":"https:\/\/compuviper.mx\/tienda\/categoria-producto\/soportes-y-bases-p-tv-proyectores-dvd-consolas-bocinas-pantallas-monotores\/"},{"@type":"ListItem","position":4,"name":"Soporte Y Base Para Tv\/pantallas\/monitores\/kiosko","item":"https:\/\/compuviper.mx\/tienda\/categoria-producto\/soportes-y-bases-p-tv-proyectores-dvd-consolas-bocinas-pantallas-monotores\/soporte-y-base-para-tv-pantallas-monitores-kiosko\/"},{"@type":"ListItem","position":5,"name":"Startech.com Armbarquad Base De Soporte Ajustable Vesa Para 4 Monitores De Hasta 27 Pulgadas &#8211; Mod."}]},{"@type":"WebSite","@id":"https:\/\/compuviper.mx\/tienda\/#website","url":"https:\/\/compuviper.mx\/tienda\/","name":"Compuviper","description":"Proveedor de Computadoras, Laptops, Servidores, Monitores, Puntos de Venta, Teclados,   Impresoras, T\u00f3ner, C\u00e1maras de Seguridad y m\u00e1s en tu tienda en l\u00ednea","publisher":{"@id":"https:\/\/compuviper.mx\/tienda\/#organization"},"potentialAction":[{"@type":"SearchAction","target":{"@type":"EntryPoint","urlTemplate":"https:\/\/compuviper.mx\/tienda\/?s={search_term_string}"},"query-input":"required name=search_term_string"}],"inLanguage":"es-MX"},{"@type":"Organization","@id":"https:\/\/compuviper.mx\/tienda\/#organization","name":"Compuviper","url":"https:\/\/compuviper.mx\/tienda\/","logo":{"@type":"ImageObject","inLanguage":"es-MX","@id":"https:\/\/compuviper.mx\/tienda\/#\/schema\/logo\/image\/","url":"https:\/\/compuviper.mx\/tienda\/wp-content\/uploads\/2021\/08\/Logo-Compuviper-10.png","contentUrl":"https:\/\/compuviper.mx\/tienda\/wp-content\/uploads\/2021\/08\/Logo-Compuviper-10.png","width":1000,"height":500,"caption":"Compuviper"},"image":{"@id":"https:\/\/compuviper.mx\/tienda\/#\/schema\/logo\/image\/"},"sameAs":["https:\/\/www.facebook.com\/compuviper","https:\/\/www.youtube.com\/channel\/UCf73dERp9Y3cfOq7q8BhLjA?view_as=subscriber"]}]},"product_brand":"STARTECH.COM","product_price_amount":"5576","product_price_currency":"MXN","og_availability":"out of stock","product_availability":"out of stock","product_retailer_item_id":"ARMBARQUAD","product_condition":"new"},"_links":{"self":[{"href":"https:\/\/compuviper.mx\/tienda\/wp-json\/wp\/v2\/product\/248031"}],"collection":[{"href":"https:\/\/compuviper.mx\/tienda\/wp-json\/wp\/v2\/product"}],"about":[{"href":"https:\/\/compuviper.mx\/tienda\/wp-json\/wp\/v2\/types\/product"}],"replies":[{"embeddable":true,"href":"https:\/\/compuviper.mx\/tienda\/wp-json\/wp\/v2\/comments?post=248031"}],"wp:featuredmedia":[{"embeddable":true,"href":"https:\/\/compuviper.mx\/tienda\/wp-json\/wp\/v2\/media\/248058"}],"wp:attachment":[{"href":"https:\/\/compuviper.mx\/tienda\/wp-json\/wp\/v2\/media?parent=248031"}],"wp:term":[{"taxonomy":"product_cat","embeddable":true,"href":"https:\/\/compuviper.mx\/tienda\/wp-json\/wp\/v2\/product_cat?post=248031"},{"taxonomy":"product_tag","embeddable":true,"href":"https:\/\/compuviper.mx\/tienda\/wp-json\/wp\/v2\/product_tag?post=248031"}],"curies":[{"name":"wp","href":"https:\/\/api.w.org\/{rel}","templated":true}]}}