{"id":248028,"date":"2026-04-06T23:34:18","date_gmt":"2026-04-07T05:34:18","guid":{"rendered":"https:\/\/compuviper.mx\/tienda\/producto\/startech-com-dk30ch2dep-docking-station-para-laptop-con-video-triple-4k-pd-de-100w-y-5-puertos-usb-3-0-compatible-con-win-mac-y-chrome-os-dp-hdmi-mod\/"},"modified":"2026-04-06T23:34:18","modified_gmt":"2026-04-07T05:34:18","slug":"startech-com-dk30ch2dep-docking-station-para-laptop-con-video-triple-4k-pd-de-100w-y-5-puertos-usb-3-0-compatible-con-win-mac-y-chrome-os-dp-hdmi-mod","status":"publish","type":"product","link":"https:\/\/compuviper.mx\/tienda\/producto\/startech-com-dk30ch2dep-docking-station-para-laptop-con-video-triple-4k-pd-de-100w-y-5-puertos-usb-3-0-compatible-con-win-mac-y-chrome-os-dp-hdmi-mod\/","title":{"rendered":"Startech.com Dk30ch2dep Docking Station Para Laptop Con Video Triple 4k Pd De 100w Y 5 Puertos Usb 3.0 &#8211; Compatible Con Win Mac Y Chrome Os &#8211; Dp Hdmi &#8211;  Mod."},"content":{"rendered":"<table class=\"descripcion\">\n<tr>\n<td>Caractersticas fsicas<\/td>\n<\/tr>\n<tr>\n<td>Altura: 3.4 cm<\/td>\n<\/tr>\n<tr>\n<td>Ancho: 82 mm<\/td>\n<\/tr>\n<tr>\n<td>Longitud: 27 cm<\/td>\n<\/tr>\n<tr>\n<td>Color: negro y plata<\/td>\n<\/tr>\n<tr>\n<td>Peso: 382 g<\/td>\n<\/tr>\n<tr>\n<td>Tipo de gabinete: plstico<\/td>\n<\/tr>\n<tr>\n<td>Hardware<\/td>\n<\/tr>\n<tr>\n<td>Compatibilidad con 4k: s<\/td>\n<\/tr>\n<tr>\n<td>Id del conjunto de chips : displaylink &#8211; dl-6950genesys logic &#8211; gl3523genesys logic &#8211; gl3523stexas instruments &#8211; tps65982parade technologies &#8211; ps176<\/td>\n<\/tr>\n<tr>\n<td>Pantallas compatibles: 3<\/td>\n<\/tr>\n<tr>\n<td>Puertos de carga rpida : s<\/td>\n<\/tr>\n<tr>\n<td>Tipo de bus: usb-c<\/td>\n<\/tr>\n<tr>\n<td>Observaciones \/ requisitos<\/td>\n<\/tr>\n<tr>\n<td>Computadora equipada con usb-c con un puerto usb type-c disponible<\/td>\n<\/tr>\n<tr>\n<td>Rendimiento<\/td>\n<\/tr>\n<tr>\n<td>Compatibilidad con uasp: s<\/td>\n<\/tr>\n<tr>\n<td>Mdix automtico: s<\/td>\n<\/tr>\n<tr>\n<td>Redes compatibles: 10\/100\/1000 mbps<\/td>\n<\/tr>\n<tr>\n<td>Resolucin digital mxima : 1x hdmi modo alt alternativo de displayport &#8211; 4096 x 2160p a 24hz \/ 3840 x 2160p a 30hz 2x displayport displaylink &#8211; 4096 x 2160p a 60hz \/ 3840 x 2160p a 60hz 1x 5k displayport mediante 2 puertos de video dp &#8211; 5120 x 2880 a 60hz<\/td>\n<\/tr>\n<tr>\n<td>Soporte full duplex: s<\/td>\n<\/tr>\n<tr>\n<td>Tasa de transferencia de datos mxima: 5 gbps usb 3.0<\/td>\n<\/tr>\n<tr>\n<td>2 gbps ethernet; dplex completo<\/td>\n<\/tr>\n<tr>\n<td>Tipo y velocidad: usb 3.0 &#8211; 5 gbit\/s<\/td>\n<\/tr>\n<\/table>\n","protected":false},"excerpt":{"rendered":"<p>Esta docking station\u00a0triple 4k\u00a0para laptops\u00a0mac,\u00a0windows\u00a0y chrome\u00a0equipadas con usb-c\u00a0le ayudar\u00a0a\u00a0llevar la productividad a un nivel totalmente nuevo.\u00a0con tres conexiones de video 4k,\u00a0100w de entrega de potencia\u00a0y 5x puertos usb 3.0,\u00a0este replicador de puertos\u00a0usb-c\u00a0es la\u00a0solucin\u00a0perfecta para su\u00a0macbook,\u00a0dell\u00a0xps,\u00a0chromebook\u00a0o\u00a0cualquier\u00a0otra laptop\u00a0equipada\u00a0con usb-c\u00a0que requiera puertos adicionales.?. Por medio de un nico cable, el replicador de puertos\u00a0usb-c\u00a0proporciona alimentacin y carga a laptops\u00a0con alto consumo elctrico,\u00a0hasta 100w de entrega de potencia, y alimentacin de sus dispositivos perifricos\u00a0mediante el adaptador de alimentacin de 150w.\u00a0?. Esta docking station para 3 pantallas\u00a0le permite transformar su laptop\u00a0en una estacin de trabajo de tamao grande.\u00a0le\u00a0ofrece\u00a0cinco puertos usb 3.0, un puerto gigabit ethernet, as como un puerto para diadema,\u00a0y entradas independientes de 3.5mm para audio y micrfono.<\/p>\n","protected":false},"featured_media":248057,"comment_status":"open","ping_status":"open","template":"","meta":[],"product_cat":[1485,1506],"product_tag":[1590],"acf":[],"yoast_head":"<!-- This site is optimized with the Yoast SEO plugin v21.7 - https:\/\/yoast.com\/wordpress\/plugins\/seo\/ -->\n<title>[ Startech.com ] &#129351; Dk30ch2dep Docking Station Para Laptop Con Video Triple 4k Pd De 100w Y 5 Puertos Usb 3.0 - Compatible Con Win Mac Y Chrome Os - Dp Hdmi - Mod.<\/title>\n<meta name=\"description\" content=\"Compra Dk30ch2dep Docking Station Para Laptop Con Video Triple 4k Pd De 100w Y 5 Puertos Usb 3.0 - Compatible Con Win Mac Y Chrome Os - Dp Hdmi - Mod. + Env\u00edo a domicilio + Pago seguro + Garant\u00eda\" \/>\n<meta name=\"robots\" content=\"index, follow, max-snippet:-1, max-image-preview:large, max-video-preview:-1\" \/>\n<link rel=\"canonical\" href=\"https:\/\/compuviper.mx\/tienda\/producto\/startech-com-dk30ch2dep-docking-station-para-laptop-con-video-triple-4k-pd-de-100w-y-5-puertos-usb-3-0-compatible-con-win-mac-y-chrome-os-dp-hdmi-mod\/\" \/>\n<meta property=\"og:locale\" content=\"es_MX\" \/>\n<meta property=\"og:type\" content=\"article\" \/>\n<meta property=\"og:title\" content=\"[ Startech.com ] &#129351; Dk30ch2dep Docking Station Para Laptop Con Video Triple 4k Pd De 100w Y 5 Puertos Usb 3.0 - Compatible Con Win Mac Y Chrome Os - Dp Hdmi - Mod.\" \/>\n<meta property=\"og:description\" content=\"Compra Dk30ch2dep Docking Station Para Laptop Con Video Triple 4k Pd De 100w Y 5 Puertos Usb 3.0 - Compatible Con Win Mac Y Chrome Os - Dp Hdmi - Mod. + Env\u00edo a domicilio + Pago seguro + Garant\u00eda\" \/>\n<meta property=\"og:url\" content=\"https:\/\/compuviper.mx\/tienda\/producto\/startech-com-dk30ch2dep-docking-station-para-laptop-con-video-triple-4k-pd-de-100w-y-5-puertos-usb-3-0-compatible-con-win-mac-y-chrome-os-dp-hdmi-mod\/\" \/>\n<meta property=\"og:site_name\" content=\"Compuviper\" \/>\n<meta property=\"article:publisher\" content=\"https:\/\/www.facebook.com\/compuviper\" \/>\n<meta property=\"og:image\" content=\"https:\/\/compuviper.mx\/tienda\/wp-content\/uploads\/2025\/01\/Docking-station-para-laptop-con-video-triple-4k-pd-de-100w-y-5-puertos-usb-3.0-compatible-con-win-mac-y-chrome-os-dp-hdmi-startech.com-mod.-dk30ch2dep.jpg\" \/>\n\t<meta property=\"og:image:width\" content=\"200\" \/>\n\t<meta property=\"og:image:height\" content=\"200\" \/>\n\t<meta property=\"og:image:type\" content=\"image\/jpeg\" \/>\n<meta name=\"twitter:card\" content=\"summary_large_image\" \/>\n<meta name=\"twitter:label1\" content=\"Precio\" \/>\n\t<meta name=\"twitter:data1\" content=\"&#36;3,096 con IVA\" \/>\n\t<meta name=\"twitter:label2\" content=\"Availability\" \/>\n\t<meta name=\"twitter:data2\" content=\"Out of stock\" \/>\n<script type=\"application\/ld+json\" class=\"yoast-schema-graph\">{\"@context\":\"https:\/\/schema.org\",\"@graph\":[{\"@type\":\"WebPage\",\"@id\":\"https:\/\/compuviper.mx\/tienda\/producto\/startech-com-dk30ch2dep-docking-station-para-laptop-con-video-triple-4k-pd-de-100w-y-5-puertos-usb-3-0-compatible-con-win-mac-y-chrome-os-dp-hdmi-mod\/\",\"url\":\"https:\/\/compuviper.mx\/tienda\/producto\/startech-com-dk30ch2dep-docking-station-para-laptop-con-video-triple-4k-pd-de-100w-y-5-puertos-usb-3-0-compatible-con-win-mac-y-chrome-os-dp-hdmi-mod\/\",\"name\":\"[ Startech.com ] &#129351; Dk30ch2dep Docking Station Para Laptop Con Video Triple 4k Pd De 100w Y 5 Puertos Usb 3.0 - Compatible Con Win Mac Y Chrome Os - Dp Hdmi - Mod.\",\"isPartOf\":{\"@id\":\"https:\/\/compuviper.mx\/tienda\/#website\"},\"datePublished\":\"2026-04-07T05:34:18+00:00\",\"dateModified\":\"2026-04-07T05:34:18+00:00\",\"description\":\"Compra Dk30ch2dep Docking Station Para Laptop Con Video Triple 4k Pd De 100w Y 5 Puertos Usb 3.0 - Compatible Con Win Mac Y Chrome Os - Dp Hdmi - Mod. + Env\u00edo a domicilio + Pago seguro + Garant\u00eda\",\"breadcrumb\":{\"@id\":\"https:\/\/compuviper.mx\/tienda\/producto\/startech-com-dk30ch2dep-docking-station-para-laptop-con-video-triple-4k-pd-de-100w-y-5-puertos-usb-3-0-compatible-con-win-mac-y-chrome-os-dp-hdmi-mod\/#breadcrumb\"},\"inLanguage\":\"es-MX\",\"potentialAction\":[{\"@type\":\"ReadAction\",\"target\":[\"https:\/\/compuviper.mx\/tienda\/producto\/startech-com-dk30ch2dep-docking-station-para-laptop-con-video-triple-4k-pd-de-100w-y-5-puertos-usb-3-0-compatible-con-win-mac-y-chrome-os-dp-hdmi-mod\/\"]}]},{\"@type\":\"BreadcrumbList\",\"@id\":\"https:\/\/compuviper.mx\/tienda\/producto\/startech-com-dk30ch2dep-docking-station-para-laptop-con-video-triple-4k-pd-de-100w-y-5-puertos-usb-3-0-compatible-con-win-mac-y-chrome-os-dp-hdmi-mod\/#breadcrumb\",\"itemListElement\":[{\"@type\":\"ListItem\",\"position\":1,\"name\":\"Inicio\",\"item\":\"https:\/\/compuviper.mx\/tienda\/\"},{\"@type\":\"ListItem\",\"position\":2,\"name\":\"Productos\",\"item\":\"https:\/\/compuviper.mx\/tienda\/productos\/\"},{\"@type\":\"ListItem\",\"position\":3,\"name\":\"Accesorios\",\"item\":\"https:\/\/compuviper.mx\/tienda\/categoria-producto\/accesorios\/\"},{\"@type\":\"ListItem\",\"position\":4,\"name\":\"Conectividad\",\"item\":\"https:\/\/compuviper.mx\/tienda\/categoria-producto\/accesorios\/conectividad\/\"},{\"@type\":\"ListItem\",\"position\":5,\"name\":\"Startech.com Dk30ch2dep Docking Station Para Laptop Con Video Triple 4k Pd De 100w Y 5 Puertos Usb 3.0 &#8211; Compatible Con Win Mac Y Chrome Os &#8211; Dp Hdmi &#8211; Mod.\"}]},{\"@type\":\"WebSite\",\"@id\":\"https:\/\/compuviper.mx\/tienda\/#website\",\"url\":\"https:\/\/compuviper.mx\/tienda\/\",\"name\":\"Compuviper\",\"description\":\"Proveedor de Computadoras, Laptops, Servidores, Monitores, Puntos de Venta, Teclados,   Impresoras, T\u00f3ner, C\u00e1maras de Seguridad y m\u00e1s en tu tienda en l\u00ednea\",\"publisher\":{\"@id\":\"https:\/\/compuviper.mx\/tienda\/#organization\"},\"potentialAction\":[{\"@type\":\"SearchAction\",\"target\":{\"@type\":\"EntryPoint\",\"urlTemplate\":\"https:\/\/compuviper.mx\/tienda\/?s={search_term_string}\"},\"query-input\":\"required name=search_term_string\"}],\"inLanguage\":\"es-MX\"},{\"@type\":\"Organization\",\"@id\":\"https:\/\/compuviper.mx\/tienda\/#organization\",\"name\":\"Compuviper\",\"url\":\"https:\/\/compuviper.mx\/tienda\/\",\"logo\":{\"@type\":\"ImageObject\",\"inLanguage\":\"es-MX\",\"@id\":\"https:\/\/compuviper.mx\/tienda\/#\/schema\/logo\/image\/\",\"url\":\"https:\/\/compuviper.mx\/tienda\/wp-content\/uploads\/2021\/08\/Logo-Compuviper-10.png\",\"contentUrl\":\"https:\/\/compuviper.mx\/tienda\/wp-content\/uploads\/2021\/08\/Logo-Compuviper-10.png\",\"width\":1000,\"height\":500,\"caption\":\"Compuviper\"},\"image\":{\"@id\":\"https:\/\/compuviper.mx\/tienda\/#\/schema\/logo\/image\/\"},\"sameAs\":[\"https:\/\/www.facebook.com\/compuviper\",\"https:\/\/www.youtube.com\/channel\/UCf73dERp9Y3cfOq7q8BhLjA?view_as=subscriber\"]}]}<\/script>\n<meta property=\"product:brand\" content=\"STARTECH.COM\" \/>\n<meta property=\"product:price:amount\" content=\"3096\" \/>\n<meta property=\"product:price:currency\" content=\"MXN\" \/>\n<meta property=\"og:availability\" content=\"out of stock\" \/>\n<meta property=\"product:availability\" content=\"out of stock\" \/>\n<meta property=\"product:retailer_item_id\" content=\"DK30CH2DEP\" \/>\n<meta property=\"product:condition\" content=\"new\" \/>\n<!-- \/ Yoast SEO plugin. -->","yoast_head_json":{"title":"[ Startech.com ] &#129351; Dk30ch2dep Docking Station Para Laptop Con Video Triple 4k Pd De 100w Y 5 Puertos Usb 3.0 - Compatible Con Win Mac Y Chrome Os - Dp Hdmi - Mod.","description":"Compra Dk30ch2dep Docking Station Para Laptop Con Video Triple 4k Pd De 100w Y 5 Puertos Usb 3.0 - Compatible Con Win Mac Y Chrome Os - Dp Hdmi - Mod. + Env\u00edo a domicilio + Pago seguro + Garant\u00eda","robots":{"index":"index","follow":"follow","max-snippet":"max-snippet:-1","max-image-preview":"max-image-preview:large","max-video-preview":"max-video-preview:-1"},"canonical":"https:\/\/compuviper.mx\/tienda\/producto\/startech-com-dk30ch2dep-docking-station-para-laptop-con-video-triple-4k-pd-de-100w-y-5-puertos-usb-3-0-compatible-con-win-mac-y-chrome-os-dp-hdmi-mod\/","og_locale":"es_MX","og_type":"article","og_title":"[ Startech.com ] &#129351; Dk30ch2dep Docking Station Para Laptop Con Video Triple 4k Pd De 100w Y 5 Puertos Usb 3.0 - Compatible Con Win Mac Y Chrome Os - Dp Hdmi - Mod.","og_description":"Compra Dk30ch2dep Docking Station Para Laptop Con Video Triple 4k Pd De 100w Y 5 Puertos Usb 3.0 - Compatible Con Win Mac Y Chrome Os - Dp Hdmi - Mod. + Env\u00edo a domicilio + Pago seguro + Garant\u00eda","og_url":"https:\/\/compuviper.mx\/tienda\/producto\/startech-com-dk30ch2dep-docking-station-para-laptop-con-video-triple-4k-pd-de-100w-y-5-puertos-usb-3-0-compatible-con-win-mac-y-chrome-os-dp-hdmi-mod\/","og_site_name":"Compuviper","article_publisher":"https:\/\/www.facebook.com\/compuviper","og_image":[{"width":200,"height":200,"url":"https:\/\/compuviper.mx\/tienda\/wp-content\/uploads\/2025\/01\/Docking-station-para-laptop-con-video-triple-4k-pd-de-100w-y-5-puertos-usb-3.0-compatible-con-win-mac-y-chrome-os-dp-hdmi-startech.com-mod.-dk30ch2dep.jpg","type":"image\/jpeg"}],"twitter_card":"summary_large_image","twitter_misc":{"Precio":"&#36;3,096 con IVA","Availability":"Out of stock"},"schema":{"@context":"https:\/\/schema.org","@graph":[{"@type":"WebPage","@id":"https:\/\/compuviper.mx\/tienda\/producto\/startech-com-dk30ch2dep-docking-station-para-laptop-con-video-triple-4k-pd-de-100w-y-5-puertos-usb-3-0-compatible-con-win-mac-y-chrome-os-dp-hdmi-mod\/","url":"https:\/\/compuviper.mx\/tienda\/producto\/startech-com-dk30ch2dep-docking-station-para-laptop-con-video-triple-4k-pd-de-100w-y-5-puertos-usb-3-0-compatible-con-win-mac-y-chrome-os-dp-hdmi-mod\/","name":"[ Startech.com ] &#129351; Dk30ch2dep Docking Station Para Laptop Con Video Triple 4k Pd De 100w Y 5 Puertos Usb 3.0 - Compatible Con Win Mac Y Chrome Os - Dp Hdmi - Mod.","isPartOf":{"@id":"https:\/\/compuviper.mx\/tienda\/#website"},"datePublished":"2026-04-07T05:34:18+00:00","dateModified":"2026-04-07T05:34:18+00:00","description":"Compra Dk30ch2dep Docking Station Para Laptop Con Video Triple 4k Pd De 100w Y 5 Puertos Usb 3.0 - Compatible Con Win Mac Y Chrome Os - Dp Hdmi - Mod. + Env\u00edo a domicilio + Pago seguro + Garant\u00eda","breadcrumb":{"@id":"https:\/\/compuviper.mx\/tienda\/producto\/startech-com-dk30ch2dep-docking-station-para-laptop-con-video-triple-4k-pd-de-100w-y-5-puertos-usb-3-0-compatible-con-win-mac-y-chrome-os-dp-hdmi-mod\/#breadcrumb"},"inLanguage":"es-MX","potentialAction":[{"@type":"ReadAction","target":["https:\/\/compuviper.mx\/tienda\/producto\/startech-com-dk30ch2dep-docking-station-para-laptop-con-video-triple-4k-pd-de-100w-y-5-puertos-usb-3-0-compatible-con-win-mac-y-chrome-os-dp-hdmi-mod\/"]}]},{"@type":"BreadcrumbList","@id":"https:\/\/compuviper.mx\/tienda\/producto\/startech-com-dk30ch2dep-docking-station-para-laptop-con-video-triple-4k-pd-de-100w-y-5-puertos-usb-3-0-compatible-con-win-mac-y-chrome-os-dp-hdmi-mod\/#breadcrumb","itemListElement":[{"@type":"ListItem","position":1,"name":"Inicio","item":"https:\/\/compuviper.mx\/tienda\/"},{"@type":"ListItem","position":2,"name":"Productos","item":"https:\/\/compuviper.mx\/tienda\/productos\/"},{"@type":"ListItem","position":3,"name":"Accesorios","item":"https:\/\/compuviper.mx\/tienda\/categoria-producto\/accesorios\/"},{"@type":"ListItem","position":4,"name":"Conectividad","item":"https:\/\/compuviper.mx\/tienda\/categoria-producto\/accesorios\/conectividad\/"},{"@type":"ListItem","position":5,"name":"Startech.com Dk30ch2dep Docking Station Para Laptop Con Video Triple 4k Pd De 100w Y 5 Puertos Usb 3.0 &#8211; Compatible Con Win Mac Y Chrome Os &#8211; Dp Hdmi &#8211; Mod."}]},{"@type":"WebSite","@id":"https:\/\/compuviper.mx\/tienda\/#website","url":"https:\/\/compuviper.mx\/tienda\/","name":"Compuviper","description":"Proveedor de Computadoras, Laptops, Servidores, Monitores, Puntos de Venta, Teclados,   Impresoras, T\u00f3ner, C\u00e1maras de Seguridad y m\u00e1s en tu tienda en l\u00ednea","publisher":{"@id":"https:\/\/compuviper.mx\/tienda\/#organization"},"potentialAction":[{"@type":"SearchAction","target":{"@type":"EntryPoint","urlTemplate":"https:\/\/compuviper.mx\/tienda\/?s={search_term_string}"},"query-input":"required name=search_term_string"}],"inLanguage":"es-MX"},{"@type":"Organization","@id":"https:\/\/compuviper.mx\/tienda\/#organization","name":"Compuviper","url":"https:\/\/compuviper.mx\/tienda\/","logo":{"@type":"ImageObject","inLanguage":"es-MX","@id":"https:\/\/compuviper.mx\/tienda\/#\/schema\/logo\/image\/","url":"https:\/\/compuviper.mx\/tienda\/wp-content\/uploads\/2021\/08\/Logo-Compuviper-10.png","contentUrl":"https:\/\/compuviper.mx\/tienda\/wp-content\/uploads\/2021\/08\/Logo-Compuviper-10.png","width":1000,"height":500,"caption":"Compuviper"},"image":{"@id":"https:\/\/compuviper.mx\/tienda\/#\/schema\/logo\/image\/"},"sameAs":["https:\/\/www.facebook.com\/compuviper","https:\/\/www.youtube.com\/channel\/UCf73dERp9Y3cfOq7q8BhLjA?view_as=subscriber"]}]},"product_brand":"STARTECH.COM","product_price_amount":"3096","product_price_currency":"MXN","og_availability":"out of stock","product_availability":"out of stock","product_retailer_item_id":"DK30CH2DEP","product_condition":"new"},"_links":{"self":[{"href":"https:\/\/compuviper.mx\/tienda\/wp-json\/wp\/v2\/product\/248028"}],"collection":[{"href":"https:\/\/compuviper.mx\/tienda\/wp-json\/wp\/v2\/product"}],"about":[{"href":"https:\/\/compuviper.mx\/tienda\/wp-json\/wp\/v2\/types\/product"}],"replies":[{"embeddable":true,"href":"https:\/\/compuviper.mx\/tienda\/wp-json\/wp\/v2\/comments?post=248028"}],"wp:featuredmedia":[{"embeddable":true,"href":"https:\/\/compuviper.mx\/tienda\/wp-json\/wp\/v2\/media\/248057"}],"wp:attachment":[{"href":"https:\/\/compuviper.mx\/tienda\/wp-json\/wp\/v2\/media?parent=248028"}],"wp:term":[{"taxonomy":"product_cat","embeddable":true,"href":"https:\/\/compuviper.mx\/tienda\/wp-json\/wp\/v2\/product_cat?post=248028"},{"taxonomy":"product_tag","embeddable":true,"href":"https:\/\/compuviper.mx\/tienda\/wp-json\/wp\/v2\/product_tag?post=248028"}],"curies":[{"name":"wp","href":"https:\/\/api.w.org\/{rel}","templated":true}]}}