{"id":247748,"date":"2026-04-16T02:19:52","date_gmt":"2026-04-16T08:19:52","guid":{"rendered":"https:\/\/compuviper.mx\/tienda\/producto\/grandstream-wp822-telfono-ip-inalmbrico-con-wi-fi-de-banda-dual-802-11a-b-g-n-ac-integrado-y-8-horas-de-tiempo-de-conversacin-2-lineas-y-cuentas-sip-bluetooth-y-botn-push-to-talk\/"},"modified":"2026-04-16T02:19:53","modified_gmt":"2026-04-16T08:19:53","slug":"grandstream-wp822-telfono-ip-inalmbrico-con-wi-fi-de-banda-dual-802-11a-b-g-n-ac-integrado-y-8-horas-de-tiempo-de-conversacin-2-lineas-y-cuentas-sip-bluetooth-y-botn-push-to-talk","status":"publish","type":"product","link":"https:\/\/compuviper.mx\/tienda\/producto\/grandstream-wp822-telfono-ip-inalmbrico-con-wi-fi-de-banda-dual-802-11a-b-g-n-ac-integrado-y-8-horas-de-tiempo-de-conversacin-2-lineas-y-cuentas-sip-bluetooth-y-botn-push-to-talk\/","title":{"rendered":"Grandstream Wp822 Tel?fono Ip   \/ Inal?mbrico Con Wi-fi De Banda Dual 802.11a\/b\/g\/n\/ac Integrado Y 8 Horas De Tiempo De Conversaci?n, 2 Lineas Y Cuentas Sip, Bluetooth Y Bot?n Push-to-talk"},"content":{"rendered":"<table class=\"descripcion\">\n<tr>\n<td>El wp822 incluye un dise\u00f1o de antena avanzado y compatibilidad con roaming. al agregar 8 horas de tiempo de conversaci\u00f3n y voz hd con dos micr\u00f3fonos, el wp822 ofrece una opci\u00f3n asequible y viene equipado con una combinaci\u00f3n de caracter\u00edsticas, movilidad y durabilidad para satisfacer todas las necesidades de telefon\u00eda port\u00e1til.<\/td>\n<\/tr>\n<tr>\n<td>-wi-fi de doble banda con dise\u00f1o de antena eficiente y soporte avanzado de roaming<\/td>\n<\/tr>\n<tr>\n<td>-2 cuentas sip, 2 l\u00edneas<\/td>\n<\/tr>\n<tr>\n<td>-dise\u00f1o de voz hd y micr\u00f3fono dual con tecnolog\u00eda aec y noise shield<\/td>\n<\/tr>\n<tr>\n<td>-bater\u00eda recargable de 2000 mah, 8 horas de tiempo de conversaci\u00f3n, 200 horas en espera<\/td>\n<\/tr>\n<tr>\n<td>-bluetooth integrado para conectar auriculares.<\/td>\n<\/tr>\n<tr>\n<td>-bot\u00f3n configurable para pulsar para hablar<\/td>\n<\/tr>\n<tr>\n<td>-puerto micro usb y conector para auriculares de 3,5 mm<\/td>\n<\/tr>\n<\/table>\n","protected":false},"excerpt":{"rendered":"<p>El wp822 es un tel\u00e9fono ip wi-fi port\u00e1til dise\u00f1ado para adaptarse a una variedad de empresas y aplicaciones de mercados verticales, incluyendo tiendas, log\u00edstica, salud y seguridad. Este tel\u00e9fono wi-fi para empresas viene equipado con wi-fi 802.11a\/b\/g\/n\/ac de doble banda integrado, un dise\u00f1o avanzado de antena y soporte de roaming. Al agregar un tiempo de conversaci\u00f3n de 8 horas, voz hd con micr\u00f3fonos duales y un bot\u00f3n configurable de micr\u00f3fono, el wp822 viene equipado con una combinaci\u00f3n de caracter\u00edsticas, movilidad y durabilidad para satisfacer todas las necesidades de telefon\u00eda port\u00e1til.<\/p>\n","protected":false},"featured_media":258490,"comment_status":"open","ping_status":"open","template":"","meta":[],"product_cat":[1610,1757],"product_tag":[1576],"acf":[],"yoast_head":"<!-- This site is optimized with the Yoast SEO plugin v21.7 - https:\/\/yoast.com\/wordpress\/plugins\/seo\/ -->\n<title>[ Grandstream ] &#129351; Wp822 Tel\u00e9fono Ip \/ Inal\u00e1mbrico Con Wi-fi De Banda Dual 802.11a\/b\/g\/n\/ac Integrado Y 8 Horas De Tiempo De Conversaci\u00f3n, 2 Lineas Y Cuentas Sip, Bluetooth Y Bot\u00f3n Push-to-talk<\/title>\n<meta name=\"description\" content=\"Compra Wp822 Tel\u00e9fono Ip \/ Inal\u00e1mbrico Con Wi-fi De Banda Dual 802.11a\/b\/g\/n\/ac Integrado Y 8 Horas De Tiempo De Conversaci\u00f3n, 2 Lineas Y Cuentas Sip, Bluetooth Y Bot\u00f3n Push-to-talk + Env\u00edo a domicilio + Pago seguro + Garant\u00eda\" \/>\n<meta name=\"robots\" content=\"index, follow, max-snippet:-1, max-image-preview:large, max-video-preview:-1\" \/>\n<link rel=\"canonical\" href=\"https:\/\/compuviper.mx\/tienda\/producto\/grandstream-wp822-telfono-ip-inalmbrico-con-wi-fi-de-banda-dual-802-11a-b-g-n-ac-integrado-y-8-horas-de-tiempo-de-conversacin-2-lineas-y-cuentas-sip-bluetooth-y-botn-push-to-talk\/\" \/>\n<meta property=\"og:locale\" content=\"es_MX\" \/>\n<meta property=\"og:type\" content=\"article\" \/>\n<meta property=\"og:title\" content=\"[ Grandstream ] &#129351; Wp822 Tel\u00e9fono Ip \/ Inal\u00e1mbrico Con Wi-fi De Banda Dual 802.11a\/b\/g\/n\/ac Integrado Y 8 Horas De Tiempo De Conversaci\u00f3n, 2 Lineas Y Cuentas Sip, Bluetooth Y Bot\u00f3n Push-to-talk\" \/>\n<meta property=\"og:description\" content=\"Compra Wp822 Tel\u00e9fono Ip \/ Inal\u00e1mbrico Con Wi-fi De Banda Dual 802.11a\/b\/g\/n\/ac Integrado Y 8 Horas De Tiempo De Conversaci\u00f3n, 2 Lineas Y Cuentas Sip, Bluetooth Y Bot\u00f3n Push-to-talk + Env\u00edo a domicilio + Pago seguro + Garant\u00eda\" \/>\n<meta property=\"og:url\" content=\"https:\/\/compuviper.mx\/tienda\/producto\/grandstream-wp822-telfono-ip-inalmbrico-con-wi-fi-de-banda-dual-802-11a-b-g-n-ac-integrado-y-8-horas-de-tiempo-de-conversacin-2-lineas-y-cuentas-sip-bluetooth-y-botn-push-to-talk\/\" \/>\n<meta property=\"og:site_name\" content=\"Compuviper\" \/>\n<meta property=\"article:publisher\" content=\"https:\/\/www.facebook.com\/compuviper\" \/>\n<meta property=\"article:modified_time\" content=\"2026-04-16T08:19:53+00:00\" \/>\n<meta property=\"og:image\" content=\"https:\/\/compuviper.mx\/tienda\/wp-content\/uploads\/2025\/10\/Telefono-ip-grandstream-wp822-inalambrico-con-wi-fi-de-banda-dual-802.11abgnac-integrado-y-8-horas-de-tiempo-de-conversacion-2-lineas-y-cuentas-sip-bluetooth-y-boton-push-to-talk.jpg\" \/>\n\t<meta property=\"og:image:width\" content=\"200\" \/>\n\t<meta property=\"og:image:height\" content=\"200\" \/>\n\t<meta property=\"og:image:type\" content=\"image\/jpeg\" \/>\n<meta name=\"twitter:card\" content=\"summary_large_image\" \/>\n<meta name=\"twitter:label1\" content=\"Precio\" \/>\n\t<meta name=\"twitter:data1\" content=\"&#36;2,189 con IVA\" \/>\n\t<meta name=\"twitter:label2\" content=\"Availability\" \/>\n\t<meta name=\"twitter:data2\" content=\"On backorder\" \/>\n<script type=\"application\/ld+json\" class=\"yoast-schema-graph\">{\"@context\":\"https:\/\/schema.org\",\"@graph\":[{\"@type\":\"WebPage\",\"@id\":\"https:\/\/compuviper.mx\/tienda\/producto\/grandstream-wp822-telfono-ip-inalmbrico-con-wi-fi-de-banda-dual-802-11a-b-g-n-ac-integrado-y-8-horas-de-tiempo-de-conversacin-2-lineas-y-cuentas-sip-bluetooth-y-botn-push-to-talk\/\",\"url\":\"https:\/\/compuviper.mx\/tienda\/producto\/grandstream-wp822-telfono-ip-inalmbrico-con-wi-fi-de-banda-dual-802-11a-b-g-n-ac-integrado-y-8-horas-de-tiempo-de-conversacin-2-lineas-y-cuentas-sip-bluetooth-y-botn-push-to-talk\/\",\"name\":\"[ Grandstream ] &#129351; Wp822 Tel\u00e9fono Ip \/ Inal\u00e1mbrico Con Wi-fi De Banda Dual 802.11a\/b\/g\/n\/ac Integrado Y 8 Horas De Tiempo De Conversaci\u00f3n, 2 Lineas Y Cuentas Sip, Bluetooth Y Bot\u00f3n Push-to-talk\",\"isPartOf\":{\"@id\":\"https:\/\/compuviper.mx\/tienda\/#website\"},\"datePublished\":\"2026-04-16T08:19:52+00:00\",\"dateModified\":\"2026-04-16T08:19:53+00:00\",\"description\":\"Compra Wp822 Tel\u00e9fono Ip \/ Inal\u00e1mbrico Con Wi-fi De Banda Dual 802.11a\/b\/g\/n\/ac Integrado Y 8 Horas De Tiempo De Conversaci\u00f3n, 2 Lineas Y Cuentas Sip, Bluetooth Y Bot\u00f3n Push-to-talk + Env\u00edo a domicilio + Pago seguro + Garant\u00eda\",\"breadcrumb\":{\"@id\":\"https:\/\/compuviper.mx\/tienda\/producto\/grandstream-wp822-telfono-ip-inalmbrico-con-wi-fi-de-banda-dual-802-11a-b-g-n-ac-integrado-y-8-horas-de-tiempo-de-conversacin-2-lineas-y-cuentas-sip-bluetooth-y-botn-push-to-talk\/#breadcrumb\"},\"inLanguage\":\"es-MX\",\"potentialAction\":[{\"@type\":\"ReadAction\",\"target\":[\"https:\/\/compuviper.mx\/tienda\/producto\/grandstream-wp822-telfono-ip-inalmbrico-con-wi-fi-de-banda-dual-802-11a-b-g-n-ac-integrado-y-8-horas-de-tiempo-de-conversacin-2-lineas-y-cuentas-sip-bluetooth-y-botn-push-to-talk\/\"]}]},{\"@type\":\"BreadcrumbList\",\"@id\":\"https:\/\/compuviper.mx\/tienda\/producto\/grandstream-wp822-telfono-ip-inalmbrico-con-wi-fi-de-banda-dual-802-11a-b-g-n-ac-integrado-y-8-horas-de-tiempo-de-conversacin-2-lineas-y-cuentas-sip-bluetooth-y-botn-push-to-talk\/#breadcrumb\",\"itemListElement\":[{\"@type\":\"ListItem\",\"position\":1,\"name\":\"Inicio\",\"item\":\"https:\/\/compuviper.mx\/tienda\/\"},{\"@type\":\"ListItem\",\"position\":2,\"name\":\"Productos\",\"item\":\"https:\/\/compuviper.mx\/tienda\/productos\/\"},{\"@type\":\"ListItem\",\"position\":3,\"name\":\"Telefonia\",\"item\":\"https:\/\/compuviper.mx\/tienda\/categoria-producto\/telefonia-2\/\"},{\"@type\":\"ListItem\",\"position\":4,\"name\":\"Telefono Ip\",\"item\":\"https:\/\/compuviper.mx\/tienda\/categoria-producto\/telefonia-2\/telefono-ip\/\"},{\"@type\":\"ListItem\",\"position\":5,\"name\":\"Grandstream Wp822 Tel?fono Ip \/ Inal?mbrico Con Wi-fi De Banda Dual 802.11a\/b\/g\/n\/ac Integrado Y 8 Horas De Tiempo De Conversaci?n, 2 Lineas Y Cuentas Sip, Bluetooth Y Bot?n Push-to-talk\"}]},{\"@type\":\"WebSite\",\"@id\":\"https:\/\/compuviper.mx\/tienda\/#website\",\"url\":\"https:\/\/compuviper.mx\/tienda\/\",\"name\":\"Compuviper\",\"description\":\"Proveedor de Computadoras, Laptops, Servidores, Monitores, Puntos de Venta, Teclados,   Impresoras, T\u00f3ner, C\u00e1maras de Seguridad y m\u00e1s en tu tienda en l\u00ednea\",\"publisher\":{\"@id\":\"https:\/\/compuviper.mx\/tienda\/#organization\"},\"potentialAction\":[{\"@type\":\"SearchAction\",\"target\":{\"@type\":\"EntryPoint\",\"urlTemplate\":\"https:\/\/compuviper.mx\/tienda\/?s={search_term_string}\"},\"query-input\":\"required name=search_term_string\"}],\"inLanguage\":\"es-MX\"},{\"@type\":\"Organization\",\"@id\":\"https:\/\/compuviper.mx\/tienda\/#organization\",\"name\":\"Compuviper\",\"url\":\"https:\/\/compuviper.mx\/tienda\/\",\"logo\":{\"@type\":\"ImageObject\",\"inLanguage\":\"es-MX\",\"@id\":\"https:\/\/compuviper.mx\/tienda\/#\/schema\/logo\/image\/\",\"url\":\"https:\/\/compuviper.mx\/tienda\/wp-content\/uploads\/2021\/08\/Logo-Compuviper-10.png\",\"contentUrl\":\"https:\/\/compuviper.mx\/tienda\/wp-content\/uploads\/2021\/08\/Logo-Compuviper-10.png\",\"width\":1000,\"height\":500,\"caption\":\"Compuviper\"},\"image\":{\"@id\":\"https:\/\/compuviper.mx\/tienda\/#\/schema\/logo\/image\/\"},\"sameAs\":[\"https:\/\/www.facebook.com\/compuviper\",\"https:\/\/www.youtube.com\/channel\/UCf73dERp9Y3cfOq7q8BhLjA?view_as=subscriber\"]}]}<\/script>\n<meta property=\"product:brand\" content=\"GRANDSTREAM\" \/>\n<meta property=\"product:price:amount\" content=\"2189\" \/>\n<meta property=\"product:price:currency\" content=\"MXN\" \/>\n<meta property=\"og:availability\" content=\"backorder\" \/>\n<meta property=\"product:availability\" content=\"available for order\" \/>\n<meta property=\"product:retailer_item_id\" content=\"WP822\" \/>\n<meta property=\"product:condition\" content=\"new\" \/>\n<!-- \/ Yoast SEO plugin. -->","yoast_head_json":{"title":"[ Grandstream ] &#129351; Wp822 Tel\u00e9fono Ip \/ Inal\u00e1mbrico Con Wi-fi De Banda Dual 802.11a\/b\/g\/n\/ac Integrado Y 8 Horas De Tiempo De Conversaci\u00f3n, 2 Lineas Y Cuentas Sip, Bluetooth Y Bot\u00f3n Push-to-talk","description":"Compra Wp822 Tel\u00e9fono Ip \/ Inal\u00e1mbrico Con Wi-fi De Banda Dual 802.11a\/b\/g\/n\/ac Integrado Y 8 Horas De Tiempo De Conversaci\u00f3n, 2 Lineas Y Cuentas Sip, Bluetooth Y Bot\u00f3n Push-to-talk + Env\u00edo a domicilio + Pago seguro + Garant\u00eda","robots":{"index":"index","follow":"follow","max-snippet":"max-snippet:-1","max-image-preview":"max-image-preview:large","max-video-preview":"max-video-preview:-1"},"canonical":"https:\/\/compuviper.mx\/tienda\/producto\/grandstream-wp822-telfono-ip-inalmbrico-con-wi-fi-de-banda-dual-802-11a-b-g-n-ac-integrado-y-8-horas-de-tiempo-de-conversacin-2-lineas-y-cuentas-sip-bluetooth-y-botn-push-to-talk\/","og_locale":"es_MX","og_type":"article","og_title":"[ Grandstream ] &#129351; Wp822 Tel\u00e9fono Ip \/ Inal\u00e1mbrico Con Wi-fi De Banda Dual 802.11a\/b\/g\/n\/ac Integrado Y 8 Horas De Tiempo De Conversaci\u00f3n, 2 Lineas Y Cuentas Sip, Bluetooth Y Bot\u00f3n Push-to-talk","og_description":"Compra Wp822 Tel\u00e9fono Ip \/ Inal\u00e1mbrico Con Wi-fi De Banda Dual 802.11a\/b\/g\/n\/ac Integrado Y 8 Horas De Tiempo De Conversaci\u00f3n, 2 Lineas Y Cuentas Sip, Bluetooth Y Bot\u00f3n Push-to-talk + Env\u00edo a domicilio + Pago seguro + Garant\u00eda","og_url":"https:\/\/compuviper.mx\/tienda\/producto\/grandstream-wp822-telfono-ip-inalmbrico-con-wi-fi-de-banda-dual-802-11a-b-g-n-ac-integrado-y-8-horas-de-tiempo-de-conversacin-2-lineas-y-cuentas-sip-bluetooth-y-botn-push-to-talk\/","og_site_name":"Compuviper","article_publisher":"https:\/\/www.facebook.com\/compuviper","article_modified_time":"2026-04-16T08:19:53+00:00","og_image":[{"width":200,"height":200,"url":"https:\/\/compuviper.mx\/tienda\/wp-content\/uploads\/2025\/10\/Telefono-ip-grandstream-wp822-inalambrico-con-wi-fi-de-banda-dual-802.11abgnac-integrado-y-8-horas-de-tiempo-de-conversacion-2-lineas-y-cuentas-sip-bluetooth-y-boton-push-to-talk.jpg","type":"image\/jpeg"}],"twitter_card":"summary_large_image","twitter_misc":{"Precio":"&#36;2,189 con IVA","Availability":"On backorder"},"schema":{"@context":"https:\/\/schema.org","@graph":[{"@type":"WebPage","@id":"https:\/\/compuviper.mx\/tienda\/producto\/grandstream-wp822-telfono-ip-inalmbrico-con-wi-fi-de-banda-dual-802-11a-b-g-n-ac-integrado-y-8-horas-de-tiempo-de-conversacin-2-lineas-y-cuentas-sip-bluetooth-y-botn-push-to-talk\/","url":"https:\/\/compuviper.mx\/tienda\/producto\/grandstream-wp822-telfono-ip-inalmbrico-con-wi-fi-de-banda-dual-802-11a-b-g-n-ac-integrado-y-8-horas-de-tiempo-de-conversacin-2-lineas-y-cuentas-sip-bluetooth-y-botn-push-to-talk\/","name":"[ Grandstream ] &#129351; Wp822 Tel\u00e9fono Ip \/ Inal\u00e1mbrico Con Wi-fi De Banda Dual 802.11a\/b\/g\/n\/ac Integrado Y 8 Horas De Tiempo De Conversaci\u00f3n, 2 Lineas Y Cuentas Sip, Bluetooth Y Bot\u00f3n Push-to-talk","isPartOf":{"@id":"https:\/\/compuviper.mx\/tienda\/#website"},"datePublished":"2026-04-16T08:19:52+00:00","dateModified":"2026-04-16T08:19:53+00:00","description":"Compra Wp822 Tel\u00e9fono Ip \/ Inal\u00e1mbrico Con Wi-fi De Banda Dual 802.11a\/b\/g\/n\/ac Integrado Y 8 Horas De Tiempo De Conversaci\u00f3n, 2 Lineas Y Cuentas Sip, Bluetooth Y Bot\u00f3n Push-to-talk + Env\u00edo a domicilio + Pago seguro + Garant\u00eda","breadcrumb":{"@id":"https:\/\/compuviper.mx\/tienda\/producto\/grandstream-wp822-telfono-ip-inalmbrico-con-wi-fi-de-banda-dual-802-11a-b-g-n-ac-integrado-y-8-horas-de-tiempo-de-conversacin-2-lineas-y-cuentas-sip-bluetooth-y-botn-push-to-talk\/#breadcrumb"},"inLanguage":"es-MX","potentialAction":[{"@type":"ReadAction","target":["https:\/\/compuviper.mx\/tienda\/producto\/grandstream-wp822-telfono-ip-inalmbrico-con-wi-fi-de-banda-dual-802-11a-b-g-n-ac-integrado-y-8-horas-de-tiempo-de-conversacin-2-lineas-y-cuentas-sip-bluetooth-y-botn-push-to-talk\/"]}]},{"@type":"BreadcrumbList","@id":"https:\/\/compuviper.mx\/tienda\/producto\/grandstream-wp822-telfono-ip-inalmbrico-con-wi-fi-de-banda-dual-802-11a-b-g-n-ac-integrado-y-8-horas-de-tiempo-de-conversacin-2-lineas-y-cuentas-sip-bluetooth-y-botn-push-to-talk\/#breadcrumb","itemListElement":[{"@type":"ListItem","position":1,"name":"Inicio","item":"https:\/\/compuviper.mx\/tienda\/"},{"@type":"ListItem","position":2,"name":"Productos","item":"https:\/\/compuviper.mx\/tienda\/productos\/"},{"@type":"ListItem","position":3,"name":"Telefonia","item":"https:\/\/compuviper.mx\/tienda\/categoria-producto\/telefonia-2\/"},{"@type":"ListItem","position":4,"name":"Telefono Ip","item":"https:\/\/compuviper.mx\/tienda\/categoria-producto\/telefonia-2\/telefono-ip\/"},{"@type":"ListItem","position":5,"name":"Grandstream Wp822 Tel?fono Ip \/ Inal?mbrico Con Wi-fi De Banda Dual 802.11a\/b\/g\/n\/ac Integrado Y 8 Horas De Tiempo De Conversaci?n, 2 Lineas Y Cuentas Sip, Bluetooth Y Bot?n Push-to-talk"}]},{"@type":"WebSite","@id":"https:\/\/compuviper.mx\/tienda\/#website","url":"https:\/\/compuviper.mx\/tienda\/","name":"Compuviper","description":"Proveedor de Computadoras, Laptops, Servidores, Monitores, Puntos de Venta, Teclados,   Impresoras, T\u00f3ner, C\u00e1maras de Seguridad y m\u00e1s en tu tienda en l\u00ednea","publisher":{"@id":"https:\/\/compuviper.mx\/tienda\/#organization"},"potentialAction":[{"@type":"SearchAction","target":{"@type":"EntryPoint","urlTemplate":"https:\/\/compuviper.mx\/tienda\/?s={search_term_string}"},"query-input":"required name=search_term_string"}],"inLanguage":"es-MX"},{"@type":"Organization","@id":"https:\/\/compuviper.mx\/tienda\/#organization","name":"Compuviper","url":"https:\/\/compuviper.mx\/tienda\/","logo":{"@type":"ImageObject","inLanguage":"es-MX","@id":"https:\/\/compuviper.mx\/tienda\/#\/schema\/logo\/image\/","url":"https:\/\/compuviper.mx\/tienda\/wp-content\/uploads\/2021\/08\/Logo-Compuviper-10.png","contentUrl":"https:\/\/compuviper.mx\/tienda\/wp-content\/uploads\/2021\/08\/Logo-Compuviper-10.png","width":1000,"height":500,"caption":"Compuviper"},"image":{"@id":"https:\/\/compuviper.mx\/tienda\/#\/schema\/logo\/image\/"},"sameAs":["https:\/\/www.facebook.com\/compuviper","https:\/\/www.youtube.com\/channel\/UCf73dERp9Y3cfOq7q8BhLjA?view_as=subscriber"]}]},"product_brand":"GRANDSTREAM","product_price_amount":"2189","product_price_currency":"MXN","og_availability":"backorder","product_availability":"available for order","product_retailer_item_id":"WP822","product_condition":"new"},"_links":{"self":[{"href":"https:\/\/compuviper.mx\/tienda\/wp-json\/wp\/v2\/product\/247748"}],"collection":[{"href":"https:\/\/compuviper.mx\/tienda\/wp-json\/wp\/v2\/product"}],"about":[{"href":"https:\/\/compuviper.mx\/tienda\/wp-json\/wp\/v2\/types\/product"}],"replies":[{"embeddable":true,"href":"https:\/\/compuviper.mx\/tienda\/wp-json\/wp\/v2\/comments?post=247748"}],"wp:featuredmedia":[{"embeddable":true,"href":"https:\/\/compuviper.mx\/tienda\/wp-json\/wp\/v2\/media\/258490"}],"wp:attachment":[{"href":"https:\/\/compuviper.mx\/tienda\/wp-json\/wp\/v2\/media?parent=247748"}],"wp:term":[{"taxonomy":"product_cat","embeddable":true,"href":"https:\/\/compuviper.mx\/tienda\/wp-json\/wp\/v2\/product_cat?post=247748"},{"taxonomy":"product_tag","embeddable":true,"href":"https:\/\/compuviper.mx\/tienda\/wp-json\/wp\/v2\/product_tag?post=247748"}],"curies":[{"name":"wp","href":"https:\/\/api.w.org\/{rel}","templated":true}]}}