{"id":247746,"date":"2026-04-16T02:19:51","date_gmt":"2026-04-16T08:19:51","guid":{"rendered":"https:\/\/compuviper.mx\/tienda\/producto\/grandstream-ghp611w-telfono-ip-hotelero-wi-fi-2-lneas-sip-con-2-cuentas-codec-opus-ipv4-ipv6-color-negro-con-gestin-en-la-nube-gdms\/"},"modified":"2026-04-16T02:19:52","modified_gmt":"2026-04-16T08:19:52","slug":"grandstream-ghp611w-telfono-ip-hotelero-wi-fi-2-lneas-sip-con-2-cuentas-codec-opus-ipv4-ipv6-color-negro-con-gestin-en-la-nube-gdms","status":"publish","type":"product","link":"https:\/\/compuviper.mx\/tienda\/producto\/grandstream-ghp611w-telfono-ip-hotelero-wi-fi-2-lneas-sip-con-2-cuentas-codec-opus-ipv4-ipv6-color-negro-con-gestin-en-la-nube-gdms\/","title":{"rendered":"Grandstream Ghp611w Tel?fono Ip   \/ Hotelero Wi-fi, 2 L?neas Sip Con 2 Cuentas, Codec Opus, Ipv4\/ipv6, Color Negro, Con Gesti?n En La Nube Gdms"},"content":{"rendered":"<table class=\"descripcion\">\n<tr>\n<td>Protocolos\/est\u00e1ndares:<\/td>\n<\/tr>\n<tr>\n<td>Sip: sip rfc3261, tcp\/ip\/udp, rtp\/rtcp, rtcp-xr, tls, srtp<\/td>\n<\/tr>\n<tr>\n<td>Network: ipv4, ipv6, http\/https, arp, icmp, dns(a record, srv, naptr), dhcp, ssh, tftp,<\/td>\n<\/tr>\n<tr>\n<td>Ntp, stun, lldp, tr-069, 802.1x<\/td>\n<\/tr>\n<tr>\n<td>Wi-fi:  ghp610w\/ghp611w integrado de doble banda de 2.4ghz y 5ghz 802.11 a\/b\/g\/n\/ac<\/td>\n<\/tr>\n<tr>\n<td>Teclas de funciones:<\/td>\n<\/tr>\n<tr>\n<td>23 teclas incluidas: 3 teclas programables, 12 teclas de d\u00edgitos telef\u00f3nicos est\u00e1ndar (0-9:<\/td>\n<\/tr>\n<tr>\n<td>Configuraci\u00f3n de teclas de marcaci\u00f3n r\u00e1pida, *, #), 5 teclas de funci\u00f3n (flash, remarcar, manos libres, correo de voz, espera), 3 teclas de control de volumen, arriba\/abajo\/silencio (con iluminaci\u00f3n led de color rojo)<\/td>\n<\/tr>\n<tr>\n<td>Audio hd:<\/td>\n<\/tr>\n<tr>\n<td>Soporte hd para audio de banda ancha<\/td>\n<\/tr>\n<tr>\n<td>Conferencia de voz:<\/td>\n<\/tr>\n<tr>\n<td>2 cuentas y l\u00edneas sip, conferencia de hasta 3 v\u00edas<\/td>\n<\/tr>\n<tr>\n<td>C\u00f3decs y capacidades de voz:<\/td>\n<\/tr>\n<tr>\n<td>Compatibilidad con g.729a\/b, g.711 and #924;\/a-law, g.726, g.722 (banda ancha), g.723, ilbc y opus de banda completa. dtmf en banda y fuera de banda (en audio, rfc2833, sip info), vad, aec, cng, plc, agc, ajb.<\/td>\n<\/tr>\n<tr>\n<td>Funciones de telefon\u00eda:<\/td>\n<\/tr>\n<tr>\n<td>Marcar, responder, transferir, conferencia, volver a marcar, flash, manos libres, correo de voz (con el servidor) esperar\/reactivar, silenciar\/reactivar, plan de marcaci\u00f3n flexible, redundancia del servidor de marcaci\u00f3n r\u00e1pida y conmutaci\u00f3n por error.<\/td>\n<\/tr>\n<tr>\n<td>Caracter\u00edsticas avanzadas:<\/td>\n<\/tr>\n<tr>\n<td>Compatibilidad con paginaci\u00f3n de multidifusi\u00f3n y servicio e911- compatibilidad con algoritmo avanzado jitter &#8211; soporta apertura de puerta gds<\/td>\n<\/tr>\n<tr>\n<td>Instalaci\u00f3n en pared:<\/td>\n<\/tr>\n<tr>\n<td>1 base de montaje en pared.<\/td>\n<\/tr>\n<tr>\n<td>Qos: qos de capa 2 (802.1q, 802.1p) y qos de capa 3 (tos, diffserv, mpls) qos<\/td>\n<\/tr>\n<tr>\n<td>Seguridad:<\/td>\n<\/tr>\n<tr>\n<td>Arranque seguro, contrase\u00f1a predeterminada aleatoria, certificado de seguridad \u00fanico por<\/td>\n<\/tr>\n<tr>\n<td>Dispositivo, contrase\u00f1as de nivel de administrador, archivo de configuraci\u00f3n cifrado aes de 256 bits, srtp, tls, control de acceso a medios 802.1x<\/td>\n<\/tr>\n<tr>\n<td>Lenguajes: ingl\u00e9s y chino<\/td>\n<\/tr>\n<tr>\n<td>Actualizaci\u00f3n \/ aprovisionamiento: actualizaci\u00f3n de firmware a trav\u00e9s de ftp\/tftp\/http\/https, arranque r\u00e1pido en 15 segundos,<\/td>\n<\/tr>\n<tr>\n<td>Aprovisionamiento masivo mediante gdms\/tr-069 o archivo de configuraci\u00f3n xml cifrado con aes.<\/td>\n<\/tr>\n<tr>\n<td>Energ\u00eda y eficiencia energ\u00e9tica verde: adaptador de corriente universal (ghp610w\/ghp611w) &#8211; entrada: 100~240vac 50~60hz &#8211; salida: 12v\/0.5a(6w)<\/td>\n<\/tr>\n<tr>\n<td>Temperatura y humedad operaci\u00f3n: 0\u00b0c a 40\u00b0c &#8211; almacenamiento: -10\u00b0c a 60\u00b0c &#8211; humedad: 10% a 90% (sin condensaci\u00f3n).<\/td>\n<\/tr>\n<tr>\n<td>Contenido del paquete: tel\u00e9fono ghp61x, auricular con cable, base, gu\u00eda de instalaci\u00f3n r\u00e1pida, fuente de alimentaci\u00f3n universal (ghp610w y<\/td>\n<\/tr>\n<tr>\n<td>Ghp611w)<\/td>\n<\/tr>\n<tr>\n<td>Colores: blanco<\/td>\n<\/tr>\n<tr>\n<td>Especificaciones f\u00edsicas: 211 mm (largo) x 53 mm (ancho) x 44 mm (alto) (con auricular)<\/td>\n<\/tr>\n<tr>\n<td>Peso de la unidad: 360g (ghp610w\/ghp611w) &#8211; peso del paquete: 525 g (ghp610w\/ghp611w)<\/td>\n<\/tr>\n<tr>\n<td>Cumplimiento ghp610w y ghp611w:  fcc: parte 15 sub parte b, clase b; parte 15 sub parte c,15.247; parte 15 sub parte e,15.407; parte 68.316\/317 &#8211; ce: en 55032; en 55035; en iec 61000-3-2; en 61000-3-3; en iec 62368-1; etsi en 301489-1-<\/td>\n<\/tr>\n<tr>\n<td>17; etsi en 300 328; etsi en 301 893; en 50360; en 50566; en 50663; en 62209-1; en 62209-2; en 62479; en iec 62311. &#8211; ukca: bs en 55032; bs en 55035; bs en iec 61000-3-2; bs en 61000-3-3; bs en 62368-1; etsi en 301489-1-17; etsi en 300 328; etsi en 301 893; bs en 50360; bs en 50566; bs en 50663; bs en 62209-1; bs en 62209-2; bs en 62479; bs en iec 62311. &#8211; rcm: as\/nzs cispr32; as\/nzs 4268; as\/nzs 2772.2; as\/nzs 62368.1; as\/ca s004; as\/ca s040. ic: rss247; rss-gen; rss-102; ices-003; cs-03 parte v.<\/td>\n<\/tr>\n<\/table>\n","protected":false},"excerpt":{"rendered":"<p>Los ghp610\/ghp610w y ghp611\/ghp611w son tel\u00e9fonos ip compactos que ofrecen altavoz hd en la bocina, 2 cuentas y l\u00edneas sip, 10 teclas de marcaci\u00f3n r\u00e1pida y 3 teclas programables. Estos tel\u00e9fonos ip forman parte de la serie ghp de tel\u00e9fonos para hoteles, pero tambi\u00e9n pueden implementarse en hospitales, departamentos, dormitorios, peque\u00f1os negocios y m\u00e1s. Esta serie incluye 2 modelos con soporte integrado de wi-fi de doble banda (ghp610w y ghp611w) que proporciona conferencias de voz de 3 v\u00edas, compatible con el c\u00f3dec de voz opus de banda completa y posee un algoritmo avanzado de jitter que tolera hasta un 30 % de p\u00e9rdida de paquetes sin afectar la calidad de la voz. La serie ghp es compatible con el sistema de administraci\u00f3n de dispositivos de grandstream (gdms), que proporciona una interfaz centralizada para configurar, aprovisionar, administrar y monitorear implementaciones terminales de grandstream. Gracias a su dise\u00f1o compacto se puede utilizar f\u00e1cilmente en un escritorio o montado en la pared. El ghp610\/ghp610w y el ghp611\/ghp611w son ideales para implementaciones en hoteles, as\u00ed como en muchos otros entornos similares.<\/p>\n","protected":false},"featured_media":258488,"comment_status":"open","ping_status":"open","template":"","meta":[],"product_cat":[1610,1757],"product_tag":[1576],"acf":[],"yoast_head":"<!-- This site is optimized with the Yoast SEO plugin v21.7 - https:\/\/yoast.com\/wordpress\/plugins\/seo\/ -->\n<title>[ Grandstream ] &#129351; Ghp611w Tel\u00e9fono Ip \/ Hotelero Wi-fi, 2 L\u00edneas Sip Con 2 Cuentas, Codec Opus, Ipv4\/ipv6, Color Negro, Con Gesti\u00f3n En La Nube Gdms<\/title>\n<meta name=\"description\" content=\"Compra Ghp611w Tel\u00e9fono Ip \/ Hotelero Wi-fi, 2 L\u00edneas Sip Con 2 Cuentas, Codec Opus, Ipv4\/ipv6, Color Negro, Con Gesti\u00f3n En La Nube Gdms + Env\u00edo a domicilio + Pago seguro + Garant\u00eda\" \/>\n<meta name=\"robots\" content=\"index, follow, max-snippet:-1, max-image-preview:large, max-video-preview:-1\" \/>\n<link rel=\"canonical\" href=\"https:\/\/compuviper.mx\/tienda\/producto\/grandstream-ghp611w-telfono-ip-hotelero-wi-fi-2-lneas-sip-con-2-cuentas-codec-opus-ipv4-ipv6-color-negro-con-gestin-en-la-nube-gdms\/\" \/>\n<meta property=\"og:locale\" content=\"es_MX\" \/>\n<meta property=\"og:type\" content=\"article\" \/>\n<meta property=\"og:title\" content=\"[ Grandstream ] &#129351; Ghp611w Tel\u00e9fono Ip \/ Hotelero Wi-fi, 2 L\u00edneas Sip Con 2 Cuentas, Codec Opus, Ipv4\/ipv6, Color Negro, Con Gesti\u00f3n En La Nube Gdms\" \/>\n<meta property=\"og:description\" content=\"Compra Ghp611w Tel\u00e9fono Ip \/ Hotelero Wi-fi, 2 L\u00edneas Sip Con 2 Cuentas, Codec Opus, Ipv4\/ipv6, Color Negro, Con Gesti\u00f3n En La Nube Gdms + Env\u00edo a domicilio + Pago seguro + Garant\u00eda\" \/>\n<meta property=\"og:url\" content=\"https:\/\/compuviper.mx\/tienda\/producto\/grandstream-ghp611w-telfono-ip-hotelero-wi-fi-2-lneas-sip-con-2-cuentas-codec-opus-ipv4-ipv6-color-negro-con-gestin-en-la-nube-gdms\/\" \/>\n<meta property=\"og:site_name\" content=\"Compuviper\" \/>\n<meta property=\"article:publisher\" content=\"https:\/\/www.facebook.com\/compuviper\" \/>\n<meta property=\"article:modified_time\" content=\"2026-04-16T08:19:52+00:00\" \/>\n<meta property=\"og:image\" content=\"https:\/\/compuviper.mx\/tienda\/wp-content\/uploads\/2025\/10\/Telefono-ip-grandstream-ghp611w-hotelero-wi-fi-2-lineas-sip-con-2-cuentas-codec-opus-ipv4ipv6-color-negro-con-gestion-en-la-nube-gdms.jpg\" \/>\n\t<meta property=\"og:image:width\" content=\"200\" \/>\n\t<meta property=\"og:image:height\" content=\"200\" \/>\n\t<meta property=\"og:image:type\" content=\"image\/jpeg\" \/>\n<meta name=\"twitter:card\" content=\"summary_large_image\" \/>\n<meta name=\"twitter:label1\" content=\"Precio\" \/>\n\t<meta name=\"twitter:data1\" content=\"&#36;911 con IVA\" \/>\n\t<meta name=\"twitter:label2\" content=\"Availability\" \/>\n\t<meta name=\"twitter:data2\" content=\"On backorder\" \/>\n<script type=\"application\/ld+json\" class=\"yoast-schema-graph\">{\"@context\":\"https:\/\/schema.org\",\"@graph\":[{\"@type\":\"WebPage\",\"@id\":\"https:\/\/compuviper.mx\/tienda\/producto\/grandstream-ghp611w-telfono-ip-hotelero-wi-fi-2-lneas-sip-con-2-cuentas-codec-opus-ipv4-ipv6-color-negro-con-gestin-en-la-nube-gdms\/\",\"url\":\"https:\/\/compuviper.mx\/tienda\/producto\/grandstream-ghp611w-telfono-ip-hotelero-wi-fi-2-lneas-sip-con-2-cuentas-codec-opus-ipv4-ipv6-color-negro-con-gestin-en-la-nube-gdms\/\",\"name\":\"[ Grandstream ] &#129351; Ghp611w Tel\u00e9fono Ip \/ Hotelero Wi-fi, 2 L\u00edneas Sip Con 2 Cuentas, Codec Opus, Ipv4\/ipv6, Color Negro, Con Gesti\u00f3n En La Nube Gdms\",\"isPartOf\":{\"@id\":\"https:\/\/compuviper.mx\/tienda\/#website\"},\"datePublished\":\"2026-04-16T08:19:51+00:00\",\"dateModified\":\"2026-04-16T08:19:52+00:00\",\"description\":\"Compra Ghp611w Tel\u00e9fono Ip \/ Hotelero Wi-fi, 2 L\u00edneas Sip Con 2 Cuentas, Codec Opus, Ipv4\/ipv6, Color Negro, Con Gesti\u00f3n En La Nube Gdms + Env\u00edo a domicilio + Pago seguro + Garant\u00eda\",\"breadcrumb\":{\"@id\":\"https:\/\/compuviper.mx\/tienda\/producto\/grandstream-ghp611w-telfono-ip-hotelero-wi-fi-2-lneas-sip-con-2-cuentas-codec-opus-ipv4-ipv6-color-negro-con-gestin-en-la-nube-gdms\/#breadcrumb\"},\"inLanguage\":\"es-MX\",\"potentialAction\":[{\"@type\":\"ReadAction\",\"target\":[\"https:\/\/compuviper.mx\/tienda\/producto\/grandstream-ghp611w-telfono-ip-hotelero-wi-fi-2-lneas-sip-con-2-cuentas-codec-opus-ipv4-ipv6-color-negro-con-gestin-en-la-nube-gdms\/\"]}]},{\"@type\":\"BreadcrumbList\",\"@id\":\"https:\/\/compuviper.mx\/tienda\/producto\/grandstream-ghp611w-telfono-ip-hotelero-wi-fi-2-lneas-sip-con-2-cuentas-codec-opus-ipv4-ipv6-color-negro-con-gestin-en-la-nube-gdms\/#breadcrumb\",\"itemListElement\":[{\"@type\":\"ListItem\",\"position\":1,\"name\":\"Inicio\",\"item\":\"https:\/\/compuviper.mx\/tienda\/\"},{\"@type\":\"ListItem\",\"position\":2,\"name\":\"Productos\",\"item\":\"https:\/\/compuviper.mx\/tienda\/productos\/\"},{\"@type\":\"ListItem\",\"position\":3,\"name\":\"Telefonia\",\"item\":\"https:\/\/compuviper.mx\/tienda\/categoria-producto\/telefonia-2\/\"},{\"@type\":\"ListItem\",\"position\":4,\"name\":\"Telefono Ip\",\"item\":\"https:\/\/compuviper.mx\/tienda\/categoria-producto\/telefonia-2\/telefono-ip\/\"},{\"@type\":\"ListItem\",\"position\":5,\"name\":\"Grandstream Ghp611w Tel?fono Ip \/ Hotelero Wi-fi, 2 L?neas Sip Con 2 Cuentas, Codec Opus, Ipv4\/ipv6, Color Negro, Con Gesti?n En La Nube Gdms\"}]},{\"@type\":\"WebSite\",\"@id\":\"https:\/\/compuviper.mx\/tienda\/#website\",\"url\":\"https:\/\/compuviper.mx\/tienda\/\",\"name\":\"Compuviper\",\"description\":\"Proveedor de Computadoras, Laptops, Servidores, Monitores, Puntos de Venta, Teclados,   Impresoras, T\u00f3ner, C\u00e1maras de Seguridad y m\u00e1s en tu tienda en l\u00ednea\",\"publisher\":{\"@id\":\"https:\/\/compuviper.mx\/tienda\/#organization\"},\"potentialAction\":[{\"@type\":\"SearchAction\",\"target\":{\"@type\":\"EntryPoint\",\"urlTemplate\":\"https:\/\/compuviper.mx\/tienda\/?s={search_term_string}\"},\"query-input\":\"required name=search_term_string\"}],\"inLanguage\":\"es-MX\"},{\"@type\":\"Organization\",\"@id\":\"https:\/\/compuviper.mx\/tienda\/#organization\",\"name\":\"Compuviper\",\"url\":\"https:\/\/compuviper.mx\/tienda\/\",\"logo\":{\"@type\":\"ImageObject\",\"inLanguage\":\"es-MX\",\"@id\":\"https:\/\/compuviper.mx\/tienda\/#\/schema\/logo\/image\/\",\"url\":\"https:\/\/compuviper.mx\/tienda\/wp-content\/uploads\/2021\/08\/Logo-Compuviper-10.png\",\"contentUrl\":\"https:\/\/compuviper.mx\/tienda\/wp-content\/uploads\/2021\/08\/Logo-Compuviper-10.png\",\"width\":1000,\"height\":500,\"caption\":\"Compuviper\"},\"image\":{\"@id\":\"https:\/\/compuviper.mx\/tienda\/#\/schema\/logo\/image\/\"},\"sameAs\":[\"https:\/\/www.facebook.com\/compuviper\",\"https:\/\/www.youtube.com\/channel\/UCf73dERp9Y3cfOq7q8BhLjA?view_as=subscriber\"]}]}<\/script>\n<meta property=\"product:brand\" content=\"GRANDSTREAM\" \/>\n<meta property=\"product:price:amount\" content=\"911\" \/>\n<meta property=\"product:price:currency\" content=\"MXN\" \/>\n<meta property=\"og:availability\" content=\"backorder\" \/>\n<meta property=\"product:availability\" content=\"available for order\" \/>\n<meta property=\"product:retailer_item_id\" content=\"GHP611W\" \/>\n<meta property=\"product:condition\" content=\"new\" \/>\n<!-- \/ Yoast SEO plugin. -->","yoast_head_json":{"title":"[ Grandstream ] &#129351; Ghp611w Tel\u00e9fono Ip \/ Hotelero Wi-fi, 2 L\u00edneas Sip Con 2 Cuentas, Codec Opus, Ipv4\/ipv6, Color Negro, Con Gesti\u00f3n En La Nube Gdms","description":"Compra Ghp611w Tel\u00e9fono Ip \/ Hotelero Wi-fi, 2 L\u00edneas Sip Con 2 Cuentas, Codec Opus, Ipv4\/ipv6, Color Negro, Con Gesti\u00f3n En La Nube Gdms + Env\u00edo a domicilio + Pago seguro + Garant\u00eda","robots":{"index":"index","follow":"follow","max-snippet":"max-snippet:-1","max-image-preview":"max-image-preview:large","max-video-preview":"max-video-preview:-1"},"canonical":"https:\/\/compuviper.mx\/tienda\/producto\/grandstream-ghp611w-telfono-ip-hotelero-wi-fi-2-lneas-sip-con-2-cuentas-codec-opus-ipv4-ipv6-color-negro-con-gestin-en-la-nube-gdms\/","og_locale":"es_MX","og_type":"article","og_title":"[ Grandstream ] &#129351; Ghp611w Tel\u00e9fono Ip \/ Hotelero Wi-fi, 2 L\u00edneas Sip Con 2 Cuentas, Codec Opus, Ipv4\/ipv6, Color Negro, Con Gesti\u00f3n En La Nube Gdms","og_description":"Compra Ghp611w Tel\u00e9fono Ip \/ Hotelero Wi-fi, 2 L\u00edneas Sip Con 2 Cuentas, Codec Opus, Ipv4\/ipv6, Color Negro, Con Gesti\u00f3n En La Nube Gdms + Env\u00edo a domicilio + Pago seguro + Garant\u00eda","og_url":"https:\/\/compuviper.mx\/tienda\/producto\/grandstream-ghp611w-telfono-ip-hotelero-wi-fi-2-lneas-sip-con-2-cuentas-codec-opus-ipv4-ipv6-color-negro-con-gestin-en-la-nube-gdms\/","og_site_name":"Compuviper","article_publisher":"https:\/\/www.facebook.com\/compuviper","article_modified_time":"2026-04-16T08:19:52+00:00","og_image":[{"width":200,"height":200,"url":"https:\/\/compuviper.mx\/tienda\/wp-content\/uploads\/2025\/10\/Telefono-ip-grandstream-ghp611w-hotelero-wi-fi-2-lineas-sip-con-2-cuentas-codec-opus-ipv4ipv6-color-negro-con-gestion-en-la-nube-gdms.jpg","type":"image\/jpeg"}],"twitter_card":"summary_large_image","twitter_misc":{"Precio":"&#36;911 con IVA","Availability":"On backorder"},"schema":{"@context":"https:\/\/schema.org","@graph":[{"@type":"WebPage","@id":"https:\/\/compuviper.mx\/tienda\/producto\/grandstream-ghp611w-telfono-ip-hotelero-wi-fi-2-lneas-sip-con-2-cuentas-codec-opus-ipv4-ipv6-color-negro-con-gestin-en-la-nube-gdms\/","url":"https:\/\/compuviper.mx\/tienda\/producto\/grandstream-ghp611w-telfono-ip-hotelero-wi-fi-2-lneas-sip-con-2-cuentas-codec-opus-ipv4-ipv6-color-negro-con-gestin-en-la-nube-gdms\/","name":"[ Grandstream ] &#129351; Ghp611w Tel\u00e9fono Ip \/ Hotelero Wi-fi, 2 L\u00edneas Sip Con 2 Cuentas, Codec Opus, Ipv4\/ipv6, Color Negro, Con Gesti\u00f3n En La Nube Gdms","isPartOf":{"@id":"https:\/\/compuviper.mx\/tienda\/#website"},"datePublished":"2026-04-16T08:19:51+00:00","dateModified":"2026-04-16T08:19:52+00:00","description":"Compra Ghp611w Tel\u00e9fono Ip \/ Hotelero Wi-fi, 2 L\u00edneas Sip Con 2 Cuentas, Codec Opus, Ipv4\/ipv6, Color Negro, Con Gesti\u00f3n En La Nube Gdms + Env\u00edo a domicilio + Pago seguro + Garant\u00eda","breadcrumb":{"@id":"https:\/\/compuviper.mx\/tienda\/producto\/grandstream-ghp611w-telfono-ip-hotelero-wi-fi-2-lneas-sip-con-2-cuentas-codec-opus-ipv4-ipv6-color-negro-con-gestin-en-la-nube-gdms\/#breadcrumb"},"inLanguage":"es-MX","potentialAction":[{"@type":"ReadAction","target":["https:\/\/compuviper.mx\/tienda\/producto\/grandstream-ghp611w-telfono-ip-hotelero-wi-fi-2-lneas-sip-con-2-cuentas-codec-opus-ipv4-ipv6-color-negro-con-gestin-en-la-nube-gdms\/"]}]},{"@type":"BreadcrumbList","@id":"https:\/\/compuviper.mx\/tienda\/producto\/grandstream-ghp611w-telfono-ip-hotelero-wi-fi-2-lneas-sip-con-2-cuentas-codec-opus-ipv4-ipv6-color-negro-con-gestin-en-la-nube-gdms\/#breadcrumb","itemListElement":[{"@type":"ListItem","position":1,"name":"Inicio","item":"https:\/\/compuviper.mx\/tienda\/"},{"@type":"ListItem","position":2,"name":"Productos","item":"https:\/\/compuviper.mx\/tienda\/productos\/"},{"@type":"ListItem","position":3,"name":"Telefonia","item":"https:\/\/compuviper.mx\/tienda\/categoria-producto\/telefonia-2\/"},{"@type":"ListItem","position":4,"name":"Telefono Ip","item":"https:\/\/compuviper.mx\/tienda\/categoria-producto\/telefonia-2\/telefono-ip\/"},{"@type":"ListItem","position":5,"name":"Grandstream Ghp611w Tel?fono Ip \/ Hotelero Wi-fi, 2 L?neas Sip Con 2 Cuentas, Codec Opus, Ipv4\/ipv6, Color Negro, Con Gesti?n En La Nube Gdms"}]},{"@type":"WebSite","@id":"https:\/\/compuviper.mx\/tienda\/#website","url":"https:\/\/compuviper.mx\/tienda\/","name":"Compuviper","description":"Proveedor de Computadoras, Laptops, Servidores, Monitores, Puntos de Venta, Teclados,   Impresoras, T\u00f3ner, C\u00e1maras de Seguridad y m\u00e1s en tu tienda en l\u00ednea","publisher":{"@id":"https:\/\/compuviper.mx\/tienda\/#organization"},"potentialAction":[{"@type":"SearchAction","target":{"@type":"EntryPoint","urlTemplate":"https:\/\/compuviper.mx\/tienda\/?s={search_term_string}"},"query-input":"required name=search_term_string"}],"inLanguage":"es-MX"},{"@type":"Organization","@id":"https:\/\/compuviper.mx\/tienda\/#organization","name":"Compuviper","url":"https:\/\/compuviper.mx\/tienda\/","logo":{"@type":"ImageObject","inLanguage":"es-MX","@id":"https:\/\/compuviper.mx\/tienda\/#\/schema\/logo\/image\/","url":"https:\/\/compuviper.mx\/tienda\/wp-content\/uploads\/2021\/08\/Logo-Compuviper-10.png","contentUrl":"https:\/\/compuviper.mx\/tienda\/wp-content\/uploads\/2021\/08\/Logo-Compuviper-10.png","width":1000,"height":500,"caption":"Compuviper"},"image":{"@id":"https:\/\/compuviper.mx\/tienda\/#\/schema\/logo\/image\/"},"sameAs":["https:\/\/www.facebook.com\/compuviper","https:\/\/www.youtube.com\/channel\/UCf73dERp9Y3cfOq7q8BhLjA?view_as=subscriber"]}]},"product_brand":"GRANDSTREAM","product_price_amount":"911","product_price_currency":"MXN","og_availability":"backorder","product_availability":"available for order","product_retailer_item_id":"GHP611W","product_condition":"new"},"_links":{"self":[{"href":"https:\/\/compuviper.mx\/tienda\/wp-json\/wp\/v2\/product\/247746"}],"collection":[{"href":"https:\/\/compuviper.mx\/tienda\/wp-json\/wp\/v2\/product"}],"about":[{"href":"https:\/\/compuviper.mx\/tienda\/wp-json\/wp\/v2\/types\/product"}],"replies":[{"embeddable":true,"href":"https:\/\/compuviper.mx\/tienda\/wp-json\/wp\/v2\/comments?post=247746"}],"wp:featuredmedia":[{"embeddable":true,"href":"https:\/\/compuviper.mx\/tienda\/wp-json\/wp\/v2\/media\/258488"}],"wp:attachment":[{"href":"https:\/\/compuviper.mx\/tienda\/wp-json\/wp\/v2\/media?parent=247746"}],"wp:term":[{"taxonomy":"product_cat","embeddable":true,"href":"https:\/\/compuviper.mx\/tienda\/wp-json\/wp\/v2\/product_cat?post=247746"},{"taxonomy":"product_tag","embeddable":true,"href":"https:\/\/compuviper.mx\/tienda\/wp-json\/wp\/v2\/product_tag?post=247746"}],"curies":[{"name":"wp","href":"https:\/\/api.w.org\/{rel}","templated":true}]}}