{"id":247742,"date":"2026-04-16T02:19:49","date_gmt":"2026-04-16T08:19:49","guid":{"rendered":"https:\/\/compuviper.mx\/tienda\/producto\/grandstream-grp2602g-tlefono-ip-2-puertos-de-red-fast-ethernet-giga-pantalla-lcd-retroiluminada-gestin-y-aprovisionamiento-desde-la-nube-con-gdms-soporte-de-electronic-hook-switch-ehs-para\/"},"modified":"2026-04-16T02:19:50","modified_gmt":"2026-04-16T08:19:50","slug":"grandstream-grp2602g-tlefono-ip-2-puertos-de-red-fast-ethernet-giga-pantalla-lcd-retroiluminada-gestin-y-aprovisionamiento-desde-la-nube-con-gdms-soporte-de-electronic-hook-switch-ehs-para","status":"publish","type":"product","link":"https:\/\/compuviper.mx\/tienda\/producto\/grandstream-grp2602g-tlefono-ip-2-puertos-de-red-fast-ethernet-giga-pantalla-lcd-retroiluminada-gestin-y-aprovisionamiento-desde-la-nube-con-gdms-soporte-de-electronic-hook-switch-ehs-para\/","title":{"rendered":"Grandstream Grp2602g T?lefono Ip   \/  2 Puertos De Red Fast Ethernet Giga, Pantalla Lcd Retroiluminada, Gesti?n Y Aprovisionamiento Desde La Nube Con Gdms, Soporte De Electronic Hook Switch (ehs) Para"},"content":{"rendered":"<table class=\"descripcion\">\n<tr>\n<td>Protocolos\/est\u00e1ndares:  sip rfc3261, tcp\/ip\/udp, rtp\/rtcp, rtcp-xr, http\/https, arp, icmp, dns(registro a, srv,naptr), dhcp, pppoe, ssh, tftp, ntp, stun, simple, lldp, ldap, tr-069, snmp, 802.1x, tls,srtp, ipv6<\/td>\n<\/tr>\n<tr>\n<td>Interfaces de red:  puertos ethernet de 10\/100\/1000 mbps con doble negociaci\u00f3n autom\u00e1tica conmutada, poe integrado (s\u00f3lo grp2602g)<\/td>\n<\/tr>\n<tr>\n<td>Pantalla gr\u00e1fica:  pantalla lcd retroiluminada 132 x 48 (2.41\u0092\u0092)<\/td>\n<\/tr>\n<tr>\n<td>Teclas de funci\u00f3n: 2 teclas de l\u00ednea con led de dos colores y soporte para 4 cuentas sip, 4 teclas programables sensibles al contexto xml, 5 teclas (navegaci\u00f3n, men\u00fa). 8 teclas de funci\u00f3n dedicadas para: mensaje (con indicador led), transferencia, auriculares, silencio, enviar\/remarcar,altavoz, vol+, vol<\/td>\n<\/tr>\n<tr>\n<td>Puerto auxiliar:  conector para auriculares rj9 (permite ehs con auriculares plantronics, jabra y sennheiser)<\/td>\n<\/tr>\n<tr>\n<td>C\u00f3decs de voz y capacidades:  compatibilidad con g.729a\/b, g.711 and #924;\/a-law, g.726, g.722(banda ancha), g.723,ilbc, opus, en banda y fuera de banda dtmf(en audio, rfc2833, sip info), vad, aec, cng, plc, agc, ajb.<\/td>\n<\/tr>\n<tr>\n<td>Caracter\u00edsticas de telefon\u00eda: retenci\u00f3n, transferencia, reenv\u00edo, conferencia de cinco v\u00edas, estacionamiento de llamadas, captura de llamadas, apariencia de llamada compartida (sca)\/apariencia de l\u00ednea en puente (bla), agenda telef\u00f3nica descargable (xml, ldap, hasta 2000 elementos), llamada en espera, registro de llamadas (hasta 800 registros), marcaci\u00f3n autom\u00e1tica con el tel\u00e9fono descolgado, respuesta autom\u00e1tica, clic para marcar, plan de marcaci\u00f3n flexible, hot-desking, tonos de llamada musicales personalizados y m\u00fasica en espera, redundancia de servidor y conmutaci\u00f3n por error.<\/td>\n<\/tr>\n<tr>\n<td>Audio hd:  s\u00ed, tel\u00e9fono hd y altavoz con soporte para audio de banda ancha<\/td>\n<\/tr>\n<tr>\n<td>Base de soporte:  s\u00ed, 1 posici\u00f3n de \u00e1ngulo disponible (45\u00b0), montaje en pared (*el soporte de pared se vende por separado) qos layer 2 qos (802.1q, 802.1p) and layer 3 (tos, diffserv, mpls) qos<\/td>\n<\/tr>\n<tr>\n<td>Seguridad:  contrase\u00f1as de nivel de usuario y administrador, autenticaci\u00f3n basada en sha-256 y sha-256 sess archivo de configuraci\u00f3n cifrado aes de 256 bits, srtp, tls, control de acceso a medios 802.1x, arranque seguro<\/td>\n<\/tr>\n<tr>\n<td>M\u00faltiples idiomas:  chino simplificado, chino tradicional, ingl\u00e9s, \u00e1rabe, catal\u00e1n, checo, alem\u00e1n, griego, espa\u00f1ol, franc\u00e9s, hebreo, croata, magiar, italiano, japon\u00e9s, coreano, let\u00f3n, holand\u00e9s, polaco, portugu\u00e9s, ruso, sueco, esloveno, eslovaco, turco, ucraniano.<\/td>\n<\/tr>\n<tr>\n<td>Actualizaci\u00f3n\/aprovisionamiento:  actualizaci\u00f3n de firmware a trav\u00e9s de ftp\/tftp\/http\/https, aprovisionamiento masivo mediante gdms\/tr-069 o archivo de configuraci\u00f3n xml cifrado con aes<\/td>\n<\/tr>\n<tr>\n<td>Alimentaci\u00f3n y eficiencia de energ\u00eda limpia:  fuente de alimentaci\u00f3n universal ,entrada 100-240 v ca 50-60 hz; salida +5 v cc, 600 ma; poe: ieee802.3af clase 1, 3,84 w; ieee802.3az (eee) (solo grp2602p\/grp2602g)<\/td>\n<\/tr>\n<tr>\n<td>Temperatura y humedad: operaci\u00f3n: 0\u00b0c a 40\u00b0c &#8211; almacenamiento: -10\u00b0c a 60\u00b0c &#8211; humedad: 10% a 90% sin condensaci\u00f3n<\/td>\n<\/tr>\n<tr>\n<td>Contenido del paquete:  tel\u00e9fono grp2602, auricular con cable, soporte de base, fuente de alimentaci\u00f3n universal (solo grp2602 \/ grp2602w \/ grp2602g), cable de red, gu\u00eda de instalaci\u00f3n r\u00e1pida.<\/td>\n<\/tr>\n<tr>\n<td>Especificaciones f\u00edsicas:  dimensiones: 208 mm (largo) x 180 mm (ancho) x 63,4 mm (alto) (con auricular) &#8211; peso de la unidad: 670 &#8211; peso del paquete: 880 g<\/td>\n<\/tr>\n<tr>\n<td>Grp2602 \/ grp2602p \/ grp2602g conformidad:  fcc: parte 15 subparte b, clase b; parte 68 hac; ce: en 55032; en 55035; en 61000-3-2; en 61000-3-3; en 62368-1; rcm: as\/nzs cispr32; as\/nzs 62368.1; as\/ca s004; ic: ices-003; cs-03 parte v<\/td>\n<\/tr>\n<\/table>\n","protected":false},"excerpt":{"rendered":"<p>El grp2602, que forma parte de la serie grp de tel\u00e9fonos ip de nivel de operador, es un modelo esencial de 2 l\u00edneas dise\u00f1ado con aprovisionamiento sin intervenci\u00f3n para una implementaci\u00f3n masiva y una gesti\u00f3n sencilla. Cuenta con un dise\u00f1o elegante y un conjunto de funciones de \u00faltima generaci\u00f3n que incluyen compatibilidad con wi-fi 6 (grp2602w), conferencias de voz de 5 v\u00edas para maximizar la productividad, poe integrado (grp2602p\/grp2602g), audio full hd tanto en el altavoz como en el auricular para permitir que los usuarios se comuniquen con la m\u00e1xima claridad. Compatibilidad con ehs para auriculares plantronics, jabra y sennheiser y compatibilidad con varios idiomas. La serie grp incluye funciones de seguridad de nivel de operador para proporcionar seguridad de nivel empresarial, incluido arranque seguro, im\u00e1genes de firmware duales y almacenamiento de datos cifrados. Para el aprovisionamiento en la nube y la gesti\u00f3n centralizada, el grp2602 cuenta con el respaldo del sistema de gesti\u00f3n de dispositivos (gdms) de grandstream, que proporciona una interfaz centralizada para configurar, aprovisionar, gestionar y supervisar las implementaciones de los dispositivos finales de grandstream. Dise\u00f1ado para las necesidades de los trabajadores en sitio, en escritorios remotos y para una f\u00e1cil implementaci\u00f3n por parte de empresas, proveedores de servicios y otros mercados de gran volumen, el grp2602 ofrece un dispositivo final de voz f\u00e1cil de usar y f\u00e1cil de implementar.<\/p>\n","protected":false},"featured_media":258484,"comment_status":"open","ping_status":"open","template":"","meta":[],"product_cat":[1610,1757],"product_tag":[1576],"acf":[],"yoast_head":"<!-- This site is optimized with the Yoast SEO plugin v21.7 - https:\/\/yoast.com\/wordpress\/plugins\/seo\/ -->\n<title>[ Grandstream ] &#129351; Grp2602g T\u00e9lefono Ip \/ 2 Puertos De Red Fast Ethernet Giga, Pantalla Lcd Retroiluminada, Gesti\u00f3n Y Aprovisionamiento Desde La Nube Con Gdms, Soporte De Electronic Hook Switch (ehs) Para<\/title>\n<meta name=\"description\" content=\"Compra Grp2602g T\u00e9lefono Ip \/ 2 Puertos De Red Fast Ethernet Giga, Pantalla Lcd Retroiluminada, Gesti\u00f3n Y Aprovisionamiento Desde La Nube Con Gdms, Soporte De Electronic Hook Switch (ehs) Para + Env\u00edo a domicilio + Pago seguro + Garant\u00eda\" \/>\n<meta name=\"robots\" content=\"index, follow, max-snippet:-1, max-image-preview:large, max-video-preview:-1\" \/>\n<link rel=\"canonical\" href=\"https:\/\/compuviper.mx\/tienda\/producto\/grandstream-grp2602g-tlefono-ip-2-puertos-de-red-fast-ethernet-giga-pantalla-lcd-retroiluminada-gestin-y-aprovisionamiento-desde-la-nube-con-gdms-soporte-de-electronic-hook-switch-ehs-para\/\" \/>\n<meta property=\"og:locale\" content=\"es_MX\" \/>\n<meta property=\"og:type\" content=\"article\" \/>\n<meta property=\"og:title\" content=\"[ Grandstream ] &#129351; Grp2602g T\u00e9lefono Ip \/ 2 Puertos De Red Fast Ethernet Giga, Pantalla Lcd Retroiluminada, Gesti\u00f3n Y Aprovisionamiento Desde La Nube Con Gdms, Soporte De Electronic Hook Switch (ehs) Para\" \/>\n<meta property=\"og:description\" content=\"Compra Grp2602g T\u00e9lefono Ip \/ 2 Puertos De Red Fast Ethernet Giga, Pantalla Lcd Retroiluminada, Gesti\u00f3n Y Aprovisionamiento Desde La Nube Con Gdms, Soporte De Electronic Hook Switch (ehs) Para + Env\u00edo a domicilio + Pago seguro + Garant\u00eda\" \/>\n<meta property=\"og:url\" content=\"https:\/\/compuviper.mx\/tienda\/producto\/grandstream-grp2602g-tlefono-ip-2-puertos-de-red-fast-ethernet-giga-pantalla-lcd-retroiluminada-gestin-y-aprovisionamiento-desde-la-nube-con-gdms-soporte-de-electronic-hook-switch-ehs-para\/\" \/>\n<meta property=\"og:site_name\" content=\"Compuviper\" \/>\n<meta property=\"article:publisher\" content=\"https:\/\/www.facebook.com\/compuviper\" \/>\n<meta property=\"article:modified_time\" content=\"2026-04-16T08:19:50+00:00\" \/>\n<meta property=\"og:image\" content=\"https:\/\/compuviper.mx\/tienda\/wp-content\/uploads\/2025\/10\/Telefono-ip-grandstream-grp2602g-2-puertos-de-red-fast-ethernet-giga-pantalla-lcd-retroiluminada-gestion-y-aprovisionamiento-desde-la-nube-con-gdms-soporte-de-electronic-hook-switch-ehs-para.jpg\" \/>\n\t<meta property=\"og:image:width\" content=\"200\" \/>\n\t<meta property=\"og:image:height\" content=\"200\" \/>\n\t<meta property=\"og:image:type\" content=\"image\/jpeg\" \/>\n<meta name=\"twitter:card\" content=\"summary_large_image\" \/>\n<meta name=\"twitter:label1\" content=\"Precio\" \/>\n\t<meta name=\"twitter:data1\" content=\"&#36;858 &#36;783 con IVA\" \/>\n\t<meta name=\"twitter:label2\" content=\"Availability\" \/>\n\t<meta name=\"twitter:data2\" content=\"Out of stock\" \/>\n<script type=\"application\/ld+json\" class=\"yoast-schema-graph\">{\"@context\":\"https:\/\/schema.org\",\"@graph\":[{\"@type\":\"WebPage\",\"@id\":\"https:\/\/compuviper.mx\/tienda\/producto\/grandstream-grp2602g-tlefono-ip-2-puertos-de-red-fast-ethernet-giga-pantalla-lcd-retroiluminada-gestin-y-aprovisionamiento-desde-la-nube-con-gdms-soporte-de-electronic-hook-switch-ehs-para\/\",\"url\":\"https:\/\/compuviper.mx\/tienda\/producto\/grandstream-grp2602g-tlefono-ip-2-puertos-de-red-fast-ethernet-giga-pantalla-lcd-retroiluminada-gestin-y-aprovisionamiento-desde-la-nube-con-gdms-soporte-de-electronic-hook-switch-ehs-para\/\",\"name\":\"[ Grandstream ] &#129351; Grp2602g T\u00e9lefono Ip \/ 2 Puertos De Red Fast Ethernet Giga, Pantalla Lcd Retroiluminada, Gesti\u00f3n Y Aprovisionamiento Desde La Nube Con Gdms, Soporte De Electronic Hook Switch (ehs) Para\",\"isPartOf\":{\"@id\":\"https:\/\/compuviper.mx\/tienda\/#website\"},\"datePublished\":\"2026-04-16T08:19:49+00:00\",\"dateModified\":\"2026-04-16T08:19:50+00:00\",\"description\":\"Compra Grp2602g T\u00e9lefono Ip \/ 2 Puertos De Red Fast Ethernet Giga, Pantalla Lcd Retroiluminada, Gesti\u00f3n Y Aprovisionamiento Desde La Nube Con Gdms, Soporte De Electronic Hook Switch (ehs) Para + Env\u00edo a domicilio + Pago seguro + Garant\u00eda\",\"breadcrumb\":{\"@id\":\"https:\/\/compuviper.mx\/tienda\/producto\/grandstream-grp2602g-tlefono-ip-2-puertos-de-red-fast-ethernet-giga-pantalla-lcd-retroiluminada-gestin-y-aprovisionamiento-desde-la-nube-con-gdms-soporte-de-electronic-hook-switch-ehs-para\/#breadcrumb\"},\"inLanguage\":\"es-MX\",\"potentialAction\":[{\"@type\":\"ReadAction\",\"target\":[\"https:\/\/compuviper.mx\/tienda\/producto\/grandstream-grp2602g-tlefono-ip-2-puertos-de-red-fast-ethernet-giga-pantalla-lcd-retroiluminada-gestin-y-aprovisionamiento-desde-la-nube-con-gdms-soporte-de-electronic-hook-switch-ehs-para\/\"]}]},{\"@type\":\"BreadcrumbList\",\"@id\":\"https:\/\/compuviper.mx\/tienda\/producto\/grandstream-grp2602g-tlefono-ip-2-puertos-de-red-fast-ethernet-giga-pantalla-lcd-retroiluminada-gestin-y-aprovisionamiento-desde-la-nube-con-gdms-soporte-de-electronic-hook-switch-ehs-para\/#breadcrumb\",\"itemListElement\":[{\"@type\":\"ListItem\",\"position\":1,\"name\":\"Inicio\",\"item\":\"https:\/\/compuviper.mx\/tienda\/\"},{\"@type\":\"ListItem\",\"position\":2,\"name\":\"Productos\",\"item\":\"https:\/\/compuviper.mx\/tienda\/productos\/\"},{\"@type\":\"ListItem\",\"position\":3,\"name\":\"Telefonia\",\"item\":\"https:\/\/compuviper.mx\/tienda\/categoria-producto\/telefonia-2\/\"},{\"@type\":\"ListItem\",\"position\":4,\"name\":\"Telefono Ip\",\"item\":\"https:\/\/compuviper.mx\/tienda\/categoria-producto\/telefonia-2\/telefono-ip\/\"},{\"@type\":\"ListItem\",\"position\":5,\"name\":\"Grandstream Grp2602g T?lefono Ip \/ 2 Puertos De Red Fast Ethernet Giga, Pantalla Lcd Retroiluminada, Gesti?n Y Aprovisionamiento Desde La Nube Con Gdms, Soporte De Electronic Hook Switch (ehs) Para\"}]},{\"@type\":\"WebSite\",\"@id\":\"https:\/\/compuviper.mx\/tienda\/#website\",\"url\":\"https:\/\/compuviper.mx\/tienda\/\",\"name\":\"Compuviper\",\"description\":\"Proveedor de Computadoras, Laptops, Servidores, Monitores, Puntos de Venta, Teclados,   Impresoras, T\u00f3ner, C\u00e1maras de Seguridad y m\u00e1s en tu tienda en l\u00ednea\",\"publisher\":{\"@id\":\"https:\/\/compuviper.mx\/tienda\/#organization\"},\"potentialAction\":[{\"@type\":\"SearchAction\",\"target\":{\"@type\":\"EntryPoint\",\"urlTemplate\":\"https:\/\/compuviper.mx\/tienda\/?s={search_term_string}\"},\"query-input\":\"required name=search_term_string\"}],\"inLanguage\":\"es-MX\"},{\"@type\":\"Organization\",\"@id\":\"https:\/\/compuviper.mx\/tienda\/#organization\",\"name\":\"Compuviper\",\"url\":\"https:\/\/compuviper.mx\/tienda\/\",\"logo\":{\"@type\":\"ImageObject\",\"inLanguage\":\"es-MX\",\"@id\":\"https:\/\/compuviper.mx\/tienda\/#\/schema\/logo\/image\/\",\"url\":\"https:\/\/compuviper.mx\/tienda\/wp-content\/uploads\/2021\/08\/Logo-Compuviper-10.png\",\"contentUrl\":\"https:\/\/compuviper.mx\/tienda\/wp-content\/uploads\/2021\/08\/Logo-Compuviper-10.png\",\"width\":1000,\"height\":500,\"caption\":\"Compuviper\"},\"image\":{\"@id\":\"https:\/\/compuviper.mx\/tienda\/#\/schema\/logo\/image\/\"},\"sameAs\":[\"https:\/\/www.facebook.com\/compuviper\",\"https:\/\/www.youtube.com\/channel\/UCf73dERp9Y3cfOq7q8BhLjA?view_as=subscriber\"]}]}<\/script>\n<meta property=\"product:brand\" content=\"GRANDSTREAM\" \/>\n<meta property=\"product:price:amount\" content=\"783\" \/>\n<meta property=\"product:price:currency\" content=\"MXN\" \/>\n<meta property=\"og:availability\" content=\"out of stock\" \/>\n<meta property=\"product:availability\" content=\"out of stock\" \/>\n<meta property=\"product:retailer_item_id\" content=\"GRP2602G\" \/>\n<meta property=\"product:condition\" content=\"new\" \/>\n<!-- \/ Yoast SEO plugin. -->","yoast_head_json":{"title":"[ Grandstream ] &#129351; Grp2602g T\u00e9lefono Ip \/ 2 Puertos De Red Fast Ethernet Giga, Pantalla Lcd Retroiluminada, Gesti\u00f3n Y Aprovisionamiento Desde La Nube Con Gdms, Soporte De Electronic Hook Switch (ehs) Para","description":"Compra Grp2602g T\u00e9lefono Ip \/ 2 Puertos De Red Fast Ethernet Giga, Pantalla Lcd Retroiluminada, Gesti\u00f3n Y Aprovisionamiento Desde La Nube Con Gdms, Soporte De Electronic Hook Switch (ehs) Para + Env\u00edo a domicilio + Pago seguro + Garant\u00eda","robots":{"index":"index","follow":"follow","max-snippet":"max-snippet:-1","max-image-preview":"max-image-preview:large","max-video-preview":"max-video-preview:-1"},"canonical":"https:\/\/compuviper.mx\/tienda\/producto\/grandstream-grp2602g-tlefono-ip-2-puertos-de-red-fast-ethernet-giga-pantalla-lcd-retroiluminada-gestin-y-aprovisionamiento-desde-la-nube-con-gdms-soporte-de-electronic-hook-switch-ehs-para\/","og_locale":"es_MX","og_type":"article","og_title":"[ Grandstream ] &#129351; Grp2602g T\u00e9lefono Ip \/ 2 Puertos De Red Fast Ethernet Giga, Pantalla Lcd Retroiluminada, Gesti\u00f3n Y Aprovisionamiento Desde La Nube Con Gdms, Soporte De Electronic Hook Switch (ehs) Para","og_description":"Compra Grp2602g T\u00e9lefono Ip \/ 2 Puertos De Red Fast Ethernet Giga, Pantalla Lcd Retroiluminada, Gesti\u00f3n Y Aprovisionamiento Desde La Nube Con Gdms, Soporte De Electronic Hook Switch (ehs) Para + Env\u00edo a domicilio + Pago seguro + Garant\u00eda","og_url":"https:\/\/compuviper.mx\/tienda\/producto\/grandstream-grp2602g-tlefono-ip-2-puertos-de-red-fast-ethernet-giga-pantalla-lcd-retroiluminada-gestin-y-aprovisionamiento-desde-la-nube-con-gdms-soporte-de-electronic-hook-switch-ehs-para\/","og_site_name":"Compuviper","article_publisher":"https:\/\/www.facebook.com\/compuviper","article_modified_time":"2026-04-16T08:19:50+00:00","og_image":[{"width":200,"height":200,"url":"https:\/\/compuviper.mx\/tienda\/wp-content\/uploads\/2025\/10\/Telefono-ip-grandstream-grp2602g-2-puertos-de-red-fast-ethernet-giga-pantalla-lcd-retroiluminada-gestion-y-aprovisionamiento-desde-la-nube-con-gdms-soporte-de-electronic-hook-switch-ehs-para.jpg","type":"image\/jpeg"}],"twitter_card":"summary_large_image","twitter_misc":{"Precio":"&#36;858 &#36;783 con IVA","Availability":"Out of stock"},"schema":{"@context":"https:\/\/schema.org","@graph":[{"@type":"WebPage","@id":"https:\/\/compuviper.mx\/tienda\/producto\/grandstream-grp2602g-tlefono-ip-2-puertos-de-red-fast-ethernet-giga-pantalla-lcd-retroiluminada-gestin-y-aprovisionamiento-desde-la-nube-con-gdms-soporte-de-electronic-hook-switch-ehs-para\/","url":"https:\/\/compuviper.mx\/tienda\/producto\/grandstream-grp2602g-tlefono-ip-2-puertos-de-red-fast-ethernet-giga-pantalla-lcd-retroiluminada-gestin-y-aprovisionamiento-desde-la-nube-con-gdms-soporte-de-electronic-hook-switch-ehs-para\/","name":"[ Grandstream ] &#129351; Grp2602g T\u00e9lefono Ip \/ 2 Puertos De Red Fast Ethernet Giga, Pantalla Lcd Retroiluminada, Gesti\u00f3n Y Aprovisionamiento Desde La Nube Con Gdms, Soporte De Electronic Hook Switch (ehs) Para","isPartOf":{"@id":"https:\/\/compuviper.mx\/tienda\/#website"},"datePublished":"2026-04-16T08:19:49+00:00","dateModified":"2026-04-16T08:19:50+00:00","description":"Compra Grp2602g T\u00e9lefono Ip \/ 2 Puertos De Red Fast Ethernet Giga, Pantalla Lcd Retroiluminada, Gesti\u00f3n Y Aprovisionamiento Desde La Nube Con Gdms, Soporte De Electronic Hook Switch (ehs) Para + Env\u00edo a domicilio + Pago seguro + Garant\u00eda","breadcrumb":{"@id":"https:\/\/compuviper.mx\/tienda\/producto\/grandstream-grp2602g-tlefono-ip-2-puertos-de-red-fast-ethernet-giga-pantalla-lcd-retroiluminada-gestin-y-aprovisionamiento-desde-la-nube-con-gdms-soporte-de-electronic-hook-switch-ehs-para\/#breadcrumb"},"inLanguage":"es-MX","potentialAction":[{"@type":"ReadAction","target":["https:\/\/compuviper.mx\/tienda\/producto\/grandstream-grp2602g-tlefono-ip-2-puertos-de-red-fast-ethernet-giga-pantalla-lcd-retroiluminada-gestin-y-aprovisionamiento-desde-la-nube-con-gdms-soporte-de-electronic-hook-switch-ehs-para\/"]}]},{"@type":"BreadcrumbList","@id":"https:\/\/compuviper.mx\/tienda\/producto\/grandstream-grp2602g-tlefono-ip-2-puertos-de-red-fast-ethernet-giga-pantalla-lcd-retroiluminada-gestin-y-aprovisionamiento-desde-la-nube-con-gdms-soporte-de-electronic-hook-switch-ehs-para\/#breadcrumb","itemListElement":[{"@type":"ListItem","position":1,"name":"Inicio","item":"https:\/\/compuviper.mx\/tienda\/"},{"@type":"ListItem","position":2,"name":"Productos","item":"https:\/\/compuviper.mx\/tienda\/productos\/"},{"@type":"ListItem","position":3,"name":"Telefonia","item":"https:\/\/compuviper.mx\/tienda\/categoria-producto\/telefonia-2\/"},{"@type":"ListItem","position":4,"name":"Telefono Ip","item":"https:\/\/compuviper.mx\/tienda\/categoria-producto\/telefonia-2\/telefono-ip\/"},{"@type":"ListItem","position":5,"name":"Grandstream Grp2602g T?lefono Ip \/ 2 Puertos De Red Fast Ethernet Giga, Pantalla Lcd Retroiluminada, Gesti?n Y Aprovisionamiento Desde La Nube Con Gdms, Soporte De Electronic Hook Switch (ehs) Para"}]},{"@type":"WebSite","@id":"https:\/\/compuviper.mx\/tienda\/#website","url":"https:\/\/compuviper.mx\/tienda\/","name":"Compuviper","description":"Proveedor de Computadoras, Laptops, Servidores, Monitores, Puntos de Venta, Teclados,   Impresoras, T\u00f3ner, C\u00e1maras de Seguridad y m\u00e1s en tu tienda en l\u00ednea","publisher":{"@id":"https:\/\/compuviper.mx\/tienda\/#organization"},"potentialAction":[{"@type":"SearchAction","target":{"@type":"EntryPoint","urlTemplate":"https:\/\/compuviper.mx\/tienda\/?s={search_term_string}"},"query-input":"required name=search_term_string"}],"inLanguage":"es-MX"},{"@type":"Organization","@id":"https:\/\/compuviper.mx\/tienda\/#organization","name":"Compuviper","url":"https:\/\/compuviper.mx\/tienda\/","logo":{"@type":"ImageObject","inLanguage":"es-MX","@id":"https:\/\/compuviper.mx\/tienda\/#\/schema\/logo\/image\/","url":"https:\/\/compuviper.mx\/tienda\/wp-content\/uploads\/2021\/08\/Logo-Compuviper-10.png","contentUrl":"https:\/\/compuviper.mx\/tienda\/wp-content\/uploads\/2021\/08\/Logo-Compuviper-10.png","width":1000,"height":500,"caption":"Compuviper"},"image":{"@id":"https:\/\/compuviper.mx\/tienda\/#\/schema\/logo\/image\/"},"sameAs":["https:\/\/www.facebook.com\/compuviper","https:\/\/www.youtube.com\/channel\/UCf73dERp9Y3cfOq7q8BhLjA?view_as=subscriber"]}]},"product_brand":"GRANDSTREAM","product_price_amount":"783","product_price_currency":"MXN","og_availability":"out of stock","product_availability":"out of stock","product_retailer_item_id":"GRP2602G","product_condition":"new"},"_links":{"self":[{"href":"https:\/\/compuviper.mx\/tienda\/wp-json\/wp\/v2\/product\/247742"}],"collection":[{"href":"https:\/\/compuviper.mx\/tienda\/wp-json\/wp\/v2\/product"}],"about":[{"href":"https:\/\/compuviper.mx\/tienda\/wp-json\/wp\/v2\/types\/product"}],"replies":[{"embeddable":true,"href":"https:\/\/compuviper.mx\/tienda\/wp-json\/wp\/v2\/comments?post=247742"}],"wp:featuredmedia":[{"embeddable":true,"href":"https:\/\/compuviper.mx\/tienda\/wp-json\/wp\/v2\/media\/258484"}],"wp:attachment":[{"href":"https:\/\/compuviper.mx\/tienda\/wp-json\/wp\/v2\/media?parent=247742"}],"wp:term":[{"taxonomy":"product_cat","embeddable":true,"href":"https:\/\/compuviper.mx\/tienda\/wp-json\/wp\/v2\/product_cat?post=247742"},{"taxonomy":"product_tag","embeddable":true,"href":"https:\/\/compuviper.mx\/tienda\/wp-json\/wp\/v2\/product_tag?post=247742"}],"curies":[{"name":"wp","href":"https:\/\/api.w.org\/{rel}","templated":true}]}}