{"id":247728,"date":"2026-04-18T01:14:19","date_gmt":"2026-04-18T07:14:19","guid":{"rendered":"https:\/\/compuviper.mx\/tienda\/producto\/grandstream-gcc6011-router-4-en-1-firewall-router-pbx-ip-switch-10-puertos-gigabit-4-poe-2-puertos-sfp-2-5-gigabit\/"},"modified":"2026-04-18T01:14:19","modified_gmt":"2026-04-18T07:14:19","slug":"grandstream-gcc6011-router-4-en-1-firewall-router-pbx-ip-switch-10-puertos-gigabit-4-poe-2-puertos-sfp-2-5-gigabit","status":"publish","type":"product","link":"https:\/\/compuviper.mx\/tienda\/producto\/grandstream-gcc6011-router-4-en-1-firewall-router-pbx-ip-switch-10-puertos-gigabit-4-poe-2-puertos-sfp-2-5-gigabit\/","title":{"rendered":"Grandstream Gcc6011 Router   \/ 4 En 1: Firewall, Router, Pbx Ip, Switch 10 Puertos Gigabit (4 Poe) + 2 Puertos Sfp 2.5 Gigabit"},"content":{"rendered":"<table class=\"descripcion\">\n<tr>\n<td>Puertos de red:  2 puertos sfp de 2.5 gigabit y 10 puertos gigabit ethernet<\/td>\n<\/tr>\n<tr>\n<td>3x wan fijos<\/td>\n<\/tr>\n<tr>\n<td>Puertos auxiliares:  1xmicro-sd, 1xusb 3.0, 1x reinicio<\/td>\n<\/tr>\n<tr>\n<td>Memoria:  2 gb de ram, 32 gb de memoria flash emmc<\/td>\n<\/tr>\n<tr>\n<td>Almacenamiento externo:   opcional, hasta 1t m.2 ssd<\/td>\n<\/tr>\n<tr>\n<td>Router:  2.5gbps<\/td>\n<\/tr>\n<tr>\n<td>Ipsec vpn throughput:  1gbps<\/td>\n<\/tr>\n<tr>\n<td>Sesiones nat:  160k<\/td>\n<\/tr>\n<tr>\n<td>Ids\/ips:  900mbps<\/td>\n<\/tr>\n<tr>\n<td>Pbx:  -12 usuarios y 4 llamadas simult\u00e1neas de forma predeterminada &#8211; actualizaciones disponibles para su compra.<\/td>\n<\/tr>\n<tr>\n<td>Salida poe:  4 x puertos de salida poe, ieee802.3af\/at, potencia m\u00e1xima de poe: 36w<\/td>\n<\/tr>\n<tr>\n<td>Montaje:  montaje en escritorio, pared y bastidor<\/td>\n<\/tr>\n<tr>\n<td>Material:  metal<\/td>\n<\/tr>\n<tr>\n<td>Leds:  12 led individuales, 4 led poe y 1 led rgb paraseguimiento de dispositivos e indicacin de estado<\/td>\n<\/tr>\n<tr>\n<td>Tipo de coneccin:  dhcp, ip est\u00e1tica, pppoe<\/td>\n<\/tr>\n<tr>\n<td>Protocolos de red:  ipv4, ipv6, ieee802.1q ,ieee 802.1p, ieee802.1x, ieee802.3, ieee 802.3u, ieee 802.3x,ieee802.3ab<\/td>\n<\/tr>\n<tr>\n<td>Qos:  \u0095 vlan, tos \u0095 permite mltiples clases de tr\u00e1fico, filtrado por puerto, direccin ip, dscp y vigilancia. \u0095 app qos: monitoreo de aplicaciones\/protocolos y estadsticas de tr\u00e1fico. \u0095 priorizacin de voip firewall. \u0095 ddns, reenvo de puertos, dmz, upnp, defensa dos y suplantacin de identidad, normas de tr\u00e1fico, nat \u0095 dpi, antivirus, ips\/ids, proxy ssl \u0095 control de contenido: filtrado de dns, filtrado de url web\/clase\/palabras clave, identificacin y control de aplicaciones<\/td>\n<\/tr>\n<tr>\n<td>Administracin de redes:   sistema de administracin de dispositivos grandstream gdms, gui web local, ssh y snmp v1\/v2c\/v3<\/td>\n<\/tr>\n<tr>\n<td>M\u00e1ximos aps\/clientes:  hasta 150 ap gwn; hasta 500 clientes<\/td>\n<\/tr>\n<tr>\n<td>Energa y eficiencia energtica verde:  adaptador de corriente universal incluido: -entrada 100-240 vca 50-60 hz -salida: 48 vcc 1 a 48 w; -4 x puertos de salida poe, ieee802.3af\/at, -potencia m\u00e1xima de poe: 36w<\/td>\n<\/tr>\n<tr>\n<td>Condiciones ambientales ideales:  &#8211; operacin: 0\u00b0c a 45\u00b0c &#8211; almacenamiento: -30\u00b0c a 60\u00b0c &#8211; humedad: 5 a 95 sin condensacin<\/td>\n<\/tr>\n<tr>\n<td>Fsico:  &#8211; dimensiones de la unidad: 280 x 180 x 44 mm &#8211; peso unitario: 1200 g &#8211; dimensin completa del paquete: 366 x 211 x 53 mm &#8211; peso completo del paquete: 1600 g.<\/td>\n<\/tr>\n<tr>\n<td>Contenido del paquete:  gcc6010\/gcc6011, fuente de alimentacin universal, kit de montaje en rak solo gcc6011, gua de instalacin r\u00e1pida<\/td>\n<\/tr>\n<tr>\n<td>Cumplimiento:  fcc, ce, rcm, ic<\/td>\n<\/tr>\n<\/table>\n","protected":false},"excerpt":{"rendered":"<p>La serie gcc6010 proporciona una extraordinaria solucin todo en uno que redefine la experiencia de las comunicaciones al fusionar sus soluciones de redes y comunicaciones unificadas en una sola plataforma. Estos dispositivos de ltima generacin combinan la funcionalidad de 4 productos para brindar una solucin todo en uno que incluye un router vpn, un firewall de prxima generacin, ip pbx y un switch de red o punto de acceso wi-fi. Con la serie gcc, puede crear y administrar redes cableadas, inal\u00e1mbricas y vpn, brindar seguridad de red de nivel empresarial y utilizar una plataforma de comunicacin y colaboracin lder en el mercado. Estos dispositivos flexibles brindan administracin unificada y control centralizado de todas las soluciones de dispositivos de grandstream, incluidos ap wi-fi, switches de red, telfonos ip y m\u00e1s. La serie gcc permite configurar soluciones completas de uc, redes y seguridad en minutos y administrarlas a travs de la nube con grandstream device management system gdms. Tambin se puede administrar a travs de nuestra aplicacin mvil, interfaz de usuario web local y administracin de consola ssh. Ideal para pequeas y medianas empresas, la serie gcc6010 proporciona una plataforma todo en uno que combina todas las necesidades de datos, seguridad, comunicacin y colaboracin del negocio en un solo dispositivo, lo que hace que sea m\u00e1s f\u00e1cil y asequible que nunca construir soluciones de comunicacin de ltima generacin.<\/p>\n","protected":false},"featured_media":260125,"comment_status":"open","ping_status":"open","template":"","meta":[],"product_cat":[1563,1753],"product_tag":[1576],"acf":[],"yoast_head":"<!-- This site is optimized with the Yoast SEO plugin v21.7 - https:\/\/yoast.com\/wordpress\/plugins\/seo\/ -->\n<title>[ Grandstream ] &#129351; Gcc6011 Router \/ 4 En 1: Firewall, Router, Pbx Ip, Switch 10 Puertos Gigabit (4 Poe) + 2 Puertos Sfp 2.5 Gigabit<\/title>\n<meta name=\"description\" content=\"Compra Gcc6011 Router \/ 4 En 1: Firewall, Router, Pbx Ip, Switch 10 Puertos Gigabit (4 Poe) + 2 Puertos Sfp 2.5 Gigabit + Env\u00edo a domicilio + Pago seguro + Garant\u00eda\" \/>\n<meta name=\"robots\" content=\"index, follow, max-snippet:-1, max-image-preview:large, max-video-preview:-1\" \/>\n<link rel=\"canonical\" href=\"https:\/\/compuviper.mx\/tienda\/producto\/grandstream-gcc6011-router-4-en-1-firewall-router-pbx-ip-switch-10-puertos-gigabit-4-poe-2-puertos-sfp-2-5-gigabit\/\" \/>\n<meta property=\"og:locale\" content=\"es_MX\" \/>\n<meta property=\"og:type\" content=\"article\" \/>\n<meta property=\"og:title\" content=\"[ Grandstream ] &#129351; Gcc6011 Router \/ 4 En 1: Firewall, Router, Pbx Ip, Switch 10 Puertos Gigabit (4 Poe) + 2 Puertos Sfp 2.5 Gigabit\" \/>\n<meta property=\"og:description\" content=\"Compra Gcc6011 Router \/ 4 En 1: Firewall, Router, Pbx Ip, Switch 10 Puertos Gigabit (4 Poe) + 2 Puertos Sfp 2.5 Gigabit + Env\u00edo a domicilio + Pago seguro + Garant\u00eda\" \/>\n<meta property=\"og:url\" content=\"https:\/\/compuviper.mx\/tienda\/producto\/grandstream-gcc6011-router-4-en-1-firewall-router-pbx-ip-switch-10-puertos-gigabit-4-poe-2-puertos-sfp-2-5-gigabit\/\" \/>\n<meta property=\"og:site_name\" content=\"Compuviper\" \/>\n<meta property=\"article:publisher\" content=\"https:\/\/www.facebook.com\/compuviper\" \/>\n<meta property=\"og:image\" content=\"https:\/\/compuviper.mx\/tienda\/wp-content\/uploads\/2025\/10\/Router-grandstream-gcc6011-4-en-1-firewall-router-pbx-ip-switch-10-puertos-gigabit-4-poe-2-puertos-sfp-2.5-gigabit.jpg\" \/>\n\t<meta property=\"og:image:width\" content=\"200\" \/>\n\t<meta property=\"og:image:height\" content=\"200\" \/>\n\t<meta property=\"og:image:type\" content=\"image\/jpeg\" \/>\n<meta name=\"twitter:card\" content=\"summary_large_image\" \/>\n<meta name=\"twitter:label1\" content=\"Precio\" \/>\n\t<meta name=\"twitter:data1\" content=\"&#36;4,369 con IVA\" \/>\n\t<meta name=\"twitter:label2\" content=\"Availability\" \/>\n\t<meta name=\"twitter:data2\" content=\"On backorder\" \/>\n<script type=\"application\/ld+json\" class=\"yoast-schema-graph\">{\"@context\":\"https:\/\/schema.org\",\"@graph\":[{\"@type\":\"WebPage\",\"@id\":\"https:\/\/compuviper.mx\/tienda\/producto\/grandstream-gcc6011-router-4-en-1-firewall-router-pbx-ip-switch-10-puertos-gigabit-4-poe-2-puertos-sfp-2-5-gigabit\/\",\"url\":\"https:\/\/compuviper.mx\/tienda\/producto\/grandstream-gcc6011-router-4-en-1-firewall-router-pbx-ip-switch-10-puertos-gigabit-4-poe-2-puertos-sfp-2-5-gigabit\/\",\"name\":\"[ Grandstream ] &#129351; Gcc6011 Router \/ 4 En 1: Firewall, Router, Pbx Ip, Switch 10 Puertos Gigabit (4 Poe) + 2 Puertos Sfp 2.5 Gigabit\",\"isPartOf\":{\"@id\":\"https:\/\/compuviper.mx\/tienda\/#website\"},\"datePublished\":\"2026-04-18T07:14:19+00:00\",\"dateModified\":\"2026-04-18T07:14:19+00:00\",\"description\":\"Compra Gcc6011 Router \/ 4 En 1: Firewall, Router, Pbx Ip, Switch 10 Puertos Gigabit (4 Poe) + 2 Puertos Sfp 2.5 Gigabit + Env\u00edo a domicilio + Pago seguro + Garant\u00eda\",\"breadcrumb\":{\"@id\":\"https:\/\/compuviper.mx\/tienda\/producto\/grandstream-gcc6011-router-4-en-1-firewall-router-pbx-ip-switch-10-puertos-gigabit-4-poe-2-puertos-sfp-2-5-gigabit\/#breadcrumb\"},\"inLanguage\":\"es-MX\",\"potentialAction\":[{\"@type\":\"ReadAction\",\"target\":[\"https:\/\/compuviper.mx\/tienda\/producto\/grandstream-gcc6011-router-4-en-1-firewall-router-pbx-ip-switch-10-puertos-gigabit-4-poe-2-puertos-sfp-2-5-gigabit\/\"]}]},{\"@type\":\"BreadcrumbList\",\"@id\":\"https:\/\/compuviper.mx\/tienda\/producto\/grandstream-gcc6011-router-4-en-1-firewall-router-pbx-ip-switch-10-puertos-gigabit-4-poe-2-puertos-sfp-2-5-gigabit\/#breadcrumb\",\"itemListElement\":[{\"@type\":\"ListItem\",\"position\":1,\"name\":\"Inicio\",\"item\":\"https:\/\/compuviper.mx\/tienda\/\"},{\"@type\":\"ListItem\",\"position\":2,\"name\":\"Productos\",\"item\":\"https:\/\/compuviper.mx\/tienda\/productos\/\"},{\"@type\":\"ListItem\",\"position\":3,\"name\":\"Redes\",\"item\":\"https:\/\/compuviper.mx\/tienda\/categoria-producto\/redes\/\"},{\"@type\":\"ListItem\",\"position\":4,\"name\":\"Router\",\"item\":\"https:\/\/compuviper.mx\/tienda\/categoria-producto\/redes\/router\/\"},{\"@type\":\"ListItem\",\"position\":5,\"name\":\"Grandstream Gcc6011 Router \/ 4 En 1: Firewall, Router, Pbx Ip, Switch 10 Puertos Gigabit (4 Poe) + 2 Puertos Sfp 2.5 Gigabit\"}]},{\"@type\":\"WebSite\",\"@id\":\"https:\/\/compuviper.mx\/tienda\/#website\",\"url\":\"https:\/\/compuviper.mx\/tienda\/\",\"name\":\"Compuviper\",\"description\":\"Proveedor de Computadoras, Laptops, Servidores, Monitores, Puntos de Venta, Teclados,   Impresoras, T\u00f3ner, C\u00e1maras de Seguridad y m\u00e1s en tu tienda en l\u00ednea\",\"publisher\":{\"@id\":\"https:\/\/compuviper.mx\/tienda\/#organization\"},\"potentialAction\":[{\"@type\":\"SearchAction\",\"target\":{\"@type\":\"EntryPoint\",\"urlTemplate\":\"https:\/\/compuviper.mx\/tienda\/?s={search_term_string}\"},\"query-input\":\"required name=search_term_string\"}],\"inLanguage\":\"es-MX\"},{\"@type\":\"Organization\",\"@id\":\"https:\/\/compuviper.mx\/tienda\/#organization\",\"name\":\"Compuviper\",\"url\":\"https:\/\/compuviper.mx\/tienda\/\",\"logo\":{\"@type\":\"ImageObject\",\"inLanguage\":\"es-MX\",\"@id\":\"https:\/\/compuviper.mx\/tienda\/#\/schema\/logo\/image\/\",\"url\":\"https:\/\/compuviper.mx\/tienda\/wp-content\/uploads\/2021\/08\/Logo-Compuviper-10.png\",\"contentUrl\":\"https:\/\/compuviper.mx\/tienda\/wp-content\/uploads\/2021\/08\/Logo-Compuviper-10.png\",\"width\":1000,\"height\":500,\"caption\":\"Compuviper\"},\"image\":{\"@id\":\"https:\/\/compuviper.mx\/tienda\/#\/schema\/logo\/image\/\"},\"sameAs\":[\"https:\/\/www.facebook.com\/compuviper\",\"https:\/\/www.youtube.com\/channel\/UCf73dERp9Y3cfOq7q8BhLjA?view_as=subscriber\"]}]}<\/script>\n<meta property=\"product:brand\" content=\"GRANDSTREAM\" \/>\n<meta property=\"product:price:amount\" content=\"4369\" \/>\n<meta property=\"product:price:currency\" content=\"MXN\" \/>\n<meta property=\"og:availability\" content=\"backorder\" \/>\n<meta property=\"product:availability\" content=\"available for order\" \/>\n<meta property=\"product:retailer_item_id\" content=\"GCC6011\" \/>\n<meta property=\"product:condition\" content=\"new\" \/>\n<!-- \/ Yoast SEO plugin. -->","yoast_head_json":{"title":"[ Grandstream ] &#129351; Gcc6011 Router \/ 4 En 1: Firewall, Router, Pbx Ip, Switch 10 Puertos Gigabit (4 Poe) + 2 Puertos Sfp 2.5 Gigabit","description":"Compra Gcc6011 Router \/ 4 En 1: Firewall, Router, Pbx Ip, Switch 10 Puertos Gigabit (4 Poe) + 2 Puertos Sfp 2.5 Gigabit + Env\u00edo a domicilio + Pago seguro + Garant\u00eda","robots":{"index":"index","follow":"follow","max-snippet":"max-snippet:-1","max-image-preview":"max-image-preview:large","max-video-preview":"max-video-preview:-1"},"canonical":"https:\/\/compuviper.mx\/tienda\/producto\/grandstream-gcc6011-router-4-en-1-firewall-router-pbx-ip-switch-10-puertos-gigabit-4-poe-2-puertos-sfp-2-5-gigabit\/","og_locale":"es_MX","og_type":"article","og_title":"[ Grandstream ] &#129351; Gcc6011 Router \/ 4 En 1: Firewall, Router, Pbx Ip, Switch 10 Puertos Gigabit (4 Poe) + 2 Puertos Sfp 2.5 Gigabit","og_description":"Compra Gcc6011 Router \/ 4 En 1: Firewall, Router, Pbx Ip, Switch 10 Puertos Gigabit (4 Poe) + 2 Puertos Sfp 2.5 Gigabit + Env\u00edo a domicilio + Pago seguro + Garant\u00eda","og_url":"https:\/\/compuviper.mx\/tienda\/producto\/grandstream-gcc6011-router-4-en-1-firewall-router-pbx-ip-switch-10-puertos-gigabit-4-poe-2-puertos-sfp-2-5-gigabit\/","og_site_name":"Compuviper","article_publisher":"https:\/\/www.facebook.com\/compuviper","og_image":[{"width":200,"height":200,"url":"https:\/\/compuviper.mx\/tienda\/wp-content\/uploads\/2025\/10\/Router-grandstream-gcc6011-4-en-1-firewall-router-pbx-ip-switch-10-puertos-gigabit-4-poe-2-puertos-sfp-2.5-gigabit.jpg","type":"image\/jpeg"}],"twitter_card":"summary_large_image","twitter_misc":{"Precio":"&#36;4,369 con IVA","Availability":"On backorder"},"schema":{"@context":"https:\/\/schema.org","@graph":[{"@type":"WebPage","@id":"https:\/\/compuviper.mx\/tienda\/producto\/grandstream-gcc6011-router-4-en-1-firewall-router-pbx-ip-switch-10-puertos-gigabit-4-poe-2-puertos-sfp-2-5-gigabit\/","url":"https:\/\/compuviper.mx\/tienda\/producto\/grandstream-gcc6011-router-4-en-1-firewall-router-pbx-ip-switch-10-puertos-gigabit-4-poe-2-puertos-sfp-2-5-gigabit\/","name":"[ Grandstream ] &#129351; Gcc6011 Router \/ 4 En 1: Firewall, Router, Pbx Ip, Switch 10 Puertos Gigabit (4 Poe) + 2 Puertos Sfp 2.5 Gigabit","isPartOf":{"@id":"https:\/\/compuviper.mx\/tienda\/#website"},"datePublished":"2026-04-18T07:14:19+00:00","dateModified":"2026-04-18T07:14:19+00:00","description":"Compra Gcc6011 Router \/ 4 En 1: Firewall, Router, Pbx Ip, Switch 10 Puertos Gigabit (4 Poe) + 2 Puertos Sfp 2.5 Gigabit + Env\u00edo a domicilio + Pago seguro + Garant\u00eda","breadcrumb":{"@id":"https:\/\/compuviper.mx\/tienda\/producto\/grandstream-gcc6011-router-4-en-1-firewall-router-pbx-ip-switch-10-puertos-gigabit-4-poe-2-puertos-sfp-2-5-gigabit\/#breadcrumb"},"inLanguage":"es-MX","potentialAction":[{"@type":"ReadAction","target":["https:\/\/compuviper.mx\/tienda\/producto\/grandstream-gcc6011-router-4-en-1-firewall-router-pbx-ip-switch-10-puertos-gigabit-4-poe-2-puertos-sfp-2-5-gigabit\/"]}]},{"@type":"BreadcrumbList","@id":"https:\/\/compuviper.mx\/tienda\/producto\/grandstream-gcc6011-router-4-en-1-firewall-router-pbx-ip-switch-10-puertos-gigabit-4-poe-2-puertos-sfp-2-5-gigabit\/#breadcrumb","itemListElement":[{"@type":"ListItem","position":1,"name":"Inicio","item":"https:\/\/compuviper.mx\/tienda\/"},{"@type":"ListItem","position":2,"name":"Productos","item":"https:\/\/compuviper.mx\/tienda\/productos\/"},{"@type":"ListItem","position":3,"name":"Redes","item":"https:\/\/compuviper.mx\/tienda\/categoria-producto\/redes\/"},{"@type":"ListItem","position":4,"name":"Router","item":"https:\/\/compuviper.mx\/tienda\/categoria-producto\/redes\/router\/"},{"@type":"ListItem","position":5,"name":"Grandstream Gcc6011 Router \/ 4 En 1: Firewall, Router, Pbx Ip, Switch 10 Puertos Gigabit (4 Poe) + 2 Puertos Sfp 2.5 Gigabit"}]},{"@type":"WebSite","@id":"https:\/\/compuviper.mx\/tienda\/#website","url":"https:\/\/compuviper.mx\/tienda\/","name":"Compuviper","description":"Proveedor de Computadoras, Laptops, Servidores, Monitores, Puntos de Venta, Teclados,   Impresoras, T\u00f3ner, C\u00e1maras de Seguridad y m\u00e1s en tu tienda en l\u00ednea","publisher":{"@id":"https:\/\/compuviper.mx\/tienda\/#organization"},"potentialAction":[{"@type":"SearchAction","target":{"@type":"EntryPoint","urlTemplate":"https:\/\/compuviper.mx\/tienda\/?s={search_term_string}"},"query-input":"required name=search_term_string"}],"inLanguage":"es-MX"},{"@type":"Organization","@id":"https:\/\/compuviper.mx\/tienda\/#organization","name":"Compuviper","url":"https:\/\/compuviper.mx\/tienda\/","logo":{"@type":"ImageObject","inLanguage":"es-MX","@id":"https:\/\/compuviper.mx\/tienda\/#\/schema\/logo\/image\/","url":"https:\/\/compuviper.mx\/tienda\/wp-content\/uploads\/2021\/08\/Logo-Compuviper-10.png","contentUrl":"https:\/\/compuviper.mx\/tienda\/wp-content\/uploads\/2021\/08\/Logo-Compuviper-10.png","width":1000,"height":500,"caption":"Compuviper"},"image":{"@id":"https:\/\/compuviper.mx\/tienda\/#\/schema\/logo\/image\/"},"sameAs":["https:\/\/www.facebook.com\/compuviper","https:\/\/www.youtube.com\/channel\/UCf73dERp9Y3cfOq7q8BhLjA?view_as=subscriber"]}]},"product_brand":"GRANDSTREAM","product_price_amount":"4369","product_price_currency":"MXN","og_availability":"backorder","product_availability":"available for order","product_retailer_item_id":"GCC6011","product_condition":"new"},"_links":{"self":[{"href":"https:\/\/compuviper.mx\/tienda\/wp-json\/wp\/v2\/product\/247728"}],"collection":[{"href":"https:\/\/compuviper.mx\/tienda\/wp-json\/wp\/v2\/product"}],"about":[{"href":"https:\/\/compuviper.mx\/tienda\/wp-json\/wp\/v2\/types\/product"}],"replies":[{"embeddable":true,"href":"https:\/\/compuviper.mx\/tienda\/wp-json\/wp\/v2\/comments?post=247728"}],"wp:featuredmedia":[{"embeddable":true,"href":"https:\/\/compuviper.mx\/tienda\/wp-json\/wp\/v2\/media\/260125"}],"wp:attachment":[{"href":"https:\/\/compuviper.mx\/tienda\/wp-json\/wp\/v2\/media?parent=247728"}],"wp:term":[{"taxonomy":"product_cat","embeddable":true,"href":"https:\/\/compuviper.mx\/tienda\/wp-json\/wp\/v2\/product_cat?post=247728"},{"taxonomy":"product_tag","embeddable":true,"href":"https:\/\/compuviper.mx\/tienda\/wp-json\/wp\/v2\/product_tag?post=247728"}],"curies":[{"name":"wp","href":"https:\/\/api.w.org\/{rel}","templated":true}]}}