{"id":247727,"date":"2026-04-02T00:50:41","date_gmt":"2026-04-02T06:50:41","guid":{"rendered":"https:\/\/compuviper.mx\/tienda\/producto\/nec-m431-2-monitor-profesional-de-43-uhd-3840-x-2160-24-7-500-cd-m2-80001-hdmi-displayport-hdcp-hdr10-hlg-pq-usb-rj-45-intel-sdm-y-rpi4-3aos-de-garantia\/"},"modified":"2026-04-02T00:50:42","modified_gmt":"2026-04-02T06:50:42","slug":"nec-m431-2-monitor-profesional-de-43-uhd-3840-x-2160-24-7-500-cd-m2-80001-hdmi-displayport-hdcp-hdr10-hlg-pq-usb-rj-45-intel-sdm-y-rpi4-3aos-de-garantia","status":"publish","type":"product","link":"https:\/\/compuviper.mx\/tienda\/producto\/nec-m431-2-monitor-profesional-de-43-uhd-3840-x-2160-24-7-500-cd-m2-80001-hdmi-displayport-hdcp-hdr10-hlg-pq-usb-rj-45-intel-sdm-y-rpi4-3aos-de-garantia\/","title":{"rendered":"Nec M431-2 Monitor Profesional  De 43  Uhd 3840 X 2160 24\/7, 500 Cd\/m2, 8000:1, Hdmi, Displayport Hdcp, Hdr10, Hlg, Pq, Usb, Rj-45, Intel Sdm Y Rpi4 3a?os De Garantia"},"content":{"rendered":"<table class=\"descripcion\">\n<tr>\n<td>Tecnolog\u00eda del panel ips con retroiluminaci\u00f3n led edge<\/td>\n<\/tr>\n<tr>\n<td>Tama\u00f1o de pantalla [pulgadas\/cm] 43 \/ 108<\/td>\n<\/tr>\n<tr>\n<td>Relaci\u00f3n de aspecto 16:9<\/td>\n<\/tr>\n<tr>\n<td>Brillo [cd\/m\u00b2] 500<\/td>\n<\/tr>\n<tr>\n<td>Contrast ratio  and #8805; 8000:1 1<\/td>\n<\/tr>\n<tr>\n<td>\u00e1ngulo de visi\u00f3n [\u00b0] 178 horizontal \/ 178 vertical (t\u00edp. en ratio de contraste 10:1)<\/td>\n<\/tr>\n<tr>\n<td>Colour depth [bn] 1.076 (10bit)<\/td>\n<\/tr>\n<tr>\n<td>Tiempo de respuesta (t\u00edp.) [msec] 8<\/td>\n<\/tr>\n<tr>\n<td>Frecuencia de refresco [hz] 60<\/td>\n<\/tr>\n<tr>\n<td>Haze level [%] pro (28)<\/td>\n<\/tr>\n<tr>\n<td>Orientaci\u00f3n posible horizontal; vertical<\/td>\n<\/tr>\n<tr>\n<td>Frecuencia de sincronizaci\u00f3n<\/td>\n<\/tr>\n<tr>\n<td>Frecuencia horizontal [khz] 26 &#8211; 91,1<\/td>\n<\/tr>\n<tr>\n<td>Frecuencia vertical [hz] 23 &#8211; 86<\/td>\n<\/tr>\n<tr>\n<td>Resoluci\u00f3n<\/td>\n<\/tr>\n<tr>\n<td>Resoluci\u00f3n nativa<\/td>\n<\/tr>\n<tr>\n<td>3840 x 2160<\/td>\n<\/tr>\n<tr>\n<td>Funciona con entradas digitales y an\u00e1logas (pc)<\/td>\n<\/tr>\n<tr>\n<td>4096 x 2160; 3840 x 2160; 2560 x 1600; 2560 x 1440; 1920 x 2160;1920 x 1200; 1920 x 1080; 1650 x 1050; 1600 x 1200; 1440 x 900; 1400 x 1050; 1366 x 768; 1360 x 768; 1280 x 1024; 1280 x 720; 1024 x 768<\/td>\n<\/tr>\n<tr>\n<td>Conectividad<\/td>\n<\/tr>\n<tr>\n<td>Entrada digital de v\u00eddeo 1 x displayport (hdcp); 2 x hdmi (hdcp)<\/td>\n<\/tr>\n<tr>\n<td>Entrada digital de audio 1 x displayport; 2 x hdmi<\/td>\n<\/tr>\n<tr>\n<td>Control de entrada cable de control remoto (conector jack de 3,5mm); lan 100mbit; rs232<\/td>\n<\/tr>\n<tr>\n<td>Input data 1 x usb 2.0 (media player)<\/td>\n<\/tr>\n<tr>\n<td>Salida an\u00e1loga de audio 1 x 3,5 mm jack<\/td>\n<\/tr>\n<tr>\n<td>Input detect custom; first; last<\/td>\n<\/tr>\n<tr>\n<td>Open modular intelligence<\/td>\n<\/tr>\n<tr>\n<td>Intel\u00ae sdm compatible con cpu intel celeron o cpu con menor consumo de energ\u00eda; acepta los m\u00f3dulos grandes y peque\u00f1os de intel\u00ae smart display modules hasta 45 w<\/td>\n<\/tr>\n<tr>\n<td>Ranura de m\u00f3dulo de c\u00f3mputo rpi compute module 4<\/td>\n<\/tr>\n<tr>\n<td>Sensores<\/td>\n<\/tr>\n<tr>\n<td>Sensor de luz ambiental acciones de activaci\u00f3n programable<\/td>\n<\/tr>\n<tr>\n<td>Sensor de temperatura integrado, 3 sensores, acciones de activaci\u00f3n programable<\/td>\n<\/tr>\n<tr>\n<td>El\u00e9ctrico<\/td>\n<\/tr>\n<tr>\n<td>Consumo eco\/max. [w] 80 env\u00edo<\/td>\n<\/tr>\n<tr>\n<td>Modo stand-by [w]   0,5;   2 (networked standby)<\/td>\n<\/tr>\n<tr>\n<td>Gesti\u00f3n de energ\u00eda vesa dpms<\/td>\n<\/tr>\n<tr>\n<td>Fuente de alimentaci\u00f3n 100-240 v ac; 50\/60 hz; interna<\/td>\n<\/tr>\n<tr>\n<td>Condiciones ambientales<\/td>\n<\/tr>\n<tr>\n<td>Temperatura ambiente de funcionamiento [\u00b0c] +0 a +40<\/td>\n<\/tr>\n<tr>\n<td>Humedad ambiental de funcionamiento [%] 20 a 80<\/td>\n<\/tr>\n<tr>\n<td>Humedad de almacenamiento [%] 10 a 90<\/td>\n<\/tr>\n<tr>\n<td>Temperatura de almacenamiento [\u00b0c] -20 a 60<\/td>\n<\/tr>\n<tr>\n<td>Mec\u00e1nico<\/td>\n<\/tr>\n<tr>\n<td>Medidas (an x al x prof) [mm] 968,2 x 561 x 67,1<\/td>\n<\/tr>\n<tr>\n<td>Peso [kg] 17.8<\/td>\n<\/tr>\n<tr>\n<td>Ancho del marco [mm] 11 (izquierda, derecha y arriba); 15,6 (abajo)<\/td>\n<\/tr>\n<tr>\n<td>Montaje vesa [mm] 300 x 300 (fdmi); 4 muescas; m6<\/td>\n<\/tr>\n<tr>\n<td>Protecci\u00f3n contra penetraci\u00f3n ip[value1) (frente); ip2x (dorso)<\/td>\n<\/tr>\n<tr>\n<td>Dimensiones del embalaje (an x al x pr) [mm] 1,120 x 700 x 203<\/td>\n<\/tr>\n<tr>\n<td>Peso del embalaje [kg] 23<\/td>\n<\/tr>\n<tr>\n<td>Marco de color pantone 426m (negro)<\/td>\n<\/tr>\n<tr>\n<td>Material metal<\/td>\n<\/tr>\n<tr>\n<td>Mediaplayer<\/td>\n<\/tr>\n<tr>\n<td>Supported file storage \/ file system usb 2.0 \/ fat16, fat32<\/td>\n<\/tr>\n<tr>\n<td>Supported image formats jpg (baseline, progressive, rgb, cmyk); max. resolution 15360 x 8640<\/td>\n<\/tr>\n<tr>\n<td>Supported video formats mpg (mpeg1\/2\/4, max res 1080p@30hz); mp4 (mpeg2\/4, h.263, h.264, hevc\/h.265, max res 3840&#215;2160@60hz); ts (mpeg2, h.264, hevc\/h.265, max res 3840&#215;2160@60hz); audio: lpcm, mp3, aac; wmv (video h.264, windows media video 9, max res 1080p@30hz, audio wma 9, wma 10 pro)<\/td>\n<\/tr>\n<tr>\n<td>Supported audio formats mp3 (mp3); max. bit-rate 320 kbit\/s<\/td>\n<\/tr>\n<tr>\n<td>Opciones disponibles<\/td>\n<\/tr>\n<tr>\n<td>Accesorios altavoces (sp-rm3a); carrito (pdmhm-l); montaje de pared (pdw c l and p, pd02w t m l, pd03w t m p); pies (st-401\/st-43m); soundbar (active: sp-ascm-iq2 \/ sp-ascm-2)<\/td>\n<\/tr>\n<tr>\n<td>Funciones ecol\u00f3gicas<\/td>\n<\/tr>\n<tr>\n<td>Eficiencia energ\u00e9tica clase de eficiencia energ\u00e9tica: g; consumo de energ\u00eda: 68 kwh\/1000 horas; retroiluminaci\u00f3n led<\/td>\n<\/tr>\n<tr>\n<td>Est\u00e1ndares ecol\u00f3gicos energystar 8.0<\/td>\n<\/tr>\n<tr>\n<td>Funciones adicionales<\/td>\n<\/tr>\n<tr>\n<td>Caracter\u00edsticas especiales hdmi arc; powered usb port (10 w); removable logo; simulaci\u00f3n dicom<\/td>\n<\/tr>\n<tr>\n<td>Seguridad y ergonom\u00eda bsmi; ce; eac; emc class b; energy star 8; fcc class b; kc\/kcc; psb; rcm; rohs; vcci<\/td>\n<\/tr>\n<tr>\n<td>Tipo de error de p\u00edxel iso 9241-307, tipo 1<\/td>\n<\/tr>\n<tr>\n<td>Audio altavoces integrados (10 w + 10 w)<\/td>\n<\/tr>\n<tr>\n<td>Accesorios inclu\u00eddos 2x bater\u00edas aaa; cable de alimentaci\u00f3n; cable hdmi; control remoto; manual de instalaci\u00f3n; pantalla<\/td>\n<\/tr>\n<tr>\n<td>Garant\u00eda 3 a\u00f1os de garant\u00eda incluyendo la retro-iluminaci\u00f3n (backlight); 4. + 5. a\u00f1o de extensi\u00f3n opcional de garant\u00eda 2; servicios adicionales disponibles<\/td>\n<\/tr>\n<tr>\n<td>Horas de funcionamiento 24\/7<\/td>\n<\/tr>\n<tr>\n<td>External control amx netlinx support; ascii control commands; crestron connected; hdmi cec; http browser; pjlink; scheduled timer; snmp<\/td>\n<\/tr>\n<tr>\n<td>Remote management automated email alerts; nec naviset administrator 2<\/td>\n<\/tr>\n<tr>\n<td>Security disable hw buttons; disable ir functionality; emergency notification<\/td>\n<\/tr>\n<tr>\n<td>Resistance to fire metal backcover, plastic material certified acc. to ul94-5vb<\/td>\n<\/tr>\n<\/table>\n","protected":false},"excerpt":{"rendered":"<p>Una gran primera impresi\u00f3n puede hacer una gran diferencia; presentar su negocio en la mejor manera posible potenciar\u00e1 su marca. La serie m es un panel fino, de estilo moderno, con una operaci\u00f3n 24\/7 y de gran opacidad que reduce los reflejos cuando hay mucha luz ambiental, la serie m es la manera profesional de transmitir su mensaje, a un precio muy atractivo. Ya sea con el media player opcional de nec o con el dispositivo de c\u00f3mputo m\u00e1s potente intel\u00ae smart display module (intel\u00ae sdm), usted estar\u00e1 equipado y preparado para la creaci\u00f3n intuitiva de se\u00f1alizaci\u00f3n, brindando la reproducci\u00f3n de medios en tiempo real, para una experiencia visual excepcional. Para publicidad, o info entretenimiento, o para las aplicaciones en las salas de reuniones, la serie m brinda una funcionalidad potente y ampliable, y todo el atractivo est\u00e9tico para reflejar con facilidad las caracter\u00edsticas de su marca. Beneficios. Dise\u00f1o moderno \u0096 robusto pero elegante, se puede integrar discretamente a cualquier aplicaci\u00f3n y ambiente. Gesti\u00f3n segura y a distancia \u0096 controle sus dispositivos a distancia y de forma segura, utilizando el naviset administrator 2 de nec; dirija los requisitos del mantenimiento de forma proactiva y ahorrar\u00e1 de esta forma tiempo y recursos. Legibilidad ilimitada \u0096 sin reflejos desde las ventanas u otras fuentes de luz, as\u00ed la visibilidad del contenido o de la presentaci\u00f3n en la sala no ser\u00e1 interrumpida. Operaci\u00f3n 24\/7 para en aplicaciones cr\u00edticas \u0096 la selecci\u00f3n meticulosa de los componentes de grado industrial y el dise\u00f1o cuidadoso centrado en las posibilidades exigentes de uso, van de la mano con la experiencia impresionante y continua para el espectador. Conectividad para el futuro \u0096 ofrece entradas m\u00faltiples de se\u00f1ales digitales y an\u00e1logas est\u00e1ndar en la industria, para una integraci\u00f3n flexible en infraestructuras av.<\/p>\n","protected":false},"featured_media":259886,"comment_status":"open","ping_status":"open","template":"","meta":[],"product_cat":[1740,1741],"product_tag":[1902],"acf":[],"yoast_head":"<!-- This site is optimized with the Yoast SEO plugin v21.7 - https:\/\/yoast.com\/wordpress\/plugins\/seo\/ -->\n<title>[ Nec ] &#129351; M431-2 Monitor Profesional De 43 Uhd 3840 X 2160 24\/7, 500 Cd\/m2, 8000:1, Hdmi, Displayport Hdcp, Hdr10, Hlg, Pq, Usb, Rj-45, Intel Sdm Y Rpi4 3a\u00f1os De Garantia<\/title>\n<meta name=\"description\" content=\"Compra M431-2 Monitor Profesional De 43 Uhd 3840 X 2160 24\/7, 500 Cd\/m2, 8000:1, Hdmi, Displayport Hdcp, Hdr10, Hlg, Pq, Usb, Rj-45, Intel Sdm Y Rpi4 3a\u00f1os De Garantia + Env\u00edo a domicilio + Pago seguro + Garant\u00eda\" \/>\n<meta name=\"robots\" content=\"index, follow, max-snippet:-1, max-image-preview:large, max-video-preview:-1\" \/>\n<link rel=\"canonical\" href=\"https:\/\/compuviper.mx\/tienda\/producto\/nec-m431-2-monitor-profesional-de-43-uhd-3840-x-2160-24-7-500-cd-m2-80001-hdmi-displayport-hdcp-hdr10-hlg-pq-usb-rj-45-intel-sdm-y-rpi4-3aos-de-garantia\/\" \/>\n<meta property=\"og:locale\" content=\"es_MX\" \/>\n<meta property=\"og:type\" content=\"article\" \/>\n<meta property=\"og:title\" content=\"[ Nec ] &#129351; M431-2 Monitor Profesional De 43 Uhd 3840 X 2160 24\/7, 500 Cd\/m2, 8000:1, Hdmi, Displayport Hdcp, Hdr10, Hlg, Pq, Usb, Rj-45, Intel Sdm Y Rpi4 3a\u00f1os De Garantia\" \/>\n<meta property=\"og:description\" content=\"Compra M431-2 Monitor Profesional De 43 Uhd 3840 X 2160 24\/7, 500 Cd\/m2, 8000:1, Hdmi, Displayport Hdcp, Hdr10, Hlg, Pq, Usb, Rj-45, Intel Sdm Y Rpi4 3a\u00f1os De Garantia + Env\u00edo a domicilio + Pago seguro + Garant\u00eda\" \/>\n<meta property=\"og:url\" content=\"https:\/\/compuviper.mx\/tienda\/producto\/nec-m431-2-monitor-profesional-de-43-uhd-3840-x-2160-24-7-500-cd-m2-80001-hdmi-displayport-hdcp-hdr10-hlg-pq-usb-rj-45-intel-sdm-y-rpi4-3aos-de-garantia\/\" \/>\n<meta property=\"og:site_name\" content=\"Compuviper\" \/>\n<meta property=\"article:publisher\" content=\"https:\/\/www.facebook.com\/compuviper\" \/>\n<meta property=\"article:modified_time\" content=\"2026-04-02T06:50:42+00:00\" \/>\n<meta property=\"og:image\" content=\"https:\/\/compuviper.mx\/tienda\/wp-content\/uploads\/2025\/10\/Monitor-profesional-nec-de-43-m431-2-uhd-3840-x-2160-247-500-cdm2-80001-hdmi-displayport-hdcp-hdr10-hlg-pq-usb-rj-45-intel-sdm-y-rpi4-3anos-de-garantia.jpg\" \/>\n\t<meta property=\"og:image:width\" content=\"200\" \/>\n\t<meta property=\"og:image:height\" content=\"200\" \/>\n\t<meta property=\"og:image:type\" content=\"image\/jpeg\" \/>\n<meta name=\"twitter:card\" content=\"summary_large_image\" \/>\n<meta name=\"twitter:label1\" content=\"Precio\" \/>\n\t<meta name=\"twitter:data1\" content=\"&#36;21,207 &#36;17,295 con IVA\" \/>\n\t<meta name=\"twitter:label2\" content=\"Availability\" \/>\n\t<meta name=\"twitter:data2\" content=\"Out of stock\" \/>\n<script type=\"application\/ld+json\" class=\"yoast-schema-graph\">{\"@context\":\"https:\/\/schema.org\",\"@graph\":[{\"@type\":\"WebPage\",\"@id\":\"https:\/\/compuviper.mx\/tienda\/producto\/nec-m431-2-monitor-profesional-de-43-uhd-3840-x-2160-24-7-500-cd-m2-80001-hdmi-displayport-hdcp-hdr10-hlg-pq-usb-rj-45-intel-sdm-y-rpi4-3aos-de-garantia\/\",\"url\":\"https:\/\/compuviper.mx\/tienda\/producto\/nec-m431-2-monitor-profesional-de-43-uhd-3840-x-2160-24-7-500-cd-m2-80001-hdmi-displayport-hdcp-hdr10-hlg-pq-usb-rj-45-intel-sdm-y-rpi4-3aos-de-garantia\/\",\"name\":\"[ Nec ] &#129351; M431-2 Monitor Profesional De 43 Uhd 3840 X 2160 24\/7, 500 Cd\/m2, 8000:1, Hdmi, Displayport Hdcp, Hdr10, Hlg, Pq, Usb, Rj-45, Intel Sdm Y Rpi4 3a\u00f1os De Garantia\",\"isPartOf\":{\"@id\":\"https:\/\/compuviper.mx\/tienda\/#website\"},\"datePublished\":\"2026-04-02T06:50:41+00:00\",\"dateModified\":\"2026-04-02T06:50:42+00:00\",\"description\":\"Compra M431-2 Monitor Profesional De 43 Uhd 3840 X 2160 24\/7, 500 Cd\/m2, 8000:1, Hdmi, Displayport Hdcp, Hdr10, Hlg, Pq, Usb, Rj-45, Intel Sdm Y Rpi4 3a\u00f1os De Garantia + Env\u00edo a domicilio + Pago seguro + Garant\u00eda\",\"breadcrumb\":{\"@id\":\"https:\/\/compuviper.mx\/tienda\/producto\/nec-m431-2-monitor-profesional-de-43-uhd-3840-x-2160-24-7-500-cd-m2-80001-hdmi-displayport-hdcp-hdr10-hlg-pq-usb-rj-45-intel-sdm-y-rpi4-3aos-de-garantia\/#breadcrumb\"},\"inLanguage\":\"es-MX\",\"potentialAction\":[{\"@type\":\"ReadAction\",\"target\":[\"https:\/\/compuviper.mx\/tienda\/producto\/nec-m431-2-monitor-profesional-de-43-uhd-3840-x-2160-24-7-500-cd-m2-80001-hdmi-displayport-hdcp-hdr10-hlg-pq-usb-rj-45-intel-sdm-y-rpi4-3aos-de-garantia\/\"]}]},{\"@type\":\"BreadcrumbList\",\"@id\":\"https:\/\/compuviper.mx\/tienda\/producto\/nec-m431-2-monitor-profesional-de-43-uhd-3840-x-2160-24-7-500-cd-m2-80001-hdmi-displayport-hdcp-hdr10-hlg-pq-usb-rj-45-intel-sdm-y-rpi4-3aos-de-garantia\/#breadcrumb\",\"itemListElement\":[{\"@type\":\"ListItem\",\"position\":1,\"name\":\"Inicio\",\"item\":\"https:\/\/compuviper.mx\/tienda\/\"},{\"@type\":\"ListItem\",\"position\":2,\"name\":\"Productos\",\"item\":\"https:\/\/compuviper.mx\/tienda\/productos\/\"},{\"@type\":\"ListItem\",\"position\":3,\"name\":\"Monitores\",\"item\":\"https:\/\/compuviper.mx\/tienda\/categoria-producto\/monitores\/\"},{\"@type\":\"ListItem\",\"position\":4,\"name\":\"Led\",\"item\":\"https:\/\/compuviper.mx\/tienda\/categoria-producto\/monitores\/led\/\"},{\"@type\":\"ListItem\",\"position\":5,\"name\":\"Nec M431-2 Monitor Profesional De 43 Uhd 3840 X 2160 24\/7, 500 Cd\/m2, 8000:1, Hdmi, Displayport Hdcp, Hdr10, Hlg, Pq, Usb, Rj-45, Intel Sdm Y Rpi4 3a?os De Garantia\"}]},{\"@type\":\"WebSite\",\"@id\":\"https:\/\/compuviper.mx\/tienda\/#website\",\"url\":\"https:\/\/compuviper.mx\/tienda\/\",\"name\":\"Compuviper\",\"description\":\"Proveedor de Computadoras, Laptops, Servidores, Monitores, Puntos de Venta, Teclados,   Impresoras, T\u00f3ner, C\u00e1maras de Seguridad y m\u00e1s en tu tienda en l\u00ednea\",\"publisher\":{\"@id\":\"https:\/\/compuviper.mx\/tienda\/#organization\"},\"potentialAction\":[{\"@type\":\"SearchAction\",\"target\":{\"@type\":\"EntryPoint\",\"urlTemplate\":\"https:\/\/compuviper.mx\/tienda\/?s={search_term_string}\"},\"query-input\":\"required name=search_term_string\"}],\"inLanguage\":\"es-MX\"},{\"@type\":\"Organization\",\"@id\":\"https:\/\/compuviper.mx\/tienda\/#organization\",\"name\":\"Compuviper\",\"url\":\"https:\/\/compuviper.mx\/tienda\/\",\"logo\":{\"@type\":\"ImageObject\",\"inLanguage\":\"es-MX\",\"@id\":\"https:\/\/compuviper.mx\/tienda\/#\/schema\/logo\/image\/\",\"url\":\"https:\/\/compuviper.mx\/tienda\/wp-content\/uploads\/2021\/08\/Logo-Compuviper-10.png\",\"contentUrl\":\"https:\/\/compuviper.mx\/tienda\/wp-content\/uploads\/2021\/08\/Logo-Compuviper-10.png\",\"width\":1000,\"height\":500,\"caption\":\"Compuviper\"},\"image\":{\"@id\":\"https:\/\/compuviper.mx\/tienda\/#\/schema\/logo\/image\/\"},\"sameAs\":[\"https:\/\/www.facebook.com\/compuviper\",\"https:\/\/www.youtube.com\/channel\/UCf73dERp9Y3cfOq7q8BhLjA?view_as=subscriber\"]}]}<\/script>\n<meta property=\"product:brand\" content=\"NEC\" \/>\n<meta property=\"product:price:amount\" content=\"17295\" \/>\n<meta property=\"product:price:currency\" content=\"MXN\" \/>\n<meta property=\"og:availability\" content=\"out of stock\" \/>\n<meta property=\"product:availability\" content=\"out of stock\" \/>\n<meta property=\"product:retailer_item_id\" content=\"M431-2\" \/>\n<meta property=\"product:condition\" content=\"new\" \/>\n<!-- \/ Yoast SEO plugin. -->","yoast_head_json":{"title":"[ Nec ] &#129351; M431-2 Monitor Profesional De 43 Uhd 3840 X 2160 24\/7, 500 Cd\/m2, 8000:1, Hdmi, Displayport Hdcp, Hdr10, Hlg, Pq, Usb, Rj-45, Intel Sdm Y Rpi4 3a\u00f1os De Garantia","description":"Compra M431-2 Monitor Profesional De 43 Uhd 3840 X 2160 24\/7, 500 Cd\/m2, 8000:1, Hdmi, Displayport Hdcp, Hdr10, Hlg, Pq, Usb, Rj-45, Intel Sdm Y Rpi4 3a\u00f1os De Garantia + Env\u00edo a domicilio + Pago seguro + Garant\u00eda","robots":{"index":"index","follow":"follow","max-snippet":"max-snippet:-1","max-image-preview":"max-image-preview:large","max-video-preview":"max-video-preview:-1"},"canonical":"https:\/\/compuviper.mx\/tienda\/producto\/nec-m431-2-monitor-profesional-de-43-uhd-3840-x-2160-24-7-500-cd-m2-80001-hdmi-displayport-hdcp-hdr10-hlg-pq-usb-rj-45-intel-sdm-y-rpi4-3aos-de-garantia\/","og_locale":"es_MX","og_type":"article","og_title":"[ Nec ] &#129351; M431-2 Monitor Profesional De 43 Uhd 3840 X 2160 24\/7, 500 Cd\/m2, 8000:1, Hdmi, Displayport Hdcp, Hdr10, Hlg, Pq, Usb, Rj-45, Intel Sdm Y Rpi4 3a\u00f1os De Garantia","og_description":"Compra M431-2 Monitor Profesional De 43 Uhd 3840 X 2160 24\/7, 500 Cd\/m2, 8000:1, Hdmi, Displayport Hdcp, Hdr10, Hlg, Pq, Usb, Rj-45, Intel Sdm Y Rpi4 3a\u00f1os De Garantia + Env\u00edo a domicilio + Pago seguro + Garant\u00eda","og_url":"https:\/\/compuviper.mx\/tienda\/producto\/nec-m431-2-monitor-profesional-de-43-uhd-3840-x-2160-24-7-500-cd-m2-80001-hdmi-displayport-hdcp-hdr10-hlg-pq-usb-rj-45-intel-sdm-y-rpi4-3aos-de-garantia\/","og_site_name":"Compuviper","article_publisher":"https:\/\/www.facebook.com\/compuviper","article_modified_time":"2026-04-02T06:50:42+00:00","og_image":[{"width":200,"height":200,"url":"https:\/\/compuviper.mx\/tienda\/wp-content\/uploads\/2025\/10\/Monitor-profesional-nec-de-43-m431-2-uhd-3840-x-2160-247-500-cdm2-80001-hdmi-displayport-hdcp-hdr10-hlg-pq-usb-rj-45-intel-sdm-y-rpi4-3anos-de-garantia.jpg","type":"image\/jpeg"}],"twitter_card":"summary_large_image","twitter_misc":{"Precio":"&#36;21,207 &#36;17,295 con IVA","Availability":"Out of stock"},"schema":{"@context":"https:\/\/schema.org","@graph":[{"@type":"WebPage","@id":"https:\/\/compuviper.mx\/tienda\/producto\/nec-m431-2-monitor-profesional-de-43-uhd-3840-x-2160-24-7-500-cd-m2-80001-hdmi-displayport-hdcp-hdr10-hlg-pq-usb-rj-45-intel-sdm-y-rpi4-3aos-de-garantia\/","url":"https:\/\/compuviper.mx\/tienda\/producto\/nec-m431-2-monitor-profesional-de-43-uhd-3840-x-2160-24-7-500-cd-m2-80001-hdmi-displayport-hdcp-hdr10-hlg-pq-usb-rj-45-intel-sdm-y-rpi4-3aos-de-garantia\/","name":"[ Nec ] &#129351; M431-2 Monitor Profesional De 43 Uhd 3840 X 2160 24\/7, 500 Cd\/m2, 8000:1, Hdmi, Displayport Hdcp, Hdr10, Hlg, Pq, Usb, Rj-45, Intel Sdm Y Rpi4 3a\u00f1os De Garantia","isPartOf":{"@id":"https:\/\/compuviper.mx\/tienda\/#website"},"datePublished":"2026-04-02T06:50:41+00:00","dateModified":"2026-04-02T06:50:42+00:00","description":"Compra M431-2 Monitor Profesional De 43 Uhd 3840 X 2160 24\/7, 500 Cd\/m2, 8000:1, Hdmi, Displayport Hdcp, Hdr10, Hlg, Pq, Usb, Rj-45, Intel Sdm Y Rpi4 3a\u00f1os De Garantia + Env\u00edo a domicilio + Pago seguro + Garant\u00eda","breadcrumb":{"@id":"https:\/\/compuviper.mx\/tienda\/producto\/nec-m431-2-monitor-profesional-de-43-uhd-3840-x-2160-24-7-500-cd-m2-80001-hdmi-displayport-hdcp-hdr10-hlg-pq-usb-rj-45-intel-sdm-y-rpi4-3aos-de-garantia\/#breadcrumb"},"inLanguage":"es-MX","potentialAction":[{"@type":"ReadAction","target":["https:\/\/compuviper.mx\/tienda\/producto\/nec-m431-2-monitor-profesional-de-43-uhd-3840-x-2160-24-7-500-cd-m2-80001-hdmi-displayport-hdcp-hdr10-hlg-pq-usb-rj-45-intel-sdm-y-rpi4-3aos-de-garantia\/"]}]},{"@type":"BreadcrumbList","@id":"https:\/\/compuviper.mx\/tienda\/producto\/nec-m431-2-monitor-profesional-de-43-uhd-3840-x-2160-24-7-500-cd-m2-80001-hdmi-displayport-hdcp-hdr10-hlg-pq-usb-rj-45-intel-sdm-y-rpi4-3aos-de-garantia\/#breadcrumb","itemListElement":[{"@type":"ListItem","position":1,"name":"Inicio","item":"https:\/\/compuviper.mx\/tienda\/"},{"@type":"ListItem","position":2,"name":"Productos","item":"https:\/\/compuviper.mx\/tienda\/productos\/"},{"@type":"ListItem","position":3,"name":"Monitores","item":"https:\/\/compuviper.mx\/tienda\/categoria-producto\/monitores\/"},{"@type":"ListItem","position":4,"name":"Led","item":"https:\/\/compuviper.mx\/tienda\/categoria-producto\/monitores\/led\/"},{"@type":"ListItem","position":5,"name":"Nec M431-2 Monitor Profesional De 43 Uhd 3840 X 2160 24\/7, 500 Cd\/m2, 8000:1, Hdmi, Displayport Hdcp, Hdr10, Hlg, Pq, Usb, Rj-45, Intel Sdm Y Rpi4 3a?os De Garantia"}]},{"@type":"WebSite","@id":"https:\/\/compuviper.mx\/tienda\/#website","url":"https:\/\/compuviper.mx\/tienda\/","name":"Compuviper","description":"Proveedor de Computadoras, Laptops, Servidores, Monitores, Puntos de Venta, Teclados,   Impresoras, T\u00f3ner, C\u00e1maras de Seguridad y m\u00e1s en tu tienda en l\u00ednea","publisher":{"@id":"https:\/\/compuviper.mx\/tienda\/#organization"},"potentialAction":[{"@type":"SearchAction","target":{"@type":"EntryPoint","urlTemplate":"https:\/\/compuviper.mx\/tienda\/?s={search_term_string}"},"query-input":"required name=search_term_string"}],"inLanguage":"es-MX"},{"@type":"Organization","@id":"https:\/\/compuviper.mx\/tienda\/#organization","name":"Compuviper","url":"https:\/\/compuviper.mx\/tienda\/","logo":{"@type":"ImageObject","inLanguage":"es-MX","@id":"https:\/\/compuviper.mx\/tienda\/#\/schema\/logo\/image\/","url":"https:\/\/compuviper.mx\/tienda\/wp-content\/uploads\/2021\/08\/Logo-Compuviper-10.png","contentUrl":"https:\/\/compuviper.mx\/tienda\/wp-content\/uploads\/2021\/08\/Logo-Compuviper-10.png","width":1000,"height":500,"caption":"Compuviper"},"image":{"@id":"https:\/\/compuviper.mx\/tienda\/#\/schema\/logo\/image\/"},"sameAs":["https:\/\/www.facebook.com\/compuviper","https:\/\/www.youtube.com\/channel\/UCf73dERp9Y3cfOq7q8BhLjA?view_as=subscriber"]}]},"product_brand":"NEC","product_price_amount":"17295","product_price_currency":"MXN","og_availability":"out of stock","product_availability":"out of stock","product_retailer_item_id":"M431-2","product_condition":"new"},"_links":{"self":[{"href":"https:\/\/compuviper.mx\/tienda\/wp-json\/wp\/v2\/product\/247727"}],"collection":[{"href":"https:\/\/compuviper.mx\/tienda\/wp-json\/wp\/v2\/product"}],"about":[{"href":"https:\/\/compuviper.mx\/tienda\/wp-json\/wp\/v2\/types\/product"}],"replies":[{"embeddable":true,"href":"https:\/\/compuviper.mx\/tienda\/wp-json\/wp\/v2\/comments?post=247727"}],"wp:featuredmedia":[{"embeddable":true,"href":"https:\/\/compuviper.mx\/tienda\/wp-json\/wp\/v2\/media\/259886"}],"wp:attachment":[{"href":"https:\/\/compuviper.mx\/tienda\/wp-json\/wp\/v2\/media?parent=247727"}],"wp:term":[{"taxonomy":"product_cat","embeddable":true,"href":"https:\/\/compuviper.mx\/tienda\/wp-json\/wp\/v2\/product_cat?post=247727"},{"taxonomy":"product_tag","embeddable":true,"href":"https:\/\/compuviper.mx\/tienda\/wp-json\/wp\/v2\/product_tag?post=247727"}],"curies":[{"name":"wp","href":"https:\/\/api.w.org\/{rel}","templated":true}]}}