{"id":247721,"date":"2026-04-01T23:14:18","date_gmt":"2026-04-02T05:14:18","guid":{"rendered":"https:\/\/compuviper.mx\/tienda\/producto\/grandstream-dp755-base-dect-voip-largo-alcance-soporta-hasta-10-telfonos-compatibles-con-modelos-dp730-compatible-con-dp722-dp720\/"},"modified":"2026-04-01T23:14:18","modified_gmt":"2026-04-02T05:14:18","slug":"grandstream-dp755-base-dect-voip-largo-alcance-soporta-hasta-10-telfonos-compatibles-con-modelos-dp730-compatible-con-dp722-dp720","status":"publish","type":"product","link":"https:\/\/compuviper.mx\/tienda\/producto\/grandstream-dp755-base-dect-voip-largo-alcance-soporta-hasta-10-telfonos-compatibles-con-modelos-dp730-compatible-con-dp722-dp720\/","title":{"rendered":"Grandstream Dp755 Base Dect Voip   \/ Largo Alcance Soporta Hasta 10 Telfonos Compatibles Con Modelos Dp730, Compatible Con Dp722, Dp720"},"content":{"rendered":"<table class=\"descripcion\">\n<tr>\n<td>La dp755 es una potente estaci\u00f3n base voip dect que se conecta con hasta 10 tel\u00e9fonos dect de grandstream para ofrecer movilidad a usuarios comerciales y residenciales. una cuenta sip compartida en todos los tel\u00e9fonos agrega funciones unificadas sin inconvenientes que les dar\u00e1n a los usuarios la capacidad de responder todas las llamadas independientemente de la ubicaci\u00f3n en tiempo real.<\/td>\n<\/tr>\n<tr>\n<td>-hasta 20 cuentas sip por sistema; hasta 20 l\u00edneas por tel\u00e9fono<\/td>\n<\/tr>\n<tr>\n<td>-tecnolog\u00eda de autenticaci\u00f3n y cifrado dect para proteger llamadas y cuentas<\/td>\n<\/tr>\n<tr>\n<td>-conferencia de audio de 3 v\u00edas para realizar llamadas en conferencia f\u00e1cilmente<\/td>\n<\/tr>\n<tr>\n<td>-admite pulsar para hablar<\/td>\n<\/tr>\n<tr>\n<td>-las opciones de aprovisionamiento automatizado incluyen archivos de configuraci\u00f3n tr-069 y xml<\/td>\n<\/tr>\n<tr>\n<td>-\u00faselo con la serie ucm de ip pbx de grandstream para aprovisionamiento zero config<\/td>\n<\/tr>\n<tr>\n<td>-audio hd para maximizar la calidad y claridad del audio; altavoz con d\u00faplex completo<\/td>\n<\/tr>\n<tr>\n<td>-admite funciones de telefon\u00eda avanzadas, que incluyen transferencia de llamadas, reenv\u00edo de llamadas, llamada en espera, no molestar, indicaci\u00f3n de mensaje en espera, indicaciones en varios idiomas, plan de marcaci\u00f3n flexible y m\u00e1s.<\/td>\n<\/tr>\n<\/table>\n","protected":false},"excerpt":{"rendered":"<p>El dp755 es una potente estaci\u00f3n base de tel\u00e9fono dect voip que se conecta con hasta 10 tel\u00e9fonos dect de la serie dp de grandstream para ofrecer movilidad a usuarios empresariales y residenciales. Permite un alcance en exteriores de hasta 400 metros con el dp735\/dp730\/dp725 o hasta 350 metros con el dp722\/ dp720, as\u00ed como un alcance en interiores de hasta 50 metros para brindar a los usuarios la libertad de moverse por su oficina o su hogar. Esta estaci\u00f3n base de tel\u00e9fono dect voip permite hasta 10 tel\u00e9fonos y 20 cuentas sip y, al mismo tiempo, ofrece conferencias de voz de 3 v\u00edas, audio full hd y poe integrado. Una cuenta sip compartida en todos los tel\u00e9fonos agregar\u00e1 funciones unificadas que brindan a los usuarios la capacidad de responder todas las llamadas independientemente de su ubicaci\u00f3n en tiempo real. El dp755 tambi\u00e9n permite una variedad de m\u00e9todos de aprovisionamiento autom\u00e1tico y seguridad cifrada tls\/srtp\/ https. Cuando se combina con los tel\u00e9fonos de grandstream, el dp755 ofrece una potente soluci\u00f3n dect inal\u00e1mbrica para cualquier usuario empresarial o residencial.<\/p>\n","protected":false},"featured_media":258721,"comment_status":"open","ping_status":"open","template":"","meta":[],"product_cat":[1485,1530],"product_tag":[1576],"acf":[],"yoast_head":"<!-- This site is optimized with the Yoast SEO plugin v21.7 - https:\/\/yoast.com\/wordpress\/plugins\/seo\/ -->\n<title>[ Grandstream ] &#129351; Dp755 Base Dect Voip \/ Largo Alcance Soporta Hasta 10 Telfonos Compatibles Con Modelos Dp730, Compatible Con Dp722, Dp720<\/title>\n<meta name=\"description\" content=\"Compra Dp755 Base Dect Voip \/ Largo Alcance Soporta Hasta 10 Telfonos Compatibles Con Modelos Dp730, Compatible Con Dp722, Dp720 + Env\u00edo a domicilio + Pago seguro + Garant\u00eda\" \/>\n<meta name=\"robots\" content=\"index, follow, max-snippet:-1, max-image-preview:large, max-video-preview:-1\" \/>\n<link rel=\"canonical\" href=\"https:\/\/compuviper.mx\/tienda\/producto\/grandstream-dp755-base-dect-voip-largo-alcance-soporta-hasta-10-telfonos-compatibles-con-modelos-dp730-compatible-con-dp722-dp720\/\" \/>\n<meta property=\"og:locale\" content=\"es_MX\" \/>\n<meta property=\"og:type\" content=\"article\" \/>\n<meta property=\"og:title\" content=\"[ Grandstream ] &#129351; Dp755 Base Dect Voip \/ Largo Alcance Soporta Hasta 10 Telfonos Compatibles Con Modelos Dp730, Compatible Con Dp722, Dp720\" \/>\n<meta property=\"og:description\" content=\"Compra Dp755 Base Dect Voip \/ Largo Alcance Soporta Hasta 10 Telfonos Compatibles Con Modelos Dp730, Compatible Con Dp722, Dp720 + Env\u00edo a domicilio + Pago seguro + Garant\u00eda\" \/>\n<meta property=\"og:url\" content=\"https:\/\/compuviper.mx\/tienda\/producto\/grandstream-dp755-base-dect-voip-largo-alcance-soporta-hasta-10-telfonos-compatibles-con-modelos-dp730-compatible-con-dp722-dp720\/\" \/>\n<meta property=\"og:site_name\" content=\"Compuviper\" \/>\n<meta property=\"article:publisher\" content=\"https:\/\/www.facebook.com\/compuviper\" \/>\n<meta property=\"og:image\" content=\"https:\/\/compuviper.mx\/tienda\/wp-content\/uploads\/2025\/10\/Base-dect-voip-grandstream-dp755-largo-alcance-soporta-hasta-10-telfonos-compatibles-con-modelos-dp730-compatible-con-dp722-dp720.jpg\" \/>\n\t<meta property=\"og:image:width\" content=\"200\" \/>\n\t<meta property=\"og:image:height\" content=\"200\" \/>\n\t<meta property=\"og:image:type\" content=\"image\/jpeg\" \/>\n<meta name=\"twitter:card\" content=\"summary_large_image\" \/>\n<meta name=\"twitter:label1\" content=\"Precio\" \/>\n\t<meta name=\"twitter:data1\" content=\"&#36;1,007 &#36;918 con IVA\" \/>\n\t<meta name=\"twitter:label2\" content=\"Availability\" \/>\n\t<meta name=\"twitter:data2\" content=\"Out of stock\" \/>\n<script type=\"application\/ld+json\" class=\"yoast-schema-graph\">{\"@context\":\"https:\/\/schema.org\",\"@graph\":[{\"@type\":\"WebPage\",\"@id\":\"https:\/\/compuviper.mx\/tienda\/producto\/grandstream-dp755-base-dect-voip-largo-alcance-soporta-hasta-10-telfonos-compatibles-con-modelos-dp730-compatible-con-dp722-dp720\/\",\"url\":\"https:\/\/compuviper.mx\/tienda\/producto\/grandstream-dp755-base-dect-voip-largo-alcance-soporta-hasta-10-telfonos-compatibles-con-modelos-dp730-compatible-con-dp722-dp720\/\",\"name\":\"[ Grandstream ] &#129351; Dp755 Base Dect Voip \/ Largo Alcance Soporta Hasta 10 Telfonos Compatibles Con Modelos Dp730, Compatible Con Dp722, Dp720\",\"isPartOf\":{\"@id\":\"https:\/\/compuviper.mx\/tienda\/#website\"},\"datePublished\":\"2026-04-02T05:14:18+00:00\",\"dateModified\":\"2026-04-02T05:14:18+00:00\",\"description\":\"Compra Dp755 Base Dect Voip \/ Largo Alcance Soporta Hasta 10 Telfonos Compatibles Con Modelos Dp730, Compatible Con Dp722, Dp720 + Env\u00edo a domicilio + Pago seguro + Garant\u00eda\",\"breadcrumb\":{\"@id\":\"https:\/\/compuviper.mx\/tienda\/producto\/grandstream-dp755-base-dect-voip-largo-alcance-soporta-hasta-10-telfonos-compatibles-con-modelos-dp730-compatible-con-dp722-dp720\/#breadcrumb\"},\"inLanguage\":\"es-MX\",\"potentialAction\":[{\"@type\":\"ReadAction\",\"target\":[\"https:\/\/compuviper.mx\/tienda\/producto\/grandstream-dp755-base-dect-voip-largo-alcance-soporta-hasta-10-telfonos-compatibles-con-modelos-dp730-compatible-con-dp722-dp720\/\"]}]},{\"@type\":\"BreadcrumbList\",\"@id\":\"https:\/\/compuviper.mx\/tienda\/producto\/grandstream-dp755-base-dect-voip-largo-alcance-soporta-hasta-10-telfonos-compatibles-con-modelos-dp730-compatible-con-dp722-dp720\/#breadcrumb\",\"itemListElement\":[{\"@type\":\"ListItem\",\"position\":1,\"name\":\"Inicio\",\"item\":\"https:\/\/compuviper.mx\/tienda\/\"},{\"@type\":\"ListItem\",\"position\":2,\"name\":\"Productos\",\"item\":\"https:\/\/compuviper.mx\/tienda\/productos\/\"},{\"@type\":\"ListItem\",\"position\":3,\"name\":\"Accesorios\",\"item\":\"https:\/\/compuviper.mx\/tienda\/categoria-producto\/accesorios\/\"},{\"@type\":\"ListItem\",\"position\":4,\"name\":\"Telefonia\",\"item\":\"https:\/\/compuviper.mx\/tienda\/categoria-producto\/accesorios\/telefonia\/\"},{\"@type\":\"ListItem\",\"position\":5,\"name\":\"Grandstream Dp755 Base Dect Voip \/ Largo Alcance Soporta Hasta 10 Telfonos Compatibles Con Modelos Dp730, Compatible Con Dp722, Dp720\"}]},{\"@type\":\"WebSite\",\"@id\":\"https:\/\/compuviper.mx\/tienda\/#website\",\"url\":\"https:\/\/compuviper.mx\/tienda\/\",\"name\":\"Compuviper\",\"description\":\"Proveedor de Computadoras, Laptops, Servidores, Monitores, Puntos de Venta, Teclados,   Impresoras, T\u00f3ner, C\u00e1maras de Seguridad y m\u00e1s en tu tienda en l\u00ednea\",\"publisher\":{\"@id\":\"https:\/\/compuviper.mx\/tienda\/#organization\"},\"potentialAction\":[{\"@type\":\"SearchAction\",\"target\":{\"@type\":\"EntryPoint\",\"urlTemplate\":\"https:\/\/compuviper.mx\/tienda\/?s={search_term_string}\"},\"query-input\":\"required name=search_term_string\"}],\"inLanguage\":\"es-MX\"},{\"@type\":\"Organization\",\"@id\":\"https:\/\/compuviper.mx\/tienda\/#organization\",\"name\":\"Compuviper\",\"url\":\"https:\/\/compuviper.mx\/tienda\/\",\"logo\":{\"@type\":\"ImageObject\",\"inLanguage\":\"es-MX\",\"@id\":\"https:\/\/compuviper.mx\/tienda\/#\/schema\/logo\/image\/\",\"url\":\"https:\/\/compuviper.mx\/tienda\/wp-content\/uploads\/2021\/08\/Logo-Compuviper-10.png\",\"contentUrl\":\"https:\/\/compuviper.mx\/tienda\/wp-content\/uploads\/2021\/08\/Logo-Compuviper-10.png\",\"width\":1000,\"height\":500,\"caption\":\"Compuviper\"},\"image\":{\"@id\":\"https:\/\/compuviper.mx\/tienda\/#\/schema\/logo\/image\/\"},\"sameAs\":[\"https:\/\/www.facebook.com\/compuviper\",\"https:\/\/www.youtube.com\/channel\/UCf73dERp9Y3cfOq7q8BhLjA?view_as=subscriber\"]}]}<\/script>\n<meta property=\"product:brand\" content=\"GRANDSTREAM\" \/>\n<meta property=\"product:price:amount\" content=\"918\" \/>\n<meta property=\"product:price:currency\" content=\"MXN\" \/>\n<meta property=\"og:availability\" content=\"out of stock\" \/>\n<meta property=\"product:availability\" content=\"out of stock\" \/>\n<meta property=\"product:retailer_item_id\" content=\"DP755\" \/>\n<meta property=\"product:condition\" content=\"new\" \/>\n<!-- \/ Yoast SEO plugin. -->","yoast_head_json":{"title":"[ Grandstream ] &#129351; Dp755 Base Dect Voip \/ Largo Alcance Soporta Hasta 10 Telfonos Compatibles Con Modelos Dp730, Compatible Con Dp722, Dp720","description":"Compra Dp755 Base Dect Voip \/ Largo Alcance Soporta Hasta 10 Telfonos Compatibles Con Modelos Dp730, Compatible Con Dp722, Dp720 + Env\u00edo a domicilio + Pago seguro + Garant\u00eda","robots":{"index":"index","follow":"follow","max-snippet":"max-snippet:-1","max-image-preview":"max-image-preview:large","max-video-preview":"max-video-preview:-1"},"canonical":"https:\/\/compuviper.mx\/tienda\/producto\/grandstream-dp755-base-dect-voip-largo-alcance-soporta-hasta-10-telfonos-compatibles-con-modelos-dp730-compatible-con-dp722-dp720\/","og_locale":"es_MX","og_type":"article","og_title":"[ Grandstream ] &#129351; Dp755 Base Dect Voip \/ Largo Alcance Soporta Hasta 10 Telfonos Compatibles Con Modelos Dp730, Compatible Con Dp722, Dp720","og_description":"Compra Dp755 Base Dect Voip \/ Largo Alcance Soporta Hasta 10 Telfonos Compatibles Con Modelos Dp730, Compatible Con Dp722, Dp720 + Env\u00edo a domicilio + Pago seguro + Garant\u00eda","og_url":"https:\/\/compuviper.mx\/tienda\/producto\/grandstream-dp755-base-dect-voip-largo-alcance-soporta-hasta-10-telfonos-compatibles-con-modelos-dp730-compatible-con-dp722-dp720\/","og_site_name":"Compuviper","article_publisher":"https:\/\/www.facebook.com\/compuviper","og_image":[{"width":200,"height":200,"url":"https:\/\/compuviper.mx\/tienda\/wp-content\/uploads\/2025\/10\/Base-dect-voip-grandstream-dp755-largo-alcance-soporta-hasta-10-telfonos-compatibles-con-modelos-dp730-compatible-con-dp722-dp720.jpg","type":"image\/jpeg"}],"twitter_card":"summary_large_image","twitter_misc":{"Precio":"&#36;1,007 &#36;918 con IVA","Availability":"Out of stock"},"schema":{"@context":"https:\/\/schema.org","@graph":[{"@type":"WebPage","@id":"https:\/\/compuviper.mx\/tienda\/producto\/grandstream-dp755-base-dect-voip-largo-alcance-soporta-hasta-10-telfonos-compatibles-con-modelos-dp730-compatible-con-dp722-dp720\/","url":"https:\/\/compuviper.mx\/tienda\/producto\/grandstream-dp755-base-dect-voip-largo-alcance-soporta-hasta-10-telfonos-compatibles-con-modelos-dp730-compatible-con-dp722-dp720\/","name":"[ Grandstream ] &#129351; Dp755 Base Dect Voip \/ Largo Alcance Soporta Hasta 10 Telfonos Compatibles Con Modelos Dp730, Compatible Con Dp722, Dp720","isPartOf":{"@id":"https:\/\/compuviper.mx\/tienda\/#website"},"datePublished":"2026-04-02T05:14:18+00:00","dateModified":"2026-04-02T05:14:18+00:00","description":"Compra Dp755 Base Dect Voip \/ Largo Alcance Soporta Hasta 10 Telfonos Compatibles Con Modelos Dp730, Compatible Con Dp722, Dp720 + Env\u00edo a domicilio + Pago seguro + Garant\u00eda","breadcrumb":{"@id":"https:\/\/compuviper.mx\/tienda\/producto\/grandstream-dp755-base-dect-voip-largo-alcance-soporta-hasta-10-telfonos-compatibles-con-modelos-dp730-compatible-con-dp722-dp720\/#breadcrumb"},"inLanguage":"es-MX","potentialAction":[{"@type":"ReadAction","target":["https:\/\/compuviper.mx\/tienda\/producto\/grandstream-dp755-base-dect-voip-largo-alcance-soporta-hasta-10-telfonos-compatibles-con-modelos-dp730-compatible-con-dp722-dp720\/"]}]},{"@type":"BreadcrumbList","@id":"https:\/\/compuviper.mx\/tienda\/producto\/grandstream-dp755-base-dect-voip-largo-alcance-soporta-hasta-10-telfonos-compatibles-con-modelos-dp730-compatible-con-dp722-dp720\/#breadcrumb","itemListElement":[{"@type":"ListItem","position":1,"name":"Inicio","item":"https:\/\/compuviper.mx\/tienda\/"},{"@type":"ListItem","position":2,"name":"Productos","item":"https:\/\/compuviper.mx\/tienda\/productos\/"},{"@type":"ListItem","position":3,"name":"Accesorios","item":"https:\/\/compuviper.mx\/tienda\/categoria-producto\/accesorios\/"},{"@type":"ListItem","position":4,"name":"Telefonia","item":"https:\/\/compuviper.mx\/tienda\/categoria-producto\/accesorios\/telefonia\/"},{"@type":"ListItem","position":5,"name":"Grandstream Dp755 Base Dect Voip \/ Largo Alcance Soporta Hasta 10 Telfonos Compatibles Con Modelos Dp730, Compatible Con Dp722, Dp720"}]},{"@type":"WebSite","@id":"https:\/\/compuviper.mx\/tienda\/#website","url":"https:\/\/compuviper.mx\/tienda\/","name":"Compuviper","description":"Proveedor de Computadoras, Laptops, Servidores, Monitores, Puntos de Venta, Teclados,   Impresoras, T\u00f3ner, C\u00e1maras de Seguridad y m\u00e1s en tu tienda en l\u00ednea","publisher":{"@id":"https:\/\/compuviper.mx\/tienda\/#organization"},"potentialAction":[{"@type":"SearchAction","target":{"@type":"EntryPoint","urlTemplate":"https:\/\/compuviper.mx\/tienda\/?s={search_term_string}"},"query-input":"required name=search_term_string"}],"inLanguage":"es-MX"},{"@type":"Organization","@id":"https:\/\/compuviper.mx\/tienda\/#organization","name":"Compuviper","url":"https:\/\/compuviper.mx\/tienda\/","logo":{"@type":"ImageObject","inLanguage":"es-MX","@id":"https:\/\/compuviper.mx\/tienda\/#\/schema\/logo\/image\/","url":"https:\/\/compuviper.mx\/tienda\/wp-content\/uploads\/2021\/08\/Logo-Compuviper-10.png","contentUrl":"https:\/\/compuviper.mx\/tienda\/wp-content\/uploads\/2021\/08\/Logo-Compuviper-10.png","width":1000,"height":500,"caption":"Compuviper"},"image":{"@id":"https:\/\/compuviper.mx\/tienda\/#\/schema\/logo\/image\/"},"sameAs":["https:\/\/www.facebook.com\/compuviper","https:\/\/www.youtube.com\/channel\/UCf73dERp9Y3cfOq7q8BhLjA?view_as=subscriber"]}]},"product_brand":"GRANDSTREAM","product_price_amount":"918","product_price_currency":"MXN","og_availability":"out of stock","product_availability":"out of stock","product_retailer_item_id":"DP755","product_condition":"new"},"_links":{"self":[{"href":"https:\/\/compuviper.mx\/tienda\/wp-json\/wp\/v2\/product\/247721"}],"collection":[{"href":"https:\/\/compuviper.mx\/tienda\/wp-json\/wp\/v2\/product"}],"about":[{"href":"https:\/\/compuviper.mx\/tienda\/wp-json\/wp\/v2\/types\/product"}],"replies":[{"embeddable":true,"href":"https:\/\/compuviper.mx\/tienda\/wp-json\/wp\/v2\/comments?post=247721"}],"wp:featuredmedia":[{"embeddable":true,"href":"https:\/\/compuviper.mx\/tienda\/wp-json\/wp\/v2\/media\/258721"}],"wp:attachment":[{"href":"https:\/\/compuviper.mx\/tienda\/wp-json\/wp\/v2\/media?parent=247721"}],"wp:term":[{"taxonomy":"product_cat","embeddable":true,"href":"https:\/\/compuviper.mx\/tienda\/wp-json\/wp\/v2\/product_cat?post=247721"},{"taxonomy":"product_tag","embeddable":true,"href":"https:\/\/compuviper.mx\/tienda\/wp-json\/wp\/v2\/product_tag?post=247721"}],"curies":[{"name":"wp","href":"https:\/\/api.w.org\/{rel}","templated":true}]}}