{"id":247700,"date":"2026-04-18T01:14:14","date_gmt":"2026-04-18T07:14:14","guid":{"rendered":"https:\/\/compuviper.mx\/tienda\/producto\/hewlett-packard-enterprise-r6k61a-access-point-aruba-instan-on-ap11-with-12v-psu-ww-bundle-interior\/"},"modified":"2026-04-18T01:14:15","modified_gmt":"2026-04-18T07:14:15","slug":"hewlett-packard-enterprise-r6k61a-access-point-aruba-instan-on-ap11-with-12v-psu-ww-bundle-interior","status":"publish","type":"product","link":"https:\/\/compuviper.mx\/tienda\/producto\/hewlett-packard-enterprise-r6k61a-access-point-aruba-instan-on-ap11-with-12v-psu-ww-bundle-interior\/","title":{"rendered":"Hewlett Packard Enterprise R6k61a Access Point Aruba Instan On Ap11   With 12v Psu Ww  Bundle Interior"},"content":{"rendered":"<table class=\"descripcion\">\n<tr>\n<td>Informacion tecnica;<\/td>\n<\/tr>\n<tr>\n<td>Especificaciones tcnicas punto de acceso hpe networking instant on ap11 y paquete de fuente de alimentacin bsica ww product number r6k61a diferenciador los puntos de acceso aruba instant on ap11 de interior ofrecen una experiencia wi-fi 802.11ac wave 2 fiable, asequible y de calidad premium para entornos de pequeas empresas de densidad baja a media como tiendas al por menor o despachos profesionales como bufetes de abogados o empresas de contabilidad. este punto de acceso de nivel bsico cuenta con una velocidad mxima de transmisin de datos de 1,2 gbps. adems, pueden escalarse verticalmente hasta 25 puntos de acceso sin costes adicionales ni complicaciones. dominio normativo para el resto del mundo. el paquete incluye un punto de acceso y una fuente. certificaciones y conformidades calificacin plnum ul 2043 en 60601-1-1 y en 60601-1-2 para implementacin en entornos mdicos certificacin wi-fi alliance wfa 802.11ac con wave 2 wi-fi 5, wpa2, wpa3, enhanced open owe voltaje de entrada alimentacin a travs de ethernet poe: 802.3af clase 3 o alimentacin dc 12 v. las fuentes de energa se venden por separado. antena de wi-fi antenas omnidireccionales inclinables verticalmente integradas con ganancia mxima de antena de 3.3 dbi a 2.4 ghz y de 5.8 dbi a 5 ghz conectividad, estndar ieee 802.11ac, 802.11n puertos 1 puerto gigabit ethernet de enlace ascendente, con entrada poe 802.3af cobertura de radio radio dual para operacin simultnea de doble banda. 5 ghz 802.11ac 2 x 2 mimo para una velocidad inalmbrica de datos de hasta 867 mbps, con compatibilidad mimo multiusuario wi-fi 5. 2.4 ghz 802.11n 2 x 2 mimo para una velocidad inalmbrica de datos de hasta 300 mbps wi-fi 4. garanta aruba instant on posee una garanta de 2 aos con soporte telefnico 24&#215;7 en los primeros 90 das y soporte mediante chat durante toda la garanta. soporte de la comunidad siempre y cuando seas el propietario de los productos. medidas del producto mtrico peso 34 x 152 x 152 mm 193 g<\/td>\n<\/tr>\n<\/table>\n","protected":false},"excerpt":{"rendered":"<p>Informacion comercial. Descripcin general los puntos de acceso de interior aruba instant on ap11 ofrecen wi-fi 802.11ac wave 2 asequible y de calidad empresarial para entornos de pequeas empresas de densidad baja a media. Las capacidades de nivel empresarial han sido diseadas para satisfacer las necesidades mviles, de internet de las cosas y de seguridad de bufetes de abogados, clnicas dentales y distribuidores ms pequeos a un precio atractivo. El formato compacto de los puntos de acceso de interior aruba instant on ap11 proporciona seguridad mejorada, capacidades multiusuario y una velocidad mxima de transmisin de datos de 1.2 gbps para satisfacer las exigencias de las aplicaciones en la nube y de retransmisin de vdeo de alta definicin.<\/p>\n","protected":false},"featured_media":260117,"comment_status":"open","ping_status":"open","template":"","meta":[],"product_cat":[1563,1754],"product_tag":[1568],"acf":[],"yoast_head":"<!-- This site is optimized with the Yoast SEO plugin v21.7 - https:\/\/yoast.com\/wordpress\/plugins\/seo\/ -->\n<title>[ Hewlett Packard Enterprise ] &#129351; R6k61a Access Point Aruba Instan On Ap11 With 12v Psu Ww Bundle Interior<\/title>\n<meta name=\"description\" content=\"Compra R6k61a Access Point Aruba Instan On Ap11 With 12v Psu Ww Bundle Interior + Env\u00edo a domicilio + Pago seguro + Garant\u00eda\" \/>\n<meta name=\"robots\" content=\"index, follow, max-snippet:-1, max-image-preview:large, max-video-preview:-1\" \/>\n<link rel=\"canonical\" href=\"https:\/\/compuviper.mx\/tienda\/producto\/hewlett-packard-enterprise-r6k61a-access-point-aruba-instan-on-ap11-with-12v-psu-ww-bundle-interior\/\" \/>\n<meta property=\"og:locale\" content=\"es_MX\" \/>\n<meta property=\"og:type\" content=\"article\" \/>\n<meta property=\"og:title\" content=\"[ Hewlett Packard Enterprise ] &#129351; R6k61a Access Point Aruba Instan On Ap11 With 12v Psu Ww Bundle Interior\" \/>\n<meta property=\"og:description\" content=\"Compra R6k61a Access Point Aruba Instan On Ap11 With 12v Psu Ww Bundle Interior + Env\u00edo a domicilio + Pago seguro + Garant\u00eda\" \/>\n<meta property=\"og:url\" content=\"https:\/\/compuviper.mx\/tienda\/producto\/hewlett-packard-enterprise-r6k61a-access-point-aruba-instan-on-ap11-with-12v-psu-ww-bundle-interior\/\" \/>\n<meta property=\"og:site_name\" content=\"Compuviper\" \/>\n<meta property=\"article:publisher\" content=\"https:\/\/www.facebook.com\/compuviper\" \/>\n<meta property=\"article:modified_time\" content=\"2026-04-18T07:14:15+00:00\" \/>\n<meta property=\"og:image\" content=\"https:\/\/compuviper.mx\/tienda\/wp-content\/uploads\/2025\/10\/Access-point-aruba-instan-on-ap11-r6k61a-with-12v-psu-ww-bundle-interior.jpg\" \/>\n\t<meta property=\"og:image:width\" content=\"200\" \/>\n\t<meta property=\"og:image:height\" content=\"200\" \/>\n\t<meta property=\"og:image:type\" content=\"image\/jpeg\" \/>\n<meta name=\"twitter:card\" content=\"summary_large_image\" \/>\n<meta name=\"twitter:label1\" content=\"Precio\" \/>\n\t<meta name=\"twitter:data1\" content=\"&#36;1,607 con IVA\" \/>\n\t<meta name=\"twitter:label2\" content=\"Availability\" \/>\n\t<meta name=\"twitter:data2\" content=\"Out of stock\" \/>\n<script type=\"application\/ld+json\" class=\"yoast-schema-graph\">{\"@context\":\"https:\/\/schema.org\",\"@graph\":[{\"@type\":\"WebPage\",\"@id\":\"https:\/\/compuviper.mx\/tienda\/producto\/hewlett-packard-enterprise-r6k61a-access-point-aruba-instan-on-ap11-with-12v-psu-ww-bundle-interior\/\",\"url\":\"https:\/\/compuviper.mx\/tienda\/producto\/hewlett-packard-enterprise-r6k61a-access-point-aruba-instan-on-ap11-with-12v-psu-ww-bundle-interior\/\",\"name\":\"[ Hewlett Packard Enterprise ] &#129351; R6k61a Access Point Aruba Instan On Ap11 With 12v Psu Ww Bundle Interior\",\"isPartOf\":{\"@id\":\"https:\/\/compuviper.mx\/tienda\/#website\"},\"datePublished\":\"2026-04-18T07:14:14+00:00\",\"dateModified\":\"2026-04-18T07:14:15+00:00\",\"description\":\"Compra R6k61a Access Point Aruba Instan On Ap11 With 12v Psu Ww Bundle Interior + Env\u00edo a domicilio + Pago seguro + Garant\u00eda\",\"breadcrumb\":{\"@id\":\"https:\/\/compuviper.mx\/tienda\/producto\/hewlett-packard-enterprise-r6k61a-access-point-aruba-instan-on-ap11-with-12v-psu-ww-bundle-interior\/#breadcrumb\"},\"inLanguage\":\"es-MX\",\"potentialAction\":[{\"@type\":\"ReadAction\",\"target\":[\"https:\/\/compuviper.mx\/tienda\/producto\/hewlett-packard-enterprise-r6k61a-access-point-aruba-instan-on-ap11-with-12v-psu-ww-bundle-interior\/\"]}]},{\"@type\":\"BreadcrumbList\",\"@id\":\"https:\/\/compuviper.mx\/tienda\/producto\/hewlett-packard-enterprise-r6k61a-access-point-aruba-instan-on-ap11-with-12v-psu-ww-bundle-interior\/#breadcrumb\",\"itemListElement\":[{\"@type\":\"ListItem\",\"position\":1,\"name\":\"Inicio\",\"item\":\"https:\/\/compuviper.mx\/tienda\/\"},{\"@type\":\"ListItem\",\"position\":2,\"name\":\"Productos\",\"item\":\"https:\/\/compuviper.mx\/tienda\/productos\/\"},{\"@type\":\"ListItem\",\"position\":3,\"name\":\"Redes\",\"item\":\"https:\/\/compuviper.mx\/tienda\/categoria-producto\/redes\/\"},{\"@type\":\"ListItem\",\"position\":4,\"name\":\"Access Point\",\"item\":\"https:\/\/compuviper.mx\/tienda\/categoria-producto\/redes\/access-point\/\"},{\"@type\":\"ListItem\",\"position\":5,\"name\":\"Hewlett Packard Enterprise R6k61a Access Point Aruba Instan On Ap11 With 12v Psu Ww Bundle Interior\"}]},{\"@type\":\"WebSite\",\"@id\":\"https:\/\/compuviper.mx\/tienda\/#website\",\"url\":\"https:\/\/compuviper.mx\/tienda\/\",\"name\":\"Compuviper\",\"description\":\"Proveedor de Computadoras, Laptops, Servidores, Monitores, Puntos de Venta, Teclados,   Impresoras, T\u00f3ner, C\u00e1maras de Seguridad y m\u00e1s en tu tienda en l\u00ednea\",\"publisher\":{\"@id\":\"https:\/\/compuviper.mx\/tienda\/#organization\"},\"potentialAction\":[{\"@type\":\"SearchAction\",\"target\":{\"@type\":\"EntryPoint\",\"urlTemplate\":\"https:\/\/compuviper.mx\/tienda\/?s={search_term_string}\"},\"query-input\":\"required name=search_term_string\"}],\"inLanguage\":\"es-MX\"},{\"@type\":\"Organization\",\"@id\":\"https:\/\/compuviper.mx\/tienda\/#organization\",\"name\":\"Compuviper\",\"url\":\"https:\/\/compuviper.mx\/tienda\/\",\"logo\":{\"@type\":\"ImageObject\",\"inLanguage\":\"es-MX\",\"@id\":\"https:\/\/compuviper.mx\/tienda\/#\/schema\/logo\/image\/\",\"url\":\"https:\/\/compuviper.mx\/tienda\/wp-content\/uploads\/2021\/08\/Logo-Compuviper-10.png\",\"contentUrl\":\"https:\/\/compuviper.mx\/tienda\/wp-content\/uploads\/2021\/08\/Logo-Compuviper-10.png\",\"width\":1000,\"height\":500,\"caption\":\"Compuviper\"},\"image\":{\"@id\":\"https:\/\/compuviper.mx\/tienda\/#\/schema\/logo\/image\/\"},\"sameAs\":[\"https:\/\/www.facebook.com\/compuviper\",\"https:\/\/www.youtube.com\/channel\/UCf73dERp9Y3cfOq7q8BhLjA?view_as=subscriber\"]}]}<\/script>\n<meta property=\"product:brand\" content=\"HEWLETT PACKARD ENTERPRISE\" \/>\n<meta property=\"product:price:amount\" content=\"1607\" \/>\n<meta property=\"product:price:currency\" content=\"MXN\" \/>\n<meta property=\"og:availability\" content=\"out of stock\" \/>\n<meta property=\"product:availability\" content=\"out of stock\" \/>\n<meta property=\"product:retailer_item_id\" content=\"R6K61A\" \/>\n<meta property=\"product:condition\" content=\"new\" \/>\n<!-- \/ Yoast SEO plugin. -->","yoast_head_json":{"title":"[ Hewlett Packard Enterprise ] &#129351; R6k61a Access Point Aruba Instan On Ap11 With 12v Psu Ww Bundle Interior","description":"Compra R6k61a Access Point Aruba Instan On Ap11 With 12v Psu Ww Bundle Interior + Env\u00edo a domicilio + Pago seguro + Garant\u00eda","robots":{"index":"index","follow":"follow","max-snippet":"max-snippet:-1","max-image-preview":"max-image-preview:large","max-video-preview":"max-video-preview:-1"},"canonical":"https:\/\/compuviper.mx\/tienda\/producto\/hewlett-packard-enterprise-r6k61a-access-point-aruba-instan-on-ap11-with-12v-psu-ww-bundle-interior\/","og_locale":"es_MX","og_type":"article","og_title":"[ Hewlett Packard Enterprise ] &#129351; R6k61a Access Point Aruba Instan On Ap11 With 12v Psu Ww Bundle Interior","og_description":"Compra R6k61a Access Point Aruba Instan On Ap11 With 12v Psu Ww Bundle Interior + Env\u00edo a domicilio + Pago seguro + Garant\u00eda","og_url":"https:\/\/compuviper.mx\/tienda\/producto\/hewlett-packard-enterprise-r6k61a-access-point-aruba-instan-on-ap11-with-12v-psu-ww-bundle-interior\/","og_site_name":"Compuviper","article_publisher":"https:\/\/www.facebook.com\/compuviper","article_modified_time":"2026-04-18T07:14:15+00:00","og_image":[{"width":200,"height":200,"url":"https:\/\/compuviper.mx\/tienda\/wp-content\/uploads\/2025\/10\/Access-point-aruba-instan-on-ap11-r6k61a-with-12v-psu-ww-bundle-interior.jpg","type":"image\/jpeg"}],"twitter_card":"summary_large_image","twitter_misc":{"Precio":"&#36;1,607 con IVA","Availability":"Out of stock"},"schema":{"@context":"https:\/\/schema.org","@graph":[{"@type":"WebPage","@id":"https:\/\/compuviper.mx\/tienda\/producto\/hewlett-packard-enterprise-r6k61a-access-point-aruba-instan-on-ap11-with-12v-psu-ww-bundle-interior\/","url":"https:\/\/compuviper.mx\/tienda\/producto\/hewlett-packard-enterprise-r6k61a-access-point-aruba-instan-on-ap11-with-12v-psu-ww-bundle-interior\/","name":"[ Hewlett Packard Enterprise ] &#129351; R6k61a Access Point Aruba Instan On Ap11 With 12v Psu Ww Bundle Interior","isPartOf":{"@id":"https:\/\/compuviper.mx\/tienda\/#website"},"datePublished":"2026-04-18T07:14:14+00:00","dateModified":"2026-04-18T07:14:15+00:00","description":"Compra R6k61a Access Point Aruba Instan On Ap11 With 12v Psu Ww Bundle Interior + Env\u00edo a domicilio + Pago seguro + Garant\u00eda","breadcrumb":{"@id":"https:\/\/compuviper.mx\/tienda\/producto\/hewlett-packard-enterprise-r6k61a-access-point-aruba-instan-on-ap11-with-12v-psu-ww-bundle-interior\/#breadcrumb"},"inLanguage":"es-MX","potentialAction":[{"@type":"ReadAction","target":["https:\/\/compuviper.mx\/tienda\/producto\/hewlett-packard-enterprise-r6k61a-access-point-aruba-instan-on-ap11-with-12v-psu-ww-bundle-interior\/"]}]},{"@type":"BreadcrumbList","@id":"https:\/\/compuviper.mx\/tienda\/producto\/hewlett-packard-enterprise-r6k61a-access-point-aruba-instan-on-ap11-with-12v-psu-ww-bundle-interior\/#breadcrumb","itemListElement":[{"@type":"ListItem","position":1,"name":"Inicio","item":"https:\/\/compuviper.mx\/tienda\/"},{"@type":"ListItem","position":2,"name":"Productos","item":"https:\/\/compuviper.mx\/tienda\/productos\/"},{"@type":"ListItem","position":3,"name":"Redes","item":"https:\/\/compuviper.mx\/tienda\/categoria-producto\/redes\/"},{"@type":"ListItem","position":4,"name":"Access Point","item":"https:\/\/compuviper.mx\/tienda\/categoria-producto\/redes\/access-point\/"},{"@type":"ListItem","position":5,"name":"Hewlett Packard Enterprise R6k61a Access Point Aruba Instan On Ap11 With 12v Psu Ww Bundle Interior"}]},{"@type":"WebSite","@id":"https:\/\/compuviper.mx\/tienda\/#website","url":"https:\/\/compuviper.mx\/tienda\/","name":"Compuviper","description":"Proveedor de Computadoras, Laptops, Servidores, Monitores, Puntos de Venta, Teclados,   Impresoras, T\u00f3ner, C\u00e1maras de Seguridad y m\u00e1s en tu tienda en l\u00ednea","publisher":{"@id":"https:\/\/compuviper.mx\/tienda\/#organization"},"potentialAction":[{"@type":"SearchAction","target":{"@type":"EntryPoint","urlTemplate":"https:\/\/compuviper.mx\/tienda\/?s={search_term_string}"},"query-input":"required name=search_term_string"}],"inLanguage":"es-MX"},{"@type":"Organization","@id":"https:\/\/compuviper.mx\/tienda\/#organization","name":"Compuviper","url":"https:\/\/compuviper.mx\/tienda\/","logo":{"@type":"ImageObject","inLanguage":"es-MX","@id":"https:\/\/compuviper.mx\/tienda\/#\/schema\/logo\/image\/","url":"https:\/\/compuviper.mx\/tienda\/wp-content\/uploads\/2021\/08\/Logo-Compuviper-10.png","contentUrl":"https:\/\/compuviper.mx\/tienda\/wp-content\/uploads\/2021\/08\/Logo-Compuviper-10.png","width":1000,"height":500,"caption":"Compuviper"},"image":{"@id":"https:\/\/compuviper.mx\/tienda\/#\/schema\/logo\/image\/"},"sameAs":["https:\/\/www.facebook.com\/compuviper","https:\/\/www.youtube.com\/channel\/UCf73dERp9Y3cfOq7q8BhLjA?view_as=subscriber"]}]},"product_brand":"HEWLETT PACKARD ENTERPRISE","product_price_amount":"1607","product_price_currency":"MXN","og_availability":"out of stock","product_availability":"out of stock","product_retailer_item_id":"R6K61A","product_condition":"new"},"_links":{"self":[{"href":"https:\/\/compuviper.mx\/tienda\/wp-json\/wp\/v2\/product\/247700"}],"collection":[{"href":"https:\/\/compuviper.mx\/tienda\/wp-json\/wp\/v2\/product"}],"about":[{"href":"https:\/\/compuviper.mx\/tienda\/wp-json\/wp\/v2\/types\/product"}],"replies":[{"embeddable":true,"href":"https:\/\/compuviper.mx\/tienda\/wp-json\/wp\/v2\/comments?post=247700"}],"wp:featuredmedia":[{"embeddable":true,"href":"https:\/\/compuviper.mx\/tienda\/wp-json\/wp\/v2\/media\/260117"}],"wp:attachment":[{"href":"https:\/\/compuviper.mx\/tienda\/wp-json\/wp\/v2\/media?parent=247700"}],"wp:term":[{"taxonomy":"product_cat","embeddable":true,"href":"https:\/\/compuviper.mx\/tienda\/wp-json\/wp\/v2\/product_cat?post=247700"},{"taxonomy":"product_tag","embeddable":true,"href":"https:\/\/compuviper.mx\/tienda\/wp-json\/wp\/v2\/product_tag?post=247700"}],"curies":[{"name":"wp","href":"https:\/\/api.w.org\/{rel}","templated":true}]}}