{"id":247591,"date":"2026-04-02T00:43:30","date_gmt":"2026-04-02T06:43:30","guid":{"rendered":"https:\/\/compuviper.mx\/tienda\/producto\/logitech-920-009792-teclado-mouse-mk295-silent-wireless-inalambrico-negro\/"},"modified":"2026-04-02T00:43:30","modified_gmt":"2026-04-02T06:43:30","slug":"logitech-920-009792-teclado-y-mouse-mk295-silent-inalambrico-receptor-usb-espaol-negro","status":"publish","type":"product","link":"https:\/\/compuviper.mx\/tienda\/producto\/logitech-920-009792-teclado-y-mouse-mk295-silent-inalambrico-receptor-usb-espaol-negro\/","title":{"rendered":"Logitech 920-009792 Teclado Y Mouse  Mk295 Silent Inalambrico Receptor Usb (espa?ol) Negro"},"content":{"rendered":"<table class=\"descripcion\">\n<tr>\n<td>Dimensiones<\/td>\n<\/tr>\n<tr>\n<td>Teclado<\/td>\n<\/tr>\n<tr>\n<td>Altura: 149 mm<\/td>\n<\/tr>\n<tr>\n<td>Anchura: 441 mm<\/td>\n<\/tr>\n<tr>\n<td>Profundidad: 18 mm<\/td>\n<\/tr>\n<tr>\n<td>Peso con baterias: 498 g<\/td>\n<\/tr>\n<tr>\n<td>Mouse<\/td>\n<\/tr>\n<tr>\n<td>Altura: 99 mm<\/td>\n<\/tr>\n<tr>\n<td>Anchura: 60 mm<\/td>\n<\/tr>\n<tr>\n<td>Profundidad: 39 mm<\/td>\n<\/tr>\n<tr>\n<td>Peso con baterias: 75,2 g<\/td>\n<\/tr>\n<tr>\n<td>Nano receptor<\/td>\n<\/tr>\n<tr>\n<td>Altura: 23,1 mm<\/td>\n<\/tr>\n<tr>\n<td>Anchura: 18,7 mm<\/td>\n<\/tr>\n<tr>\n<td>Profundidad: 6,1 mm<\/td>\n<\/tr>\n<tr>\n<td>Peso: 1,8 g<\/td>\n<\/tr>\n<tr>\n<td>Especificaciones tecnicas<\/td>\n<\/tr>\n<tr>\n<td>Radio de accin wi-fi en metros: 10 metros<\/td>\n<\/tr>\n<tr>\n<td>Teclado<\/td>\n<\/tr>\n<tr>\n<td>Silenttouch technology<\/td>\n<\/tr>\n<tr>\n<td>Altura de teclado ajustable<\/td>\n<\/tr>\n<tr>\n<td>Diseo resistente a salpicaduras<\/td>\n<\/tr>\n<tr>\n<td>Tecnologia inalambrica de 2,4 ghz 10 metros<\/td>\n<\/tr>\n<tr>\n<td>Nano receptor usb<\/td>\n<\/tr>\n<tr>\n<td>Indicador luminoso de bloqueo de mayusculas<\/td>\n<\/tr>\n<tr>\n<td>Conmutador de encendido\/apagado<\/td>\n<\/tr>\n<tr>\n<td>2 bateras aaa alcalinas<\/td>\n<\/tr>\n<tr>\n<td>Mouse<\/td>\n<\/tr>\n<tr>\n<td>Silenttouch technology<\/td>\n<\/tr>\n<tr>\n<td>Forma contorneada y compacta<\/td>\n<\/tr>\n<tr>\n<td>Control preciso y uniforme del cursor<\/td>\n<\/tr>\n<tr>\n<td>Boton de encendido\/apagado<\/td>\n<\/tr>\n<tr>\n<td>1 pila aa alcalina and 65289;<\/td>\n<\/tr>\n<tr>\n<td>Sostenibilidad<\/td>\n<\/tr>\n<tr>\n<td>Plastico en grafito: 24 de material reciclado posconsumo excluye plstico del conjunto de cableado impreso pwa, cables y empaque.<\/td>\n<\/tr>\n<tr>\n<td>Informacin de garantia<\/td>\n<\/tr>\n<tr>\n<td>Un ao de garanta de hardware limitada<\/td>\n<\/tr>\n<tr>\n<td>Numero de referencia<\/td>\n<\/tr>\n<tr>\n<td>920-009792<\/td>\n<\/tr>\n<\/table>\n","protected":false},"excerpt":{"rendered":"<p>Menos ruido, mas concentracion. Manten la concentracion en tu trabajo, sin distracciones. La combinacin inalambrica silenciosa logitech mk295 incluye silenttouch, una tecnologia exclusiva de logitech que elimina mas del 90 del ruido producido por teclados y mouse. Ofrece la misma sensacion de click y escritura que la mejor combinacion de todas y sin molestos ruidos al hacer click o escribir.<\/p>\n","protected":false},"featured_media":247643,"comment_status":"open","ping_status":"open","template":"","meta":[],"product_cat":[1711,1712],"product_tag":[1500],"acf":[],"yoast_head":"<!-- This site is optimized with the Yoast SEO plugin v21.7 - https:\/\/yoast.com\/wordpress\/plugins\/seo\/ -->\n<title>[ Logitech ] &#129351; 920-009792 Teclado Y Mouse Mk295 Silent Inalambrico Receptor Usb (espa\u00f1ol) Negro<\/title>\n<meta name=\"description\" content=\"Compra 920-009792 Teclado Y Mouse Mk295 Silent Inalambrico Receptor Usb (espa\u00f1ol) Negro + Env\u00edo a domicilio + Pago seguro + Garant\u00eda\" \/>\n<meta name=\"robots\" content=\"index, follow, max-snippet:-1, max-image-preview:large, max-video-preview:-1\" \/>\n<link rel=\"canonical\" href=\"https:\/\/compuviper.mx\/tienda\/producto\/logitech-920-009792-teclado-y-mouse-mk295-silent-inalambrico-receptor-usb-espaol-negro\/\" \/>\n<meta property=\"og:locale\" content=\"es_MX\" \/>\n<meta property=\"og:type\" content=\"article\" \/>\n<meta property=\"og:title\" content=\"[ Logitech ] &#129351; 920-009792 Teclado Y Mouse Mk295 Silent Inalambrico Receptor Usb (espa\u00f1ol) Negro\" \/>\n<meta property=\"og:description\" content=\"Compra 920-009792 Teclado Y Mouse Mk295 Silent Inalambrico Receptor Usb (espa\u00f1ol) Negro + Env\u00edo a domicilio + Pago seguro + Garant\u00eda\" \/>\n<meta property=\"og:url\" content=\"https:\/\/compuviper.mx\/tienda\/producto\/logitech-920-009792-teclado-y-mouse-mk295-silent-inalambrico-receptor-usb-espaol-negro\/\" \/>\n<meta property=\"og:site_name\" content=\"Compuviper\" \/>\n<meta property=\"article:publisher\" content=\"https:\/\/www.facebook.com\/compuviper\" \/>\n<meta property=\"og:image\" content=\"https:\/\/compuviper.mx\/tienda\/wp-content\/uploads\/2025\/01\/Tecladomouse-logitech-mk295-silent-wireless-inalambrico-negro.jpg\" \/>\n\t<meta property=\"og:image:width\" content=\"200\" \/>\n\t<meta property=\"og:image:height\" content=\"200\" \/>\n\t<meta property=\"og:image:type\" content=\"image\/jpeg\" \/>\n<meta name=\"twitter:card\" content=\"summary_large_image\" \/>\n<meta name=\"twitter:label1\" content=\"Precio\" \/>\n\t<meta name=\"twitter:data1\" content=\"&#36;704 con IVA\" \/>\n\t<meta name=\"twitter:label2\" content=\"Availability\" \/>\n\t<meta name=\"twitter:data2\" content=\"In stock\" \/>\n<script type=\"application\/ld+json\" class=\"yoast-schema-graph\">{\"@context\":\"https:\/\/schema.org\",\"@graph\":[{\"@type\":\"WebPage\",\"@id\":\"https:\/\/compuviper.mx\/tienda\/producto\/logitech-920-009792-teclado-y-mouse-mk295-silent-inalambrico-receptor-usb-espaol-negro\/\",\"url\":\"https:\/\/compuviper.mx\/tienda\/producto\/logitech-920-009792-teclado-y-mouse-mk295-silent-inalambrico-receptor-usb-espaol-negro\/\",\"name\":\"[ Logitech ] &#129351; 920-009792 Teclado Y Mouse Mk295 Silent Inalambrico Receptor Usb (espa\u00f1ol) Negro\",\"isPartOf\":{\"@id\":\"https:\/\/compuviper.mx\/tienda\/#website\"},\"datePublished\":\"2026-04-02T06:43:30+00:00\",\"dateModified\":\"2026-04-02T06:43:30+00:00\",\"description\":\"Compra 920-009792 Teclado Y Mouse Mk295 Silent Inalambrico Receptor Usb (espa\u00f1ol) Negro + Env\u00edo a domicilio + Pago seguro + Garant\u00eda\",\"breadcrumb\":{\"@id\":\"https:\/\/compuviper.mx\/tienda\/producto\/logitech-920-009792-teclado-y-mouse-mk295-silent-inalambrico-receptor-usb-espaol-negro\/#breadcrumb\"},\"inLanguage\":\"es-MX\",\"potentialAction\":[{\"@type\":\"ReadAction\",\"target\":[\"https:\/\/compuviper.mx\/tienda\/producto\/logitech-920-009792-teclado-y-mouse-mk295-silent-inalambrico-receptor-usb-espaol-negro\/\"]}]},{\"@type\":\"BreadcrumbList\",\"@id\":\"https:\/\/compuviper.mx\/tienda\/producto\/logitech-920-009792-teclado-y-mouse-mk295-silent-inalambrico-receptor-usb-espaol-negro\/#breadcrumb\",\"itemListElement\":[{\"@type\":\"ListItem\",\"position\":1,\"name\":\"Inicio\",\"item\":\"https:\/\/compuviper.mx\/tienda\/\"},{\"@type\":\"ListItem\",\"position\":2,\"name\":\"Productos\",\"item\":\"https:\/\/compuviper.mx\/tienda\/productos\/\"},{\"@type\":\"ListItem\",\"position\":3,\"name\":\"Teclado Y Mouse\",\"item\":\"https:\/\/compuviper.mx\/tienda\/categoria-producto\/teclado-y-mouse\/\"},{\"@type\":\"ListItem\",\"position\":4,\"name\":\"Sin Categor\u00eda\",\"item\":\"https:\/\/compuviper.mx\/tienda\/categoria-producto\/teclado-y-mouse\/sin-categoria-teclado-y-mouse\/\"},{\"@type\":\"ListItem\",\"position\":5,\"name\":\"Logitech 920-009792 Teclado Y Mouse Mk295 Silent Inalambrico Receptor Usb (espa?ol) Negro\"}]},{\"@type\":\"WebSite\",\"@id\":\"https:\/\/compuviper.mx\/tienda\/#website\",\"url\":\"https:\/\/compuviper.mx\/tienda\/\",\"name\":\"Compuviper\",\"description\":\"Proveedor de Computadoras, Laptops, Servidores, Monitores, Puntos de Venta, Teclados,   Impresoras, T\u00f3ner, C\u00e1maras de Seguridad y m\u00e1s en tu tienda en l\u00ednea\",\"publisher\":{\"@id\":\"https:\/\/compuviper.mx\/tienda\/#organization\"},\"potentialAction\":[{\"@type\":\"SearchAction\",\"target\":{\"@type\":\"EntryPoint\",\"urlTemplate\":\"https:\/\/compuviper.mx\/tienda\/?s={search_term_string}\"},\"query-input\":\"required name=search_term_string\"}],\"inLanguage\":\"es-MX\"},{\"@type\":\"Organization\",\"@id\":\"https:\/\/compuviper.mx\/tienda\/#organization\",\"name\":\"Compuviper\",\"url\":\"https:\/\/compuviper.mx\/tienda\/\",\"logo\":{\"@type\":\"ImageObject\",\"inLanguage\":\"es-MX\",\"@id\":\"https:\/\/compuviper.mx\/tienda\/#\/schema\/logo\/image\/\",\"url\":\"https:\/\/compuviper.mx\/tienda\/wp-content\/uploads\/2021\/08\/Logo-Compuviper-10.png\",\"contentUrl\":\"https:\/\/compuviper.mx\/tienda\/wp-content\/uploads\/2021\/08\/Logo-Compuviper-10.png\",\"width\":1000,\"height\":500,\"caption\":\"Compuviper\"},\"image\":{\"@id\":\"https:\/\/compuviper.mx\/tienda\/#\/schema\/logo\/image\/\"},\"sameAs\":[\"https:\/\/www.facebook.com\/compuviper\",\"https:\/\/www.youtube.com\/channel\/UCf73dERp9Y3cfOq7q8BhLjA?view_as=subscriber\"]}]}<\/script>\n<meta property=\"product:brand\" content=\"LOGITECH\" \/>\n<meta property=\"product:price:amount\" content=\"704\" \/>\n<meta property=\"product:price:currency\" content=\"MXN\" \/>\n<meta property=\"og:availability\" content=\"instock\" \/>\n<meta property=\"product:availability\" content=\"instock\" \/>\n<meta property=\"product:retailer_item_id\" content=\"920-009792\" \/>\n<meta property=\"product:condition\" content=\"new\" \/>\n<!-- \/ Yoast SEO plugin. -->","yoast_head_json":{"title":"[ Logitech ] &#129351; 920-009792 Teclado Y Mouse Mk295 Silent Inalambrico Receptor Usb (espa\u00f1ol) Negro","description":"Compra 920-009792 Teclado Y Mouse Mk295 Silent Inalambrico Receptor Usb (espa\u00f1ol) Negro + Env\u00edo a domicilio + Pago seguro + Garant\u00eda","robots":{"index":"index","follow":"follow","max-snippet":"max-snippet:-1","max-image-preview":"max-image-preview:large","max-video-preview":"max-video-preview:-1"},"canonical":"https:\/\/compuviper.mx\/tienda\/producto\/logitech-920-009792-teclado-y-mouse-mk295-silent-inalambrico-receptor-usb-espaol-negro\/","og_locale":"es_MX","og_type":"article","og_title":"[ Logitech ] &#129351; 920-009792 Teclado Y Mouse Mk295 Silent Inalambrico Receptor Usb (espa\u00f1ol) Negro","og_description":"Compra 920-009792 Teclado Y Mouse Mk295 Silent Inalambrico Receptor Usb (espa\u00f1ol) Negro + Env\u00edo a domicilio + Pago seguro + Garant\u00eda","og_url":"https:\/\/compuviper.mx\/tienda\/producto\/logitech-920-009792-teclado-y-mouse-mk295-silent-inalambrico-receptor-usb-espaol-negro\/","og_site_name":"Compuviper","article_publisher":"https:\/\/www.facebook.com\/compuviper","og_image":[{"width":200,"height":200,"url":"https:\/\/compuviper.mx\/tienda\/wp-content\/uploads\/2025\/01\/Tecladomouse-logitech-mk295-silent-wireless-inalambrico-negro.jpg","type":"image\/jpeg"}],"twitter_card":"summary_large_image","twitter_misc":{"Precio":"&#36;704 con IVA","Availability":"In stock"},"schema":{"@context":"https:\/\/schema.org","@graph":[{"@type":"WebPage","@id":"https:\/\/compuviper.mx\/tienda\/producto\/logitech-920-009792-teclado-y-mouse-mk295-silent-inalambrico-receptor-usb-espaol-negro\/","url":"https:\/\/compuviper.mx\/tienda\/producto\/logitech-920-009792-teclado-y-mouse-mk295-silent-inalambrico-receptor-usb-espaol-negro\/","name":"[ Logitech ] &#129351; 920-009792 Teclado Y Mouse Mk295 Silent Inalambrico Receptor Usb (espa\u00f1ol) Negro","isPartOf":{"@id":"https:\/\/compuviper.mx\/tienda\/#website"},"datePublished":"2026-04-02T06:43:30+00:00","dateModified":"2026-04-02T06:43:30+00:00","description":"Compra 920-009792 Teclado Y Mouse Mk295 Silent Inalambrico Receptor Usb (espa\u00f1ol) Negro + Env\u00edo a domicilio + Pago seguro + Garant\u00eda","breadcrumb":{"@id":"https:\/\/compuviper.mx\/tienda\/producto\/logitech-920-009792-teclado-y-mouse-mk295-silent-inalambrico-receptor-usb-espaol-negro\/#breadcrumb"},"inLanguage":"es-MX","potentialAction":[{"@type":"ReadAction","target":["https:\/\/compuviper.mx\/tienda\/producto\/logitech-920-009792-teclado-y-mouse-mk295-silent-inalambrico-receptor-usb-espaol-negro\/"]}]},{"@type":"BreadcrumbList","@id":"https:\/\/compuviper.mx\/tienda\/producto\/logitech-920-009792-teclado-y-mouse-mk295-silent-inalambrico-receptor-usb-espaol-negro\/#breadcrumb","itemListElement":[{"@type":"ListItem","position":1,"name":"Inicio","item":"https:\/\/compuviper.mx\/tienda\/"},{"@type":"ListItem","position":2,"name":"Productos","item":"https:\/\/compuviper.mx\/tienda\/productos\/"},{"@type":"ListItem","position":3,"name":"Teclado Y Mouse","item":"https:\/\/compuviper.mx\/tienda\/categoria-producto\/teclado-y-mouse\/"},{"@type":"ListItem","position":4,"name":"Sin Categor\u00eda","item":"https:\/\/compuviper.mx\/tienda\/categoria-producto\/teclado-y-mouse\/sin-categoria-teclado-y-mouse\/"},{"@type":"ListItem","position":5,"name":"Logitech 920-009792 Teclado Y Mouse Mk295 Silent Inalambrico Receptor Usb (espa?ol) Negro"}]},{"@type":"WebSite","@id":"https:\/\/compuviper.mx\/tienda\/#website","url":"https:\/\/compuviper.mx\/tienda\/","name":"Compuviper","description":"Proveedor de Computadoras, Laptops, Servidores, Monitores, Puntos de Venta, Teclados,   Impresoras, T\u00f3ner, C\u00e1maras de Seguridad y m\u00e1s en tu tienda en l\u00ednea","publisher":{"@id":"https:\/\/compuviper.mx\/tienda\/#organization"},"potentialAction":[{"@type":"SearchAction","target":{"@type":"EntryPoint","urlTemplate":"https:\/\/compuviper.mx\/tienda\/?s={search_term_string}"},"query-input":"required name=search_term_string"}],"inLanguage":"es-MX"},{"@type":"Organization","@id":"https:\/\/compuviper.mx\/tienda\/#organization","name":"Compuviper","url":"https:\/\/compuviper.mx\/tienda\/","logo":{"@type":"ImageObject","inLanguage":"es-MX","@id":"https:\/\/compuviper.mx\/tienda\/#\/schema\/logo\/image\/","url":"https:\/\/compuviper.mx\/tienda\/wp-content\/uploads\/2021\/08\/Logo-Compuviper-10.png","contentUrl":"https:\/\/compuviper.mx\/tienda\/wp-content\/uploads\/2021\/08\/Logo-Compuviper-10.png","width":1000,"height":500,"caption":"Compuviper"},"image":{"@id":"https:\/\/compuviper.mx\/tienda\/#\/schema\/logo\/image\/"},"sameAs":["https:\/\/www.facebook.com\/compuviper","https:\/\/www.youtube.com\/channel\/UCf73dERp9Y3cfOq7q8BhLjA?view_as=subscriber"]}]},"product_brand":"LOGITECH","product_price_amount":"704","product_price_currency":"MXN","og_availability":"instock","product_availability":"instock","product_retailer_item_id":"920-009792","product_condition":"new"},"_links":{"self":[{"href":"https:\/\/compuviper.mx\/tienda\/wp-json\/wp\/v2\/product\/247591"}],"collection":[{"href":"https:\/\/compuviper.mx\/tienda\/wp-json\/wp\/v2\/product"}],"about":[{"href":"https:\/\/compuviper.mx\/tienda\/wp-json\/wp\/v2\/types\/product"}],"replies":[{"embeddable":true,"href":"https:\/\/compuviper.mx\/tienda\/wp-json\/wp\/v2\/comments?post=247591"}],"wp:featuredmedia":[{"embeddable":true,"href":"https:\/\/compuviper.mx\/tienda\/wp-json\/wp\/v2\/media\/247643"}],"wp:attachment":[{"href":"https:\/\/compuviper.mx\/tienda\/wp-json\/wp\/v2\/media?parent=247591"}],"wp:term":[{"taxonomy":"product_cat","embeddable":true,"href":"https:\/\/compuviper.mx\/tienda\/wp-json\/wp\/v2\/product_cat?post=247591"},{"taxonomy":"product_tag","embeddable":true,"href":"https:\/\/compuviper.mx\/tienda\/wp-json\/wp\/v2\/product_tag?post=247591"}],"curies":[{"name":"wp","href":"https:\/\/api.w.org\/{rel}","templated":true}]}}