{"id":247565,"date":"2026-04-14T01:14:23","date_gmt":"2026-04-14T07:14:23","guid":{"rendered":"https:\/\/compuviper.mx\/tienda\/producto\/asus-h7606wi-me139w-laptop-studiobook-proart-p16-h7606-amd-ryzen-ai-r9-hx370-64gb-2-tb-ssd-16-pulgadas-touch-oled-win-11-home-negro-lector-de-huella-sd-card-reader-nv-rtx-4070-8gb-grado-mili\/"},"modified":"2026-04-14T01:14:24","modified_gmt":"2026-04-14T07:14:24","slug":"asus-h7606wi-me139w-laptop-worstation-studiobook-proart-p16-h7606-amd-ryzen-ai-r9-hx370-64gb-2-tb-ssd-16-pulgadas-touch-oled-win-11-home-negro-lector-de-huella-sd-card-reader-nv-rtx-4070-8gb-grado-mi","status":"publish","type":"product","link":"https:\/\/compuviper.mx\/tienda\/producto\/asus-h7606wi-me139w-laptop-worstation-studiobook-proart-p16-h7606-amd-ryzen-ai-r9-hx370-64gb-2-tb-ssd-16-pulgadas-touch-oled-win-11-home-negro-lector-de-huella-sd-card-reader-nv-rtx-4070-8gb-grado-mi\/","title":{"rendered":"Asus H7606wi-me139w Laptop Worstation  Studiobook Proart P16 H7606 Amd Ryzen Ai R9 Hx370 64gb 2 Tb Ssd 16 Pulgadas Touch Oled Win 11 Home Negro Lector De Huella Sd Card Reader Nv Rtx 4070 8gb Grado Militar 1 A?o G"},"content":{"rendered":"<table class=\"descripcion\">\n<tr>\n<td>Cod fabricante: h7606wi-me139w<\/td>\n<\/tr>\n<tr>\n<td>Num parte: 90nb1421-m009w0<\/td>\n<\/tr>\n<tr>\n<td>Procesador: amd ryzen ai 300 &#8211; ai r9 hx 370<\/td>\n<\/tr>\n<tr>\n<td>Tarjeta de video: nv rtx4070 8gb<\/td>\n<\/tr>\n<tr>\n<td>Dise\u00f1o: 16 pulgadas touch oled wquxga(wqu) 3840&#215;2400 16:10<\/td>\n<\/tr>\n<tr>\n<td>Memoria ram: lpddr5x 64gb ( 64gb lpddr5x on board )<\/td>\n<\/tr>\n<tr>\n<td>Almacenamiento: 2tb pcie g4 ssd<\/td>\n<\/tr>\n<tr>\n<td>Teclado: backlit chiclet keyboard (language: latin america)<\/td>\n<\/tr>\n<tr>\n<td>Peso: 1.85 kg (4.08 lbs)<\/td>\n<\/tr>\n<tr>\n<td>Bater\u00eda: 90whrs, 4s1p, 4-cell li-ion<\/td>\n<\/tr>\n<tr>\n<td>Dimensiones del equipo: 35.49 x 24.69 x 1.49 ~ 1.73 cm (13.97 x 9.72 x 0.59 ~ 0.68)<\/td>\n<\/tr>\n<tr>\n<td>Color: black<\/td>\n<\/tr>\n<tr>\n<td>Sistema operativo: windows 11 home<\/td>\n<\/tr>\n<tr>\n<td>Garantia de 1 a\u00f1o, directamente con el fabricante<\/td>\n<\/tr>\n<\/table>\n","protected":false},"excerpt":{"rendered":"<p>Crea en cualquier lugar. Dise\u00f1ada para una perfecta portabilidad y durabilidad, la proart p16 permite que tu inspiraci\u00f3n fluya libremente a donde quiera que vayas. Acelera la creatividad con la ia. Ad\u00e9ntrate en el futuro de la creaci\u00f3n de contenido con aceleraci\u00f3n y herramientas de ia en una amplia gama de software como adobe premiere pro, agilizando procesos como la transcripci\u00f3n de voz a texto, el encuadre autom\u00e1tico de secuencias y la detecci\u00f3n de edici\u00f3n de escenas. C\u00e9ntrate en contar historias, no en el flujo de trabajo.<\/p>\n","protected":false},"featured_media":0,"comment_status":"open","ping_status":"open","template":"","meta":[],"product_cat":[1886,1889],"product_tag":[1729],"acf":[],"yoast_head":"<!-- This site is optimized with the Yoast SEO plugin v21.7 - https:\/\/yoast.com\/wordpress\/plugins\/seo\/ -->\n<title>[ Asus ] &#129351; H7606wi-me139w Laptop Worstation Studiobook Proart P16 H7606 Amd Ryzen Ai R9 Hx370 64gb 2 Tb Ssd 16 Pulgadas Touch Oled Win 11 Home Negro Lector De Huella Sd Card Reader Nv Rtx 4070 8gb Grado Militar 1 A\u00f1o G<\/title>\n<meta name=\"description\" content=\"Compra H7606wi-me139w Laptop Worstation Studiobook Proart P16 H7606 Amd Ryzen Ai R9 Hx370 64gb 2 Tb Ssd 16 Pulgadas Touch Oled Win 11 Home Negro Lector De Huella Sd Card Reader Nv Rtx 4070 8gb Grado Militar 1 A\u00f1o G + Env\u00edo a domicilio + Pago seguro + Garant\u00eda\" \/>\n<meta name=\"robots\" content=\"index, follow, max-snippet:-1, max-image-preview:large, max-video-preview:-1\" \/>\n<link rel=\"canonical\" href=\"https:\/\/compuviper.mx\/tienda\/producto\/asus-h7606wi-me139w-laptop-worstation-studiobook-proart-p16-h7606-amd-ryzen-ai-r9-hx370-64gb-2-tb-ssd-16-pulgadas-touch-oled-win-11-home-negro-lector-de-huella-sd-card-reader-nv-rtx-4070-8gb-grado-mi\/\" \/>\n<meta property=\"og:locale\" content=\"es_MX\" \/>\n<meta property=\"og:type\" content=\"article\" \/>\n<meta property=\"og:title\" content=\"[ Asus ] &#129351; H7606wi-me139w Laptop Worstation Studiobook Proart P16 H7606 Amd Ryzen Ai R9 Hx370 64gb 2 Tb Ssd 16 Pulgadas Touch Oled Win 11 Home Negro Lector De Huella Sd Card Reader Nv Rtx 4070 8gb Grado Militar 1 A\u00f1o G\" \/>\n<meta property=\"og:description\" content=\"Compra H7606wi-me139w Laptop Worstation Studiobook Proart P16 H7606 Amd Ryzen Ai R9 Hx370 64gb 2 Tb Ssd 16 Pulgadas Touch Oled Win 11 Home Negro Lector De Huella Sd Card Reader Nv Rtx 4070 8gb Grado Militar 1 A\u00f1o G + Env\u00edo a domicilio + Pago seguro + Garant\u00eda\" \/>\n<meta property=\"og:url\" content=\"https:\/\/compuviper.mx\/tienda\/producto\/asus-h7606wi-me139w-laptop-worstation-studiobook-proart-p16-h7606-amd-ryzen-ai-r9-hx370-64gb-2-tb-ssd-16-pulgadas-touch-oled-win-11-home-negro-lector-de-huella-sd-card-reader-nv-rtx-4070-8gb-grado-mi\/\" \/>\n<meta property=\"og:site_name\" content=\"Compuviper\" \/>\n<meta property=\"article:publisher\" content=\"https:\/\/www.facebook.com\/compuviper\" \/>\n<meta property=\"article:modified_time\" content=\"2026-04-14T07:14:24+00:00\" \/>\n<meta name=\"twitter:card\" content=\"summary_large_image\" \/>\n<meta name=\"twitter:label1\" content=\"Precio\" \/>\n\t<meta name=\"twitter:data1\" content=\"&#36;55,618 con IVA\" \/>\n\t<meta name=\"twitter:label2\" content=\"Availability\" \/>\n\t<meta name=\"twitter:data2\" content=\"Out of stock\" \/>\n<script type=\"application\/ld+json\" class=\"yoast-schema-graph\">{\"@context\":\"https:\/\/schema.org\",\"@graph\":[{\"@type\":\"WebPage\",\"@id\":\"https:\/\/compuviper.mx\/tienda\/producto\/asus-h7606wi-me139w-laptop-worstation-studiobook-proart-p16-h7606-amd-ryzen-ai-r9-hx370-64gb-2-tb-ssd-16-pulgadas-touch-oled-win-11-home-negro-lector-de-huella-sd-card-reader-nv-rtx-4070-8gb-grado-mi\/\",\"url\":\"https:\/\/compuviper.mx\/tienda\/producto\/asus-h7606wi-me139w-laptop-worstation-studiobook-proart-p16-h7606-amd-ryzen-ai-r9-hx370-64gb-2-tb-ssd-16-pulgadas-touch-oled-win-11-home-negro-lector-de-huella-sd-card-reader-nv-rtx-4070-8gb-grado-mi\/\",\"name\":\"[ Asus ] &#129351; H7606wi-me139w Laptop Worstation Studiobook Proart P16 H7606 Amd Ryzen Ai R9 Hx370 64gb 2 Tb Ssd 16 Pulgadas Touch Oled Win 11 Home Negro Lector De Huella Sd Card Reader Nv Rtx 4070 8gb Grado Militar 1 A\u00f1o G\",\"isPartOf\":{\"@id\":\"https:\/\/compuviper.mx\/tienda\/#website\"},\"datePublished\":\"2026-04-14T07:14:23+00:00\",\"dateModified\":\"2026-04-14T07:14:24+00:00\",\"description\":\"Compra H7606wi-me139w Laptop Worstation Studiobook Proart P16 H7606 Amd Ryzen Ai R9 Hx370 64gb 2 Tb Ssd 16 Pulgadas Touch Oled Win 11 Home Negro Lector De Huella Sd Card Reader Nv Rtx 4070 8gb Grado Militar 1 A\u00f1o G + Env\u00edo a domicilio + Pago seguro + Garant\u00eda\",\"breadcrumb\":{\"@id\":\"https:\/\/compuviper.mx\/tienda\/producto\/asus-h7606wi-me139w-laptop-worstation-studiobook-proart-p16-h7606-amd-ryzen-ai-r9-hx370-64gb-2-tb-ssd-16-pulgadas-touch-oled-win-11-home-negro-lector-de-huella-sd-card-reader-nv-rtx-4070-8gb-grado-mi\/#breadcrumb\"},\"inLanguage\":\"es-MX\",\"potentialAction\":[{\"@type\":\"ReadAction\",\"target\":[\"https:\/\/compuviper.mx\/tienda\/producto\/asus-h7606wi-me139w-laptop-worstation-studiobook-proart-p16-h7606-amd-ryzen-ai-r9-hx370-64gb-2-tb-ssd-16-pulgadas-touch-oled-win-11-home-negro-lector-de-huella-sd-card-reader-nv-rtx-4070-8gb-grado-mi\/\"]}]},{\"@type\":\"BreadcrumbList\",\"@id\":\"https:\/\/compuviper.mx\/tienda\/producto\/asus-h7606wi-me139w-laptop-worstation-studiobook-proart-p16-h7606-amd-ryzen-ai-r9-hx370-64gb-2-tb-ssd-16-pulgadas-touch-oled-win-11-home-negro-lector-de-huella-sd-card-reader-nv-rtx-4070-8gb-grado-mi\/#breadcrumb\",\"itemListElement\":[{\"@type\":\"ListItem\",\"position\":1,\"name\":\"Inicio\",\"item\":\"https:\/\/compuviper.mx\/tienda\/\"},{\"@type\":\"ListItem\",\"position\":2,\"name\":\"Productos\",\"item\":\"https:\/\/compuviper.mx\/tienda\/productos\/\"},{\"@type\":\"ListItem\",\"position\":3,\"name\":\"Laptops\",\"item\":\"https:\/\/compuviper.mx\/tienda\/categoria-producto\/laptops\/\"},{\"@type\":\"ListItem\",\"position\":4,\"name\":\"Workstation\",\"item\":\"https:\/\/compuviper.mx\/tienda\/categoria-producto\/laptops\/workstation-laptops\/\"},{\"@type\":\"ListItem\",\"position\":5,\"name\":\"Asus H7606wi-me139w Laptop Worstation Studiobook Proart P16 H7606 Amd Ryzen Ai R9 Hx370 64gb 2 Tb Ssd 16 Pulgadas Touch Oled Win 11 Home Negro Lector De Huella Sd Card Reader Nv Rtx 4070 8gb Grado Militar 1 A?o G\"}]},{\"@type\":\"WebSite\",\"@id\":\"https:\/\/compuviper.mx\/tienda\/#website\",\"url\":\"https:\/\/compuviper.mx\/tienda\/\",\"name\":\"Compuviper\",\"description\":\"Proveedor de Computadoras, Laptops, Servidores, Monitores, Puntos de Venta, Teclados,   Impresoras, T\u00f3ner, C\u00e1maras de Seguridad y m\u00e1s en tu tienda en l\u00ednea\",\"publisher\":{\"@id\":\"https:\/\/compuviper.mx\/tienda\/#organization\"},\"potentialAction\":[{\"@type\":\"SearchAction\",\"target\":{\"@type\":\"EntryPoint\",\"urlTemplate\":\"https:\/\/compuviper.mx\/tienda\/?s={search_term_string}\"},\"query-input\":\"required name=search_term_string\"}],\"inLanguage\":\"es-MX\"},{\"@type\":\"Organization\",\"@id\":\"https:\/\/compuviper.mx\/tienda\/#organization\",\"name\":\"Compuviper\",\"url\":\"https:\/\/compuviper.mx\/tienda\/\",\"logo\":{\"@type\":\"ImageObject\",\"inLanguage\":\"es-MX\",\"@id\":\"https:\/\/compuviper.mx\/tienda\/#\/schema\/logo\/image\/\",\"url\":\"https:\/\/compuviper.mx\/tienda\/wp-content\/uploads\/2021\/08\/Logo-Compuviper-10.png\",\"contentUrl\":\"https:\/\/compuviper.mx\/tienda\/wp-content\/uploads\/2021\/08\/Logo-Compuviper-10.png\",\"width\":1000,\"height\":500,\"caption\":\"Compuviper\"},\"image\":{\"@id\":\"https:\/\/compuviper.mx\/tienda\/#\/schema\/logo\/image\/\"},\"sameAs\":[\"https:\/\/www.facebook.com\/compuviper\",\"https:\/\/www.youtube.com\/channel\/UCf73dERp9Y3cfOq7q8BhLjA?view_as=subscriber\"]}]}<\/script>\n<meta property=\"product:brand\" content=\"ASUS\" \/>\n<meta property=\"product:price:amount\" content=\"55618\" \/>\n<meta property=\"product:price:currency\" content=\"MXN\" \/>\n<meta property=\"og:availability\" content=\"out of stock\" \/>\n<meta property=\"product:availability\" content=\"out of stock\" \/>\n<meta property=\"product:retailer_item_id\" content=\"H7606WI-ME139W\" \/>\n<meta property=\"product:condition\" content=\"new\" \/>\n<!-- \/ Yoast SEO plugin. -->","yoast_head_json":{"title":"[ Asus ] &#129351; H7606wi-me139w Laptop Worstation Studiobook Proart P16 H7606 Amd Ryzen Ai R9 Hx370 64gb 2 Tb Ssd 16 Pulgadas Touch Oled Win 11 Home Negro Lector De Huella Sd Card Reader Nv Rtx 4070 8gb Grado Militar 1 A\u00f1o G","description":"Compra H7606wi-me139w Laptop Worstation Studiobook Proart P16 H7606 Amd Ryzen Ai R9 Hx370 64gb 2 Tb Ssd 16 Pulgadas Touch Oled Win 11 Home Negro Lector De Huella Sd Card Reader Nv Rtx 4070 8gb Grado Militar 1 A\u00f1o G + Env\u00edo a domicilio + Pago seguro + Garant\u00eda","robots":{"index":"index","follow":"follow","max-snippet":"max-snippet:-1","max-image-preview":"max-image-preview:large","max-video-preview":"max-video-preview:-1"},"canonical":"https:\/\/compuviper.mx\/tienda\/producto\/asus-h7606wi-me139w-laptop-worstation-studiobook-proart-p16-h7606-amd-ryzen-ai-r9-hx370-64gb-2-tb-ssd-16-pulgadas-touch-oled-win-11-home-negro-lector-de-huella-sd-card-reader-nv-rtx-4070-8gb-grado-mi\/","og_locale":"es_MX","og_type":"article","og_title":"[ Asus ] &#129351; H7606wi-me139w Laptop Worstation Studiobook Proart P16 H7606 Amd Ryzen Ai R9 Hx370 64gb 2 Tb Ssd 16 Pulgadas Touch Oled Win 11 Home Negro Lector De Huella Sd Card Reader Nv Rtx 4070 8gb Grado Militar 1 A\u00f1o G","og_description":"Compra H7606wi-me139w Laptop Worstation Studiobook Proart P16 H7606 Amd Ryzen Ai R9 Hx370 64gb 2 Tb Ssd 16 Pulgadas Touch Oled Win 11 Home Negro Lector De Huella Sd Card Reader Nv Rtx 4070 8gb Grado Militar 1 A\u00f1o G + Env\u00edo a domicilio + Pago seguro + Garant\u00eda","og_url":"https:\/\/compuviper.mx\/tienda\/producto\/asus-h7606wi-me139w-laptop-worstation-studiobook-proart-p16-h7606-amd-ryzen-ai-r9-hx370-64gb-2-tb-ssd-16-pulgadas-touch-oled-win-11-home-negro-lector-de-huella-sd-card-reader-nv-rtx-4070-8gb-grado-mi\/","og_site_name":"Compuviper","article_publisher":"https:\/\/www.facebook.com\/compuviper","article_modified_time":"2026-04-14T07:14:24+00:00","twitter_card":"summary_large_image","twitter_misc":{"Precio":"&#36;55,618 con IVA","Availability":"Out of stock"},"schema":{"@context":"https:\/\/schema.org","@graph":[{"@type":"WebPage","@id":"https:\/\/compuviper.mx\/tienda\/producto\/asus-h7606wi-me139w-laptop-worstation-studiobook-proart-p16-h7606-amd-ryzen-ai-r9-hx370-64gb-2-tb-ssd-16-pulgadas-touch-oled-win-11-home-negro-lector-de-huella-sd-card-reader-nv-rtx-4070-8gb-grado-mi\/","url":"https:\/\/compuviper.mx\/tienda\/producto\/asus-h7606wi-me139w-laptop-worstation-studiobook-proart-p16-h7606-amd-ryzen-ai-r9-hx370-64gb-2-tb-ssd-16-pulgadas-touch-oled-win-11-home-negro-lector-de-huella-sd-card-reader-nv-rtx-4070-8gb-grado-mi\/","name":"[ Asus ] &#129351; H7606wi-me139w Laptop Worstation Studiobook Proart P16 H7606 Amd Ryzen Ai R9 Hx370 64gb 2 Tb Ssd 16 Pulgadas Touch Oled Win 11 Home Negro Lector De Huella Sd Card Reader Nv Rtx 4070 8gb Grado Militar 1 A\u00f1o G","isPartOf":{"@id":"https:\/\/compuviper.mx\/tienda\/#website"},"datePublished":"2026-04-14T07:14:23+00:00","dateModified":"2026-04-14T07:14:24+00:00","description":"Compra H7606wi-me139w Laptop Worstation Studiobook Proart P16 H7606 Amd Ryzen Ai R9 Hx370 64gb 2 Tb Ssd 16 Pulgadas Touch Oled Win 11 Home Negro Lector De Huella Sd Card Reader Nv Rtx 4070 8gb Grado Militar 1 A\u00f1o G + Env\u00edo a domicilio + Pago seguro + Garant\u00eda","breadcrumb":{"@id":"https:\/\/compuviper.mx\/tienda\/producto\/asus-h7606wi-me139w-laptop-worstation-studiobook-proart-p16-h7606-amd-ryzen-ai-r9-hx370-64gb-2-tb-ssd-16-pulgadas-touch-oled-win-11-home-negro-lector-de-huella-sd-card-reader-nv-rtx-4070-8gb-grado-mi\/#breadcrumb"},"inLanguage":"es-MX","potentialAction":[{"@type":"ReadAction","target":["https:\/\/compuviper.mx\/tienda\/producto\/asus-h7606wi-me139w-laptop-worstation-studiobook-proart-p16-h7606-amd-ryzen-ai-r9-hx370-64gb-2-tb-ssd-16-pulgadas-touch-oled-win-11-home-negro-lector-de-huella-sd-card-reader-nv-rtx-4070-8gb-grado-mi\/"]}]},{"@type":"BreadcrumbList","@id":"https:\/\/compuviper.mx\/tienda\/producto\/asus-h7606wi-me139w-laptop-worstation-studiobook-proart-p16-h7606-amd-ryzen-ai-r9-hx370-64gb-2-tb-ssd-16-pulgadas-touch-oled-win-11-home-negro-lector-de-huella-sd-card-reader-nv-rtx-4070-8gb-grado-mi\/#breadcrumb","itemListElement":[{"@type":"ListItem","position":1,"name":"Inicio","item":"https:\/\/compuviper.mx\/tienda\/"},{"@type":"ListItem","position":2,"name":"Productos","item":"https:\/\/compuviper.mx\/tienda\/productos\/"},{"@type":"ListItem","position":3,"name":"Laptops","item":"https:\/\/compuviper.mx\/tienda\/categoria-producto\/laptops\/"},{"@type":"ListItem","position":4,"name":"Workstation","item":"https:\/\/compuviper.mx\/tienda\/categoria-producto\/laptops\/workstation-laptops\/"},{"@type":"ListItem","position":5,"name":"Asus H7606wi-me139w Laptop Worstation Studiobook Proart P16 H7606 Amd Ryzen Ai R9 Hx370 64gb 2 Tb Ssd 16 Pulgadas Touch Oled Win 11 Home Negro Lector De Huella Sd Card Reader Nv Rtx 4070 8gb Grado Militar 1 A?o G"}]},{"@type":"WebSite","@id":"https:\/\/compuviper.mx\/tienda\/#website","url":"https:\/\/compuviper.mx\/tienda\/","name":"Compuviper","description":"Proveedor de Computadoras, Laptops, Servidores, Monitores, Puntos de Venta, Teclados,   Impresoras, T\u00f3ner, C\u00e1maras de Seguridad y m\u00e1s en tu tienda en l\u00ednea","publisher":{"@id":"https:\/\/compuviper.mx\/tienda\/#organization"},"potentialAction":[{"@type":"SearchAction","target":{"@type":"EntryPoint","urlTemplate":"https:\/\/compuviper.mx\/tienda\/?s={search_term_string}"},"query-input":"required name=search_term_string"}],"inLanguage":"es-MX"},{"@type":"Organization","@id":"https:\/\/compuviper.mx\/tienda\/#organization","name":"Compuviper","url":"https:\/\/compuviper.mx\/tienda\/","logo":{"@type":"ImageObject","inLanguage":"es-MX","@id":"https:\/\/compuviper.mx\/tienda\/#\/schema\/logo\/image\/","url":"https:\/\/compuviper.mx\/tienda\/wp-content\/uploads\/2021\/08\/Logo-Compuviper-10.png","contentUrl":"https:\/\/compuviper.mx\/tienda\/wp-content\/uploads\/2021\/08\/Logo-Compuviper-10.png","width":1000,"height":500,"caption":"Compuviper"},"image":{"@id":"https:\/\/compuviper.mx\/tienda\/#\/schema\/logo\/image\/"},"sameAs":["https:\/\/www.facebook.com\/compuviper","https:\/\/www.youtube.com\/channel\/UCf73dERp9Y3cfOq7q8BhLjA?view_as=subscriber"]}]},"product_brand":"ASUS","product_price_amount":"55618","product_price_currency":"MXN","og_availability":"out of stock","product_availability":"out of stock","product_retailer_item_id":"H7606WI-ME139W","product_condition":"new"},"_links":{"self":[{"href":"https:\/\/compuviper.mx\/tienda\/wp-json\/wp\/v2\/product\/247565"}],"collection":[{"href":"https:\/\/compuviper.mx\/tienda\/wp-json\/wp\/v2\/product"}],"about":[{"href":"https:\/\/compuviper.mx\/tienda\/wp-json\/wp\/v2\/types\/product"}],"replies":[{"embeddable":true,"href":"https:\/\/compuviper.mx\/tienda\/wp-json\/wp\/v2\/comments?post=247565"}],"wp:attachment":[{"href":"https:\/\/compuviper.mx\/tienda\/wp-json\/wp\/v2\/media?parent=247565"}],"wp:term":[{"taxonomy":"product_cat","embeddable":true,"href":"https:\/\/compuviper.mx\/tienda\/wp-json\/wp\/v2\/product_cat?post=247565"},{"taxonomy":"product_tag","embeddable":true,"href":"https:\/\/compuviper.mx\/tienda\/wp-json\/wp\/v2\/product_tag?post=247565"}],"curies":[{"name":"wp","href":"https:\/\/api.w.org\/{rel}","templated":true}]}}