{"id":247541,"date":"2026-04-23T00:15:16","date_gmt":"2026-04-23T06:15:16","guid":{"rendered":"https:\/\/compuviper.mx\/tienda\/producto\/dahua-dh-hac-hfw1801tn-camara-analaga-hac-hfw1801t-bullet-4k-metalica-8-mp-lente-de-2-8-mm-106-grados-de-apertura-ir-de-30-metros-wdr-real-metalica-soporta-cvi-tvi-ahd-cvbs-no-audio\/"},"modified":"2026-04-23T00:15:16","modified_gmt":"2026-04-23T06:15:16","slug":"dahua-dh-hac-hfw1801tn-camara-analaga-hac-hfw1801t-bullet-4k-metalica-8-mp-lente-de-2-8-mm-106-grados-de-apertura-ir-de-30-metros-wdr-real-metalica-soporta-cvi-tvi-ahd-cvbs-no-audio","status":"publish","type":"product","link":"https:\/\/compuviper.mx\/tienda\/producto\/dahua-dh-hac-hfw1801tn-camara-analaga-hac-hfw1801t-bullet-4k-metalica-8-mp-lente-de-2-8-mm-106-grados-de-apertura-ir-de-30-metros-wdr-real-metalica-soporta-cvi-tvi-ahd-cvbs-no-audio\/","title":{"rendered":"Dahua Dh-hac-hfw1801tn Camara Analaga\/ \/ Hac-hfw1801t\/ Bullet 4k Metalica\/ 8 Mp\/ Lente De 2.8 Mm\/ 106 Grados De Apertura\/ Ir De 30 Metros\/ Wdr Real\/ Metalica\/ Soporta: Cvi\/tvi\/ahd\/cvbs\/ No Audio"},"content":{"rendered":"<table class=\"descripcion\">\n<tr>\n<td>Especificaciones<\/td>\n<\/tr>\n<tr>\n<td>\u0095 sensor de imagen: cmos de 1\/2,7 pulgadas<\/td>\n<\/tr>\n<tr>\n<td>\u0095 material: metal<\/td>\n<\/tr>\n<tr>\n<td>\u0095 dimensiones: 174,5 mm \u00d7 70,6 mm \u00d7 72,3 mm<\/td>\n<\/tr>\n<tr>\n<td>\u0095 peso: 350g<\/td>\n<\/tr>\n<tr>\n<td>\u0095 temperatura de trabajo: -40\u00b0c a 60\u00b0c<\/td>\n<\/tr>\n<tr>\n<td>\u0095 consumo de energia: max. 5,2 w (12 v cc, ir activado)<\/td>\n<\/tr>\n<tr>\n<td>\u0095 menu osd: varios idiomas *no puede bajar la resolucion a 720p.<\/td>\n<\/tr>\n<tr>\n<td>Principales caracteristicas<\/td>\n<\/tr>\n<tr>\n<td>\u0095 rendimiento: wdr de 120 db, 3dnr, proporciona un excelente rendimiento en condiciones de iluminacion compleja y reduce el ruido en la imagen para mayor claridad.<\/td>\n<\/tr>\n<tr>\n<td>\u0095 max. resolucion: 4k ofrece imagenes de ultra alta definicion con gran detalle.<\/td>\n<\/tr>\n<tr>\n<td>\u0095 compatible: con multiples formatos de video, lo que facilita la integracion en diferentes sistemas de seguridad (cvi\/cvbs\/ahd\/tvi)<\/td>\n<\/tr>\n<tr>\n<td>\u0095 lente fija: disponible en diferentes opciones de lente para adaptarse a diversas necesidades de vigilancia. (2,8 mm; 3,6 mm; 6 mm opcional)<\/td>\n<\/tr>\n<tr>\n<td>\u0095 max. longitud: proporciona visibilidad nocturna efectiva hasta 30 metros con tecnologia ir inteligente.<\/td>\n<\/tr>\n<tr>\n<td>\u0095 proteccion: ip67, resistente a polvo y agua<\/td>\n<\/tr>\n<tr>\n<td>\u0095 alimentacion: funciona con una fuente de alimentacion de 12v con tolerancia de \u00b130%.<\/td>\n<\/tr>\n<\/table>\n","protected":false},"excerpt":{"rendered":"<p>Informacion general. La dahua hac-hfw1801t es una camara bullet 4k de 8 megapixeles, ideal para vigilancia de exteriores en viviendas, comercios y oficinas. Ofrece un amplio angulo de vision de 106 grados, visibilidad nocturna hasta 30 metros y tecnologia wdr real de 120 db para condiciones de iluminacion compleja. Con soporte para multiples formatos de video y un cuerpo metalico duradero, es perfecta para monitoreo de accesos y perimetros. Nota: no incluye funcionalidades de audio. Iluminacion ir inteligente. La iluminacion ir inteligente es una tecnologia que se utiliza en camaras de seguridad para mejorar la vision nocturna. Funciona utilizando leds infrarrojos (ir) para iluminar la escena sin ser visible para el ojo humano. Esto permite a la camara capturar imagenes claras y nitidas incluso en condiciones de oscuridad total. 4 se\u00f1ales sobre 1 cable coaxial. Las camaras dahua utilizan tecnologia hdcvi de transmision de video analogica y digital a traves de cable coaxial, esta tecnologia admite 4 se\u00f1ales que se transmiten a traves de 1 cable coaxial simultaneamente. \u0095 video. \u0095 audio. \u0095 datos. \u0095 energia. Esto es compatible con camaras analogicas tradicionales y nos ofrece mayor distancia de transmision que la tecnologia analogica tradicional. Menu osd. El menu osd (on screen display &#8211; visualizacion en pantalla) es una caracteristica comun en camaras de seguridad, monitores, proyectores y otros dispositivos audiovisuales. Sirve para configurar y ajustar diversos parametros del dispositivo sin necesidad de utilizar software o controles fisicos externos. \u0095 opciones de visualizacion: brillo, contraste, nitidez, saturacion, balance de blancos, temperatura de color, etc. \u0095 operaciones de tecnologias: hdcvi\/ahd\/tvi\/cvbs. \u0095 operaciones de resolucion: bajar resolucion 2mp ,4mp , 5mp, 8mp<\/p>\n","protected":false},"featured_media":259380,"comment_status":"open","ping_status":"open","template":"","meta":[],"product_cat":[1681,1608],"product_tag":[1555],"acf":[],"yoast_head":"<!-- This site is optimized with the Yoast SEO plugin v21.7 - https:\/\/yoast.com\/wordpress\/plugins\/seo\/ -->\n<title>[ Dahua ] &#129351; Dh-hac-hfw1801tn Camara Analaga\/ \/ Hac-hfw1801t\/ Bullet 4k Metalica\/ 8 Mp\/ Lente De 2.8 Mm\/ 106 Grados De Apertura\/ Ir De 30 Metros\/ Wdr Real\/ Metalica\/ Soporta: Cvi\/tvi\/ahd\/cvbs\/ No Audio<\/title>\n<meta name=\"description\" content=\"Compra Dh-hac-hfw1801tn Camara Analaga\/ \/ Hac-hfw1801t\/ Bullet 4k Metalica\/ 8 Mp\/ Lente De 2.8 Mm\/ 106 Grados De Apertura\/ Ir De 30 Metros\/ Wdr Real\/ Metalica\/ Soporta: Cvi\/tvi\/ahd\/cvbs\/ No Audio + Env\u00edo a domicilio + Pago seguro + Garant\u00eda\" \/>\n<meta name=\"robots\" content=\"index, follow, max-snippet:-1, max-image-preview:large, max-video-preview:-1\" \/>\n<link rel=\"canonical\" href=\"https:\/\/compuviper.mx\/tienda\/producto\/dahua-dh-hac-hfw1801tn-camara-analaga-hac-hfw1801t-bullet-4k-metalica-8-mp-lente-de-2-8-mm-106-grados-de-apertura-ir-de-30-metros-wdr-real-metalica-soporta-cvi-tvi-ahd-cvbs-no-audio\/\" \/>\n<meta property=\"og:locale\" content=\"es_MX\" \/>\n<meta property=\"og:type\" content=\"article\" \/>\n<meta property=\"og:title\" content=\"[ Dahua ] &#129351; Dh-hac-hfw1801tn Camara Analaga\/ \/ Hac-hfw1801t\/ Bullet 4k Metalica\/ 8 Mp\/ Lente De 2.8 Mm\/ 106 Grados De Apertura\/ Ir De 30 Metros\/ Wdr Real\/ Metalica\/ Soporta: Cvi\/tvi\/ahd\/cvbs\/ No Audio\" \/>\n<meta property=\"og:description\" content=\"Compra Dh-hac-hfw1801tn Camara Analaga\/ \/ Hac-hfw1801t\/ Bullet 4k Metalica\/ 8 Mp\/ Lente De 2.8 Mm\/ 106 Grados De Apertura\/ Ir De 30 Metros\/ Wdr Real\/ Metalica\/ Soporta: Cvi\/tvi\/ahd\/cvbs\/ No Audio + Env\u00edo a domicilio + Pago seguro + Garant\u00eda\" \/>\n<meta property=\"og:url\" content=\"https:\/\/compuviper.mx\/tienda\/producto\/dahua-dh-hac-hfw1801tn-camara-analaga-hac-hfw1801t-bullet-4k-metalica-8-mp-lente-de-2-8-mm-106-grados-de-apertura-ir-de-30-metros-wdr-real-metalica-soporta-cvi-tvi-ahd-cvbs-no-audio\/\" \/>\n<meta property=\"og:site_name\" content=\"Compuviper\" \/>\n<meta property=\"article:publisher\" content=\"https:\/\/www.facebook.com\/compuviper\" \/>\n<meta property=\"og:image\" content=\"https:\/\/compuviper.mx\/tienda\/wp-content\/uploads\/2025\/10\/Camara-analaga-dahua-hac-hfw1801t-bullet-4k-metalica-8-mp-lente-de-2.8-mm-106-grados-de-apertura-ir-de-30-metros-wdr-real-metalica-soporta-cvitviahdcvbs-no-audio.jpg\" \/>\n\t<meta property=\"og:image:width\" content=\"200\" \/>\n\t<meta property=\"og:image:height\" content=\"200\" \/>\n\t<meta property=\"og:image:type\" content=\"image\/jpeg\" \/>\n<meta name=\"twitter:card\" content=\"summary_large_image\" \/>\n<meta name=\"twitter:label1\" content=\"Precio\" \/>\n\t<meta name=\"twitter:data1\" content=\"&#36;750 &#36;743 con IVA\" \/>\n\t<meta name=\"twitter:label2\" content=\"Availability\" \/>\n\t<meta name=\"twitter:data2\" content=\"In stock\" \/>\n<script type=\"application\/ld+json\" class=\"yoast-schema-graph\">{\"@context\":\"https:\/\/schema.org\",\"@graph\":[{\"@type\":\"WebPage\",\"@id\":\"https:\/\/compuviper.mx\/tienda\/producto\/dahua-dh-hac-hfw1801tn-camara-analaga-hac-hfw1801t-bullet-4k-metalica-8-mp-lente-de-2-8-mm-106-grados-de-apertura-ir-de-30-metros-wdr-real-metalica-soporta-cvi-tvi-ahd-cvbs-no-audio\/\",\"url\":\"https:\/\/compuviper.mx\/tienda\/producto\/dahua-dh-hac-hfw1801tn-camara-analaga-hac-hfw1801t-bullet-4k-metalica-8-mp-lente-de-2-8-mm-106-grados-de-apertura-ir-de-30-metros-wdr-real-metalica-soporta-cvi-tvi-ahd-cvbs-no-audio\/\",\"name\":\"[ Dahua ] &#129351; Dh-hac-hfw1801tn Camara Analaga\/ \/ Hac-hfw1801t\/ Bullet 4k Metalica\/ 8 Mp\/ Lente De 2.8 Mm\/ 106 Grados De Apertura\/ Ir De 30 Metros\/ Wdr Real\/ Metalica\/ Soporta: Cvi\/tvi\/ahd\/cvbs\/ No Audio\",\"isPartOf\":{\"@id\":\"https:\/\/compuviper.mx\/tienda\/#website\"},\"datePublished\":\"2026-04-23T06:15:16+00:00\",\"dateModified\":\"2026-04-23T06:15:16+00:00\",\"description\":\"Compra Dh-hac-hfw1801tn Camara Analaga\/ \/ Hac-hfw1801t\/ Bullet 4k Metalica\/ 8 Mp\/ Lente De 2.8 Mm\/ 106 Grados De Apertura\/ Ir De 30 Metros\/ Wdr Real\/ Metalica\/ Soporta: Cvi\/tvi\/ahd\/cvbs\/ No Audio + Env\u00edo a domicilio + Pago seguro + Garant\u00eda\",\"breadcrumb\":{\"@id\":\"https:\/\/compuviper.mx\/tienda\/producto\/dahua-dh-hac-hfw1801tn-camara-analaga-hac-hfw1801t-bullet-4k-metalica-8-mp-lente-de-2-8-mm-106-grados-de-apertura-ir-de-30-metros-wdr-real-metalica-soporta-cvi-tvi-ahd-cvbs-no-audio\/#breadcrumb\"},\"inLanguage\":\"es-MX\",\"potentialAction\":[{\"@type\":\"ReadAction\",\"target\":[\"https:\/\/compuviper.mx\/tienda\/producto\/dahua-dh-hac-hfw1801tn-camara-analaga-hac-hfw1801t-bullet-4k-metalica-8-mp-lente-de-2-8-mm-106-grados-de-apertura-ir-de-30-metros-wdr-real-metalica-soporta-cvi-tvi-ahd-cvbs-no-audio\/\"]}]},{\"@type\":\"BreadcrumbList\",\"@id\":\"https:\/\/compuviper.mx\/tienda\/producto\/dahua-dh-hac-hfw1801tn-camara-analaga-hac-hfw1801t-bullet-4k-metalica-8-mp-lente-de-2-8-mm-106-grados-de-apertura-ir-de-30-metros-wdr-real-metalica-soporta-cvi-tvi-ahd-cvbs-no-audio\/#breadcrumb\",\"itemListElement\":[{\"@type\":\"ListItem\",\"position\":1,\"name\":\"Inicio\",\"item\":\"https:\/\/compuviper.mx\/tienda\/\"},{\"@type\":\"ListItem\",\"position\":2,\"name\":\"Productos\",\"item\":\"https:\/\/compuviper.mx\/tienda\/productos\/\"},{\"@type\":\"ListItem\",\"position\":3,\"name\":\"Camaras\",\"item\":\"https:\/\/compuviper.mx\/tienda\/categoria-producto\/camaras-2\/\"},{\"@type\":\"ListItem\",\"position\":4,\"name\":\"Camara De Videovigilancia\",\"item\":\"https:\/\/compuviper.mx\/tienda\/categoria-producto\/camaras-2\/camara-de-videovigilancia\/\"},{\"@type\":\"ListItem\",\"position\":5,\"name\":\"Dahua Dh-hac-hfw1801tn Camara Analaga\/ \/ Hac-hfw1801t\/ Bullet 4k Metalica\/ 8 Mp\/ Lente De 2.8 Mm\/ 106 Grados De Apertura\/ Ir De 30 Metros\/ Wdr Real\/ Metalica\/ Soporta: Cvi\/tvi\/ahd\/cvbs\/ No Audio\"}]},{\"@type\":\"WebSite\",\"@id\":\"https:\/\/compuviper.mx\/tienda\/#website\",\"url\":\"https:\/\/compuviper.mx\/tienda\/\",\"name\":\"Compuviper\",\"description\":\"Proveedor de Computadoras, Laptops, Servidores, Monitores, Puntos de Venta, Teclados,   Impresoras, T\u00f3ner, C\u00e1maras de Seguridad y m\u00e1s en tu tienda en l\u00ednea\",\"publisher\":{\"@id\":\"https:\/\/compuviper.mx\/tienda\/#organization\"},\"potentialAction\":[{\"@type\":\"SearchAction\",\"target\":{\"@type\":\"EntryPoint\",\"urlTemplate\":\"https:\/\/compuviper.mx\/tienda\/?s={search_term_string}\"},\"query-input\":\"required name=search_term_string\"}],\"inLanguage\":\"es-MX\"},{\"@type\":\"Organization\",\"@id\":\"https:\/\/compuviper.mx\/tienda\/#organization\",\"name\":\"Compuviper\",\"url\":\"https:\/\/compuviper.mx\/tienda\/\",\"logo\":{\"@type\":\"ImageObject\",\"inLanguage\":\"es-MX\",\"@id\":\"https:\/\/compuviper.mx\/tienda\/#\/schema\/logo\/image\/\",\"url\":\"https:\/\/compuviper.mx\/tienda\/wp-content\/uploads\/2021\/08\/Logo-Compuviper-10.png\",\"contentUrl\":\"https:\/\/compuviper.mx\/tienda\/wp-content\/uploads\/2021\/08\/Logo-Compuviper-10.png\",\"width\":1000,\"height\":500,\"caption\":\"Compuviper\"},\"image\":{\"@id\":\"https:\/\/compuviper.mx\/tienda\/#\/schema\/logo\/image\/\"},\"sameAs\":[\"https:\/\/www.facebook.com\/compuviper\",\"https:\/\/www.youtube.com\/channel\/UCf73dERp9Y3cfOq7q8BhLjA?view_as=subscriber\"]}]}<\/script>\n<meta property=\"product:brand\" content=\"DAHUA\" \/>\n<meta property=\"product:price:amount\" content=\"743\" \/>\n<meta property=\"product:price:currency\" content=\"MXN\" \/>\n<meta property=\"og:availability\" content=\"instock\" \/>\n<meta property=\"product:availability\" content=\"instock\" \/>\n<meta property=\"product:retailer_item_id\" content=\"DH-HAC-HFW1801TN\" \/>\n<meta property=\"product:condition\" content=\"new\" \/>\n<!-- \/ Yoast SEO plugin. -->","yoast_head_json":{"title":"[ Dahua ] &#129351; Dh-hac-hfw1801tn Camara Analaga\/ \/ Hac-hfw1801t\/ Bullet 4k Metalica\/ 8 Mp\/ Lente De 2.8 Mm\/ 106 Grados De Apertura\/ Ir De 30 Metros\/ Wdr Real\/ Metalica\/ Soporta: Cvi\/tvi\/ahd\/cvbs\/ No Audio","description":"Compra Dh-hac-hfw1801tn Camara Analaga\/ \/ Hac-hfw1801t\/ Bullet 4k Metalica\/ 8 Mp\/ Lente De 2.8 Mm\/ 106 Grados De Apertura\/ Ir De 30 Metros\/ Wdr Real\/ Metalica\/ Soporta: Cvi\/tvi\/ahd\/cvbs\/ No Audio + Env\u00edo a domicilio + Pago seguro + Garant\u00eda","robots":{"index":"index","follow":"follow","max-snippet":"max-snippet:-1","max-image-preview":"max-image-preview:large","max-video-preview":"max-video-preview:-1"},"canonical":"https:\/\/compuviper.mx\/tienda\/producto\/dahua-dh-hac-hfw1801tn-camara-analaga-hac-hfw1801t-bullet-4k-metalica-8-mp-lente-de-2-8-mm-106-grados-de-apertura-ir-de-30-metros-wdr-real-metalica-soporta-cvi-tvi-ahd-cvbs-no-audio\/","og_locale":"es_MX","og_type":"article","og_title":"[ Dahua ] &#129351; Dh-hac-hfw1801tn Camara Analaga\/ \/ Hac-hfw1801t\/ Bullet 4k Metalica\/ 8 Mp\/ Lente De 2.8 Mm\/ 106 Grados De Apertura\/ Ir De 30 Metros\/ Wdr Real\/ Metalica\/ Soporta: Cvi\/tvi\/ahd\/cvbs\/ No Audio","og_description":"Compra Dh-hac-hfw1801tn Camara Analaga\/ \/ Hac-hfw1801t\/ Bullet 4k Metalica\/ 8 Mp\/ Lente De 2.8 Mm\/ 106 Grados De Apertura\/ Ir De 30 Metros\/ Wdr Real\/ Metalica\/ Soporta: Cvi\/tvi\/ahd\/cvbs\/ No Audio + Env\u00edo a domicilio + Pago seguro + Garant\u00eda","og_url":"https:\/\/compuviper.mx\/tienda\/producto\/dahua-dh-hac-hfw1801tn-camara-analaga-hac-hfw1801t-bullet-4k-metalica-8-mp-lente-de-2-8-mm-106-grados-de-apertura-ir-de-30-metros-wdr-real-metalica-soporta-cvi-tvi-ahd-cvbs-no-audio\/","og_site_name":"Compuviper","article_publisher":"https:\/\/www.facebook.com\/compuviper","og_image":[{"width":200,"height":200,"url":"https:\/\/compuviper.mx\/tienda\/wp-content\/uploads\/2025\/10\/Camara-analaga-dahua-hac-hfw1801t-bullet-4k-metalica-8-mp-lente-de-2.8-mm-106-grados-de-apertura-ir-de-30-metros-wdr-real-metalica-soporta-cvitviahdcvbs-no-audio.jpg","type":"image\/jpeg"}],"twitter_card":"summary_large_image","twitter_misc":{"Precio":"&#36;750 &#36;743 con IVA","Availability":"In stock"},"schema":{"@context":"https:\/\/schema.org","@graph":[{"@type":"WebPage","@id":"https:\/\/compuviper.mx\/tienda\/producto\/dahua-dh-hac-hfw1801tn-camara-analaga-hac-hfw1801t-bullet-4k-metalica-8-mp-lente-de-2-8-mm-106-grados-de-apertura-ir-de-30-metros-wdr-real-metalica-soporta-cvi-tvi-ahd-cvbs-no-audio\/","url":"https:\/\/compuviper.mx\/tienda\/producto\/dahua-dh-hac-hfw1801tn-camara-analaga-hac-hfw1801t-bullet-4k-metalica-8-mp-lente-de-2-8-mm-106-grados-de-apertura-ir-de-30-metros-wdr-real-metalica-soporta-cvi-tvi-ahd-cvbs-no-audio\/","name":"[ Dahua ] &#129351; Dh-hac-hfw1801tn Camara Analaga\/ \/ Hac-hfw1801t\/ Bullet 4k Metalica\/ 8 Mp\/ Lente De 2.8 Mm\/ 106 Grados De Apertura\/ Ir De 30 Metros\/ Wdr Real\/ Metalica\/ Soporta: Cvi\/tvi\/ahd\/cvbs\/ No Audio","isPartOf":{"@id":"https:\/\/compuviper.mx\/tienda\/#website"},"datePublished":"2026-04-23T06:15:16+00:00","dateModified":"2026-04-23T06:15:16+00:00","description":"Compra Dh-hac-hfw1801tn Camara Analaga\/ \/ Hac-hfw1801t\/ Bullet 4k Metalica\/ 8 Mp\/ Lente De 2.8 Mm\/ 106 Grados De Apertura\/ Ir De 30 Metros\/ Wdr Real\/ Metalica\/ Soporta: Cvi\/tvi\/ahd\/cvbs\/ No Audio + Env\u00edo a domicilio + Pago seguro + Garant\u00eda","breadcrumb":{"@id":"https:\/\/compuviper.mx\/tienda\/producto\/dahua-dh-hac-hfw1801tn-camara-analaga-hac-hfw1801t-bullet-4k-metalica-8-mp-lente-de-2-8-mm-106-grados-de-apertura-ir-de-30-metros-wdr-real-metalica-soporta-cvi-tvi-ahd-cvbs-no-audio\/#breadcrumb"},"inLanguage":"es-MX","potentialAction":[{"@type":"ReadAction","target":["https:\/\/compuviper.mx\/tienda\/producto\/dahua-dh-hac-hfw1801tn-camara-analaga-hac-hfw1801t-bullet-4k-metalica-8-mp-lente-de-2-8-mm-106-grados-de-apertura-ir-de-30-metros-wdr-real-metalica-soporta-cvi-tvi-ahd-cvbs-no-audio\/"]}]},{"@type":"BreadcrumbList","@id":"https:\/\/compuviper.mx\/tienda\/producto\/dahua-dh-hac-hfw1801tn-camara-analaga-hac-hfw1801t-bullet-4k-metalica-8-mp-lente-de-2-8-mm-106-grados-de-apertura-ir-de-30-metros-wdr-real-metalica-soporta-cvi-tvi-ahd-cvbs-no-audio\/#breadcrumb","itemListElement":[{"@type":"ListItem","position":1,"name":"Inicio","item":"https:\/\/compuviper.mx\/tienda\/"},{"@type":"ListItem","position":2,"name":"Productos","item":"https:\/\/compuviper.mx\/tienda\/productos\/"},{"@type":"ListItem","position":3,"name":"Camaras","item":"https:\/\/compuviper.mx\/tienda\/categoria-producto\/camaras-2\/"},{"@type":"ListItem","position":4,"name":"Camara De Videovigilancia","item":"https:\/\/compuviper.mx\/tienda\/categoria-producto\/camaras-2\/camara-de-videovigilancia\/"},{"@type":"ListItem","position":5,"name":"Dahua Dh-hac-hfw1801tn Camara Analaga\/ \/ Hac-hfw1801t\/ Bullet 4k Metalica\/ 8 Mp\/ Lente De 2.8 Mm\/ 106 Grados De Apertura\/ Ir De 30 Metros\/ Wdr Real\/ Metalica\/ Soporta: Cvi\/tvi\/ahd\/cvbs\/ No Audio"}]},{"@type":"WebSite","@id":"https:\/\/compuviper.mx\/tienda\/#website","url":"https:\/\/compuviper.mx\/tienda\/","name":"Compuviper","description":"Proveedor de Computadoras, Laptops, Servidores, Monitores, Puntos de Venta, Teclados,   Impresoras, T\u00f3ner, C\u00e1maras de Seguridad y m\u00e1s en tu tienda en l\u00ednea","publisher":{"@id":"https:\/\/compuviper.mx\/tienda\/#organization"},"potentialAction":[{"@type":"SearchAction","target":{"@type":"EntryPoint","urlTemplate":"https:\/\/compuviper.mx\/tienda\/?s={search_term_string}"},"query-input":"required name=search_term_string"}],"inLanguage":"es-MX"},{"@type":"Organization","@id":"https:\/\/compuviper.mx\/tienda\/#organization","name":"Compuviper","url":"https:\/\/compuviper.mx\/tienda\/","logo":{"@type":"ImageObject","inLanguage":"es-MX","@id":"https:\/\/compuviper.mx\/tienda\/#\/schema\/logo\/image\/","url":"https:\/\/compuviper.mx\/tienda\/wp-content\/uploads\/2021\/08\/Logo-Compuviper-10.png","contentUrl":"https:\/\/compuviper.mx\/tienda\/wp-content\/uploads\/2021\/08\/Logo-Compuviper-10.png","width":1000,"height":500,"caption":"Compuviper"},"image":{"@id":"https:\/\/compuviper.mx\/tienda\/#\/schema\/logo\/image\/"},"sameAs":["https:\/\/www.facebook.com\/compuviper","https:\/\/www.youtube.com\/channel\/UCf73dERp9Y3cfOq7q8BhLjA?view_as=subscriber"]}]},"product_brand":"DAHUA","product_price_amount":"743","product_price_currency":"MXN","og_availability":"instock","product_availability":"instock","product_retailer_item_id":"DH-HAC-HFW1801TN","product_condition":"new"},"_links":{"self":[{"href":"https:\/\/compuviper.mx\/tienda\/wp-json\/wp\/v2\/product\/247541"}],"collection":[{"href":"https:\/\/compuviper.mx\/tienda\/wp-json\/wp\/v2\/product"}],"about":[{"href":"https:\/\/compuviper.mx\/tienda\/wp-json\/wp\/v2\/types\/product"}],"replies":[{"embeddable":true,"href":"https:\/\/compuviper.mx\/tienda\/wp-json\/wp\/v2\/comments?post=247541"}],"wp:featuredmedia":[{"embeddable":true,"href":"https:\/\/compuviper.mx\/tienda\/wp-json\/wp\/v2\/media\/259380"}],"wp:attachment":[{"href":"https:\/\/compuviper.mx\/tienda\/wp-json\/wp\/v2\/media?parent=247541"}],"wp:term":[{"taxonomy":"product_cat","embeddable":true,"href":"https:\/\/compuviper.mx\/tienda\/wp-json\/wp\/v2\/product_cat?post=247541"},{"taxonomy":"product_tag","embeddable":true,"href":"https:\/\/compuviper.mx\/tienda\/wp-json\/wp\/v2\/product_tag?post=247541"}],"curies":[{"name":"wp","href":"https:\/\/api.w.org\/{rel}","templated":true}]}}