{"id":247538,"date":"2026-04-23T00:15:15","date_gmt":"2026-04-23T06:15:15","guid":{"rendered":"https:\/\/compuviper.mx\/tienda\/producto\/dahua-dh-f4c-pv-camara-ip-f4cn-pv-bullet-wifi-de-4-mp-full-color-iluminacion-dual-intelingente-disuasion-activa-audio-2-vias-microfono-y-altavoz-integrados-30-metros-de-iluminacion-ia-ip67\/"},"modified":"2026-04-23T00:15:16","modified_gmt":"2026-04-23T06:15:16","slug":"dahua-dh-f4c-pv-camara-ip-f4cn-pv-bullet-wifi-de-4-mp-full-color-iluminacion-dual-intelingente-disuasion-activa-audio-2-vias-microfono-y-altavoz-integrados-30-metros-de-iluminacion-ia-ip67","status":"publish","type":"product","link":"https:\/\/compuviper.mx\/tienda\/producto\/dahua-dh-f4c-pv-camara-ip-f4cn-pv-bullet-wifi-de-4-mp-full-color-iluminacion-dual-intelingente-disuasion-activa-audio-2-vias-microfono-y-altavoz-integrados-30-metros-de-iluminacion-ia-ip67\/","title":{"rendered":"Dahua Dh-f4c-pv Camara Ip\/ \/ F4cn-pv\/ Bullet Wifi De 4 Mp\/full Color + Iluminacion Dual Intelingente\/ Disuasion Activa\/ Audio 2 Vias\/ Microfono Y Altavoz Integrados\/ 30 Metros De Iluminacion\/ Ia\/ Ip67"},"content":{"rendered":"<table class=\"descripcion\">\n<tr>\n<td>Caracteristicas principales<\/td>\n<\/tr>\n<tr>\n<td>\u0095 deteccion inteligente de humanos y vehiculos: minimiza falsas alarmas con ia avanzada.<\/td>\n<\/tr>\n<tr>\n<td>\u0095 conversacion bidireccional: comunicacion clara con microfono y altavoz integrados.<\/td>\n<\/tr>\n<tr>\n<td>\u0095 alarma de luz y sonido integrada: activa una alarma para disuadir intrusos.<\/td>\n<\/tr>\n<tr>\n<td>\u0095 conectividad wifi: conexion inalambrica simplificada.<\/td>\n<\/tr>\n<tr>\n<td>\u0095 compatibilidad bluetooth: configuracion rapida con dispositivos inteligentes.<\/td>\n<\/tr>\n<tr>\n<td>\u0095 compresion h.265: reduce el uso de ancho de banda y almacenamiento.<\/td>\n<\/tr>\n<tr>\n<td>\u0095 ranura para microsd: soporta tarjetas de hasta 256 gb para almacenamiento local.<\/td>\n<\/tr>\n<tr>\n<td>\u0095 distancia de iluminacion: iluminacion ir de hasta 30 metros.<\/td>\n<\/tr>\n<tr>\n<td>Especificaciones tecnicas<\/td>\n<\/tr>\n<tr>\n<td>\u0095 resolucion: 2560 \u00d7 1440<\/td>\n<\/tr>\n<tr>\n<td>\u0095 distancia de iluminacion: 30mts (ir y luz calida)<\/td>\n<\/tr>\n<tr>\n<td>\u0095 material: metal + plastico<\/td>\n<\/tr>\n<tr>\n<td>\u0095 dimensiones: 131 mm \u00d7 78,4 mm \u00d7 97,2 mm<\/td>\n<\/tr>\n<tr>\n<td>\u0095 peso: 254,5 g<\/td>\n<\/tr>\n<tr>\n<td>\u0095 temperatura de trabajo: -40 \u00b0c+ 60\u00b0c<\/td>\n<\/tr>\n<tr>\n<td>\u0095 humedad de trabajo:  95 %<\/td>\n<\/tr>\n<tr>\n<td>\u0095 alimentacion: 12 vcc<\/td>\n<\/tr>\n<tr>\n<td>\u0095 consumo de energia: 2,2w; max. 6,6 w (luz calida, h.265)<\/td>\n<\/tr>\n<\/table>\n","protected":false},"excerpt":{"rendered":"<p>Informacion general. El dahua dh-ipc-f4cn-pv-0280b, es una camara ip bullet de vanguardia dise\u00f1ada para ofrecer una seguridad incomparable. Con una resolucion de 4 megapixeles, doble iluminacion y disuasion activa, esta camara brinda imagenes nitidas y una proteccion activa contra intrusiones. Su capacidad de audio bidireccional permite una comunicacion fluida, mientras que su vision nocturna de hasta 30 metros garantiza una vigilancia confiable en cualquier momento del dia. Equipada con tecnologia h.265 para una eficiente compresion de video y dwdr para imagenes claras en cualquier condicion de luz, esta camara es una solucion completa para tus necesidades de seguridad. Con almacenamiento local de hasta 256 gb y facil integracion en cualquier sistema de vigilancia.<\/p>\n","protected":false},"featured_media":259378,"comment_status":"open","ping_status":"open","template":"","meta":[],"product_cat":[1608,1681],"product_tag":[1555],"acf":[],"yoast_head":"<!-- This site is optimized with the Yoast SEO plugin v21.7 - https:\/\/yoast.com\/wordpress\/plugins\/seo\/ -->\n<title>[ Dahua ] &#129351; Dh-f4c-pv Camara Ip\/ \/ F4cn-pv\/ Bullet Wifi De 4 Mp\/full Color + Iluminacion Dual Intelingente\/ Disuasion Activa\/ Audio 2 Vias\/ Microfono Y Altavoz Integrados\/ 30 Metros De Iluminacion\/ Ia\/ Ip67<\/title>\n<meta name=\"description\" content=\"Compra Dh-f4c-pv Camara Ip\/ \/ F4cn-pv\/ Bullet Wifi De 4 Mp\/full Color + Iluminacion Dual Intelingente\/ Disuasion Activa\/ Audio 2 Vias\/ Microfono Y Altavoz Integrados\/ 30 Metros De Iluminacion\/ Ia\/ Ip67 + Env\u00edo a domicilio + Pago seguro + Garant\u00eda\" \/>\n<meta name=\"robots\" content=\"index, follow, max-snippet:-1, max-image-preview:large, max-video-preview:-1\" \/>\n<link rel=\"canonical\" href=\"https:\/\/compuviper.mx\/tienda\/producto\/dahua-dh-f4c-pv-camara-ip-f4cn-pv-bullet-wifi-de-4-mp-full-color-iluminacion-dual-intelingente-disuasion-activa-audio-2-vias-microfono-y-altavoz-integrados-30-metros-de-iluminacion-ia-ip67\/\" \/>\n<meta property=\"og:locale\" content=\"es_MX\" \/>\n<meta property=\"og:type\" content=\"article\" \/>\n<meta property=\"og:title\" content=\"[ Dahua ] &#129351; Dh-f4c-pv Camara Ip\/ \/ F4cn-pv\/ Bullet Wifi De 4 Mp\/full Color + Iluminacion Dual Intelingente\/ Disuasion Activa\/ Audio 2 Vias\/ Microfono Y Altavoz Integrados\/ 30 Metros De Iluminacion\/ Ia\/ Ip67\" \/>\n<meta property=\"og:description\" content=\"Compra Dh-f4c-pv Camara Ip\/ \/ F4cn-pv\/ Bullet Wifi De 4 Mp\/full Color + Iluminacion Dual Intelingente\/ Disuasion Activa\/ Audio 2 Vias\/ Microfono Y Altavoz Integrados\/ 30 Metros De Iluminacion\/ Ia\/ Ip67 + Env\u00edo a domicilio + Pago seguro + Garant\u00eda\" \/>\n<meta property=\"og:url\" content=\"https:\/\/compuviper.mx\/tienda\/producto\/dahua-dh-f4c-pv-camara-ip-f4cn-pv-bullet-wifi-de-4-mp-full-color-iluminacion-dual-intelingente-disuasion-activa-audio-2-vias-microfono-y-altavoz-integrados-30-metros-de-iluminacion-ia-ip67\/\" \/>\n<meta property=\"og:site_name\" content=\"Compuviper\" \/>\n<meta property=\"article:publisher\" content=\"https:\/\/www.facebook.com\/compuviper\" \/>\n<meta property=\"article:modified_time\" content=\"2026-04-23T06:15:16+00:00\" \/>\n<meta property=\"og:image\" content=\"https:\/\/compuviper.mx\/tienda\/wp-content\/uploads\/2025\/10\/Camara-ip-dahua-f4cn-pv-bullet-wifi-de-4-mpfull-color-iluminacion-dual-intelingente-disuasion-activa-audio-2-vias-microfono-y-altavoz-integrados-30-metros-de-iluminacion-ia-ip67.jpg\" \/>\n\t<meta property=\"og:image:width\" content=\"200\" \/>\n\t<meta property=\"og:image:height\" content=\"200\" \/>\n\t<meta property=\"og:image:type\" content=\"image\/jpeg\" \/>\n<meta name=\"twitter:card\" content=\"summary_large_image\" \/>\n<meta name=\"twitter:label1\" content=\"Precio\" \/>\n\t<meta name=\"twitter:data1\" content=\"&#36;678 con IVA\" \/>\n\t<meta name=\"twitter:label2\" content=\"Availability\" \/>\n\t<meta name=\"twitter:data2\" content=\"Out of stock\" \/>\n<script type=\"application\/ld+json\" class=\"yoast-schema-graph\">{\"@context\":\"https:\/\/schema.org\",\"@graph\":[{\"@type\":\"WebPage\",\"@id\":\"https:\/\/compuviper.mx\/tienda\/producto\/dahua-dh-f4c-pv-camara-ip-f4cn-pv-bullet-wifi-de-4-mp-full-color-iluminacion-dual-intelingente-disuasion-activa-audio-2-vias-microfono-y-altavoz-integrados-30-metros-de-iluminacion-ia-ip67\/\",\"url\":\"https:\/\/compuviper.mx\/tienda\/producto\/dahua-dh-f4c-pv-camara-ip-f4cn-pv-bullet-wifi-de-4-mp-full-color-iluminacion-dual-intelingente-disuasion-activa-audio-2-vias-microfono-y-altavoz-integrados-30-metros-de-iluminacion-ia-ip67\/\",\"name\":\"[ Dahua ] &#129351; Dh-f4c-pv Camara Ip\/ \/ F4cn-pv\/ Bullet Wifi De 4 Mp\/full Color + Iluminacion Dual Intelingente\/ Disuasion Activa\/ Audio 2 Vias\/ Microfono Y Altavoz Integrados\/ 30 Metros De Iluminacion\/ Ia\/ Ip67\",\"isPartOf\":{\"@id\":\"https:\/\/compuviper.mx\/tienda\/#website\"},\"datePublished\":\"2026-04-23T06:15:15+00:00\",\"dateModified\":\"2026-04-23T06:15:16+00:00\",\"description\":\"Compra Dh-f4c-pv Camara Ip\/ \/ F4cn-pv\/ Bullet Wifi De 4 Mp\/full Color + Iluminacion Dual Intelingente\/ Disuasion Activa\/ Audio 2 Vias\/ Microfono Y Altavoz Integrados\/ 30 Metros De Iluminacion\/ Ia\/ Ip67 + Env\u00edo a domicilio + Pago seguro + Garant\u00eda\",\"breadcrumb\":{\"@id\":\"https:\/\/compuviper.mx\/tienda\/producto\/dahua-dh-f4c-pv-camara-ip-f4cn-pv-bullet-wifi-de-4-mp-full-color-iluminacion-dual-intelingente-disuasion-activa-audio-2-vias-microfono-y-altavoz-integrados-30-metros-de-iluminacion-ia-ip67\/#breadcrumb\"},\"inLanguage\":\"es-MX\",\"potentialAction\":[{\"@type\":\"ReadAction\",\"target\":[\"https:\/\/compuviper.mx\/tienda\/producto\/dahua-dh-f4c-pv-camara-ip-f4cn-pv-bullet-wifi-de-4-mp-full-color-iluminacion-dual-intelingente-disuasion-activa-audio-2-vias-microfono-y-altavoz-integrados-30-metros-de-iluminacion-ia-ip67\/\"]}]},{\"@type\":\"BreadcrumbList\",\"@id\":\"https:\/\/compuviper.mx\/tienda\/producto\/dahua-dh-f4c-pv-camara-ip-f4cn-pv-bullet-wifi-de-4-mp-full-color-iluminacion-dual-intelingente-disuasion-activa-audio-2-vias-microfono-y-altavoz-integrados-30-metros-de-iluminacion-ia-ip67\/#breadcrumb\",\"itemListElement\":[{\"@type\":\"ListItem\",\"position\":1,\"name\":\"Inicio\",\"item\":\"https:\/\/compuviper.mx\/tienda\/\"},{\"@type\":\"ListItem\",\"position\":2,\"name\":\"Productos\",\"item\":\"https:\/\/compuviper.mx\/tienda\/productos\/\"},{\"@type\":\"ListItem\",\"position\":3,\"name\":\"Camaras\",\"item\":\"https:\/\/compuviper.mx\/tienda\/categoria-producto\/camaras-2\/\"},{\"@type\":\"ListItem\",\"position\":4,\"name\":\"Camara De Videovigilancia\",\"item\":\"https:\/\/compuviper.mx\/tienda\/categoria-producto\/camaras-2\/camara-de-videovigilancia\/\"},{\"@type\":\"ListItem\",\"position\":5,\"name\":\"Dahua Dh-f4c-pv Camara Ip\/ \/ F4cn-pv\/ Bullet Wifi De 4 Mp\/full Color + Iluminacion Dual Intelingente\/ Disuasion Activa\/ Audio 2 Vias\/ Microfono Y Altavoz Integrados\/ 30 Metros De Iluminacion\/ Ia\/ Ip67\"}]},{\"@type\":\"WebSite\",\"@id\":\"https:\/\/compuviper.mx\/tienda\/#website\",\"url\":\"https:\/\/compuviper.mx\/tienda\/\",\"name\":\"Compuviper\",\"description\":\"Proveedor de Computadoras, Laptops, Servidores, Monitores, Puntos de Venta, Teclados,   Impresoras, T\u00f3ner, C\u00e1maras de Seguridad y m\u00e1s en tu tienda en l\u00ednea\",\"publisher\":{\"@id\":\"https:\/\/compuviper.mx\/tienda\/#organization\"},\"potentialAction\":[{\"@type\":\"SearchAction\",\"target\":{\"@type\":\"EntryPoint\",\"urlTemplate\":\"https:\/\/compuviper.mx\/tienda\/?s={search_term_string}\"},\"query-input\":\"required name=search_term_string\"}],\"inLanguage\":\"es-MX\"},{\"@type\":\"Organization\",\"@id\":\"https:\/\/compuviper.mx\/tienda\/#organization\",\"name\":\"Compuviper\",\"url\":\"https:\/\/compuviper.mx\/tienda\/\",\"logo\":{\"@type\":\"ImageObject\",\"inLanguage\":\"es-MX\",\"@id\":\"https:\/\/compuviper.mx\/tienda\/#\/schema\/logo\/image\/\",\"url\":\"https:\/\/compuviper.mx\/tienda\/wp-content\/uploads\/2021\/08\/Logo-Compuviper-10.png\",\"contentUrl\":\"https:\/\/compuviper.mx\/tienda\/wp-content\/uploads\/2021\/08\/Logo-Compuviper-10.png\",\"width\":1000,\"height\":500,\"caption\":\"Compuviper\"},\"image\":{\"@id\":\"https:\/\/compuviper.mx\/tienda\/#\/schema\/logo\/image\/\"},\"sameAs\":[\"https:\/\/www.facebook.com\/compuviper\",\"https:\/\/www.youtube.com\/channel\/UCf73dERp9Y3cfOq7q8BhLjA?view_as=subscriber\"]}]}<\/script>\n<meta property=\"product:brand\" content=\"DAHUA\" \/>\n<meta property=\"product:price:amount\" content=\"678\" \/>\n<meta property=\"product:price:currency\" content=\"MXN\" \/>\n<meta property=\"og:availability\" content=\"out of stock\" \/>\n<meta property=\"product:availability\" content=\"out of stock\" \/>\n<meta property=\"product:retailer_item_id\" content=\"DH-F4C-PV\" \/>\n<meta property=\"product:condition\" content=\"new\" \/>\n<!-- \/ Yoast SEO plugin. -->","yoast_head_json":{"title":"[ Dahua ] &#129351; Dh-f4c-pv Camara Ip\/ \/ F4cn-pv\/ Bullet Wifi De 4 Mp\/full Color + Iluminacion Dual Intelingente\/ Disuasion Activa\/ Audio 2 Vias\/ Microfono Y Altavoz Integrados\/ 30 Metros De Iluminacion\/ Ia\/ Ip67","description":"Compra Dh-f4c-pv Camara Ip\/ \/ F4cn-pv\/ Bullet Wifi De 4 Mp\/full Color + Iluminacion Dual Intelingente\/ Disuasion Activa\/ Audio 2 Vias\/ Microfono Y Altavoz Integrados\/ 30 Metros De Iluminacion\/ Ia\/ Ip67 + Env\u00edo a domicilio + Pago seguro + Garant\u00eda","robots":{"index":"index","follow":"follow","max-snippet":"max-snippet:-1","max-image-preview":"max-image-preview:large","max-video-preview":"max-video-preview:-1"},"canonical":"https:\/\/compuviper.mx\/tienda\/producto\/dahua-dh-f4c-pv-camara-ip-f4cn-pv-bullet-wifi-de-4-mp-full-color-iluminacion-dual-intelingente-disuasion-activa-audio-2-vias-microfono-y-altavoz-integrados-30-metros-de-iluminacion-ia-ip67\/","og_locale":"es_MX","og_type":"article","og_title":"[ Dahua ] &#129351; Dh-f4c-pv Camara Ip\/ \/ F4cn-pv\/ Bullet Wifi De 4 Mp\/full Color + Iluminacion Dual Intelingente\/ Disuasion Activa\/ Audio 2 Vias\/ Microfono Y Altavoz Integrados\/ 30 Metros De Iluminacion\/ Ia\/ Ip67","og_description":"Compra Dh-f4c-pv Camara Ip\/ \/ F4cn-pv\/ Bullet Wifi De 4 Mp\/full Color + Iluminacion Dual Intelingente\/ Disuasion Activa\/ Audio 2 Vias\/ Microfono Y Altavoz Integrados\/ 30 Metros De Iluminacion\/ Ia\/ Ip67 + Env\u00edo a domicilio + Pago seguro + Garant\u00eda","og_url":"https:\/\/compuviper.mx\/tienda\/producto\/dahua-dh-f4c-pv-camara-ip-f4cn-pv-bullet-wifi-de-4-mp-full-color-iluminacion-dual-intelingente-disuasion-activa-audio-2-vias-microfono-y-altavoz-integrados-30-metros-de-iluminacion-ia-ip67\/","og_site_name":"Compuviper","article_publisher":"https:\/\/www.facebook.com\/compuviper","article_modified_time":"2026-04-23T06:15:16+00:00","og_image":[{"width":200,"height":200,"url":"https:\/\/compuviper.mx\/tienda\/wp-content\/uploads\/2025\/10\/Camara-ip-dahua-f4cn-pv-bullet-wifi-de-4-mpfull-color-iluminacion-dual-intelingente-disuasion-activa-audio-2-vias-microfono-y-altavoz-integrados-30-metros-de-iluminacion-ia-ip67.jpg","type":"image\/jpeg"}],"twitter_card":"summary_large_image","twitter_misc":{"Precio":"&#36;678 con IVA","Availability":"Out of stock"},"schema":{"@context":"https:\/\/schema.org","@graph":[{"@type":"WebPage","@id":"https:\/\/compuviper.mx\/tienda\/producto\/dahua-dh-f4c-pv-camara-ip-f4cn-pv-bullet-wifi-de-4-mp-full-color-iluminacion-dual-intelingente-disuasion-activa-audio-2-vias-microfono-y-altavoz-integrados-30-metros-de-iluminacion-ia-ip67\/","url":"https:\/\/compuviper.mx\/tienda\/producto\/dahua-dh-f4c-pv-camara-ip-f4cn-pv-bullet-wifi-de-4-mp-full-color-iluminacion-dual-intelingente-disuasion-activa-audio-2-vias-microfono-y-altavoz-integrados-30-metros-de-iluminacion-ia-ip67\/","name":"[ Dahua ] &#129351; Dh-f4c-pv Camara Ip\/ \/ F4cn-pv\/ Bullet Wifi De 4 Mp\/full Color + Iluminacion Dual Intelingente\/ Disuasion Activa\/ Audio 2 Vias\/ Microfono Y Altavoz Integrados\/ 30 Metros De Iluminacion\/ Ia\/ Ip67","isPartOf":{"@id":"https:\/\/compuviper.mx\/tienda\/#website"},"datePublished":"2026-04-23T06:15:15+00:00","dateModified":"2026-04-23T06:15:16+00:00","description":"Compra Dh-f4c-pv Camara Ip\/ \/ F4cn-pv\/ Bullet Wifi De 4 Mp\/full Color + Iluminacion Dual Intelingente\/ Disuasion Activa\/ Audio 2 Vias\/ Microfono Y Altavoz Integrados\/ 30 Metros De Iluminacion\/ Ia\/ Ip67 + Env\u00edo a domicilio + Pago seguro + Garant\u00eda","breadcrumb":{"@id":"https:\/\/compuviper.mx\/tienda\/producto\/dahua-dh-f4c-pv-camara-ip-f4cn-pv-bullet-wifi-de-4-mp-full-color-iluminacion-dual-intelingente-disuasion-activa-audio-2-vias-microfono-y-altavoz-integrados-30-metros-de-iluminacion-ia-ip67\/#breadcrumb"},"inLanguage":"es-MX","potentialAction":[{"@type":"ReadAction","target":["https:\/\/compuviper.mx\/tienda\/producto\/dahua-dh-f4c-pv-camara-ip-f4cn-pv-bullet-wifi-de-4-mp-full-color-iluminacion-dual-intelingente-disuasion-activa-audio-2-vias-microfono-y-altavoz-integrados-30-metros-de-iluminacion-ia-ip67\/"]}]},{"@type":"BreadcrumbList","@id":"https:\/\/compuviper.mx\/tienda\/producto\/dahua-dh-f4c-pv-camara-ip-f4cn-pv-bullet-wifi-de-4-mp-full-color-iluminacion-dual-intelingente-disuasion-activa-audio-2-vias-microfono-y-altavoz-integrados-30-metros-de-iluminacion-ia-ip67\/#breadcrumb","itemListElement":[{"@type":"ListItem","position":1,"name":"Inicio","item":"https:\/\/compuviper.mx\/tienda\/"},{"@type":"ListItem","position":2,"name":"Productos","item":"https:\/\/compuviper.mx\/tienda\/productos\/"},{"@type":"ListItem","position":3,"name":"Camaras","item":"https:\/\/compuviper.mx\/tienda\/categoria-producto\/camaras-2\/"},{"@type":"ListItem","position":4,"name":"Camara De Videovigilancia","item":"https:\/\/compuviper.mx\/tienda\/categoria-producto\/camaras-2\/camara-de-videovigilancia\/"},{"@type":"ListItem","position":5,"name":"Dahua Dh-f4c-pv Camara Ip\/ \/ F4cn-pv\/ Bullet Wifi De 4 Mp\/full Color + Iluminacion Dual Intelingente\/ Disuasion Activa\/ Audio 2 Vias\/ Microfono Y Altavoz Integrados\/ 30 Metros De Iluminacion\/ Ia\/ Ip67"}]},{"@type":"WebSite","@id":"https:\/\/compuviper.mx\/tienda\/#website","url":"https:\/\/compuviper.mx\/tienda\/","name":"Compuviper","description":"Proveedor de Computadoras, Laptops, Servidores, Monitores, Puntos de Venta, Teclados,   Impresoras, T\u00f3ner, C\u00e1maras de Seguridad y m\u00e1s en tu tienda en l\u00ednea","publisher":{"@id":"https:\/\/compuviper.mx\/tienda\/#organization"},"potentialAction":[{"@type":"SearchAction","target":{"@type":"EntryPoint","urlTemplate":"https:\/\/compuviper.mx\/tienda\/?s={search_term_string}"},"query-input":"required name=search_term_string"}],"inLanguage":"es-MX"},{"@type":"Organization","@id":"https:\/\/compuviper.mx\/tienda\/#organization","name":"Compuviper","url":"https:\/\/compuviper.mx\/tienda\/","logo":{"@type":"ImageObject","inLanguage":"es-MX","@id":"https:\/\/compuviper.mx\/tienda\/#\/schema\/logo\/image\/","url":"https:\/\/compuviper.mx\/tienda\/wp-content\/uploads\/2021\/08\/Logo-Compuviper-10.png","contentUrl":"https:\/\/compuviper.mx\/tienda\/wp-content\/uploads\/2021\/08\/Logo-Compuviper-10.png","width":1000,"height":500,"caption":"Compuviper"},"image":{"@id":"https:\/\/compuviper.mx\/tienda\/#\/schema\/logo\/image\/"},"sameAs":["https:\/\/www.facebook.com\/compuviper","https:\/\/www.youtube.com\/channel\/UCf73dERp9Y3cfOq7q8BhLjA?view_as=subscriber"]}]},"product_brand":"DAHUA","product_price_amount":"678","product_price_currency":"MXN","og_availability":"out of stock","product_availability":"out of stock","product_retailer_item_id":"DH-F4C-PV","product_condition":"new"},"_links":{"self":[{"href":"https:\/\/compuviper.mx\/tienda\/wp-json\/wp\/v2\/product\/247538"}],"collection":[{"href":"https:\/\/compuviper.mx\/tienda\/wp-json\/wp\/v2\/product"}],"about":[{"href":"https:\/\/compuviper.mx\/tienda\/wp-json\/wp\/v2\/types\/product"}],"replies":[{"embeddable":true,"href":"https:\/\/compuviper.mx\/tienda\/wp-json\/wp\/v2\/comments?post=247538"}],"wp:featuredmedia":[{"embeddable":true,"href":"https:\/\/compuviper.mx\/tienda\/wp-json\/wp\/v2\/media\/259378"}],"wp:attachment":[{"href":"https:\/\/compuviper.mx\/tienda\/wp-json\/wp\/v2\/media?parent=247538"}],"wp:term":[{"taxonomy":"product_cat","embeddable":true,"href":"https:\/\/compuviper.mx\/tienda\/wp-json\/wp\/v2\/product_cat?post=247538"},{"taxonomy":"product_tag","embeddable":true,"href":"https:\/\/compuviper.mx\/tienda\/wp-json\/wp\/v2\/product_tag?post=247538"}],"curies":[{"name":"wp","href":"https:\/\/api.w.org\/{rel}","templated":true}]}}