{"id":247537,"date":"2026-04-03T23:14:28","date_gmt":"2026-04-04T05:14:28","guid":{"rendered":"https:\/\/compuviper.mx\/tienda\/producto\/ocelot-gaming-glass-hunter-3-gabinete-atx-triple-cristal-3-ventiladores-argb-incluidos\/"},"modified":"2026-04-03T23:14:28","modified_gmt":"2026-04-04T05:14:28","slug":"ocelot-gaming-glass-hunter-3-gabinete-mini-tower-atx-m-atx-itx-listo-para-mb-btf-panel-lateral-frontal-y-superior-de-cristal-templado-incluye-3-ventiladores-enfriamiento-liquido-hasta-360","status":"publish","type":"product","link":"https:\/\/compuviper.mx\/tienda\/producto\/ocelot-gaming-glass-hunter-3-gabinete-mini-tower-atx-m-atx-itx-listo-para-mb-btf-panel-lateral-frontal-y-superior-de-cristal-templado-incluye-3-ventiladores-enfriamiento-liquido-hasta-360\/","title":{"rendered":"Ocelot Gaming Glass Hunter 3 Gabinete   \/ Mini Tower \/atx, M-atx, Itx Listo Para Mb Btf \/ Panel Lateral, Frontal Y Superior De Cristal Templado\/ Incluye 3 Ventiladores \/ Enfriamiento Liquido Hasta 3600mm \/ Gpu Hasta 400mm \/ Color Negro"},"content":{"rendered":"<table class=\"descripcion\">\n<tr>\n<td>Gabinete ocelot gaming atx triple cristal 3 ventiladores argb incluidos<\/td>\n<\/tr>\n<tr>\n<td>Medidas<\/td>\n<\/tr>\n<tr>\n<td>Alto: 480mm<\/td>\n<\/tr>\n<tr>\n<td>Largo: 440mm<\/td>\n<\/tr>\n<tr>\n<td>Ancho: 232mm<\/td>\n<\/tr>\n<tr>\n<td>Factor de forma fuente de poder:<\/td>\n<\/tr>\n<tr>\n<td>Atx<\/td>\n<\/tr>\n<tr>\n<td>Io<\/td>\n<\/tr>\n<tr>\n<td>X2 usb 2.0<\/td>\n<\/tr>\n<tr>\n<td>X1 usb. 3.0<\/td>\n<\/tr>\n<tr>\n<td>X1 usb tipo c<\/td>\n<\/tr>\n<tr>\n<td>Hd audio<\/td>\n<\/tr>\n<tr>\n<td>Cpu cooler: 185 mm<\/td>\n<\/tr>\n<tr>\n<td>Largo vga: 400 mm<\/td>\n<\/tr>\n<tr>\n<td>Fan support<\/td>\n<\/tr>\n<tr>\n<td>Lateral: 3 x 120mm (incluidos)<\/td>\n<\/tr>\n<tr>\n<td>Trasero: 1x 120 mm (opcional)<\/td>\n<\/tr>\n<tr>\n<td>Bottom: 2 x 120mm (opcional)<\/td>\n<\/tr>\n<tr>\n<td>Enfriamiento l\u00edquido<\/td>\n<\/tr>\n<tr>\n<td>Lateral: 120mm, 240mm  and  360 mm<\/td>\n<\/tr>\n<tr>\n<td>Trasero: 120mm<\/td>\n<\/tr>\n<tr>\n<td>Bah\u00edas de almacenamiento<\/td>\n<\/tr>\n<tr>\n<td>Ssd x1<\/td>\n<\/tr>\n<tr>\n<td>Hhd x1<\/td>\n<\/tr>\n<tr>\n<td>Panel frontal (de r\u00e1pido acceso),  lateral y superior de cristal templado<\/td>\n<\/tr>\n<\/table>\n","protected":false},"excerpt":{"rendered":"<p>Gabinete ocelot gaming atx triple cristal 3 ventiladores argb incluidos Medidas Alto: 480mm Largo: 440mm Ancho: 232mm Factor de forma fuente de poder: Atx Io X2 usb 2.0 X1 usb. 3.0 X1 usb tipo c Hd audio Cpu cooler: 185 mm Largo vga: 400 mm Fan support Lateral: 3 x 120mm (incluidos) Trasero: 1x 120 [&hellip;]<\/p>\n","protected":false},"featured_media":0,"comment_status":"open","ping_status":"open","template":"","meta":[],"product_cat":[1674,1676],"product_tag":[2019],"acf":[],"yoast_head":"<!-- This site is optimized with the Yoast SEO plugin v21.7 - https:\/\/yoast.com\/wordpress\/plugins\/seo\/ -->\n<title>[ Ocelot Gaming ] &#129351; Glass Hunter 3 Gabinete \/ Mini Tower \/atx, M-atx, Itx Listo Para Mb Btf \/ Panel Lateral, Frontal Y Superior De Cristal Templado\/ Incluye 3 Ventiladores \/ Enfriamiento Liquido Hasta 3600mm \/ Gpu Hasta 400mm \/ Color Negro<\/title>\n<meta name=\"description\" content=\"Compra Glass Hunter 3 Gabinete \/ Mini Tower \/atx, M-atx, Itx Listo Para Mb Btf \/ Panel Lateral, Frontal Y Superior De Cristal Templado\/ Incluye 3 Ventiladores \/ Enfriamiento Liquido Hasta 3600mm \/ Gpu Hasta 400mm \/ Color Negro + Env\u00edo a domicilio + Pago seguro + Garant\u00eda\" \/>\n<meta name=\"robots\" content=\"index, follow, max-snippet:-1, max-image-preview:large, max-video-preview:-1\" \/>\n<link rel=\"canonical\" href=\"https:\/\/compuviper.mx\/tienda\/producto\/ocelot-gaming-glass-hunter-3-gabinete-mini-tower-atx-m-atx-itx-listo-para-mb-btf-panel-lateral-frontal-y-superior-de-cristal-templado-incluye-3-ventiladores-enfriamiento-liquido-hasta-360\/\" \/>\n<meta property=\"og:locale\" content=\"es_MX\" \/>\n<meta property=\"og:type\" content=\"article\" \/>\n<meta property=\"og:title\" content=\"[ Ocelot Gaming ] &#129351; Glass Hunter 3 Gabinete \/ Mini Tower \/atx, M-atx, Itx Listo Para Mb Btf \/ Panel Lateral, Frontal Y Superior De Cristal Templado\/ Incluye 3 Ventiladores \/ Enfriamiento Liquido Hasta 3600mm \/ Gpu Hasta 400mm \/ Color Negro\" \/>\n<meta property=\"og:description\" content=\"Compra Glass Hunter 3 Gabinete \/ Mini Tower \/atx, M-atx, Itx Listo Para Mb Btf \/ Panel Lateral, Frontal Y Superior De Cristal Templado\/ Incluye 3 Ventiladores \/ Enfriamiento Liquido Hasta 3600mm \/ Gpu Hasta 400mm \/ Color Negro + Env\u00edo a domicilio + Pago seguro + Garant\u00eda\" \/>\n<meta property=\"og:url\" content=\"https:\/\/compuviper.mx\/tienda\/producto\/ocelot-gaming-glass-hunter-3-gabinete-mini-tower-atx-m-atx-itx-listo-para-mb-btf-panel-lateral-frontal-y-superior-de-cristal-templado-incluye-3-ventiladores-enfriamiento-liquido-hasta-360\/\" \/>\n<meta property=\"og:site_name\" content=\"Compuviper\" \/>\n<meta property=\"article:publisher\" content=\"https:\/\/www.facebook.com\/compuviper\" \/>\n<meta name=\"twitter:card\" content=\"summary_large_image\" \/>\n<meta name=\"twitter:label1\" content=\"Precio\" \/>\n\t<meta name=\"twitter:data1\" content=\"&#36;1,514 &#36;1,363 con IVA\" \/>\n\t<meta name=\"twitter:label2\" content=\"Availability\" \/>\n\t<meta name=\"twitter:data2\" content=\"In stock\" \/>\n<script type=\"application\/ld+json\" class=\"yoast-schema-graph\">{\"@context\":\"https:\/\/schema.org\",\"@graph\":[{\"@type\":\"WebPage\",\"@id\":\"https:\/\/compuviper.mx\/tienda\/producto\/ocelot-gaming-glass-hunter-3-gabinete-mini-tower-atx-m-atx-itx-listo-para-mb-btf-panel-lateral-frontal-y-superior-de-cristal-templado-incluye-3-ventiladores-enfriamiento-liquido-hasta-360\/\",\"url\":\"https:\/\/compuviper.mx\/tienda\/producto\/ocelot-gaming-glass-hunter-3-gabinete-mini-tower-atx-m-atx-itx-listo-para-mb-btf-panel-lateral-frontal-y-superior-de-cristal-templado-incluye-3-ventiladores-enfriamiento-liquido-hasta-360\/\",\"name\":\"[ Ocelot Gaming ] &#129351; Glass Hunter 3 Gabinete \/ Mini Tower \/atx, M-atx, Itx Listo Para Mb Btf \/ Panel Lateral, Frontal Y Superior De Cristal Templado\/ Incluye 3 Ventiladores \/ Enfriamiento Liquido Hasta 3600mm \/ Gpu Hasta 400mm \/ Color Negro\",\"isPartOf\":{\"@id\":\"https:\/\/compuviper.mx\/tienda\/#website\"},\"datePublished\":\"2026-04-04T05:14:28+00:00\",\"dateModified\":\"2026-04-04T05:14:28+00:00\",\"description\":\"Compra Glass Hunter 3 Gabinete \/ Mini Tower \/atx, M-atx, Itx Listo Para Mb Btf \/ Panel Lateral, Frontal Y Superior De Cristal Templado\/ Incluye 3 Ventiladores \/ Enfriamiento Liquido Hasta 3600mm \/ Gpu Hasta 400mm \/ Color Negro + Env\u00edo a domicilio + Pago seguro + Garant\u00eda\",\"breadcrumb\":{\"@id\":\"https:\/\/compuviper.mx\/tienda\/producto\/ocelot-gaming-glass-hunter-3-gabinete-mini-tower-atx-m-atx-itx-listo-para-mb-btf-panel-lateral-frontal-y-superior-de-cristal-templado-incluye-3-ventiladores-enfriamiento-liquido-hasta-360\/#breadcrumb\"},\"inLanguage\":\"es-MX\",\"potentialAction\":[{\"@type\":\"ReadAction\",\"target\":[\"https:\/\/compuviper.mx\/tienda\/producto\/ocelot-gaming-glass-hunter-3-gabinete-mini-tower-atx-m-atx-itx-listo-para-mb-btf-panel-lateral-frontal-y-superior-de-cristal-templado-incluye-3-ventiladores-enfriamiento-liquido-hasta-360\/\"]}]},{\"@type\":\"BreadcrumbList\",\"@id\":\"https:\/\/compuviper.mx\/tienda\/producto\/ocelot-gaming-glass-hunter-3-gabinete-mini-tower-atx-m-atx-itx-listo-para-mb-btf-panel-lateral-frontal-y-superior-de-cristal-templado-incluye-3-ventiladores-enfriamiento-liquido-hasta-360\/#breadcrumb\",\"itemListElement\":[{\"@type\":\"ListItem\",\"position\":1,\"name\":\"Inicio\",\"item\":\"https:\/\/compuviper.mx\/tienda\/\"},{\"@type\":\"ListItem\",\"position\":2,\"name\":\"Productos\",\"item\":\"https:\/\/compuviper.mx\/tienda\/productos\/\"},{\"@type\":\"ListItem\",\"position\":3,\"name\":\"Gabinetes\",\"item\":\"https:\/\/compuviper.mx\/tienda\/categoria-producto\/gabinetes\/\"},{\"@type\":\"ListItem\",\"position\":4,\"name\":\"Media Torre\",\"item\":\"https:\/\/compuviper.mx\/tienda\/categoria-producto\/gabinetes\/media-torre\/\"},{\"@type\":\"ListItem\",\"position\":5,\"name\":\"Ocelot Gaming Glass Hunter 3 Gabinete \/ Mini Tower \/atx, M-atx, Itx Listo Para Mb Btf \/ Panel Lateral, Frontal Y Superior De Cristal Templado\/ Incluye 3 Ventiladores \/ Enfriamiento Liquido Hasta 3600mm \/ Gpu Hasta 400mm \/ Color Negro\"}]},{\"@type\":\"WebSite\",\"@id\":\"https:\/\/compuviper.mx\/tienda\/#website\",\"url\":\"https:\/\/compuviper.mx\/tienda\/\",\"name\":\"Compuviper\",\"description\":\"Proveedor de Computadoras, Laptops, Servidores, Monitores, Puntos de Venta, Teclados,   Impresoras, T\u00f3ner, C\u00e1maras de Seguridad y m\u00e1s en tu tienda en l\u00ednea\",\"publisher\":{\"@id\":\"https:\/\/compuviper.mx\/tienda\/#organization\"},\"potentialAction\":[{\"@type\":\"SearchAction\",\"target\":{\"@type\":\"EntryPoint\",\"urlTemplate\":\"https:\/\/compuviper.mx\/tienda\/?s={search_term_string}\"},\"query-input\":\"required name=search_term_string\"}],\"inLanguage\":\"es-MX\"},{\"@type\":\"Organization\",\"@id\":\"https:\/\/compuviper.mx\/tienda\/#organization\",\"name\":\"Compuviper\",\"url\":\"https:\/\/compuviper.mx\/tienda\/\",\"logo\":{\"@type\":\"ImageObject\",\"inLanguage\":\"es-MX\",\"@id\":\"https:\/\/compuviper.mx\/tienda\/#\/schema\/logo\/image\/\",\"url\":\"https:\/\/compuviper.mx\/tienda\/wp-content\/uploads\/2021\/08\/Logo-Compuviper-10.png\",\"contentUrl\":\"https:\/\/compuviper.mx\/tienda\/wp-content\/uploads\/2021\/08\/Logo-Compuviper-10.png\",\"width\":1000,\"height\":500,\"caption\":\"Compuviper\"},\"image\":{\"@id\":\"https:\/\/compuviper.mx\/tienda\/#\/schema\/logo\/image\/\"},\"sameAs\":[\"https:\/\/www.facebook.com\/compuviper\",\"https:\/\/www.youtube.com\/channel\/UCf73dERp9Y3cfOq7q8BhLjA?view_as=subscriber\"]}]}<\/script>\n<meta property=\"product:brand\" content=\"OCELOT GAMING\" \/>\n<meta property=\"product:price:amount\" content=\"1363\" \/>\n<meta property=\"product:price:currency\" content=\"MXN\" \/>\n<meta property=\"og:availability\" content=\"instock\" \/>\n<meta property=\"product:availability\" content=\"instock\" \/>\n<meta property=\"product:retailer_item_id\" content=\"GLASS HUNTER 3\" \/>\n<meta property=\"product:condition\" content=\"new\" \/>\n<!-- \/ Yoast SEO plugin. -->","yoast_head_json":{"title":"[ Ocelot Gaming ] &#129351; Glass Hunter 3 Gabinete \/ Mini Tower \/atx, M-atx, Itx Listo Para Mb Btf \/ Panel Lateral, Frontal Y Superior De Cristal Templado\/ Incluye 3 Ventiladores \/ Enfriamiento Liquido Hasta 3600mm \/ Gpu Hasta 400mm \/ Color Negro","description":"Compra Glass Hunter 3 Gabinete \/ Mini Tower \/atx, M-atx, Itx Listo Para Mb Btf \/ Panel Lateral, Frontal Y Superior De Cristal Templado\/ Incluye 3 Ventiladores \/ Enfriamiento Liquido Hasta 3600mm \/ Gpu Hasta 400mm \/ Color Negro + Env\u00edo a domicilio + Pago seguro + Garant\u00eda","robots":{"index":"index","follow":"follow","max-snippet":"max-snippet:-1","max-image-preview":"max-image-preview:large","max-video-preview":"max-video-preview:-1"},"canonical":"https:\/\/compuviper.mx\/tienda\/producto\/ocelot-gaming-glass-hunter-3-gabinete-mini-tower-atx-m-atx-itx-listo-para-mb-btf-panel-lateral-frontal-y-superior-de-cristal-templado-incluye-3-ventiladores-enfriamiento-liquido-hasta-360\/","og_locale":"es_MX","og_type":"article","og_title":"[ Ocelot Gaming ] &#129351; Glass Hunter 3 Gabinete \/ Mini Tower \/atx, M-atx, Itx Listo Para Mb Btf \/ Panel Lateral, Frontal Y Superior De Cristal Templado\/ Incluye 3 Ventiladores \/ Enfriamiento Liquido Hasta 3600mm \/ Gpu Hasta 400mm \/ Color Negro","og_description":"Compra Glass Hunter 3 Gabinete \/ Mini Tower \/atx, M-atx, Itx Listo Para Mb Btf \/ Panel Lateral, Frontal Y Superior De Cristal Templado\/ Incluye 3 Ventiladores \/ Enfriamiento Liquido Hasta 3600mm \/ Gpu Hasta 400mm \/ Color Negro + Env\u00edo a domicilio + Pago seguro + Garant\u00eda","og_url":"https:\/\/compuviper.mx\/tienda\/producto\/ocelot-gaming-glass-hunter-3-gabinete-mini-tower-atx-m-atx-itx-listo-para-mb-btf-panel-lateral-frontal-y-superior-de-cristal-templado-incluye-3-ventiladores-enfriamiento-liquido-hasta-360\/","og_site_name":"Compuviper","article_publisher":"https:\/\/www.facebook.com\/compuviper","twitter_card":"summary_large_image","twitter_misc":{"Precio":"&#36;1,514 &#36;1,363 con IVA","Availability":"In stock"},"schema":{"@context":"https:\/\/schema.org","@graph":[{"@type":"WebPage","@id":"https:\/\/compuviper.mx\/tienda\/producto\/ocelot-gaming-glass-hunter-3-gabinete-mini-tower-atx-m-atx-itx-listo-para-mb-btf-panel-lateral-frontal-y-superior-de-cristal-templado-incluye-3-ventiladores-enfriamiento-liquido-hasta-360\/","url":"https:\/\/compuviper.mx\/tienda\/producto\/ocelot-gaming-glass-hunter-3-gabinete-mini-tower-atx-m-atx-itx-listo-para-mb-btf-panel-lateral-frontal-y-superior-de-cristal-templado-incluye-3-ventiladores-enfriamiento-liquido-hasta-360\/","name":"[ Ocelot Gaming ] &#129351; Glass Hunter 3 Gabinete \/ Mini Tower \/atx, M-atx, Itx Listo Para Mb Btf \/ Panel Lateral, Frontal Y Superior De Cristal Templado\/ Incluye 3 Ventiladores \/ Enfriamiento Liquido Hasta 3600mm \/ Gpu Hasta 400mm \/ Color Negro","isPartOf":{"@id":"https:\/\/compuviper.mx\/tienda\/#website"},"datePublished":"2026-04-04T05:14:28+00:00","dateModified":"2026-04-04T05:14:28+00:00","description":"Compra Glass Hunter 3 Gabinete \/ Mini Tower \/atx, M-atx, Itx Listo Para Mb Btf \/ Panel Lateral, Frontal Y Superior De Cristal Templado\/ Incluye 3 Ventiladores \/ Enfriamiento Liquido Hasta 3600mm \/ Gpu Hasta 400mm \/ Color Negro + Env\u00edo a domicilio + Pago seguro + Garant\u00eda","breadcrumb":{"@id":"https:\/\/compuviper.mx\/tienda\/producto\/ocelot-gaming-glass-hunter-3-gabinete-mini-tower-atx-m-atx-itx-listo-para-mb-btf-panel-lateral-frontal-y-superior-de-cristal-templado-incluye-3-ventiladores-enfriamiento-liquido-hasta-360\/#breadcrumb"},"inLanguage":"es-MX","potentialAction":[{"@type":"ReadAction","target":["https:\/\/compuviper.mx\/tienda\/producto\/ocelot-gaming-glass-hunter-3-gabinete-mini-tower-atx-m-atx-itx-listo-para-mb-btf-panel-lateral-frontal-y-superior-de-cristal-templado-incluye-3-ventiladores-enfriamiento-liquido-hasta-360\/"]}]},{"@type":"BreadcrumbList","@id":"https:\/\/compuviper.mx\/tienda\/producto\/ocelot-gaming-glass-hunter-3-gabinete-mini-tower-atx-m-atx-itx-listo-para-mb-btf-panel-lateral-frontal-y-superior-de-cristal-templado-incluye-3-ventiladores-enfriamiento-liquido-hasta-360\/#breadcrumb","itemListElement":[{"@type":"ListItem","position":1,"name":"Inicio","item":"https:\/\/compuviper.mx\/tienda\/"},{"@type":"ListItem","position":2,"name":"Productos","item":"https:\/\/compuviper.mx\/tienda\/productos\/"},{"@type":"ListItem","position":3,"name":"Gabinetes","item":"https:\/\/compuviper.mx\/tienda\/categoria-producto\/gabinetes\/"},{"@type":"ListItem","position":4,"name":"Media Torre","item":"https:\/\/compuviper.mx\/tienda\/categoria-producto\/gabinetes\/media-torre\/"},{"@type":"ListItem","position":5,"name":"Ocelot Gaming Glass Hunter 3 Gabinete \/ Mini Tower \/atx, M-atx, Itx Listo Para Mb Btf \/ Panel Lateral, Frontal Y Superior De Cristal Templado\/ Incluye 3 Ventiladores \/ Enfriamiento Liquido Hasta 3600mm \/ Gpu Hasta 400mm \/ Color Negro"}]},{"@type":"WebSite","@id":"https:\/\/compuviper.mx\/tienda\/#website","url":"https:\/\/compuviper.mx\/tienda\/","name":"Compuviper","description":"Proveedor de Computadoras, Laptops, Servidores, Monitores, Puntos de Venta, Teclados,   Impresoras, T\u00f3ner, C\u00e1maras de Seguridad y m\u00e1s en tu tienda en l\u00ednea","publisher":{"@id":"https:\/\/compuviper.mx\/tienda\/#organization"},"potentialAction":[{"@type":"SearchAction","target":{"@type":"EntryPoint","urlTemplate":"https:\/\/compuviper.mx\/tienda\/?s={search_term_string}"},"query-input":"required name=search_term_string"}],"inLanguage":"es-MX"},{"@type":"Organization","@id":"https:\/\/compuviper.mx\/tienda\/#organization","name":"Compuviper","url":"https:\/\/compuviper.mx\/tienda\/","logo":{"@type":"ImageObject","inLanguage":"es-MX","@id":"https:\/\/compuviper.mx\/tienda\/#\/schema\/logo\/image\/","url":"https:\/\/compuviper.mx\/tienda\/wp-content\/uploads\/2021\/08\/Logo-Compuviper-10.png","contentUrl":"https:\/\/compuviper.mx\/tienda\/wp-content\/uploads\/2021\/08\/Logo-Compuviper-10.png","width":1000,"height":500,"caption":"Compuviper"},"image":{"@id":"https:\/\/compuviper.mx\/tienda\/#\/schema\/logo\/image\/"},"sameAs":["https:\/\/www.facebook.com\/compuviper","https:\/\/www.youtube.com\/channel\/UCf73dERp9Y3cfOq7q8BhLjA?view_as=subscriber"]}]},"product_brand":"OCELOT GAMING","product_price_amount":"1363","product_price_currency":"MXN","og_availability":"instock","product_availability":"instock","product_retailer_item_id":"GLASS HUNTER 3","product_condition":"new"},"_links":{"self":[{"href":"https:\/\/compuviper.mx\/tienda\/wp-json\/wp\/v2\/product\/247537"}],"collection":[{"href":"https:\/\/compuviper.mx\/tienda\/wp-json\/wp\/v2\/product"}],"about":[{"href":"https:\/\/compuviper.mx\/tienda\/wp-json\/wp\/v2\/types\/product"}],"replies":[{"embeddable":true,"href":"https:\/\/compuviper.mx\/tienda\/wp-json\/wp\/v2\/comments?post=247537"}],"wp:attachment":[{"href":"https:\/\/compuviper.mx\/tienda\/wp-json\/wp\/v2\/media?parent=247537"}],"wp:term":[{"taxonomy":"product_cat","embeddable":true,"href":"https:\/\/compuviper.mx\/tienda\/wp-json\/wp\/v2\/product_cat?post=247537"},{"taxonomy":"product_tag","embeddable":true,"href":"https:\/\/compuviper.mx\/tienda\/wp-json\/wp\/v2\/product_tag?post=247537"}],"curies":[{"name":"wp","href":"https:\/\/api.w.org\/{rel}","templated":true}]}}