{"id":247481,"date":"2026-04-11T01:42:39","date_gmt":"2026-04-11T07:42:39","guid":{"rendered":"https:\/\/compuviper.mx\/tienda\/producto\/xerox-b7130_s-multifuncional-versalink-30ppm-laser-monocromatica-ethernet-red-usb-3-0-wifi-bt-duplex-base-8nb-a3-requiere-instalacion-por-parte-de-una-agencia-de-servicio\/"},"modified":"2026-04-11T01:42:39","modified_gmt":"2026-04-11T07:42:39","slug":"xerox-b7130_s-multifuncional-versalink-b7130s-30ppm-laser-monocromatico-ethernet-red-usb-3-0-wifi-bt-duplex-con-base-8nb-tabloide-a3-requiere-instalacion-agencia-de-servicio","status":"publish","type":"product","link":"https:\/\/compuviper.mx\/tienda\/producto\/xerox-b7130_s-multifuncional-versalink-b7130s-30ppm-laser-monocromatico-ethernet-red-usb-3-0-wifi-bt-duplex-con-base-8nb-tabloide-a3-requiere-instalacion-agencia-de-servicio\/","title":{"rendered":"Xerox B7130_s Multifuncional  Versalink B7130s, 30ppm, Laser Monocromatico, Ethernet Red, Usb 3.0, Wifi, Bt, Duplex, Con Base 8nb, Tabloide\/a3 -requiere Instalacion Agencia De Servicio-"},"content":{"rendered":"<table class=\"descripcion\">\n<tr>\n<td>Especificaciones:<\/td>\n<\/tr>\n<tr>\n<td>&#8211; velocidad: hasta 30ppm<\/td>\n<\/tr>\n<tr>\n<td>&#8211; ciclo de trabajo mensual: hasta 129,000 paginas.<\/td>\n<\/tr>\n<tr>\n<td>&#8211; disco duro\/procesador\/memoria: unidad de disco duro de 320 gb4 \/doble nucleo, 1,05 ghz\/memoria de 4 gb.<\/td>\n<\/tr>\n<tr>\n<td>&#8211; conectividad: ethernet 10\/100\/1000 base-t, usb 3.0 de alta velocidad, wi-fi y wi-fi direct con kit de wi-fi opcional, funcionalidad nfc \u0093pulsar para emparejar.<\/td>\n<\/tr>\n<tr>\n<td>&#8211; resolucion: copia: hasta 600 x 600 ppp; impresion: hasta 1200 x 1200 ppp.<\/td>\n<\/tr>\n<tr>\n<td>&#8211; entrada de papel: alimentador automatico de documentos a dos caras (dadf) de una sola pasada: 130 hojas: velocidad: hasta 80 ipm. tama\u00f1os personalizados: de 1,93 x 3,35 a 11,69 x 17 pulg.\/de 49 x 85 a 297 x 431,8 mm. bandeja especial: 100 hojas; tama\u00f1os personalizados: de 3,5 x 3,87 a 11,69 x 17 pulg.\/de 88,9 x 98,4 a 297 x 431,8 m. bandeja 1: 520 hojas; tama\u00f1os personalizados: de 5,5 x 7,17 a 11,69 x 17 pulg.\/de 139,7 x 182 a 297 x 431,8 mm<\/td>\n<\/tr>\n<tr>\n<td>&#8211; salida de papel: bandeja central de 500 hojas.<\/td>\n<\/tr>\n<\/table>\n","protected":false},"excerpt":{"rendered":"<p>Alimentador automatico de documentos a dos caras (dadf) de una sola pasada para 130 hojas2: ahorra tiempo al escanear simultaneamente ambas caras de documentos impresos en las dos caras, a una velocidad de hasta 80 impresiones por minuto (ipm). La alta capacidad de papel aumenta la productividad, especialmente en tareas que requieren grandes lotes de documentos escaneados o copiados. La interfaz de usuario es una pantalla tactil intuitiva inclinable de 7 pulgadas, similar a una tableta, que le permite completar tareas con solo unos toques sencillos y personalizar su experiencia. Acceda a mas de 100 aplicaciones de productividad a traves de xerox app gallery.<\/p>\n","protected":false},"featured_media":260618,"comment_status":"open","ping_status":"open","template":"","meta":[],"product_cat":[1780,1782],"product_tag":[2109],"acf":[],"yoast_head":"<!-- This site is optimized with the Yoast SEO plugin v21.7 - https:\/\/yoast.com\/wordpress\/plugins\/seo\/ -->\n<title>[ Xerox ] &#129351; B7130_s Multifuncional Versalink B7130s, 30ppm, Laser Monocromatico, Ethernet Red, Usb 3.0, Wifi, Bt, Duplex, Con Base 8nb, Tabloide\/a3 -requiere Instalacion Agencia De Servicio-<\/title>\n<meta name=\"description\" content=\"Compra B7130_s Multifuncional Versalink B7130s, 30ppm, Laser Monocromatico, Ethernet Red, Usb 3.0, Wifi, Bt, Duplex, Con Base 8nb, Tabloide\/a3 -requiere Instalacion Agencia De Servicio- + Env\u00edo a domicilio + Pago seguro + Garant\u00eda\" \/>\n<meta name=\"robots\" content=\"index, follow, max-snippet:-1, max-image-preview:large, max-video-preview:-1\" \/>\n<link rel=\"canonical\" href=\"https:\/\/compuviper.mx\/tienda\/producto\/xerox-b7130_s-multifuncional-versalink-b7130s-30ppm-laser-monocromatico-ethernet-red-usb-3-0-wifi-bt-duplex-con-base-8nb-tabloide-a3-requiere-instalacion-agencia-de-servicio\/\" \/>\n<meta property=\"og:locale\" content=\"es_MX\" \/>\n<meta property=\"og:type\" content=\"article\" \/>\n<meta property=\"og:title\" content=\"[ Xerox ] &#129351; B7130_s Multifuncional Versalink B7130s, 30ppm, Laser Monocromatico, Ethernet Red, Usb 3.0, Wifi, Bt, Duplex, Con Base 8nb, Tabloide\/a3 -requiere Instalacion Agencia De Servicio-\" \/>\n<meta property=\"og:description\" content=\"Compra B7130_s Multifuncional Versalink B7130s, 30ppm, Laser Monocromatico, Ethernet Red, Usb 3.0, Wifi, Bt, Duplex, Con Base 8nb, Tabloide\/a3 -requiere Instalacion Agencia De Servicio- + Env\u00edo a domicilio + Pago seguro + Garant\u00eda\" \/>\n<meta property=\"og:url\" content=\"https:\/\/compuviper.mx\/tienda\/producto\/xerox-b7130_s-multifuncional-versalink-b7130s-30ppm-laser-monocromatico-ethernet-red-usb-3-0-wifi-bt-duplex-con-base-8nb-tabloide-a3-requiere-instalacion-agencia-de-servicio\/\" \/>\n<meta property=\"og:site_name\" content=\"Compuviper\" \/>\n<meta property=\"article:publisher\" content=\"https:\/\/www.facebook.com\/compuviper\" \/>\n<meta property=\"og:image\" content=\"https:\/\/compuviper.mx\/tienda\/wp-content\/uploads\/2025\/10\/Multifuncional-xerox-versalink-b7130s-30ppm-laser-monocromatico-ethernet-red-usb-3.0-wifi-bt-duplex-con-base-8nb-tabloidea3-requiere-instalacion-agencia-de-servicio.jpg\" \/>\n\t<meta property=\"og:image:width\" content=\"200\" \/>\n\t<meta property=\"og:image:height\" content=\"200\" \/>\n\t<meta property=\"og:image:type\" content=\"image\/jpeg\" \/>\n<meta name=\"twitter:card\" content=\"summary_large_image\" \/>\n<meta name=\"twitter:label1\" content=\"Precio\" \/>\n\t<meta name=\"twitter:data1\" content=\"&#36;60,947 con IVA\" \/>\n\t<meta name=\"twitter:label2\" content=\"Availability\" \/>\n\t<meta name=\"twitter:data2\" content=\"Out of stock\" \/>\n<script type=\"application\/ld+json\" class=\"yoast-schema-graph\">{\"@context\":\"https:\/\/schema.org\",\"@graph\":[{\"@type\":\"WebPage\",\"@id\":\"https:\/\/compuviper.mx\/tienda\/producto\/xerox-b7130_s-multifuncional-versalink-b7130s-30ppm-laser-monocromatico-ethernet-red-usb-3-0-wifi-bt-duplex-con-base-8nb-tabloide-a3-requiere-instalacion-agencia-de-servicio\/\",\"url\":\"https:\/\/compuviper.mx\/tienda\/producto\/xerox-b7130_s-multifuncional-versalink-b7130s-30ppm-laser-monocromatico-ethernet-red-usb-3-0-wifi-bt-duplex-con-base-8nb-tabloide-a3-requiere-instalacion-agencia-de-servicio\/\",\"name\":\"[ Xerox ] &#129351; B7130_s Multifuncional Versalink B7130s, 30ppm, Laser Monocromatico, Ethernet Red, Usb 3.0, Wifi, Bt, Duplex, Con Base 8nb, Tabloide\/a3 -requiere Instalacion Agencia De Servicio-\",\"isPartOf\":{\"@id\":\"https:\/\/compuviper.mx\/tienda\/#website\"},\"datePublished\":\"2026-04-11T07:42:39+00:00\",\"dateModified\":\"2026-04-11T07:42:39+00:00\",\"description\":\"Compra B7130_s Multifuncional Versalink B7130s, 30ppm, Laser Monocromatico, Ethernet Red, Usb 3.0, Wifi, Bt, Duplex, Con Base 8nb, Tabloide\/a3 -requiere Instalacion Agencia De Servicio- + Env\u00edo a domicilio + Pago seguro + Garant\u00eda\",\"breadcrumb\":{\"@id\":\"https:\/\/compuviper.mx\/tienda\/producto\/xerox-b7130_s-multifuncional-versalink-b7130s-30ppm-laser-monocromatico-ethernet-red-usb-3-0-wifi-bt-duplex-con-base-8nb-tabloide-a3-requiere-instalacion-agencia-de-servicio\/#breadcrumb\"},\"inLanguage\":\"es-MX\",\"potentialAction\":[{\"@type\":\"ReadAction\",\"target\":[\"https:\/\/compuviper.mx\/tienda\/producto\/xerox-b7130_s-multifuncional-versalink-b7130s-30ppm-laser-monocromatico-ethernet-red-usb-3-0-wifi-bt-duplex-con-base-8nb-tabloide-a3-requiere-instalacion-agencia-de-servicio\/\"]}]},{\"@type\":\"BreadcrumbList\",\"@id\":\"https:\/\/compuviper.mx\/tienda\/producto\/xerox-b7130_s-multifuncional-versalink-b7130s-30ppm-laser-monocromatico-ethernet-red-usb-3-0-wifi-bt-duplex-con-base-8nb-tabloide-a3-requiere-instalacion-agencia-de-servicio\/#breadcrumb\",\"itemListElement\":[{\"@type\":\"ListItem\",\"position\":1,\"name\":\"Inicio\",\"item\":\"https:\/\/compuviper.mx\/tienda\/\"},{\"@type\":\"ListItem\",\"position\":2,\"name\":\"Productos\",\"item\":\"https:\/\/compuviper.mx\/tienda\/productos\/\"},{\"@type\":\"ListItem\",\"position\":3,\"name\":\"Multifuncionales\",\"item\":\"https:\/\/compuviper.mx\/tienda\/categoria-producto\/multifuncionales\/\"},{\"@type\":\"ListItem\",\"position\":4,\"name\":\"Laser Monocromatica\",\"item\":\"https:\/\/compuviper.mx\/tienda\/categoria-producto\/multifuncionales\/laser-monocromatica\/\"},{\"@type\":\"ListItem\",\"position\":5,\"name\":\"Xerox B7130_s Multifuncional Versalink B7130s, 30ppm, Laser Monocromatico, Ethernet Red, Usb 3.0, Wifi, Bt, Duplex, Con Base 8nb, Tabloide\/a3 -requiere Instalacion Agencia De Servicio-\"}]},{\"@type\":\"WebSite\",\"@id\":\"https:\/\/compuviper.mx\/tienda\/#website\",\"url\":\"https:\/\/compuviper.mx\/tienda\/\",\"name\":\"Compuviper\",\"description\":\"Proveedor de Computadoras, Laptops, Servidores, Monitores, Puntos de Venta, Teclados,   Impresoras, T\u00f3ner, C\u00e1maras de Seguridad y m\u00e1s en tu tienda en l\u00ednea\",\"publisher\":{\"@id\":\"https:\/\/compuviper.mx\/tienda\/#organization\"},\"potentialAction\":[{\"@type\":\"SearchAction\",\"target\":{\"@type\":\"EntryPoint\",\"urlTemplate\":\"https:\/\/compuviper.mx\/tienda\/?s={search_term_string}\"},\"query-input\":\"required name=search_term_string\"}],\"inLanguage\":\"es-MX\"},{\"@type\":\"Organization\",\"@id\":\"https:\/\/compuviper.mx\/tienda\/#organization\",\"name\":\"Compuviper\",\"url\":\"https:\/\/compuviper.mx\/tienda\/\",\"logo\":{\"@type\":\"ImageObject\",\"inLanguage\":\"es-MX\",\"@id\":\"https:\/\/compuviper.mx\/tienda\/#\/schema\/logo\/image\/\",\"url\":\"https:\/\/compuviper.mx\/tienda\/wp-content\/uploads\/2021\/08\/Logo-Compuviper-10.png\",\"contentUrl\":\"https:\/\/compuviper.mx\/tienda\/wp-content\/uploads\/2021\/08\/Logo-Compuviper-10.png\",\"width\":1000,\"height\":500,\"caption\":\"Compuviper\"},\"image\":{\"@id\":\"https:\/\/compuviper.mx\/tienda\/#\/schema\/logo\/image\/\"},\"sameAs\":[\"https:\/\/www.facebook.com\/compuviper\",\"https:\/\/www.youtube.com\/channel\/UCf73dERp9Y3cfOq7q8BhLjA?view_as=subscriber\"]}]}<\/script>\n<meta property=\"product:brand\" content=\"Xerox\" \/>\n<meta property=\"product:price:amount\" content=\"60947\" \/>\n<meta property=\"product:price:currency\" content=\"MXN\" \/>\n<meta property=\"og:availability\" content=\"out of stock\" \/>\n<meta property=\"product:availability\" content=\"out of stock\" \/>\n<meta property=\"product:retailer_item_id\" content=\"B7130_S\" \/>\n<meta property=\"product:condition\" content=\"new\" \/>\n<!-- \/ Yoast SEO plugin. -->","yoast_head_json":{"title":"[ Xerox ] &#129351; B7130_s Multifuncional Versalink B7130s, 30ppm, Laser Monocromatico, Ethernet Red, Usb 3.0, Wifi, Bt, Duplex, Con Base 8nb, Tabloide\/a3 -requiere Instalacion Agencia De Servicio-","description":"Compra B7130_s Multifuncional Versalink B7130s, 30ppm, Laser Monocromatico, Ethernet Red, Usb 3.0, Wifi, Bt, Duplex, Con Base 8nb, Tabloide\/a3 -requiere Instalacion Agencia De Servicio- + Env\u00edo a domicilio + Pago seguro + Garant\u00eda","robots":{"index":"index","follow":"follow","max-snippet":"max-snippet:-1","max-image-preview":"max-image-preview:large","max-video-preview":"max-video-preview:-1"},"canonical":"https:\/\/compuviper.mx\/tienda\/producto\/xerox-b7130_s-multifuncional-versalink-b7130s-30ppm-laser-monocromatico-ethernet-red-usb-3-0-wifi-bt-duplex-con-base-8nb-tabloide-a3-requiere-instalacion-agencia-de-servicio\/","og_locale":"es_MX","og_type":"article","og_title":"[ Xerox ] &#129351; B7130_s Multifuncional Versalink B7130s, 30ppm, Laser Monocromatico, Ethernet Red, Usb 3.0, Wifi, Bt, Duplex, Con Base 8nb, Tabloide\/a3 -requiere Instalacion Agencia De Servicio-","og_description":"Compra B7130_s Multifuncional Versalink B7130s, 30ppm, Laser Monocromatico, Ethernet Red, Usb 3.0, Wifi, Bt, Duplex, Con Base 8nb, Tabloide\/a3 -requiere Instalacion Agencia De Servicio- + Env\u00edo a domicilio + Pago seguro + Garant\u00eda","og_url":"https:\/\/compuviper.mx\/tienda\/producto\/xerox-b7130_s-multifuncional-versalink-b7130s-30ppm-laser-monocromatico-ethernet-red-usb-3-0-wifi-bt-duplex-con-base-8nb-tabloide-a3-requiere-instalacion-agencia-de-servicio\/","og_site_name":"Compuviper","article_publisher":"https:\/\/www.facebook.com\/compuviper","og_image":[{"width":200,"height":200,"url":"https:\/\/compuviper.mx\/tienda\/wp-content\/uploads\/2025\/10\/Multifuncional-xerox-versalink-b7130s-30ppm-laser-monocromatico-ethernet-red-usb-3.0-wifi-bt-duplex-con-base-8nb-tabloidea3-requiere-instalacion-agencia-de-servicio.jpg","type":"image\/jpeg"}],"twitter_card":"summary_large_image","twitter_misc":{"Precio":"&#36;60,947 con IVA","Availability":"Out of stock"},"schema":{"@context":"https:\/\/schema.org","@graph":[{"@type":"WebPage","@id":"https:\/\/compuviper.mx\/tienda\/producto\/xerox-b7130_s-multifuncional-versalink-b7130s-30ppm-laser-monocromatico-ethernet-red-usb-3-0-wifi-bt-duplex-con-base-8nb-tabloide-a3-requiere-instalacion-agencia-de-servicio\/","url":"https:\/\/compuviper.mx\/tienda\/producto\/xerox-b7130_s-multifuncional-versalink-b7130s-30ppm-laser-monocromatico-ethernet-red-usb-3-0-wifi-bt-duplex-con-base-8nb-tabloide-a3-requiere-instalacion-agencia-de-servicio\/","name":"[ Xerox ] &#129351; B7130_s Multifuncional Versalink B7130s, 30ppm, Laser Monocromatico, Ethernet Red, Usb 3.0, Wifi, Bt, Duplex, Con Base 8nb, Tabloide\/a3 -requiere Instalacion Agencia De Servicio-","isPartOf":{"@id":"https:\/\/compuviper.mx\/tienda\/#website"},"datePublished":"2026-04-11T07:42:39+00:00","dateModified":"2026-04-11T07:42:39+00:00","description":"Compra B7130_s Multifuncional Versalink B7130s, 30ppm, Laser Monocromatico, Ethernet Red, Usb 3.0, Wifi, Bt, Duplex, Con Base 8nb, Tabloide\/a3 -requiere Instalacion Agencia De Servicio- + Env\u00edo a domicilio + Pago seguro + Garant\u00eda","breadcrumb":{"@id":"https:\/\/compuviper.mx\/tienda\/producto\/xerox-b7130_s-multifuncional-versalink-b7130s-30ppm-laser-monocromatico-ethernet-red-usb-3-0-wifi-bt-duplex-con-base-8nb-tabloide-a3-requiere-instalacion-agencia-de-servicio\/#breadcrumb"},"inLanguage":"es-MX","potentialAction":[{"@type":"ReadAction","target":["https:\/\/compuviper.mx\/tienda\/producto\/xerox-b7130_s-multifuncional-versalink-b7130s-30ppm-laser-monocromatico-ethernet-red-usb-3-0-wifi-bt-duplex-con-base-8nb-tabloide-a3-requiere-instalacion-agencia-de-servicio\/"]}]},{"@type":"BreadcrumbList","@id":"https:\/\/compuviper.mx\/tienda\/producto\/xerox-b7130_s-multifuncional-versalink-b7130s-30ppm-laser-monocromatico-ethernet-red-usb-3-0-wifi-bt-duplex-con-base-8nb-tabloide-a3-requiere-instalacion-agencia-de-servicio\/#breadcrumb","itemListElement":[{"@type":"ListItem","position":1,"name":"Inicio","item":"https:\/\/compuviper.mx\/tienda\/"},{"@type":"ListItem","position":2,"name":"Productos","item":"https:\/\/compuviper.mx\/tienda\/productos\/"},{"@type":"ListItem","position":3,"name":"Multifuncionales","item":"https:\/\/compuviper.mx\/tienda\/categoria-producto\/multifuncionales\/"},{"@type":"ListItem","position":4,"name":"Laser Monocromatica","item":"https:\/\/compuviper.mx\/tienda\/categoria-producto\/multifuncionales\/laser-monocromatica\/"},{"@type":"ListItem","position":5,"name":"Xerox B7130_s Multifuncional Versalink B7130s, 30ppm, Laser Monocromatico, Ethernet Red, Usb 3.0, Wifi, Bt, Duplex, Con Base 8nb, Tabloide\/a3 -requiere Instalacion Agencia De Servicio-"}]},{"@type":"WebSite","@id":"https:\/\/compuviper.mx\/tienda\/#website","url":"https:\/\/compuviper.mx\/tienda\/","name":"Compuviper","description":"Proveedor de Computadoras, Laptops, Servidores, Monitores, Puntos de Venta, Teclados,   Impresoras, T\u00f3ner, C\u00e1maras de Seguridad y m\u00e1s en tu tienda en l\u00ednea","publisher":{"@id":"https:\/\/compuviper.mx\/tienda\/#organization"},"potentialAction":[{"@type":"SearchAction","target":{"@type":"EntryPoint","urlTemplate":"https:\/\/compuviper.mx\/tienda\/?s={search_term_string}"},"query-input":"required name=search_term_string"}],"inLanguage":"es-MX"},{"@type":"Organization","@id":"https:\/\/compuviper.mx\/tienda\/#organization","name":"Compuviper","url":"https:\/\/compuviper.mx\/tienda\/","logo":{"@type":"ImageObject","inLanguage":"es-MX","@id":"https:\/\/compuviper.mx\/tienda\/#\/schema\/logo\/image\/","url":"https:\/\/compuviper.mx\/tienda\/wp-content\/uploads\/2021\/08\/Logo-Compuviper-10.png","contentUrl":"https:\/\/compuviper.mx\/tienda\/wp-content\/uploads\/2021\/08\/Logo-Compuviper-10.png","width":1000,"height":500,"caption":"Compuviper"},"image":{"@id":"https:\/\/compuviper.mx\/tienda\/#\/schema\/logo\/image\/"},"sameAs":["https:\/\/www.facebook.com\/compuviper","https:\/\/www.youtube.com\/channel\/UCf73dERp9Y3cfOq7q8BhLjA?view_as=subscriber"]}]},"product_brand":"Xerox","product_price_amount":"60947","product_price_currency":"MXN","og_availability":"out of stock","product_availability":"out of stock","product_retailer_item_id":"B7130_S","product_condition":"new"},"_links":{"self":[{"href":"https:\/\/compuviper.mx\/tienda\/wp-json\/wp\/v2\/product\/247481"}],"collection":[{"href":"https:\/\/compuviper.mx\/tienda\/wp-json\/wp\/v2\/product"}],"about":[{"href":"https:\/\/compuviper.mx\/tienda\/wp-json\/wp\/v2\/types\/product"}],"replies":[{"embeddable":true,"href":"https:\/\/compuviper.mx\/tienda\/wp-json\/wp\/v2\/comments?post=247481"}],"wp:featuredmedia":[{"embeddable":true,"href":"https:\/\/compuviper.mx\/tienda\/wp-json\/wp\/v2\/media\/260618"}],"wp:attachment":[{"href":"https:\/\/compuviper.mx\/tienda\/wp-json\/wp\/v2\/media?parent=247481"}],"wp:term":[{"taxonomy":"product_cat","embeddable":true,"href":"https:\/\/compuviper.mx\/tienda\/wp-json\/wp\/v2\/product_cat?post=247481"},{"taxonomy":"product_tag","embeddable":true,"href":"https:\/\/compuviper.mx\/tienda\/wp-json\/wp\/v2\/product_tag?post=247481"}],"curies":[{"name":"wp","href":"https:\/\/api.w.org\/{rel}","templated":true}]}}