{"id":247478,"date":"2026-04-11T01:22:39","date_gmt":"2026-04-11T07:22:39","guid":{"rendered":"https:\/\/compuviper.mx\/tienda\/producto\/hikvision-ds-7608ni-q1-8pd-nvr-8-megapixel-4k-compatible-con-camaras-acusense-8-canales-ip-8-puertos-poe-1-baha-de-disco-duro-salida-de-vdeo-en-4k-300-metros-poe-modo-extendido\/"},"modified":"2026-04-11T01:22:40","modified_gmt":"2026-04-11T07:22:40","slug":"hikvision-ds-7608ni-q1-8pd-nvr-8-megapixel-4k-compatible-con-camaras-acusense-8-canales-ip-8-puertos-poe-1-baha-de-disco-duro-salida-de-vdeo-en-4k-300-metros-poe-modo-extendido","status":"publish","type":"product","link":"https:\/\/compuviper.mx\/tienda\/producto\/hikvision-ds-7608ni-q1-8pd-nvr-8-megapixel-4k-compatible-con-camaras-acusense-8-canales-ip-8-puertos-poe-1-baha-de-disco-duro-salida-de-vdeo-en-4k-300-metros-poe-modo-extendido\/","title":{"rendered":"Hikvision Ds-7608ni-q1\/8p(d) Nvr 8 Megapixel (4k) (compatible Con Camaras Acusense) \/ 8 Canales Ip \/ 8 Puertos Poe+ \/ 1 Bah?a De Disco Duro \/ Salida De V?deo En 4k \/ 300 Metros Poe Modo Extendido"},"content":{"rendered":"<table class=\"descripcion\">\n<tr>\n<td>Caractersticas principales:<\/td>\n<\/tr>\n<tr>\n<td>Compresin de video: h.265 \/ h.265 \/ h.264 \/ h.264<\/td>\n<\/tr>\n<tr>\n<td>8 puertos poe soporta estndar af \/ at.<\/td>\n<\/tr>\n<tr>\n<td>75 watts total en sus puertos poe.<\/td>\n<\/tr>\n<tr>\n<td>Soporta mouse usb para operar incluido.<\/td>\n<\/tr>\n<tr>\n<td>Soporta 1 disco duro de hasta 8 tb no incluido.<\/td>\n<\/tr>\n<tr>\n<td>Soporta ddns hik-connect, dyndns, no-ip, etc.<\/td>\n<\/tr>\n<tr>\n<td>Soporta hik-connect p2p https:\/\/appstore.hikvision.com\/.<\/td>\n<\/tr>\n<tr>\n<td>Acceso remoto va telfono: android, iphone, ipad hik-connect.<\/td>\n<\/tr>\n<tr>\n<td>Compatibilidad con navegadores edge ietab, chrome.<\/td>\n<\/tr>\n<tr>\n<td>Compatible con el software ivms-4200 gratuito.<\/td>\n<\/tr>\n<tr>\n<td>Soporta mltiples marcas usando el protocolo onvif.<\/td>\n<\/tr>\n<tr>\n<td>Caractersticas fsicas y elctricas:<\/td>\n<\/tr>\n<tr>\n<td>Dimensiones 320  240  48 mm<\/td>\n<\/tr>\n<tr>\n<td>Alimentacin \/ consumo :48 vcc \/ 1.88 a \/ 10 w.<\/td>\n<\/tr>\n<tr>\n<td>Temperatura de operacin: -10\u00b0c a 55\u00b0c.<\/td>\n<\/tr>\n<tr>\n<td>Peso: 1 kg.<\/td>\n<\/tr>\n<tr>\n<td>Garanta: 2 aos.<\/td>\n<\/tr>\n<tr>\n<td>Resolucin de grabacin por canal recomendado con h.265:<\/td>\n<\/tr>\n<tr>\n<td>2 mp 1080p: 8 canales &#8211; 30 ips.<\/td>\n<\/tr>\n<tr>\n<td>4 mp: 8 canales &#8211; 30 ips.<\/td>\n<\/tr>\n<tr>\n<td>5 mp: 8 canales &#8211; 30 ips.<\/td>\n<\/tr>\n<tr>\n<td>6 mp: 8 canales &#8211; 30 ips.<\/td>\n<\/tr>\n<tr>\n<td>4k 8 mp: 8 canales &#8211; 30 ips.<\/td>\n<\/tr>\n<tr>\n<td>Reproduccin sncrona en canales: 8 canales.<\/td>\n<\/tr>\n<tr>\n<td>Capacidad de procesamiento y funciones de red:<\/td>\n<\/tr>\n<tr>\n<td>Procesamiento entrada throughput entrada: 80 mbps.<\/td>\n<\/tr>\n<tr>\n<td>Procesamiento salida throughput salida: 80 mbps.<\/td>\n<\/tr>\n<tr>\n<td>1 puerto red lan 100 mbps.<\/td>\n<\/tr>\n<tr>\n<td>Funciones de grabacin y visualizacin:<\/td>\n<\/tr>\n<tr>\n<td>Deteccin de movimiento multizona.<\/td>\n<\/tr>\n<tr>\n<td>Zoom digital en visualizacin y grabacin.<\/td>\n<\/tr>\n<tr>\n<td>Dual stream main stream y sub stream.<\/td>\n<\/tr>\n<tr>\n<td>Soporta avance rpido, lento, cuadro a cuadro, etc.<\/td>\n<\/tr>\n<tr>\n<td>Soporta tecnologa de discos duros s.m.a.r.t.<\/td>\n<\/tr>\n<tr>\n<td>Soporta mltiples tipos de grabacin, incluyendo tiempo real, grabacin manual, videosensor, videosensor y alarma, videosensor o alarma.<\/td>\n<\/tr>\n<tr>\n<td>Soporta grabacin cclica sobreescritura y no cclica.<\/td>\n<\/tr>\n<tr>\n<td>Interfaces entradas \/ salidas:<\/td>\n<\/tr>\n<tr>\n<td>Salida simultnea hdmi y vga.<\/td>\n<\/tr>\n<tr>\n<td>Resolucin hdmi : 4k \/ 1080p \/ 720p.<\/td>\n<\/tr>\n<tr>\n<td>Resolucin vga: 1080p \/ 720p.<\/td>\n<\/tr>\n<tr>\n<td>Entrada de audio: 1 canal.<\/td>\n<\/tr>\n<tr>\n<td>Salida de audio: 1 canal.<\/td>\n<\/tr>\n<tr>\n<td>Entrada de alarma: no aplica.<\/td>\n<\/tr>\n<tr>\n<td>Salida de alarma: no aplica.<\/td>\n<\/tr>\n<tr>\n<td>Soporta audio bidireccional audio de dos vas.<\/td>\n<\/tr>\n<tr>\n<td>Caractersticas destacadas:<\/td>\n<\/tr>\n<tr>\n<td>Acusense filtro de falsas alarmas:<\/td>\n<\/tr>\n<tr>\n<td>Soporta 1 canal con tecnologa acusense lite, podemos evitar falsas alarmas como movimiento de rboles, animales, etc en deteccin de movimiento.<\/td>\n<\/tr>\n<tr>\n<td>Al activar la tecnologa acusense solo detecta cuerpo humano y vehculos para detectar realmente eventos importantes y as eliminar falsas alarmas.<\/td>\n<\/tr>\n<tr>\n<td>Soporta hasta 8 canales con la tecnologa acusense realizado por camaras:  ds-2cd3xx \/ ds-2cd2xx3g2 \/ ds-2cd2xx7g2 que soporte acusense.<\/td>\n<\/tr>\n<tr>\n<td>Soporta hasta 8 canales con la tecnologa acusense lite humano y vehculo pero con deteccin de movimiento, no analticos realizado por cmaras ds-2cd1xx3g2 y ds-2cd1xx3g7g2 que soporte acusense lite.<\/td>\n<\/tr>\n<tr>\n<td>Poe con modo extendido:<\/td>\n<\/tr>\n<tr>\n<td>200 metros: serie 1 ds-2cd1xx3g0, ds-2cd1xx3g2, ds-2cd1xx7g2.<\/td>\n<\/tr>\n<tr>\n<td>250 metros: serie 2 en 2 megapixel ds-2cd2x23g2.<\/td>\n<\/tr>\n<tr>\n<td>300 metros: serie 2, serie 3 y serie 7 ds-2cd2xx3g2, ds-2cd2xx7g2, ds-2cd3xx3g2, ds-2cd3xx7g2, ids-7xx7, ids-2cd7xx5, ids-2cd7xx6.<\/td>\n<\/tr>\n<\/table>\n","protected":false},"excerpt":{"rendered":"<p>Compresin de video: h.265 \/ h.265 \/ h.264 \/ h.264. 8 puertos poe soporta estndar af \/ at. 75 watts total en sus puertos poe. Soporta mouse usb para operar incluido. Soporta 1 disco duro de hasta 8 tb no incluido. Soporta ddns hik-connect, dyndns, no-ip, etc. Soporta hik-connect p2p https:\/\/appstore.Hikvision.Com\/. Acceso remoto va telfono: android, iphone, ipad hik-connect. Compatibilidad con navegadores edge ietab, chrome. Compatible con el software ivms-4200 gratuito. Soporta mltiples marcas usando el protocolo onvif.<\/p>\n","protected":false},"featured_media":260415,"comment_status":"open","ping_status":"open","template":"","meta":[],"product_cat":[1768,1689],"product_tag":[1595],"acf":[],"yoast_head":"<!-- This site is optimized with the Yoast SEO plugin v21.7 - https:\/\/yoast.com\/wordpress\/plugins\/seo\/ -->\n<title>[ Hikvision ] &#129351; Ds-7608ni-q1\/8p(d) Nvr 8 Megapixel (4k) (compatible Con Camaras Acusense) \/ 8 Canales Ip \/ 8 Puertos Poe+ \/ 1 Bah\u00eda De Disco Duro \/ Salida De V\u00eddeo En 4k \/ 300 Metros Poe Modo Extendido<\/title>\n<meta name=\"description\" content=\"Compra Ds-7608ni-q1\/8p(d) Nvr 8 Megapixel (4k) (compatible Con Camaras Acusense) \/ 8 Canales Ip \/ 8 Puertos Poe+ \/ 1 Bah\u00eda De Disco Duro \/ Salida De V\u00eddeo En 4k \/ 300 Metros Poe Modo Extendido + Env\u00edo a domicilio + Pago seguro + Garant\u00eda\" \/>\n<meta name=\"robots\" content=\"index, follow, max-snippet:-1, max-image-preview:large, max-video-preview:-1\" \/>\n<link rel=\"canonical\" href=\"https:\/\/compuviper.mx\/tienda\/producto\/hikvision-ds-7608ni-q1-8pd-nvr-8-megapixel-4k-compatible-con-camaras-acusense-8-canales-ip-8-puertos-poe-1-baha-de-disco-duro-salida-de-vdeo-en-4k-300-metros-poe-modo-extendido\/\" \/>\n<meta property=\"og:locale\" content=\"es_MX\" \/>\n<meta property=\"og:type\" content=\"article\" \/>\n<meta property=\"og:title\" content=\"[ Hikvision ] &#129351; Ds-7608ni-q1\/8p(d) Nvr 8 Megapixel (4k) (compatible Con Camaras Acusense) \/ 8 Canales Ip \/ 8 Puertos Poe+ \/ 1 Bah\u00eda De Disco Duro \/ Salida De V\u00eddeo En 4k \/ 300 Metros Poe Modo Extendido\" \/>\n<meta property=\"og:description\" content=\"Compra Ds-7608ni-q1\/8p(d) Nvr 8 Megapixel (4k) (compatible Con Camaras Acusense) \/ 8 Canales Ip \/ 8 Puertos Poe+ \/ 1 Bah\u00eda De Disco Duro \/ Salida De V\u00eddeo En 4k \/ 300 Metros Poe Modo Extendido + Env\u00edo a domicilio + Pago seguro + Garant\u00eda\" \/>\n<meta property=\"og:url\" content=\"https:\/\/compuviper.mx\/tienda\/producto\/hikvision-ds-7608ni-q1-8pd-nvr-8-megapixel-4k-compatible-con-camaras-acusense-8-canales-ip-8-puertos-poe-1-baha-de-disco-duro-salida-de-vdeo-en-4k-300-metros-poe-modo-extendido\/\" \/>\n<meta property=\"og:site_name\" content=\"Compuviper\" \/>\n<meta property=\"article:publisher\" content=\"https:\/\/www.facebook.com\/compuviper\" \/>\n<meta property=\"article:modified_time\" content=\"2026-04-11T07:22:40+00:00\" \/>\n<meta property=\"og:image\" content=\"https:\/\/compuviper.mx\/tienda\/wp-content\/uploads\/2025\/10\/Nvr-8-megapixel-4k-compatible-con-camaras-acusense-8-canales-ip-8-puertos-poe-1-bahia-de-disco-duro-salida-de-video-en-4k-300-metros-poe-modo-extendido.jpg\" \/>\n\t<meta property=\"og:image:width\" content=\"200\" \/>\n\t<meta property=\"og:image:height\" content=\"200\" \/>\n\t<meta property=\"og:image:type\" content=\"image\/jpeg\" \/>\n<meta name=\"twitter:card\" content=\"summary_large_image\" \/>\n<meta name=\"twitter:label1\" content=\"Precio\" \/>\n\t<meta name=\"twitter:data1\" content=\"&#36;2,549 con IVA\" \/>\n\t<meta name=\"twitter:label2\" content=\"Availability\" \/>\n\t<meta name=\"twitter:data2\" content=\"On backorder\" \/>\n<script type=\"application\/ld+json\" class=\"yoast-schema-graph\">{\"@context\":\"https:\/\/schema.org\",\"@graph\":[{\"@type\":\"WebPage\",\"@id\":\"https:\/\/compuviper.mx\/tienda\/producto\/hikvision-ds-7608ni-q1-8pd-nvr-8-megapixel-4k-compatible-con-camaras-acusense-8-canales-ip-8-puertos-poe-1-baha-de-disco-duro-salida-de-vdeo-en-4k-300-metros-poe-modo-extendido\/\",\"url\":\"https:\/\/compuviper.mx\/tienda\/producto\/hikvision-ds-7608ni-q1-8pd-nvr-8-megapixel-4k-compatible-con-camaras-acusense-8-canales-ip-8-puertos-poe-1-baha-de-disco-duro-salida-de-vdeo-en-4k-300-metros-poe-modo-extendido\/\",\"name\":\"[ Hikvision ] &#129351; Ds-7608ni-q1\/8p(d) Nvr 8 Megapixel (4k) (compatible Con Camaras Acusense) \/ 8 Canales Ip \/ 8 Puertos Poe+ \/ 1 Bah\u00eda De Disco Duro \/ Salida De V\u00eddeo En 4k \/ 300 Metros Poe Modo Extendido\",\"isPartOf\":{\"@id\":\"https:\/\/compuviper.mx\/tienda\/#website\"},\"datePublished\":\"2026-04-11T07:22:39+00:00\",\"dateModified\":\"2026-04-11T07:22:40+00:00\",\"description\":\"Compra Ds-7608ni-q1\/8p(d) Nvr 8 Megapixel (4k) (compatible Con Camaras Acusense) \/ 8 Canales Ip \/ 8 Puertos Poe+ \/ 1 Bah\u00eda De Disco Duro \/ Salida De V\u00eddeo En 4k \/ 300 Metros Poe Modo Extendido + Env\u00edo a domicilio + Pago seguro + Garant\u00eda\",\"breadcrumb\":{\"@id\":\"https:\/\/compuviper.mx\/tienda\/producto\/hikvision-ds-7608ni-q1-8pd-nvr-8-megapixel-4k-compatible-con-camaras-acusense-8-canales-ip-8-puertos-poe-1-baha-de-disco-duro-salida-de-vdeo-en-4k-300-metros-poe-modo-extendido\/#breadcrumb\"},\"inLanguage\":\"es-MX\",\"potentialAction\":[{\"@type\":\"ReadAction\",\"target\":[\"https:\/\/compuviper.mx\/tienda\/producto\/hikvision-ds-7608ni-q1-8pd-nvr-8-megapixel-4k-compatible-con-camaras-acusense-8-canales-ip-8-puertos-poe-1-baha-de-disco-duro-salida-de-vdeo-en-4k-300-metros-poe-modo-extendido\/\"]}]},{\"@type\":\"BreadcrumbList\",\"@id\":\"https:\/\/compuviper.mx\/tienda\/producto\/hikvision-ds-7608ni-q1-8pd-nvr-8-megapixel-4k-compatible-con-camaras-acusense-8-canales-ip-8-puertos-poe-1-baha-de-disco-duro-salida-de-vdeo-en-4k-300-metros-poe-modo-extendido\/#breadcrumb\",\"itemListElement\":[{\"@type\":\"ListItem\",\"position\":1,\"name\":\"Inicio\",\"item\":\"https:\/\/compuviper.mx\/tienda\/\"},{\"@type\":\"ListItem\",\"position\":2,\"name\":\"Productos\",\"item\":\"https:\/\/compuviper.mx\/tienda\/productos\/\"},{\"@type\":\"ListItem\",\"position\":3,\"name\":\"Videograbadores\",\"item\":\"https:\/\/compuviper.mx\/tienda\/categoria-producto\/videograbadores\/\"},{\"@type\":\"ListItem\",\"position\":4,\"name\":\"Nvr\",\"item\":\"https:\/\/compuviper.mx\/tienda\/categoria-producto\/videograbadores\/nvr\/\"},{\"@type\":\"ListItem\",\"position\":5,\"name\":\"Hikvision Ds-7608ni-q1\/8p(d) Nvr 8 Megapixel (4k) (compatible Con Camaras Acusense) \/ 8 Canales Ip \/ 8 Puertos Poe+ \/ 1 Bah?a De Disco Duro \/ Salida De V?deo En 4k \/ 300 Metros Poe Modo Extendido\"}]},{\"@type\":\"WebSite\",\"@id\":\"https:\/\/compuviper.mx\/tienda\/#website\",\"url\":\"https:\/\/compuviper.mx\/tienda\/\",\"name\":\"Compuviper\",\"description\":\"Proveedor de Computadoras, Laptops, Servidores, Monitores, Puntos de Venta, Teclados,   Impresoras, T\u00f3ner, C\u00e1maras de Seguridad y m\u00e1s en tu tienda en l\u00ednea\",\"publisher\":{\"@id\":\"https:\/\/compuviper.mx\/tienda\/#organization\"},\"potentialAction\":[{\"@type\":\"SearchAction\",\"target\":{\"@type\":\"EntryPoint\",\"urlTemplate\":\"https:\/\/compuviper.mx\/tienda\/?s={search_term_string}\"},\"query-input\":\"required name=search_term_string\"}],\"inLanguage\":\"es-MX\"},{\"@type\":\"Organization\",\"@id\":\"https:\/\/compuviper.mx\/tienda\/#organization\",\"name\":\"Compuviper\",\"url\":\"https:\/\/compuviper.mx\/tienda\/\",\"logo\":{\"@type\":\"ImageObject\",\"inLanguage\":\"es-MX\",\"@id\":\"https:\/\/compuviper.mx\/tienda\/#\/schema\/logo\/image\/\",\"url\":\"https:\/\/compuviper.mx\/tienda\/wp-content\/uploads\/2021\/08\/Logo-Compuviper-10.png\",\"contentUrl\":\"https:\/\/compuviper.mx\/tienda\/wp-content\/uploads\/2021\/08\/Logo-Compuviper-10.png\",\"width\":1000,\"height\":500,\"caption\":\"Compuviper\"},\"image\":{\"@id\":\"https:\/\/compuviper.mx\/tienda\/#\/schema\/logo\/image\/\"},\"sameAs\":[\"https:\/\/www.facebook.com\/compuviper\",\"https:\/\/www.youtube.com\/channel\/UCf73dERp9Y3cfOq7q8BhLjA?view_as=subscriber\"]}]}<\/script>\n<meta property=\"product:brand\" content=\"HIKVISION\" \/>\n<meta property=\"product:price:amount\" content=\"2549\" \/>\n<meta property=\"product:price:currency\" content=\"MXN\" \/>\n<meta property=\"og:availability\" content=\"backorder\" \/>\n<meta property=\"product:availability\" content=\"available for order\" \/>\n<meta property=\"product:retailer_item_id\" content=\"DS-7608NI-Q1\/8P(D)\" \/>\n<meta property=\"product:condition\" content=\"new\" \/>\n<!-- \/ Yoast SEO plugin. -->","yoast_head_json":{"title":"[ Hikvision ] &#129351; Ds-7608ni-q1\/8p(d) Nvr 8 Megapixel (4k) (compatible Con Camaras Acusense) \/ 8 Canales Ip \/ 8 Puertos Poe+ \/ 1 Bah\u00eda De Disco Duro \/ Salida De V\u00eddeo En 4k \/ 300 Metros Poe Modo Extendido","description":"Compra Ds-7608ni-q1\/8p(d) Nvr 8 Megapixel (4k) (compatible Con Camaras Acusense) \/ 8 Canales Ip \/ 8 Puertos Poe+ \/ 1 Bah\u00eda De Disco Duro \/ Salida De V\u00eddeo En 4k \/ 300 Metros Poe Modo Extendido + Env\u00edo a domicilio + Pago seguro + Garant\u00eda","robots":{"index":"index","follow":"follow","max-snippet":"max-snippet:-1","max-image-preview":"max-image-preview:large","max-video-preview":"max-video-preview:-1"},"canonical":"https:\/\/compuviper.mx\/tienda\/producto\/hikvision-ds-7608ni-q1-8pd-nvr-8-megapixel-4k-compatible-con-camaras-acusense-8-canales-ip-8-puertos-poe-1-baha-de-disco-duro-salida-de-vdeo-en-4k-300-metros-poe-modo-extendido\/","og_locale":"es_MX","og_type":"article","og_title":"[ Hikvision ] &#129351; Ds-7608ni-q1\/8p(d) Nvr 8 Megapixel (4k) (compatible Con Camaras Acusense) \/ 8 Canales Ip \/ 8 Puertos Poe+ \/ 1 Bah\u00eda De Disco Duro \/ Salida De V\u00eddeo En 4k \/ 300 Metros Poe Modo Extendido","og_description":"Compra Ds-7608ni-q1\/8p(d) Nvr 8 Megapixel (4k) (compatible Con Camaras Acusense) \/ 8 Canales Ip \/ 8 Puertos Poe+ \/ 1 Bah\u00eda De Disco Duro \/ Salida De V\u00eddeo En 4k \/ 300 Metros Poe Modo Extendido + Env\u00edo a domicilio + Pago seguro + Garant\u00eda","og_url":"https:\/\/compuviper.mx\/tienda\/producto\/hikvision-ds-7608ni-q1-8pd-nvr-8-megapixel-4k-compatible-con-camaras-acusense-8-canales-ip-8-puertos-poe-1-baha-de-disco-duro-salida-de-vdeo-en-4k-300-metros-poe-modo-extendido\/","og_site_name":"Compuviper","article_publisher":"https:\/\/www.facebook.com\/compuviper","article_modified_time":"2026-04-11T07:22:40+00:00","og_image":[{"width":200,"height":200,"url":"https:\/\/compuviper.mx\/tienda\/wp-content\/uploads\/2025\/10\/Nvr-8-megapixel-4k-compatible-con-camaras-acusense-8-canales-ip-8-puertos-poe-1-bahia-de-disco-duro-salida-de-video-en-4k-300-metros-poe-modo-extendido.jpg","type":"image\/jpeg"}],"twitter_card":"summary_large_image","twitter_misc":{"Precio":"&#36;2,549 con IVA","Availability":"On backorder"},"schema":{"@context":"https:\/\/schema.org","@graph":[{"@type":"WebPage","@id":"https:\/\/compuviper.mx\/tienda\/producto\/hikvision-ds-7608ni-q1-8pd-nvr-8-megapixel-4k-compatible-con-camaras-acusense-8-canales-ip-8-puertos-poe-1-baha-de-disco-duro-salida-de-vdeo-en-4k-300-metros-poe-modo-extendido\/","url":"https:\/\/compuviper.mx\/tienda\/producto\/hikvision-ds-7608ni-q1-8pd-nvr-8-megapixel-4k-compatible-con-camaras-acusense-8-canales-ip-8-puertos-poe-1-baha-de-disco-duro-salida-de-vdeo-en-4k-300-metros-poe-modo-extendido\/","name":"[ Hikvision ] &#129351; Ds-7608ni-q1\/8p(d) Nvr 8 Megapixel (4k) (compatible Con Camaras Acusense) \/ 8 Canales Ip \/ 8 Puertos Poe+ \/ 1 Bah\u00eda De Disco Duro \/ Salida De V\u00eddeo En 4k \/ 300 Metros Poe Modo Extendido","isPartOf":{"@id":"https:\/\/compuviper.mx\/tienda\/#website"},"datePublished":"2026-04-11T07:22:39+00:00","dateModified":"2026-04-11T07:22:40+00:00","description":"Compra Ds-7608ni-q1\/8p(d) Nvr 8 Megapixel (4k) (compatible Con Camaras Acusense) \/ 8 Canales Ip \/ 8 Puertos Poe+ \/ 1 Bah\u00eda De Disco Duro \/ Salida De V\u00eddeo En 4k \/ 300 Metros Poe Modo Extendido + Env\u00edo a domicilio + Pago seguro + Garant\u00eda","breadcrumb":{"@id":"https:\/\/compuviper.mx\/tienda\/producto\/hikvision-ds-7608ni-q1-8pd-nvr-8-megapixel-4k-compatible-con-camaras-acusense-8-canales-ip-8-puertos-poe-1-baha-de-disco-duro-salida-de-vdeo-en-4k-300-metros-poe-modo-extendido\/#breadcrumb"},"inLanguage":"es-MX","potentialAction":[{"@type":"ReadAction","target":["https:\/\/compuviper.mx\/tienda\/producto\/hikvision-ds-7608ni-q1-8pd-nvr-8-megapixel-4k-compatible-con-camaras-acusense-8-canales-ip-8-puertos-poe-1-baha-de-disco-duro-salida-de-vdeo-en-4k-300-metros-poe-modo-extendido\/"]}]},{"@type":"BreadcrumbList","@id":"https:\/\/compuviper.mx\/tienda\/producto\/hikvision-ds-7608ni-q1-8pd-nvr-8-megapixel-4k-compatible-con-camaras-acusense-8-canales-ip-8-puertos-poe-1-baha-de-disco-duro-salida-de-vdeo-en-4k-300-metros-poe-modo-extendido\/#breadcrumb","itemListElement":[{"@type":"ListItem","position":1,"name":"Inicio","item":"https:\/\/compuviper.mx\/tienda\/"},{"@type":"ListItem","position":2,"name":"Productos","item":"https:\/\/compuviper.mx\/tienda\/productos\/"},{"@type":"ListItem","position":3,"name":"Videograbadores","item":"https:\/\/compuviper.mx\/tienda\/categoria-producto\/videograbadores\/"},{"@type":"ListItem","position":4,"name":"Nvr","item":"https:\/\/compuviper.mx\/tienda\/categoria-producto\/videograbadores\/nvr\/"},{"@type":"ListItem","position":5,"name":"Hikvision Ds-7608ni-q1\/8p(d) Nvr 8 Megapixel (4k) (compatible Con Camaras Acusense) \/ 8 Canales Ip \/ 8 Puertos Poe+ \/ 1 Bah?a De Disco Duro \/ Salida De V?deo En 4k \/ 300 Metros Poe Modo Extendido"}]},{"@type":"WebSite","@id":"https:\/\/compuviper.mx\/tienda\/#website","url":"https:\/\/compuviper.mx\/tienda\/","name":"Compuviper","description":"Proveedor de Computadoras, Laptops, Servidores, Monitores, Puntos de Venta, Teclados,   Impresoras, T\u00f3ner, C\u00e1maras de Seguridad y m\u00e1s en tu tienda en l\u00ednea","publisher":{"@id":"https:\/\/compuviper.mx\/tienda\/#organization"},"potentialAction":[{"@type":"SearchAction","target":{"@type":"EntryPoint","urlTemplate":"https:\/\/compuviper.mx\/tienda\/?s={search_term_string}"},"query-input":"required name=search_term_string"}],"inLanguage":"es-MX"},{"@type":"Organization","@id":"https:\/\/compuviper.mx\/tienda\/#organization","name":"Compuviper","url":"https:\/\/compuviper.mx\/tienda\/","logo":{"@type":"ImageObject","inLanguage":"es-MX","@id":"https:\/\/compuviper.mx\/tienda\/#\/schema\/logo\/image\/","url":"https:\/\/compuviper.mx\/tienda\/wp-content\/uploads\/2021\/08\/Logo-Compuviper-10.png","contentUrl":"https:\/\/compuviper.mx\/tienda\/wp-content\/uploads\/2021\/08\/Logo-Compuviper-10.png","width":1000,"height":500,"caption":"Compuviper"},"image":{"@id":"https:\/\/compuviper.mx\/tienda\/#\/schema\/logo\/image\/"},"sameAs":["https:\/\/www.facebook.com\/compuviper","https:\/\/www.youtube.com\/channel\/UCf73dERp9Y3cfOq7q8BhLjA?view_as=subscriber"]}]},"product_brand":"HIKVISION","product_price_amount":"2549","product_price_currency":"MXN","og_availability":"backorder","product_availability":"available for order","product_retailer_item_id":"DS-7608NI-Q1\/8P(D)","product_condition":"new"},"_links":{"self":[{"href":"https:\/\/compuviper.mx\/tienda\/wp-json\/wp\/v2\/product\/247478"}],"collection":[{"href":"https:\/\/compuviper.mx\/tienda\/wp-json\/wp\/v2\/product"}],"about":[{"href":"https:\/\/compuviper.mx\/tienda\/wp-json\/wp\/v2\/types\/product"}],"replies":[{"embeddable":true,"href":"https:\/\/compuviper.mx\/tienda\/wp-json\/wp\/v2\/comments?post=247478"}],"wp:featuredmedia":[{"embeddable":true,"href":"https:\/\/compuviper.mx\/tienda\/wp-json\/wp\/v2\/media\/260415"}],"wp:attachment":[{"href":"https:\/\/compuviper.mx\/tienda\/wp-json\/wp\/v2\/media?parent=247478"}],"wp:term":[{"taxonomy":"product_cat","embeddable":true,"href":"https:\/\/compuviper.mx\/tienda\/wp-json\/wp\/v2\/product_cat?post=247478"},{"taxonomy":"product_tag","embeddable":true,"href":"https:\/\/compuviper.mx\/tienda\/wp-json\/wp\/v2\/product_tag?post=247478"}],"curies":[{"name":"wp","href":"https:\/\/api.w.org\/{rel}","templated":true}]}}