{"id":247477,"date":"2026-04-11T01:22:25","date_gmt":"2026-04-11T07:22:25","guid":{"rendered":"https:\/\/compuviper.mx\/tienda\/producto\/hikvision-nvr-108h-d-8pd-nvr-4-megapixel-compatible-con-cmaras-acusense-8-canales-ip-8-puertos-poe-1-baha-de-disco-duro-salida-en-full-hd\/"},"modified":"2026-04-11T01:22:25","modified_gmt":"2026-04-11T07:22:25","slug":"hikvision-nvr-108h-d-8pd-nvr-4-megapixel-compatible-con-cmaras-acusense-8-canales-ip-8-puertos-poe-1-baha-de-disco-duro-salida-en-full-hd","status":"publish","type":"product","link":"https:\/\/compuviper.mx\/tienda\/producto\/hikvision-nvr-108h-d-8pd-nvr-4-megapixel-compatible-con-cmaras-acusense-8-canales-ip-8-puertos-poe-1-baha-de-disco-duro-salida-en-full-hd\/","title":{"rendered":"Hikvision Nvr-108h-d\/8p(d) Nvr 4 Megapixel (compatible Con C?maras Acusense) \/ 8 Canales Ip \/ 8 Puertos Poe+ \/ 1 Bah?a De Disco Duro \/ Salida En Full Hd"},"content":{"rendered":"<table class=\"descripcion\">\n<tr>\n<td>Caractersticas principales:<\/td>\n<\/tr>\n<tr>\n<td>Compresin: h.265 \/ h.265 \/ h.264 \/ h.264.<\/td>\n<\/tr>\n<tr>\n<td>8 puertos poe soporta estndar af \/ at.<\/td>\n<\/tr>\n<tr>\n<td>75 watts total en sus puertos poe.<\/td>\n<\/tr>\n<tr>\n<td>Puerto lan 10 \/ 100 mbps.<\/td>\n<\/tr>\n<tr>\n<td>Salidas de video simultnea en vga y hdmi 1080p.<\/td>\n<\/tr>\n<tr>\n<td>Soporta 1 hdd de hasta 6 tb no incluido. conexion de disco duro directo en tablilla, no requiere cables.<\/td>\n<\/tr>\n<tr>\n<td>Procesamiento de entrada: 60 mbps.<\/td>\n<\/tr>\n<tr>\n<td>Procesamiento de salida: 60 mbps.<\/td>\n<\/tr>\n<tr>\n<td>Compatible con hik-connect p2p https:\/\/appstore.hikvision.com\/.<\/td>\n<\/tr>\n<tr>\n<td>Configuracin local y remota de parmetros.<\/td>\n<\/tr>\n<tr>\n<td>Aplicacin mvil compatible con ios y android.<\/td>\n<\/tr>\n<tr>\n<td>Compatible con el software ivms-4200 gratuito.<\/td>\n<\/tr>\n<tr>\n<td>No soporta host virtual.<\/td>\n<\/tr>\n<tr>\n<td>Caractersticas fsicas y elctricas:<\/td>\n<\/tr>\n<tr>\n<td>Alimentacin y consumo: 48 vcc \/ 90 watts.<\/td>\n<\/tr>\n<tr>\n<td>Dimensiones: 285 x 215 x 48 mm.<\/td>\n<\/tr>\n<tr>\n<td>Consume 1 unidad de rack.<\/td>\n<\/tr>\n<tr>\n<td>Peso: 1 kg sin hdd.<\/td>\n<\/tr>\n<tr>\n<td>Caractersticas destacadas:<\/td>\n<\/tr>\n<tr>\n<td>Soporta cmaras con acusense filtro de falsas alarmas:<\/td>\n<\/tr>\n<tr>\n<td>Con tecnologa acusense podemos evitar falsas alarmas como movimiento de arboles, animales, etc.<\/td>\n<\/tr>\n<tr>\n<td>Al activar la tecnologa acusense en las cmaras solo detectar cuerpo humano y vehculos para identificar eventos realmente importantes y as eliminar falsas alarmas.<\/td>\n<\/tr>\n<tr>\n<td>Soporta hasta 8 canales con la tecnologa acusense utilizando cmaras:  ds-2cd3xx \/ ds-2cd2xx3g2 \/ ds-2cd2xx7g2 que soporte acusense.<\/td>\n<\/tr>\n<tr>\n<td>Soporta hasta 8 canales con la tecnologa acusense lite humano y vehiculo pero con deteccion de movimiento, no analiticos usando cmaras ds-2cd1xx3g2 y ds-2cd1xx3g7g2 que soporte acusense lite.<\/td>\n<\/tr>\n<\/table>\n","protected":false},"excerpt":{"rendered":"<p>Compresin: h.265 \/ h.265 \/ h.264 \/ h.264. 8 puertos poe soporta estndar af \/ at. 75 watts total en sus puertos poe. Puerto lan 10 \/ 100 mbps. Salidas de video simultnea en vga y hdmi 1080p. Soporta 1 hdd de hasta 6 tb no incluido. Conexion de disco duro directo en tablilla, no requiere cables. Procesamiento de entrada: 60 mbps. Procesamiento de salida: 60 mbps. Compatible con hik-connect p2p https:\/\/appstore.Hikvision.Com\/. Configuracin local y remota de parmetros. Aplicacin mvil compatible con ios y android. Compatible con el software ivms-4200 gratuito. No soporta host virtual.<\/p>\n","protected":false},"featured_media":247729,"comment_status":"open","ping_status":"open","template":"","meta":[],"product_cat":[1768,1689],"product_tag":[1595],"acf":[],"yoast_head":"<!-- This site is optimized with the Yoast SEO plugin v21.7 - https:\/\/yoast.com\/wordpress\/plugins\/seo\/ -->\n<title>[ Hikvision ] &#129351; Nvr-108h-d\/8p(d) Nvr 4 Megapixel (compatible Con C\u00e1maras Acusense) \/ 8 Canales Ip \/ 8 Puertos Poe+ \/ 1 Bah\u00eda De Disco Duro \/ Salida En Full Hd<\/title>\n<meta name=\"description\" content=\"Compra Nvr-108h-d\/8p(d) Nvr 4 Megapixel (compatible Con C\u00e1maras Acusense) \/ 8 Canales Ip \/ 8 Puertos Poe+ \/ 1 Bah\u00eda De Disco Duro \/ Salida En Full Hd + Env\u00edo a domicilio + Pago seguro + Garant\u00eda\" \/>\n<meta name=\"robots\" content=\"index, follow, max-snippet:-1, max-image-preview:large, max-video-preview:-1\" \/>\n<link rel=\"canonical\" href=\"https:\/\/compuviper.mx\/tienda\/producto\/hikvision-nvr-108h-d-8pd-nvr-4-megapixel-compatible-con-cmaras-acusense-8-canales-ip-8-puertos-poe-1-baha-de-disco-duro-salida-en-full-hd\/\" \/>\n<meta property=\"og:locale\" content=\"es_MX\" \/>\n<meta property=\"og:type\" content=\"article\" \/>\n<meta property=\"og:title\" content=\"[ Hikvision ] &#129351; Nvr-108h-d\/8p(d) Nvr 4 Megapixel (compatible Con C\u00e1maras Acusense) \/ 8 Canales Ip \/ 8 Puertos Poe+ \/ 1 Bah\u00eda De Disco Duro \/ Salida En Full Hd\" \/>\n<meta property=\"og:description\" content=\"Compra Nvr-108h-d\/8p(d) Nvr 4 Megapixel (compatible Con C\u00e1maras Acusense) \/ 8 Canales Ip \/ 8 Puertos Poe+ \/ 1 Bah\u00eda De Disco Duro \/ Salida En Full Hd + Env\u00edo a domicilio + Pago seguro + Garant\u00eda\" \/>\n<meta property=\"og:url\" content=\"https:\/\/compuviper.mx\/tienda\/producto\/hikvision-nvr-108h-d-8pd-nvr-4-megapixel-compatible-con-cmaras-acusense-8-canales-ip-8-puertos-poe-1-baha-de-disco-duro-salida-en-full-hd\/\" \/>\n<meta property=\"og:site_name\" content=\"Compuviper\" \/>\n<meta property=\"article:publisher\" content=\"https:\/\/www.facebook.com\/compuviper\" \/>\n<meta property=\"og:image\" content=\"https:\/\/compuviper.mx\/tienda\/wp-content\/uploads\/2025\/01\/Nvr-4-megapixel-compatible-con-camaras-acusense-8-canales-ip-8-puertos-poe-1-bahia-de-disco-duro-salida-en-full-hd.jpg\" \/>\n\t<meta property=\"og:image:width\" content=\"200\" \/>\n\t<meta property=\"og:image:height\" content=\"200\" \/>\n\t<meta property=\"og:image:type\" content=\"image\/jpeg\" \/>\n<meta name=\"twitter:card\" content=\"summary_large_image\" \/>\n<meta name=\"twitter:label1\" content=\"Precio\" \/>\n\t<meta name=\"twitter:data1\" content=\"&#36;1,926 con IVA\" \/>\n\t<meta name=\"twitter:label2\" content=\"Availability\" \/>\n\t<meta name=\"twitter:data2\" content=\"On backorder\" \/>\n<script type=\"application\/ld+json\" class=\"yoast-schema-graph\">{\"@context\":\"https:\/\/schema.org\",\"@graph\":[{\"@type\":\"WebPage\",\"@id\":\"https:\/\/compuviper.mx\/tienda\/producto\/hikvision-nvr-108h-d-8pd-nvr-4-megapixel-compatible-con-cmaras-acusense-8-canales-ip-8-puertos-poe-1-baha-de-disco-duro-salida-en-full-hd\/\",\"url\":\"https:\/\/compuviper.mx\/tienda\/producto\/hikvision-nvr-108h-d-8pd-nvr-4-megapixel-compatible-con-cmaras-acusense-8-canales-ip-8-puertos-poe-1-baha-de-disco-duro-salida-en-full-hd\/\",\"name\":\"[ Hikvision ] &#129351; Nvr-108h-d\/8p(d) Nvr 4 Megapixel (compatible Con C\u00e1maras Acusense) \/ 8 Canales Ip \/ 8 Puertos Poe+ \/ 1 Bah\u00eda De Disco Duro \/ Salida En Full Hd\",\"isPartOf\":{\"@id\":\"https:\/\/compuviper.mx\/tienda\/#website\"},\"datePublished\":\"2026-04-11T07:22:25+00:00\",\"dateModified\":\"2026-04-11T07:22:25+00:00\",\"description\":\"Compra Nvr-108h-d\/8p(d) Nvr 4 Megapixel (compatible Con C\u00e1maras Acusense) \/ 8 Canales Ip \/ 8 Puertos Poe+ \/ 1 Bah\u00eda De Disco Duro \/ Salida En Full Hd + Env\u00edo a domicilio + Pago seguro + Garant\u00eda\",\"breadcrumb\":{\"@id\":\"https:\/\/compuviper.mx\/tienda\/producto\/hikvision-nvr-108h-d-8pd-nvr-4-megapixel-compatible-con-cmaras-acusense-8-canales-ip-8-puertos-poe-1-baha-de-disco-duro-salida-en-full-hd\/#breadcrumb\"},\"inLanguage\":\"es-MX\",\"potentialAction\":[{\"@type\":\"ReadAction\",\"target\":[\"https:\/\/compuviper.mx\/tienda\/producto\/hikvision-nvr-108h-d-8pd-nvr-4-megapixel-compatible-con-cmaras-acusense-8-canales-ip-8-puertos-poe-1-baha-de-disco-duro-salida-en-full-hd\/\"]}]},{\"@type\":\"BreadcrumbList\",\"@id\":\"https:\/\/compuviper.mx\/tienda\/producto\/hikvision-nvr-108h-d-8pd-nvr-4-megapixel-compatible-con-cmaras-acusense-8-canales-ip-8-puertos-poe-1-baha-de-disco-duro-salida-en-full-hd\/#breadcrumb\",\"itemListElement\":[{\"@type\":\"ListItem\",\"position\":1,\"name\":\"Inicio\",\"item\":\"https:\/\/compuviper.mx\/tienda\/\"},{\"@type\":\"ListItem\",\"position\":2,\"name\":\"Productos\",\"item\":\"https:\/\/compuviper.mx\/tienda\/productos\/\"},{\"@type\":\"ListItem\",\"position\":3,\"name\":\"Videograbadores\",\"item\":\"https:\/\/compuviper.mx\/tienda\/categoria-producto\/videograbadores\/\"},{\"@type\":\"ListItem\",\"position\":4,\"name\":\"Nvr\",\"item\":\"https:\/\/compuviper.mx\/tienda\/categoria-producto\/videograbadores\/nvr\/\"},{\"@type\":\"ListItem\",\"position\":5,\"name\":\"Hikvision Nvr-108h-d\/8p(d) Nvr 4 Megapixel (compatible Con C?maras Acusense) \/ 8 Canales Ip \/ 8 Puertos Poe+ \/ 1 Bah?a De Disco Duro \/ Salida En Full Hd\"}]},{\"@type\":\"WebSite\",\"@id\":\"https:\/\/compuviper.mx\/tienda\/#website\",\"url\":\"https:\/\/compuviper.mx\/tienda\/\",\"name\":\"Compuviper\",\"description\":\"Proveedor de Computadoras, Laptops, Servidores, Monitores, Puntos de Venta, Teclados,   Impresoras, T\u00f3ner, C\u00e1maras de Seguridad y m\u00e1s en tu tienda en l\u00ednea\",\"publisher\":{\"@id\":\"https:\/\/compuviper.mx\/tienda\/#organization\"},\"potentialAction\":[{\"@type\":\"SearchAction\",\"target\":{\"@type\":\"EntryPoint\",\"urlTemplate\":\"https:\/\/compuviper.mx\/tienda\/?s={search_term_string}\"},\"query-input\":\"required name=search_term_string\"}],\"inLanguage\":\"es-MX\"},{\"@type\":\"Organization\",\"@id\":\"https:\/\/compuviper.mx\/tienda\/#organization\",\"name\":\"Compuviper\",\"url\":\"https:\/\/compuviper.mx\/tienda\/\",\"logo\":{\"@type\":\"ImageObject\",\"inLanguage\":\"es-MX\",\"@id\":\"https:\/\/compuviper.mx\/tienda\/#\/schema\/logo\/image\/\",\"url\":\"https:\/\/compuviper.mx\/tienda\/wp-content\/uploads\/2021\/08\/Logo-Compuviper-10.png\",\"contentUrl\":\"https:\/\/compuviper.mx\/tienda\/wp-content\/uploads\/2021\/08\/Logo-Compuviper-10.png\",\"width\":1000,\"height\":500,\"caption\":\"Compuviper\"},\"image\":{\"@id\":\"https:\/\/compuviper.mx\/tienda\/#\/schema\/logo\/image\/\"},\"sameAs\":[\"https:\/\/www.facebook.com\/compuviper\",\"https:\/\/www.youtube.com\/channel\/UCf73dERp9Y3cfOq7q8BhLjA?view_as=subscriber\"]}]}<\/script>\n<meta property=\"product:brand\" content=\"HIKVISION\" \/>\n<meta property=\"product:price:amount\" content=\"1926\" \/>\n<meta property=\"product:price:currency\" content=\"MXN\" \/>\n<meta property=\"og:availability\" content=\"backorder\" \/>\n<meta property=\"product:availability\" content=\"available for order\" \/>\n<meta property=\"product:retailer_item_id\" content=\"NVR-108H-D\/8P(D)\" \/>\n<meta property=\"product:condition\" content=\"new\" \/>\n<!-- \/ Yoast SEO plugin. -->","yoast_head_json":{"title":"[ Hikvision ] &#129351; Nvr-108h-d\/8p(d) Nvr 4 Megapixel (compatible Con C\u00e1maras Acusense) \/ 8 Canales Ip \/ 8 Puertos Poe+ \/ 1 Bah\u00eda De Disco Duro \/ Salida En Full Hd","description":"Compra Nvr-108h-d\/8p(d) Nvr 4 Megapixel (compatible Con C\u00e1maras Acusense) \/ 8 Canales Ip \/ 8 Puertos Poe+ \/ 1 Bah\u00eda De Disco Duro \/ Salida En Full Hd + Env\u00edo a domicilio + Pago seguro + Garant\u00eda","robots":{"index":"index","follow":"follow","max-snippet":"max-snippet:-1","max-image-preview":"max-image-preview:large","max-video-preview":"max-video-preview:-1"},"canonical":"https:\/\/compuviper.mx\/tienda\/producto\/hikvision-nvr-108h-d-8pd-nvr-4-megapixel-compatible-con-cmaras-acusense-8-canales-ip-8-puertos-poe-1-baha-de-disco-duro-salida-en-full-hd\/","og_locale":"es_MX","og_type":"article","og_title":"[ Hikvision ] &#129351; Nvr-108h-d\/8p(d) Nvr 4 Megapixel (compatible Con C\u00e1maras Acusense) \/ 8 Canales Ip \/ 8 Puertos Poe+ \/ 1 Bah\u00eda De Disco Duro \/ Salida En Full Hd","og_description":"Compra Nvr-108h-d\/8p(d) Nvr 4 Megapixel (compatible Con C\u00e1maras Acusense) \/ 8 Canales Ip \/ 8 Puertos Poe+ \/ 1 Bah\u00eda De Disco Duro \/ Salida En Full Hd + Env\u00edo a domicilio + Pago seguro + Garant\u00eda","og_url":"https:\/\/compuviper.mx\/tienda\/producto\/hikvision-nvr-108h-d-8pd-nvr-4-megapixel-compatible-con-cmaras-acusense-8-canales-ip-8-puertos-poe-1-baha-de-disco-duro-salida-en-full-hd\/","og_site_name":"Compuviper","article_publisher":"https:\/\/www.facebook.com\/compuviper","og_image":[{"width":200,"height":200,"url":"https:\/\/compuviper.mx\/tienda\/wp-content\/uploads\/2025\/01\/Nvr-4-megapixel-compatible-con-camaras-acusense-8-canales-ip-8-puertos-poe-1-bahia-de-disco-duro-salida-en-full-hd.jpg","type":"image\/jpeg"}],"twitter_card":"summary_large_image","twitter_misc":{"Precio":"&#36;1,926 con IVA","Availability":"On backorder"},"schema":{"@context":"https:\/\/schema.org","@graph":[{"@type":"WebPage","@id":"https:\/\/compuviper.mx\/tienda\/producto\/hikvision-nvr-108h-d-8pd-nvr-4-megapixel-compatible-con-cmaras-acusense-8-canales-ip-8-puertos-poe-1-baha-de-disco-duro-salida-en-full-hd\/","url":"https:\/\/compuviper.mx\/tienda\/producto\/hikvision-nvr-108h-d-8pd-nvr-4-megapixel-compatible-con-cmaras-acusense-8-canales-ip-8-puertos-poe-1-baha-de-disco-duro-salida-en-full-hd\/","name":"[ Hikvision ] &#129351; Nvr-108h-d\/8p(d) Nvr 4 Megapixel (compatible Con C\u00e1maras Acusense) \/ 8 Canales Ip \/ 8 Puertos Poe+ \/ 1 Bah\u00eda De Disco Duro \/ Salida En Full Hd","isPartOf":{"@id":"https:\/\/compuviper.mx\/tienda\/#website"},"datePublished":"2026-04-11T07:22:25+00:00","dateModified":"2026-04-11T07:22:25+00:00","description":"Compra Nvr-108h-d\/8p(d) Nvr 4 Megapixel (compatible Con C\u00e1maras Acusense) \/ 8 Canales Ip \/ 8 Puertos Poe+ \/ 1 Bah\u00eda De Disco Duro \/ Salida En Full Hd + Env\u00edo a domicilio + Pago seguro + Garant\u00eda","breadcrumb":{"@id":"https:\/\/compuviper.mx\/tienda\/producto\/hikvision-nvr-108h-d-8pd-nvr-4-megapixel-compatible-con-cmaras-acusense-8-canales-ip-8-puertos-poe-1-baha-de-disco-duro-salida-en-full-hd\/#breadcrumb"},"inLanguage":"es-MX","potentialAction":[{"@type":"ReadAction","target":["https:\/\/compuviper.mx\/tienda\/producto\/hikvision-nvr-108h-d-8pd-nvr-4-megapixel-compatible-con-cmaras-acusense-8-canales-ip-8-puertos-poe-1-baha-de-disco-duro-salida-en-full-hd\/"]}]},{"@type":"BreadcrumbList","@id":"https:\/\/compuviper.mx\/tienda\/producto\/hikvision-nvr-108h-d-8pd-nvr-4-megapixel-compatible-con-cmaras-acusense-8-canales-ip-8-puertos-poe-1-baha-de-disco-duro-salida-en-full-hd\/#breadcrumb","itemListElement":[{"@type":"ListItem","position":1,"name":"Inicio","item":"https:\/\/compuviper.mx\/tienda\/"},{"@type":"ListItem","position":2,"name":"Productos","item":"https:\/\/compuviper.mx\/tienda\/productos\/"},{"@type":"ListItem","position":3,"name":"Videograbadores","item":"https:\/\/compuviper.mx\/tienda\/categoria-producto\/videograbadores\/"},{"@type":"ListItem","position":4,"name":"Nvr","item":"https:\/\/compuviper.mx\/tienda\/categoria-producto\/videograbadores\/nvr\/"},{"@type":"ListItem","position":5,"name":"Hikvision Nvr-108h-d\/8p(d) Nvr 4 Megapixel (compatible Con C?maras Acusense) \/ 8 Canales Ip \/ 8 Puertos Poe+ \/ 1 Bah?a De Disco Duro \/ Salida En Full Hd"}]},{"@type":"WebSite","@id":"https:\/\/compuviper.mx\/tienda\/#website","url":"https:\/\/compuviper.mx\/tienda\/","name":"Compuviper","description":"Proveedor de Computadoras, Laptops, Servidores, Monitores, Puntos de Venta, Teclados,   Impresoras, T\u00f3ner, C\u00e1maras de Seguridad y m\u00e1s en tu tienda en l\u00ednea","publisher":{"@id":"https:\/\/compuviper.mx\/tienda\/#organization"},"potentialAction":[{"@type":"SearchAction","target":{"@type":"EntryPoint","urlTemplate":"https:\/\/compuviper.mx\/tienda\/?s={search_term_string}"},"query-input":"required name=search_term_string"}],"inLanguage":"es-MX"},{"@type":"Organization","@id":"https:\/\/compuviper.mx\/tienda\/#organization","name":"Compuviper","url":"https:\/\/compuviper.mx\/tienda\/","logo":{"@type":"ImageObject","inLanguage":"es-MX","@id":"https:\/\/compuviper.mx\/tienda\/#\/schema\/logo\/image\/","url":"https:\/\/compuviper.mx\/tienda\/wp-content\/uploads\/2021\/08\/Logo-Compuviper-10.png","contentUrl":"https:\/\/compuviper.mx\/tienda\/wp-content\/uploads\/2021\/08\/Logo-Compuviper-10.png","width":1000,"height":500,"caption":"Compuviper"},"image":{"@id":"https:\/\/compuviper.mx\/tienda\/#\/schema\/logo\/image\/"},"sameAs":["https:\/\/www.facebook.com\/compuviper","https:\/\/www.youtube.com\/channel\/UCf73dERp9Y3cfOq7q8BhLjA?view_as=subscriber"]}]},"product_brand":"HIKVISION","product_price_amount":"1926","product_price_currency":"MXN","og_availability":"backorder","product_availability":"available for order","product_retailer_item_id":"NVR-108H-D\/8P(D)","product_condition":"new"},"_links":{"self":[{"href":"https:\/\/compuviper.mx\/tienda\/wp-json\/wp\/v2\/product\/247477"}],"collection":[{"href":"https:\/\/compuviper.mx\/tienda\/wp-json\/wp\/v2\/product"}],"about":[{"href":"https:\/\/compuviper.mx\/tienda\/wp-json\/wp\/v2\/types\/product"}],"replies":[{"embeddable":true,"href":"https:\/\/compuviper.mx\/tienda\/wp-json\/wp\/v2\/comments?post=247477"}],"wp:featuredmedia":[{"embeddable":true,"href":"https:\/\/compuviper.mx\/tienda\/wp-json\/wp\/v2\/media\/247729"}],"wp:attachment":[{"href":"https:\/\/compuviper.mx\/tienda\/wp-json\/wp\/v2\/media?parent=247477"}],"wp:term":[{"taxonomy":"product_cat","embeddable":true,"href":"https:\/\/compuviper.mx\/tienda\/wp-json\/wp\/v2\/product_cat?post=247477"},{"taxonomy":"product_tag","embeddable":true,"href":"https:\/\/compuviper.mx\/tienda\/wp-json\/wp\/v2\/product_tag?post=247477"}],"curies":[{"name":"wp","href":"https:\/\/api.w.org\/{rel}","templated":true}]}}