{"id":247469,"date":"2026-04-11T00:21:52","date_gmt":"2026-04-11T06:21:52","guid":{"rendered":"https:\/\/compuviper.mx\/tienda\/producto\/hikvision-dvr-204q-k1cs-dvr-4-canales-turbohd-2-canales-ip-4-megapxel-lite-audio-por-coaxitron-1-baha-de-disco-duro-h-265-salida-de-video-en-full-hd\/"},"modified":"2026-04-11T00:21:53","modified_gmt":"2026-04-11T06:21:53","slug":"hikvision-dvr-204q-k1cs6941264086369-dvr-4-canales-turbohd-2-canales-ip-4-megapxel-lite-audio-por-coaxitron-1-baha-de-disco-duro-h-265-salida-de-video-en-full-hd","status":"publish","type":"product","link":"https:\/\/compuviper.mx\/tienda\/producto\/hikvision-dvr-204q-k1cs6941264086369-dvr-4-canales-turbohd-2-canales-ip-4-megapxel-lite-audio-por-coaxitron-1-baha-de-disco-duro-h-265-salida-de-video-en-full-hd\/","title":{"rendered":"Hikvision Dvr-204q-k1(c)(s),6941264086369 Dvr 4 Canales Turbohd 2 Canales Ip \/ 4 Megapxel Lite \/ Audio Por Coaxitron \/ 1 Baha De Disco Duro \/ H.265 \/ Salida De Video En Full Hd"},"content":{"rendered":"<table class=\"descripcion\">\n<tr>\n<td>Caracter\u00edsticas principales:<\/td>\n<\/tr>\n<tr>\n<td>Tecnolog\u00eda turbohd 4 megap\u00edxel lite.<\/td>\n<\/tr>\n<tr>\n<td>Soporte de tecnolog\u00edas: hd-tvi \/ hd-cvi \/ ahd \/ anal\u00f3gico (cvbs).<\/td>\n<\/tr>\n<tr>\n<td>Software cliente ivms-4200.<\/td>\n<\/tr>\n<tr>\n<td>Compatible con hik-connect p2p.<\/td>\n<\/tr>\n<tr>\n<td>Soporta servicio hik-connect domain \/ dyndns \/ no-ip.<\/td>\n<\/tr>\n<tr>\n<td>Soporta 4 canales turbohd \/ anal\u00f3gicos + 2 canal ip = 6 canales en total.<\/td>\n<\/tr>\n<tr>\n<td>H.265 pro+ \/ h.264+ \/ h.264<\/td>\n<\/tr>\n<tr>\n<td>Hd-tvi: 4 megap\u00edxel lite @ 25 ips.<\/td>\n<\/tr>\n<tr>\n<td>Hd-cvi: 4 megap\u00edxel lite @ 25 ips.<\/td>\n<\/tr>\n<tr>\n<td>Ahd: 4 megap\u00edxel lite @ 25 ips.<\/td>\n<\/tr>\n<tr>\n<td>Ip: 6 megap\u00edxel.<\/td>\n<\/tr>\n<tr>\n<td>No soporta canal cero<\/td>\n<\/tr>\n<tr>\n<td>Nota: permite apagar canales an\u00e1logos para agregar canales ip.<\/td>\n<\/tr>\n<tr>\n<td>Para conectar los canales ip requiere utilizar un switch\/switch poe (no incluido)<\/td>\n<\/tr>\n<tr>\n<td>Interfaces entradas \/ salidas:<\/td>\n<\/tr>\n<tr>\n<td>Entrada audio: 1 (rca, 2.0 vp-p, 1k and #937;).<\/td>\n<\/tr>\n<tr>\n<td>4 entradas de audio por coaxitron (modelos compatibles)<\/td>\n<\/tr>\n<tr>\n<td>Salida audio: 1 (rca, 2.0 vp-p, 1k and #937;).<\/td>\n<\/tr>\n<tr>\n<td>Entrada alarma: n\/a<\/td>\n<\/tr>\n<tr>\n<td>Salida alarma: n\/a<\/td>\n<\/tr>\n<tr>\n<td>Interfaz usb: 2 puerto (2.0) trasero.<\/td>\n<\/tr>\n<tr>\n<td>Interfaz red: 1 puertos (rj-45 10\/100 mbps).<\/td>\n<\/tr>\n<tr>\n<td>Capacidad hdd: 1 @ 10 tb.<\/td>\n<\/tr>\n<tr>\n<td>Caracter\u00edsticas f\u00edsicas y el\u00e9ctricas:<\/td>\n<\/tr>\n<tr>\n<td>Alimentaci\u00f3n: 12 vcc.<\/td>\n<\/tr>\n<tr>\n<td>Consumo sin disco duro: 12 w.<\/td>\n<\/tr>\n<tr>\n<td>Temperatura de operaci\u00f3n: -10 \u00bac hasta 55 \u00bac<\/td>\n<\/tr>\n<tr>\n<td>Dimensiones: 260 \u00d7 222 \u00d7 45 mm (w \u00d7 d \u00d7 h)<\/td>\n<\/tr>\n<tr>\n<td>Peso: 1 kg sin disco duro.<\/td>\n<\/tr>\n<tr>\n<td>Nota: no soporta canal cero.<\/td>\n<\/tr>\n<\/table>\n","protected":false},"excerpt":{"rendered":"<p>Tecnolog\u00eda turbohd 4 megap\u00edxel lite. Soporte de tecnolog\u00edas: hd-tvi \/ hd-cvi \/ ahd \/ anal\u00f3gico (cvbs). Software cliente ivms-4200. Compatible con hik-connect p2p. Soporta servicio hik-connect domain \/ dyndns \/ no-ip. Soporta 4 canales turbohd \/ anal\u00f3gicos + 2 canal ip = 6 canales en total. H.265 pro+ \/ h.264+ \/ h.264. Hd-tvi: 4 megap\u00edxel lite @ 25 ips. Hd-cvi: 4 megap\u00edxel lite @ 25 ips. Ahd: 4 megap\u00edxel lite @ 25 ips. Ip: 6 megap\u00edxel. No soporta canal cero<\/p>\n","protected":false},"featured_media":259506,"comment_status":"open","ping_status":"open","template":"","meta":[],"product_cat":[1690,1689],"product_tag":[1595],"acf":[],"yoast_head":"<!-- This site is optimized with the Yoast SEO plugin v21.7 - https:\/\/yoast.com\/wordpress\/plugins\/seo\/ -->\n<title>[ Hikvision ] &#129351; Dvr-204q-k1(c)(s),6941264086369 Dvr 4 Canales Turbohd 2 Canales Ip \/ 4 Megapxel Lite \/ Audio Por Coaxitron \/ 1 Baha De Disco Duro \/ H.265 \/ Salida De Video En Full Hd<\/title>\n<meta name=\"description\" content=\"Compra Dvr-204q-k1(c)(s),6941264086369 Dvr 4 Canales Turbohd 2 Canales Ip \/ 4 Megapxel Lite \/ Audio Por Coaxitron \/ 1 Baha De Disco Duro \/ H.265 \/ Salida De Video En Full Hd + Env\u00edo a domicilio + Pago seguro + Garant\u00eda\" \/>\n<meta name=\"robots\" content=\"index, follow, max-snippet:-1, max-image-preview:large, max-video-preview:-1\" \/>\n<link rel=\"canonical\" href=\"https:\/\/compuviper.mx\/tienda\/producto\/hikvision-dvr-204q-k1cs6941264086369-dvr-4-canales-turbohd-2-canales-ip-4-megapxel-lite-audio-por-coaxitron-1-baha-de-disco-duro-h-265-salida-de-video-en-full-hd\/\" \/>\n<meta property=\"og:locale\" content=\"es_MX\" \/>\n<meta property=\"og:type\" content=\"article\" \/>\n<meta property=\"og:title\" content=\"[ Hikvision ] &#129351; Dvr-204q-k1(c)(s),6941264086369 Dvr 4 Canales Turbohd 2 Canales Ip \/ 4 Megapxel Lite \/ Audio Por Coaxitron \/ 1 Baha De Disco Duro \/ H.265 \/ Salida De Video En Full Hd\" \/>\n<meta property=\"og:description\" content=\"Compra Dvr-204q-k1(c)(s),6941264086369 Dvr 4 Canales Turbohd 2 Canales Ip \/ 4 Megapxel Lite \/ Audio Por Coaxitron \/ 1 Baha De Disco Duro \/ H.265 \/ Salida De Video En Full Hd + Env\u00edo a domicilio + Pago seguro + Garant\u00eda\" \/>\n<meta property=\"og:url\" content=\"https:\/\/compuviper.mx\/tienda\/producto\/hikvision-dvr-204q-k1cs6941264086369-dvr-4-canales-turbohd-2-canales-ip-4-megapxel-lite-audio-por-coaxitron-1-baha-de-disco-duro-h-265-salida-de-video-en-full-hd\/\" \/>\n<meta property=\"og:site_name\" content=\"Compuviper\" \/>\n<meta property=\"article:publisher\" content=\"https:\/\/www.facebook.com\/compuviper\" \/>\n<meta property=\"article:modified_time\" content=\"2026-04-11T06:21:53+00:00\" \/>\n<meta property=\"og:image\" content=\"https:\/\/compuviper.mx\/tienda\/wp-content\/uploads\/2025\/10\/Dvr-4-canales-turbohd-2-canales-ip-4-megapxel-lite-audio-por-coaxitron-1-baha-de-disco-duro-h.265-salida-de-video-en-full-hd.jpg\" \/>\n\t<meta property=\"og:image:width\" content=\"200\" \/>\n\t<meta property=\"og:image:height\" content=\"200\" \/>\n\t<meta property=\"og:image:type\" content=\"image\/jpeg\" \/>\n<meta name=\"twitter:card\" content=\"summary_large_image\" \/>\n<meta name=\"twitter:label1\" content=\"Precio\" \/>\n\t<meta name=\"twitter:data1\" content=\"&#36;644 con IVA\" \/>\n\t<meta name=\"twitter:label2\" content=\"Availability\" \/>\n\t<meta name=\"twitter:data2\" content=\"In stock\" \/>\n<script type=\"application\/ld+json\" class=\"yoast-schema-graph\">{\"@context\":\"https:\/\/schema.org\",\"@graph\":[{\"@type\":\"WebPage\",\"@id\":\"https:\/\/compuviper.mx\/tienda\/producto\/hikvision-dvr-204q-k1cs6941264086369-dvr-4-canales-turbohd-2-canales-ip-4-megapxel-lite-audio-por-coaxitron-1-baha-de-disco-duro-h-265-salida-de-video-en-full-hd\/\",\"url\":\"https:\/\/compuviper.mx\/tienda\/producto\/hikvision-dvr-204q-k1cs6941264086369-dvr-4-canales-turbohd-2-canales-ip-4-megapxel-lite-audio-por-coaxitron-1-baha-de-disco-duro-h-265-salida-de-video-en-full-hd\/\",\"name\":\"[ Hikvision ] &#129351; Dvr-204q-k1(c)(s),6941264086369 Dvr 4 Canales Turbohd 2 Canales Ip \/ 4 Megapxel Lite \/ Audio Por Coaxitron \/ 1 Baha De Disco Duro \/ H.265 \/ Salida De Video En Full Hd\",\"isPartOf\":{\"@id\":\"https:\/\/compuviper.mx\/tienda\/#website\"},\"datePublished\":\"2026-04-11T06:21:52+00:00\",\"dateModified\":\"2026-04-11T06:21:53+00:00\",\"description\":\"Compra Dvr-204q-k1(c)(s),6941264086369 Dvr 4 Canales Turbohd 2 Canales Ip \/ 4 Megapxel Lite \/ Audio Por Coaxitron \/ 1 Baha De Disco Duro \/ H.265 \/ Salida De Video En Full Hd + Env\u00edo a domicilio + Pago seguro + Garant\u00eda\",\"breadcrumb\":{\"@id\":\"https:\/\/compuviper.mx\/tienda\/producto\/hikvision-dvr-204q-k1cs6941264086369-dvr-4-canales-turbohd-2-canales-ip-4-megapxel-lite-audio-por-coaxitron-1-baha-de-disco-duro-h-265-salida-de-video-en-full-hd\/#breadcrumb\"},\"inLanguage\":\"es-MX\",\"potentialAction\":[{\"@type\":\"ReadAction\",\"target\":[\"https:\/\/compuviper.mx\/tienda\/producto\/hikvision-dvr-204q-k1cs6941264086369-dvr-4-canales-turbohd-2-canales-ip-4-megapxel-lite-audio-por-coaxitron-1-baha-de-disco-duro-h-265-salida-de-video-en-full-hd\/\"]}]},{\"@type\":\"BreadcrumbList\",\"@id\":\"https:\/\/compuviper.mx\/tienda\/producto\/hikvision-dvr-204q-k1cs6941264086369-dvr-4-canales-turbohd-2-canales-ip-4-megapxel-lite-audio-por-coaxitron-1-baha-de-disco-duro-h-265-salida-de-video-en-full-hd\/#breadcrumb\",\"itemListElement\":[{\"@type\":\"ListItem\",\"position\":1,\"name\":\"Inicio\",\"item\":\"https:\/\/compuviper.mx\/tienda\/\"},{\"@type\":\"ListItem\",\"position\":2,\"name\":\"Productos\",\"item\":\"https:\/\/compuviper.mx\/tienda\/productos\/\"},{\"@type\":\"ListItem\",\"position\":3,\"name\":\"Videograbadores\",\"item\":\"https:\/\/compuviper.mx\/tienda\/categoria-producto\/videograbadores\/\"},{\"@type\":\"ListItem\",\"position\":4,\"name\":\"Dvr\",\"item\":\"https:\/\/compuviper.mx\/tienda\/categoria-producto\/videograbadores\/dvr\/\"},{\"@type\":\"ListItem\",\"position\":5,\"name\":\"Hikvision Dvr-204q-k1(c)(s),6941264086369 Dvr 4 Canales Turbohd 2 Canales Ip \/ 4 Megapxel Lite \/ Audio Por Coaxitron \/ 1 Baha De Disco Duro \/ H.265 \/ Salida De Video En Full Hd\"}]},{\"@type\":\"WebSite\",\"@id\":\"https:\/\/compuviper.mx\/tienda\/#website\",\"url\":\"https:\/\/compuviper.mx\/tienda\/\",\"name\":\"Compuviper\",\"description\":\"Proveedor de Computadoras, Laptops, Servidores, Monitores, Puntos de Venta, Teclados,   Impresoras, T\u00f3ner, C\u00e1maras de Seguridad y m\u00e1s en tu tienda en l\u00ednea\",\"publisher\":{\"@id\":\"https:\/\/compuviper.mx\/tienda\/#organization\"},\"potentialAction\":[{\"@type\":\"SearchAction\",\"target\":{\"@type\":\"EntryPoint\",\"urlTemplate\":\"https:\/\/compuviper.mx\/tienda\/?s={search_term_string}\"},\"query-input\":\"required name=search_term_string\"}],\"inLanguage\":\"es-MX\"},{\"@type\":\"Organization\",\"@id\":\"https:\/\/compuviper.mx\/tienda\/#organization\",\"name\":\"Compuviper\",\"url\":\"https:\/\/compuviper.mx\/tienda\/\",\"logo\":{\"@type\":\"ImageObject\",\"inLanguage\":\"es-MX\",\"@id\":\"https:\/\/compuviper.mx\/tienda\/#\/schema\/logo\/image\/\",\"url\":\"https:\/\/compuviper.mx\/tienda\/wp-content\/uploads\/2021\/08\/Logo-Compuviper-10.png\",\"contentUrl\":\"https:\/\/compuviper.mx\/tienda\/wp-content\/uploads\/2021\/08\/Logo-Compuviper-10.png\",\"width\":1000,\"height\":500,\"caption\":\"Compuviper\"},\"image\":{\"@id\":\"https:\/\/compuviper.mx\/tienda\/#\/schema\/logo\/image\/\"},\"sameAs\":[\"https:\/\/www.facebook.com\/compuviper\",\"https:\/\/www.youtube.com\/channel\/UCf73dERp9Y3cfOq7q8BhLjA?view_as=subscriber\"]}]}<\/script>\n<meta property=\"product:brand\" content=\"HIKVISION\" \/>\n<meta property=\"product:price:amount\" content=\"644\" \/>\n<meta property=\"product:price:currency\" content=\"MXN\" \/>\n<meta property=\"og:availability\" content=\"instock\" \/>\n<meta property=\"product:availability\" content=\"instock\" \/>\n<meta property=\"product:retailer_item_id\" content=\"DVR-204Q-K1(C)(S),6941264086369\" \/>\n<meta property=\"product:condition\" content=\"new\" \/>\n<!-- \/ Yoast SEO plugin. -->","yoast_head_json":{"title":"[ Hikvision ] &#129351; Dvr-204q-k1(c)(s),6941264086369 Dvr 4 Canales Turbohd 2 Canales Ip \/ 4 Megapxel Lite \/ Audio Por Coaxitron \/ 1 Baha De Disco Duro \/ H.265 \/ Salida De Video En Full Hd","description":"Compra Dvr-204q-k1(c)(s),6941264086369 Dvr 4 Canales Turbohd 2 Canales Ip \/ 4 Megapxel Lite \/ Audio Por Coaxitron \/ 1 Baha De Disco Duro \/ H.265 \/ Salida De Video En Full Hd + Env\u00edo a domicilio + Pago seguro + Garant\u00eda","robots":{"index":"index","follow":"follow","max-snippet":"max-snippet:-1","max-image-preview":"max-image-preview:large","max-video-preview":"max-video-preview:-1"},"canonical":"https:\/\/compuviper.mx\/tienda\/producto\/hikvision-dvr-204q-k1cs6941264086369-dvr-4-canales-turbohd-2-canales-ip-4-megapxel-lite-audio-por-coaxitron-1-baha-de-disco-duro-h-265-salida-de-video-en-full-hd\/","og_locale":"es_MX","og_type":"article","og_title":"[ Hikvision ] &#129351; Dvr-204q-k1(c)(s),6941264086369 Dvr 4 Canales Turbohd 2 Canales Ip \/ 4 Megapxel Lite \/ Audio Por Coaxitron \/ 1 Baha De Disco Duro \/ H.265 \/ Salida De Video En Full Hd","og_description":"Compra Dvr-204q-k1(c)(s),6941264086369 Dvr 4 Canales Turbohd 2 Canales Ip \/ 4 Megapxel Lite \/ Audio Por Coaxitron \/ 1 Baha De Disco Duro \/ H.265 \/ Salida De Video En Full Hd + Env\u00edo a domicilio + Pago seguro + Garant\u00eda","og_url":"https:\/\/compuviper.mx\/tienda\/producto\/hikvision-dvr-204q-k1cs6941264086369-dvr-4-canales-turbohd-2-canales-ip-4-megapxel-lite-audio-por-coaxitron-1-baha-de-disco-duro-h-265-salida-de-video-en-full-hd\/","og_site_name":"Compuviper","article_publisher":"https:\/\/www.facebook.com\/compuviper","article_modified_time":"2026-04-11T06:21:53+00:00","og_image":[{"width":200,"height":200,"url":"https:\/\/compuviper.mx\/tienda\/wp-content\/uploads\/2025\/10\/Dvr-4-canales-turbohd-2-canales-ip-4-megapxel-lite-audio-por-coaxitron-1-baha-de-disco-duro-h.265-salida-de-video-en-full-hd.jpg","type":"image\/jpeg"}],"twitter_card":"summary_large_image","twitter_misc":{"Precio":"&#36;644 con IVA","Availability":"In stock"},"schema":{"@context":"https:\/\/schema.org","@graph":[{"@type":"WebPage","@id":"https:\/\/compuviper.mx\/tienda\/producto\/hikvision-dvr-204q-k1cs6941264086369-dvr-4-canales-turbohd-2-canales-ip-4-megapxel-lite-audio-por-coaxitron-1-baha-de-disco-duro-h-265-salida-de-video-en-full-hd\/","url":"https:\/\/compuviper.mx\/tienda\/producto\/hikvision-dvr-204q-k1cs6941264086369-dvr-4-canales-turbohd-2-canales-ip-4-megapxel-lite-audio-por-coaxitron-1-baha-de-disco-duro-h-265-salida-de-video-en-full-hd\/","name":"[ Hikvision ] &#129351; Dvr-204q-k1(c)(s),6941264086369 Dvr 4 Canales Turbohd 2 Canales Ip \/ 4 Megapxel Lite \/ Audio Por Coaxitron \/ 1 Baha De Disco Duro \/ H.265 \/ Salida De Video En Full Hd","isPartOf":{"@id":"https:\/\/compuviper.mx\/tienda\/#website"},"datePublished":"2026-04-11T06:21:52+00:00","dateModified":"2026-04-11T06:21:53+00:00","description":"Compra Dvr-204q-k1(c)(s),6941264086369 Dvr 4 Canales Turbohd 2 Canales Ip \/ 4 Megapxel Lite \/ Audio Por Coaxitron \/ 1 Baha De Disco Duro \/ H.265 \/ Salida De Video En Full Hd + Env\u00edo a domicilio + Pago seguro + Garant\u00eda","breadcrumb":{"@id":"https:\/\/compuviper.mx\/tienda\/producto\/hikvision-dvr-204q-k1cs6941264086369-dvr-4-canales-turbohd-2-canales-ip-4-megapxel-lite-audio-por-coaxitron-1-baha-de-disco-duro-h-265-salida-de-video-en-full-hd\/#breadcrumb"},"inLanguage":"es-MX","potentialAction":[{"@type":"ReadAction","target":["https:\/\/compuviper.mx\/tienda\/producto\/hikvision-dvr-204q-k1cs6941264086369-dvr-4-canales-turbohd-2-canales-ip-4-megapxel-lite-audio-por-coaxitron-1-baha-de-disco-duro-h-265-salida-de-video-en-full-hd\/"]}]},{"@type":"BreadcrumbList","@id":"https:\/\/compuviper.mx\/tienda\/producto\/hikvision-dvr-204q-k1cs6941264086369-dvr-4-canales-turbohd-2-canales-ip-4-megapxel-lite-audio-por-coaxitron-1-baha-de-disco-duro-h-265-salida-de-video-en-full-hd\/#breadcrumb","itemListElement":[{"@type":"ListItem","position":1,"name":"Inicio","item":"https:\/\/compuviper.mx\/tienda\/"},{"@type":"ListItem","position":2,"name":"Productos","item":"https:\/\/compuviper.mx\/tienda\/productos\/"},{"@type":"ListItem","position":3,"name":"Videograbadores","item":"https:\/\/compuviper.mx\/tienda\/categoria-producto\/videograbadores\/"},{"@type":"ListItem","position":4,"name":"Dvr","item":"https:\/\/compuviper.mx\/tienda\/categoria-producto\/videograbadores\/dvr\/"},{"@type":"ListItem","position":5,"name":"Hikvision Dvr-204q-k1(c)(s),6941264086369 Dvr 4 Canales Turbohd 2 Canales Ip \/ 4 Megapxel Lite \/ Audio Por Coaxitron \/ 1 Baha De Disco Duro \/ H.265 \/ Salida De Video En Full Hd"}]},{"@type":"WebSite","@id":"https:\/\/compuviper.mx\/tienda\/#website","url":"https:\/\/compuviper.mx\/tienda\/","name":"Compuviper","description":"Proveedor de Computadoras, Laptops, Servidores, Monitores, Puntos de Venta, Teclados,   Impresoras, T\u00f3ner, C\u00e1maras de Seguridad y m\u00e1s en tu tienda en l\u00ednea","publisher":{"@id":"https:\/\/compuviper.mx\/tienda\/#organization"},"potentialAction":[{"@type":"SearchAction","target":{"@type":"EntryPoint","urlTemplate":"https:\/\/compuviper.mx\/tienda\/?s={search_term_string}"},"query-input":"required name=search_term_string"}],"inLanguage":"es-MX"},{"@type":"Organization","@id":"https:\/\/compuviper.mx\/tienda\/#organization","name":"Compuviper","url":"https:\/\/compuviper.mx\/tienda\/","logo":{"@type":"ImageObject","inLanguage":"es-MX","@id":"https:\/\/compuviper.mx\/tienda\/#\/schema\/logo\/image\/","url":"https:\/\/compuviper.mx\/tienda\/wp-content\/uploads\/2021\/08\/Logo-Compuviper-10.png","contentUrl":"https:\/\/compuviper.mx\/tienda\/wp-content\/uploads\/2021\/08\/Logo-Compuviper-10.png","width":1000,"height":500,"caption":"Compuviper"},"image":{"@id":"https:\/\/compuviper.mx\/tienda\/#\/schema\/logo\/image\/"},"sameAs":["https:\/\/www.facebook.com\/compuviper","https:\/\/www.youtube.com\/channel\/UCf73dERp9Y3cfOq7q8BhLjA?view_as=subscriber"]}]},"product_brand":"HIKVISION","product_price_amount":"644","product_price_currency":"MXN","og_availability":"instock","product_availability":"instock","product_retailer_item_id":"DVR-204Q-K1(C)(S),6941264086369","product_condition":"new"},"_links":{"self":[{"href":"https:\/\/compuviper.mx\/tienda\/wp-json\/wp\/v2\/product\/247469"}],"collection":[{"href":"https:\/\/compuviper.mx\/tienda\/wp-json\/wp\/v2\/product"}],"about":[{"href":"https:\/\/compuviper.mx\/tienda\/wp-json\/wp\/v2\/types\/product"}],"replies":[{"embeddable":true,"href":"https:\/\/compuviper.mx\/tienda\/wp-json\/wp\/v2\/comments?post=247469"}],"wp:featuredmedia":[{"embeddable":true,"href":"https:\/\/compuviper.mx\/tienda\/wp-json\/wp\/v2\/media\/259506"}],"wp:attachment":[{"href":"https:\/\/compuviper.mx\/tienda\/wp-json\/wp\/v2\/media?parent=247469"}],"wp:term":[{"taxonomy":"product_cat","embeddable":true,"href":"https:\/\/compuviper.mx\/tienda\/wp-json\/wp\/v2\/product_cat?post=247469"},{"taxonomy":"product_tag","embeddable":true,"href":"https:\/\/compuviper.mx\/tienda\/wp-json\/wp\/v2\/product_tag?post=247469"}],"curies":[{"name":"wp","href":"https:\/\/api.w.org\/{rel}","templated":true}]}}