{"id":247468,"date":"2026-04-11T00:16:52","date_gmt":"2026-04-11T06:16:52","guid":{"rendered":"https:\/\/compuviper.mx\/tienda\/producto\/hikvision-ds-2ce78d0t-lts-audio-bidireccional-dual-light-colorvu-turret-turbohd-2-megapixel-1080p-lente-2-8-mm-40-mts-ir-exir-40-mts-luz-blanca-microfono-y-bocina-integrado-exterior\/"},"modified":"2026-04-11T00:16:52","modified_gmt":"2026-04-11T06:16:52","slug":"hikvision-ds-2ce78d0t-lts6942160473055-audio-bidireccional-dual-light-colorvu-turret-turbohd-2-megapixel-1080p-lente-2-8-mm-40-mts-ir-exir-40-mts-luz-blanca-microfono-y-bocina-integra","status":"publish","type":"product","link":"https:\/\/compuviper.mx\/tienda\/producto\/hikvision-ds-2ce78d0t-lts6942160473055-audio-bidireccional-dual-light-colorvu-turret-turbohd-2-megapixel-1080p-lente-2-8-mm-40-mts-ir-exir-40-mts-luz-blanca-microfono-y-bocina-integra\/","title":{"rendered":"Hikvision Ds-2ce78d0t-lts,6942160473055 [audio Bidireccional + Dual Light + Colorvu] Turret Turbohd 2 Megapixel (1080p) \/ Lente 2.8 Mm \/ 40 Mts Ir Exir + 40 Mts Luz Blanca \/ Microfono Y Bocina Integrado \/ Exterior Ip67 \/ Dwdr"},"content":{"rendered":"<table class=\"descripcion\">\n<tr>\n<td>Caracter\u00edsticas principales:<\/td>\n<\/tr>\n<tr>\n<td>Resoluci\u00f3n m\u00e1xima: 2 megapixel (1920 x 1080).<\/td>\n<\/tr>\n<tr>\n<td>Lente fijo: 2.8 mm (\u00e1ngulo de visi\u00f3n 105\u00b0).<\/td>\n<\/tr>\n<tr>\n<td>Dual light (40 mts smart ir + 40 mts luz blanca).<\/td>\n<\/tr>\n<tr>\n<td>Dwdr \/ blc \/ hlc.<\/td>\n<\/tr>\n<tr>\n<td>Audio bidireccional full duplex (micr\u00f3fono y bocina integrado).<\/td>\n<\/tr>\n<tr>\n<td>Nota: el audio de dos v\u00edas por coaxitron se env\u00eda \u00fanicamente por tecnolog\u00eda tvi.<\/td>\n<\/tr>\n<tr>\n<td>Caracter\u00edsticas f\u00edsicas y el\u00e9ctricas:<\/td>\n<\/tr>\n<tr>\n<td>Alimentaci\u00f3n \/ consumo: 12 vcc \/ 7.5 watts.<\/td>\n<\/tr>\n<tr>\n<td>Protecci\u00f3n: ip67 (interior \/ exterior).<\/td>\n<\/tr>\n<tr>\n<td>Montaje de pl\u00e1stico y c\u00e1mara de metal<\/td>\n<\/tr>\n<tr>\n<td>Peso: 340 gramos.<\/td>\n<\/tr>\n<tr>\n<td>Accesorios opcionales:<\/td>\n<\/tr>\n<tr>\n<td>Montaje de poste, modelo: ds-1275zj-sus<\/td>\n<\/tr>\n<tr>\n<td>Montaje de esquina, modelo: ds-1276zj-sus<\/td>\n<\/tr>\n<tr>\n<td>Caja de conexiones, modelo: ds-1280zj-s<\/td>\n<\/tr>\n<tr>\n<td>Montaje inclinado de techo, modelo: ds-1281zj-s<\/td>\n<\/tr>\n<tr>\n<td>Caracter\u00edsticas destacadas:<\/td>\n<\/tr>\n<tr>\n<td>La c\u00e1mara cuenta con un micr\u00f3fono y bocina interconstruido, el cual no requiere cables adicionales para poder transmitir el audio y video. podemos tener una comunicaci\u00f3n bidireccional desde la app (hik-connect) usando el dvr de por medio para la interconexi\u00f3n.<\/td>\n<\/tr>\n<tr>\n<td>Nota: el audio de dos v\u00edas solo es compatible con dvrs de la serie xt de hikvision y ex-5000 (ejemplo ids-7204hqhi\/xt \/ ex-5004turbo)<\/td>\n<\/tr>\n<tr>\n<td>Nota: la funci\u00f3n de audio bidireccional tiene un alcance efectivo de hasta 5 metros. aseg\u00farese de ubicar la c\u00e1mara en un lugar estrat\u00e9gico para maximizar la claridad del sonido y garantizar una comunicaci\u00f3n fluida.<\/td>\n<\/tr>\n<tr>\n<td>Nota: para la funci\u00f3n de audio de 2 v\u00edas, la distancia m\u00e1xima soportada entre el grabador y la c\u00e1mara es de 120 metros.<\/td>\n<\/tr>\n<tr>\n<td>La funci\u00f3n de dual light permite que la c\u00e1mara, cuando est\u00e9 en modo noche (con ir encendido), pueda activar su luz blanca para grabar a color cuando ocurra un evento (detecci\u00f3n de movimiento, cruce de l\u00ednea, entrada de \u00e1rea). la comunicaci\u00f3n para activar luz blanca funciona \u00fanicamente en modo tvi (turbohd) y con grabadores que sean de la serie acusense, serie xt de hikvision y ex de epcom.<\/td>\n<\/tr>\n<\/table>\n","protected":false},"excerpt":{"rendered":"<p>Resoluci\u00f3n m\u00e1xima: 2 megapixel (1920 x 1080). Lente fijo: 2.8 mm (\u00e1ngulo de visi\u00f3n 105\u00b0). Dual light (40 mts smart ir + 40 mts luz blanca). Dwdr \/ blc \/ hlc. Audio bidireccional full duplex (micr\u00f3fono y bocina integrado). Nota: el audio de dos v\u00edas por coaxitron se env\u00eda \u00fanicamente por tecnolog\u00eda tvi.<\/p>\n","protected":false},"featured_media":259377,"comment_status":"open","ping_status":"open","template":"","meta":[],"product_cat":[1681,1608],"product_tag":[1595],"acf":[],"yoast_head":"<!-- This site is optimized with the Yoast SEO plugin v21.7 - https:\/\/yoast.com\/wordpress\/plugins\/seo\/ -->\n<title>[ Hikvision ] &#129351; Ds-2ce78d0t-lts,6942160473055 [audio Bidireccional + Dual Light + Colorvu] Turret Turbohd 2 Megapixel (1080p) \/ Lente 2.8 Mm \/ 40 Mts Ir Exir + 40 Mts Luz Blanca \/ Microfono Y Bocina Integrado \/ Exterior Ip67 \/ Dwdr<\/title>\n<meta name=\"description\" content=\"Compra Ds-2ce78d0t-lts,6942160473055 [audio Bidireccional + Dual Light + Colorvu] Turret Turbohd 2 Megapixel (1080p) \/ Lente 2.8 Mm \/ 40 Mts Ir Exir + 40 Mts Luz Blanca \/ Microfono Y Bocina Integrado \/ Exterior Ip67 \/ Dwdr + Env\u00edo a domicilio + Pago seguro + Garant\u00eda\" \/>\n<meta name=\"robots\" content=\"index, follow, max-snippet:-1, max-image-preview:large, max-video-preview:-1\" \/>\n<link rel=\"canonical\" href=\"https:\/\/compuviper.mx\/tienda\/producto\/hikvision-ds-2ce78d0t-lts6942160473055-audio-bidireccional-dual-light-colorvu-turret-turbohd-2-megapixel-1080p-lente-2-8-mm-40-mts-ir-exir-40-mts-luz-blanca-microfono-y-bocina-integra\/\" \/>\n<meta property=\"og:locale\" content=\"es_MX\" \/>\n<meta property=\"og:type\" content=\"article\" \/>\n<meta property=\"og:title\" content=\"[ Hikvision ] &#129351; Ds-2ce78d0t-lts,6942160473055 [audio Bidireccional + Dual Light + Colorvu] Turret Turbohd 2 Megapixel (1080p) \/ Lente 2.8 Mm \/ 40 Mts Ir Exir + 40 Mts Luz Blanca \/ Microfono Y Bocina Integrado \/ Exterior Ip67 \/ Dwdr\" \/>\n<meta property=\"og:description\" content=\"Compra Ds-2ce78d0t-lts,6942160473055 [audio Bidireccional + Dual Light + Colorvu] Turret Turbohd 2 Megapixel (1080p) \/ Lente 2.8 Mm \/ 40 Mts Ir Exir + 40 Mts Luz Blanca \/ Microfono Y Bocina Integrado \/ Exterior Ip67 \/ Dwdr + Env\u00edo a domicilio + Pago seguro + Garant\u00eda\" \/>\n<meta property=\"og:url\" content=\"https:\/\/compuviper.mx\/tienda\/producto\/hikvision-ds-2ce78d0t-lts6942160473055-audio-bidireccional-dual-light-colorvu-turret-turbohd-2-megapixel-1080p-lente-2-8-mm-40-mts-ir-exir-40-mts-luz-blanca-microfono-y-bocina-integra\/\" \/>\n<meta property=\"og:site_name\" content=\"Compuviper\" \/>\n<meta property=\"article:publisher\" content=\"https:\/\/www.facebook.com\/compuviper\" \/>\n<meta property=\"og:image\" content=\"https:\/\/compuviper.mx\/tienda\/wp-content\/uploads\/2025\/10\/audio-bidireccional-dual-light-colorvu-turret-turbohd-2-megapixel-1080p-lente-2.8-mm-40-mts-ir-exir-40-mts-luz-blanca-microfono-y-bocina-integrado-exterior-ip67-dwdr.jpg\" \/>\n\t<meta property=\"og:image:width\" content=\"200\" \/>\n\t<meta property=\"og:image:height\" content=\"200\" \/>\n\t<meta property=\"og:image:type\" content=\"image\/jpeg\" \/>\n<meta name=\"twitter:card\" content=\"summary_large_image\" \/>\n<meta name=\"twitter:label1\" content=\"Precio\" \/>\n\t<meta name=\"twitter:data1\" content=\"&#36;691 con IVA\" \/>\n\t<meta name=\"twitter:label2\" content=\"Availability\" \/>\n\t<meta name=\"twitter:data2\" content=\"In stock\" \/>\n<script type=\"application\/ld+json\" class=\"yoast-schema-graph\">{\"@context\":\"https:\/\/schema.org\",\"@graph\":[{\"@type\":\"WebPage\",\"@id\":\"https:\/\/compuviper.mx\/tienda\/producto\/hikvision-ds-2ce78d0t-lts6942160473055-audio-bidireccional-dual-light-colorvu-turret-turbohd-2-megapixel-1080p-lente-2-8-mm-40-mts-ir-exir-40-mts-luz-blanca-microfono-y-bocina-integra\/\",\"url\":\"https:\/\/compuviper.mx\/tienda\/producto\/hikvision-ds-2ce78d0t-lts6942160473055-audio-bidireccional-dual-light-colorvu-turret-turbohd-2-megapixel-1080p-lente-2-8-mm-40-mts-ir-exir-40-mts-luz-blanca-microfono-y-bocina-integra\/\",\"name\":\"[ Hikvision ] &#129351; Ds-2ce78d0t-lts,6942160473055 [audio Bidireccional + Dual Light + Colorvu] Turret Turbohd 2 Megapixel (1080p) \/ Lente 2.8 Mm \/ 40 Mts Ir Exir + 40 Mts Luz Blanca \/ Microfono Y Bocina Integrado \/ Exterior Ip67 \/ Dwdr\",\"isPartOf\":{\"@id\":\"https:\/\/compuviper.mx\/tienda\/#website\"},\"datePublished\":\"2026-04-11T06:16:52+00:00\",\"dateModified\":\"2026-04-11T06:16:52+00:00\",\"description\":\"Compra Ds-2ce78d0t-lts,6942160473055 [audio Bidireccional + Dual Light + Colorvu] Turret Turbohd 2 Megapixel (1080p) \/ Lente 2.8 Mm \/ 40 Mts Ir Exir + 40 Mts Luz Blanca \/ Microfono Y Bocina Integrado \/ Exterior Ip67 \/ Dwdr + Env\u00edo a domicilio + Pago seguro + Garant\u00eda\",\"breadcrumb\":{\"@id\":\"https:\/\/compuviper.mx\/tienda\/producto\/hikvision-ds-2ce78d0t-lts6942160473055-audio-bidireccional-dual-light-colorvu-turret-turbohd-2-megapixel-1080p-lente-2-8-mm-40-mts-ir-exir-40-mts-luz-blanca-microfono-y-bocina-integra\/#breadcrumb\"},\"inLanguage\":\"es-MX\",\"potentialAction\":[{\"@type\":\"ReadAction\",\"target\":[\"https:\/\/compuviper.mx\/tienda\/producto\/hikvision-ds-2ce78d0t-lts6942160473055-audio-bidireccional-dual-light-colorvu-turret-turbohd-2-megapixel-1080p-lente-2-8-mm-40-mts-ir-exir-40-mts-luz-blanca-microfono-y-bocina-integra\/\"]}]},{\"@type\":\"BreadcrumbList\",\"@id\":\"https:\/\/compuviper.mx\/tienda\/producto\/hikvision-ds-2ce78d0t-lts6942160473055-audio-bidireccional-dual-light-colorvu-turret-turbohd-2-megapixel-1080p-lente-2-8-mm-40-mts-ir-exir-40-mts-luz-blanca-microfono-y-bocina-integra\/#breadcrumb\",\"itemListElement\":[{\"@type\":\"ListItem\",\"position\":1,\"name\":\"Inicio\",\"item\":\"https:\/\/compuviper.mx\/tienda\/\"},{\"@type\":\"ListItem\",\"position\":2,\"name\":\"Productos\",\"item\":\"https:\/\/compuviper.mx\/tienda\/productos\/\"},{\"@type\":\"ListItem\",\"position\":3,\"name\":\"Camaras\",\"item\":\"https:\/\/compuviper.mx\/tienda\/categoria-producto\/camaras-2\/\"},{\"@type\":\"ListItem\",\"position\":4,\"name\":\"Camara De Videovigilancia\",\"item\":\"https:\/\/compuviper.mx\/tienda\/categoria-producto\/camaras-2\/camara-de-videovigilancia\/\"},{\"@type\":\"ListItem\",\"position\":5,\"name\":\"Hikvision Ds-2ce78d0t-lts,6942160473055 [audio Bidireccional + Dual Light + Colorvu] Turret Turbohd 2 Megapixel (1080p) \/ Lente 2.8 Mm \/ 40 Mts Ir Exir + 40 Mts Luz Blanca \/ Microfono Y Bocina Integrado \/ Exterior Ip67 \/ Dwdr\"}]},{\"@type\":\"WebSite\",\"@id\":\"https:\/\/compuviper.mx\/tienda\/#website\",\"url\":\"https:\/\/compuviper.mx\/tienda\/\",\"name\":\"Compuviper\",\"description\":\"Proveedor de Computadoras, Laptops, Servidores, Monitores, Puntos de Venta, Teclados,   Impresoras, T\u00f3ner, C\u00e1maras de Seguridad y m\u00e1s en tu tienda en l\u00ednea\",\"publisher\":{\"@id\":\"https:\/\/compuviper.mx\/tienda\/#organization\"},\"potentialAction\":[{\"@type\":\"SearchAction\",\"target\":{\"@type\":\"EntryPoint\",\"urlTemplate\":\"https:\/\/compuviper.mx\/tienda\/?s={search_term_string}\"},\"query-input\":\"required name=search_term_string\"}],\"inLanguage\":\"es-MX\"},{\"@type\":\"Organization\",\"@id\":\"https:\/\/compuviper.mx\/tienda\/#organization\",\"name\":\"Compuviper\",\"url\":\"https:\/\/compuviper.mx\/tienda\/\",\"logo\":{\"@type\":\"ImageObject\",\"inLanguage\":\"es-MX\",\"@id\":\"https:\/\/compuviper.mx\/tienda\/#\/schema\/logo\/image\/\",\"url\":\"https:\/\/compuviper.mx\/tienda\/wp-content\/uploads\/2021\/08\/Logo-Compuviper-10.png\",\"contentUrl\":\"https:\/\/compuviper.mx\/tienda\/wp-content\/uploads\/2021\/08\/Logo-Compuviper-10.png\",\"width\":1000,\"height\":500,\"caption\":\"Compuviper\"},\"image\":{\"@id\":\"https:\/\/compuviper.mx\/tienda\/#\/schema\/logo\/image\/\"},\"sameAs\":[\"https:\/\/www.facebook.com\/compuviper\",\"https:\/\/www.youtube.com\/channel\/UCf73dERp9Y3cfOq7q8BhLjA?view_as=subscriber\"]}]}<\/script>\n<meta property=\"product:brand\" content=\"HIKVISION\" \/>\n<meta property=\"product:price:amount\" content=\"691\" \/>\n<meta property=\"product:price:currency\" content=\"MXN\" \/>\n<meta property=\"og:availability\" content=\"instock\" \/>\n<meta property=\"product:availability\" content=\"instock\" \/>\n<meta property=\"product:retailer_item_id\" content=\"DS-2CE78D0T-LTS,6942160473055\" \/>\n<meta property=\"product:condition\" content=\"new\" \/>\n<!-- \/ Yoast SEO plugin. -->","yoast_head_json":{"title":"[ Hikvision ] &#129351; Ds-2ce78d0t-lts,6942160473055 [audio Bidireccional + Dual Light + Colorvu] Turret Turbohd 2 Megapixel (1080p) \/ Lente 2.8 Mm \/ 40 Mts Ir Exir + 40 Mts Luz Blanca \/ Microfono Y Bocina Integrado \/ Exterior Ip67 \/ Dwdr","description":"Compra Ds-2ce78d0t-lts,6942160473055 [audio Bidireccional + Dual Light + Colorvu] Turret Turbohd 2 Megapixel (1080p) \/ Lente 2.8 Mm \/ 40 Mts Ir Exir + 40 Mts Luz Blanca \/ Microfono Y Bocina Integrado \/ Exterior Ip67 \/ Dwdr + Env\u00edo a domicilio + Pago seguro + Garant\u00eda","robots":{"index":"index","follow":"follow","max-snippet":"max-snippet:-1","max-image-preview":"max-image-preview:large","max-video-preview":"max-video-preview:-1"},"canonical":"https:\/\/compuviper.mx\/tienda\/producto\/hikvision-ds-2ce78d0t-lts6942160473055-audio-bidireccional-dual-light-colorvu-turret-turbohd-2-megapixel-1080p-lente-2-8-mm-40-mts-ir-exir-40-mts-luz-blanca-microfono-y-bocina-integra\/","og_locale":"es_MX","og_type":"article","og_title":"[ Hikvision ] &#129351; Ds-2ce78d0t-lts,6942160473055 [audio Bidireccional + Dual Light + Colorvu] Turret Turbohd 2 Megapixel (1080p) \/ Lente 2.8 Mm \/ 40 Mts Ir Exir + 40 Mts Luz Blanca \/ Microfono Y Bocina Integrado \/ Exterior Ip67 \/ Dwdr","og_description":"Compra Ds-2ce78d0t-lts,6942160473055 [audio Bidireccional + Dual Light + Colorvu] Turret Turbohd 2 Megapixel (1080p) \/ Lente 2.8 Mm \/ 40 Mts Ir Exir + 40 Mts Luz Blanca \/ Microfono Y Bocina Integrado \/ Exterior Ip67 \/ Dwdr + Env\u00edo a domicilio + Pago seguro + Garant\u00eda","og_url":"https:\/\/compuviper.mx\/tienda\/producto\/hikvision-ds-2ce78d0t-lts6942160473055-audio-bidireccional-dual-light-colorvu-turret-turbohd-2-megapixel-1080p-lente-2-8-mm-40-mts-ir-exir-40-mts-luz-blanca-microfono-y-bocina-integra\/","og_site_name":"Compuviper","article_publisher":"https:\/\/www.facebook.com\/compuviper","og_image":[{"width":200,"height":200,"url":"https:\/\/compuviper.mx\/tienda\/wp-content\/uploads\/2025\/10\/audio-bidireccional-dual-light-colorvu-turret-turbohd-2-megapixel-1080p-lente-2.8-mm-40-mts-ir-exir-40-mts-luz-blanca-microfono-y-bocina-integrado-exterior-ip67-dwdr.jpg","type":"image\/jpeg"}],"twitter_card":"summary_large_image","twitter_misc":{"Precio":"&#36;691 con IVA","Availability":"In stock"},"schema":{"@context":"https:\/\/schema.org","@graph":[{"@type":"WebPage","@id":"https:\/\/compuviper.mx\/tienda\/producto\/hikvision-ds-2ce78d0t-lts6942160473055-audio-bidireccional-dual-light-colorvu-turret-turbohd-2-megapixel-1080p-lente-2-8-mm-40-mts-ir-exir-40-mts-luz-blanca-microfono-y-bocina-integra\/","url":"https:\/\/compuviper.mx\/tienda\/producto\/hikvision-ds-2ce78d0t-lts6942160473055-audio-bidireccional-dual-light-colorvu-turret-turbohd-2-megapixel-1080p-lente-2-8-mm-40-mts-ir-exir-40-mts-luz-blanca-microfono-y-bocina-integra\/","name":"[ Hikvision ] &#129351; Ds-2ce78d0t-lts,6942160473055 [audio Bidireccional + Dual Light + Colorvu] Turret Turbohd 2 Megapixel (1080p) \/ Lente 2.8 Mm \/ 40 Mts Ir Exir + 40 Mts Luz Blanca \/ Microfono Y Bocina Integrado \/ Exterior Ip67 \/ Dwdr","isPartOf":{"@id":"https:\/\/compuviper.mx\/tienda\/#website"},"datePublished":"2026-04-11T06:16:52+00:00","dateModified":"2026-04-11T06:16:52+00:00","description":"Compra Ds-2ce78d0t-lts,6942160473055 [audio Bidireccional + Dual Light + Colorvu] Turret Turbohd 2 Megapixel (1080p) \/ Lente 2.8 Mm \/ 40 Mts Ir Exir + 40 Mts Luz Blanca \/ Microfono Y Bocina Integrado \/ Exterior Ip67 \/ Dwdr + Env\u00edo a domicilio + Pago seguro + Garant\u00eda","breadcrumb":{"@id":"https:\/\/compuviper.mx\/tienda\/producto\/hikvision-ds-2ce78d0t-lts6942160473055-audio-bidireccional-dual-light-colorvu-turret-turbohd-2-megapixel-1080p-lente-2-8-mm-40-mts-ir-exir-40-mts-luz-blanca-microfono-y-bocina-integra\/#breadcrumb"},"inLanguage":"es-MX","potentialAction":[{"@type":"ReadAction","target":["https:\/\/compuviper.mx\/tienda\/producto\/hikvision-ds-2ce78d0t-lts6942160473055-audio-bidireccional-dual-light-colorvu-turret-turbohd-2-megapixel-1080p-lente-2-8-mm-40-mts-ir-exir-40-mts-luz-blanca-microfono-y-bocina-integra\/"]}]},{"@type":"BreadcrumbList","@id":"https:\/\/compuviper.mx\/tienda\/producto\/hikvision-ds-2ce78d0t-lts6942160473055-audio-bidireccional-dual-light-colorvu-turret-turbohd-2-megapixel-1080p-lente-2-8-mm-40-mts-ir-exir-40-mts-luz-blanca-microfono-y-bocina-integra\/#breadcrumb","itemListElement":[{"@type":"ListItem","position":1,"name":"Inicio","item":"https:\/\/compuviper.mx\/tienda\/"},{"@type":"ListItem","position":2,"name":"Productos","item":"https:\/\/compuviper.mx\/tienda\/productos\/"},{"@type":"ListItem","position":3,"name":"Camaras","item":"https:\/\/compuviper.mx\/tienda\/categoria-producto\/camaras-2\/"},{"@type":"ListItem","position":4,"name":"Camara De Videovigilancia","item":"https:\/\/compuviper.mx\/tienda\/categoria-producto\/camaras-2\/camara-de-videovigilancia\/"},{"@type":"ListItem","position":5,"name":"Hikvision Ds-2ce78d0t-lts,6942160473055 [audio Bidireccional + Dual Light + Colorvu] Turret Turbohd 2 Megapixel (1080p) \/ Lente 2.8 Mm \/ 40 Mts Ir Exir + 40 Mts Luz Blanca \/ Microfono Y Bocina Integrado \/ Exterior Ip67 \/ Dwdr"}]},{"@type":"WebSite","@id":"https:\/\/compuviper.mx\/tienda\/#website","url":"https:\/\/compuviper.mx\/tienda\/","name":"Compuviper","description":"Proveedor de Computadoras, Laptops, Servidores, Monitores, Puntos de Venta, Teclados,   Impresoras, T\u00f3ner, C\u00e1maras de Seguridad y m\u00e1s en tu tienda en l\u00ednea","publisher":{"@id":"https:\/\/compuviper.mx\/tienda\/#organization"},"potentialAction":[{"@type":"SearchAction","target":{"@type":"EntryPoint","urlTemplate":"https:\/\/compuviper.mx\/tienda\/?s={search_term_string}"},"query-input":"required name=search_term_string"}],"inLanguage":"es-MX"},{"@type":"Organization","@id":"https:\/\/compuviper.mx\/tienda\/#organization","name":"Compuviper","url":"https:\/\/compuviper.mx\/tienda\/","logo":{"@type":"ImageObject","inLanguage":"es-MX","@id":"https:\/\/compuviper.mx\/tienda\/#\/schema\/logo\/image\/","url":"https:\/\/compuviper.mx\/tienda\/wp-content\/uploads\/2021\/08\/Logo-Compuviper-10.png","contentUrl":"https:\/\/compuviper.mx\/tienda\/wp-content\/uploads\/2021\/08\/Logo-Compuviper-10.png","width":1000,"height":500,"caption":"Compuviper"},"image":{"@id":"https:\/\/compuviper.mx\/tienda\/#\/schema\/logo\/image\/"},"sameAs":["https:\/\/www.facebook.com\/compuviper","https:\/\/www.youtube.com\/channel\/UCf73dERp9Y3cfOq7q8BhLjA?view_as=subscriber"]}]},"product_brand":"HIKVISION","product_price_amount":"691","product_price_currency":"MXN","og_availability":"instock","product_availability":"instock","product_retailer_item_id":"DS-2CE78D0T-LTS,6942160473055","product_condition":"new"},"_links":{"self":[{"href":"https:\/\/compuviper.mx\/tienda\/wp-json\/wp\/v2\/product\/247468"}],"collection":[{"href":"https:\/\/compuviper.mx\/tienda\/wp-json\/wp\/v2\/product"}],"about":[{"href":"https:\/\/compuviper.mx\/tienda\/wp-json\/wp\/v2\/types\/product"}],"replies":[{"embeddable":true,"href":"https:\/\/compuviper.mx\/tienda\/wp-json\/wp\/v2\/comments?post=247468"}],"wp:featuredmedia":[{"embeddable":true,"href":"https:\/\/compuviper.mx\/tienda\/wp-json\/wp\/v2\/media\/259377"}],"wp:attachment":[{"href":"https:\/\/compuviper.mx\/tienda\/wp-json\/wp\/v2\/media?parent=247468"}],"wp:term":[{"taxonomy":"product_cat","embeddable":true,"href":"https:\/\/compuviper.mx\/tienda\/wp-json\/wp\/v2\/product_cat?post=247468"},{"taxonomy":"product_tag","embeddable":true,"href":"https:\/\/compuviper.mx\/tienda\/wp-json\/wp\/v2\/product_tag?post=247468"}],"curies":[{"name":"wp","href":"https:\/\/api.w.org\/{rel}","templated":true}]}}