{"id":247463,"date":"2026-04-23T00:15:13","date_gmt":"2026-04-23T06:15:13","guid":{"rendered":"https:\/\/compuviper.mx\/tienda\/producto\/hikvision-ds-2cd1023g2-liuf-dual-light-bala-ip-2-megapixel-lente-2-8-mm-30-mts-ir-30-mts-luz-blanca-micrfono-integrado-acusense-lite-exterior-ip67-h-265-poe-onvif-micro-sd\/"},"modified":"2026-04-23T00:15:13","modified_gmt":"2026-04-23T06:15:13","slug":"hikvision-ds-2cd1023g2-liuf6931847187033-dual-light-bala-ip-2-megapixel-lente-2-8-mm-30-mts-ir-30-mts-luz-blanca-micrfono-integrado-acusense-lite-exterior-ip67-h-265-poe-onvif","status":"publish","type":"product","link":"https:\/\/compuviper.mx\/tienda\/producto\/hikvision-ds-2cd1023g2-liuf6931847187033-dual-light-bala-ip-2-megapixel-lente-2-8-mm-30-mts-ir-30-mts-luz-blanca-micrfono-integrado-acusense-lite-exterior-ip67-h-265-poe-onvif\/","title":{"rendered":"Hikvision Ds-2cd1023g2-liu(f),6931847187033 [dual Light] Bala Ip 2 Megapixel \/ Lente 2.8 Mm \/ 30 Mts Ir + 30 Mts Luz Blanca \/ Micr?fono Integrado \/ Acusense Lite \/ Exterior Ip67 \/ H.265 \/ Poe \/ Onvif \/ Micro Sd"},"content":{"rendered":"<table class=\"descripcion\">\n<tr>\n<td>Caracter\u00edsticas principales:<\/td>\n<\/tr>\n<tr>\n<td>Resoluci\u00f3n m\u00e1xima: 2 megapixel (1920 x 1080p).<\/td>\n<\/tr>\n<tr>\n<td>Lente fijo: 2.8 mm (\u00e1ngulo de apertura 103\u00b0).<\/td>\n<\/tr>\n<tr>\n<td>Micr\u00f3fono integrado.<\/td>\n<\/tr>\n<tr>\n<td>30 m ir exir (visi\u00f3n nocturna).<\/td>\n<\/tr>\n<tr>\n<td>20 m de luz blanca (ayuda a iluminar el sitio para mantener la imagen siempre a color).<\/td>\n<\/tr>\n<tr>\n<td>Compresi\u00f3n: h.265+ \/ h.265 \/ h.264.<\/td>\n<\/tr>\n<tr>\n<td>Dwdr \/ 3d dnr \/ blc.<\/td>\n<\/tr>\n<tr>\n<td>Compatible con plataforma hik-connect (p2p)<\/td>\n<\/tr>\n<tr>\n<td>Entradas y salidas de audio \/ alarmas \/ red \/ almacenamiento:<\/td>\n<\/tr>\n<tr>\n<td>Entradas de alarma: na.<\/td>\n<\/tr>\n<tr>\n<td>Salidas de alarma: na.<\/td>\n<\/tr>\n<tr>\n<td>Entradas de audio: na.<\/td>\n<\/tr>\n<tr>\n<td>Salidas de audio: na.<\/td>\n<\/tr>\n<tr>\n<td>Puerto de red: 1 (10 \/ 100 mbps \/ poe 802.3af ).<\/td>\n<\/tr>\n<tr>\n<td>Soporta onvif (profile s y g) \/ isapi.<\/td>\n<\/tr>\n<tr>\n<td>Soporta memoria micro sd de hasta 512 gb (no incluida).<\/td>\n<\/tr>\n<tr>\n<td>Caracter\u00edsticas f\u00edsicas y el\u00e9ctricas:<\/td>\n<\/tr>\n<tr>\n<td>Alimentaci\u00f3n: 12 vcc \/ 6.5w poe (802.3 af).<\/td>\n<\/tr>\n<tr>\n<td>Protecci\u00f3n: ip67 (interior \/ exterior).<\/td>\n<\/tr>\n<tr>\n<td>Material: policarbonato y metal.<\/td>\n<\/tr>\n<tr>\n<td>Dimensiones: 170.8 x 66 x 69.1 mm.<\/td>\n<\/tr>\n<tr>\n<td>Peso: 265 g.<\/td>\n<\/tr>\n<tr>\n<td>Accesorios opcionales:<\/td>\n<\/tr>\n<tr>\n<td>Caja de conexiones, modelo: ds-1280zj-xs-ax<\/td>\n<\/tr>\n<tr>\n<td>Caja de conexiones, modelo: ds-1280zj-xs-bax<\/td>\n<\/tr>\n<tr>\n<td>Caja de conexiones, modelo: ds-1280-zj-xs-p<\/td>\n<\/tr>\n<tr>\n<td>Caja de conexiones de metal, modelo: ds-1280zj-xs<\/td>\n<\/tr>\n<tr>\n<td>Montaje para poste, modelo: ds-1275zj-sus<\/td>\n<\/tr>\n<tr>\n<td>Montaje de esquina, modelo: ds-1276zj-sus<\/td>\n<\/tr>\n<tr>\n<td>Caracter\u00edsticas destacadas:<\/td>\n<\/tr>\n<tr>\n<td>La c\u00e1mara soporta micr\u00f3fono integrado (interconstruido) para enviar el video y el audio por el mismo cable de red sin tener que a\u00f1adir nada m\u00e1s.<\/td>\n<\/tr>\n<tr>\n<td>Compatible con la plataforma de hik-connect para una conexi\u00f3n m\u00e1s r\u00e1pida y sencilla.<\/td>\n<\/tr>\n<tr>\n<td>Soporta anal\u00edtico de acusense lite para con anal\u00edticos como filtro de humano y veh\u00edculos por medio de detecci\u00f3n de movimiento (no por cruce de l\u00ednea o intrusi\u00f3n).<\/td>\n<\/tr>\n<tr>\n<td>Soporta la tecnolog\u00eda dual light, podemos tener en la noche la imagen de b\/n con los ir encendidos y cuando detecte movimiento por medio del anal\u00edtico de acusense lite (filtro de humanos y veh\u00edculos) encender\u00e1 la luz blanca para poder tener el evento a color, cuando pase el evento se vuelve a colocar el la imagen en b\/n.<\/td>\n<\/tr>\n<tr>\n<td>Distancias dori:<\/td>\n<\/tr>\n<tr>\n<td>Dori es un est\u00e1ndar utilizado para definir la distancia a la cual se puede detectar, observar, reconocer e identificar personas y objetos con claridad utilizando una c\u00e1mara de vigilancia.<\/td>\n<\/tr>\n<tr>\n<td>Distancia focal detectar observar reconocer identificar<\/td>\n<\/tr>\n<tr>\n<td>Distancia (2.8mm) 45 m 18 m 9 m 4 m<\/td>\n<\/tr>\n<\/table>\n","protected":false},"excerpt":{"rendered":"<p>Esoluci\u00f3n m\u00e1xima de 2 megap\u00edxeles (1920 x 1080p. Lente fijo 2.8 mm con \u00e1ngulo de 103?. 30 metros de visi\u00f3n nocturna ir exir. Compresi\u00f3n eficiente h.265+\/h.265\/h.264. Compatible con plataforma hik-connect (p2p)<\/p>\n","protected":false},"featured_media":259372,"comment_status":"open","ping_status":"open","template":"","meta":[],"product_cat":[1608,1681],"product_tag":[1595],"acf":[],"yoast_head":"<!-- This site is optimized with the Yoast SEO plugin v21.7 - https:\/\/yoast.com\/wordpress\/plugins\/seo\/ -->\n<title>[ Hikvision ] &#129351; Ds-2cd1023g2-liu(f),6931847187033 [dual Light] Bala Ip 2 Megapixel \/ Lente 2.8 Mm \/ 30 Mts Ir + 30 Mts Luz Blanca \/ Micr\u00f3fono Integrado \/ Acusense Lite \/ Exterior Ip67 \/ H.265 \/ Poe \/ Onvif \/ Micro Sd<\/title>\n<meta name=\"description\" content=\"Compra Ds-2cd1023g2-liu(f),6931847187033 [dual Light] Bala Ip 2 Megapixel \/ Lente 2.8 Mm \/ 30 Mts Ir + 30 Mts Luz Blanca \/ Micr\u00f3fono Integrado \/ Acusense Lite \/ Exterior Ip67 \/ H.265 \/ Poe \/ Onvif \/ Micro Sd + Env\u00edo a domicilio + Pago seguro + Garant\u00eda\" \/>\n<meta name=\"robots\" content=\"index, follow, max-snippet:-1, max-image-preview:large, max-video-preview:-1\" \/>\n<link rel=\"canonical\" href=\"https:\/\/compuviper.mx\/tienda\/producto\/hikvision-ds-2cd1023g2-liuf6931847187033-dual-light-bala-ip-2-megapixel-lente-2-8-mm-30-mts-ir-30-mts-luz-blanca-micrfono-integrado-acusense-lite-exterior-ip67-h-265-poe-onvif\/\" \/>\n<meta property=\"og:locale\" content=\"es_MX\" \/>\n<meta property=\"og:type\" content=\"article\" \/>\n<meta property=\"og:title\" content=\"[ Hikvision ] &#129351; Ds-2cd1023g2-liu(f),6931847187033 [dual Light] Bala Ip 2 Megapixel \/ Lente 2.8 Mm \/ 30 Mts Ir + 30 Mts Luz Blanca \/ Micr\u00f3fono Integrado \/ Acusense Lite \/ Exterior Ip67 \/ H.265 \/ Poe \/ Onvif \/ Micro Sd\" \/>\n<meta property=\"og:description\" content=\"Compra Ds-2cd1023g2-liu(f),6931847187033 [dual Light] Bala Ip 2 Megapixel \/ Lente 2.8 Mm \/ 30 Mts Ir + 30 Mts Luz Blanca \/ Micr\u00f3fono Integrado \/ Acusense Lite \/ Exterior Ip67 \/ H.265 \/ Poe \/ Onvif \/ Micro Sd + Env\u00edo a domicilio + Pago seguro + Garant\u00eda\" \/>\n<meta property=\"og:url\" content=\"https:\/\/compuviper.mx\/tienda\/producto\/hikvision-ds-2cd1023g2-liuf6931847187033-dual-light-bala-ip-2-megapixel-lente-2-8-mm-30-mts-ir-30-mts-luz-blanca-micrfono-integrado-acusense-lite-exterior-ip67-h-265-poe-onvif\/\" \/>\n<meta property=\"og:site_name\" content=\"Compuviper\" \/>\n<meta property=\"article:publisher\" content=\"https:\/\/www.facebook.com\/compuviper\" \/>\n<meta property=\"og:image\" content=\"https:\/\/compuviper.mx\/tienda\/wp-content\/uploads\/2025\/10\/dual-light-bala-ip-2-megapixel-lente-2.8-mm-30-mts-ir-30-mts-luz-blanca-microfono-integrado-acusense-lite-exterior-ip67-h.265-poe-onvif-micro-sd.jpg\" \/>\n\t<meta property=\"og:image:width\" content=\"200\" \/>\n\t<meta property=\"og:image:height\" content=\"200\" \/>\n\t<meta property=\"og:image:type\" content=\"image\/jpeg\" \/>\n<meta name=\"twitter:card\" content=\"summary_large_image\" \/>\n<meta name=\"twitter:label1\" content=\"Precio\" \/>\n\t<meta name=\"twitter:data1\" content=\"&#36;1,100 con IVA\" \/>\n\t<meta name=\"twitter:label2\" content=\"Availability\" \/>\n\t<meta name=\"twitter:data2\" content=\"Out of stock\" \/>\n<script type=\"application\/ld+json\" class=\"yoast-schema-graph\">{\"@context\":\"https:\/\/schema.org\",\"@graph\":[{\"@type\":\"WebPage\",\"@id\":\"https:\/\/compuviper.mx\/tienda\/producto\/hikvision-ds-2cd1023g2-liuf6931847187033-dual-light-bala-ip-2-megapixel-lente-2-8-mm-30-mts-ir-30-mts-luz-blanca-micrfono-integrado-acusense-lite-exterior-ip67-h-265-poe-onvif\/\",\"url\":\"https:\/\/compuviper.mx\/tienda\/producto\/hikvision-ds-2cd1023g2-liuf6931847187033-dual-light-bala-ip-2-megapixel-lente-2-8-mm-30-mts-ir-30-mts-luz-blanca-micrfono-integrado-acusense-lite-exterior-ip67-h-265-poe-onvif\/\",\"name\":\"[ Hikvision ] &#129351; Ds-2cd1023g2-liu(f),6931847187033 [dual Light] Bala Ip 2 Megapixel \/ Lente 2.8 Mm \/ 30 Mts Ir + 30 Mts Luz Blanca \/ Micr\u00f3fono Integrado \/ Acusense Lite \/ Exterior Ip67 \/ H.265 \/ Poe \/ Onvif \/ Micro Sd\",\"isPartOf\":{\"@id\":\"https:\/\/compuviper.mx\/tienda\/#website\"},\"datePublished\":\"2026-04-23T06:15:13+00:00\",\"dateModified\":\"2026-04-23T06:15:13+00:00\",\"description\":\"Compra Ds-2cd1023g2-liu(f),6931847187033 [dual Light] Bala Ip 2 Megapixel \/ Lente 2.8 Mm \/ 30 Mts Ir + 30 Mts Luz Blanca \/ Micr\u00f3fono Integrado \/ Acusense Lite \/ Exterior Ip67 \/ H.265 \/ Poe \/ Onvif \/ Micro Sd + Env\u00edo a domicilio + Pago seguro + Garant\u00eda\",\"breadcrumb\":{\"@id\":\"https:\/\/compuviper.mx\/tienda\/producto\/hikvision-ds-2cd1023g2-liuf6931847187033-dual-light-bala-ip-2-megapixel-lente-2-8-mm-30-mts-ir-30-mts-luz-blanca-micrfono-integrado-acusense-lite-exterior-ip67-h-265-poe-onvif\/#breadcrumb\"},\"inLanguage\":\"es-MX\",\"potentialAction\":[{\"@type\":\"ReadAction\",\"target\":[\"https:\/\/compuviper.mx\/tienda\/producto\/hikvision-ds-2cd1023g2-liuf6931847187033-dual-light-bala-ip-2-megapixel-lente-2-8-mm-30-mts-ir-30-mts-luz-blanca-micrfono-integrado-acusense-lite-exterior-ip67-h-265-poe-onvif\/\"]}]},{\"@type\":\"BreadcrumbList\",\"@id\":\"https:\/\/compuviper.mx\/tienda\/producto\/hikvision-ds-2cd1023g2-liuf6931847187033-dual-light-bala-ip-2-megapixel-lente-2-8-mm-30-mts-ir-30-mts-luz-blanca-micrfono-integrado-acusense-lite-exterior-ip67-h-265-poe-onvif\/#breadcrumb\",\"itemListElement\":[{\"@type\":\"ListItem\",\"position\":1,\"name\":\"Inicio\",\"item\":\"https:\/\/compuviper.mx\/tienda\/\"},{\"@type\":\"ListItem\",\"position\":2,\"name\":\"Productos\",\"item\":\"https:\/\/compuviper.mx\/tienda\/productos\/\"},{\"@type\":\"ListItem\",\"position\":3,\"name\":\"Camaras\",\"item\":\"https:\/\/compuviper.mx\/tienda\/categoria-producto\/camaras-2\/\"},{\"@type\":\"ListItem\",\"position\":4,\"name\":\"Camara De Videovigilancia\",\"item\":\"https:\/\/compuviper.mx\/tienda\/categoria-producto\/camaras-2\/camara-de-videovigilancia\/\"},{\"@type\":\"ListItem\",\"position\":5,\"name\":\"Hikvision Ds-2cd1023g2-liu(f),6931847187033 [dual Light] Bala Ip 2 Megapixel \/ Lente 2.8 Mm \/ 30 Mts Ir + 30 Mts Luz Blanca \/ Micr?fono Integrado \/ Acusense Lite \/ Exterior Ip67 \/ H.265 \/ Poe \/ Onvif \/ Micro Sd\"}]},{\"@type\":\"WebSite\",\"@id\":\"https:\/\/compuviper.mx\/tienda\/#website\",\"url\":\"https:\/\/compuviper.mx\/tienda\/\",\"name\":\"Compuviper\",\"description\":\"Proveedor de Computadoras, Laptops, Servidores, Monitores, Puntos de Venta, Teclados,   Impresoras, T\u00f3ner, C\u00e1maras de Seguridad y m\u00e1s en tu tienda en l\u00ednea\",\"publisher\":{\"@id\":\"https:\/\/compuviper.mx\/tienda\/#organization\"},\"potentialAction\":[{\"@type\":\"SearchAction\",\"target\":{\"@type\":\"EntryPoint\",\"urlTemplate\":\"https:\/\/compuviper.mx\/tienda\/?s={search_term_string}\"},\"query-input\":\"required name=search_term_string\"}],\"inLanguage\":\"es-MX\"},{\"@type\":\"Organization\",\"@id\":\"https:\/\/compuviper.mx\/tienda\/#organization\",\"name\":\"Compuviper\",\"url\":\"https:\/\/compuviper.mx\/tienda\/\",\"logo\":{\"@type\":\"ImageObject\",\"inLanguage\":\"es-MX\",\"@id\":\"https:\/\/compuviper.mx\/tienda\/#\/schema\/logo\/image\/\",\"url\":\"https:\/\/compuviper.mx\/tienda\/wp-content\/uploads\/2021\/08\/Logo-Compuviper-10.png\",\"contentUrl\":\"https:\/\/compuviper.mx\/tienda\/wp-content\/uploads\/2021\/08\/Logo-Compuviper-10.png\",\"width\":1000,\"height\":500,\"caption\":\"Compuviper\"},\"image\":{\"@id\":\"https:\/\/compuviper.mx\/tienda\/#\/schema\/logo\/image\/\"},\"sameAs\":[\"https:\/\/www.facebook.com\/compuviper\",\"https:\/\/www.youtube.com\/channel\/UCf73dERp9Y3cfOq7q8BhLjA?view_as=subscriber\"]}]}<\/script>\n<meta property=\"product:brand\" content=\"HIKVISION\" \/>\n<meta property=\"product:price:amount\" content=\"1100\" \/>\n<meta property=\"product:price:currency\" content=\"MXN\" \/>\n<meta property=\"og:availability\" content=\"out of stock\" \/>\n<meta property=\"product:availability\" content=\"out of stock\" \/>\n<meta property=\"product:retailer_item_id\" content=\"DS-2CD1023G2-LIU(F),6931847187033\" \/>\n<meta property=\"product:condition\" content=\"new\" \/>\n<!-- \/ Yoast SEO plugin. -->","yoast_head_json":{"title":"[ Hikvision ] &#129351; Ds-2cd1023g2-liu(f),6931847187033 [dual Light] Bala Ip 2 Megapixel \/ Lente 2.8 Mm \/ 30 Mts Ir + 30 Mts Luz Blanca \/ Micr\u00f3fono Integrado \/ Acusense Lite \/ Exterior Ip67 \/ H.265 \/ Poe \/ Onvif \/ Micro Sd","description":"Compra Ds-2cd1023g2-liu(f),6931847187033 [dual Light] Bala Ip 2 Megapixel \/ Lente 2.8 Mm \/ 30 Mts Ir + 30 Mts Luz Blanca \/ Micr\u00f3fono Integrado \/ Acusense Lite \/ Exterior Ip67 \/ H.265 \/ Poe \/ Onvif \/ Micro Sd + Env\u00edo a domicilio + Pago seguro + Garant\u00eda","robots":{"index":"index","follow":"follow","max-snippet":"max-snippet:-1","max-image-preview":"max-image-preview:large","max-video-preview":"max-video-preview:-1"},"canonical":"https:\/\/compuviper.mx\/tienda\/producto\/hikvision-ds-2cd1023g2-liuf6931847187033-dual-light-bala-ip-2-megapixel-lente-2-8-mm-30-mts-ir-30-mts-luz-blanca-micrfono-integrado-acusense-lite-exterior-ip67-h-265-poe-onvif\/","og_locale":"es_MX","og_type":"article","og_title":"[ Hikvision ] &#129351; Ds-2cd1023g2-liu(f),6931847187033 [dual Light] Bala Ip 2 Megapixel \/ Lente 2.8 Mm \/ 30 Mts Ir + 30 Mts Luz Blanca \/ Micr\u00f3fono Integrado \/ Acusense Lite \/ Exterior Ip67 \/ H.265 \/ Poe \/ Onvif \/ Micro Sd","og_description":"Compra Ds-2cd1023g2-liu(f),6931847187033 [dual Light] Bala Ip 2 Megapixel \/ Lente 2.8 Mm \/ 30 Mts Ir + 30 Mts Luz Blanca \/ Micr\u00f3fono Integrado \/ Acusense Lite \/ Exterior Ip67 \/ H.265 \/ Poe \/ Onvif \/ Micro Sd + Env\u00edo a domicilio + Pago seguro + Garant\u00eda","og_url":"https:\/\/compuviper.mx\/tienda\/producto\/hikvision-ds-2cd1023g2-liuf6931847187033-dual-light-bala-ip-2-megapixel-lente-2-8-mm-30-mts-ir-30-mts-luz-blanca-micrfono-integrado-acusense-lite-exterior-ip67-h-265-poe-onvif\/","og_site_name":"Compuviper","article_publisher":"https:\/\/www.facebook.com\/compuviper","og_image":[{"width":200,"height":200,"url":"https:\/\/compuviper.mx\/tienda\/wp-content\/uploads\/2025\/10\/dual-light-bala-ip-2-megapixel-lente-2.8-mm-30-mts-ir-30-mts-luz-blanca-microfono-integrado-acusense-lite-exterior-ip67-h.265-poe-onvif-micro-sd.jpg","type":"image\/jpeg"}],"twitter_card":"summary_large_image","twitter_misc":{"Precio":"&#36;1,100 con IVA","Availability":"Out of stock"},"schema":{"@context":"https:\/\/schema.org","@graph":[{"@type":"WebPage","@id":"https:\/\/compuviper.mx\/tienda\/producto\/hikvision-ds-2cd1023g2-liuf6931847187033-dual-light-bala-ip-2-megapixel-lente-2-8-mm-30-mts-ir-30-mts-luz-blanca-micrfono-integrado-acusense-lite-exterior-ip67-h-265-poe-onvif\/","url":"https:\/\/compuviper.mx\/tienda\/producto\/hikvision-ds-2cd1023g2-liuf6931847187033-dual-light-bala-ip-2-megapixel-lente-2-8-mm-30-mts-ir-30-mts-luz-blanca-micrfono-integrado-acusense-lite-exterior-ip67-h-265-poe-onvif\/","name":"[ Hikvision ] &#129351; Ds-2cd1023g2-liu(f),6931847187033 [dual Light] Bala Ip 2 Megapixel \/ Lente 2.8 Mm \/ 30 Mts Ir + 30 Mts Luz Blanca \/ Micr\u00f3fono Integrado \/ Acusense Lite \/ Exterior Ip67 \/ H.265 \/ Poe \/ Onvif \/ Micro Sd","isPartOf":{"@id":"https:\/\/compuviper.mx\/tienda\/#website"},"datePublished":"2026-04-23T06:15:13+00:00","dateModified":"2026-04-23T06:15:13+00:00","description":"Compra Ds-2cd1023g2-liu(f),6931847187033 [dual Light] Bala Ip 2 Megapixel \/ Lente 2.8 Mm \/ 30 Mts Ir + 30 Mts Luz Blanca \/ Micr\u00f3fono Integrado \/ Acusense Lite \/ Exterior Ip67 \/ H.265 \/ Poe \/ Onvif \/ Micro Sd + Env\u00edo a domicilio + Pago seguro + Garant\u00eda","breadcrumb":{"@id":"https:\/\/compuviper.mx\/tienda\/producto\/hikvision-ds-2cd1023g2-liuf6931847187033-dual-light-bala-ip-2-megapixel-lente-2-8-mm-30-mts-ir-30-mts-luz-blanca-micrfono-integrado-acusense-lite-exterior-ip67-h-265-poe-onvif\/#breadcrumb"},"inLanguage":"es-MX","potentialAction":[{"@type":"ReadAction","target":["https:\/\/compuviper.mx\/tienda\/producto\/hikvision-ds-2cd1023g2-liuf6931847187033-dual-light-bala-ip-2-megapixel-lente-2-8-mm-30-mts-ir-30-mts-luz-blanca-micrfono-integrado-acusense-lite-exterior-ip67-h-265-poe-onvif\/"]}]},{"@type":"BreadcrumbList","@id":"https:\/\/compuviper.mx\/tienda\/producto\/hikvision-ds-2cd1023g2-liuf6931847187033-dual-light-bala-ip-2-megapixel-lente-2-8-mm-30-mts-ir-30-mts-luz-blanca-micrfono-integrado-acusense-lite-exterior-ip67-h-265-poe-onvif\/#breadcrumb","itemListElement":[{"@type":"ListItem","position":1,"name":"Inicio","item":"https:\/\/compuviper.mx\/tienda\/"},{"@type":"ListItem","position":2,"name":"Productos","item":"https:\/\/compuviper.mx\/tienda\/productos\/"},{"@type":"ListItem","position":3,"name":"Camaras","item":"https:\/\/compuviper.mx\/tienda\/categoria-producto\/camaras-2\/"},{"@type":"ListItem","position":4,"name":"Camara De Videovigilancia","item":"https:\/\/compuviper.mx\/tienda\/categoria-producto\/camaras-2\/camara-de-videovigilancia\/"},{"@type":"ListItem","position":5,"name":"Hikvision Ds-2cd1023g2-liu(f),6931847187033 [dual Light] Bala Ip 2 Megapixel \/ Lente 2.8 Mm \/ 30 Mts Ir + 30 Mts Luz Blanca \/ Micr?fono Integrado \/ Acusense Lite \/ Exterior Ip67 \/ H.265 \/ Poe \/ Onvif \/ Micro Sd"}]},{"@type":"WebSite","@id":"https:\/\/compuviper.mx\/tienda\/#website","url":"https:\/\/compuviper.mx\/tienda\/","name":"Compuviper","description":"Proveedor de Computadoras, Laptops, Servidores, Monitores, Puntos de Venta, Teclados,   Impresoras, T\u00f3ner, C\u00e1maras de Seguridad y m\u00e1s en tu tienda en l\u00ednea","publisher":{"@id":"https:\/\/compuviper.mx\/tienda\/#organization"},"potentialAction":[{"@type":"SearchAction","target":{"@type":"EntryPoint","urlTemplate":"https:\/\/compuviper.mx\/tienda\/?s={search_term_string}"},"query-input":"required name=search_term_string"}],"inLanguage":"es-MX"},{"@type":"Organization","@id":"https:\/\/compuviper.mx\/tienda\/#organization","name":"Compuviper","url":"https:\/\/compuviper.mx\/tienda\/","logo":{"@type":"ImageObject","inLanguage":"es-MX","@id":"https:\/\/compuviper.mx\/tienda\/#\/schema\/logo\/image\/","url":"https:\/\/compuviper.mx\/tienda\/wp-content\/uploads\/2021\/08\/Logo-Compuviper-10.png","contentUrl":"https:\/\/compuviper.mx\/tienda\/wp-content\/uploads\/2021\/08\/Logo-Compuviper-10.png","width":1000,"height":500,"caption":"Compuviper"},"image":{"@id":"https:\/\/compuviper.mx\/tienda\/#\/schema\/logo\/image\/"},"sameAs":["https:\/\/www.facebook.com\/compuviper","https:\/\/www.youtube.com\/channel\/UCf73dERp9Y3cfOq7q8BhLjA?view_as=subscriber"]}]},"product_brand":"HIKVISION","product_price_amount":"1100","product_price_currency":"MXN","og_availability":"out of stock","product_availability":"out of stock","product_retailer_item_id":"DS-2CD1023G2-LIU(F),6931847187033","product_condition":"new"},"_links":{"self":[{"href":"https:\/\/compuviper.mx\/tienda\/wp-json\/wp\/v2\/product\/247463"}],"collection":[{"href":"https:\/\/compuviper.mx\/tienda\/wp-json\/wp\/v2\/product"}],"about":[{"href":"https:\/\/compuviper.mx\/tienda\/wp-json\/wp\/v2\/types\/product"}],"replies":[{"embeddable":true,"href":"https:\/\/compuviper.mx\/tienda\/wp-json\/wp\/v2\/comments?post=247463"}],"wp:featuredmedia":[{"embeddable":true,"href":"https:\/\/compuviper.mx\/tienda\/wp-json\/wp\/v2\/media\/259372"}],"wp:attachment":[{"href":"https:\/\/compuviper.mx\/tienda\/wp-json\/wp\/v2\/media?parent=247463"}],"wp:term":[{"taxonomy":"product_cat","embeddable":true,"href":"https:\/\/compuviper.mx\/tienda\/wp-json\/wp\/v2\/product_cat?post=247463"},{"taxonomy":"product_tag","embeddable":true,"href":"https:\/\/compuviper.mx\/tienda\/wp-json\/wp\/v2\/product_tag?post=247463"}],"curies":[{"name":"wp","href":"https:\/\/api.w.org\/{rel}","templated":true}]}}