{"id":247458,"date":"2026-04-06T23:14:07","date_gmt":"2026-04-07T05:14:07","guid":{"rendered":"https:\/\/compuviper.mx\/tienda\/producto\/xerox-097n02445-bandeja-550-hojas-para-b620-b625\/"},"modified":"2026-04-06T23:14:08","modified_gmt":"2026-04-07T05:14:08","slug":"xerox-097n02445-bandeja-550-hojas-para-b620-b625","status":"publish","type":"product","link":"https:\/\/compuviper.mx\/tienda\/producto\/xerox-097n02445-bandeja-550-hojas-para-b620-b625\/","title":{"rendered":"Xerox 097n02445 Bandeja   550 Hojas Para B620\/b625"},"content":{"rendered":"<table class=\"descripcion\">\n<tr>\n<td>Largo: 59.8 cm<\/td>\n<\/tr>\n<tr>\n<td>Ancho 49.8 cm<\/td>\n<\/tr>\n<tr>\n<td>Alto: 19.6 cm<\/td>\n<\/tr>\n<tr>\n<td>Peso: 8.2kg<\/td>\n<\/tr>\n<\/table>\n","protected":false},"excerpt":{"rendered":"<p>Bandeja xerox 097n02445. Espacio para 550 hojas. Para equipo versalink b620 y b625<\/p>\n","protected":false},"featured_media":258717,"comment_status":"open","ping_status":"open","template":"","meta":[],"product_cat":[1485,1898],"product_tag":[2109],"acf":[],"yoast_head":"<!-- This site is optimized with the Yoast SEO plugin v21.7 - https:\/\/yoast.com\/wordpress\/plugins\/seo\/ -->\n<title>[ Xerox ] &#129351; 097n02445 Bandeja 550 Hojas Para B620\/b625<\/title>\n<meta name=\"description\" content=\"Compra 097n02445 Bandeja 550 Hojas Para B620\/b625 + Env\u00edo a domicilio + Pago seguro + Garant\u00eda\" \/>\n<meta name=\"robots\" content=\"index, follow, max-snippet:-1, max-image-preview:large, max-video-preview:-1\" \/>\n<link rel=\"canonical\" href=\"https:\/\/compuviper.mx\/tienda\/producto\/xerox-097n02445-bandeja-550-hojas-para-b620-b625\/\" \/>\n<meta property=\"og:locale\" content=\"es_MX\" \/>\n<meta property=\"og:type\" content=\"article\" \/>\n<meta property=\"og:title\" content=\"[ Xerox ] &#129351; 097n02445 Bandeja 550 Hojas Para B620\/b625\" \/>\n<meta property=\"og:description\" content=\"Compra 097n02445 Bandeja 550 Hojas Para B620\/b625 + Env\u00edo a domicilio + Pago seguro + Garant\u00eda\" \/>\n<meta property=\"og:url\" content=\"https:\/\/compuviper.mx\/tienda\/producto\/xerox-097n02445-bandeja-550-hojas-para-b620-b625\/\" \/>\n<meta property=\"og:site_name\" content=\"Compuviper\" \/>\n<meta property=\"article:publisher\" content=\"https:\/\/www.facebook.com\/compuviper\" \/>\n<meta property=\"article:modified_time\" content=\"2026-04-07T05:14:08+00:00\" \/>\n<meta property=\"og:image\" content=\"https:\/\/compuviper.mx\/tienda\/wp-content\/uploads\/2025\/10\/Bandeja-xerox-097n02445-550-hojas-para-b620b625.jpg\" \/>\n\t<meta property=\"og:image:width\" content=\"200\" \/>\n\t<meta property=\"og:image:height\" content=\"200\" \/>\n\t<meta property=\"og:image:type\" content=\"image\/jpeg\" \/>\n<meta name=\"twitter:card\" content=\"summary_large_image\" \/>\n<meta name=\"twitter:label1\" content=\"Precio\" \/>\n\t<meta name=\"twitter:data1\" content=\"&#36;2,855 &#36;2,769 con IVA\" \/>\n\t<meta name=\"twitter:label2\" content=\"Availability\" \/>\n\t<meta name=\"twitter:data2\" content=\"Out of stock\" \/>\n<script type=\"application\/ld+json\" class=\"yoast-schema-graph\">{\"@context\":\"https:\/\/schema.org\",\"@graph\":[{\"@type\":\"WebPage\",\"@id\":\"https:\/\/compuviper.mx\/tienda\/producto\/xerox-097n02445-bandeja-550-hojas-para-b620-b625\/\",\"url\":\"https:\/\/compuviper.mx\/tienda\/producto\/xerox-097n02445-bandeja-550-hojas-para-b620-b625\/\",\"name\":\"[ Xerox ] &#129351; 097n02445 Bandeja 550 Hojas Para B620\/b625\",\"isPartOf\":{\"@id\":\"https:\/\/compuviper.mx\/tienda\/#website\"},\"datePublished\":\"2026-04-07T05:14:07+00:00\",\"dateModified\":\"2026-04-07T05:14:08+00:00\",\"description\":\"Compra 097n02445 Bandeja 550 Hojas Para B620\/b625 + Env\u00edo a domicilio + Pago seguro + Garant\u00eda\",\"breadcrumb\":{\"@id\":\"https:\/\/compuviper.mx\/tienda\/producto\/xerox-097n02445-bandeja-550-hojas-para-b620-b625\/#breadcrumb\"},\"inLanguage\":\"es-MX\",\"potentialAction\":[{\"@type\":\"ReadAction\",\"target\":[\"https:\/\/compuviper.mx\/tienda\/producto\/xerox-097n02445-bandeja-550-hojas-para-b620-b625\/\"]}]},{\"@type\":\"BreadcrumbList\",\"@id\":\"https:\/\/compuviper.mx\/tienda\/producto\/xerox-097n02445-bandeja-550-hojas-para-b620-b625\/#breadcrumb\",\"itemListElement\":[{\"@type\":\"ListItem\",\"position\":1,\"name\":\"Inicio\",\"item\":\"https:\/\/compuviper.mx\/tienda\/\"},{\"@type\":\"ListItem\",\"position\":2,\"name\":\"Productos\",\"item\":\"https:\/\/compuviper.mx\/tienda\/productos\/\"},{\"@type\":\"ListItem\",\"position\":3,\"name\":\"Accesorios\",\"item\":\"https:\/\/compuviper.mx\/tienda\/categoria-producto\/accesorios\/\"},{\"@type\":\"ListItem\",\"position\":4,\"name\":\"Impresoras\",\"item\":\"https:\/\/compuviper.mx\/tienda\/categoria-producto\/accesorios\/impresoras-accesorios\/\"},{\"@type\":\"ListItem\",\"position\":5,\"name\":\"Xerox 097n02445 Bandeja 550 Hojas Para B620\/b625\"}]},{\"@type\":\"WebSite\",\"@id\":\"https:\/\/compuviper.mx\/tienda\/#website\",\"url\":\"https:\/\/compuviper.mx\/tienda\/\",\"name\":\"Compuviper\",\"description\":\"Proveedor de Computadoras, Laptops, Servidores, Monitores, Puntos de Venta, Teclados,   Impresoras, T\u00f3ner, C\u00e1maras de Seguridad y m\u00e1s en tu tienda en l\u00ednea\",\"publisher\":{\"@id\":\"https:\/\/compuviper.mx\/tienda\/#organization\"},\"potentialAction\":[{\"@type\":\"SearchAction\",\"target\":{\"@type\":\"EntryPoint\",\"urlTemplate\":\"https:\/\/compuviper.mx\/tienda\/?s={search_term_string}\"},\"query-input\":\"required name=search_term_string\"}],\"inLanguage\":\"es-MX\"},{\"@type\":\"Organization\",\"@id\":\"https:\/\/compuviper.mx\/tienda\/#organization\",\"name\":\"Compuviper\",\"url\":\"https:\/\/compuviper.mx\/tienda\/\",\"logo\":{\"@type\":\"ImageObject\",\"inLanguage\":\"es-MX\",\"@id\":\"https:\/\/compuviper.mx\/tienda\/#\/schema\/logo\/image\/\",\"url\":\"https:\/\/compuviper.mx\/tienda\/wp-content\/uploads\/2021\/08\/Logo-Compuviper-10.png\",\"contentUrl\":\"https:\/\/compuviper.mx\/tienda\/wp-content\/uploads\/2021\/08\/Logo-Compuviper-10.png\",\"width\":1000,\"height\":500,\"caption\":\"Compuviper\"},\"image\":{\"@id\":\"https:\/\/compuviper.mx\/tienda\/#\/schema\/logo\/image\/\"},\"sameAs\":[\"https:\/\/www.facebook.com\/compuviper\",\"https:\/\/www.youtube.com\/channel\/UCf73dERp9Y3cfOq7q8BhLjA?view_as=subscriber\"]}]}<\/script>\n<meta property=\"product:brand\" content=\"Xerox\" \/>\n<meta property=\"product:price:amount\" content=\"2769\" \/>\n<meta property=\"product:price:currency\" content=\"MXN\" \/>\n<meta property=\"og:availability\" content=\"out of stock\" \/>\n<meta property=\"product:availability\" content=\"out of stock\" \/>\n<meta property=\"product:retailer_item_id\" content=\"097N02445\" \/>\n<meta property=\"product:condition\" content=\"new\" \/>\n<!-- \/ Yoast SEO plugin. -->","yoast_head_json":{"title":"[ Xerox ] &#129351; 097n02445 Bandeja 550 Hojas Para B620\/b625","description":"Compra 097n02445 Bandeja 550 Hojas Para B620\/b625 + Env\u00edo a domicilio + Pago seguro + Garant\u00eda","robots":{"index":"index","follow":"follow","max-snippet":"max-snippet:-1","max-image-preview":"max-image-preview:large","max-video-preview":"max-video-preview:-1"},"canonical":"https:\/\/compuviper.mx\/tienda\/producto\/xerox-097n02445-bandeja-550-hojas-para-b620-b625\/","og_locale":"es_MX","og_type":"article","og_title":"[ Xerox ] &#129351; 097n02445 Bandeja 550 Hojas Para B620\/b625","og_description":"Compra 097n02445 Bandeja 550 Hojas Para B620\/b625 + Env\u00edo a domicilio + Pago seguro + Garant\u00eda","og_url":"https:\/\/compuviper.mx\/tienda\/producto\/xerox-097n02445-bandeja-550-hojas-para-b620-b625\/","og_site_name":"Compuviper","article_publisher":"https:\/\/www.facebook.com\/compuviper","article_modified_time":"2026-04-07T05:14:08+00:00","og_image":[{"width":200,"height":200,"url":"https:\/\/compuviper.mx\/tienda\/wp-content\/uploads\/2025\/10\/Bandeja-xerox-097n02445-550-hojas-para-b620b625.jpg","type":"image\/jpeg"}],"twitter_card":"summary_large_image","twitter_misc":{"Precio":"&#36;2,855 &#36;2,769 con IVA","Availability":"Out of stock"},"schema":{"@context":"https:\/\/schema.org","@graph":[{"@type":"WebPage","@id":"https:\/\/compuviper.mx\/tienda\/producto\/xerox-097n02445-bandeja-550-hojas-para-b620-b625\/","url":"https:\/\/compuviper.mx\/tienda\/producto\/xerox-097n02445-bandeja-550-hojas-para-b620-b625\/","name":"[ Xerox ] &#129351; 097n02445 Bandeja 550 Hojas Para B620\/b625","isPartOf":{"@id":"https:\/\/compuviper.mx\/tienda\/#website"},"datePublished":"2026-04-07T05:14:07+00:00","dateModified":"2026-04-07T05:14:08+00:00","description":"Compra 097n02445 Bandeja 550 Hojas Para B620\/b625 + Env\u00edo a domicilio + Pago seguro + Garant\u00eda","breadcrumb":{"@id":"https:\/\/compuviper.mx\/tienda\/producto\/xerox-097n02445-bandeja-550-hojas-para-b620-b625\/#breadcrumb"},"inLanguage":"es-MX","potentialAction":[{"@type":"ReadAction","target":["https:\/\/compuviper.mx\/tienda\/producto\/xerox-097n02445-bandeja-550-hojas-para-b620-b625\/"]}]},{"@type":"BreadcrumbList","@id":"https:\/\/compuviper.mx\/tienda\/producto\/xerox-097n02445-bandeja-550-hojas-para-b620-b625\/#breadcrumb","itemListElement":[{"@type":"ListItem","position":1,"name":"Inicio","item":"https:\/\/compuviper.mx\/tienda\/"},{"@type":"ListItem","position":2,"name":"Productos","item":"https:\/\/compuviper.mx\/tienda\/productos\/"},{"@type":"ListItem","position":3,"name":"Accesorios","item":"https:\/\/compuviper.mx\/tienda\/categoria-producto\/accesorios\/"},{"@type":"ListItem","position":4,"name":"Impresoras","item":"https:\/\/compuviper.mx\/tienda\/categoria-producto\/accesorios\/impresoras-accesorios\/"},{"@type":"ListItem","position":5,"name":"Xerox 097n02445 Bandeja 550 Hojas Para B620\/b625"}]},{"@type":"WebSite","@id":"https:\/\/compuviper.mx\/tienda\/#website","url":"https:\/\/compuviper.mx\/tienda\/","name":"Compuviper","description":"Proveedor de Computadoras, Laptops, Servidores, Monitores, Puntos de Venta, Teclados,   Impresoras, T\u00f3ner, C\u00e1maras de Seguridad y m\u00e1s en tu tienda en l\u00ednea","publisher":{"@id":"https:\/\/compuviper.mx\/tienda\/#organization"},"potentialAction":[{"@type":"SearchAction","target":{"@type":"EntryPoint","urlTemplate":"https:\/\/compuviper.mx\/tienda\/?s={search_term_string}"},"query-input":"required name=search_term_string"}],"inLanguage":"es-MX"},{"@type":"Organization","@id":"https:\/\/compuviper.mx\/tienda\/#organization","name":"Compuviper","url":"https:\/\/compuviper.mx\/tienda\/","logo":{"@type":"ImageObject","inLanguage":"es-MX","@id":"https:\/\/compuviper.mx\/tienda\/#\/schema\/logo\/image\/","url":"https:\/\/compuviper.mx\/tienda\/wp-content\/uploads\/2021\/08\/Logo-Compuviper-10.png","contentUrl":"https:\/\/compuviper.mx\/tienda\/wp-content\/uploads\/2021\/08\/Logo-Compuviper-10.png","width":1000,"height":500,"caption":"Compuviper"},"image":{"@id":"https:\/\/compuviper.mx\/tienda\/#\/schema\/logo\/image\/"},"sameAs":["https:\/\/www.facebook.com\/compuviper","https:\/\/www.youtube.com\/channel\/UCf73dERp9Y3cfOq7q8BhLjA?view_as=subscriber"]}]},"product_brand":"Xerox","product_price_amount":"2769","product_price_currency":"MXN","og_availability":"out of stock","product_availability":"out of stock","product_retailer_item_id":"097N02445","product_condition":"new"},"_links":{"self":[{"href":"https:\/\/compuviper.mx\/tienda\/wp-json\/wp\/v2\/product\/247458"}],"collection":[{"href":"https:\/\/compuviper.mx\/tienda\/wp-json\/wp\/v2\/product"}],"about":[{"href":"https:\/\/compuviper.mx\/tienda\/wp-json\/wp\/v2\/types\/product"}],"replies":[{"embeddable":true,"href":"https:\/\/compuviper.mx\/tienda\/wp-json\/wp\/v2\/comments?post=247458"}],"wp:featuredmedia":[{"embeddable":true,"href":"https:\/\/compuviper.mx\/tienda\/wp-json\/wp\/v2\/media\/258717"}],"wp:attachment":[{"href":"https:\/\/compuviper.mx\/tienda\/wp-json\/wp\/v2\/media?parent=247458"}],"wp:term":[{"taxonomy":"product_cat","embeddable":true,"href":"https:\/\/compuviper.mx\/tienda\/wp-json\/wp\/v2\/product_cat?post=247458"},{"taxonomy":"product_tag","embeddable":true,"href":"https:\/\/compuviper.mx\/tienda\/wp-json\/wp\/v2\/product_tag?post=247458"}],"curies":[{"name":"wp","href":"https:\/\/api.w.org\/{rel}","templated":true}]}}