{"id":247349,"date":"2026-04-06T23:34:57","date_gmt":"2026-04-07T05:34:57","guid":{"rendered":"https:\/\/compuviper.mx\/tienda\/producto\/apc-e3sbpsu30k40f-bypass-panel-de-mantenimiento-easy-ups-3s-unidad-nica-30-40-kva-208-v\/"},"modified":"2026-04-06T23:34:58","modified_gmt":"2026-04-07T05:34:58","slug":"apc-e3sbpsu30k40f-bypass-panel-de-mantenimiento-easy-ups-3s-unidad-nica-30-40-kva-208-v","status":"publish","type":"product","link":"https:\/\/compuviper.mx\/tienda\/producto\/apc-e3sbpsu30k40f-bypass-panel-de-mantenimiento-easy-ups-3s-unidad-nica-30-40-kva-208-v\/","title":{"rendered":"Apc E3sbpsu30k40f Bypass Panel De Mantenimiento Easy Ups 3s, Unidad Nica, 30-40 Kva 208 V"},"content":{"rendered":"<table class=\"descripcion\">\n<tr>\n<td>Fsico<\/td>\n<\/tr>\n<tr>\n<td>Color blanco<\/td>\n<\/tr>\n<tr>\n<td>Profundidad 32 cm<\/td>\n<\/tr>\n<tr>\n<td>Altura 90 cm<\/td>\n<\/tr>\n<tr>\n<td>Peso del producto 65 kg<\/td>\n<\/tr>\n<tr>\n<td>Anchura 80 cm<\/td>\n<\/tr>\n<tr>\n<td>Ambiental<\/td>\n<\/tr>\n<tr>\n<td>Temperatura ambiente de<\/td>\n<\/tr>\n<tr>\n<td>Funcionamiento<\/td>\n<\/tr>\n<tr>\n<td>0\u008540 \u00b0c<\/td>\n<\/tr>\n<tr>\n<td>Humedad relativa 0\u008595  sin condensacin<\/td>\n<\/tr>\n<tr>\n<td>Altitud mxima de funcionamiento 0&#8230;2000 m<\/td>\n<\/tr>\n<tr>\n<td>Temperatura ambiente de<\/td>\n<\/tr>\n<tr>\n<td>Almacenamiento<\/td>\n<\/tr>\n<tr>\n<td>-25\u008555 \u00b0c<\/td>\n<\/tr>\n<tr>\n<td>Humedad relativa de almacenamiento sin condensacin 0\u008595<\/td>\n<\/tr>\n<tr>\n<td>Packing units<\/td>\n<\/tr>\n<tr>\n<td>Paquete 1 peso 86 kg<\/td>\n<\/tr>\n<tr>\n<td>Paquete 1 altura 556 mm<\/td>\n<\/tr>\n<tr>\n<td>Paquete 1 ancho 1000 mm<\/td>\n<\/tr>\n<tr>\n<td>Paquete 1 largo 1200 mm<\/td>\n<\/tr>\n<tr>\n<td>Offer sustainability<\/td>\n<\/tr>\n<tr>\n<td>Reglamento reach declaracin de reach<\/td>\n<\/tr>\n<tr>\n<td>Directiva rohs ue conforme<\/td>\n<\/tr>\n<tr>\n<td>Declaracin rohs ue<\/td>\n<\/tr>\n<tr>\n<td>Sin mercurio si<\/td>\n<\/tr>\n<\/table>\n","protected":false},"excerpt":{"rendered":"<p>Maintenance bypass panel for complete isolation of the ups during service operations.<\/p>\n","protected":false},"featured_media":247350,"comment_status":"open","ping_status":"open","template":"","meta":[],"product_cat":[1508,2105],"product_tag":[1694],"acf":[],"yoast_head":"<!-- This site is optimized with the Yoast SEO plugin v21.7 - https:\/\/yoast.com\/wordpress\/plugins\/seo\/ -->\n<title>[ Apc ] &#129351; E3sbpsu30k40f Bypass Panel De Mantenimiento Easy Ups 3s, Unidad Nica, 30-40 Kva 208 V<\/title>\n<meta name=\"description\" content=\"Compra E3sbpsu30k40f Bypass Panel De Mantenimiento Easy Ups 3s, Unidad Nica, 30-40 Kva 208 V + Env\u00edo a domicilio + Pago seguro + Garant\u00eda\" \/>\n<meta name=\"robots\" content=\"index, follow, max-snippet:-1, max-image-preview:large, max-video-preview:-1\" \/>\n<link rel=\"canonical\" href=\"https:\/\/compuviper.mx\/tienda\/producto\/apc-e3sbpsu30k40f-bypass-panel-de-mantenimiento-easy-ups-3s-unidad-nica-30-40-kva-208-v\/\" \/>\n<meta property=\"og:locale\" content=\"es_MX\" \/>\n<meta property=\"og:type\" content=\"article\" \/>\n<meta property=\"og:title\" content=\"[ Apc ] &#129351; E3sbpsu30k40f Bypass Panel De Mantenimiento Easy Ups 3s, Unidad Nica, 30-40 Kva 208 V\" \/>\n<meta property=\"og:description\" content=\"Compra E3sbpsu30k40f Bypass Panel De Mantenimiento Easy Ups 3s, Unidad Nica, 30-40 Kva 208 V + Env\u00edo a domicilio + Pago seguro + Garant\u00eda\" \/>\n<meta property=\"og:url\" content=\"https:\/\/compuviper.mx\/tienda\/producto\/apc-e3sbpsu30k40f-bypass-panel-de-mantenimiento-easy-ups-3s-unidad-nica-30-40-kva-208-v\/\" \/>\n<meta property=\"og:site_name\" content=\"Compuviper\" \/>\n<meta property=\"article:publisher\" content=\"https:\/\/www.facebook.com\/compuviper\" \/>\n<meta property=\"article:modified_time\" content=\"2026-04-07T05:34:58+00:00\" \/>\n<meta property=\"og:image\" content=\"https:\/\/compuviper.mx\/tienda\/wp-content\/uploads\/2024\/12\/Bypass-panel-de-mantenimiento-easy-ups-3s-unidad-nica-30-40-kva-208-v.jpg\" \/>\n\t<meta property=\"og:image:width\" content=\"200\" \/>\n\t<meta property=\"og:image:height\" content=\"200\" \/>\n\t<meta property=\"og:image:type\" content=\"image\/jpeg\" \/>\n<meta name=\"twitter:card\" content=\"summary_large_image\" \/>\n<meta name=\"twitter:label1\" content=\"Precio\" \/>\n\t<meta name=\"twitter:data1\" content=\"&#36;83,334 con IVA\" \/>\n\t<meta name=\"twitter:label2\" content=\"Availability\" \/>\n\t<meta name=\"twitter:data2\" content=\"Out of stock\" \/>\n<script type=\"application\/ld+json\" class=\"yoast-schema-graph\">{\"@context\":\"https:\/\/schema.org\",\"@graph\":[{\"@type\":\"WebPage\",\"@id\":\"https:\/\/compuviper.mx\/tienda\/producto\/apc-e3sbpsu30k40f-bypass-panel-de-mantenimiento-easy-ups-3s-unidad-nica-30-40-kva-208-v\/\",\"url\":\"https:\/\/compuviper.mx\/tienda\/producto\/apc-e3sbpsu30k40f-bypass-panel-de-mantenimiento-easy-ups-3s-unidad-nica-30-40-kva-208-v\/\",\"name\":\"[ Apc ] &#129351; E3sbpsu30k40f Bypass Panel De Mantenimiento Easy Ups 3s, Unidad Nica, 30-40 Kva 208 V\",\"isPartOf\":{\"@id\":\"https:\/\/compuviper.mx\/tienda\/#website\"},\"datePublished\":\"2026-04-07T05:34:57+00:00\",\"dateModified\":\"2026-04-07T05:34:58+00:00\",\"description\":\"Compra E3sbpsu30k40f Bypass Panel De Mantenimiento Easy Ups 3s, Unidad Nica, 30-40 Kva 208 V + Env\u00edo a domicilio + Pago seguro + Garant\u00eda\",\"breadcrumb\":{\"@id\":\"https:\/\/compuviper.mx\/tienda\/producto\/apc-e3sbpsu30k40f-bypass-panel-de-mantenimiento-easy-ups-3s-unidad-nica-30-40-kva-208-v\/#breadcrumb\"},\"inLanguage\":\"es-MX\",\"potentialAction\":[{\"@type\":\"ReadAction\",\"target\":[\"https:\/\/compuviper.mx\/tienda\/producto\/apc-e3sbpsu30k40f-bypass-panel-de-mantenimiento-easy-ups-3s-unidad-nica-30-40-kva-208-v\/\"]}]},{\"@type\":\"BreadcrumbList\",\"@id\":\"https:\/\/compuviper.mx\/tienda\/producto\/apc-e3sbpsu30k40f-bypass-panel-de-mantenimiento-easy-ups-3s-unidad-nica-30-40-kva-208-v\/#breadcrumb\",\"itemListElement\":[{\"@type\":\"ListItem\",\"position\":1,\"name\":\"Inicio\",\"item\":\"https:\/\/compuviper.mx\/tienda\/\"},{\"@type\":\"ListItem\",\"position\":2,\"name\":\"Productos\",\"item\":\"https:\/\/compuviper.mx\/tienda\/productos\/\"},{\"@type\":\"ListItem\",\"position\":3,\"name\":\"Energia\",\"item\":\"https:\/\/compuviper.mx\/tienda\/categoria-producto\/energia\/\"},{\"@type\":\"ListItem\",\"position\":4,\"name\":\"Bypass\",\"item\":\"https:\/\/compuviper.mx\/tienda\/categoria-producto\/energia\/bypass\/\"},{\"@type\":\"ListItem\",\"position\":5,\"name\":\"Apc E3sbpsu30k40f Bypass Panel De Mantenimiento Easy Ups 3s, Unidad Nica, 30-40 Kva 208 V\"}]},{\"@type\":\"WebSite\",\"@id\":\"https:\/\/compuviper.mx\/tienda\/#website\",\"url\":\"https:\/\/compuviper.mx\/tienda\/\",\"name\":\"Compuviper\",\"description\":\"Proveedor de Computadoras, Laptops, Servidores, Monitores, Puntos de Venta, Teclados,   Impresoras, T\u00f3ner, C\u00e1maras de Seguridad y m\u00e1s en tu tienda en l\u00ednea\",\"publisher\":{\"@id\":\"https:\/\/compuviper.mx\/tienda\/#organization\"},\"potentialAction\":[{\"@type\":\"SearchAction\",\"target\":{\"@type\":\"EntryPoint\",\"urlTemplate\":\"https:\/\/compuviper.mx\/tienda\/?s={search_term_string}\"},\"query-input\":\"required name=search_term_string\"}],\"inLanguage\":\"es-MX\"},{\"@type\":\"Organization\",\"@id\":\"https:\/\/compuviper.mx\/tienda\/#organization\",\"name\":\"Compuviper\",\"url\":\"https:\/\/compuviper.mx\/tienda\/\",\"logo\":{\"@type\":\"ImageObject\",\"inLanguage\":\"es-MX\",\"@id\":\"https:\/\/compuviper.mx\/tienda\/#\/schema\/logo\/image\/\",\"url\":\"https:\/\/compuviper.mx\/tienda\/wp-content\/uploads\/2021\/08\/Logo-Compuviper-10.png\",\"contentUrl\":\"https:\/\/compuviper.mx\/tienda\/wp-content\/uploads\/2021\/08\/Logo-Compuviper-10.png\",\"width\":1000,\"height\":500,\"caption\":\"Compuviper\"},\"image\":{\"@id\":\"https:\/\/compuviper.mx\/tienda\/#\/schema\/logo\/image\/\"},\"sameAs\":[\"https:\/\/www.facebook.com\/compuviper\",\"https:\/\/www.youtube.com\/channel\/UCf73dERp9Y3cfOq7q8BhLjA?view_as=subscriber\"]}]}<\/script>\n<meta property=\"product:brand\" content=\"APC\" \/>\n<meta property=\"product:price:amount\" content=\"83334\" \/>\n<meta property=\"product:price:currency\" content=\"MXN\" \/>\n<meta property=\"og:availability\" content=\"out of stock\" \/>\n<meta property=\"product:availability\" content=\"out of stock\" \/>\n<meta property=\"product:retailer_item_id\" content=\"E3SBPSU30K40F\" \/>\n<meta property=\"product:condition\" content=\"new\" \/>\n<!-- \/ Yoast SEO plugin. -->","yoast_head_json":{"title":"[ Apc ] &#129351; E3sbpsu30k40f Bypass Panel De Mantenimiento Easy Ups 3s, Unidad Nica, 30-40 Kva 208 V","description":"Compra E3sbpsu30k40f Bypass Panel De Mantenimiento Easy Ups 3s, Unidad Nica, 30-40 Kva 208 V + Env\u00edo a domicilio + Pago seguro + Garant\u00eda","robots":{"index":"index","follow":"follow","max-snippet":"max-snippet:-1","max-image-preview":"max-image-preview:large","max-video-preview":"max-video-preview:-1"},"canonical":"https:\/\/compuviper.mx\/tienda\/producto\/apc-e3sbpsu30k40f-bypass-panel-de-mantenimiento-easy-ups-3s-unidad-nica-30-40-kva-208-v\/","og_locale":"es_MX","og_type":"article","og_title":"[ Apc ] &#129351; E3sbpsu30k40f Bypass Panel De Mantenimiento Easy Ups 3s, Unidad Nica, 30-40 Kva 208 V","og_description":"Compra E3sbpsu30k40f Bypass Panel De Mantenimiento Easy Ups 3s, Unidad Nica, 30-40 Kva 208 V + Env\u00edo a domicilio + Pago seguro + Garant\u00eda","og_url":"https:\/\/compuviper.mx\/tienda\/producto\/apc-e3sbpsu30k40f-bypass-panel-de-mantenimiento-easy-ups-3s-unidad-nica-30-40-kva-208-v\/","og_site_name":"Compuviper","article_publisher":"https:\/\/www.facebook.com\/compuviper","article_modified_time":"2026-04-07T05:34:58+00:00","og_image":[{"width":200,"height":200,"url":"https:\/\/compuviper.mx\/tienda\/wp-content\/uploads\/2024\/12\/Bypass-panel-de-mantenimiento-easy-ups-3s-unidad-nica-30-40-kva-208-v.jpg","type":"image\/jpeg"}],"twitter_card":"summary_large_image","twitter_misc":{"Precio":"&#36;83,334 con IVA","Availability":"Out of stock"},"schema":{"@context":"https:\/\/schema.org","@graph":[{"@type":"WebPage","@id":"https:\/\/compuviper.mx\/tienda\/producto\/apc-e3sbpsu30k40f-bypass-panel-de-mantenimiento-easy-ups-3s-unidad-nica-30-40-kva-208-v\/","url":"https:\/\/compuviper.mx\/tienda\/producto\/apc-e3sbpsu30k40f-bypass-panel-de-mantenimiento-easy-ups-3s-unidad-nica-30-40-kva-208-v\/","name":"[ Apc ] &#129351; E3sbpsu30k40f Bypass Panel De Mantenimiento Easy Ups 3s, Unidad Nica, 30-40 Kva 208 V","isPartOf":{"@id":"https:\/\/compuviper.mx\/tienda\/#website"},"datePublished":"2026-04-07T05:34:57+00:00","dateModified":"2026-04-07T05:34:58+00:00","description":"Compra E3sbpsu30k40f Bypass Panel De Mantenimiento Easy Ups 3s, Unidad Nica, 30-40 Kva 208 V + Env\u00edo a domicilio + Pago seguro + Garant\u00eda","breadcrumb":{"@id":"https:\/\/compuviper.mx\/tienda\/producto\/apc-e3sbpsu30k40f-bypass-panel-de-mantenimiento-easy-ups-3s-unidad-nica-30-40-kva-208-v\/#breadcrumb"},"inLanguage":"es-MX","potentialAction":[{"@type":"ReadAction","target":["https:\/\/compuviper.mx\/tienda\/producto\/apc-e3sbpsu30k40f-bypass-panel-de-mantenimiento-easy-ups-3s-unidad-nica-30-40-kva-208-v\/"]}]},{"@type":"BreadcrumbList","@id":"https:\/\/compuviper.mx\/tienda\/producto\/apc-e3sbpsu30k40f-bypass-panel-de-mantenimiento-easy-ups-3s-unidad-nica-30-40-kva-208-v\/#breadcrumb","itemListElement":[{"@type":"ListItem","position":1,"name":"Inicio","item":"https:\/\/compuviper.mx\/tienda\/"},{"@type":"ListItem","position":2,"name":"Productos","item":"https:\/\/compuviper.mx\/tienda\/productos\/"},{"@type":"ListItem","position":3,"name":"Energia","item":"https:\/\/compuviper.mx\/tienda\/categoria-producto\/energia\/"},{"@type":"ListItem","position":4,"name":"Bypass","item":"https:\/\/compuviper.mx\/tienda\/categoria-producto\/energia\/bypass\/"},{"@type":"ListItem","position":5,"name":"Apc E3sbpsu30k40f Bypass Panel De Mantenimiento Easy Ups 3s, Unidad Nica, 30-40 Kva 208 V"}]},{"@type":"WebSite","@id":"https:\/\/compuviper.mx\/tienda\/#website","url":"https:\/\/compuviper.mx\/tienda\/","name":"Compuviper","description":"Proveedor de Computadoras, Laptops, Servidores, Monitores, Puntos de Venta, Teclados,   Impresoras, T\u00f3ner, C\u00e1maras de Seguridad y m\u00e1s en tu tienda en l\u00ednea","publisher":{"@id":"https:\/\/compuviper.mx\/tienda\/#organization"},"potentialAction":[{"@type":"SearchAction","target":{"@type":"EntryPoint","urlTemplate":"https:\/\/compuviper.mx\/tienda\/?s={search_term_string}"},"query-input":"required name=search_term_string"}],"inLanguage":"es-MX"},{"@type":"Organization","@id":"https:\/\/compuviper.mx\/tienda\/#organization","name":"Compuviper","url":"https:\/\/compuviper.mx\/tienda\/","logo":{"@type":"ImageObject","inLanguage":"es-MX","@id":"https:\/\/compuviper.mx\/tienda\/#\/schema\/logo\/image\/","url":"https:\/\/compuviper.mx\/tienda\/wp-content\/uploads\/2021\/08\/Logo-Compuviper-10.png","contentUrl":"https:\/\/compuviper.mx\/tienda\/wp-content\/uploads\/2021\/08\/Logo-Compuviper-10.png","width":1000,"height":500,"caption":"Compuviper"},"image":{"@id":"https:\/\/compuviper.mx\/tienda\/#\/schema\/logo\/image\/"},"sameAs":["https:\/\/www.facebook.com\/compuviper","https:\/\/www.youtube.com\/channel\/UCf73dERp9Y3cfOq7q8BhLjA?view_as=subscriber"]}]},"product_brand":"APC","product_price_amount":"83334","product_price_currency":"MXN","og_availability":"out of stock","product_availability":"out of stock","product_retailer_item_id":"E3SBPSU30K40F","product_condition":"new"},"_links":{"self":[{"href":"https:\/\/compuviper.mx\/tienda\/wp-json\/wp\/v2\/product\/247349"}],"collection":[{"href":"https:\/\/compuviper.mx\/tienda\/wp-json\/wp\/v2\/product"}],"about":[{"href":"https:\/\/compuviper.mx\/tienda\/wp-json\/wp\/v2\/types\/product"}],"replies":[{"embeddable":true,"href":"https:\/\/compuviper.mx\/tienda\/wp-json\/wp\/v2\/comments?post=247349"}],"wp:featuredmedia":[{"embeddable":true,"href":"https:\/\/compuviper.mx\/tienda\/wp-json\/wp\/v2\/media\/247350"}],"wp:attachment":[{"href":"https:\/\/compuviper.mx\/tienda\/wp-json\/wp\/v2\/media?parent=247349"}],"wp:term":[{"taxonomy":"product_cat","embeddable":true,"href":"https:\/\/compuviper.mx\/tienda\/wp-json\/wp\/v2\/product_cat?post=247349"},{"taxonomy":"product_tag","embeddable":true,"href":"https:\/\/compuviper.mx\/tienda\/wp-json\/wp\/v2\/product_tag?post=247349"}],"curies":[{"name":"wp","href":"https:\/\/api.w.org\/{rel}","templated":true}]}}