{"id":247272,"date":"2026-04-10T23:14:23","date_gmt":"2026-04-11T05:14:23","guid":{"rendered":"https:\/\/compuviper.mx\/tienda\/producto\/hikvision-ds-k1t673dwx-terminal-facial-wifi-con-pantalla-de-7-exterior-ip65-10000-rostros-y-50000-tarjetas-10000-huellas-mdulo-opcional-isapi-isup-5-0-codigos-qr-y-bluethooth\/"},"modified":"2026-04-10T23:14:23","modified_gmt":"2026-04-11T05:14:23","slug":"hikvision-ds-k1t673dwx-terminal-facial-wifi-con-pantalla-de-7-exterior-ip65-10000-rostros-y-50000-tarjetas-10000-huellas-mdulo-opcional-isapi-isup-5-0-codigos-qr-y-bluethooth","status":"publish","type":"product","link":"https:\/\/compuviper.mx\/tienda\/producto\/hikvision-ds-k1t673dwx-terminal-facial-wifi-con-pantalla-de-7-exterior-ip65-10000-rostros-y-50000-tarjetas-10000-huellas-mdulo-opcional-isapi-isup-5-0-codigos-qr-y-bluethooth\/","title":{"rendered":"Hikvision Ds-k1t673dwx Terminal Facial Wifi Con Pantalla De 7 \/ Exterior Ip65 \/ 10,000 Rostros Y 50,000 Tarjetas \/ 10,000 Huellas (m?dulo Opcional) \/ Isapi \/ Isup 5.0 \/ Codigos Qr Y Bluethooth"},"content":{"rendered":"<table class=\"descripcion\">\n<tr>\n<td>Caractersticas principales:<\/td>\n<\/tr>\n<tr>\n<td>Pantalla lcd touch 7 1024&#215;600<\/td>\n<\/tr>\n<tr>\n<td>Doble camara de 2 mp,con luz complementaria ir,wdr.<\/td>\n<\/tr>\n<tr>\n<td>Comunicacin ip 10\/100\/1000 mbps<\/td>\n<\/tr>\n<tr>\n<td>Distancia para reconocer rostro: 0.3 a 3 metros.<\/td>\n<\/tr>\n<tr>\n<td>Multiple autentificacion .<\/td>\n<\/tr>\n<tr>\n<td>Soporta hasta 10,000 rostros.<\/td>\n<\/tr>\n<tr>\n<td>Soporta hasta 50,000 tarjetas mifare, feica, desfire. ver aqu.<\/td>\n<\/tr>\n<tr>\n<td>Soporta hasta 10,000 huellas con mdulo por separado ds-kab673-fbqr<\/td>\n<\/tr>\n<tr>\n<td>Soporta hasta 150,000 eventos.<\/td>\n<\/tr>\n<tr>\n<td>Control de acceso por horarios.<\/td>\n<\/tr>\n<tr>\n<td>Audio bidireccional.<\/td>\n<\/tr>\n<tr>\n<td>Deteccin de cubrebocas.<\/td>\n<\/tr>\n<tr>\n<td>Garanta: 5 aos.<\/td>\n<\/tr>\n<tr>\n<td>Caractersticas fsicas y elctricas<\/td>\n<\/tr>\n<tr>\n<td>Alimentacin: 12 vcc a 24 vcc @ 2a no incluida<\/td>\n<\/tr>\n<tr>\n<td>Temperatura de operacin: -30\u00b0c a 60\u00b0c.<\/td>\n<\/tr>\n<tr>\n<td>Humedad soportada: 0 a 90 sin condensacin.<\/td>\n<\/tr>\n<tr>\n<td>Dimensiones mm: 110.5 x 209.2 x 24<\/td>\n<\/tr>\n<tr>\n<td>Indice de proteccin: ip65<\/td>\n<\/tr>\n<tr>\n<td>Interfaces:<\/td>\n<\/tr>\n<tr>\n<td>Wiegand: 1<\/td>\n<\/tr>\n<tr>\n<td>Network :1<\/td>\n<\/tr>\n<tr>\n<td>Wifi: 1<\/td>\n<\/tr>\n<tr>\n<td>Usb para mdulo: 1<\/td>\n<\/tr>\n<tr>\n<td>Rs-485: 1<\/td>\n<\/tr>\n<tr>\n<td>Alarma in\/out: 2\/1<\/td>\n<\/tr>\n<tr>\n<td>Timbre de puerta:1<\/td>\n<\/tr>\n<tr>\n<td>Botn de salida: 1<\/td>\n<\/tr>\n<tr>\n<td>Tamper:1<\/td>\n<\/tr>\n<tr>\n<td>Salida de relevador para chapa<\/td>\n<\/tr>\n<tr>\n<td>Salida de audio 3.5mm<\/td>\n<\/tr>\n<tr>\n<td>Caractersticas destacadas:<\/td>\n<\/tr>\n<tr>\n<td>El terminal frontal de la serie ds-k1t673 adopta un algoritmo deep learning que ayuda a reconocer el rostro de las personas ms rpido y con mayor precisin. aplicable en escenarios, como edificios, empresas, industrias y otras reas importantes.<\/td>\n<\/tr>\n<tr>\n<td>Soporta pases temporales para visitantes cdigo qr y pin con hikconnect teams.<\/td>\n<\/tr>\n<tr>\n<td>Soporta lector esclavo<\/td>\n<\/tr>\n<\/table>\n","protected":false},"excerpt":{"rendered":"<p>Pantalla lcd de 7 tctil con resolucin 1024&#215;600. Autenticacin mltiple para hasta 10,000 rostros. Distancia reconocimiento facial: 0.3 a 3 metros. Comunicacin ip con velocidad hasta 1000 mbps. Doble cmara 2 mp con iluminacin ir y wdr<\/p>\n","protected":false},"featured_media":258714,"comment_status":"open","ping_status":"open","template":"","meta":[],"product_cat":[1540,1541],"product_tag":[1595],"acf":[],"yoast_head":"<!-- This site is optimized with the Yoast SEO plugin v21.7 - https:\/\/yoast.com\/wordpress\/plugins\/seo\/ -->\n<title>[ Hikvision ] &#129351; Ds-k1t673dwx Terminal Facial Wifi Con Pantalla De 7 \/ Exterior Ip65 \/ 10,000 Rostros Y 50,000 Tarjetas \/ 10,000 Huellas (m\u00f3dulo Opcional) \/ Isapi \/ Isup 5.0 \/ Codigos Qr Y Bluethooth<\/title>\n<meta name=\"description\" content=\"Compra Ds-k1t673dwx Terminal Facial Wifi Con Pantalla De 7 \/ Exterior Ip65 \/ 10,000 Rostros Y 50,000 Tarjetas \/ 10,000 Huellas (m\u00f3dulo Opcional) \/ Isapi \/ Isup 5.0 \/ Codigos Qr Y Bluethooth + Env\u00edo a domicilio + Pago seguro + Garant\u00eda\" \/>\n<meta name=\"robots\" content=\"index, follow, max-snippet:-1, max-image-preview:large, max-video-preview:-1\" \/>\n<link rel=\"canonical\" href=\"https:\/\/compuviper.mx\/tienda\/producto\/hikvision-ds-k1t673dwx-terminal-facial-wifi-con-pantalla-de-7-exterior-ip65-10000-rostros-y-50000-tarjetas-10000-huellas-mdulo-opcional-isapi-isup-5-0-codigos-qr-y-bluethooth\/\" \/>\n<meta property=\"og:locale\" content=\"es_MX\" \/>\n<meta property=\"og:type\" content=\"article\" \/>\n<meta property=\"og:title\" content=\"[ Hikvision ] &#129351; Ds-k1t673dwx Terminal Facial Wifi Con Pantalla De 7 \/ Exterior Ip65 \/ 10,000 Rostros Y 50,000 Tarjetas \/ 10,000 Huellas (m\u00f3dulo Opcional) \/ Isapi \/ Isup 5.0 \/ Codigos Qr Y Bluethooth\" \/>\n<meta property=\"og:description\" content=\"Compra Ds-k1t673dwx Terminal Facial Wifi Con Pantalla De 7 \/ Exterior Ip65 \/ 10,000 Rostros Y 50,000 Tarjetas \/ 10,000 Huellas (m\u00f3dulo Opcional) \/ Isapi \/ Isup 5.0 \/ Codigos Qr Y Bluethooth + Env\u00edo a domicilio + Pago seguro + Garant\u00eda\" \/>\n<meta property=\"og:url\" content=\"https:\/\/compuviper.mx\/tienda\/producto\/hikvision-ds-k1t673dwx-terminal-facial-wifi-con-pantalla-de-7-exterior-ip65-10000-rostros-y-50000-tarjetas-10000-huellas-mdulo-opcional-isapi-isup-5-0-codigos-qr-y-bluethooth\/\" \/>\n<meta property=\"og:site_name\" content=\"Compuviper\" \/>\n<meta property=\"article:publisher\" content=\"https:\/\/www.facebook.com\/compuviper\" \/>\n<meta property=\"og:image\" content=\"https:\/\/compuviper.mx\/tienda\/wp-content\/uploads\/2025\/10\/Terminal-facial-wifi-con-pantalla-de-7-exterior-ip65-10000-rostros-y-50000-tarjetas-10000-huellas-modulo-opcional-isapi-isup-5.0-codigos-qr-y-bluethooth.jpg\" \/>\n\t<meta property=\"og:image:width\" content=\"200\" \/>\n\t<meta property=\"og:image:height\" content=\"200\" \/>\n\t<meta property=\"og:image:type\" content=\"image\/jpeg\" \/>\n<meta name=\"twitter:card\" content=\"summary_large_image\" \/>\n<meta name=\"twitter:label1\" content=\"Precio\" \/>\n\t<meta name=\"twitter:data1\" content=\"&#36;8,199 con IVA\" \/>\n\t<meta name=\"twitter:label2\" content=\"Availability\" \/>\n\t<meta name=\"twitter:data2\" content=\"On backorder\" \/>\n<script type=\"application\/ld+json\" class=\"yoast-schema-graph\">{\"@context\":\"https:\/\/schema.org\",\"@graph\":[{\"@type\":\"WebPage\",\"@id\":\"https:\/\/compuviper.mx\/tienda\/producto\/hikvision-ds-k1t673dwx-terminal-facial-wifi-con-pantalla-de-7-exterior-ip65-10000-rostros-y-50000-tarjetas-10000-huellas-mdulo-opcional-isapi-isup-5-0-codigos-qr-y-bluethooth\/\",\"url\":\"https:\/\/compuviper.mx\/tienda\/producto\/hikvision-ds-k1t673dwx-terminal-facial-wifi-con-pantalla-de-7-exterior-ip65-10000-rostros-y-50000-tarjetas-10000-huellas-mdulo-opcional-isapi-isup-5-0-codigos-qr-y-bluethooth\/\",\"name\":\"[ Hikvision ] &#129351; Ds-k1t673dwx Terminal Facial Wifi Con Pantalla De 7 \/ Exterior Ip65 \/ 10,000 Rostros Y 50,000 Tarjetas \/ 10,000 Huellas (m\u00f3dulo Opcional) \/ Isapi \/ Isup 5.0 \/ Codigos Qr Y Bluethooth\",\"isPartOf\":{\"@id\":\"https:\/\/compuviper.mx\/tienda\/#website\"},\"datePublished\":\"2026-04-11T05:14:23+00:00\",\"dateModified\":\"2026-04-11T05:14:23+00:00\",\"description\":\"Compra Ds-k1t673dwx Terminal Facial Wifi Con Pantalla De 7 \/ Exterior Ip65 \/ 10,000 Rostros Y 50,000 Tarjetas \/ 10,000 Huellas (m\u00f3dulo Opcional) \/ Isapi \/ Isup 5.0 \/ Codigos Qr Y Bluethooth + Env\u00edo a domicilio + Pago seguro + Garant\u00eda\",\"breadcrumb\":{\"@id\":\"https:\/\/compuviper.mx\/tienda\/producto\/hikvision-ds-k1t673dwx-terminal-facial-wifi-con-pantalla-de-7-exterior-ip65-10000-rostros-y-50000-tarjetas-10000-huellas-mdulo-opcional-isapi-isup-5-0-codigos-qr-y-bluethooth\/#breadcrumb\"},\"inLanguage\":\"es-MX\",\"potentialAction\":[{\"@type\":\"ReadAction\",\"target\":[\"https:\/\/compuviper.mx\/tienda\/producto\/hikvision-ds-k1t673dwx-terminal-facial-wifi-con-pantalla-de-7-exterior-ip65-10000-rostros-y-50000-tarjetas-10000-huellas-mdulo-opcional-isapi-isup-5-0-codigos-qr-y-bluethooth\/\"]}]},{\"@type\":\"BreadcrumbList\",\"@id\":\"https:\/\/compuviper.mx\/tienda\/producto\/hikvision-ds-k1t673dwx-terminal-facial-wifi-con-pantalla-de-7-exterior-ip65-10000-rostros-y-50000-tarjetas-10000-huellas-mdulo-opcional-isapi-isup-5-0-codigos-qr-y-bluethooth\/#breadcrumb\",\"itemListElement\":[{\"@type\":\"ListItem\",\"position\":1,\"name\":\"Inicio\",\"item\":\"https:\/\/compuviper.mx\/tienda\/\"},{\"@type\":\"ListItem\",\"position\":2,\"name\":\"Productos\",\"item\":\"https:\/\/compuviper.mx\/tienda\/productos\/\"},{\"@type\":\"ListItem\",\"position\":3,\"name\":\"Control De Acceso Y Asistencia\",\"item\":\"https:\/\/compuviper.mx\/tienda\/categoria-producto\/control-de-acceso-y-asistencia\/\"},{\"@type\":\"ListItem\",\"position\":4,\"name\":\"Lectores De Control De Acceso Y Asistencia\",\"item\":\"https:\/\/compuviper.mx\/tienda\/categoria-producto\/control-de-acceso-y-asistencia\/lectores-de-control-de-acceso-y-asistencia\/\"},{\"@type\":\"ListItem\",\"position\":5,\"name\":\"Hikvision Ds-k1t673dwx Terminal Facial Wifi Con Pantalla De 7 \/ Exterior Ip65 \/ 10,000 Rostros Y 50,000 Tarjetas \/ 10,000 Huellas (m?dulo Opcional) \/ Isapi \/ Isup 5.0 \/ Codigos Qr Y Bluethooth\"}]},{\"@type\":\"WebSite\",\"@id\":\"https:\/\/compuviper.mx\/tienda\/#website\",\"url\":\"https:\/\/compuviper.mx\/tienda\/\",\"name\":\"Compuviper\",\"description\":\"Proveedor de Computadoras, Laptops, Servidores, Monitores, Puntos de Venta, Teclados,   Impresoras, T\u00f3ner, C\u00e1maras de Seguridad y m\u00e1s en tu tienda en l\u00ednea\",\"publisher\":{\"@id\":\"https:\/\/compuviper.mx\/tienda\/#organization\"},\"potentialAction\":[{\"@type\":\"SearchAction\",\"target\":{\"@type\":\"EntryPoint\",\"urlTemplate\":\"https:\/\/compuviper.mx\/tienda\/?s={search_term_string}\"},\"query-input\":\"required name=search_term_string\"}],\"inLanguage\":\"es-MX\"},{\"@type\":\"Organization\",\"@id\":\"https:\/\/compuviper.mx\/tienda\/#organization\",\"name\":\"Compuviper\",\"url\":\"https:\/\/compuviper.mx\/tienda\/\",\"logo\":{\"@type\":\"ImageObject\",\"inLanguage\":\"es-MX\",\"@id\":\"https:\/\/compuviper.mx\/tienda\/#\/schema\/logo\/image\/\",\"url\":\"https:\/\/compuviper.mx\/tienda\/wp-content\/uploads\/2021\/08\/Logo-Compuviper-10.png\",\"contentUrl\":\"https:\/\/compuviper.mx\/tienda\/wp-content\/uploads\/2021\/08\/Logo-Compuviper-10.png\",\"width\":1000,\"height\":500,\"caption\":\"Compuviper\"},\"image\":{\"@id\":\"https:\/\/compuviper.mx\/tienda\/#\/schema\/logo\/image\/\"},\"sameAs\":[\"https:\/\/www.facebook.com\/compuviper\",\"https:\/\/www.youtube.com\/channel\/UCf73dERp9Y3cfOq7q8BhLjA?view_as=subscriber\"]}]}<\/script>\n<meta property=\"product:brand\" content=\"HIKVISION\" \/>\n<meta property=\"product:price:amount\" content=\"8199\" \/>\n<meta property=\"product:price:currency\" content=\"MXN\" \/>\n<meta property=\"og:availability\" content=\"backorder\" \/>\n<meta property=\"product:availability\" content=\"available for order\" \/>\n<meta property=\"product:retailer_item_id\" content=\"DS-K1T673DWX\" \/>\n<meta property=\"product:condition\" content=\"new\" \/>\n<!-- \/ Yoast SEO plugin. -->","yoast_head_json":{"title":"[ Hikvision ] &#129351; Ds-k1t673dwx Terminal Facial Wifi Con Pantalla De 7 \/ Exterior Ip65 \/ 10,000 Rostros Y 50,000 Tarjetas \/ 10,000 Huellas (m\u00f3dulo Opcional) \/ Isapi \/ Isup 5.0 \/ Codigos Qr Y Bluethooth","description":"Compra Ds-k1t673dwx Terminal Facial Wifi Con Pantalla De 7 \/ Exterior Ip65 \/ 10,000 Rostros Y 50,000 Tarjetas \/ 10,000 Huellas (m\u00f3dulo Opcional) \/ Isapi \/ Isup 5.0 \/ Codigos Qr Y Bluethooth + Env\u00edo a domicilio + Pago seguro + Garant\u00eda","robots":{"index":"index","follow":"follow","max-snippet":"max-snippet:-1","max-image-preview":"max-image-preview:large","max-video-preview":"max-video-preview:-1"},"canonical":"https:\/\/compuviper.mx\/tienda\/producto\/hikvision-ds-k1t673dwx-terminal-facial-wifi-con-pantalla-de-7-exterior-ip65-10000-rostros-y-50000-tarjetas-10000-huellas-mdulo-opcional-isapi-isup-5-0-codigos-qr-y-bluethooth\/","og_locale":"es_MX","og_type":"article","og_title":"[ Hikvision ] &#129351; Ds-k1t673dwx Terminal Facial Wifi Con Pantalla De 7 \/ Exterior Ip65 \/ 10,000 Rostros Y 50,000 Tarjetas \/ 10,000 Huellas (m\u00f3dulo Opcional) \/ Isapi \/ Isup 5.0 \/ Codigos Qr Y Bluethooth","og_description":"Compra Ds-k1t673dwx Terminal Facial Wifi Con Pantalla De 7 \/ Exterior Ip65 \/ 10,000 Rostros Y 50,000 Tarjetas \/ 10,000 Huellas (m\u00f3dulo Opcional) \/ Isapi \/ Isup 5.0 \/ Codigos Qr Y Bluethooth + Env\u00edo a domicilio + Pago seguro + Garant\u00eda","og_url":"https:\/\/compuviper.mx\/tienda\/producto\/hikvision-ds-k1t673dwx-terminal-facial-wifi-con-pantalla-de-7-exterior-ip65-10000-rostros-y-50000-tarjetas-10000-huellas-mdulo-opcional-isapi-isup-5-0-codigos-qr-y-bluethooth\/","og_site_name":"Compuviper","article_publisher":"https:\/\/www.facebook.com\/compuviper","og_image":[{"width":200,"height":200,"url":"https:\/\/compuviper.mx\/tienda\/wp-content\/uploads\/2025\/10\/Terminal-facial-wifi-con-pantalla-de-7-exterior-ip65-10000-rostros-y-50000-tarjetas-10000-huellas-modulo-opcional-isapi-isup-5.0-codigos-qr-y-bluethooth.jpg","type":"image\/jpeg"}],"twitter_card":"summary_large_image","twitter_misc":{"Precio":"&#36;8,199 con IVA","Availability":"On backorder"},"schema":{"@context":"https:\/\/schema.org","@graph":[{"@type":"WebPage","@id":"https:\/\/compuviper.mx\/tienda\/producto\/hikvision-ds-k1t673dwx-terminal-facial-wifi-con-pantalla-de-7-exterior-ip65-10000-rostros-y-50000-tarjetas-10000-huellas-mdulo-opcional-isapi-isup-5-0-codigos-qr-y-bluethooth\/","url":"https:\/\/compuviper.mx\/tienda\/producto\/hikvision-ds-k1t673dwx-terminal-facial-wifi-con-pantalla-de-7-exterior-ip65-10000-rostros-y-50000-tarjetas-10000-huellas-mdulo-opcional-isapi-isup-5-0-codigos-qr-y-bluethooth\/","name":"[ Hikvision ] &#129351; Ds-k1t673dwx Terminal Facial Wifi Con Pantalla De 7 \/ Exterior Ip65 \/ 10,000 Rostros Y 50,000 Tarjetas \/ 10,000 Huellas (m\u00f3dulo Opcional) \/ Isapi \/ Isup 5.0 \/ Codigos Qr Y Bluethooth","isPartOf":{"@id":"https:\/\/compuviper.mx\/tienda\/#website"},"datePublished":"2026-04-11T05:14:23+00:00","dateModified":"2026-04-11T05:14:23+00:00","description":"Compra Ds-k1t673dwx Terminal Facial Wifi Con Pantalla De 7 \/ Exterior Ip65 \/ 10,000 Rostros Y 50,000 Tarjetas \/ 10,000 Huellas (m\u00f3dulo Opcional) \/ Isapi \/ Isup 5.0 \/ Codigos Qr Y Bluethooth + Env\u00edo a domicilio + Pago seguro + Garant\u00eda","breadcrumb":{"@id":"https:\/\/compuviper.mx\/tienda\/producto\/hikvision-ds-k1t673dwx-terminal-facial-wifi-con-pantalla-de-7-exterior-ip65-10000-rostros-y-50000-tarjetas-10000-huellas-mdulo-opcional-isapi-isup-5-0-codigos-qr-y-bluethooth\/#breadcrumb"},"inLanguage":"es-MX","potentialAction":[{"@type":"ReadAction","target":["https:\/\/compuviper.mx\/tienda\/producto\/hikvision-ds-k1t673dwx-terminal-facial-wifi-con-pantalla-de-7-exterior-ip65-10000-rostros-y-50000-tarjetas-10000-huellas-mdulo-opcional-isapi-isup-5-0-codigos-qr-y-bluethooth\/"]}]},{"@type":"BreadcrumbList","@id":"https:\/\/compuviper.mx\/tienda\/producto\/hikvision-ds-k1t673dwx-terminal-facial-wifi-con-pantalla-de-7-exterior-ip65-10000-rostros-y-50000-tarjetas-10000-huellas-mdulo-opcional-isapi-isup-5-0-codigos-qr-y-bluethooth\/#breadcrumb","itemListElement":[{"@type":"ListItem","position":1,"name":"Inicio","item":"https:\/\/compuviper.mx\/tienda\/"},{"@type":"ListItem","position":2,"name":"Productos","item":"https:\/\/compuviper.mx\/tienda\/productos\/"},{"@type":"ListItem","position":3,"name":"Control De Acceso Y Asistencia","item":"https:\/\/compuviper.mx\/tienda\/categoria-producto\/control-de-acceso-y-asistencia\/"},{"@type":"ListItem","position":4,"name":"Lectores De Control De Acceso Y Asistencia","item":"https:\/\/compuviper.mx\/tienda\/categoria-producto\/control-de-acceso-y-asistencia\/lectores-de-control-de-acceso-y-asistencia\/"},{"@type":"ListItem","position":5,"name":"Hikvision Ds-k1t673dwx Terminal Facial Wifi Con Pantalla De 7 \/ Exterior Ip65 \/ 10,000 Rostros Y 50,000 Tarjetas \/ 10,000 Huellas (m?dulo Opcional) \/ Isapi \/ Isup 5.0 \/ Codigos Qr Y Bluethooth"}]},{"@type":"WebSite","@id":"https:\/\/compuviper.mx\/tienda\/#website","url":"https:\/\/compuviper.mx\/tienda\/","name":"Compuviper","description":"Proveedor de Computadoras, Laptops, Servidores, Monitores, Puntos de Venta, Teclados,   Impresoras, T\u00f3ner, C\u00e1maras de Seguridad y m\u00e1s en tu tienda en l\u00ednea","publisher":{"@id":"https:\/\/compuviper.mx\/tienda\/#organization"},"potentialAction":[{"@type":"SearchAction","target":{"@type":"EntryPoint","urlTemplate":"https:\/\/compuviper.mx\/tienda\/?s={search_term_string}"},"query-input":"required name=search_term_string"}],"inLanguage":"es-MX"},{"@type":"Organization","@id":"https:\/\/compuviper.mx\/tienda\/#organization","name":"Compuviper","url":"https:\/\/compuviper.mx\/tienda\/","logo":{"@type":"ImageObject","inLanguage":"es-MX","@id":"https:\/\/compuviper.mx\/tienda\/#\/schema\/logo\/image\/","url":"https:\/\/compuviper.mx\/tienda\/wp-content\/uploads\/2021\/08\/Logo-Compuviper-10.png","contentUrl":"https:\/\/compuviper.mx\/tienda\/wp-content\/uploads\/2021\/08\/Logo-Compuviper-10.png","width":1000,"height":500,"caption":"Compuviper"},"image":{"@id":"https:\/\/compuviper.mx\/tienda\/#\/schema\/logo\/image\/"},"sameAs":["https:\/\/www.facebook.com\/compuviper","https:\/\/www.youtube.com\/channel\/UCf73dERp9Y3cfOq7q8BhLjA?view_as=subscriber"]}]},"product_brand":"HIKVISION","product_price_amount":"8199","product_price_currency":"MXN","og_availability":"backorder","product_availability":"available for order","product_retailer_item_id":"DS-K1T673DWX","product_condition":"new"},"_links":{"self":[{"href":"https:\/\/compuviper.mx\/tienda\/wp-json\/wp\/v2\/product\/247272"}],"collection":[{"href":"https:\/\/compuviper.mx\/tienda\/wp-json\/wp\/v2\/product"}],"about":[{"href":"https:\/\/compuviper.mx\/tienda\/wp-json\/wp\/v2\/types\/product"}],"replies":[{"embeddable":true,"href":"https:\/\/compuviper.mx\/tienda\/wp-json\/wp\/v2\/comments?post=247272"}],"wp:featuredmedia":[{"embeddable":true,"href":"https:\/\/compuviper.mx\/tienda\/wp-json\/wp\/v2\/media\/258714"}],"wp:attachment":[{"href":"https:\/\/compuviper.mx\/tienda\/wp-json\/wp\/v2\/media?parent=247272"}],"wp:term":[{"taxonomy":"product_cat","embeddable":true,"href":"https:\/\/compuviper.mx\/tienda\/wp-json\/wp\/v2\/product_cat?post=247272"},{"taxonomy":"product_tag","embeddable":true,"href":"https:\/\/compuviper.mx\/tienda\/wp-json\/wp\/v2\/product_tag?post=247272"}],"curies":[{"name":"wp","href":"https:\/\/api.w.org\/{rel}","templated":true}]}}