{"id":247255,"date":"2026-04-02T00:30:22","date_gmt":"2026-04-02T06:30:22","guid":{"rendered":"https:\/\/compuviper.mx\/tienda\/producto\/cyberpower-hstp3t15k-mdulo-standalone-trifsico-15kva-15kw-1-ao-de-garantia-verificar-costos-de-viticos-de-arranque-con-el-gerente-de-marca\/"},"modified":"2026-04-02T00:30:23","modified_gmt":"2026-04-02T06:30:23","slug":"cyberpower-hstp3t15k-mdulo-standalone-trifsico-15kva-15kw-1-ao-de-garantia-verificar-costos-de-viticos-de-arranque-con-el-gerente-de-marca","status":"publish","type":"product","link":"https:\/\/compuviper.mx\/tienda\/producto\/cyberpower-hstp3t15k-mdulo-standalone-trifsico-15kva-15kw-1-ao-de-garantia-verificar-costos-de-viticos-de-arranque-con-el-gerente-de-marca\/","title":{"rendered":"Cyberpower Hstp3t15k M?dulo  () Standalone Trif?sico (15kva\/15kw) 1 A?o De Garantia. Verificar Costos De Vi?ticos De Arranque Con El Gerente De Marca."},"content":{"rendered":"<table class=\"descripcion\">\n<tr>\n<td>Trifsico, torre, doble conversin en linea, eficiencia del modo eco en linea   98, eficiencia en modo normal 94, eficiencia en modo bateria  93, compatible con active pfc, expansin en paralelo nidades m\u00e1ximas 4.<\/td>\n<\/tr>\n<tr>\n<td>Salida 15000 v 15000 watts<\/td>\n<\/tr>\n<\/table>\n","protected":false},"excerpt":{"rendered":"<p>Cyberpower hstp3t15k el ups trif\u00e1sico en lnea proporciona respaldo de energa duradero para armarios de datos, transporte e infraestructura y sistemas de emergencia. Con capacidad de redundancia paralela el ups de la serie hstp3t trif\u00e1sico es ideal para aplicaciones crticas en salas de servidores, centros de datos, f\u00e1bricas industriales y plantas de generacin de energa que requieren alta capacidad alta confiabilidad y tiempos de respaldos extendidos.<\/p>\n","protected":false},"featured_media":259575,"comment_status":"open","ping_status":"open","template":"","meta":[],"product_cat":[2231,1508],"product_tag":[1692],"acf":[],"yoast_head":"<!-- This site is optimized with the Yoast SEO plugin v21.7 - https:\/\/yoast.com\/wordpress\/plugins\/seo\/ -->\n<title>[ Cyberpower ] &#129351; Hstp3t15k M\u00f3dulo () Standalone Trif\u00e1sico (15kva\/15kw) 1 A\u00f1o De Garantia. Verificar Costos De Vi\u00e1ticos De Arranque Con El Gerente De Marca.<\/title>\n<meta name=\"description\" content=\"Compra Hstp3t15k M\u00f3dulo () Standalone Trif\u00e1sico (15kva\/15kw) 1 A\u00f1o De Garantia. Verificar Costos De Vi\u00e1ticos De Arranque Con El Gerente De Marca. + Env\u00edo a domicilio + Pago seguro + Garant\u00eda\" \/>\n<meta name=\"robots\" content=\"index, follow, max-snippet:-1, max-image-preview:large, max-video-preview:-1\" \/>\n<link rel=\"canonical\" href=\"https:\/\/compuviper.mx\/tienda\/producto\/cyberpower-hstp3t15k-mdulo-standalone-trifsico-15kva-15kw-1-ao-de-garantia-verificar-costos-de-viticos-de-arranque-con-el-gerente-de-marca\/\" \/>\n<meta property=\"og:locale\" content=\"es_MX\" \/>\n<meta property=\"og:type\" content=\"article\" \/>\n<meta property=\"og:title\" content=\"[ Cyberpower ] &#129351; Hstp3t15k M\u00f3dulo () Standalone Trif\u00e1sico (15kva\/15kw) 1 A\u00f1o De Garantia. Verificar Costos De Vi\u00e1ticos De Arranque Con El Gerente De Marca.\" \/>\n<meta property=\"og:description\" content=\"Compra Hstp3t15k M\u00f3dulo () Standalone Trif\u00e1sico (15kva\/15kw) 1 A\u00f1o De Garantia. Verificar Costos De Vi\u00e1ticos De Arranque Con El Gerente De Marca. + Env\u00edo a domicilio + Pago seguro + Garant\u00eda\" \/>\n<meta property=\"og:url\" content=\"https:\/\/compuviper.mx\/tienda\/producto\/cyberpower-hstp3t15k-mdulo-standalone-trifsico-15kva-15kw-1-ao-de-garantia-verificar-costos-de-viticos-de-arranque-con-el-gerente-de-marca\/\" \/>\n<meta property=\"og:site_name\" content=\"Compuviper\" \/>\n<meta property=\"article:publisher\" content=\"https:\/\/www.facebook.com\/compuviper\" \/>\n<meta property=\"article:modified_time\" content=\"2026-04-02T06:30:23+00:00\" \/>\n<meta property=\"og:image\" content=\"https:\/\/compuviper.mx\/tienda\/wp-content\/uploads\/2025\/10\/Modulo-cyberpower-hstp3t15k-standalone-trifasico-15kva15kw-1-ano-de-garantia.-verificar-costos-de-viaticos-de-arranque-con-el-gerente-de-marca.jpg\" \/>\n\t<meta property=\"og:image:width\" content=\"200\" \/>\n\t<meta property=\"og:image:height\" content=\"200\" \/>\n\t<meta property=\"og:image:type\" content=\"image\/jpeg\" \/>\n<meta name=\"twitter:card\" content=\"summary_large_image\" \/>\n<meta name=\"twitter:label1\" content=\"Precio\" \/>\n\t<meta name=\"twitter:data1\" content=\"&#36;100,423 con IVA\" \/>\n\t<meta name=\"twitter:label2\" content=\"Availability\" \/>\n\t<meta name=\"twitter:data2\" content=\"On backorder\" \/>\n<script type=\"application\/ld+json\" class=\"yoast-schema-graph\">{\"@context\":\"https:\/\/schema.org\",\"@graph\":[{\"@type\":\"WebPage\",\"@id\":\"https:\/\/compuviper.mx\/tienda\/producto\/cyberpower-hstp3t15k-mdulo-standalone-trifsico-15kva-15kw-1-ao-de-garantia-verificar-costos-de-viticos-de-arranque-con-el-gerente-de-marca\/\",\"url\":\"https:\/\/compuviper.mx\/tienda\/producto\/cyberpower-hstp3t15k-mdulo-standalone-trifsico-15kva-15kw-1-ao-de-garantia-verificar-costos-de-viticos-de-arranque-con-el-gerente-de-marca\/\",\"name\":\"[ Cyberpower ] &#129351; Hstp3t15k M\u00f3dulo () Standalone Trif\u00e1sico (15kva\/15kw) 1 A\u00f1o De Garantia. Verificar Costos De Vi\u00e1ticos De Arranque Con El Gerente De Marca.\",\"isPartOf\":{\"@id\":\"https:\/\/compuviper.mx\/tienda\/#website\"},\"datePublished\":\"2026-04-02T06:30:22+00:00\",\"dateModified\":\"2026-04-02T06:30:23+00:00\",\"description\":\"Compra Hstp3t15k M\u00f3dulo () Standalone Trif\u00e1sico (15kva\/15kw) 1 A\u00f1o De Garantia. Verificar Costos De Vi\u00e1ticos De Arranque Con El Gerente De Marca. + Env\u00edo a domicilio + Pago seguro + Garant\u00eda\",\"breadcrumb\":{\"@id\":\"https:\/\/compuviper.mx\/tienda\/producto\/cyberpower-hstp3t15k-mdulo-standalone-trifsico-15kva-15kw-1-ao-de-garantia-verificar-costos-de-viticos-de-arranque-con-el-gerente-de-marca\/#breadcrumb\"},\"inLanguage\":\"es-MX\",\"potentialAction\":[{\"@type\":\"ReadAction\",\"target\":[\"https:\/\/compuviper.mx\/tienda\/producto\/cyberpower-hstp3t15k-mdulo-standalone-trifsico-15kva-15kw-1-ao-de-garantia-verificar-costos-de-viticos-de-arranque-con-el-gerente-de-marca\/\"]}]},{\"@type\":\"BreadcrumbList\",\"@id\":\"https:\/\/compuviper.mx\/tienda\/producto\/cyberpower-hstp3t15k-mdulo-standalone-trifsico-15kva-15kw-1-ao-de-garantia-verificar-costos-de-viticos-de-arranque-con-el-gerente-de-marca\/#breadcrumb\",\"itemListElement\":[{\"@type\":\"ListItem\",\"position\":1,\"name\":\"Inicio\",\"item\":\"https:\/\/compuviper.mx\/tienda\/\"},{\"@type\":\"ListItem\",\"position\":2,\"name\":\"Productos\",\"item\":\"https:\/\/compuviper.mx\/tienda\/productos\/\"},{\"@type\":\"ListItem\",\"position\":3,\"name\":\"Energia\",\"item\":\"https:\/\/compuviper.mx\/tienda\/categoria-producto\/energia\/\"},{\"@type\":\"ListItem\",\"position\":4,\"name\":\"Sin Categor\u00eda\",\"item\":\"https:\/\/compuviper.mx\/tienda\/categoria-producto\/energia\/sin-categoria-energia\/\"},{\"@type\":\"ListItem\",\"position\":5,\"name\":\"Cyberpower Hstp3t15k M?dulo () Standalone Trif?sico (15kva\/15kw) 1 A?o De Garantia. Verificar Costos De Vi?ticos De Arranque Con El Gerente De Marca.\"}]},{\"@type\":\"WebSite\",\"@id\":\"https:\/\/compuviper.mx\/tienda\/#website\",\"url\":\"https:\/\/compuviper.mx\/tienda\/\",\"name\":\"Compuviper\",\"description\":\"Proveedor de Computadoras, Laptops, Servidores, Monitores, Puntos de Venta, Teclados,   Impresoras, T\u00f3ner, C\u00e1maras de Seguridad y m\u00e1s en tu tienda en l\u00ednea\",\"publisher\":{\"@id\":\"https:\/\/compuviper.mx\/tienda\/#organization\"},\"potentialAction\":[{\"@type\":\"SearchAction\",\"target\":{\"@type\":\"EntryPoint\",\"urlTemplate\":\"https:\/\/compuviper.mx\/tienda\/?s={search_term_string}\"},\"query-input\":\"required name=search_term_string\"}],\"inLanguage\":\"es-MX\"},{\"@type\":\"Organization\",\"@id\":\"https:\/\/compuviper.mx\/tienda\/#organization\",\"name\":\"Compuviper\",\"url\":\"https:\/\/compuviper.mx\/tienda\/\",\"logo\":{\"@type\":\"ImageObject\",\"inLanguage\":\"es-MX\",\"@id\":\"https:\/\/compuviper.mx\/tienda\/#\/schema\/logo\/image\/\",\"url\":\"https:\/\/compuviper.mx\/tienda\/wp-content\/uploads\/2021\/08\/Logo-Compuviper-10.png\",\"contentUrl\":\"https:\/\/compuviper.mx\/tienda\/wp-content\/uploads\/2021\/08\/Logo-Compuviper-10.png\",\"width\":1000,\"height\":500,\"caption\":\"Compuviper\"},\"image\":{\"@id\":\"https:\/\/compuviper.mx\/tienda\/#\/schema\/logo\/image\/\"},\"sameAs\":[\"https:\/\/www.facebook.com\/compuviper\",\"https:\/\/www.youtube.com\/channel\/UCf73dERp9Y3cfOq7q8BhLjA?view_as=subscriber\"]}]}<\/script>\n<meta property=\"product:brand\" content=\"CYBERPOWER\" \/>\n<meta property=\"product:price:amount\" content=\"100423\" \/>\n<meta property=\"product:price:currency\" content=\"MXN\" \/>\n<meta property=\"og:availability\" content=\"backorder\" \/>\n<meta property=\"product:availability\" content=\"available for order\" \/>\n<meta property=\"product:retailer_item_id\" content=\"HSTP3T15K\" \/>\n<meta property=\"product:condition\" content=\"new\" \/>\n<!-- \/ Yoast SEO plugin. -->","yoast_head_json":{"title":"[ Cyberpower ] &#129351; Hstp3t15k M\u00f3dulo () Standalone Trif\u00e1sico (15kva\/15kw) 1 A\u00f1o De Garantia. Verificar Costos De Vi\u00e1ticos De Arranque Con El Gerente De Marca.","description":"Compra Hstp3t15k M\u00f3dulo () Standalone Trif\u00e1sico (15kva\/15kw) 1 A\u00f1o De Garantia. Verificar Costos De Vi\u00e1ticos De Arranque Con El Gerente De Marca. + Env\u00edo a domicilio + Pago seguro + Garant\u00eda","robots":{"index":"index","follow":"follow","max-snippet":"max-snippet:-1","max-image-preview":"max-image-preview:large","max-video-preview":"max-video-preview:-1"},"canonical":"https:\/\/compuviper.mx\/tienda\/producto\/cyberpower-hstp3t15k-mdulo-standalone-trifsico-15kva-15kw-1-ao-de-garantia-verificar-costos-de-viticos-de-arranque-con-el-gerente-de-marca\/","og_locale":"es_MX","og_type":"article","og_title":"[ Cyberpower ] &#129351; Hstp3t15k M\u00f3dulo () Standalone Trif\u00e1sico (15kva\/15kw) 1 A\u00f1o De Garantia. Verificar Costos De Vi\u00e1ticos De Arranque Con El Gerente De Marca.","og_description":"Compra Hstp3t15k M\u00f3dulo () Standalone Trif\u00e1sico (15kva\/15kw) 1 A\u00f1o De Garantia. Verificar Costos De Vi\u00e1ticos De Arranque Con El Gerente De Marca. + Env\u00edo a domicilio + Pago seguro + Garant\u00eda","og_url":"https:\/\/compuviper.mx\/tienda\/producto\/cyberpower-hstp3t15k-mdulo-standalone-trifsico-15kva-15kw-1-ao-de-garantia-verificar-costos-de-viticos-de-arranque-con-el-gerente-de-marca\/","og_site_name":"Compuviper","article_publisher":"https:\/\/www.facebook.com\/compuviper","article_modified_time":"2026-04-02T06:30:23+00:00","og_image":[{"width":200,"height":200,"url":"https:\/\/compuviper.mx\/tienda\/wp-content\/uploads\/2025\/10\/Modulo-cyberpower-hstp3t15k-standalone-trifasico-15kva15kw-1-ano-de-garantia.-verificar-costos-de-viaticos-de-arranque-con-el-gerente-de-marca.jpg","type":"image\/jpeg"}],"twitter_card":"summary_large_image","twitter_misc":{"Precio":"&#36;100,423 con IVA","Availability":"On backorder"},"schema":{"@context":"https:\/\/schema.org","@graph":[{"@type":"WebPage","@id":"https:\/\/compuviper.mx\/tienda\/producto\/cyberpower-hstp3t15k-mdulo-standalone-trifsico-15kva-15kw-1-ao-de-garantia-verificar-costos-de-viticos-de-arranque-con-el-gerente-de-marca\/","url":"https:\/\/compuviper.mx\/tienda\/producto\/cyberpower-hstp3t15k-mdulo-standalone-trifsico-15kva-15kw-1-ao-de-garantia-verificar-costos-de-viticos-de-arranque-con-el-gerente-de-marca\/","name":"[ Cyberpower ] &#129351; Hstp3t15k M\u00f3dulo () Standalone Trif\u00e1sico (15kva\/15kw) 1 A\u00f1o De Garantia. Verificar Costos De Vi\u00e1ticos De Arranque Con El Gerente De Marca.","isPartOf":{"@id":"https:\/\/compuviper.mx\/tienda\/#website"},"datePublished":"2026-04-02T06:30:22+00:00","dateModified":"2026-04-02T06:30:23+00:00","description":"Compra Hstp3t15k M\u00f3dulo () Standalone Trif\u00e1sico (15kva\/15kw) 1 A\u00f1o De Garantia. Verificar Costos De Vi\u00e1ticos De Arranque Con El Gerente De Marca. + Env\u00edo a domicilio + Pago seguro + Garant\u00eda","breadcrumb":{"@id":"https:\/\/compuviper.mx\/tienda\/producto\/cyberpower-hstp3t15k-mdulo-standalone-trifsico-15kva-15kw-1-ao-de-garantia-verificar-costos-de-viticos-de-arranque-con-el-gerente-de-marca\/#breadcrumb"},"inLanguage":"es-MX","potentialAction":[{"@type":"ReadAction","target":["https:\/\/compuviper.mx\/tienda\/producto\/cyberpower-hstp3t15k-mdulo-standalone-trifsico-15kva-15kw-1-ao-de-garantia-verificar-costos-de-viticos-de-arranque-con-el-gerente-de-marca\/"]}]},{"@type":"BreadcrumbList","@id":"https:\/\/compuviper.mx\/tienda\/producto\/cyberpower-hstp3t15k-mdulo-standalone-trifsico-15kva-15kw-1-ao-de-garantia-verificar-costos-de-viticos-de-arranque-con-el-gerente-de-marca\/#breadcrumb","itemListElement":[{"@type":"ListItem","position":1,"name":"Inicio","item":"https:\/\/compuviper.mx\/tienda\/"},{"@type":"ListItem","position":2,"name":"Productos","item":"https:\/\/compuviper.mx\/tienda\/productos\/"},{"@type":"ListItem","position":3,"name":"Energia","item":"https:\/\/compuviper.mx\/tienda\/categoria-producto\/energia\/"},{"@type":"ListItem","position":4,"name":"Sin Categor\u00eda","item":"https:\/\/compuviper.mx\/tienda\/categoria-producto\/energia\/sin-categoria-energia\/"},{"@type":"ListItem","position":5,"name":"Cyberpower Hstp3t15k M?dulo () Standalone Trif?sico (15kva\/15kw) 1 A?o De Garantia. Verificar Costos De Vi?ticos De Arranque Con El Gerente De Marca."}]},{"@type":"WebSite","@id":"https:\/\/compuviper.mx\/tienda\/#website","url":"https:\/\/compuviper.mx\/tienda\/","name":"Compuviper","description":"Proveedor de Computadoras, Laptops, Servidores, Monitores, Puntos de Venta, Teclados,   Impresoras, T\u00f3ner, C\u00e1maras de Seguridad y m\u00e1s en tu tienda en l\u00ednea","publisher":{"@id":"https:\/\/compuviper.mx\/tienda\/#organization"},"potentialAction":[{"@type":"SearchAction","target":{"@type":"EntryPoint","urlTemplate":"https:\/\/compuviper.mx\/tienda\/?s={search_term_string}"},"query-input":"required name=search_term_string"}],"inLanguage":"es-MX"},{"@type":"Organization","@id":"https:\/\/compuviper.mx\/tienda\/#organization","name":"Compuviper","url":"https:\/\/compuviper.mx\/tienda\/","logo":{"@type":"ImageObject","inLanguage":"es-MX","@id":"https:\/\/compuviper.mx\/tienda\/#\/schema\/logo\/image\/","url":"https:\/\/compuviper.mx\/tienda\/wp-content\/uploads\/2021\/08\/Logo-Compuviper-10.png","contentUrl":"https:\/\/compuviper.mx\/tienda\/wp-content\/uploads\/2021\/08\/Logo-Compuviper-10.png","width":1000,"height":500,"caption":"Compuviper"},"image":{"@id":"https:\/\/compuviper.mx\/tienda\/#\/schema\/logo\/image\/"},"sameAs":["https:\/\/www.facebook.com\/compuviper","https:\/\/www.youtube.com\/channel\/UCf73dERp9Y3cfOq7q8BhLjA?view_as=subscriber"]}]},"product_brand":"CYBERPOWER","product_price_amount":"100423","product_price_currency":"MXN","og_availability":"backorder","product_availability":"available for order","product_retailer_item_id":"HSTP3T15K","product_condition":"new"},"_links":{"self":[{"href":"https:\/\/compuviper.mx\/tienda\/wp-json\/wp\/v2\/product\/247255"}],"collection":[{"href":"https:\/\/compuviper.mx\/tienda\/wp-json\/wp\/v2\/product"}],"about":[{"href":"https:\/\/compuviper.mx\/tienda\/wp-json\/wp\/v2\/types\/product"}],"replies":[{"embeddable":true,"href":"https:\/\/compuviper.mx\/tienda\/wp-json\/wp\/v2\/comments?post=247255"}],"wp:featuredmedia":[{"embeddable":true,"href":"https:\/\/compuviper.mx\/tienda\/wp-json\/wp\/v2\/media\/259575"}],"wp:attachment":[{"href":"https:\/\/compuviper.mx\/tienda\/wp-json\/wp\/v2\/media?parent=247255"}],"wp:term":[{"taxonomy":"product_cat","embeddable":true,"href":"https:\/\/compuviper.mx\/tienda\/wp-json\/wp\/v2\/product_cat?post=247255"},{"taxonomy":"product_tag","embeddable":true,"href":"https:\/\/compuviper.mx\/tienda\/wp-json\/wp\/v2\/product_tag?post=247255"}],"curies":[{"name":"wp","href":"https:\/\/api.w.org\/{rel}","templated":true}]}}