{"id":247240,"date":"2026-04-02T02:18:03","date_gmt":"2026-04-02T08:18:03","guid":{"rendered":"https:\/\/compuviper.mx\/tienda\/producto\/microsoft-mst-cfq7ttc0hdb0-0002-1yy-csp-planner-and-project-plan-3-annual\/"},"modified":"2026-04-02T02:18:04","modified_gmt":"2026-04-02T08:18:04","slug":"microsoft-cfq7ttc0hdb00002p1y-csp-planner-and-project-plan-3-annual","status":"publish","type":"product","link":"https:\/\/compuviper.mx\/tienda\/producto\/microsoft-cfq7ttc0hdb00002p1y-csp-planner-and-project-plan-3-annual\/","title":{"rendered":"Microsoft Cfq7ttc0hdb0:0002:p1y  Csp Planner And Project Plan 3 &#8211; Annual"},"content":{"rendered":"<table class=\"descripcion\">\n<tr>\n<td>La licencia planner and project plan 3 proporciona herramientas esenciales para la gesti\u00f3n de proyectos y tareas, combinando las funcionalidades de microsoft planner y project. permite a los equipos planificar, asignar y monitorear tareas y proyectos con facilidad, utilizando tableros kanban y diagramas de gantt. la integraci\u00f3n con microsoft 365 facilita la colaboraci\u00f3n y comunicaci\u00f3n en tiempo real, asegurando que todos los miembros del equipo est\u00e9n alineados. adem\u00e1s, ofrece seguridad y cumplimiento de microsoft, garantizando la protecci\u00f3n de los datos. ideal para empresas que buscan una soluci\u00f3n eficiente y colaborativa para la gesti\u00f3n de proyectos<\/td>\n<\/tr>\n<\/table>\n","protected":false},"excerpt":{"rendered":"<p>La licencia planner and project plan 3 es ideal para empresas que buscan una soluci\u00f3n eficiente y colaborativa para la gesti\u00f3n de proyectos y tareas. Con esta licencia, tu equipo podr\u00e1 planificar, asignar y monitorear proyectos de manera sencilla, utilizando herramientas visuales como tableros kanban y diagramas de gantt. La integraci\u00f3n con microsoft 365 facilita la colaboraci\u00f3n en tiempo real, asegurando que todos los miembros del equipo est\u00e9n alineados y enfocados en los objetivos clave. Adem\u00e1s, cuenta con la seguridad y cumplimiento de microsoft, garantizando la protecci\u00f3n de tus datos. Perfecta para maximizar la productividad y eficiencia en la gesti\u00f3n de proyectos.<\/p>\n","protected":false},"featured_media":261028,"comment_status":"open","ping_status":"open","template":"","meta":[],"product_cat":[1827,2108],"product_tag":[1831],"acf":[],"yoast_head":"<!-- This site is optimized with the Yoast SEO plugin v21.7 - https:\/\/yoast.com\/wordpress\/plugins\/seo\/ -->\n<title>[ Microsoft ] &#129351; Cfq7ttc0hdb0:0002:p1y Csp Planner And Project Plan 3 - Annual<\/title>\n<meta name=\"description\" content=\"Compra Cfq7ttc0hdb0:0002:p1y Csp Planner And Project Plan 3 - Annual + Env\u00edo a domicilio + Pago seguro + Garant\u00eda\" \/>\n<meta name=\"robots\" content=\"index, follow, max-snippet:-1, max-image-preview:large, max-video-preview:-1\" \/>\n<link rel=\"canonical\" href=\"https:\/\/compuviper.mx\/tienda\/producto\/microsoft-cfq7ttc0hdb00002p1y-csp-planner-and-project-plan-3-annual\/\" \/>\n<meta property=\"og:locale\" content=\"es_MX\" \/>\n<meta property=\"og:type\" content=\"article\" \/>\n<meta property=\"og:title\" content=\"[ Microsoft ] &#129351; Cfq7ttc0hdb0:0002:p1y Csp Planner And Project Plan 3 - Annual\" \/>\n<meta property=\"og:description\" content=\"Compra Cfq7ttc0hdb0:0002:p1y Csp Planner And Project Plan 3 - Annual + Env\u00edo a domicilio + Pago seguro + Garant\u00eda\" \/>\n<meta property=\"og:url\" content=\"https:\/\/compuviper.mx\/tienda\/producto\/microsoft-cfq7ttc0hdb00002p1y-csp-planner-and-project-plan-3-annual\/\" \/>\n<meta property=\"og:site_name\" content=\"Compuviper\" \/>\n<meta property=\"article:publisher\" content=\"https:\/\/www.facebook.com\/compuviper\" \/>\n<meta property=\"article:modified_time\" content=\"2026-04-02T08:18:04+00:00\" \/>\n<meta property=\"og:image\" content=\"https:\/\/compuviper.mx\/tienda\/wp-content\/uploads\/2025\/10\/Microsoft-csp-planner-and-project-plan-3-annual.jpg\" \/>\n\t<meta property=\"og:image:width\" content=\"200\" \/>\n\t<meta property=\"og:image:height\" content=\"200\" \/>\n\t<meta property=\"og:image:type\" content=\"image\/jpeg\" \/>\n<meta name=\"twitter:card\" content=\"summary_large_image\" \/>\n<meta name=\"twitter:label1\" content=\"Precio\" \/>\n\t<meta name=\"twitter:data1\" content=\"&#36;6,211 con IVA\" \/>\n\t<meta name=\"twitter:label2\" content=\"Availability\" \/>\n\t<meta name=\"twitter:data2\" content=\"On backorder\" \/>\n<script type=\"application\/ld+json\" class=\"yoast-schema-graph\">{\"@context\":\"https:\/\/schema.org\",\"@graph\":[{\"@type\":\"WebPage\",\"@id\":\"https:\/\/compuviper.mx\/tienda\/producto\/microsoft-cfq7ttc0hdb00002p1y-csp-planner-and-project-plan-3-annual\/\",\"url\":\"https:\/\/compuviper.mx\/tienda\/producto\/microsoft-cfq7ttc0hdb00002p1y-csp-planner-and-project-plan-3-annual\/\",\"name\":\"[ Microsoft ] &#129351; Cfq7ttc0hdb0:0002:p1y Csp Planner And Project Plan 3 - Annual\",\"isPartOf\":{\"@id\":\"https:\/\/compuviper.mx\/tienda\/#website\"},\"datePublished\":\"2026-04-02T08:18:03+00:00\",\"dateModified\":\"2026-04-02T08:18:04+00:00\",\"description\":\"Compra Cfq7ttc0hdb0:0002:p1y Csp Planner And Project Plan 3 - Annual + Env\u00edo a domicilio + Pago seguro + Garant\u00eda\",\"breadcrumb\":{\"@id\":\"https:\/\/compuviper.mx\/tienda\/producto\/microsoft-cfq7ttc0hdb00002p1y-csp-planner-and-project-plan-3-annual\/#breadcrumb\"},\"inLanguage\":\"es-MX\",\"potentialAction\":[{\"@type\":\"ReadAction\",\"target\":[\"https:\/\/compuviper.mx\/tienda\/producto\/microsoft-cfq7ttc0hdb00002p1y-csp-planner-and-project-plan-3-annual\/\"]}]},{\"@type\":\"BreadcrumbList\",\"@id\":\"https:\/\/compuviper.mx\/tienda\/producto\/microsoft-cfq7ttc0hdb00002p1y-csp-planner-and-project-plan-3-annual\/#breadcrumb\",\"itemListElement\":[{\"@type\":\"ListItem\",\"position\":1,\"name\":\"Inicio\",\"item\":\"https:\/\/compuviper.mx\/tienda\/\"},{\"@type\":\"ListItem\",\"position\":2,\"name\":\"Productos\",\"item\":\"https:\/\/compuviper.mx\/tienda\/productos\/\"},{\"@type\":\"ListItem\",\"position\":3,\"name\":\"Software\",\"item\":\"https:\/\/compuviper.mx\/tienda\/categoria-producto\/software\/\"},{\"@type\":\"ListItem\",\"position\":4,\"name\":\"Licenciamiento Microsoft Csp\",\"item\":\"https:\/\/compuviper.mx\/tienda\/categoria-producto\/software\/licenciamiento-microsoft-csp\/\"},{\"@type\":\"ListItem\",\"position\":5,\"name\":\"Microsoft Cfq7ttc0hdb0:0002:p1y Csp Planner And Project Plan 3 &#8211; Annual\"}]},{\"@type\":\"WebSite\",\"@id\":\"https:\/\/compuviper.mx\/tienda\/#website\",\"url\":\"https:\/\/compuviper.mx\/tienda\/\",\"name\":\"Compuviper\",\"description\":\"Proveedor de Computadoras, Laptops, Servidores, Monitores, Puntos de Venta, Teclados,   Impresoras, T\u00f3ner, C\u00e1maras de Seguridad y m\u00e1s en tu tienda en l\u00ednea\",\"publisher\":{\"@id\":\"https:\/\/compuviper.mx\/tienda\/#organization\"},\"potentialAction\":[{\"@type\":\"SearchAction\",\"target\":{\"@type\":\"EntryPoint\",\"urlTemplate\":\"https:\/\/compuviper.mx\/tienda\/?s={search_term_string}\"},\"query-input\":\"required name=search_term_string\"}],\"inLanguage\":\"es-MX\"},{\"@type\":\"Organization\",\"@id\":\"https:\/\/compuviper.mx\/tienda\/#organization\",\"name\":\"Compuviper\",\"url\":\"https:\/\/compuviper.mx\/tienda\/\",\"logo\":{\"@type\":\"ImageObject\",\"inLanguage\":\"es-MX\",\"@id\":\"https:\/\/compuviper.mx\/tienda\/#\/schema\/logo\/image\/\",\"url\":\"https:\/\/compuviper.mx\/tienda\/wp-content\/uploads\/2021\/08\/Logo-Compuviper-10.png\",\"contentUrl\":\"https:\/\/compuviper.mx\/tienda\/wp-content\/uploads\/2021\/08\/Logo-Compuviper-10.png\",\"width\":1000,\"height\":500,\"caption\":\"Compuviper\"},\"image\":{\"@id\":\"https:\/\/compuviper.mx\/tienda\/#\/schema\/logo\/image\/\"},\"sameAs\":[\"https:\/\/www.facebook.com\/compuviper\",\"https:\/\/www.youtube.com\/channel\/UCf73dERp9Y3cfOq7q8BhLjA?view_as=subscriber\"]}]}<\/script>\n<meta property=\"product:brand\" content=\"MICROSOFT\" \/>\n<meta property=\"product:price:amount\" content=\"6211\" \/>\n<meta property=\"product:price:currency\" content=\"MXN\" \/>\n<meta property=\"og:availability\" content=\"backorder\" \/>\n<meta property=\"product:availability\" content=\"available for order\" \/>\n<meta property=\"product:retailer_item_id\" content=\"CFQ7TTC0HDB0:0002:P1Y\" \/>\n<meta property=\"product:condition\" content=\"new\" \/>\n<!-- \/ Yoast SEO plugin. -->","yoast_head_json":{"title":"[ Microsoft ] &#129351; Cfq7ttc0hdb0:0002:p1y Csp Planner And Project Plan 3 - Annual","description":"Compra Cfq7ttc0hdb0:0002:p1y Csp Planner And Project Plan 3 - Annual + Env\u00edo a domicilio + Pago seguro + Garant\u00eda","robots":{"index":"index","follow":"follow","max-snippet":"max-snippet:-1","max-image-preview":"max-image-preview:large","max-video-preview":"max-video-preview:-1"},"canonical":"https:\/\/compuviper.mx\/tienda\/producto\/microsoft-cfq7ttc0hdb00002p1y-csp-planner-and-project-plan-3-annual\/","og_locale":"es_MX","og_type":"article","og_title":"[ Microsoft ] &#129351; Cfq7ttc0hdb0:0002:p1y Csp Planner And Project Plan 3 - Annual","og_description":"Compra Cfq7ttc0hdb0:0002:p1y Csp Planner And Project Plan 3 - Annual + Env\u00edo a domicilio + Pago seguro + Garant\u00eda","og_url":"https:\/\/compuviper.mx\/tienda\/producto\/microsoft-cfq7ttc0hdb00002p1y-csp-planner-and-project-plan-3-annual\/","og_site_name":"Compuviper","article_publisher":"https:\/\/www.facebook.com\/compuviper","article_modified_time":"2026-04-02T08:18:04+00:00","og_image":[{"width":200,"height":200,"url":"https:\/\/compuviper.mx\/tienda\/wp-content\/uploads\/2025\/10\/Microsoft-csp-planner-and-project-plan-3-annual.jpg","type":"image\/jpeg"}],"twitter_card":"summary_large_image","twitter_misc":{"Precio":"&#36;6,211 con IVA","Availability":"On backorder"},"schema":{"@context":"https:\/\/schema.org","@graph":[{"@type":"WebPage","@id":"https:\/\/compuviper.mx\/tienda\/producto\/microsoft-cfq7ttc0hdb00002p1y-csp-planner-and-project-plan-3-annual\/","url":"https:\/\/compuviper.mx\/tienda\/producto\/microsoft-cfq7ttc0hdb00002p1y-csp-planner-and-project-plan-3-annual\/","name":"[ Microsoft ] &#129351; Cfq7ttc0hdb0:0002:p1y Csp Planner And Project Plan 3 - Annual","isPartOf":{"@id":"https:\/\/compuviper.mx\/tienda\/#website"},"datePublished":"2026-04-02T08:18:03+00:00","dateModified":"2026-04-02T08:18:04+00:00","description":"Compra Cfq7ttc0hdb0:0002:p1y Csp Planner And Project Plan 3 - Annual + Env\u00edo a domicilio + Pago seguro + Garant\u00eda","breadcrumb":{"@id":"https:\/\/compuviper.mx\/tienda\/producto\/microsoft-cfq7ttc0hdb00002p1y-csp-planner-and-project-plan-3-annual\/#breadcrumb"},"inLanguage":"es-MX","potentialAction":[{"@type":"ReadAction","target":["https:\/\/compuviper.mx\/tienda\/producto\/microsoft-cfq7ttc0hdb00002p1y-csp-planner-and-project-plan-3-annual\/"]}]},{"@type":"BreadcrumbList","@id":"https:\/\/compuviper.mx\/tienda\/producto\/microsoft-cfq7ttc0hdb00002p1y-csp-planner-and-project-plan-3-annual\/#breadcrumb","itemListElement":[{"@type":"ListItem","position":1,"name":"Inicio","item":"https:\/\/compuviper.mx\/tienda\/"},{"@type":"ListItem","position":2,"name":"Productos","item":"https:\/\/compuviper.mx\/tienda\/productos\/"},{"@type":"ListItem","position":3,"name":"Software","item":"https:\/\/compuviper.mx\/tienda\/categoria-producto\/software\/"},{"@type":"ListItem","position":4,"name":"Licenciamiento Microsoft Csp","item":"https:\/\/compuviper.mx\/tienda\/categoria-producto\/software\/licenciamiento-microsoft-csp\/"},{"@type":"ListItem","position":5,"name":"Microsoft Cfq7ttc0hdb0:0002:p1y Csp Planner And Project Plan 3 &#8211; Annual"}]},{"@type":"WebSite","@id":"https:\/\/compuviper.mx\/tienda\/#website","url":"https:\/\/compuviper.mx\/tienda\/","name":"Compuviper","description":"Proveedor de Computadoras, Laptops, Servidores, Monitores, Puntos de Venta, Teclados,   Impresoras, T\u00f3ner, C\u00e1maras de Seguridad y m\u00e1s en tu tienda en l\u00ednea","publisher":{"@id":"https:\/\/compuviper.mx\/tienda\/#organization"},"potentialAction":[{"@type":"SearchAction","target":{"@type":"EntryPoint","urlTemplate":"https:\/\/compuviper.mx\/tienda\/?s={search_term_string}"},"query-input":"required name=search_term_string"}],"inLanguage":"es-MX"},{"@type":"Organization","@id":"https:\/\/compuviper.mx\/tienda\/#organization","name":"Compuviper","url":"https:\/\/compuviper.mx\/tienda\/","logo":{"@type":"ImageObject","inLanguage":"es-MX","@id":"https:\/\/compuviper.mx\/tienda\/#\/schema\/logo\/image\/","url":"https:\/\/compuviper.mx\/tienda\/wp-content\/uploads\/2021\/08\/Logo-Compuviper-10.png","contentUrl":"https:\/\/compuviper.mx\/tienda\/wp-content\/uploads\/2021\/08\/Logo-Compuviper-10.png","width":1000,"height":500,"caption":"Compuviper"},"image":{"@id":"https:\/\/compuviper.mx\/tienda\/#\/schema\/logo\/image\/"},"sameAs":["https:\/\/www.facebook.com\/compuviper","https:\/\/www.youtube.com\/channel\/UCf73dERp9Y3cfOq7q8BhLjA?view_as=subscriber"]}]},"product_brand":"MICROSOFT","product_price_amount":"6211","product_price_currency":"MXN","og_availability":"backorder","product_availability":"available for order","product_retailer_item_id":"CFQ7TTC0HDB0:0002:P1Y","product_condition":"new"},"_links":{"self":[{"href":"https:\/\/compuviper.mx\/tienda\/wp-json\/wp\/v2\/product\/247240"}],"collection":[{"href":"https:\/\/compuviper.mx\/tienda\/wp-json\/wp\/v2\/product"}],"about":[{"href":"https:\/\/compuviper.mx\/tienda\/wp-json\/wp\/v2\/types\/product"}],"replies":[{"embeddable":true,"href":"https:\/\/compuviper.mx\/tienda\/wp-json\/wp\/v2\/comments?post=247240"}],"wp:featuredmedia":[{"embeddable":true,"href":"https:\/\/compuviper.mx\/tienda\/wp-json\/wp\/v2\/media\/261028"}],"wp:attachment":[{"href":"https:\/\/compuviper.mx\/tienda\/wp-json\/wp\/v2\/media?parent=247240"}],"wp:term":[{"taxonomy":"product_cat","embeddable":true,"href":"https:\/\/compuviper.mx\/tienda\/wp-json\/wp\/v2\/product_cat?post=247240"},{"taxonomy":"product_tag","embeddable":true,"href":"https:\/\/compuviper.mx\/tienda\/wp-json\/wp\/v2\/product_tag?post=247240"}],"curies":[{"name":"wp","href":"https:\/\/api.w.org\/{rel}","templated":true}]}}