{"id":247236,"date":"2026-04-02T02:14:45","date_gmt":"2026-04-02T08:14:45","guid":{"rendered":"https:\/\/compuviper.mx\/tienda\/producto\/microsoft-mst-cfq7ttc0hd9z-0002-1yy-csp-planner-and-project-plan-5-annual\/"},"modified":"2026-04-02T02:14:46","modified_gmt":"2026-04-02T08:14:46","slug":"microsoft-cfq7ttc0hd9z0002p1y-csp-planner-and-project-plan-5-annual","status":"publish","type":"product","link":"https:\/\/compuviper.mx\/tienda\/producto\/microsoft-cfq7ttc0hd9z0002p1y-csp-planner-and-project-plan-5-annual\/","title":{"rendered":"Microsoft Cfq7ttc0hd9z:0002:p1y  Csp Planner And Project Plan 5 &#8211; Annual"},"content":{"rendered":"<table class=\"descripcion\">\n<tr>\n<td>Requisitos<\/td>\n<\/tr>\n<tr>\n<td>Procesador necesario  procesador x86 o x64 a 1 gigahercio (ghz) o m\u00e1s r\u00e1pido con sse2.<\/td>\n<\/tr>\n<tr>\n<td>Sistema operativo necesario  igual que microsoft 365, consulta la p\u00e1gina de recursos de office y microsoft 365 para obtener m\u00e1s informaci\u00f3n.<\/td>\n<\/tr>\n<tr>\n<td>Memoria necesaria  1 gb de ram (32 bits); 2 gb de ram (64 bits).<\/td>\n<\/tr>\n<tr>\n<td>Espacio en disco duro necesario  3 gb de espacio en disco disponible.<\/td>\n<\/tr>\n<tr>\n<td>Pantalla necesaria  resoluci\u00f3n de 1024 \u00d7 768.<\/td>\n<\/tr>\n<tr>\n<td>Gr\u00e1ficos  para la aceleraci\u00f3n de hardware de gr\u00e1ficos, se necesita una tarjeta gr\u00e1fica directx 10.<\/td>\n<\/tr>\n<tr>\n<td>Multit\u00e1ctil  se necesita un dispositivo t\u00e1ctil para usar las funciones multit\u00e1ctiles. sin embargo, todas las caracter\u00edsticas y funciones siempre estar\u00e1n disponibles mediante el teclado, el mouse o cualquier otro dispositivo de entrada accesible o est\u00e1ndar. las nuevas caracter\u00edsticas t\u00e1ctiles est\u00e1n optimizadas para usarse con windows 8 o posterior.<\/td>\n<\/tr>\n<tr>\n<td>Requisitos del sistema adicionales  para usar la funcionalidad internet, se necesita una conexi\u00f3n a internet.<\/td>\n<\/tr>\n<tr>\n<td>Se necesita una cuenta microsoft.<\/td>\n<\/tr>\n<\/table>\n","protected":false},"excerpt":{"rendered":"<p>Project plan 5. Gu\u00eda todos tus proyectos con una soluci\u00f3n de administraci\u00f3n de cartera de proyectos basada en la nube que sea perfecta para administradores de recursos y carteras, as\u00ed como administradores de soluciones. Project plan 5 incluye todas las funcionalidades de project plan 3, adem\u00e1s de. \u0095 administraci\u00f3n de propuestas. \u0095 administraci\u00f3n de recursos de empresa. \u0095 optimizaci\u00f3n y an\u00e1lisis de cartera. Elige la vista que prefieras. Trabaja en el mismo proyecto que los dem\u00e1s con la vista del proyecto que prefieras, ya sea cuadr\u00edcula, panel o escala de tiempo. Consolida tus recursos. Obt\u00e9n una sola vista de todos tus recursos para comprender su capacidad y disponibilidad a fin de ejecutar tu cartera. Acceso en cualquier momento y en cualquier lugar. Permite que los equipos vean, editen, env\u00eden y colaboren en proyectos, carteras y el trabajo diario desde cualquier lugar. Funciona con aplicaciones microsoft 365. Disfruta de conexiones enriquecidas y consigue mucho m\u00e1s con las aplicaciones que ya conoces, como word, excel y powerpoint, adem\u00e1s de teams, onedrive y sharepoint en microsoft 365. Sigue planes de desarrollo. Visualiza el progreso en tus proyectos, programas y carteras conectando diferentes proyectos en una sola vista. Elige las iniciativas que quieras ver y agrega fases, hitos y fechas clave. Crea informes. Obt\u00e9n informaci\u00f3n pr\u00e1ctica que se puede comunicar a las partes interesadas con informes integrados eficaces como la informaci\u00f3n general de recursos y la evoluci\u00f3n. Colabora y comun\u00edcate f\u00e1cilmente. Usa project y microsoft teams* para colaborar en proyectos, incluido el uso compartido de archivos, los chats, las reuniones y mucho m\u00e1s.<\/p>\n","protected":false},"featured_media":260955,"comment_status":"open","ping_status":"open","template":"","meta":[],"product_cat":[2108,1827],"product_tag":[1831],"acf":[],"yoast_head":"<!-- This site is optimized with the Yoast SEO plugin v21.7 - https:\/\/yoast.com\/wordpress\/plugins\/seo\/ -->\n<title>[ Microsoft ] &#129351; Cfq7ttc0hd9z:0002:p1y Csp Planner And Project Plan 5 - Annual<\/title>\n<meta name=\"description\" content=\"Compra Cfq7ttc0hd9z:0002:p1y Csp Planner And Project Plan 5 - Annual + Env\u00edo a domicilio + Pago seguro + Garant\u00eda\" \/>\n<meta name=\"robots\" content=\"index, follow, max-snippet:-1, max-image-preview:large, max-video-preview:-1\" \/>\n<link rel=\"canonical\" href=\"https:\/\/compuviper.mx\/tienda\/producto\/microsoft-cfq7ttc0hd9z0002p1y-csp-planner-and-project-plan-5-annual\/\" \/>\n<meta property=\"og:locale\" content=\"es_MX\" \/>\n<meta property=\"og:type\" content=\"article\" \/>\n<meta property=\"og:title\" content=\"[ Microsoft ] &#129351; Cfq7ttc0hd9z:0002:p1y Csp Planner And Project Plan 5 - Annual\" \/>\n<meta property=\"og:description\" content=\"Compra Cfq7ttc0hd9z:0002:p1y Csp Planner And Project Plan 5 - Annual + Env\u00edo a domicilio + Pago seguro + Garant\u00eda\" \/>\n<meta property=\"og:url\" content=\"https:\/\/compuviper.mx\/tienda\/producto\/microsoft-cfq7ttc0hd9z0002p1y-csp-planner-and-project-plan-5-annual\/\" \/>\n<meta property=\"og:site_name\" content=\"Compuviper\" \/>\n<meta property=\"article:publisher\" content=\"https:\/\/www.facebook.com\/compuviper\" \/>\n<meta property=\"article:modified_time\" content=\"2026-04-02T08:14:46+00:00\" \/>\n<meta property=\"og:image\" content=\"https:\/\/compuviper.mx\/tienda\/wp-content\/uploads\/2025\/10\/Microsoft-csp-planner-and-project-plan-5-annual.jpg\" \/>\n\t<meta property=\"og:image:width\" content=\"200\" \/>\n\t<meta property=\"og:image:height\" content=\"200\" \/>\n\t<meta property=\"og:image:type\" content=\"image\/jpeg\" \/>\n<meta name=\"twitter:card\" content=\"summary_large_image\" \/>\n<meta name=\"twitter:label1\" content=\"Precio\" \/>\n\t<meta name=\"twitter:data1\" content=\"&#36;11,282 con IVA\" \/>\n\t<meta name=\"twitter:label2\" content=\"Availability\" \/>\n\t<meta name=\"twitter:data2\" content=\"On backorder\" \/>\n<script type=\"application\/ld+json\" class=\"yoast-schema-graph\">{\"@context\":\"https:\/\/schema.org\",\"@graph\":[{\"@type\":\"WebPage\",\"@id\":\"https:\/\/compuviper.mx\/tienda\/producto\/microsoft-cfq7ttc0hd9z0002p1y-csp-planner-and-project-plan-5-annual\/\",\"url\":\"https:\/\/compuviper.mx\/tienda\/producto\/microsoft-cfq7ttc0hd9z0002p1y-csp-planner-and-project-plan-5-annual\/\",\"name\":\"[ Microsoft ] &#129351; Cfq7ttc0hd9z:0002:p1y Csp Planner And Project Plan 5 - Annual\",\"isPartOf\":{\"@id\":\"https:\/\/compuviper.mx\/tienda\/#website\"},\"datePublished\":\"2026-04-02T08:14:45+00:00\",\"dateModified\":\"2026-04-02T08:14:46+00:00\",\"description\":\"Compra Cfq7ttc0hd9z:0002:p1y Csp Planner And Project Plan 5 - Annual + Env\u00edo a domicilio + Pago seguro + Garant\u00eda\",\"breadcrumb\":{\"@id\":\"https:\/\/compuviper.mx\/tienda\/producto\/microsoft-cfq7ttc0hd9z0002p1y-csp-planner-and-project-plan-5-annual\/#breadcrumb\"},\"inLanguage\":\"es-MX\",\"potentialAction\":[{\"@type\":\"ReadAction\",\"target\":[\"https:\/\/compuviper.mx\/tienda\/producto\/microsoft-cfq7ttc0hd9z0002p1y-csp-planner-and-project-plan-5-annual\/\"]}]},{\"@type\":\"BreadcrumbList\",\"@id\":\"https:\/\/compuviper.mx\/tienda\/producto\/microsoft-cfq7ttc0hd9z0002p1y-csp-planner-and-project-plan-5-annual\/#breadcrumb\",\"itemListElement\":[{\"@type\":\"ListItem\",\"position\":1,\"name\":\"Inicio\",\"item\":\"https:\/\/compuviper.mx\/tienda\/\"},{\"@type\":\"ListItem\",\"position\":2,\"name\":\"Productos\",\"item\":\"https:\/\/compuviper.mx\/tienda\/productos\/\"},{\"@type\":\"ListItem\",\"position\":3,\"name\":\"Software\",\"item\":\"https:\/\/compuviper.mx\/tienda\/categoria-producto\/software\/\"},{\"@type\":\"ListItem\",\"position\":4,\"name\":\"Licenciamiento Microsoft Csp\",\"item\":\"https:\/\/compuviper.mx\/tienda\/categoria-producto\/software\/licenciamiento-microsoft-csp\/\"},{\"@type\":\"ListItem\",\"position\":5,\"name\":\"Microsoft Cfq7ttc0hd9z:0002:p1y Csp Planner And Project Plan 5 &#8211; Annual\"}]},{\"@type\":\"WebSite\",\"@id\":\"https:\/\/compuviper.mx\/tienda\/#website\",\"url\":\"https:\/\/compuviper.mx\/tienda\/\",\"name\":\"Compuviper\",\"description\":\"Proveedor de Computadoras, Laptops, Servidores, Monitores, Puntos de Venta, Teclados,   Impresoras, T\u00f3ner, C\u00e1maras de Seguridad y m\u00e1s en tu tienda en l\u00ednea\",\"publisher\":{\"@id\":\"https:\/\/compuviper.mx\/tienda\/#organization\"},\"potentialAction\":[{\"@type\":\"SearchAction\",\"target\":{\"@type\":\"EntryPoint\",\"urlTemplate\":\"https:\/\/compuviper.mx\/tienda\/?s={search_term_string}\"},\"query-input\":\"required name=search_term_string\"}],\"inLanguage\":\"es-MX\"},{\"@type\":\"Organization\",\"@id\":\"https:\/\/compuviper.mx\/tienda\/#organization\",\"name\":\"Compuviper\",\"url\":\"https:\/\/compuviper.mx\/tienda\/\",\"logo\":{\"@type\":\"ImageObject\",\"inLanguage\":\"es-MX\",\"@id\":\"https:\/\/compuviper.mx\/tienda\/#\/schema\/logo\/image\/\",\"url\":\"https:\/\/compuviper.mx\/tienda\/wp-content\/uploads\/2021\/08\/Logo-Compuviper-10.png\",\"contentUrl\":\"https:\/\/compuviper.mx\/tienda\/wp-content\/uploads\/2021\/08\/Logo-Compuviper-10.png\",\"width\":1000,\"height\":500,\"caption\":\"Compuviper\"},\"image\":{\"@id\":\"https:\/\/compuviper.mx\/tienda\/#\/schema\/logo\/image\/\"},\"sameAs\":[\"https:\/\/www.facebook.com\/compuviper\",\"https:\/\/www.youtube.com\/channel\/UCf73dERp9Y3cfOq7q8BhLjA?view_as=subscriber\"]}]}<\/script>\n<meta property=\"product:brand\" content=\"MICROSOFT\" \/>\n<meta property=\"product:price:amount\" content=\"11282\" \/>\n<meta property=\"product:price:currency\" content=\"MXN\" \/>\n<meta property=\"og:availability\" content=\"backorder\" \/>\n<meta property=\"product:availability\" content=\"available for order\" \/>\n<meta property=\"product:retailer_item_id\" content=\"CFQ7TTC0HD9Z:0002:P1Y\" \/>\n<meta property=\"product:condition\" content=\"new\" \/>\n<!-- \/ Yoast SEO plugin. -->","yoast_head_json":{"title":"[ Microsoft ] &#129351; Cfq7ttc0hd9z:0002:p1y Csp Planner And Project Plan 5 - Annual","description":"Compra Cfq7ttc0hd9z:0002:p1y Csp Planner And Project Plan 5 - Annual + Env\u00edo a domicilio + Pago seguro + Garant\u00eda","robots":{"index":"index","follow":"follow","max-snippet":"max-snippet:-1","max-image-preview":"max-image-preview:large","max-video-preview":"max-video-preview:-1"},"canonical":"https:\/\/compuviper.mx\/tienda\/producto\/microsoft-cfq7ttc0hd9z0002p1y-csp-planner-and-project-plan-5-annual\/","og_locale":"es_MX","og_type":"article","og_title":"[ Microsoft ] &#129351; Cfq7ttc0hd9z:0002:p1y Csp Planner And Project Plan 5 - Annual","og_description":"Compra Cfq7ttc0hd9z:0002:p1y Csp Planner And Project Plan 5 - Annual + Env\u00edo a domicilio + Pago seguro + Garant\u00eda","og_url":"https:\/\/compuviper.mx\/tienda\/producto\/microsoft-cfq7ttc0hd9z0002p1y-csp-planner-and-project-plan-5-annual\/","og_site_name":"Compuviper","article_publisher":"https:\/\/www.facebook.com\/compuviper","article_modified_time":"2026-04-02T08:14:46+00:00","og_image":[{"width":200,"height":200,"url":"https:\/\/compuviper.mx\/tienda\/wp-content\/uploads\/2025\/10\/Microsoft-csp-planner-and-project-plan-5-annual.jpg","type":"image\/jpeg"}],"twitter_card":"summary_large_image","twitter_misc":{"Precio":"&#36;11,282 con IVA","Availability":"On backorder"},"schema":{"@context":"https:\/\/schema.org","@graph":[{"@type":"WebPage","@id":"https:\/\/compuviper.mx\/tienda\/producto\/microsoft-cfq7ttc0hd9z0002p1y-csp-planner-and-project-plan-5-annual\/","url":"https:\/\/compuviper.mx\/tienda\/producto\/microsoft-cfq7ttc0hd9z0002p1y-csp-planner-and-project-plan-5-annual\/","name":"[ Microsoft ] &#129351; Cfq7ttc0hd9z:0002:p1y Csp Planner And Project Plan 5 - Annual","isPartOf":{"@id":"https:\/\/compuviper.mx\/tienda\/#website"},"datePublished":"2026-04-02T08:14:45+00:00","dateModified":"2026-04-02T08:14:46+00:00","description":"Compra Cfq7ttc0hd9z:0002:p1y Csp Planner And Project Plan 5 - Annual + Env\u00edo a domicilio + Pago seguro + Garant\u00eda","breadcrumb":{"@id":"https:\/\/compuviper.mx\/tienda\/producto\/microsoft-cfq7ttc0hd9z0002p1y-csp-planner-and-project-plan-5-annual\/#breadcrumb"},"inLanguage":"es-MX","potentialAction":[{"@type":"ReadAction","target":["https:\/\/compuviper.mx\/tienda\/producto\/microsoft-cfq7ttc0hd9z0002p1y-csp-planner-and-project-plan-5-annual\/"]}]},{"@type":"BreadcrumbList","@id":"https:\/\/compuviper.mx\/tienda\/producto\/microsoft-cfq7ttc0hd9z0002p1y-csp-planner-and-project-plan-5-annual\/#breadcrumb","itemListElement":[{"@type":"ListItem","position":1,"name":"Inicio","item":"https:\/\/compuviper.mx\/tienda\/"},{"@type":"ListItem","position":2,"name":"Productos","item":"https:\/\/compuviper.mx\/tienda\/productos\/"},{"@type":"ListItem","position":3,"name":"Software","item":"https:\/\/compuviper.mx\/tienda\/categoria-producto\/software\/"},{"@type":"ListItem","position":4,"name":"Licenciamiento Microsoft Csp","item":"https:\/\/compuviper.mx\/tienda\/categoria-producto\/software\/licenciamiento-microsoft-csp\/"},{"@type":"ListItem","position":5,"name":"Microsoft Cfq7ttc0hd9z:0002:p1y Csp Planner And Project Plan 5 &#8211; Annual"}]},{"@type":"WebSite","@id":"https:\/\/compuviper.mx\/tienda\/#website","url":"https:\/\/compuviper.mx\/tienda\/","name":"Compuviper","description":"Proveedor de Computadoras, Laptops, Servidores, Monitores, Puntos de Venta, Teclados,   Impresoras, T\u00f3ner, C\u00e1maras de Seguridad y m\u00e1s en tu tienda en l\u00ednea","publisher":{"@id":"https:\/\/compuviper.mx\/tienda\/#organization"},"potentialAction":[{"@type":"SearchAction","target":{"@type":"EntryPoint","urlTemplate":"https:\/\/compuviper.mx\/tienda\/?s={search_term_string}"},"query-input":"required name=search_term_string"}],"inLanguage":"es-MX"},{"@type":"Organization","@id":"https:\/\/compuviper.mx\/tienda\/#organization","name":"Compuviper","url":"https:\/\/compuviper.mx\/tienda\/","logo":{"@type":"ImageObject","inLanguage":"es-MX","@id":"https:\/\/compuviper.mx\/tienda\/#\/schema\/logo\/image\/","url":"https:\/\/compuviper.mx\/tienda\/wp-content\/uploads\/2021\/08\/Logo-Compuviper-10.png","contentUrl":"https:\/\/compuviper.mx\/tienda\/wp-content\/uploads\/2021\/08\/Logo-Compuviper-10.png","width":1000,"height":500,"caption":"Compuviper"},"image":{"@id":"https:\/\/compuviper.mx\/tienda\/#\/schema\/logo\/image\/"},"sameAs":["https:\/\/www.facebook.com\/compuviper","https:\/\/www.youtube.com\/channel\/UCf73dERp9Y3cfOq7q8BhLjA?view_as=subscriber"]}]},"product_brand":"MICROSOFT","product_price_amount":"11282","product_price_currency":"MXN","og_availability":"backorder","product_availability":"available for order","product_retailer_item_id":"CFQ7TTC0HD9Z:0002:P1Y","product_condition":"new"},"_links":{"self":[{"href":"https:\/\/compuviper.mx\/tienda\/wp-json\/wp\/v2\/product\/247236"}],"collection":[{"href":"https:\/\/compuviper.mx\/tienda\/wp-json\/wp\/v2\/product"}],"about":[{"href":"https:\/\/compuviper.mx\/tienda\/wp-json\/wp\/v2\/types\/product"}],"replies":[{"embeddable":true,"href":"https:\/\/compuviper.mx\/tienda\/wp-json\/wp\/v2\/comments?post=247236"}],"wp:featuredmedia":[{"embeddable":true,"href":"https:\/\/compuviper.mx\/tienda\/wp-json\/wp\/v2\/media\/260955"}],"wp:attachment":[{"href":"https:\/\/compuviper.mx\/tienda\/wp-json\/wp\/v2\/media?parent=247236"}],"wp:term":[{"taxonomy":"product_cat","embeddable":true,"href":"https:\/\/compuviper.mx\/tienda\/wp-json\/wp\/v2\/product_cat?post=247236"},{"taxonomy":"product_tag","embeddable":true,"href":"https:\/\/compuviper.mx\/tienda\/wp-json\/wp\/v2\/product_tag?post=247236"}],"curies":[{"name":"wp","href":"https:\/\/api.w.org\/{rel}","templated":true}]}}