{"id":247235,"date":"2026-04-02T02:14:45","date_gmt":"2026-04-02T08:14:45","guid":{"rendered":"https:\/\/compuviper.mx\/tienda\/producto\/microsoft-mst-cfq7ttc0hdb1-0002-1yy-csp-planner-plan-1-annual\/"},"modified":"2026-04-02T02:14:45","modified_gmt":"2026-04-02T08:14:45","slug":"microsoft-cfq7ttc0hdb10002p1y-csp-planner-plan-1-annual","status":"publish","type":"product","link":"https:\/\/compuviper.mx\/tienda\/producto\/microsoft-cfq7ttc0hdb10002p1y-csp-planner-plan-1-annual\/","title":{"rendered":"Microsoft Cfq7ttc0hdb1:0002:p1y  Csp Planner Plan 1 &#8211; Annual"},"content":{"rendered":"<table class=\"descripcion\">\n<tr>\n<td>Requisitos<\/td>\n<\/tr>\n<tr>\n<td>Procesador necesario  1.6 gigahercios (ghz) o m\u00e1s r\u00e1pido, dos n\u00facleos.<\/td>\n<\/tr>\n<tr>\n<td>Sistema operativo necesario  igual que microsoft 365, consulta la p\u00e1gina de recursos de microsoft 365 para obtener m\u00e1s informaci\u00f3n.<\/td>\n<\/tr>\n<tr>\n<td>Memoria necesaria  4 gb de ram; 2 gb de ram (32 bits).<\/td>\n<\/tr>\n<tr>\n<td>Espacio en disco duro necesario  4 gb de espacio disponible en disco.<\/td>\n<\/tr>\n<tr>\n<td>Pantalla necesaria  resoluci\u00f3n de pantalla de 1280 \u00d7 768.<\/td>\n<\/tr>\n<tr>\n<td>Gr\u00e1ficos  consulta la p\u00e1gina de recursos de microsoft 365 para conocer los requisitos gr\u00e1ficos de project.<\/td>\n<\/tr>\n<tr>\n<td>Multit\u00e1ctil  se necesita un dispositivo t\u00e1ctil para usar las funciones multit\u00e1ctiles.sin embargo, todas las caracter\u00edsticas y funciones siempre estar\u00e1n disponibles mediante el teclado, el mouse o cualquier otro dispositivo de entrada accesible o est\u00e1ndar.las nuevas caracter\u00edsticas t\u00e1ctiles est\u00e1n optimizadas para usarse con windows 8 o posterior.<\/td>\n<\/tr>\n<tr>\n<td>Requisitos del sistema adicionales  para usar la funcionalidad de internet, se necesita una conexi\u00f3n a internet.<\/td>\n<\/tr>\n<tr>\n<td>Se necesita una cuenta de microsoft.<\/td>\n<\/tr>\n<\/table>\n","protected":false},"excerpt":{"rendered":"<p>Project plan 1. Administra proyectos f\u00e1cilmente con la ayuda de herramientas visuales sencillas en project plan 1. \u0095 comienza a trabajar r\u00e1pidamente y toma el control de cualquier proyecto. \u0095 usa un seguimiento de estado y una planificaci\u00f3n f\u00e1ciles y eficientes. \u0095 colabora con otros desde pr\u00e1cticamente cualquier lugar. Elegir la vista que prefieras. Trabaja con tu equipo en el mismo proyecto con la vista del proyecto que prefieras, ya sea cuadr\u00edcula, panel o escala de tiempo. Simplificar la programaci\u00f3n de tareas. Usa la programaci\u00f3n inteligente para organizar tareas de forma f\u00e1cil. Ver las l\u00edneas de tiempo visualizadas. Comprende las relaciones entre tareas con la ayuda de las rutas de tareas resaltadas en una vista de l\u00ednea de tiempo. Colaborar y comunicarse f\u00e1cilmente. Usa project y microsoft teams para colaborar en proyectos, incluido el uso compartido de archivos, los chats y las reuniones.<\/p>\n","protected":false},"featured_media":260954,"comment_status":"open","ping_status":"open","template":"","meta":[],"product_cat":[2108,1827],"product_tag":[1831],"acf":[],"yoast_head":"<!-- This site is optimized with the Yoast SEO plugin v21.7 - https:\/\/yoast.com\/wordpress\/plugins\/seo\/ -->\n<title>[ Microsoft ] &#129351; Cfq7ttc0hdb1:0002:p1y Csp Planner Plan 1 - Annual<\/title>\n<meta name=\"description\" content=\"Compra Cfq7ttc0hdb1:0002:p1y Csp Planner Plan 1 - Annual + Env\u00edo a domicilio + Pago seguro + Garant\u00eda\" \/>\n<meta name=\"robots\" content=\"index, follow, max-snippet:-1, max-image-preview:large, max-video-preview:-1\" \/>\n<link rel=\"canonical\" href=\"https:\/\/compuviper.mx\/tienda\/producto\/microsoft-cfq7ttc0hdb10002p1y-csp-planner-plan-1-annual\/\" \/>\n<meta property=\"og:locale\" content=\"es_MX\" \/>\n<meta property=\"og:type\" content=\"article\" \/>\n<meta property=\"og:title\" content=\"[ Microsoft ] &#129351; Cfq7ttc0hdb1:0002:p1y Csp Planner Plan 1 - Annual\" \/>\n<meta property=\"og:description\" content=\"Compra Cfq7ttc0hdb1:0002:p1y Csp Planner Plan 1 - Annual + Env\u00edo a domicilio + Pago seguro + Garant\u00eda\" \/>\n<meta property=\"og:url\" content=\"https:\/\/compuviper.mx\/tienda\/producto\/microsoft-cfq7ttc0hdb10002p1y-csp-planner-plan-1-annual\/\" \/>\n<meta property=\"og:site_name\" content=\"Compuviper\" \/>\n<meta property=\"article:publisher\" content=\"https:\/\/www.facebook.com\/compuviper\" \/>\n<meta property=\"og:image\" content=\"https:\/\/compuviper.mx\/tienda\/wp-content\/uploads\/2025\/10\/Microsoft-csp-planner-plan-1-annual.jpg\" \/>\n\t<meta property=\"og:image:width\" content=\"200\" \/>\n\t<meta property=\"og:image:height\" content=\"200\" \/>\n\t<meta property=\"og:image:type\" content=\"image\/jpeg\" \/>\n<meta name=\"twitter:card\" content=\"summary_large_image\" \/>\n<meta name=\"twitter:label1\" content=\"Precio\" \/>\n\t<meta name=\"twitter:data1\" content=\"&#36;2,146 con IVA\" \/>\n\t<meta name=\"twitter:label2\" content=\"Availability\" \/>\n\t<meta name=\"twitter:data2\" content=\"On backorder\" \/>\n<script type=\"application\/ld+json\" class=\"yoast-schema-graph\">{\"@context\":\"https:\/\/schema.org\",\"@graph\":[{\"@type\":\"WebPage\",\"@id\":\"https:\/\/compuviper.mx\/tienda\/producto\/microsoft-cfq7ttc0hdb10002p1y-csp-planner-plan-1-annual\/\",\"url\":\"https:\/\/compuviper.mx\/tienda\/producto\/microsoft-cfq7ttc0hdb10002p1y-csp-planner-plan-1-annual\/\",\"name\":\"[ Microsoft ] &#129351; Cfq7ttc0hdb1:0002:p1y Csp Planner Plan 1 - Annual\",\"isPartOf\":{\"@id\":\"https:\/\/compuviper.mx\/tienda\/#website\"},\"datePublished\":\"2026-04-02T08:14:45+00:00\",\"dateModified\":\"2026-04-02T08:14:45+00:00\",\"description\":\"Compra Cfq7ttc0hdb1:0002:p1y Csp Planner Plan 1 - Annual + Env\u00edo a domicilio + Pago seguro + Garant\u00eda\",\"breadcrumb\":{\"@id\":\"https:\/\/compuviper.mx\/tienda\/producto\/microsoft-cfq7ttc0hdb10002p1y-csp-planner-plan-1-annual\/#breadcrumb\"},\"inLanguage\":\"es-MX\",\"potentialAction\":[{\"@type\":\"ReadAction\",\"target\":[\"https:\/\/compuviper.mx\/tienda\/producto\/microsoft-cfq7ttc0hdb10002p1y-csp-planner-plan-1-annual\/\"]}]},{\"@type\":\"BreadcrumbList\",\"@id\":\"https:\/\/compuviper.mx\/tienda\/producto\/microsoft-cfq7ttc0hdb10002p1y-csp-planner-plan-1-annual\/#breadcrumb\",\"itemListElement\":[{\"@type\":\"ListItem\",\"position\":1,\"name\":\"Inicio\",\"item\":\"https:\/\/compuviper.mx\/tienda\/\"},{\"@type\":\"ListItem\",\"position\":2,\"name\":\"Productos\",\"item\":\"https:\/\/compuviper.mx\/tienda\/productos\/\"},{\"@type\":\"ListItem\",\"position\":3,\"name\":\"Software\",\"item\":\"https:\/\/compuviper.mx\/tienda\/categoria-producto\/software\/\"},{\"@type\":\"ListItem\",\"position\":4,\"name\":\"Licenciamiento Microsoft Csp\",\"item\":\"https:\/\/compuviper.mx\/tienda\/categoria-producto\/software\/licenciamiento-microsoft-csp\/\"},{\"@type\":\"ListItem\",\"position\":5,\"name\":\"Microsoft Cfq7ttc0hdb1:0002:p1y Csp Planner Plan 1 &#8211; Annual\"}]},{\"@type\":\"WebSite\",\"@id\":\"https:\/\/compuviper.mx\/tienda\/#website\",\"url\":\"https:\/\/compuviper.mx\/tienda\/\",\"name\":\"Compuviper\",\"description\":\"Proveedor de Computadoras, Laptops, Servidores, Monitores, Puntos de Venta, Teclados,   Impresoras, T\u00f3ner, C\u00e1maras de Seguridad y m\u00e1s en tu tienda en l\u00ednea\",\"publisher\":{\"@id\":\"https:\/\/compuviper.mx\/tienda\/#organization\"},\"potentialAction\":[{\"@type\":\"SearchAction\",\"target\":{\"@type\":\"EntryPoint\",\"urlTemplate\":\"https:\/\/compuviper.mx\/tienda\/?s={search_term_string}\"},\"query-input\":\"required name=search_term_string\"}],\"inLanguage\":\"es-MX\"},{\"@type\":\"Organization\",\"@id\":\"https:\/\/compuviper.mx\/tienda\/#organization\",\"name\":\"Compuviper\",\"url\":\"https:\/\/compuviper.mx\/tienda\/\",\"logo\":{\"@type\":\"ImageObject\",\"inLanguage\":\"es-MX\",\"@id\":\"https:\/\/compuviper.mx\/tienda\/#\/schema\/logo\/image\/\",\"url\":\"https:\/\/compuviper.mx\/tienda\/wp-content\/uploads\/2021\/08\/Logo-Compuviper-10.png\",\"contentUrl\":\"https:\/\/compuviper.mx\/tienda\/wp-content\/uploads\/2021\/08\/Logo-Compuviper-10.png\",\"width\":1000,\"height\":500,\"caption\":\"Compuviper\"},\"image\":{\"@id\":\"https:\/\/compuviper.mx\/tienda\/#\/schema\/logo\/image\/\"},\"sameAs\":[\"https:\/\/www.facebook.com\/compuviper\",\"https:\/\/www.youtube.com\/channel\/UCf73dERp9Y3cfOq7q8BhLjA?view_as=subscriber\"]}]}<\/script>\n<meta property=\"product:brand\" content=\"MICROSOFT\" \/>\n<meta property=\"product:price:amount\" content=\"2146\" \/>\n<meta property=\"product:price:currency\" content=\"MXN\" \/>\n<meta property=\"og:availability\" content=\"backorder\" \/>\n<meta property=\"product:availability\" content=\"available for order\" \/>\n<meta property=\"product:retailer_item_id\" content=\"CFQ7TTC0HDB1:0002:P1Y\" \/>\n<meta property=\"product:condition\" content=\"new\" \/>\n<!-- \/ Yoast SEO plugin. -->","yoast_head_json":{"title":"[ Microsoft ] &#129351; Cfq7ttc0hdb1:0002:p1y Csp Planner Plan 1 - Annual","description":"Compra Cfq7ttc0hdb1:0002:p1y Csp Planner Plan 1 - Annual + Env\u00edo a domicilio + Pago seguro + Garant\u00eda","robots":{"index":"index","follow":"follow","max-snippet":"max-snippet:-1","max-image-preview":"max-image-preview:large","max-video-preview":"max-video-preview:-1"},"canonical":"https:\/\/compuviper.mx\/tienda\/producto\/microsoft-cfq7ttc0hdb10002p1y-csp-planner-plan-1-annual\/","og_locale":"es_MX","og_type":"article","og_title":"[ Microsoft ] &#129351; Cfq7ttc0hdb1:0002:p1y Csp Planner Plan 1 - Annual","og_description":"Compra Cfq7ttc0hdb1:0002:p1y Csp Planner Plan 1 - Annual + Env\u00edo a domicilio + Pago seguro + Garant\u00eda","og_url":"https:\/\/compuviper.mx\/tienda\/producto\/microsoft-cfq7ttc0hdb10002p1y-csp-planner-plan-1-annual\/","og_site_name":"Compuviper","article_publisher":"https:\/\/www.facebook.com\/compuviper","og_image":[{"width":200,"height":200,"url":"https:\/\/compuviper.mx\/tienda\/wp-content\/uploads\/2025\/10\/Microsoft-csp-planner-plan-1-annual.jpg","type":"image\/jpeg"}],"twitter_card":"summary_large_image","twitter_misc":{"Precio":"&#36;2,146 con IVA","Availability":"On backorder"},"schema":{"@context":"https:\/\/schema.org","@graph":[{"@type":"WebPage","@id":"https:\/\/compuviper.mx\/tienda\/producto\/microsoft-cfq7ttc0hdb10002p1y-csp-planner-plan-1-annual\/","url":"https:\/\/compuviper.mx\/tienda\/producto\/microsoft-cfq7ttc0hdb10002p1y-csp-planner-plan-1-annual\/","name":"[ Microsoft ] &#129351; Cfq7ttc0hdb1:0002:p1y Csp Planner Plan 1 - Annual","isPartOf":{"@id":"https:\/\/compuviper.mx\/tienda\/#website"},"datePublished":"2026-04-02T08:14:45+00:00","dateModified":"2026-04-02T08:14:45+00:00","description":"Compra Cfq7ttc0hdb1:0002:p1y Csp Planner Plan 1 - Annual + Env\u00edo a domicilio + Pago seguro + Garant\u00eda","breadcrumb":{"@id":"https:\/\/compuviper.mx\/tienda\/producto\/microsoft-cfq7ttc0hdb10002p1y-csp-planner-plan-1-annual\/#breadcrumb"},"inLanguage":"es-MX","potentialAction":[{"@type":"ReadAction","target":["https:\/\/compuviper.mx\/tienda\/producto\/microsoft-cfq7ttc0hdb10002p1y-csp-planner-plan-1-annual\/"]}]},{"@type":"BreadcrumbList","@id":"https:\/\/compuviper.mx\/tienda\/producto\/microsoft-cfq7ttc0hdb10002p1y-csp-planner-plan-1-annual\/#breadcrumb","itemListElement":[{"@type":"ListItem","position":1,"name":"Inicio","item":"https:\/\/compuviper.mx\/tienda\/"},{"@type":"ListItem","position":2,"name":"Productos","item":"https:\/\/compuviper.mx\/tienda\/productos\/"},{"@type":"ListItem","position":3,"name":"Software","item":"https:\/\/compuviper.mx\/tienda\/categoria-producto\/software\/"},{"@type":"ListItem","position":4,"name":"Licenciamiento Microsoft Csp","item":"https:\/\/compuviper.mx\/tienda\/categoria-producto\/software\/licenciamiento-microsoft-csp\/"},{"@type":"ListItem","position":5,"name":"Microsoft Cfq7ttc0hdb1:0002:p1y Csp Planner Plan 1 &#8211; Annual"}]},{"@type":"WebSite","@id":"https:\/\/compuviper.mx\/tienda\/#website","url":"https:\/\/compuviper.mx\/tienda\/","name":"Compuviper","description":"Proveedor de Computadoras, Laptops, Servidores, Monitores, Puntos de Venta, Teclados,   Impresoras, T\u00f3ner, C\u00e1maras de Seguridad y m\u00e1s en tu tienda en l\u00ednea","publisher":{"@id":"https:\/\/compuviper.mx\/tienda\/#organization"},"potentialAction":[{"@type":"SearchAction","target":{"@type":"EntryPoint","urlTemplate":"https:\/\/compuviper.mx\/tienda\/?s={search_term_string}"},"query-input":"required name=search_term_string"}],"inLanguage":"es-MX"},{"@type":"Organization","@id":"https:\/\/compuviper.mx\/tienda\/#organization","name":"Compuviper","url":"https:\/\/compuviper.mx\/tienda\/","logo":{"@type":"ImageObject","inLanguage":"es-MX","@id":"https:\/\/compuviper.mx\/tienda\/#\/schema\/logo\/image\/","url":"https:\/\/compuviper.mx\/tienda\/wp-content\/uploads\/2021\/08\/Logo-Compuviper-10.png","contentUrl":"https:\/\/compuviper.mx\/tienda\/wp-content\/uploads\/2021\/08\/Logo-Compuviper-10.png","width":1000,"height":500,"caption":"Compuviper"},"image":{"@id":"https:\/\/compuviper.mx\/tienda\/#\/schema\/logo\/image\/"},"sameAs":["https:\/\/www.facebook.com\/compuviper","https:\/\/www.youtube.com\/channel\/UCf73dERp9Y3cfOq7q8BhLjA?view_as=subscriber"]}]},"product_brand":"MICROSOFT","product_price_amount":"2146","product_price_currency":"MXN","og_availability":"backorder","product_availability":"available for order","product_retailer_item_id":"CFQ7TTC0HDB1:0002:P1Y","product_condition":"new"},"_links":{"self":[{"href":"https:\/\/compuviper.mx\/tienda\/wp-json\/wp\/v2\/product\/247235"}],"collection":[{"href":"https:\/\/compuviper.mx\/tienda\/wp-json\/wp\/v2\/product"}],"about":[{"href":"https:\/\/compuviper.mx\/tienda\/wp-json\/wp\/v2\/types\/product"}],"replies":[{"embeddable":true,"href":"https:\/\/compuviper.mx\/tienda\/wp-json\/wp\/v2\/comments?post=247235"}],"wp:featuredmedia":[{"embeddable":true,"href":"https:\/\/compuviper.mx\/tienda\/wp-json\/wp\/v2\/media\/260954"}],"wp:attachment":[{"href":"https:\/\/compuviper.mx\/tienda\/wp-json\/wp\/v2\/media?parent=247235"}],"wp:term":[{"taxonomy":"product_cat","embeddable":true,"href":"https:\/\/compuviper.mx\/tienda\/wp-json\/wp\/v2\/product_cat?post=247235"},{"taxonomy":"product_tag","embeddable":true,"href":"https:\/\/compuviper.mx\/tienda\/wp-json\/wp\/v2\/product_tag?post=247235"}],"curies":[{"name":"wp","href":"https:\/\/api.w.org\/{rel}","templated":true}]}}