{"id":247231,"date":"2026-04-11T01:07:27","date_gmt":"2026-04-11T07:07:27","guid":{"rendered":"https:\/\/compuviper.mx\/tienda\/producto\/grandstream-gwn7660e-access-point-wi-fi-6-802-11-ax-1-77-gbps-mu-mimo-2x22-con-administracin-desde-la-nube-gratuita-o-stand-alone\/"},"modified":"2026-04-11T01:07:28","modified_gmt":"2026-04-11T07:07:28","slug":"grandstream-gwn7660e-access-point-wifi-6-banda-dual-22-2-4gmimo-332-5gmu-mimo-3-gbps-uso-interior-cobertura-175-mts-256-dispositivos-1-ptos-gigabit-controlador-inte-sin-inyector-poe","status":"publish","type":"product","link":"https:\/\/compuviper.mx\/tienda\/producto\/grandstream-gwn7660e-access-point-wifi-6-banda-dual-22-2-4gmimo-332-5gmu-mimo-3-gbps-uso-interior-cobertura-175-mts-256-dispositivos-1-ptos-gigabit-controlador-inte-sin-inyector-poe\/","title":{"rendered":"Grandstream Gwn7660e Access Point   \/wifi 6\/ Banda Dual 2?2  2.4g(mimo) 3?32 5g(mu-mimo)\/ 3 Gbps\/ Uso Interior\/ Cobertura 175 Mts\/ 256 Dispositivos\/ 1 Ptos Gigabit\/ Controlador Inte\/ Sin Inyector Poe"},"content":{"rendered":"<table class=\"descripcion\">\n<tr>\n<td>El gwn7660e es un punto de acceso wi-fi 6 802.11ax de nivel empresarial que permite a las empresas construir redes wi-fi de \u00faltima generaci\u00f3n para entornos de alta densidad. ofrece tecnolog\u00eda mu-mimo 2&#215;2:2 en la banda de 2,4 g y mu-mimo 3&#215;3:2 en la banda de 5 g.<\/td>\n<\/tr>\n<tr>\n<td>-rendimiento inal\u00e1mbrico agregado de 3 gbps y puerto cableado de 1 gigabit<\/td>\n<\/tr>\n<tr>\n<td>-banda dual 2.4g 2&#215;2:2 y 5g 3&#215;3:2 mu-mimo con tecnolog\u00eda ofmda y xtra range<\/td>\n<\/tr>\n<tr>\n<td>-alcance de cobertura de hasta 175 metros<\/td>\n<\/tr>\n<tr>\n<td>-admite 256 dispositivos cliente wi-fi simult\u00e1neos<\/td>\n<\/tr>\n<tr>\n<td>-qos avanzado para garantizar el rendimiento en tiempo real de aplicaciones de baja latencia<\/td>\n<\/tr>\n<tr>\n<td>-arranque seguro antipirater\u00eda y bloqueo de datos cr\u00edticos\/control mediante firmas digitales, certificado de seguridad \u00fanico\/contrase\u00f1a predeterminada aleatoria por dispositivo<\/td>\n<\/tr>\n<tr>\n<td>-adaptaci\u00f3n de autoalimentaci\u00f3n mediante detecci\u00f3n autom\u00e1tica de poe o poe+<\/td>\n<\/tr>\n<tr>\n<td>-el controlador integrado puede administrar hasta 50 puntos de acceso locales de la serie gwn; gdms networking ofrece una administraci\u00f3n ilimitada de puntos de acceso; gwn manager ofrece un controlador de software basado en las instalaciones<\/td>\n<\/tr>\n<\/table>\n","protected":false},"excerpt":{"rendered":"<p>El gwn7660e es un punto de acceso wi-fi 6 de nivel empresarial que permite a las empresas construir redes wi-fi de pr\u00f3xima generaci\u00f3n para entornos de alta densidad. Ofrece tecnolog\u00eda mu-mimo 2&#215;2:2 en la banda 2.4g y mu-mimo 3&#215;3:2 en la banda 5g, as\u00ed como un dise\u00f1o de antena sofisticado. Utiliza tecnolog\u00eda xtra range con beamforming para un rendimiento m\u00e1ximo de la red y un rango de cobertura wi-fi ampliado. Para garantizar una f\u00e1cil instalaci\u00f3n y administraci\u00f3n, el gwn7660e utiliza un dise\u00f1o de administraci\u00f3n de red distribuida sin controlador en el que el controlador est\u00e1 integrado dentro de la interfaz de usuario web del producto. El gwn7660e tambi\u00e9n es compatible con gwn.Cloud y gwn manager, la plataforma de gesti\u00f3n de wi-fi local y en la nube de grandstream. Es el ap wi-fi ideal para implementaciones de voz sobre wi-fi y ofrece una conexi\u00f3n perfecta con los tel\u00e9fonos ip con capacidad wifi de grandstream. Con soporte para qos avanzado, aplicaciones en tiempo real de baja latencia, redes mesh, portales cautivos, 256 clientes simult\u00e1neos por ap y puertos de red gigabit con poe\/poe+. El gwn7660e es un punto de acceso wi-fi ideal para implementaciones de redes inal\u00e1mbricas medianas con alta densidad de usuarios.<\/p>\n","protected":false},"featured_media":260121,"comment_status":"open","ping_status":"open","template":"","meta":[],"product_cat":[1754,1563],"product_tag":[1576],"acf":[],"yoast_head":"<!-- This site is optimized with the Yoast SEO plugin v21.7 - https:\/\/yoast.com\/wordpress\/plugins\/seo\/ -->\n<title>[ Grandstream ] &#129351; Gwn7660e Access Point \/wifi 6\/ Banda Dual 2\u00d72 2.4g(mimo) 3\u00d732 5g(mu-mimo)\/ 3 Gbps\/ Uso Interior\/ Cobertura 175 Mts\/ 256 Dispositivos\/ 1 Ptos Gigabit\/ Controlador Inte\/ Sin Inyector Poe<\/title>\n<meta name=\"description\" content=\"Compra Gwn7660e Access Point \/wifi 6\/ Banda Dual 2\u00d72 2.4g(mimo) 3\u00d732 5g(mu-mimo)\/ 3 Gbps\/ Uso Interior\/ Cobertura 175 Mts\/ 256 Dispositivos\/ 1 Ptos Gigabit\/ Controlador Inte\/ Sin Inyector Poe + Env\u00edo a domicilio + Pago seguro + Garant\u00eda\" \/>\n<meta name=\"robots\" content=\"index, follow, max-snippet:-1, max-image-preview:large, max-video-preview:-1\" \/>\n<link rel=\"canonical\" href=\"https:\/\/compuviper.mx\/tienda\/producto\/grandstream-gwn7660e-access-point-wifi-6-banda-dual-22-2-4gmimo-332-5gmu-mimo-3-gbps-uso-interior-cobertura-175-mts-256-dispositivos-1-ptos-gigabit-controlador-inte-sin-inyector-poe\/\" \/>\n<meta property=\"og:locale\" content=\"es_MX\" \/>\n<meta property=\"og:type\" content=\"article\" \/>\n<meta property=\"og:title\" content=\"[ Grandstream ] &#129351; Gwn7660e Access Point \/wifi 6\/ Banda Dual 2\u00d72 2.4g(mimo) 3\u00d732 5g(mu-mimo)\/ 3 Gbps\/ Uso Interior\/ Cobertura 175 Mts\/ 256 Dispositivos\/ 1 Ptos Gigabit\/ Controlador Inte\/ Sin Inyector Poe\" \/>\n<meta property=\"og:description\" content=\"Compra Gwn7660e Access Point \/wifi 6\/ Banda Dual 2\u00d72 2.4g(mimo) 3\u00d732 5g(mu-mimo)\/ 3 Gbps\/ Uso Interior\/ Cobertura 175 Mts\/ 256 Dispositivos\/ 1 Ptos Gigabit\/ Controlador Inte\/ Sin Inyector Poe + Env\u00edo a domicilio + Pago seguro + Garant\u00eda\" \/>\n<meta property=\"og:url\" content=\"https:\/\/compuviper.mx\/tienda\/producto\/grandstream-gwn7660e-access-point-wifi-6-banda-dual-22-2-4gmimo-332-5gmu-mimo-3-gbps-uso-interior-cobertura-175-mts-256-dispositivos-1-ptos-gigabit-controlador-inte-sin-inyector-poe\/\" \/>\n<meta property=\"og:site_name\" content=\"Compuviper\" \/>\n<meta property=\"article:publisher\" content=\"https:\/\/www.facebook.com\/compuviper\" \/>\n<meta property=\"article:modified_time\" content=\"2026-04-11T07:07:28+00:00\" \/>\n<meta property=\"og:image\" content=\"https:\/\/compuviper.mx\/tienda\/wp-content\/uploads\/2025\/10\/Access-point-grandstream-gwn7660e-wifi-6-banda-dual-2\u00d72-2.4gmimo-3\u00d732-5gmu-mimo-3-gbps-uso-interior-cobertura-175-mts-256-dispositivos-1-ptos-gigabit-controlador-inte-sin-inyector-poe.jpg\" \/>\n\t<meta property=\"og:image:width\" content=\"200\" \/>\n\t<meta property=\"og:image:height\" content=\"200\" \/>\n\t<meta property=\"og:image:type\" content=\"image\/jpeg\" \/>\n<meta name=\"twitter:card\" content=\"summary_large_image\" \/>\n<meta name=\"twitter:label1\" content=\"Precio\" \/>\n\t<meta name=\"twitter:data1\" content=\"&#36;1,434 &#36;1,307 con IVA\" \/>\n\t<meta name=\"twitter:label2\" content=\"Availability\" \/>\n\t<meta name=\"twitter:data2\" content=\"In stock\" \/>\n<script type=\"application\/ld+json\" class=\"yoast-schema-graph\">{\"@context\":\"https:\/\/schema.org\",\"@graph\":[{\"@type\":\"WebPage\",\"@id\":\"https:\/\/compuviper.mx\/tienda\/producto\/grandstream-gwn7660e-access-point-wifi-6-banda-dual-22-2-4gmimo-332-5gmu-mimo-3-gbps-uso-interior-cobertura-175-mts-256-dispositivos-1-ptos-gigabit-controlador-inte-sin-inyector-poe\/\",\"url\":\"https:\/\/compuviper.mx\/tienda\/producto\/grandstream-gwn7660e-access-point-wifi-6-banda-dual-22-2-4gmimo-332-5gmu-mimo-3-gbps-uso-interior-cobertura-175-mts-256-dispositivos-1-ptos-gigabit-controlador-inte-sin-inyector-poe\/\",\"name\":\"[ Grandstream ] &#129351; Gwn7660e Access Point \/wifi 6\/ Banda Dual 2\u00d72 2.4g(mimo) 3\u00d732 5g(mu-mimo)\/ 3 Gbps\/ Uso Interior\/ Cobertura 175 Mts\/ 256 Dispositivos\/ 1 Ptos Gigabit\/ Controlador Inte\/ Sin Inyector Poe\",\"isPartOf\":{\"@id\":\"https:\/\/compuviper.mx\/tienda\/#website\"},\"datePublished\":\"2026-04-11T07:07:27+00:00\",\"dateModified\":\"2026-04-11T07:07:28+00:00\",\"description\":\"Compra Gwn7660e Access Point \/wifi 6\/ Banda Dual 2\u00d72 2.4g(mimo) 3\u00d732 5g(mu-mimo)\/ 3 Gbps\/ Uso Interior\/ Cobertura 175 Mts\/ 256 Dispositivos\/ 1 Ptos Gigabit\/ Controlador Inte\/ Sin Inyector Poe + Env\u00edo a domicilio + Pago seguro + Garant\u00eda\",\"breadcrumb\":{\"@id\":\"https:\/\/compuviper.mx\/tienda\/producto\/grandstream-gwn7660e-access-point-wifi-6-banda-dual-22-2-4gmimo-332-5gmu-mimo-3-gbps-uso-interior-cobertura-175-mts-256-dispositivos-1-ptos-gigabit-controlador-inte-sin-inyector-poe\/#breadcrumb\"},\"inLanguage\":\"es-MX\",\"potentialAction\":[{\"@type\":\"ReadAction\",\"target\":[\"https:\/\/compuviper.mx\/tienda\/producto\/grandstream-gwn7660e-access-point-wifi-6-banda-dual-22-2-4gmimo-332-5gmu-mimo-3-gbps-uso-interior-cobertura-175-mts-256-dispositivos-1-ptos-gigabit-controlador-inte-sin-inyector-poe\/\"]}]},{\"@type\":\"BreadcrumbList\",\"@id\":\"https:\/\/compuviper.mx\/tienda\/producto\/grandstream-gwn7660e-access-point-wifi-6-banda-dual-22-2-4gmimo-332-5gmu-mimo-3-gbps-uso-interior-cobertura-175-mts-256-dispositivos-1-ptos-gigabit-controlador-inte-sin-inyector-poe\/#breadcrumb\",\"itemListElement\":[{\"@type\":\"ListItem\",\"position\":1,\"name\":\"Inicio\",\"item\":\"https:\/\/compuviper.mx\/tienda\/\"},{\"@type\":\"ListItem\",\"position\":2,\"name\":\"Productos\",\"item\":\"https:\/\/compuviper.mx\/tienda\/productos\/\"},{\"@type\":\"ListItem\",\"position\":3,\"name\":\"Redes\",\"item\":\"https:\/\/compuviper.mx\/tienda\/categoria-producto\/redes\/\"},{\"@type\":\"ListItem\",\"position\":4,\"name\":\"Access Point\",\"item\":\"https:\/\/compuviper.mx\/tienda\/categoria-producto\/redes\/access-point\/\"},{\"@type\":\"ListItem\",\"position\":5,\"name\":\"Grandstream Gwn7660e Access Point \/wifi 6\/ Banda Dual 2?2 2.4g(mimo) 3?32 5g(mu-mimo)\/ 3 Gbps\/ Uso Interior\/ Cobertura 175 Mts\/ 256 Dispositivos\/ 1 Ptos Gigabit\/ Controlador Inte\/ Sin Inyector Poe\"}]},{\"@type\":\"WebSite\",\"@id\":\"https:\/\/compuviper.mx\/tienda\/#website\",\"url\":\"https:\/\/compuviper.mx\/tienda\/\",\"name\":\"Compuviper\",\"description\":\"Proveedor de Computadoras, Laptops, Servidores, Monitores, Puntos de Venta, Teclados,   Impresoras, T\u00f3ner, C\u00e1maras de Seguridad y m\u00e1s en tu tienda en l\u00ednea\",\"publisher\":{\"@id\":\"https:\/\/compuviper.mx\/tienda\/#organization\"},\"potentialAction\":[{\"@type\":\"SearchAction\",\"target\":{\"@type\":\"EntryPoint\",\"urlTemplate\":\"https:\/\/compuviper.mx\/tienda\/?s={search_term_string}\"},\"query-input\":\"required name=search_term_string\"}],\"inLanguage\":\"es-MX\"},{\"@type\":\"Organization\",\"@id\":\"https:\/\/compuviper.mx\/tienda\/#organization\",\"name\":\"Compuviper\",\"url\":\"https:\/\/compuviper.mx\/tienda\/\",\"logo\":{\"@type\":\"ImageObject\",\"inLanguage\":\"es-MX\",\"@id\":\"https:\/\/compuviper.mx\/tienda\/#\/schema\/logo\/image\/\",\"url\":\"https:\/\/compuviper.mx\/tienda\/wp-content\/uploads\/2021\/08\/Logo-Compuviper-10.png\",\"contentUrl\":\"https:\/\/compuviper.mx\/tienda\/wp-content\/uploads\/2021\/08\/Logo-Compuviper-10.png\",\"width\":1000,\"height\":500,\"caption\":\"Compuviper\"},\"image\":{\"@id\":\"https:\/\/compuviper.mx\/tienda\/#\/schema\/logo\/image\/\"},\"sameAs\":[\"https:\/\/www.facebook.com\/compuviper\",\"https:\/\/www.youtube.com\/channel\/UCf73dERp9Y3cfOq7q8BhLjA?view_as=subscriber\"]}]}<\/script>\n<meta property=\"product:brand\" content=\"GRANDSTREAM\" \/>\n<meta property=\"product:price:amount\" content=\"1307\" \/>\n<meta property=\"product:price:currency\" content=\"MXN\" \/>\n<meta property=\"og:availability\" content=\"instock\" \/>\n<meta property=\"product:availability\" content=\"instock\" \/>\n<meta property=\"product:retailer_item_id\" content=\"GWN7660E\" \/>\n<meta property=\"product:condition\" content=\"new\" \/>\n<!-- \/ Yoast SEO plugin. -->","yoast_head_json":{"title":"[ Grandstream ] &#129351; Gwn7660e Access Point \/wifi 6\/ Banda Dual 2\u00d72 2.4g(mimo) 3\u00d732 5g(mu-mimo)\/ 3 Gbps\/ Uso Interior\/ Cobertura 175 Mts\/ 256 Dispositivos\/ 1 Ptos Gigabit\/ Controlador Inte\/ Sin Inyector Poe","description":"Compra Gwn7660e Access Point \/wifi 6\/ Banda Dual 2\u00d72 2.4g(mimo) 3\u00d732 5g(mu-mimo)\/ 3 Gbps\/ Uso Interior\/ Cobertura 175 Mts\/ 256 Dispositivos\/ 1 Ptos Gigabit\/ Controlador Inte\/ Sin Inyector Poe + Env\u00edo a domicilio + Pago seguro + Garant\u00eda","robots":{"index":"index","follow":"follow","max-snippet":"max-snippet:-1","max-image-preview":"max-image-preview:large","max-video-preview":"max-video-preview:-1"},"canonical":"https:\/\/compuviper.mx\/tienda\/producto\/grandstream-gwn7660e-access-point-wifi-6-banda-dual-22-2-4gmimo-332-5gmu-mimo-3-gbps-uso-interior-cobertura-175-mts-256-dispositivos-1-ptos-gigabit-controlador-inte-sin-inyector-poe\/","og_locale":"es_MX","og_type":"article","og_title":"[ Grandstream ] &#129351; Gwn7660e Access Point \/wifi 6\/ Banda Dual 2\u00d72 2.4g(mimo) 3\u00d732 5g(mu-mimo)\/ 3 Gbps\/ Uso Interior\/ Cobertura 175 Mts\/ 256 Dispositivos\/ 1 Ptos Gigabit\/ Controlador Inte\/ Sin Inyector Poe","og_description":"Compra Gwn7660e Access Point \/wifi 6\/ Banda Dual 2\u00d72 2.4g(mimo) 3\u00d732 5g(mu-mimo)\/ 3 Gbps\/ Uso Interior\/ Cobertura 175 Mts\/ 256 Dispositivos\/ 1 Ptos Gigabit\/ Controlador Inte\/ Sin Inyector Poe + Env\u00edo a domicilio + Pago seguro + Garant\u00eda","og_url":"https:\/\/compuviper.mx\/tienda\/producto\/grandstream-gwn7660e-access-point-wifi-6-banda-dual-22-2-4gmimo-332-5gmu-mimo-3-gbps-uso-interior-cobertura-175-mts-256-dispositivos-1-ptos-gigabit-controlador-inte-sin-inyector-poe\/","og_site_name":"Compuviper","article_publisher":"https:\/\/www.facebook.com\/compuviper","article_modified_time":"2026-04-11T07:07:28+00:00","og_image":[{"width":200,"height":200,"url":"https:\/\/compuviper.mx\/tienda\/wp-content\/uploads\/2025\/10\/Access-point-grandstream-gwn7660e-wifi-6-banda-dual-2\u00d72-2.4gmimo-3\u00d732-5gmu-mimo-3-gbps-uso-interior-cobertura-175-mts-256-dispositivos-1-ptos-gigabit-controlador-inte-sin-inyector-poe.jpg","type":"image\/jpeg"}],"twitter_card":"summary_large_image","twitter_misc":{"Precio":"&#36;1,434 &#36;1,307 con IVA","Availability":"In stock"},"schema":{"@context":"https:\/\/schema.org","@graph":[{"@type":"WebPage","@id":"https:\/\/compuviper.mx\/tienda\/producto\/grandstream-gwn7660e-access-point-wifi-6-banda-dual-22-2-4gmimo-332-5gmu-mimo-3-gbps-uso-interior-cobertura-175-mts-256-dispositivos-1-ptos-gigabit-controlador-inte-sin-inyector-poe\/","url":"https:\/\/compuviper.mx\/tienda\/producto\/grandstream-gwn7660e-access-point-wifi-6-banda-dual-22-2-4gmimo-332-5gmu-mimo-3-gbps-uso-interior-cobertura-175-mts-256-dispositivos-1-ptos-gigabit-controlador-inte-sin-inyector-poe\/","name":"[ Grandstream ] &#129351; Gwn7660e Access Point \/wifi 6\/ Banda Dual 2\u00d72 2.4g(mimo) 3\u00d732 5g(mu-mimo)\/ 3 Gbps\/ Uso Interior\/ Cobertura 175 Mts\/ 256 Dispositivos\/ 1 Ptos Gigabit\/ Controlador Inte\/ Sin Inyector Poe","isPartOf":{"@id":"https:\/\/compuviper.mx\/tienda\/#website"},"datePublished":"2026-04-11T07:07:27+00:00","dateModified":"2026-04-11T07:07:28+00:00","description":"Compra Gwn7660e Access Point \/wifi 6\/ Banda Dual 2\u00d72 2.4g(mimo) 3\u00d732 5g(mu-mimo)\/ 3 Gbps\/ Uso Interior\/ Cobertura 175 Mts\/ 256 Dispositivos\/ 1 Ptos Gigabit\/ Controlador Inte\/ Sin Inyector Poe + Env\u00edo a domicilio + Pago seguro + Garant\u00eda","breadcrumb":{"@id":"https:\/\/compuviper.mx\/tienda\/producto\/grandstream-gwn7660e-access-point-wifi-6-banda-dual-22-2-4gmimo-332-5gmu-mimo-3-gbps-uso-interior-cobertura-175-mts-256-dispositivos-1-ptos-gigabit-controlador-inte-sin-inyector-poe\/#breadcrumb"},"inLanguage":"es-MX","potentialAction":[{"@type":"ReadAction","target":["https:\/\/compuviper.mx\/tienda\/producto\/grandstream-gwn7660e-access-point-wifi-6-banda-dual-22-2-4gmimo-332-5gmu-mimo-3-gbps-uso-interior-cobertura-175-mts-256-dispositivos-1-ptos-gigabit-controlador-inte-sin-inyector-poe\/"]}]},{"@type":"BreadcrumbList","@id":"https:\/\/compuviper.mx\/tienda\/producto\/grandstream-gwn7660e-access-point-wifi-6-banda-dual-22-2-4gmimo-332-5gmu-mimo-3-gbps-uso-interior-cobertura-175-mts-256-dispositivos-1-ptos-gigabit-controlador-inte-sin-inyector-poe\/#breadcrumb","itemListElement":[{"@type":"ListItem","position":1,"name":"Inicio","item":"https:\/\/compuviper.mx\/tienda\/"},{"@type":"ListItem","position":2,"name":"Productos","item":"https:\/\/compuviper.mx\/tienda\/productos\/"},{"@type":"ListItem","position":3,"name":"Redes","item":"https:\/\/compuviper.mx\/tienda\/categoria-producto\/redes\/"},{"@type":"ListItem","position":4,"name":"Access Point","item":"https:\/\/compuviper.mx\/tienda\/categoria-producto\/redes\/access-point\/"},{"@type":"ListItem","position":5,"name":"Grandstream Gwn7660e Access Point \/wifi 6\/ Banda Dual 2?2 2.4g(mimo) 3?32 5g(mu-mimo)\/ 3 Gbps\/ Uso Interior\/ Cobertura 175 Mts\/ 256 Dispositivos\/ 1 Ptos Gigabit\/ Controlador Inte\/ Sin Inyector Poe"}]},{"@type":"WebSite","@id":"https:\/\/compuviper.mx\/tienda\/#website","url":"https:\/\/compuviper.mx\/tienda\/","name":"Compuviper","description":"Proveedor de Computadoras, Laptops, Servidores, Monitores, Puntos de Venta, Teclados,   Impresoras, T\u00f3ner, C\u00e1maras de Seguridad y m\u00e1s en tu tienda en l\u00ednea","publisher":{"@id":"https:\/\/compuviper.mx\/tienda\/#organization"},"potentialAction":[{"@type":"SearchAction","target":{"@type":"EntryPoint","urlTemplate":"https:\/\/compuviper.mx\/tienda\/?s={search_term_string}"},"query-input":"required name=search_term_string"}],"inLanguage":"es-MX"},{"@type":"Organization","@id":"https:\/\/compuviper.mx\/tienda\/#organization","name":"Compuviper","url":"https:\/\/compuviper.mx\/tienda\/","logo":{"@type":"ImageObject","inLanguage":"es-MX","@id":"https:\/\/compuviper.mx\/tienda\/#\/schema\/logo\/image\/","url":"https:\/\/compuviper.mx\/tienda\/wp-content\/uploads\/2021\/08\/Logo-Compuviper-10.png","contentUrl":"https:\/\/compuviper.mx\/tienda\/wp-content\/uploads\/2021\/08\/Logo-Compuviper-10.png","width":1000,"height":500,"caption":"Compuviper"},"image":{"@id":"https:\/\/compuviper.mx\/tienda\/#\/schema\/logo\/image\/"},"sameAs":["https:\/\/www.facebook.com\/compuviper","https:\/\/www.youtube.com\/channel\/UCf73dERp9Y3cfOq7q8BhLjA?view_as=subscriber"]}]},"product_brand":"GRANDSTREAM","product_price_amount":"1307","product_price_currency":"MXN","og_availability":"instock","product_availability":"instock","product_retailer_item_id":"GWN7660E","product_condition":"new"},"_links":{"self":[{"href":"https:\/\/compuviper.mx\/tienda\/wp-json\/wp\/v2\/product\/247231"}],"collection":[{"href":"https:\/\/compuviper.mx\/tienda\/wp-json\/wp\/v2\/product"}],"about":[{"href":"https:\/\/compuviper.mx\/tienda\/wp-json\/wp\/v2\/types\/product"}],"replies":[{"embeddable":true,"href":"https:\/\/compuviper.mx\/tienda\/wp-json\/wp\/v2\/comments?post=247231"}],"wp:featuredmedia":[{"embeddable":true,"href":"https:\/\/compuviper.mx\/tienda\/wp-json\/wp\/v2\/media\/260121"}],"wp:attachment":[{"href":"https:\/\/compuviper.mx\/tienda\/wp-json\/wp\/v2\/media?parent=247231"}],"wp:term":[{"taxonomy":"product_cat","embeddable":true,"href":"https:\/\/compuviper.mx\/tienda\/wp-json\/wp\/v2\/product_cat?post=247231"},{"taxonomy":"product_tag","embeddable":true,"href":"https:\/\/compuviper.mx\/tienda\/wp-json\/wp\/v2\/product_tag?post=247231"}],"curies":[{"name":"wp","href":"https:\/\/api.w.org\/{rel}","templated":true}]}}