{"id":247124,"date":"2026-04-08T00:48:59","date_gmt":"2026-04-08T06:48:59","guid":{"rendered":"https:\/\/compuviper.mx\/tienda\/producto\/balam-rush-br-940467-gamepad-kontrol-glow-swg600-control-game-pad-inalambrico-recargable-bt-5-0-rgb-vibracion-dual-axis-gyro-8hr-de-juego-n-switch-lite-oled-android-ios-pc\/"},"modified":"2026-04-08T00:48:59","modified_gmt":"2026-04-08T06:48:59","slug":"balam-rush-br-9404677506215940467-gamepad-kontrol-glow-swg600-control-game-pad-inalambrico-recargable-bt-5-0-rgb-vibracion-dual-axis-gyro-8hr-de-juego-n-switch-lite-oled-android-io","status":"publish","type":"product","link":"https:\/\/compuviper.mx\/tienda\/producto\/balam-rush-br-9404677506215940467-gamepad-kontrol-glow-swg600-control-game-pad-inalambrico-recargable-bt-5-0-rgb-vibracion-dual-axis-gyro-8hr-de-juego-n-switch-lite-oled-android-io\/","title":{"rendered":"Balam Rush Br-940467,7506215940467 Gamepad  Kontrol Glow Swg600 \/ Control Game Pad Inalambrico Recargable \/ Bt 5.0 \/ Rgb \/ Vibracion Dual \/ Axis Gyro \/ 8hr De Juego \/ N Switch Lite Oled &#8211; Android &#8211; Ios &#8211; Pc \/ Br-940467"},"content":{"rendered":"<table class=\"descripcion\">\n<tr>\n<td>Especificaciones del gamepad<\/td>\n<\/tr>\n<tr>\n<td>\u0095modelo: br-940467<\/td>\n<\/tr>\n<tr>\n<td>\u0095producto: gamepad<\/td>\n<\/tr>\n<tr>\n<td>\u0095materiales: pc<\/td>\n<\/tr>\n<tr>\n<td>\u0095dimensiones: 15.2 x 11.5 x 5.8 cm<\/td>\n<\/tr>\n<tr>\n<td>\u0095peso: 220 g<\/td>\n<\/tr>\n<tr>\n<td>\u0095compatibilidad: nintendo switch \/ lite \/ oled\/ android \/ ios\/ pc<\/td>\n<\/tr>\n<tr>\n<td>\u0095conexion: inalambrica, bluetooth 5.0<\/td>\n<\/tr>\n<tr>\n<td>\u0095rango de trabajo: 8 m<\/td>\n<\/tr>\n<tr>\n<td>\u0095tiempo de carga: 3 horas<\/td>\n<\/tr>\n<tr>\n<td>\u0095tiempo de trabajo: 5-8 horas aprox<\/td>\n<\/tr>\n<tr>\n<td>\u0095iluminacion: rgb<\/td>\n<\/tr>\n<tr>\n<td>\u0095caracterstica elctrica<\/td>\n<\/tr>\n<tr>\n<td>      oalimentacion: 5 v and 9107; 800 mah<\/td>\n<\/tr>\n<tr>\n<td>      obateria: recargable litio<\/td>\n<\/tr>\n<tr>\n<td>\u0095puerto de carga: tipo c<\/td>\n<\/tr>\n<tr>\n<td>\u0095tamao de cable: 98 cm<\/td>\n<\/tr>\n<tr>\n<td>\u0095funciones adicionales:<\/td>\n<\/tr>\n<tr>\n<td>      oaxis gyro<\/td>\n<\/tr>\n<tr>\n<td>      ovibracion dual<\/td>\n<\/tr>\n<tr>\n<td>      ofunciones turbo<\/td>\n<\/tr>\n<tr>\n<td>Informacion de empaque<\/td>\n<\/tr>\n<tr>\n<td>\u0095codigo ean-13: 7506215940467<\/td>\n<\/tr>\n<tr>\n<td>\u0095medida de empaque lwh: 17.4 cm  6.2 cm  14.7 cm<\/td>\n<\/tr>\n<\/table>\n","protected":false},"excerpt":{"rendered":"<p>Game pad balam rush kontrol glow swg600 \/ control inalambrico recargable \/ bt 5.0 \/ rgb \/ vibracion dual inmersiva \/ axis gyro \/ 8hr de juego \/ n switch lite  oled &#8211; android &#8211; ios &#8211; pc \/ br-940467. Conexion inalambrica bluetooth. Disfruta de una respuesta rapida y sin retrasos. Con la tecnologia bluetooth, experimenta una conexion estable hasta 8 metros de distancia, para una experiencia de juego sin interrupciones. Axis gyro para precision. Controla cada movimiento con precision gracias a la tecnologia axis gyro. Siente la fluidez y mejora tu rendimiento en cada partida, especialmente en juegos que requieren movimientos rapidos y precisos. Joysticks anti-drift: precision sin limites. Controla cada movimiento con precision gracias a la tecnologia axis gyro. Siente la fluidez y mejora tu rendimiento en cada partida, especialmente en juegos que requieren movimientos rapidos y precisos. Vibracion dual inmersiva. Experimenta el juego de una manera mas realista con la vibracion dual. Siente cada golpe, choque y explosion en tus manos, llevandote directamente al corazon de la accion.<\/p>\n","protected":false},"featured_media":259841,"comment_status":"open","ping_status":"open","template":"","meta":[],"product_cat":[1738,1966],"product_tag":[2097],"acf":[],"yoast_head":"<!-- This site is optimized with the Yoast SEO plugin v21.7 - https:\/\/yoast.com\/wordpress\/plugins\/seo\/ -->\n<title>[ Balam Rush ] &#129351; Br-940467,7506215940467 Gamepad Kontrol Glow Swg600 \/ Control Game Pad Inalambrico Recargable \/ Bt 5.0 \/ Rgb \/ Vibracion Dual \/ Axis Gyro \/ 8hr De Juego \/ N Switch Lite Oled - Android - Ios - Pc \/ Br-940467<\/title>\n<meta name=\"description\" content=\"Compra Br-940467,7506215940467 Gamepad Kontrol Glow Swg600 \/ Control Game Pad Inalambrico Recargable \/ Bt 5.0 \/ Rgb \/ Vibracion Dual \/ Axis Gyro \/ 8hr De Juego \/ N Switch Lite Oled - Android - Ios - Pc \/ Br-940467 + Env\u00edo a domicilio + Pago seguro + Garant\u00eda\" \/>\n<meta name=\"robots\" content=\"index, follow, max-snippet:-1, max-image-preview:large, max-video-preview:-1\" \/>\n<link rel=\"canonical\" href=\"https:\/\/compuviper.mx\/tienda\/producto\/balam-rush-br-9404677506215940467-gamepad-kontrol-glow-swg600-control-game-pad-inalambrico-recargable-bt-5-0-rgb-vibracion-dual-axis-gyro-8hr-de-juego-n-switch-lite-oled-android-io\/\" \/>\n<meta property=\"og:locale\" content=\"es_MX\" \/>\n<meta property=\"og:type\" content=\"article\" \/>\n<meta property=\"og:title\" content=\"[ Balam Rush ] &#129351; Br-940467,7506215940467 Gamepad Kontrol Glow Swg600 \/ Control Game Pad Inalambrico Recargable \/ Bt 5.0 \/ Rgb \/ Vibracion Dual \/ Axis Gyro \/ 8hr De Juego \/ N Switch Lite Oled - Android - Ios - Pc \/ Br-940467\" \/>\n<meta property=\"og:description\" content=\"Compra Br-940467,7506215940467 Gamepad Kontrol Glow Swg600 \/ Control Game Pad Inalambrico Recargable \/ Bt 5.0 \/ Rgb \/ Vibracion Dual \/ Axis Gyro \/ 8hr De Juego \/ N Switch Lite Oled - Android - Ios - Pc \/ Br-940467 + Env\u00edo a domicilio + Pago seguro + Garant\u00eda\" \/>\n<meta property=\"og:url\" content=\"https:\/\/compuviper.mx\/tienda\/producto\/balam-rush-br-9404677506215940467-gamepad-kontrol-glow-swg600-control-game-pad-inalambrico-recargable-bt-5-0-rgb-vibracion-dual-axis-gyro-8hr-de-juego-n-switch-lite-oled-android-io\/\" \/>\n<meta property=\"og:site_name\" content=\"Compuviper\" \/>\n<meta property=\"article:publisher\" content=\"https:\/\/www.facebook.com\/compuviper\" \/>\n<meta property=\"og:image\" content=\"https:\/\/compuviper.mx\/tienda\/wp-content\/uploads\/2025\/10\/Gamepad-balam-rush-kontrol-glow-swg600-control-game-pad-inalambrico-recargable-bt-5.0-rgb-vibracion-dual-axis-gyro-8hr-de-juego-n-switch-lite-oled-android-ios-pc-br-940467.jpg\" \/>\n\t<meta property=\"og:image:width\" content=\"200\" \/>\n\t<meta property=\"og:image:height\" content=\"200\" \/>\n\t<meta property=\"og:image:type\" content=\"image\/jpeg\" \/>\n<meta name=\"twitter:card\" content=\"summary_large_image\" \/>\n<meta name=\"twitter:label1\" content=\"Precio\" \/>\n\t<meta name=\"twitter:data1\" content=\"&#36;355 con IVA\" \/>\n\t<meta name=\"twitter:label2\" content=\"Availability\" \/>\n\t<meta name=\"twitter:data2\" content=\"In stock\" \/>\n<script type=\"application\/ld+json\" class=\"yoast-schema-graph\">{\"@context\":\"https:\/\/schema.org\",\"@graph\":[{\"@type\":\"WebPage\",\"@id\":\"https:\/\/compuviper.mx\/tienda\/producto\/balam-rush-br-9404677506215940467-gamepad-kontrol-glow-swg600-control-game-pad-inalambrico-recargable-bt-5-0-rgb-vibracion-dual-axis-gyro-8hr-de-juego-n-switch-lite-oled-android-io\/\",\"url\":\"https:\/\/compuviper.mx\/tienda\/producto\/balam-rush-br-9404677506215940467-gamepad-kontrol-glow-swg600-control-game-pad-inalambrico-recargable-bt-5-0-rgb-vibracion-dual-axis-gyro-8hr-de-juego-n-switch-lite-oled-android-io\/\",\"name\":\"[ Balam Rush ] &#129351; Br-940467,7506215940467 Gamepad Kontrol Glow Swg600 \/ Control Game Pad Inalambrico Recargable \/ Bt 5.0 \/ Rgb \/ Vibracion Dual \/ Axis Gyro \/ 8hr De Juego \/ N Switch Lite Oled - Android - Ios - Pc \/ Br-940467\",\"isPartOf\":{\"@id\":\"https:\/\/compuviper.mx\/tienda\/#website\"},\"datePublished\":\"2026-04-08T06:48:59+00:00\",\"dateModified\":\"2026-04-08T06:48:59+00:00\",\"description\":\"Compra Br-940467,7506215940467 Gamepad Kontrol Glow Swg600 \/ Control Game Pad Inalambrico Recargable \/ Bt 5.0 \/ Rgb \/ Vibracion Dual \/ Axis Gyro \/ 8hr De Juego \/ N Switch Lite Oled - Android - Ios - Pc \/ Br-940467 + Env\u00edo a domicilio + Pago seguro + Garant\u00eda\",\"breadcrumb\":{\"@id\":\"https:\/\/compuviper.mx\/tienda\/producto\/balam-rush-br-9404677506215940467-gamepad-kontrol-glow-swg600-control-game-pad-inalambrico-recargable-bt-5-0-rgb-vibracion-dual-axis-gyro-8hr-de-juego-n-switch-lite-oled-android-io\/#breadcrumb\"},\"inLanguage\":\"es-MX\",\"potentialAction\":[{\"@type\":\"ReadAction\",\"target\":[\"https:\/\/compuviper.mx\/tienda\/producto\/balam-rush-br-9404677506215940467-gamepad-kontrol-glow-swg600-control-game-pad-inalambrico-recargable-bt-5-0-rgb-vibracion-dual-axis-gyro-8hr-de-juego-n-switch-lite-oled-android-io\/\"]}]},{\"@type\":\"BreadcrumbList\",\"@id\":\"https:\/\/compuviper.mx\/tienda\/producto\/balam-rush-br-9404677506215940467-gamepad-kontrol-glow-swg600-control-game-pad-inalambrico-recargable-bt-5-0-rgb-vibracion-dual-axis-gyro-8hr-de-juego-n-switch-lite-oled-android-io\/#breadcrumb\",\"itemListElement\":[{\"@type\":\"ListItem\",\"position\":1,\"name\":\"Inicio\",\"item\":\"https:\/\/compuviper.mx\/tienda\/\"},{\"@type\":\"ListItem\",\"position\":2,\"name\":\"Productos\",\"item\":\"https:\/\/compuviper.mx\/tienda\/productos\/\"},{\"@type\":\"ListItem\",\"position\":3,\"name\":\"Games\",\"item\":\"https:\/\/compuviper.mx\/tienda\/categoria-producto\/games\/\"},{\"@type\":\"ListItem\",\"position\":4,\"name\":\"Game Pad\",\"item\":\"https:\/\/compuviper.mx\/tienda\/categoria-producto\/games\/game-pad\/\"},{\"@type\":\"ListItem\",\"position\":5,\"name\":\"Balam Rush Br-940467,7506215940467 Gamepad Kontrol Glow Swg600 \/ Control Game Pad Inalambrico Recargable \/ Bt 5.0 \/ Rgb \/ Vibracion Dual \/ Axis Gyro \/ 8hr De Juego \/ N Switch Lite Oled &#8211; Android &#8211; Ios &#8211; Pc \/ Br-940467\"}]},{\"@type\":\"WebSite\",\"@id\":\"https:\/\/compuviper.mx\/tienda\/#website\",\"url\":\"https:\/\/compuviper.mx\/tienda\/\",\"name\":\"Compuviper\",\"description\":\"Proveedor de Computadoras, Laptops, Servidores, Monitores, Puntos de Venta, Teclados,   Impresoras, T\u00f3ner, C\u00e1maras de Seguridad y m\u00e1s en tu tienda en l\u00ednea\",\"publisher\":{\"@id\":\"https:\/\/compuviper.mx\/tienda\/#organization\"},\"potentialAction\":[{\"@type\":\"SearchAction\",\"target\":{\"@type\":\"EntryPoint\",\"urlTemplate\":\"https:\/\/compuviper.mx\/tienda\/?s={search_term_string}\"},\"query-input\":\"required name=search_term_string\"}],\"inLanguage\":\"es-MX\"},{\"@type\":\"Organization\",\"@id\":\"https:\/\/compuviper.mx\/tienda\/#organization\",\"name\":\"Compuviper\",\"url\":\"https:\/\/compuviper.mx\/tienda\/\",\"logo\":{\"@type\":\"ImageObject\",\"inLanguage\":\"es-MX\",\"@id\":\"https:\/\/compuviper.mx\/tienda\/#\/schema\/logo\/image\/\",\"url\":\"https:\/\/compuviper.mx\/tienda\/wp-content\/uploads\/2021\/08\/Logo-Compuviper-10.png\",\"contentUrl\":\"https:\/\/compuviper.mx\/tienda\/wp-content\/uploads\/2021\/08\/Logo-Compuviper-10.png\",\"width\":1000,\"height\":500,\"caption\":\"Compuviper\"},\"image\":{\"@id\":\"https:\/\/compuviper.mx\/tienda\/#\/schema\/logo\/image\/\"},\"sameAs\":[\"https:\/\/www.facebook.com\/compuviper\",\"https:\/\/www.youtube.com\/channel\/UCf73dERp9Y3cfOq7q8BhLjA?view_as=subscriber\"]}]}<\/script>\n<meta property=\"product:brand\" content=\"Balam Rush\" \/>\n<meta property=\"product:price:amount\" content=\"355\" \/>\n<meta property=\"product:price:currency\" content=\"MXN\" \/>\n<meta property=\"og:availability\" content=\"instock\" \/>\n<meta property=\"product:availability\" content=\"instock\" \/>\n<meta property=\"product:retailer_item_id\" content=\"BR-940467,7506215940467\" \/>\n<meta property=\"product:condition\" content=\"new\" \/>\n<!-- \/ Yoast SEO plugin. -->","yoast_head_json":{"title":"[ Balam Rush ] &#129351; Br-940467,7506215940467 Gamepad Kontrol Glow Swg600 \/ Control Game Pad Inalambrico Recargable \/ Bt 5.0 \/ Rgb \/ Vibracion Dual \/ Axis Gyro \/ 8hr De Juego \/ N Switch Lite Oled - Android - Ios - Pc \/ Br-940467","description":"Compra Br-940467,7506215940467 Gamepad Kontrol Glow Swg600 \/ Control Game Pad Inalambrico Recargable \/ Bt 5.0 \/ Rgb \/ Vibracion Dual \/ Axis Gyro \/ 8hr De Juego \/ N Switch Lite Oled - Android - Ios - Pc \/ Br-940467 + Env\u00edo a domicilio + Pago seguro + Garant\u00eda","robots":{"index":"index","follow":"follow","max-snippet":"max-snippet:-1","max-image-preview":"max-image-preview:large","max-video-preview":"max-video-preview:-1"},"canonical":"https:\/\/compuviper.mx\/tienda\/producto\/balam-rush-br-9404677506215940467-gamepad-kontrol-glow-swg600-control-game-pad-inalambrico-recargable-bt-5-0-rgb-vibracion-dual-axis-gyro-8hr-de-juego-n-switch-lite-oled-android-io\/","og_locale":"es_MX","og_type":"article","og_title":"[ Balam Rush ] &#129351; Br-940467,7506215940467 Gamepad Kontrol Glow Swg600 \/ Control Game Pad Inalambrico Recargable \/ Bt 5.0 \/ Rgb \/ Vibracion Dual \/ Axis Gyro \/ 8hr De Juego \/ N Switch Lite Oled - Android - Ios - Pc \/ Br-940467","og_description":"Compra Br-940467,7506215940467 Gamepad Kontrol Glow Swg600 \/ Control Game Pad Inalambrico Recargable \/ Bt 5.0 \/ Rgb \/ Vibracion Dual \/ Axis Gyro \/ 8hr De Juego \/ N Switch Lite Oled - Android - Ios - Pc \/ Br-940467 + Env\u00edo a domicilio + Pago seguro + Garant\u00eda","og_url":"https:\/\/compuviper.mx\/tienda\/producto\/balam-rush-br-9404677506215940467-gamepad-kontrol-glow-swg600-control-game-pad-inalambrico-recargable-bt-5-0-rgb-vibracion-dual-axis-gyro-8hr-de-juego-n-switch-lite-oled-android-io\/","og_site_name":"Compuviper","article_publisher":"https:\/\/www.facebook.com\/compuviper","og_image":[{"width":200,"height":200,"url":"https:\/\/compuviper.mx\/tienda\/wp-content\/uploads\/2025\/10\/Gamepad-balam-rush-kontrol-glow-swg600-control-game-pad-inalambrico-recargable-bt-5.0-rgb-vibracion-dual-axis-gyro-8hr-de-juego-n-switch-lite-oled-android-ios-pc-br-940467.jpg","type":"image\/jpeg"}],"twitter_card":"summary_large_image","twitter_misc":{"Precio":"&#36;355 con IVA","Availability":"In stock"},"schema":{"@context":"https:\/\/schema.org","@graph":[{"@type":"WebPage","@id":"https:\/\/compuviper.mx\/tienda\/producto\/balam-rush-br-9404677506215940467-gamepad-kontrol-glow-swg600-control-game-pad-inalambrico-recargable-bt-5-0-rgb-vibracion-dual-axis-gyro-8hr-de-juego-n-switch-lite-oled-android-io\/","url":"https:\/\/compuviper.mx\/tienda\/producto\/balam-rush-br-9404677506215940467-gamepad-kontrol-glow-swg600-control-game-pad-inalambrico-recargable-bt-5-0-rgb-vibracion-dual-axis-gyro-8hr-de-juego-n-switch-lite-oled-android-io\/","name":"[ Balam Rush ] &#129351; Br-940467,7506215940467 Gamepad Kontrol Glow Swg600 \/ Control Game Pad Inalambrico Recargable \/ Bt 5.0 \/ Rgb \/ Vibracion Dual \/ Axis Gyro \/ 8hr De Juego \/ N Switch Lite Oled - Android - Ios - Pc \/ Br-940467","isPartOf":{"@id":"https:\/\/compuviper.mx\/tienda\/#website"},"datePublished":"2026-04-08T06:48:59+00:00","dateModified":"2026-04-08T06:48:59+00:00","description":"Compra Br-940467,7506215940467 Gamepad Kontrol Glow Swg600 \/ Control Game Pad Inalambrico Recargable \/ Bt 5.0 \/ Rgb \/ Vibracion Dual \/ Axis Gyro \/ 8hr De Juego \/ N Switch Lite Oled - Android - Ios - Pc \/ Br-940467 + Env\u00edo a domicilio + Pago seguro + Garant\u00eda","breadcrumb":{"@id":"https:\/\/compuviper.mx\/tienda\/producto\/balam-rush-br-9404677506215940467-gamepad-kontrol-glow-swg600-control-game-pad-inalambrico-recargable-bt-5-0-rgb-vibracion-dual-axis-gyro-8hr-de-juego-n-switch-lite-oled-android-io\/#breadcrumb"},"inLanguage":"es-MX","potentialAction":[{"@type":"ReadAction","target":["https:\/\/compuviper.mx\/tienda\/producto\/balam-rush-br-9404677506215940467-gamepad-kontrol-glow-swg600-control-game-pad-inalambrico-recargable-bt-5-0-rgb-vibracion-dual-axis-gyro-8hr-de-juego-n-switch-lite-oled-android-io\/"]}]},{"@type":"BreadcrumbList","@id":"https:\/\/compuviper.mx\/tienda\/producto\/balam-rush-br-9404677506215940467-gamepad-kontrol-glow-swg600-control-game-pad-inalambrico-recargable-bt-5-0-rgb-vibracion-dual-axis-gyro-8hr-de-juego-n-switch-lite-oled-android-io\/#breadcrumb","itemListElement":[{"@type":"ListItem","position":1,"name":"Inicio","item":"https:\/\/compuviper.mx\/tienda\/"},{"@type":"ListItem","position":2,"name":"Productos","item":"https:\/\/compuviper.mx\/tienda\/productos\/"},{"@type":"ListItem","position":3,"name":"Games","item":"https:\/\/compuviper.mx\/tienda\/categoria-producto\/games\/"},{"@type":"ListItem","position":4,"name":"Game Pad","item":"https:\/\/compuviper.mx\/tienda\/categoria-producto\/games\/game-pad\/"},{"@type":"ListItem","position":5,"name":"Balam Rush Br-940467,7506215940467 Gamepad Kontrol Glow Swg600 \/ Control Game Pad Inalambrico Recargable \/ Bt 5.0 \/ Rgb \/ Vibracion Dual \/ Axis Gyro \/ 8hr De Juego \/ N Switch Lite Oled &#8211; Android &#8211; Ios &#8211; Pc \/ Br-940467"}]},{"@type":"WebSite","@id":"https:\/\/compuviper.mx\/tienda\/#website","url":"https:\/\/compuviper.mx\/tienda\/","name":"Compuviper","description":"Proveedor de Computadoras, Laptops, Servidores, Monitores, Puntos de Venta, Teclados,   Impresoras, T\u00f3ner, C\u00e1maras de Seguridad y m\u00e1s en tu tienda en l\u00ednea","publisher":{"@id":"https:\/\/compuviper.mx\/tienda\/#organization"},"potentialAction":[{"@type":"SearchAction","target":{"@type":"EntryPoint","urlTemplate":"https:\/\/compuviper.mx\/tienda\/?s={search_term_string}"},"query-input":"required name=search_term_string"}],"inLanguage":"es-MX"},{"@type":"Organization","@id":"https:\/\/compuviper.mx\/tienda\/#organization","name":"Compuviper","url":"https:\/\/compuviper.mx\/tienda\/","logo":{"@type":"ImageObject","inLanguage":"es-MX","@id":"https:\/\/compuviper.mx\/tienda\/#\/schema\/logo\/image\/","url":"https:\/\/compuviper.mx\/tienda\/wp-content\/uploads\/2021\/08\/Logo-Compuviper-10.png","contentUrl":"https:\/\/compuviper.mx\/tienda\/wp-content\/uploads\/2021\/08\/Logo-Compuviper-10.png","width":1000,"height":500,"caption":"Compuviper"},"image":{"@id":"https:\/\/compuviper.mx\/tienda\/#\/schema\/logo\/image\/"},"sameAs":["https:\/\/www.facebook.com\/compuviper","https:\/\/www.youtube.com\/channel\/UCf73dERp9Y3cfOq7q8BhLjA?view_as=subscriber"]}]},"product_brand":"Balam Rush","product_price_amount":"355","product_price_currency":"MXN","og_availability":"instock","product_availability":"instock","product_retailer_item_id":"BR-940467,7506215940467","product_condition":"new"},"_links":{"self":[{"href":"https:\/\/compuviper.mx\/tienda\/wp-json\/wp\/v2\/product\/247124"}],"collection":[{"href":"https:\/\/compuviper.mx\/tienda\/wp-json\/wp\/v2\/product"}],"about":[{"href":"https:\/\/compuviper.mx\/tienda\/wp-json\/wp\/v2\/types\/product"}],"replies":[{"embeddable":true,"href":"https:\/\/compuviper.mx\/tienda\/wp-json\/wp\/v2\/comments?post=247124"}],"wp:featuredmedia":[{"embeddable":true,"href":"https:\/\/compuviper.mx\/tienda\/wp-json\/wp\/v2\/media\/259841"}],"wp:attachment":[{"href":"https:\/\/compuviper.mx\/tienda\/wp-json\/wp\/v2\/media?parent=247124"}],"wp:term":[{"taxonomy":"product_cat","embeddable":true,"href":"https:\/\/compuviper.mx\/tienda\/wp-json\/wp\/v2\/product_cat?post=247124"},{"taxonomy":"product_tag","embeddable":true,"href":"https:\/\/compuviper.mx\/tienda\/wp-json\/wp\/v2\/product_tag?post=247124"}],"curies":[{"name":"wp","href":"https:\/\/api.w.org\/{rel}","templated":true}]}}