{"id":247052,"date":"2026-04-22T00:11:41","date_gmt":"2026-04-22T06:11:41","guid":{"rendered":"https:\/\/compuviper.mx\/tienda\/producto\/dahua-dh-hac-hdw1209tlqn-a-led-s3-camara-analoga-dh-hac-hdw1209tlqn-a-led-0280b-s3-domo-full-color-de-2-mp-con-lente-de-2-8mm-y-angulo-de-103-microfono-integrado-iluminacion-de-20m-tecnologia\/"},"modified":"2026-04-22T00:11:41","modified_gmt":"2026-04-22T06:11:41","slug":"dahua-dh-hac-hdw1209tlqn-a-led-s3-camara-analoga-dh-hac-hdw1209tlqn-a-led-0280b-s3-domo-full-color-de-2-mp-con-lente-de-2-8mm-y-angulo-de-103-microfono-integrado-iluminacion-de-20m-tecnologia","status":"publish","type":"product","link":"https:\/\/compuviper.mx\/tienda\/producto\/dahua-dh-hac-hdw1209tlqn-a-led-s3-camara-analoga-dh-hac-hdw1209tlqn-a-led-0280b-s3-domo-full-color-de-2-mp-con-lente-de-2-8mm-y-angulo-de-103-microfono-integrado-iluminacion-de-20m-tecnologia\/","title":{"rendered":"Dahua Dh-hac-hdw1209tlqn-a-led-s3 Camara Analoga\/ \/ Dh-hac-hdw1209tlqn-a-led-0280b-s3\/ Domo Full Color De 2 Mp Con Lente De 2.8mm Y Angulo De 103?. Microfono Integrado, Iluminacion De 20m, Tecnologia Starlight Y Dwdr. Resistente"},"content":{"rendered":"<table class=\"descripcion\">\n<tr>\n<td>Caracteristicas principales<\/td>\n<\/tr>\n<tr>\n<td>\u0095 resolucion: max. 30 fps@1080p.<\/td>\n<\/tr>\n<tr>\n<td>\u0095 full color: imagenes en color 24\/7.<\/td>\n<\/tr>\n<tr>\n<td>\u0095 iluminacion: distancia de iluminacion de 20 m.<\/td>\n<\/tr>\n<tr>\n<td>\u0095 audio: mic incorporado (-a).<\/td>\n<\/tr>\n<tr>\n<td>\u0095 instalacion: el globo ocular de instalacion rapida ahorra tiempo de instalacion.<\/td>\n<\/tr>\n<tr>\n<td>\u0095 lente: lente fija de 3,6 mm (2,8 mm opcional).<\/td>\n<\/tr>\n<tr>\n<td>\u0095 tecnologia: cvi\/cvbs\/ahd\/tvi conmutable.<\/td>\n<\/tr>\n<tr>\n<td>\u0095 proteccion: ip67<\/td>\n<\/tr>\n<tr>\n<td>Especificaciones tecnicas<\/td>\n<\/tr>\n<tr>\n<td>\u0095 material: domo (metal + plastico) + caja de plastico<\/td>\n<\/tr>\n<tr>\n<td>\u0095 dimensiones:  and #934;97,1 mm \u00d7 91,4 mm<\/td>\n<\/tr>\n<tr>\n<td>\u0095 peso: 220g<\/td>\n<\/tr>\n<tr>\n<td>\u0095 temperatura de trabajo: -40\u00b0c a 60\u00b0c<\/td>\n<\/tr>\n<tr>\n<td>\u0095 humedad de trabajo:  95 % (hr), sin condensacion<\/td>\n<\/tr>\n<tr>\n<td>\u0095 alimentacion: dc 12v<\/td>\n<\/tr>\n<tr>\n<td>\u0095 consumo de energia: max. 3,3 w (12 v cc, ir activado)<\/td>\n<\/tr>\n<tr>\n<td>\u0095 men\u00fa osd: varios idiomas *no puede bajar la resolucion a 720p<\/td>\n<\/tr>\n<\/table>\n","protected":false},"excerpt":{"rendered":"<p>Informacion general. La camara domo dahua dh-hac-hdw1209tlqn-a-led-0280b-s3 ofrece imagenes en  fullcolor de 2 mp, incluso en condiciones de baja luz, gracias a su tecnologia starlight. Con un lente de 2.8 mm y un angulo de vision de 103\u00b0, brinda una cobertura amplia y detallada. Incorpora microfono para grabacion de audio, iluminacion de hasta 20 metros y dwdr para mejorar la calidad de imagen en escenas con contrastes de luz. Su resistencia ip67 la hace ideal para uso en exteriores, y su instalacion rapida y sencilla la convierte en una opcion eficiente para garantizar seguridad en cualquier entorno. Incluye. \u0095 x1 camara domo 2mp full color. \u0095 x1 base de montaje. \u0095 x3 tornillos de fijacion. \u0095 x1 manual de usuario. \u0095 x1 poliza de garantia. \u0095 x1 sticker de instalacion<\/p>\n","protected":false},"featured_media":259366,"comment_status":"open","ping_status":"open","template":"","meta":[],"product_cat":[1608,1681],"product_tag":[1555],"acf":[],"yoast_head":"<!-- This site is optimized with the Yoast SEO plugin v21.7 - https:\/\/yoast.com\/wordpress\/plugins\/seo\/ -->\n<title>[ Dahua ] &#129351; Dh-hac-hdw1209tlqn-a-led-s3 Camara Analoga\/ \/ Dh-hac-hdw1209tlqn-a-led-0280b-s3\/ Domo Full Color De 2 Mp Con Lente De 2.8mm Y Angulo De 103\u00b0. Microfono Integrado, Iluminacion De 20m, Tecnologia Starlight Y Dwdr. Resistente<\/title>\n<meta name=\"description\" content=\"Compra Dh-hac-hdw1209tlqn-a-led-s3 Camara Analoga\/ \/ Dh-hac-hdw1209tlqn-a-led-0280b-s3\/ Domo Full Color De 2 Mp Con Lente De 2.8mm Y Angulo De 103\u00b0. Microfono Integrado, Iluminacion De 20m, Tecnologia Starlight Y Dwdr. Resistente + Env\u00edo a domicilio + Pago seguro + Garant\u00eda\" \/>\n<meta name=\"robots\" content=\"index, follow, max-snippet:-1, max-image-preview:large, max-video-preview:-1\" \/>\n<link rel=\"canonical\" href=\"https:\/\/compuviper.mx\/tienda\/producto\/dahua-dh-hac-hdw1209tlqn-a-led-s3-camara-analoga-dh-hac-hdw1209tlqn-a-led-0280b-s3-domo-full-color-de-2-mp-con-lente-de-2-8mm-y-angulo-de-103-microfono-integrado-iluminacion-de-20m-tecnologia\/\" \/>\n<meta property=\"og:locale\" content=\"es_MX\" \/>\n<meta property=\"og:type\" content=\"article\" \/>\n<meta property=\"og:title\" content=\"[ Dahua ] &#129351; Dh-hac-hdw1209tlqn-a-led-s3 Camara Analoga\/ \/ Dh-hac-hdw1209tlqn-a-led-0280b-s3\/ Domo Full Color De 2 Mp Con Lente De 2.8mm Y Angulo De 103\u00b0. Microfono Integrado, Iluminacion De 20m, Tecnologia Starlight Y Dwdr. Resistente\" \/>\n<meta property=\"og:description\" content=\"Compra Dh-hac-hdw1209tlqn-a-led-s3 Camara Analoga\/ \/ Dh-hac-hdw1209tlqn-a-led-0280b-s3\/ Domo Full Color De 2 Mp Con Lente De 2.8mm Y Angulo De 103\u00b0. Microfono Integrado, Iluminacion De 20m, Tecnologia Starlight Y Dwdr. Resistente + Env\u00edo a domicilio + Pago seguro + Garant\u00eda\" \/>\n<meta property=\"og:url\" content=\"https:\/\/compuviper.mx\/tienda\/producto\/dahua-dh-hac-hdw1209tlqn-a-led-s3-camara-analoga-dh-hac-hdw1209tlqn-a-led-0280b-s3-domo-full-color-de-2-mp-con-lente-de-2-8mm-y-angulo-de-103-microfono-integrado-iluminacion-de-20m-tecnologia\/\" \/>\n<meta property=\"og:site_name\" content=\"Compuviper\" \/>\n<meta property=\"article:publisher\" content=\"https:\/\/www.facebook.com\/compuviper\" \/>\n<meta property=\"og:image\" content=\"https:\/\/compuviper.mx\/tienda\/wp-content\/uploads\/2025\/10\/Camara-analoga-dahua-dh-hac-hdw1209tlqn-a-led-0280b-s3-domo-full-color-de-2-mp-con-lente-de-2.8mm-y-angulo-de-103\u00b0.-microfono-integrado-iluminacion-de-20m-tecnologia-starlight-y-dwdr.-resistente.jpg\" \/>\n\t<meta property=\"og:image:width\" content=\"200\" \/>\n\t<meta property=\"og:image:height\" content=\"200\" \/>\n\t<meta property=\"og:image:type\" content=\"image\/jpeg\" \/>\n<meta name=\"twitter:card\" content=\"summary_large_image\" \/>\n<meta name=\"twitter:label1\" content=\"Precio\" \/>\n\t<meta name=\"twitter:data1\" content=\"&#36;362 &#36;354 con IVA\" \/>\n\t<meta name=\"twitter:label2\" content=\"Availability\" \/>\n\t<meta name=\"twitter:data2\" content=\"In stock\" \/>\n<script type=\"application\/ld+json\" class=\"yoast-schema-graph\">{\"@context\":\"https:\/\/schema.org\",\"@graph\":[{\"@type\":\"WebPage\",\"@id\":\"https:\/\/compuviper.mx\/tienda\/producto\/dahua-dh-hac-hdw1209tlqn-a-led-s3-camara-analoga-dh-hac-hdw1209tlqn-a-led-0280b-s3-domo-full-color-de-2-mp-con-lente-de-2-8mm-y-angulo-de-103-microfono-integrado-iluminacion-de-20m-tecnologia\/\",\"url\":\"https:\/\/compuviper.mx\/tienda\/producto\/dahua-dh-hac-hdw1209tlqn-a-led-s3-camara-analoga-dh-hac-hdw1209tlqn-a-led-0280b-s3-domo-full-color-de-2-mp-con-lente-de-2-8mm-y-angulo-de-103-microfono-integrado-iluminacion-de-20m-tecnologia\/\",\"name\":\"[ Dahua ] &#129351; Dh-hac-hdw1209tlqn-a-led-s3 Camara Analoga\/ \/ Dh-hac-hdw1209tlqn-a-led-0280b-s3\/ Domo Full Color De 2 Mp Con Lente De 2.8mm Y Angulo De 103\u00b0. Microfono Integrado, Iluminacion De 20m, Tecnologia Starlight Y Dwdr. Resistente\",\"isPartOf\":{\"@id\":\"https:\/\/compuviper.mx\/tienda\/#website\"},\"datePublished\":\"2026-04-22T06:11:41+00:00\",\"dateModified\":\"2026-04-22T06:11:41+00:00\",\"description\":\"Compra Dh-hac-hdw1209tlqn-a-led-s3 Camara Analoga\/ \/ Dh-hac-hdw1209tlqn-a-led-0280b-s3\/ Domo Full Color De 2 Mp Con Lente De 2.8mm Y Angulo De 103\u00b0. Microfono Integrado, Iluminacion De 20m, Tecnologia Starlight Y Dwdr. Resistente + Env\u00edo a domicilio + Pago seguro + Garant\u00eda\",\"breadcrumb\":{\"@id\":\"https:\/\/compuviper.mx\/tienda\/producto\/dahua-dh-hac-hdw1209tlqn-a-led-s3-camara-analoga-dh-hac-hdw1209tlqn-a-led-0280b-s3-domo-full-color-de-2-mp-con-lente-de-2-8mm-y-angulo-de-103-microfono-integrado-iluminacion-de-20m-tecnologia\/#breadcrumb\"},\"inLanguage\":\"es-MX\",\"potentialAction\":[{\"@type\":\"ReadAction\",\"target\":[\"https:\/\/compuviper.mx\/tienda\/producto\/dahua-dh-hac-hdw1209tlqn-a-led-s3-camara-analoga-dh-hac-hdw1209tlqn-a-led-0280b-s3-domo-full-color-de-2-mp-con-lente-de-2-8mm-y-angulo-de-103-microfono-integrado-iluminacion-de-20m-tecnologia\/\"]}]},{\"@type\":\"BreadcrumbList\",\"@id\":\"https:\/\/compuviper.mx\/tienda\/producto\/dahua-dh-hac-hdw1209tlqn-a-led-s3-camara-analoga-dh-hac-hdw1209tlqn-a-led-0280b-s3-domo-full-color-de-2-mp-con-lente-de-2-8mm-y-angulo-de-103-microfono-integrado-iluminacion-de-20m-tecnologia\/#breadcrumb\",\"itemListElement\":[{\"@type\":\"ListItem\",\"position\":1,\"name\":\"Inicio\",\"item\":\"https:\/\/compuviper.mx\/tienda\/\"},{\"@type\":\"ListItem\",\"position\":2,\"name\":\"Productos\",\"item\":\"https:\/\/compuviper.mx\/tienda\/productos\/\"},{\"@type\":\"ListItem\",\"position\":3,\"name\":\"Camaras\",\"item\":\"https:\/\/compuviper.mx\/tienda\/categoria-producto\/camaras-2\/\"},{\"@type\":\"ListItem\",\"position\":4,\"name\":\"Camara De Videovigilancia\",\"item\":\"https:\/\/compuviper.mx\/tienda\/categoria-producto\/camaras-2\/camara-de-videovigilancia\/\"},{\"@type\":\"ListItem\",\"position\":5,\"name\":\"Dahua Dh-hac-hdw1209tlqn-a-led-s3 Camara Analoga\/ \/ Dh-hac-hdw1209tlqn-a-led-0280b-s3\/ Domo Full Color De 2 Mp Con Lente De 2.8mm Y Angulo De 103?. Microfono Integrado, Iluminacion De 20m, Tecnologia Starlight Y Dwdr. Resistente\"}]},{\"@type\":\"WebSite\",\"@id\":\"https:\/\/compuviper.mx\/tienda\/#website\",\"url\":\"https:\/\/compuviper.mx\/tienda\/\",\"name\":\"Compuviper\",\"description\":\"Proveedor de Computadoras, Laptops, Servidores, Monitores, Puntos de Venta, Teclados,   Impresoras, T\u00f3ner, C\u00e1maras de Seguridad y m\u00e1s en tu tienda en l\u00ednea\",\"publisher\":{\"@id\":\"https:\/\/compuviper.mx\/tienda\/#organization\"},\"potentialAction\":[{\"@type\":\"SearchAction\",\"target\":{\"@type\":\"EntryPoint\",\"urlTemplate\":\"https:\/\/compuviper.mx\/tienda\/?s={search_term_string}\"},\"query-input\":\"required name=search_term_string\"}],\"inLanguage\":\"es-MX\"},{\"@type\":\"Organization\",\"@id\":\"https:\/\/compuviper.mx\/tienda\/#organization\",\"name\":\"Compuviper\",\"url\":\"https:\/\/compuviper.mx\/tienda\/\",\"logo\":{\"@type\":\"ImageObject\",\"inLanguage\":\"es-MX\",\"@id\":\"https:\/\/compuviper.mx\/tienda\/#\/schema\/logo\/image\/\",\"url\":\"https:\/\/compuviper.mx\/tienda\/wp-content\/uploads\/2021\/08\/Logo-Compuviper-10.png\",\"contentUrl\":\"https:\/\/compuviper.mx\/tienda\/wp-content\/uploads\/2021\/08\/Logo-Compuviper-10.png\",\"width\":1000,\"height\":500,\"caption\":\"Compuviper\"},\"image\":{\"@id\":\"https:\/\/compuviper.mx\/tienda\/#\/schema\/logo\/image\/\"},\"sameAs\":[\"https:\/\/www.facebook.com\/compuviper\",\"https:\/\/www.youtube.com\/channel\/UCf73dERp9Y3cfOq7q8BhLjA?view_as=subscriber\"]}]}<\/script>\n<meta property=\"product:brand\" content=\"DAHUA\" \/>\n<meta property=\"product:price:amount\" content=\"354\" \/>\n<meta property=\"product:price:currency\" content=\"MXN\" \/>\n<meta property=\"og:availability\" content=\"instock\" \/>\n<meta property=\"product:availability\" content=\"instock\" \/>\n<meta property=\"product:retailer_item_id\" content=\"DH-HAC-HDW1209TLQN-A-LED-S3\" \/>\n<meta property=\"product:condition\" content=\"new\" \/>\n<!-- \/ Yoast SEO plugin. -->","yoast_head_json":{"title":"[ Dahua ] &#129351; Dh-hac-hdw1209tlqn-a-led-s3 Camara Analoga\/ \/ Dh-hac-hdw1209tlqn-a-led-0280b-s3\/ Domo Full Color De 2 Mp Con Lente De 2.8mm Y Angulo De 103\u00b0. Microfono Integrado, Iluminacion De 20m, Tecnologia Starlight Y Dwdr. Resistente","description":"Compra Dh-hac-hdw1209tlqn-a-led-s3 Camara Analoga\/ \/ Dh-hac-hdw1209tlqn-a-led-0280b-s3\/ Domo Full Color De 2 Mp Con Lente De 2.8mm Y Angulo De 103\u00b0. Microfono Integrado, Iluminacion De 20m, Tecnologia Starlight Y Dwdr. Resistente + Env\u00edo a domicilio + Pago seguro + Garant\u00eda","robots":{"index":"index","follow":"follow","max-snippet":"max-snippet:-1","max-image-preview":"max-image-preview:large","max-video-preview":"max-video-preview:-1"},"canonical":"https:\/\/compuviper.mx\/tienda\/producto\/dahua-dh-hac-hdw1209tlqn-a-led-s3-camara-analoga-dh-hac-hdw1209tlqn-a-led-0280b-s3-domo-full-color-de-2-mp-con-lente-de-2-8mm-y-angulo-de-103-microfono-integrado-iluminacion-de-20m-tecnologia\/","og_locale":"es_MX","og_type":"article","og_title":"[ Dahua ] &#129351; Dh-hac-hdw1209tlqn-a-led-s3 Camara Analoga\/ \/ Dh-hac-hdw1209tlqn-a-led-0280b-s3\/ Domo Full Color De 2 Mp Con Lente De 2.8mm Y Angulo De 103\u00b0. Microfono Integrado, Iluminacion De 20m, Tecnologia Starlight Y Dwdr. Resistente","og_description":"Compra Dh-hac-hdw1209tlqn-a-led-s3 Camara Analoga\/ \/ Dh-hac-hdw1209tlqn-a-led-0280b-s3\/ Domo Full Color De 2 Mp Con Lente De 2.8mm Y Angulo De 103\u00b0. Microfono Integrado, Iluminacion De 20m, Tecnologia Starlight Y Dwdr. Resistente + Env\u00edo a domicilio + Pago seguro + Garant\u00eda","og_url":"https:\/\/compuviper.mx\/tienda\/producto\/dahua-dh-hac-hdw1209tlqn-a-led-s3-camara-analoga-dh-hac-hdw1209tlqn-a-led-0280b-s3-domo-full-color-de-2-mp-con-lente-de-2-8mm-y-angulo-de-103-microfono-integrado-iluminacion-de-20m-tecnologia\/","og_site_name":"Compuviper","article_publisher":"https:\/\/www.facebook.com\/compuviper","og_image":[{"width":200,"height":200,"url":"https:\/\/compuviper.mx\/tienda\/wp-content\/uploads\/2025\/10\/Camara-analoga-dahua-dh-hac-hdw1209tlqn-a-led-0280b-s3-domo-full-color-de-2-mp-con-lente-de-2.8mm-y-angulo-de-103\u00b0.-microfono-integrado-iluminacion-de-20m-tecnologia-starlight-y-dwdr.-resistente.jpg","type":"image\/jpeg"}],"twitter_card":"summary_large_image","twitter_misc":{"Precio":"&#36;362 &#36;354 con IVA","Availability":"In stock"},"schema":{"@context":"https:\/\/schema.org","@graph":[{"@type":"WebPage","@id":"https:\/\/compuviper.mx\/tienda\/producto\/dahua-dh-hac-hdw1209tlqn-a-led-s3-camara-analoga-dh-hac-hdw1209tlqn-a-led-0280b-s3-domo-full-color-de-2-mp-con-lente-de-2-8mm-y-angulo-de-103-microfono-integrado-iluminacion-de-20m-tecnologia\/","url":"https:\/\/compuviper.mx\/tienda\/producto\/dahua-dh-hac-hdw1209tlqn-a-led-s3-camara-analoga-dh-hac-hdw1209tlqn-a-led-0280b-s3-domo-full-color-de-2-mp-con-lente-de-2-8mm-y-angulo-de-103-microfono-integrado-iluminacion-de-20m-tecnologia\/","name":"[ Dahua ] &#129351; Dh-hac-hdw1209tlqn-a-led-s3 Camara Analoga\/ \/ Dh-hac-hdw1209tlqn-a-led-0280b-s3\/ Domo Full Color De 2 Mp Con Lente De 2.8mm Y Angulo De 103\u00b0. Microfono Integrado, Iluminacion De 20m, Tecnologia Starlight Y Dwdr. Resistente","isPartOf":{"@id":"https:\/\/compuviper.mx\/tienda\/#website"},"datePublished":"2026-04-22T06:11:41+00:00","dateModified":"2026-04-22T06:11:41+00:00","description":"Compra Dh-hac-hdw1209tlqn-a-led-s3 Camara Analoga\/ \/ Dh-hac-hdw1209tlqn-a-led-0280b-s3\/ Domo Full Color De 2 Mp Con Lente De 2.8mm Y Angulo De 103\u00b0. Microfono Integrado, Iluminacion De 20m, Tecnologia Starlight Y Dwdr. Resistente + Env\u00edo a domicilio + Pago seguro + Garant\u00eda","breadcrumb":{"@id":"https:\/\/compuviper.mx\/tienda\/producto\/dahua-dh-hac-hdw1209tlqn-a-led-s3-camara-analoga-dh-hac-hdw1209tlqn-a-led-0280b-s3-domo-full-color-de-2-mp-con-lente-de-2-8mm-y-angulo-de-103-microfono-integrado-iluminacion-de-20m-tecnologia\/#breadcrumb"},"inLanguage":"es-MX","potentialAction":[{"@type":"ReadAction","target":["https:\/\/compuviper.mx\/tienda\/producto\/dahua-dh-hac-hdw1209tlqn-a-led-s3-camara-analoga-dh-hac-hdw1209tlqn-a-led-0280b-s3-domo-full-color-de-2-mp-con-lente-de-2-8mm-y-angulo-de-103-microfono-integrado-iluminacion-de-20m-tecnologia\/"]}]},{"@type":"BreadcrumbList","@id":"https:\/\/compuviper.mx\/tienda\/producto\/dahua-dh-hac-hdw1209tlqn-a-led-s3-camara-analoga-dh-hac-hdw1209tlqn-a-led-0280b-s3-domo-full-color-de-2-mp-con-lente-de-2-8mm-y-angulo-de-103-microfono-integrado-iluminacion-de-20m-tecnologia\/#breadcrumb","itemListElement":[{"@type":"ListItem","position":1,"name":"Inicio","item":"https:\/\/compuviper.mx\/tienda\/"},{"@type":"ListItem","position":2,"name":"Productos","item":"https:\/\/compuviper.mx\/tienda\/productos\/"},{"@type":"ListItem","position":3,"name":"Camaras","item":"https:\/\/compuviper.mx\/tienda\/categoria-producto\/camaras-2\/"},{"@type":"ListItem","position":4,"name":"Camara De Videovigilancia","item":"https:\/\/compuviper.mx\/tienda\/categoria-producto\/camaras-2\/camara-de-videovigilancia\/"},{"@type":"ListItem","position":5,"name":"Dahua Dh-hac-hdw1209tlqn-a-led-s3 Camara Analoga\/ \/ Dh-hac-hdw1209tlqn-a-led-0280b-s3\/ Domo Full Color De 2 Mp Con Lente De 2.8mm Y Angulo De 103?. Microfono Integrado, Iluminacion De 20m, Tecnologia Starlight Y Dwdr. Resistente"}]},{"@type":"WebSite","@id":"https:\/\/compuviper.mx\/tienda\/#website","url":"https:\/\/compuviper.mx\/tienda\/","name":"Compuviper","description":"Proveedor de Computadoras, Laptops, Servidores, Monitores, Puntos de Venta, Teclados,   Impresoras, T\u00f3ner, C\u00e1maras de Seguridad y m\u00e1s en tu tienda en l\u00ednea","publisher":{"@id":"https:\/\/compuviper.mx\/tienda\/#organization"},"potentialAction":[{"@type":"SearchAction","target":{"@type":"EntryPoint","urlTemplate":"https:\/\/compuviper.mx\/tienda\/?s={search_term_string}"},"query-input":"required name=search_term_string"}],"inLanguage":"es-MX"},{"@type":"Organization","@id":"https:\/\/compuviper.mx\/tienda\/#organization","name":"Compuviper","url":"https:\/\/compuviper.mx\/tienda\/","logo":{"@type":"ImageObject","inLanguage":"es-MX","@id":"https:\/\/compuviper.mx\/tienda\/#\/schema\/logo\/image\/","url":"https:\/\/compuviper.mx\/tienda\/wp-content\/uploads\/2021\/08\/Logo-Compuviper-10.png","contentUrl":"https:\/\/compuviper.mx\/tienda\/wp-content\/uploads\/2021\/08\/Logo-Compuviper-10.png","width":1000,"height":500,"caption":"Compuviper"},"image":{"@id":"https:\/\/compuviper.mx\/tienda\/#\/schema\/logo\/image\/"},"sameAs":["https:\/\/www.facebook.com\/compuviper","https:\/\/www.youtube.com\/channel\/UCf73dERp9Y3cfOq7q8BhLjA?view_as=subscriber"]}]},"product_brand":"DAHUA","product_price_amount":"354","product_price_currency":"MXN","og_availability":"instock","product_availability":"instock","product_retailer_item_id":"DH-HAC-HDW1209TLQN-A-LED-S3","product_condition":"new"},"_links":{"self":[{"href":"https:\/\/compuviper.mx\/tienda\/wp-json\/wp\/v2\/product\/247052"}],"collection":[{"href":"https:\/\/compuviper.mx\/tienda\/wp-json\/wp\/v2\/product"}],"about":[{"href":"https:\/\/compuviper.mx\/tienda\/wp-json\/wp\/v2\/types\/product"}],"replies":[{"embeddable":true,"href":"https:\/\/compuviper.mx\/tienda\/wp-json\/wp\/v2\/comments?post=247052"}],"wp:featuredmedia":[{"embeddable":true,"href":"https:\/\/compuviper.mx\/tienda\/wp-json\/wp\/v2\/media\/259366"}],"wp:attachment":[{"href":"https:\/\/compuviper.mx\/tienda\/wp-json\/wp\/v2\/media?parent=247052"}],"wp:term":[{"taxonomy":"product_cat","embeddable":true,"href":"https:\/\/compuviper.mx\/tienda\/wp-json\/wp\/v2\/product_cat?post=247052"},{"taxonomy":"product_tag","embeddable":true,"href":"https:\/\/compuviper.mx\/tienda\/wp-json\/wp\/v2\/product_tag?post=247052"}],"curies":[{"name":"wp","href":"https:\/\/api.w.org\/{rel}","templated":true}]}}