{"id":246975,"date":"2026-04-16T02:19:48","date_gmt":"2026-04-16T08:19:48","guid":{"rendered":"https:\/\/compuviper.mx\/tienda\/producto\/grandstream-gxp1610p-telfono-ip-1-lnea-1-cuenta-sip-con-3-teclas-de-funcin-programables-y-conferencia-de-3-vas-negro\/"},"modified":"2026-04-16T02:19:48","modified_gmt":"2026-04-16T08:19:48","slug":"grandstream-gxp1610p-telfono-ip-1-lnea-1-cuenta-sip-con-3-teclas-de-funcin-programables-y-conferencia-de-3-vas-negro","status":"publish","type":"product","link":"https:\/\/compuviper.mx\/tienda\/producto\/grandstream-gxp1610p-telfono-ip-1-lnea-1-cuenta-sip-con-3-teclas-de-funcin-programables-y-conferencia-de-3-vas-negro\/","title":{"rendered":"Grandstream Gxp1610p Tel?fono Ip   \/ 1 L?nea, 1 Cuenta Sip Con 3 Teclas De Funci?n Programables Y Conferencia De 3 V?as, Negro"},"content":{"rendered":"<table class=\"descripcion\">\n<tr>\n<td>Protocolos\/normas:  sip rfc3261, tcp\/ip\/udp, rtp\/rtcp, http\/https, arp\/rarp, icmp, dns (a record, srv, naptr), dhcp, pppoe, ssh, tftp, ntp, stun, simple, lldp-med, ldap, tr-069, 802.1x, tls, srtp, cdp\/snmp\/rtcp-xr<\/td>\n<\/tr>\n<tr>\n<td>Interfaces de red:  puertos ethernet dobles conmutados de 10\/100 mbps con detecci\u00f3n autom\u00e1tica, poe integrado (s\u00f3lo gxp1610p)<\/td>\n<\/tr>\n<tr>\n<td>Pantalla gr\u00e1fica:  pantalla gr\u00e1fica lcd de 132 x 48 (2.95\u0092\u0092)<\/td>\n<\/tr>\n<tr>\n<td>Teclas de funci\u00f3n:  2 teclas de l\u00ednea con led bicolor y 1 cuenta sip, 3 teclas xml programables sensibles al contacto, 5 teclas (navegaci\u00f3n, men\u00fa). 13 teclas de funci\u00f3n dedicada para radiolocalizaci\u00f3n\/intercomunicaci\u00f3n, directorio telef\u00f3nico, mensaje, inicio, retener, grabar, silencio, aud\u00edfonos, transferencia, conferencia, enviar y remarcar, altavoz, volumen.<\/td>\n<\/tr>\n<tr>\n<td>C\u00f3decs de voz:  soporte para g.711 and #924;\/a, g.722 (banda ancha), g.723, g.726-32, g.729 a\/b, ilbc, dtmf dentro de banda y fuera de banda (audio de entrada, rfc2833, sip info), vad, cng, aec, plc, ajb, agc<\/td>\n<\/tr>\n<tr>\n<td>Funciones de telefon\u00eda:  retenci\u00f3n, transferencia, reenv\u00edo (incondicional\/no respuesta\/ocupado), conferencia de 3 v\u00edas, estacionamiento\/recuperaci\u00f3n de llamadas, directorio telef\u00f3nico descargable (xml, ldap, hasta 1000 contactos), llamada en espera, historial de llamadas (hasta 200 registros), marcaci\u00f3n autom\u00e1tica al descolgar, respuesta autom\u00e1tica, hacer clic para marcar, plan de marcaci\u00f3n flexible, estaciones de trabajo compartidas (hot desking), tonos de llamadas con m\u00fasica personalizada, redundancia de servidores y conmutaci\u00f3n por error (fail-over).<\/td>\n<\/tr>\n<tr>\n<td>Conector de aud\u00edfonos:  conector rj9 (permitiendo ehs con aud\u00edfonos plantronics).<\/td>\n<\/tr>\n<tr>\n<td>Base de soporte: s\u00ed, permite 2 posiciones en \u00e1ngulo, montaje en pared<\/td>\n<\/tr>\n<tr>\n<td>Qos: layer 2 qos (802.1q, 802.1p) y layer 3 (tos, diffserv, mpls) qos<\/td>\n<\/tr>\n<tr>\n<td>Seguridad: control de acceso a nivel del usuario y del administrador, autenticaci\u00f3n basada en md5 y md5-sess, archivo de configuraci\u00f3n cifrado con aes de 256 bits, tls, srtp, https, 802.1x media access control.<\/td>\n<\/tr>\n<tr>\n<td>Multilenguaje:  ingl\u00e9s, alem\u00e1n, italiano, franc\u00e9s, espa\u00f1ol, portugu\u00e9s, ruso, croata, chino simplificado y tradicional, coreano, japon\u00e9s y m\u00e1s.<\/td>\n<\/tr>\n<tr>\n<td>Actualizaci\u00f3n \/ aprovisionamiento:  actualizaci\u00f3n de firmware por medio de tftp \/ http \/ https, aprovisionamiento masivo usando tr-069 o el archivo de configuraci\u00f3n xml cifrado con aes, ftp\/ftps.<\/td>\n<\/tr>\n<tr>\n<td>Alimentaci\u00f3n y eficiencia de energ\u00eda verde:  fuente de alimentaci\u00f3n universal; entrada: 100-240vac 50-60hz; salida: +5vdc, 600ma; poe: ieee802.3af class 2, 3.84w-6.49w; ieee802.3az (eee) (s\u00f3lo el gxp1610p)<\/td>\n<\/tr>\n<tr>\n<td>F\u00edsicas:  -dimensi\u00f3n: 209 mm (largo) x 184.5 mm (ancho) x 76.2 mm (alto) (con auricular) -peso de la unidad: 0.74 kg; -peso del paquete: 1.0kg (gxp1610p)<\/td>\n<\/tr>\n<tr>\n<td>Temperatura y humedad:  operaci\u00f3n: 0\u00b0c a 40\u00b0c, almacenamiento: -10\u00b0c a 60\u00b0c, humedad: 10% a 90% sin condensaci\u00f3n<\/td>\n<\/tr>\n<tr>\n<td>Contenido del paquete:  tel\u00e9fono gxp1610\/gxp1610p\/gxp1615, auricular con cord\u00f3n, base de soporte, fuente de alimentaci\u00f3n universal (gxp1610p\/gxp1615), cable de red, gu\u00eda de instalaci\u00f3n r\u00e1pida, folleto, licencia gpl.<\/td>\n<\/tr>\n<tr>\n<td>Conformidad:  fcc: part 15 (cfr 47) class b, ce: en55022 class b, en55024, en61000-3-2, en61000- 3-3, en60950-1, rcm: as\/acif s004; as\/nzs cispr22\/24; as\/nzs 60950; as\/nzs 60950.1<\/td>\n<\/tr>\n<\/table>\n","protected":false},"excerpt":{"rendered":"<p>El gxp1610\/gxp1610p\/gxp1615 es un tel\u00e9fono ip simple de usar para peque\u00f1as y medianas empresas (pymes) y oficinas en casa. Este modelo basado en linux ofrece una sola cuenta sip, hasta 2 estados de llamada y 3 teclas xml programables. Una pantalla lcd de 132 x 48 (2.95\u0092\u0092) crea una imagen clara para una f\u00e1cil visualizaci\u00f3n. Las funciones adicionales como puertos dobles conmutados de 10\/100 mbps, poe integrado en el modelo gxp1610p\/gxp1615, soporte multilenguaje, soporte de electronic hook switch para aud\u00edfonos plantronics, llamada en espera y conferencia de 3 v\u00edas permiten al gxp1610\/gxp1610p\/gxp1615 ser un tel\u00e9fono ip confiable, f\u00e1cil de usar y de alta calidad.<\/p>\n","protected":false},"featured_media":258482,"comment_status":"open","ping_status":"open","template":"","meta":[],"product_cat":[1610,1757],"product_tag":[1576],"acf":[],"yoast_head":"<!-- This site is optimized with the Yoast SEO plugin v21.7 - https:\/\/yoast.com\/wordpress\/plugins\/seo\/ -->\n<title>[ Grandstream ] &#129351; Gxp1610p Tel\u00e9fono Ip \/ 1 L\u00ednea, 1 Cuenta Sip Con 3 Teclas De Funci\u00f3n Programables Y Conferencia De 3 V\u00edas, Negro<\/title>\n<meta name=\"description\" content=\"Compra Gxp1610p Tel\u00e9fono Ip \/ 1 L\u00ednea, 1 Cuenta Sip Con 3 Teclas De Funci\u00f3n Programables Y Conferencia De 3 V\u00edas, Negro + Env\u00edo a domicilio + Pago seguro + Garant\u00eda\" \/>\n<meta name=\"robots\" content=\"index, follow, max-snippet:-1, max-image-preview:large, max-video-preview:-1\" \/>\n<link rel=\"canonical\" href=\"https:\/\/compuviper.mx\/tienda\/producto\/grandstream-gxp1610p-telfono-ip-1-lnea-1-cuenta-sip-con-3-teclas-de-funcin-programables-y-conferencia-de-3-vas-negro\/\" \/>\n<meta property=\"og:locale\" content=\"es_MX\" \/>\n<meta property=\"og:type\" content=\"article\" \/>\n<meta property=\"og:title\" content=\"[ Grandstream ] &#129351; Gxp1610p Tel\u00e9fono Ip \/ 1 L\u00ednea, 1 Cuenta Sip Con 3 Teclas De Funci\u00f3n Programables Y Conferencia De 3 V\u00edas, Negro\" \/>\n<meta property=\"og:description\" content=\"Compra Gxp1610p Tel\u00e9fono Ip \/ 1 L\u00ednea, 1 Cuenta Sip Con 3 Teclas De Funci\u00f3n Programables Y Conferencia De 3 V\u00edas, Negro + Env\u00edo a domicilio + Pago seguro + Garant\u00eda\" \/>\n<meta property=\"og:url\" content=\"https:\/\/compuviper.mx\/tienda\/producto\/grandstream-gxp1610p-telfono-ip-1-lnea-1-cuenta-sip-con-3-teclas-de-funcin-programables-y-conferencia-de-3-vas-negro\/\" \/>\n<meta property=\"og:site_name\" content=\"Compuviper\" \/>\n<meta property=\"article:publisher\" content=\"https:\/\/www.facebook.com\/compuviper\" \/>\n<meta property=\"og:image\" content=\"https:\/\/compuviper.mx\/tienda\/wp-content\/uploads\/2025\/10\/Telefono-ip-grandstream-gxp1610p-1-linea-1-cuenta-sip-con-3-teclas-de-funcion-programables-y-conferencia-de-3-vias-negro.jpg\" \/>\n\t<meta property=\"og:image:width\" content=\"200\" \/>\n\t<meta property=\"og:image:height\" content=\"200\" \/>\n\t<meta property=\"og:image:type\" content=\"image\/jpeg\" \/>\n<meta name=\"twitter:card\" content=\"summary_large_image\" \/>\n<meta name=\"twitter:label1\" content=\"Precio\" \/>\n\t<meta name=\"twitter:data1\" content=\"&#36;634 con IVA\" \/>\n\t<meta name=\"twitter:label2\" content=\"Availability\" \/>\n\t<meta name=\"twitter:data2\" content=\"On backorder\" \/>\n<script type=\"application\/ld+json\" class=\"yoast-schema-graph\">{\"@context\":\"https:\/\/schema.org\",\"@graph\":[{\"@type\":\"WebPage\",\"@id\":\"https:\/\/compuviper.mx\/tienda\/producto\/grandstream-gxp1610p-telfono-ip-1-lnea-1-cuenta-sip-con-3-teclas-de-funcin-programables-y-conferencia-de-3-vas-negro\/\",\"url\":\"https:\/\/compuviper.mx\/tienda\/producto\/grandstream-gxp1610p-telfono-ip-1-lnea-1-cuenta-sip-con-3-teclas-de-funcin-programables-y-conferencia-de-3-vas-negro\/\",\"name\":\"[ Grandstream ] &#129351; Gxp1610p Tel\u00e9fono Ip \/ 1 L\u00ednea, 1 Cuenta Sip Con 3 Teclas De Funci\u00f3n Programables Y Conferencia De 3 V\u00edas, Negro\",\"isPartOf\":{\"@id\":\"https:\/\/compuviper.mx\/tienda\/#website\"},\"datePublished\":\"2026-04-16T08:19:48+00:00\",\"dateModified\":\"2026-04-16T08:19:48+00:00\",\"description\":\"Compra Gxp1610p Tel\u00e9fono Ip \/ 1 L\u00ednea, 1 Cuenta Sip Con 3 Teclas De Funci\u00f3n Programables Y Conferencia De 3 V\u00edas, Negro + Env\u00edo a domicilio + Pago seguro + Garant\u00eda\",\"breadcrumb\":{\"@id\":\"https:\/\/compuviper.mx\/tienda\/producto\/grandstream-gxp1610p-telfono-ip-1-lnea-1-cuenta-sip-con-3-teclas-de-funcin-programables-y-conferencia-de-3-vas-negro\/#breadcrumb\"},\"inLanguage\":\"es-MX\",\"potentialAction\":[{\"@type\":\"ReadAction\",\"target\":[\"https:\/\/compuviper.mx\/tienda\/producto\/grandstream-gxp1610p-telfono-ip-1-lnea-1-cuenta-sip-con-3-teclas-de-funcin-programables-y-conferencia-de-3-vas-negro\/\"]}]},{\"@type\":\"BreadcrumbList\",\"@id\":\"https:\/\/compuviper.mx\/tienda\/producto\/grandstream-gxp1610p-telfono-ip-1-lnea-1-cuenta-sip-con-3-teclas-de-funcin-programables-y-conferencia-de-3-vas-negro\/#breadcrumb\",\"itemListElement\":[{\"@type\":\"ListItem\",\"position\":1,\"name\":\"Inicio\",\"item\":\"https:\/\/compuviper.mx\/tienda\/\"},{\"@type\":\"ListItem\",\"position\":2,\"name\":\"Productos\",\"item\":\"https:\/\/compuviper.mx\/tienda\/productos\/\"},{\"@type\":\"ListItem\",\"position\":3,\"name\":\"Telefonia\",\"item\":\"https:\/\/compuviper.mx\/tienda\/categoria-producto\/telefonia-2\/\"},{\"@type\":\"ListItem\",\"position\":4,\"name\":\"Telefono Ip\",\"item\":\"https:\/\/compuviper.mx\/tienda\/categoria-producto\/telefonia-2\/telefono-ip\/\"},{\"@type\":\"ListItem\",\"position\":5,\"name\":\"Grandstream Gxp1610p Tel?fono Ip \/ 1 L?nea, 1 Cuenta Sip Con 3 Teclas De Funci?n Programables Y Conferencia De 3 V?as, Negro\"}]},{\"@type\":\"WebSite\",\"@id\":\"https:\/\/compuviper.mx\/tienda\/#website\",\"url\":\"https:\/\/compuviper.mx\/tienda\/\",\"name\":\"Compuviper\",\"description\":\"Proveedor de Computadoras, Laptops, Servidores, Monitores, Puntos de Venta, Teclados,   Impresoras, T\u00f3ner, C\u00e1maras de Seguridad y m\u00e1s en tu tienda en l\u00ednea\",\"publisher\":{\"@id\":\"https:\/\/compuviper.mx\/tienda\/#organization\"},\"potentialAction\":[{\"@type\":\"SearchAction\",\"target\":{\"@type\":\"EntryPoint\",\"urlTemplate\":\"https:\/\/compuviper.mx\/tienda\/?s={search_term_string}\"},\"query-input\":\"required name=search_term_string\"}],\"inLanguage\":\"es-MX\"},{\"@type\":\"Organization\",\"@id\":\"https:\/\/compuviper.mx\/tienda\/#organization\",\"name\":\"Compuviper\",\"url\":\"https:\/\/compuviper.mx\/tienda\/\",\"logo\":{\"@type\":\"ImageObject\",\"inLanguage\":\"es-MX\",\"@id\":\"https:\/\/compuviper.mx\/tienda\/#\/schema\/logo\/image\/\",\"url\":\"https:\/\/compuviper.mx\/tienda\/wp-content\/uploads\/2021\/08\/Logo-Compuviper-10.png\",\"contentUrl\":\"https:\/\/compuviper.mx\/tienda\/wp-content\/uploads\/2021\/08\/Logo-Compuviper-10.png\",\"width\":1000,\"height\":500,\"caption\":\"Compuviper\"},\"image\":{\"@id\":\"https:\/\/compuviper.mx\/tienda\/#\/schema\/logo\/image\/\"},\"sameAs\":[\"https:\/\/www.facebook.com\/compuviper\",\"https:\/\/www.youtube.com\/channel\/UCf73dERp9Y3cfOq7q8BhLjA?view_as=subscriber\"]}]}<\/script>\n<meta property=\"product:brand\" content=\"GRANDSTREAM\" \/>\n<meta property=\"product:price:amount\" content=\"634\" \/>\n<meta property=\"product:price:currency\" content=\"MXN\" \/>\n<meta property=\"og:availability\" content=\"backorder\" \/>\n<meta property=\"product:availability\" content=\"available for order\" \/>\n<meta property=\"product:retailer_item_id\" content=\"GXP1610P\" \/>\n<meta property=\"product:condition\" content=\"new\" \/>\n<!-- \/ Yoast SEO plugin. -->","yoast_head_json":{"title":"[ Grandstream ] &#129351; Gxp1610p Tel\u00e9fono Ip \/ 1 L\u00ednea, 1 Cuenta Sip Con 3 Teclas De Funci\u00f3n Programables Y Conferencia De 3 V\u00edas, Negro","description":"Compra Gxp1610p Tel\u00e9fono Ip \/ 1 L\u00ednea, 1 Cuenta Sip Con 3 Teclas De Funci\u00f3n Programables Y Conferencia De 3 V\u00edas, Negro + Env\u00edo a domicilio + Pago seguro + Garant\u00eda","robots":{"index":"index","follow":"follow","max-snippet":"max-snippet:-1","max-image-preview":"max-image-preview:large","max-video-preview":"max-video-preview:-1"},"canonical":"https:\/\/compuviper.mx\/tienda\/producto\/grandstream-gxp1610p-telfono-ip-1-lnea-1-cuenta-sip-con-3-teclas-de-funcin-programables-y-conferencia-de-3-vas-negro\/","og_locale":"es_MX","og_type":"article","og_title":"[ Grandstream ] &#129351; Gxp1610p Tel\u00e9fono Ip \/ 1 L\u00ednea, 1 Cuenta Sip Con 3 Teclas De Funci\u00f3n Programables Y Conferencia De 3 V\u00edas, Negro","og_description":"Compra Gxp1610p Tel\u00e9fono Ip \/ 1 L\u00ednea, 1 Cuenta Sip Con 3 Teclas De Funci\u00f3n Programables Y Conferencia De 3 V\u00edas, Negro + Env\u00edo a domicilio + Pago seguro + Garant\u00eda","og_url":"https:\/\/compuviper.mx\/tienda\/producto\/grandstream-gxp1610p-telfono-ip-1-lnea-1-cuenta-sip-con-3-teclas-de-funcin-programables-y-conferencia-de-3-vas-negro\/","og_site_name":"Compuviper","article_publisher":"https:\/\/www.facebook.com\/compuviper","og_image":[{"width":200,"height":200,"url":"https:\/\/compuviper.mx\/tienda\/wp-content\/uploads\/2025\/10\/Telefono-ip-grandstream-gxp1610p-1-linea-1-cuenta-sip-con-3-teclas-de-funcion-programables-y-conferencia-de-3-vias-negro.jpg","type":"image\/jpeg"}],"twitter_card":"summary_large_image","twitter_misc":{"Precio":"&#36;634 con IVA","Availability":"On backorder"},"schema":{"@context":"https:\/\/schema.org","@graph":[{"@type":"WebPage","@id":"https:\/\/compuviper.mx\/tienda\/producto\/grandstream-gxp1610p-telfono-ip-1-lnea-1-cuenta-sip-con-3-teclas-de-funcin-programables-y-conferencia-de-3-vas-negro\/","url":"https:\/\/compuviper.mx\/tienda\/producto\/grandstream-gxp1610p-telfono-ip-1-lnea-1-cuenta-sip-con-3-teclas-de-funcin-programables-y-conferencia-de-3-vas-negro\/","name":"[ Grandstream ] &#129351; Gxp1610p Tel\u00e9fono Ip \/ 1 L\u00ednea, 1 Cuenta Sip Con 3 Teclas De Funci\u00f3n Programables Y Conferencia De 3 V\u00edas, Negro","isPartOf":{"@id":"https:\/\/compuviper.mx\/tienda\/#website"},"datePublished":"2026-04-16T08:19:48+00:00","dateModified":"2026-04-16T08:19:48+00:00","description":"Compra Gxp1610p Tel\u00e9fono Ip \/ 1 L\u00ednea, 1 Cuenta Sip Con 3 Teclas De Funci\u00f3n Programables Y Conferencia De 3 V\u00edas, Negro + Env\u00edo a domicilio + Pago seguro + Garant\u00eda","breadcrumb":{"@id":"https:\/\/compuviper.mx\/tienda\/producto\/grandstream-gxp1610p-telfono-ip-1-lnea-1-cuenta-sip-con-3-teclas-de-funcin-programables-y-conferencia-de-3-vas-negro\/#breadcrumb"},"inLanguage":"es-MX","potentialAction":[{"@type":"ReadAction","target":["https:\/\/compuviper.mx\/tienda\/producto\/grandstream-gxp1610p-telfono-ip-1-lnea-1-cuenta-sip-con-3-teclas-de-funcin-programables-y-conferencia-de-3-vas-negro\/"]}]},{"@type":"BreadcrumbList","@id":"https:\/\/compuviper.mx\/tienda\/producto\/grandstream-gxp1610p-telfono-ip-1-lnea-1-cuenta-sip-con-3-teclas-de-funcin-programables-y-conferencia-de-3-vas-negro\/#breadcrumb","itemListElement":[{"@type":"ListItem","position":1,"name":"Inicio","item":"https:\/\/compuviper.mx\/tienda\/"},{"@type":"ListItem","position":2,"name":"Productos","item":"https:\/\/compuviper.mx\/tienda\/productos\/"},{"@type":"ListItem","position":3,"name":"Telefonia","item":"https:\/\/compuviper.mx\/tienda\/categoria-producto\/telefonia-2\/"},{"@type":"ListItem","position":4,"name":"Telefono Ip","item":"https:\/\/compuviper.mx\/tienda\/categoria-producto\/telefonia-2\/telefono-ip\/"},{"@type":"ListItem","position":5,"name":"Grandstream Gxp1610p Tel?fono Ip \/ 1 L?nea, 1 Cuenta Sip Con 3 Teclas De Funci?n Programables Y Conferencia De 3 V?as, Negro"}]},{"@type":"WebSite","@id":"https:\/\/compuviper.mx\/tienda\/#website","url":"https:\/\/compuviper.mx\/tienda\/","name":"Compuviper","description":"Proveedor de Computadoras, Laptops, Servidores, Monitores, Puntos de Venta, Teclados,   Impresoras, T\u00f3ner, C\u00e1maras de Seguridad y m\u00e1s en tu tienda en l\u00ednea","publisher":{"@id":"https:\/\/compuviper.mx\/tienda\/#organization"},"potentialAction":[{"@type":"SearchAction","target":{"@type":"EntryPoint","urlTemplate":"https:\/\/compuviper.mx\/tienda\/?s={search_term_string}"},"query-input":"required name=search_term_string"}],"inLanguage":"es-MX"},{"@type":"Organization","@id":"https:\/\/compuviper.mx\/tienda\/#organization","name":"Compuviper","url":"https:\/\/compuviper.mx\/tienda\/","logo":{"@type":"ImageObject","inLanguage":"es-MX","@id":"https:\/\/compuviper.mx\/tienda\/#\/schema\/logo\/image\/","url":"https:\/\/compuviper.mx\/tienda\/wp-content\/uploads\/2021\/08\/Logo-Compuviper-10.png","contentUrl":"https:\/\/compuviper.mx\/tienda\/wp-content\/uploads\/2021\/08\/Logo-Compuviper-10.png","width":1000,"height":500,"caption":"Compuviper"},"image":{"@id":"https:\/\/compuviper.mx\/tienda\/#\/schema\/logo\/image\/"},"sameAs":["https:\/\/www.facebook.com\/compuviper","https:\/\/www.youtube.com\/channel\/UCf73dERp9Y3cfOq7q8BhLjA?view_as=subscriber"]}]},"product_brand":"GRANDSTREAM","product_price_amount":"634","product_price_currency":"MXN","og_availability":"backorder","product_availability":"available for order","product_retailer_item_id":"GXP1610P","product_condition":"new"},"_links":{"self":[{"href":"https:\/\/compuviper.mx\/tienda\/wp-json\/wp\/v2\/product\/246975"}],"collection":[{"href":"https:\/\/compuviper.mx\/tienda\/wp-json\/wp\/v2\/product"}],"about":[{"href":"https:\/\/compuviper.mx\/tienda\/wp-json\/wp\/v2\/types\/product"}],"replies":[{"embeddable":true,"href":"https:\/\/compuviper.mx\/tienda\/wp-json\/wp\/v2\/comments?post=246975"}],"wp:featuredmedia":[{"embeddable":true,"href":"https:\/\/compuviper.mx\/tienda\/wp-json\/wp\/v2\/media\/258482"}],"wp:attachment":[{"href":"https:\/\/compuviper.mx\/tienda\/wp-json\/wp\/v2\/media?parent=246975"}],"wp:term":[{"taxonomy":"product_cat","embeddable":true,"href":"https:\/\/compuviper.mx\/tienda\/wp-json\/wp\/v2\/product_cat?post=246975"},{"taxonomy":"product_tag","embeddable":true,"href":"https:\/\/compuviper.mx\/tienda\/wp-json\/wp\/v2\/product_tag?post=246975"}],"curies":[{"name":"wp","href":"https:\/\/api.w.org\/{rel}","templated":true}]}}