{"id":246947,"date":"2026-04-07T23:34:19","date_gmt":"2026-04-08T05:34:19","guid":{"rendered":"https:\/\/compuviper.mx\/tienda\/producto\/startech-com-25sat35hdd-gabinete-adaptador-de-disco-duro-o-ssd-sata-de-2-5-de-hasta-12-5mm-de-altura-para-baha-de-3-5-mod\/"},"modified":"2026-04-07T23:34:19","modified_gmt":"2026-04-08T05:34:19","slug":"startech-com-25sat35hdd-gabinete-adaptador-de-disco-duro-o-ssd-sata-de-2-5-de-hasta-12-5mm-de-altura-para-baha-de-3-5-mod","status":"publish","type":"product","link":"https:\/\/compuviper.mx\/tienda\/producto\/startech-com-25sat35hdd-gabinete-adaptador-de-disco-duro-o-ssd-sata-de-2-5-de-hasta-12-5mm-de-altura-para-baha-de-3-5-mod\/","title":{"rendered":"Startech.com 25sat35hdd Gabinete Adaptador De Disco Duro O Ssd Sata De 2.5 De Hasta 12.5mm De Altura Para Bah?a De 3.5 &#8211;  Mod."},"content":{"rendered":"<table class=\"descripcion\">\n<tr>\n<td>Hardware<\/td>\n<\/tr>\n<tr>\n<td>Cantidad de unidades : 1<\/td>\n<\/tr>\n<tr>\n<td>Instalacin de la unidad : extrable<\/td>\n<\/tr>\n<tr>\n<td>Interfaz : sata<\/td>\n<\/tr>\n<tr>\n<td>Tamao de la unidad : 2.5in<\/td>\n<\/tr>\n<tr>\n<td>Rendimiento<\/td>\n<\/tr>\n<tr>\n<td>Capacidad mxima de la unidad : actualmente se ha sometido a pruebas de hasta 1 tb 7200 rpm<\/td>\n<\/tr>\n<tr>\n<td>Tipo y velocidad : sata iii 6 gbps<\/td>\n<\/tr>\n<tr>\n<td>Conectores<\/td>\n<\/tr>\n<tr>\n<td>Conectores del host : combinacin de alimentacin y datos por sata 715 pines<\/td>\n<\/tr>\n<tr>\n<td>Conectores de la unidad : combinacin de alimentacin y datos por sata 715 pines<\/td>\n<\/tr>\n<tr>\n<td>Caractersticas fsicas<\/td>\n<\/tr>\n<tr>\n<td>Tipo de gabinete : aluminio y plstico<\/td>\n<\/tr>\n<tr>\n<td>Peso del producto : 260 g<\/td>\n<\/tr>\n<tr>\n<td>Longitud del producto : 14.6 cm<\/td>\n<\/tr>\n<tr>\n<td>Ancho del producto : 10.2 cm<\/td>\n<\/tr>\n<tr>\n<td>Altura mxima de la unidad : 12.5 mm<\/td>\n<\/tr>\n<tr>\n<td>Altura del producto : 36 mm<\/td>\n<\/tr>\n<\/table>\n","protected":false},"excerpt":{"rendered":"<p>El gabinete adaptador de disco duro de 2.5 a 3.5, modelo 25sat35hdd, convierte un disco duro sata hdd o ssd de estado slido de 2.5 a unidad de 3.5. El gabinete permite reemplazar una unidad de disco duro ssd\/hdd de 3.5 por una de 2.5, en cualquier aplicacin que requiera usualmente una unidad de 3.5, como el chasis de un equipo de escritorio, un backplane o un docking station. El gabinete tiene las\u00a0mismas dimensiones que un disco duro estndar de 3.5, incluidos los puntos de montaje y las ubicaciones del conector sata. Con soporte para unidades de hasta 12.5\u00a0mm de altura y unidades sata i\/ii\/iii de gran capacidad pruebas de hasta 1 tb, este adaptador de disco duro hdd garantiza la compatibilidad con prcticamente cualquier unidad de disco duro o unidad de estado slido sata de 2.5 pulgadas. El modelo 25sat35hdd cuenta con soporte tcnico gratuito de por vida.<\/p>\n","protected":false},"featured_media":246948,"comment_status":"open","ping_status":"open","template":"","meta":[],"product_cat":[1485,1519],"product_tag":[1590],"acf":[],"yoast_head":"<!-- This site is optimized with the Yoast SEO plugin v21.7 - https:\/\/yoast.com\/wordpress\/plugins\/seo\/ -->\n<title>[ Startech.com ] &#129351; 25sat35hdd Gabinete Adaptador De Disco Duro O Ssd Sata De 2.5 De Hasta 12.5mm De Altura Para Bah\u00eda De 3.5 - Mod.<\/title>\n<meta name=\"description\" content=\"Compra 25sat35hdd Gabinete Adaptador De Disco Duro O Ssd Sata De 2.5 De Hasta 12.5mm De Altura Para Bah\u00eda De 3.5 - Mod. + Env\u00edo a domicilio + Pago seguro + Garant\u00eda\" \/>\n<meta name=\"robots\" content=\"index, follow, max-snippet:-1, max-image-preview:large, max-video-preview:-1\" \/>\n<link rel=\"canonical\" href=\"https:\/\/compuviper.mx\/tienda\/producto\/startech-com-25sat35hdd-gabinete-adaptador-de-disco-duro-o-ssd-sata-de-2-5-de-hasta-12-5mm-de-altura-para-baha-de-3-5-mod\/\" \/>\n<meta property=\"og:locale\" content=\"es_MX\" \/>\n<meta property=\"og:type\" content=\"article\" \/>\n<meta property=\"og:title\" content=\"[ Startech.com ] &#129351; 25sat35hdd Gabinete Adaptador De Disco Duro O Ssd Sata De 2.5 De Hasta 12.5mm De Altura Para Bah\u00eda De 3.5 - Mod.\" \/>\n<meta property=\"og:description\" content=\"Compra 25sat35hdd Gabinete Adaptador De Disco Duro O Ssd Sata De 2.5 De Hasta 12.5mm De Altura Para Bah\u00eda De 3.5 - Mod. + Env\u00edo a domicilio + Pago seguro + Garant\u00eda\" \/>\n<meta property=\"og:url\" content=\"https:\/\/compuviper.mx\/tienda\/producto\/startech-com-25sat35hdd-gabinete-adaptador-de-disco-duro-o-ssd-sata-de-2-5-de-hasta-12-5mm-de-altura-para-baha-de-3-5-mod\/\" \/>\n<meta property=\"og:site_name\" content=\"Compuviper\" \/>\n<meta property=\"article:publisher\" content=\"https:\/\/www.facebook.com\/compuviper\" \/>\n<meta property=\"og:image\" content=\"https:\/\/compuviper.mx\/tienda\/wp-content\/uploads\/2024\/12\/Gabinete-adaptador-de-disco-duro-o-ssd-sata-de-2.5-de-hasta-12.5mm-de-altura-para-bahia-de-3.5-startech.com-mod.-25sat35hdd.jpg\" \/>\n\t<meta property=\"og:image:width\" content=\"200\" \/>\n\t<meta property=\"og:image:height\" content=\"200\" \/>\n\t<meta property=\"og:image:type\" content=\"image\/jpeg\" \/>\n<meta name=\"twitter:card\" content=\"summary_large_image\" \/>\n<meta name=\"twitter:label1\" content=\"Precio\" \/>\n\t<meta name=\"twitter:data1\" content=\"&#36;567 con IVA\" \/>\n\t<meta name=\"twitter:label2\" content=\"Availability\" \/>\n\t<meta name=\"twitter:data2\" content=\"On backorder\" \/>\n<script type=\"application\/ld+json\" class=\"yoast-schema-graph\">{\"@context\":\"https:\/\/schema.org\",\"@graph\":[{\"@type\":\"WebPage\",\"@id\":\"https:\/\/compuviper.mx\/tienda\/producto\/startech-com-25sat35hdd-gabinete-adaptador-de-disco-duro-o-ssd-sata-de-2-5-de-hasta-12-5mm-de-altura-para-baha-de-3-5-mod\/\",\"url\":\"https:\/\/compuviper.mx\/tienda\/producto\/startech-com-25sat35hdd-gabinete-adaptador-de-disco-duro-o-ssd-sata-de-2-5-de-hasta-12-5mm-de-altura-para-baha-de-3-5-mod\/\",\"name\":\"[ Startech.com ] &#129351; 25sat35hdd Gabinete Adaptador De Disco Duro O Ssd Sata De 2.5 De Hasta 12.5mm De Altura Para Bah\u00eda De 3.5 - Mod.\",\"isPartOf\":{\"@id\":\"https:\/\/compuviper.mx\/tienda\/#website\"},\"datePublished\":\"2026-04-08T05:34:19+00:00\",\"dateModified\":\"2026-04-08T05:34:19+00:00\",\"description\":\"Compra 25sat35hdd Gabinete Adaptador De Disco Duro O Ssd Sata De 2.5 De Hasta 12.5mm De Altura Para Bah\u00eda De 3.5 - Mod. + Env\u00edo a domicilio + Pago seguro + Garant\u00eda\",\"breadcrumb\":{\"@id\":\"https:\/\/compuviper.mx\/tienda\/producto\/startech-com-25sat35hdd-gabinete-adaptador-de-disco-duro-o-ssd-sata-de-2-5-de-hasta-12-5mm-de-altura-para-baha-de-3-5-mod\/#breadcrumb\"},\"inLanguage\":\"es-MX\",\"potentialAction\":[{\"@type\":\"ReadAction\",\"target\":[\"https:\/\/compuviper.mx\/tienda\/producto\/startech-com-25sat35hdd-gabinete-adaptador-de-disco-duro-o-ssd-sata-de-2-5-de-hasta-12-5mm-de-altura-para-baha-de-3-5-mod\/\"]}]},{\"@type\":\"BreadcrumbList\",\"@id\":\"https:\/\/compuviper.mx\/tienda\/producto\/startech-com-25sat35hdd-gabinete-adaptador-de-disco-duro-o-ssd-sata-de-2-5-de-hasta-12-5mm-de-altura-para-baha-de-3-5-mod\/#breadcrumb\",\"itemListElement\":[{\"@type\":\"ListItem\",\"position\":1,\"name\":\"Inicio\",\"item\":\"https:\/\/compuviper.mx\/tienda\/\"},{\"@type\":\"ListItem\",\"position\":2,\"name\":\"Productos\",\"item\":\"https:\/\/compuviper.mx\/tienda\/productos\/\"},{\"@type\":\"ListItem\",\"position\":3,\"name\":\"Accesorios\",\"item\":\"https:\/\/compuviper.mx\/tienda\/categoria-producto\/accesorios\/\"},{\"@type\":\"ListItem\",\"position\":4,\"name\":\"Gabinete De Discos Duros\",\"item\":\"https:\/\/compuviper.mx\/tienda\/categoria-producto\/accesorios\/gabinete-de-discos-duros\/\"},{\"@type\":\"ListItem\",\"position\":5,\"name\":\"Startech.com 25sat35hdd Gabinete Adaptador De Disco Duro O Ssd Sata De 2.5 De Hasta 12.5mm De Altura Para Bah?a De 3.5 &#8211; Mod.\"}]},{\"@type\":\"WebSite\",\"@id\":\"https:\/\/compuviper.mx\/tienda\/#website\",\"url\":\"https:\/\/compuviper.mx\/tienda\/\",\"name\":\"Compuviper\",\"description\":\"Proveedor de Computadoras, Laptops, Servidores, Monitores, Puntos de Venta, Teclados,   Impresoras, T\u00f3ner, C\u00e1maras de Seguridad y m\u00e1s en tu tienda en l\u00ednea\",\"publisher\":{\"@id\":\"https:\/\/compuviper.mx\/tienda\/#organization\"},\"potentialAction\":[{\"@type\":\"SearchAction\",\"target\":{\"@type\":\"EntryPoint\",\"urlTemplate\":\"https:\/\/compuviper.mx\/tienda\/?s={search_term_string}\"},\"query-input\":\"required name=search_term_string\"}],\"inLanguage\":\"es-MX\"},{\"@type\":\"Organization\",\"@id\":\"https:\/\/compuviper.mx\/tienda\/#organization\",\"name\":\"Compuviper\",\"url\":\"https:\/\/compuviper.mx\/tienda\/\",\"logo\":{\"@type\":\"ImageObject\",\"inLanguage\":\"es-MX\",\"@id\":\"https:\/\/compuviper.mx\/tienda\/#\/schema\/logo\/image\/\",\"url\":\"https:\/\/compuviper.mx\/tienda\/wp-content\/uploads\/2021\/08\/Logo-Compuviper-10.png\",\"contentUrl\":\"https:\/\/compuviper.mx\/tienda\/wp-content\/uploads\/2021\/08\/Logo-Compuviper-10.png\",\"width\":1000,\"height\":500,\"caption\":\"Compuviper\"},\"image\":{\"@id\":\"https:\/\/compuviper.mx\/tienda\/#\/schema\/logo\/image\/\"},\"sameAs\":[\"https:\/\/www.facebook.com\/compuviper\",\"https:\/\/www.youtube.com\/channel\/UCf73dERp9Y3cfOq7q8BhLjA?view_as=subscriber\"]}]}<\/script>\n<meta property=\"product:brand\" content=\"STARTECH.COM\" \/>\n<meta property=\"product:price:amount\" content=\"567\" \/>\n<meta property=\"product:price:currency\" content=\"MXN\" \/>\n<meta property=\"og:availability\" content=\"backorder\" \/>\n<meta property=\"product:availability\" content=\"available for order\" \/>\n<meta property=\"product:retailer_item_id\" content=\"25SAT35HDD\" \/>\n<meta property=\"product:condition\" content=\"new\" \/>\n<!-- \/ Yoast SEO plugin. -->","yoast_head_json":{"title":"[ Startech.com ] &#129351; 25sat35hdd Gabinete Adaptador De Disco Duro O Ssd Sata De 2.5 De Hasta 12.5mm De Altura Para Bah\u00eda De 3.5 - Mod.","description":"Compra 25sat35hdd Gabinete Adaptador De Disco Duro O Ssd Sata De 2.5 De Hasta 12.5mm De Altura Para Bah\u00eda De 3.5 - Mod. + Env\u00edo a domicilio + Pago seguro + Garant\u00eda","robots":{"index":"index","follow":"follow","max-snippet":"max-snippet:-1","max-image-preview":"max-image-preview:large","max-video-preview":"max-video-preview:-1"},"canonical":"https:\/\/compuviper.mx\/tienda\/producto\/startech-com-25sat35hdd-gabinete-adaptador-de-disco-duro-o-ssd-sata-de-2-5-de-hasta-12-5mm-de-altura-para-baha-de-3-5-mod\/","og_locale":"es_MX","og_type":"article","og_title":"[ Startech.com ] &#129351; 25sat35hdd Gabinete Adaptador De Disco Duro O Ssd Sata De 2.5 De Hasta 12.5mm De Altura Para Bah\u00eda De 3.5 - Mod.","og_description":"Compra 25sat35hdd Gabinete Adaptador De Disco Duro O Ssd Sata De 2.5 De Hasta 12.5mm De Altura Para Bah\u00eda De 3.5 - Mod. + Env\u00edo a domicilio + Pago seguro + Garant\u00eda","og_url":"https:\/\/compuviper.mx\/tienda\/producto\/startech-com-25sat35hdd-gabinete-adaptador-de-disco-duro-o-ssd-sata-de-2-5-de-hasta-12-5mm-de-altura-para-baha-de-3-5-mod\/","og_site_name":"Compuviper","article_publisher":"https:\/\/www.facebook.com\/compuviper","og_image":[{"width":200,"height":200,"url":"https:\/\/compuviper.mx\/tienda\/wp-content\/uploads\/2024\/12\/Gabinete-adaptador-de-disco-duro-o-ssd-sata-de-2.5-de-hasta-12.5mm-de-altura-para-bahia-de-3.5-startech.com-mod.-25sat35hdd.jpg","type":"image\/jpeg"}],"twitter_card":"summary_large_image","twitter_misc":{"Precio":"&#36;567 con IVA","Availability":"On backorder"},"schema":{"@context":"https:\/\/schema.org","@graph":[{"@type":"WebPage","@id":"https:\/\/compuviper.mx\/tienda\/producto\/startech-com-25sat35hdd-gabinete-adaptador-de-disco-duro-o-ssd-sata-de-2-5-de-hasta-12-5mm-de-altura-para-baha-de-3-5-mod\/","url":"https:\/\/compuviper.mx\/tienda\/producto\/startech-com-25sat35hdd-gabinete-adaptador-de-disco-duro-o-ssd-sata-de-2-5-de-hasta-12-5mm-de-altura-para-baha-de-3-5-mod\/","name":"[ Startech.com ] &#129351; 25sat35hdd Gabinete Adaptador De Disco Duro O Ssd Sata De 2.5 De Hasta 12.5mm De Altura Para Bah\u00eda De 3.5 - Mod.","isPartOf":{"@id":"https:\/\/compuviper.mx\/tienda\/#website"},"datePublished":"2026-04-08T05:34:19+00:00","dateModified":"2026-04-08T05:34:19+00:00","description":"Compra 25sat35hdd Gabinete Adaptador De Disco Duro O Ssd Sata De 2.5 De Hasta 12.5mm De Altura Para Bah\u00eda De 3.5 - Mod. + Env\u00edo a domicilio + Pago seguro + Garant\u00eda","breadcrumb":{"@id":"https:\/\/compuviper.mx\/tienda\/producto\/startech-com-25sat35hdd-gabinete-adaptador-de-disco-duro-o-ssd-sata-de-2-5-de-hasta-12-5mm-de-altura-para-baha-de-3-5-mod\/#breadcrumb"},"inLanguage":"es-MX","potentialAction":[{"@type":"ReadAction","target":["https:\/\/compuviper.mx\/tienda\/producto\/startech-com-25sat35hdd-gabinete-adaptador-de-disco-duro-o-ssd-sata-de-2-5-de-hasta-12-5mm-de-altura-para-baha-de-3-5-mod\/"]}]},{"@type":"BreadcrumbList","@id":"https:\/\/compuviper.mx\/tienda\/producto\/startech-com-25sat35hdd-gabinete-adaptador-de-disco-duro-o-ssd-sata-de-2-5-de-hasta-12-5mm-de-altura-para-baha-de-3-5-mod\/#breadcrumb","itemListElement":[{"@type":"ListItem","position":1,"name":"Inicio","item":"https:\/\/compuviper.mx\/tienda\/"},{"@type":"ListItem","position":2,"name":"Productos","item":"https:\/\/compuviper.mx\/tienda\/productos\/"},{"@type":"ListItem","position":3,"name":"Accesorios","item":"https:\/\/compuviper.mx\/tienda\/categoria-producto\/accesorios\/"},{"@type":"ListItem","position":4,"name":"Gabinete De Discos Duros","item":"https:\/\/compuviper.mx\/tienda\/categoria-producto\/accesorios\/gabinete-de-discos-duros\/"},{"@type":"ListItem","position":5,"name":"Startech.com 25sat35hdd Gabinete Adaptador De Disco Duro O Ssd Sata De 2.5 De Hasta 12.5mm De Altura Para Bah?a De 3.5 &#8211; Mod."}]},{"@type":"WebSite","@id":"https:\/\/compuviper.mx\/tienda\/#website","url":"https:\/\/compuviper.mx\/tienda\/","name":"Compuviper","description":"Proveedor de Computadoras, Laptops, Servidores, Monitores, Puntos de Venta, Teclados,   Impresoras, T\u00f3ner, C\u00e1maras de Seguridad y m\u00e1s en tu tienda en l\u00ednea","publisher":{"@id":"https:\/\/compuviper.mx\/tienda\/#organization"},"potentialAction":[{"@type":"SearchAction","target":{"@type":"EntryPoint","urlTemplate":"https:\/\/compuviper.mx\/tienda\/?s={search_term_string}"},"query-input":"required name=search_term_string"}],"inLanguage":"es-MX"},{"@type":"Organization","@id":"https:\/\/compuviper.mx\/tienda\/#organization","name":"Compuviper","url":"https:\/\/compuviper.mx\/tienda\/","logo":{"@type":"ImageObject","inLanguage":"es-MX","@id":"https:\/\/compuviper.mx\/tienda\/#\/schema\/logo\/image\/","url":"https:\/\/compuviper.mx\/tienda\/wp-content\/uploads\/2021\/08\/Logo-Compuviper-10.png","contentUrl":"https:\/\/compuviper.mx\/tienda\/wp-content\/uploads\/2021\/08\/Logo-Compuviper-10.png","width":1000,"height":500,"caption":"Compuviper"},"image":{"@id":"https:\/\/compuviper.mx\/tienda\/#\/schema\/logo\/image\/"},"sameAs":["https:\/\/www.facebook.com\/compuviper","https:\/\/www.youtube.com\/channel\/UCf73dERp9Y3cfOq7q8BhLjA?view_as=subscriber"]}]},"product_brand":"STARTECH.COM","product_price_amount":"567","product_price_currency":"MXN","og_availability":"backorder","product_availability":"available for order","product_retailer_item_id":"25SAT35HDD","product_condition":"new"},"_links":{"self":[{"href":"https:\/\/compuviper.mx\/tienda\/wp-json\/wp\/v2\/product\/246947"}],"collection":[{"href":"https:\/\/compuviper.mx\/tienda\/wp-json\/wp\/v2\/product"}],"about":[{"href":"https:\/\/compuviper.mx\/tienda\/wp-json\/wp\/v2\/types\/product"}],"replies":[{"embeddable":true,"href":"https:\/\/compuviper.mx\/tienda\/wp-json\/wp\/v2\/comments?post=246947"}],"wp:featuredmedia":[{"embeddable":true,"href":"https:\/\/compuviper.mx\/tienda\/wp-json\/wp\/v2\/media\/246948"}],"wp:attachment":[{"href":"https:\/\/compuviper.mx\/tienda\/wp-json\/wp\/v2\/media?parent=246947"}],"wp:term":[{"taxonomy":"product_cat","embeddable":true,"href":"https:\/\/compuviper.mx\/tienda\/wp-json\/wp\/v2\/product_cat?post=246947"},{"taxonomy":"product_tag","embeddable":true,"href":"https:\/\/compuviper.mx\/tienda\/wp-json\/wp\/v2\/product_tag?post=246947"}],"curies":[{"name":"wp","href":"https:\/\/api.w.org\/{rel}","templated":true}]}}