{"id":246942,"date":"2026-04-25T02:17:27","date_gmt":"2026-04-25T08:17:27","guid":{"rendered":"https:\/\/compuviper.mx\/tienda\/producto\/epson-v11ha80021-videoproyector-laser-interactivo-tiro-ultra-corto-brightlink-760wi-4100-lumenes-no-incluye-soporte\/"},"modified":"2026-04-25T02:17:27","modified_gmt":"2026-04-25T08:17:27","slug":"epson-v11ha80021-videoproyector-laser-brightlink-760wi-interactivo-tiro-ultra-corto-4100-lumenes-no-incluye-soporte","status":"publish","type":"product","link":"https:\/\/compuviper.mx\/tienda\/producto\/epson-v11ha80021-videoproyector-laser-brightlink-760wi-interactivo-tiro-ultra-corto-4100-lumenes-no-incluye-soporte\/","title":{"rendered":"Epson V11ha80021 Videoproyector  Laser Brightlink 760wi, Interactivo Tiro Ultra Corto 4100 Lumenes No Incluye Soporte"},"content":{"rendered":"<table class=\"descripcion\">\n<tr>\n<td>Especificaciones<\/td>\n<\/tr>\n<tr>\n<td>Sistema de proyecci\u00f3n tecnolog\u00eda epson de 3 chips 3lcd<\/td>\n<\/tr>\n<tr>\n<td>M\u00e9todo de proyecci\u00f3n frontal \/ trasera \/ montaje techo<\/td>\n<\/tr>\n<tr>\n<td>M\u00e9todo de conducci\u00f3n matriz activa tft de polisilicio<\/td>\n<\/tr>\n<tr>\n<td>N\u00famero de pixeles 1.024.000 p\u00edxeles (1280 x 800) x 3<\/td>\n<\/tr>\n<tr>\n<td>Luminosidad del color\u00b2 salida de luz de colores: 4.100 l\u00famenes<\/td>\n<\/tr>\n<tr>\n<td>Luminosidad del blanco\u00b2 salida de luz blanca: 4100 l\u00famenes<\/td>\n<\/tr>\n<tr>\n<td>Relaci\u00f3n de aspecto nativo: 16:10 (wxga); compatibilidad con 4:3,<\/td>\n<\/tr>\n<tr>\n<td>16:9<\/td>\n<\/tr>\n<tr>\n<td>Resoluci\u00f3n nativa 1280 x 800 (wxga)<\/td>\n<\/tr>\n<tr>\n<td>Fuente de iluminaci\u00f3n l\u00e1ser<\/td>\n<\/tr>\n<tr>\n<td>Vida \u00fatil de la fuente de iluminaci\u00f3n4<\/td>\n<\/tr>\n<tr>\n<td> hasta 20.000 horas, modo<\/td>\n<\/tr>\n<tr>\n<td>Extendido: hasta 30.000 horas<\/td>\n<\/tr>\n<tr>\n<td>Tama\u00f1o de imagen (distancia de proyecci\u00f3n) con soporte<\/td>\n<\/tr>\n<tr>\n<td>Elpmb62: 68 \u0096 100 (15,4 \u0096 23,6) 16:10<\/td>\n<\/tr>\n<tr>\n<td>Correcci\u00f3n de keystone (manual) horizontal: \u00b1 3 grados; vertical: \u00b1<\/td>\n<\/tr>\n<tr>\n<td>3 grados<\/td>\n<\/tr>\n<tr>\n<td>Usb plugn play mac os\u00ae 10.8 \/10.9\/10.10\/10.11\/10.12\/ 10.13\/10.14\/<\/td>\n<\/tr>\n<tr>\n<td>Mac os\u00ae 10.15x<\/td>\n<\/tr>\n<tr>\n<td>Usb plugn play para windows\u00ae windows\u00ae 7\/windows\u00ae 8\/ windows\u00ae<\/td>\n<\/tr>\n<tr>\n<td>10, windows\u00ae 11<\/td>\n<\/tr>\n<tr>\n<td>Relaci\u00f3n de contraste hasta 2.500.000:1<\/td>\n<\/tr>\n<tr>\n<td>Reproducci\u00f3n del color hasta 1.070 mil millones de colores<\/td>\n<\/tr>\n<tr>\n<td>Lente de proyecci\u00f3n<\/td>\n<\/tr>\n<tr>\n<td>Tipo enfoque manual<\/td>\n<\/tr>\n<tr>\n<td>N\u00famero f 1,6<\/td>\n<\/tr>\n<tr>\n<td>Distancia focal 3,7 mm<\/td>\n<\/tr>\n<tr>\n<td>Relaci\u00f3n de tiro 0,27\u0096 0,37 (16:10)<\/td>\n<\/tr>\n<tr>\n<td>Relaci\u00f3n de zoom zoom digital 1,00 \u0096 1,35x<\/td>\n<\/tr>\n<tr>\n<td>Interfaces<\/td>\n<\/tr>\n<tr>\n<td>Hdmi\u00ae: 3x<\/td>\n<\/tr>\n<tr>\n<td>Rca video in (amarillo x 1)<\/td>\n<\/tr>\n<tr>\n<td>Stereo mini entrada de audio: 3x<\/td>\n<\/tr>\n<tr>\n<td>Stereo mini salida de audio: 1x<\/td>\n<\/tr>\n<tr>\n<td>Micr\u00f3fono entrada: 1x stereo mini<\/td>\n<\/tr>\n<tr>\n<td>1x usb tipo-a (1x memoria usb\/c\u00e1mara de documentos)<\/td>\n<\/tr>\n<tr>\n<td>(fuente 5 v, 2 a)<\/td>\n<\/tr>\n<tr>\n<td>2x usb tipo-b (usb display con audio e interactividad)<\/td>\n<\/tr>\n<tr>\n<td>Serial: 1x rs-232c<\/td>\n<\/tr>\n<tr>\n<td>Salida de monitor\/computadora: 1x d-sub 15 pin<\/td>\n<\/tr>\n<tr>\n<td>Computadora: 1x d-sub 15 pin<\/td>\n<\/tr>\n<tr>\n<td>Lan inal\u00e1mbrica integrada: 802,11b\/g\/n\/ac<\/td>\n<\/tr>\n<tr>\n<td>Sync. interactive stereo mini entrada<\/td>\n<\/tr>\n<tr>\n<td>Sync. interactive stereo mini salida<\/td>\n<\/tr>\n<tr>\n<td>Puerto de conexi\u00f3n de la unidad t\u00e1ctil<\/td>\n<\/tr>\n<tr>\n<td>Altavoz 16 w monoaural<\/td>\n<\/tr>\n<tr>\n<td>Temperatura de operaci\u00f3n 41 and #730;f a 104 and #730;f (0 and #730;c a 40 and #730;c)<\/td>\n<\/tr>\n<tr>\n<td>Fuente de poder 100 v \u0096 240 v \u00b110%, 50\/60 hz<\/td>\n<\/tr>\n<tr>\n<td>Energizaci\u00f3n autom\u00e1tica encendida se\u00f1al de detecci\u00f3n en<\/td>\n<\/tr>\n<tr>\n<td>Hdmi\u00ae\/detecci\u00f3n de plug-in (hdmi\u00ae, usb, vga de 15 pin)<\/td>\n<\/tr>\n<tr>\n<td>Modo de suspensi\u00f3n s\u00ed (con temporizador)<\/td>\n<\/tr>\n<tr>\n<td>Consumo de energ\u00eda<\/td>\n<\/tr>\n<tr>\n<td>Modo silencioso: 214 w<\/td>\n<\/tr>\n<tr>\n<td>Modo normal: 277 w<\/td>\n<\/tr>\n<tr>\n<td>En espera (comunicaci\u00f3n activada): 2,0 w<\/td>\n<\/tr>\n<tr>\n<td>En espera (comunicaci\u00f3n apagada): 0,5 w<\/td>\n<\/tr>\n<tr>\n<td>Ruido del ventilador modo silencioso: 27 db, modo normal: 37 db<\/td>\n<\/tr>\n<tr>\n<td>Serial 1x rs-232c<\/td>\n<\/tr>\n<tr>\n<td>Seguridad provisi\u00f3n de seguridad kensington, traba de seguridad,<\/td>\n<\/tr>\n<tr>\n<td>Funci\u00f3n de protecci\u00f3n con contrase\u00f1a<\/td>\n<\/tr>\n<tr>\n<td>Dimensiones (ancho x alto x profundidad)<\/td>\n<\/tr>\n<tr>\n<td>Pies exclu\u00eddos 14,1 x 15,6 x 5,3<\/td>\n<\/tr>\n<tr>\n<td>Peso 13,2 libras<\/td>\n<\/tr>\n<tr>\n<td>Contenido de la caja<\/td>\n<\/tr>\n<tr>\n<td>Proyector interactivo laser brightlink\u00ae 760wi, gu\u00eda de inicio r\u00e1pido,<\/td>\n<\/tr>\n<tr>\n<td>Cable de alimentaci\u00f3n de 6, cable usb a\/b de 16, control remoto del<\/td>\n<\/tr>\n<tr>\n<td>Proyector, 2x plumillas interactivas, 4 puntillas suaves para pluma, 2<\/td>\n<\/tr>\n<tr>\n<td>Puntillas r\u00edgidas para pluma, porta l\u00e1pices, 2 bater\u00edas aa (para<\/td>\n<\/tr>\n<tr>\n<td>Plumillas interactivas), 2 bater\u00edas aa (para control remoto), pies de<\/td>\n<\/tr>\n<tr>\n<td>Proyector, marcadores de esquina, imanes para marcadores de<\/td>\n<\/tr>\n<tr>\n<td>Esquina, clave de licencia de 1 a\u00f1o para el software brightlink\u00ae<\/td>\n<\/tr>\n<tr>\n<td>Goboard<\/td>\n<\/tr>\n<\/table>\n","protected":false},"excerpt":{"rendered":"<p>Interactividad y proyecci\u00f3n de im\u00e1genes f\u00e1ciles de leer para aulas colaborativas.<\/p>\n","protected":false},"featured_media":258587,"comment_status":"open","ping_status":"open","template":"","meta":[],"product_cat":[1843,1846],"product_tag":[1624],"acf":[],"yoast_head":"<!-- This site is optimized with the Yoast SEO plugin v21.7 - https:\/\/yoast.com\/wordpress\/plugins\/seo\/ -->\n<title>[ Epson ] &#129351; V11ha80021 Videoproyector Laser Brightlink 760wi, Interactivo Tiro Ultra Corto 4100 Lumenes No Incluye Soporte<\/title>\n<meta name=\"description\" content=\"Compra V11ha80021 Videoproyector Laser Brightlink 760wi, Interactivo Tiro Ultra Corto 4100 Lumenes No Incluye Soporte + Env\u00edo a domicilio + Pago seguro + Garant\u00eda\" \/>\n<meta name=\"robots\" content=\"index, follow, max-snippet:-1, max-image-preview:large, max-video-preview:-1\" \/>\n<link rel=\"canonical\" href=\"https:\/\/compuviper.mx\/tienda\/producto\/epson-v11ha80021-videoproyector-laser-brightlink-760wi-interactivo-tiro-ultra-corto-4100-lumenes-no-incluye-soporte\/\" \/>\n<meta property=\"og:locale\" content=\"es_MX\" \/>\n<meta property=\"og:type\" content=\"article\" \/>\n<meta property=\"og:title\" content=\"[ Epson ] &#129351; V11ha80021 Videoproyector Laser Brightlink 760wi, Interactivo Tiro Ultra Corto 4100 Lumenes No Incluye Soporte\" \/>\n<meta property=\"og:description\" content=\"Compra V11ha80021 Videoproyector Laser Brightlink 760wi, Interactivo Tiro Ultra Corto 4100 Lumenes No Incluye Soporte + Env\u00edo a domicilio + Pago seguro + Garant\u00eda\" \/>\n<meta property=\"og:url\" content=\"https:\/\/compuviper.mx\/tienda\/producto\/epson-v11ha80021-videoproyector-laser-brightlink-760wi-interactivo-tiro-ultra-corto-4100-lumenes-no-incluye-soporte\/\" \/>\n<meta property=\"og:site_name\" content=\"Compuviper\" \/>\n<meta property=\"article:publisher\" content=\"https:\/\/www.facebook.com\/compuviper\" \/>\n<meta property=\"og:image\" content=\"https:\/\/compuviper.mx\/tienda\/wp-content\/uploads\/2025\/10\/Videoproyector-epson-laser-brightlink-760wi-interactivo-tiro-ultra-corto-4100-lumenes-no-incluye-soporte.jpg\" \/>\n\t<meta property=\"og:image:width\" content=\"200\" \/>\n\t<meta property=\"og:image:height\" content=\"200\" \/>\n\t<meta property=\"og:image:type\" content=\"image\/jpeg\" \/>\n<meta name=\"twitter:card\" content=\"summary_large_image\" \/>\n<meta name=\"twitter:label1\" content=\"Precio\" \/>\n\t<meta name=\"twitter:data1\" content=\"&#36;35,713 con IVA\" \/>\n\t<meta name=\"twitter:label2\" content=\"Availability\" \/>\n\t<meta name=\"twitter:data2\" content=\"In stock\" \/>\n<script type=\"application\/ld+json\" class=\"yoast-schema-graph\">{\"@context\":\"https:\/\/schema.org\",\"@graph\":[{\"@type\":\"WebPage\",\"@id\":\"https:\/\/compuviper.mx\/tienda\/producto\/epson-v11ha80021-videoproyector-laser-brightlink-760wi-interactivo-tiro-ultra-corto-4100-lumenes-no-incluye-soporte\/\",\"url\":\"https:\/\/compuviper.mx\/tienda\/producto\/epson-v11ha80021-videoproyector-laser-brightlink-760wi-interactivo-tiro-ultra-corto-4100-lumenes-no-incluye-soporte\/\",\"name\":\"[ Epson ] &#129351; V11ha80021 Videoproyector Laser Brightlink 760wi, Interactivo Tiro Ultra Corto 4100 Lumenes No Incluye Soporte\",\"isPartOf\":{\"@id\":\"https:\/\/compuviper.mx\/tienda\/#website\"},\"datePublished\":\"2026-04-25T08:17:27+00:00\",\"dateModified\":\"2026-04-25T08:17:27+00:00\",\"description\":\"Compra V11ha80021 Videoproyector Laser Brightlink 760wi, Interactivo Tiro Ultra Corto 4100 Lumenes No Incluye Soporte + Env\u00edo a domicilio + Pago seguro + Garant\u00eda\",\"breadcrumb\":{\"@id\":\"https:\/\/compuviper.mx\/tienda\/producto\/epson-v11ha80021-videoproyector-laser-brightlink-760wi-interactivo-tiro-ultra-corto-4100-lumenes-no-incluye-soporte\/#breadcrumb\"},\"inLanguage\":\"es-MX\",\"potentialAction\":[{\"@type\":\"ReadAction\",\"target\":[\"https:\/\/compuviper.mx\/tienda\/producto\/epson-v11ha80021-videoproyector-laser-brightlink-760wi-interactivo-tiro-ultra-corto-4100-lumenes-no-incluye-soporte\/\"]}]},{\"@type\":\"BreadcrumbList\",\"@id\":\"https:\/\/compuviper.mx\/tienda\/producto\/epson-v11ha80021-videoproyector-laser-brightlink-760wi-interactivo-tiro-ultra-corto-4100-lumenes-no-incluye-soporte\/#breadcrumb\",\"itemListElement\":[{\"@type\":\"ListItem\",\"position\":1,\"name\":\"Inicio\",\"item\":\"https:\/\/compuviper.mx\/tienda\/\"},{\"@type\":\"ListItem\",\"position\":2,\"name\":\"Productos\",\"item\":\"https:\/\/compuviper.mx\/tienda\/productos\/\"},{\"@type\":\"ListItem\",\"position\":3,\"name\":\"Videoproyector\",\"item\":\"https:\/\/compuviper.mx\/tienda\/categoria-producto\/videoproyector\/\"},{\"@type\":\"ListItem\",\"position\":4,\"name\":\"Profesional\",\"item\":\"https:\/\/compuviper.mx\/tienda\/categoria-producto\/videoproyector\/profesional\/\"},{\"@type\":\"ListItem\",\"position\":5,\"name\":\"Epson V11ha80021 Videoproyector Laser Brightlink 760wi, Interactivo Tiro Ultra Corto 4100 Lumenes No Incluye Soporte\"}]},{\"@type\":\"WebSite\",\"@id\":\"https:\/\/compuviper.mx\/tienda\/#website\",\"url\":\"https:\/\/compuviper.mx\/tienda\/\",\"name\":\"Compuviper\",\"description\":\"Proveedor de Computadoras, Laptops, Servidores, Monitores, Puntos de Venta, Teclados,   Impresoras, T\u00f3ner, C\u00e1maras de Seguridad y m\u00e1s en tu tienda en l\u00ednea\",\"publisher\":{\"@id\":\"https:\/\/compuviper.mx\/tienda\/#organization\"},\"potentialAction\":[{\"@type\":\"SearchAction\",\"target\":{\"@type\":\"EntryPoint\",\"urlTemplate\":\"https:\/\/compuviper.mx\/tienda\/?s={search_term_string}\"},\"query-input\":\"required name=search_term_string\"}],\"inLanguage\":\"es-MX\"},{\"@type\":\"Organization\",\"@id\":\"https:\/\/compuviper.mx\/tienda\/#organization\",\"name\":\"Compuviper\",\"url\":\"https:\/\/compuviper.mx\/tienda\/\",\"logo\":{\"@type\":\"ImageObject\",\"inLanguage\":\"es-MX\",\"@id\":\"https:\/\/compuviper.mx\/tienda\/#\/schema\/logo\/image\/\",\"url\":\"https:\/\/compuviper.mx\/tienda\/wp-content\/uploads\/2021\/08\/Logo-Compuviper-10.png\",\"contentUrl\":\"https:\/\/compuviper.mx\/tienda\/wp-content\/uploads\/2021\/08\/Logo-Compuviper-10.png\",\"width\":1000,\"height\":500,\"caption\":\"Compuviper\"},\"image\":{\"@id\":\"https:\/\/compuviper.mx\/tienda\/#\/schema\/logo\/image\/\"},\"sameAs\":[\"https:\/\/www.facebook.com\/compuviper\",\"https:\/\/www.youtube.com\/channel\/UCf73dERp9Y3cfOq7q8BhLjA?view_as=subscriber\"]}]}<\/script>\n<meta property=\"product:brand\" content=\"EPSON\" \/>\n<meta property=\"product:price:amount\" content=\"35713\" \/>\n<meta property=\"product:price:currency\" content=\"MXN\" \/>\n<meta property=\"og:availability\" content=\"instock\" \/>\n<meta property=\"product:availability\" content=\"instock\" \/>\n<meta property=\"product:retailer_item_id\" content=\"V11HA80021\" \/>\n<meta property=\"product:condition\" content=\"new\" \/>\n<!-- \/ Yoast SEO plugin. -->","yoast_head_json":{"title":"[ Epson ] &#129351; V11ha80021 Videoproyector Laser Brightlink 760wi, Interactivo Tiro Ultra Corto 4100 Lumenes No Incluye Soporte","description":"Compra V11ha80021 Videoproyector Laser Brightlink 760wi, Interactivo Tiro Ultra Corto 4100 Lumenes No Incluye Soporte + Env\u00edo a domicilio + Pago seguro + Garant\u00eda","robots":{"index":"index","follow":"follow","max-snippet":"max-snippet:-1","max-image-preview":"max-image-preview:large","max-video-preview":"max-video-preview:-1"},"canonical":"https:\/\/compuviper.mx\/tienda\/producto\/epson-v11ha80021-videoproyector-laser-brightlink-760wi-interactivo-tiro-ultra-corto-4100-lumenes-no-incluye-soporte\/","og_locale":"es_MX","og_type":"article","og_title":"[ Epson ] &#129351; V11ha80021 Videoproyector Laser Brightlink 760wi, Interactivo Tiro Ultra Corto 4100 Lumenes No Incluye Soporte","og_description":"Compra V11ha80021 Videoproyector Laser Brightlink 760wi, Interactivo Tiro Ultra Corto 4100 Lumenes No Incluye Soporte + Env\u00edo a domicilio + Pago seguro + Garant\u00eda","og_url":"https:\/\/compuviper.mx\/tienda\/producto\/epson-v11ha80021-videoproyector-laser-brightlink-760wi-interactivo-tiro-ultra-corto-4100-lumenes-no-incluye-soporte\/","og_site_name":"Compuviper","article_publisher":"https:\/\/www.facebook.com\/compuviper","og_image":[{"width":200,"height":200,"url":"https:\/\/compuviper.mx\/tienda\/wp-content\/uploads\/2025\/10\/Videoproyector-epson-laser-brightlink-760wi-interactivo-tiro-ultra-corto-4100-lumenes-no-incluye-soporte.jpg","type":"image\/jpeg"}],"twitter_card":"summary_large_image","twitter_misc":{"Precio":"&#36;35,713 con IVA","Availability":"In stock"},"schema":{"@context":"https:\/\/schema.org","@graph":[{"@type":"WebPage","@id":"https:\/\/compuviper.mx\/tienda\/producto\/epson-v11ha80021-videoproyector-laser-brightlink-760wi-interactivo-tiro-ultra-corto-4100-lumenes-no-incluye-soporte\/","url":"https:\/\/compuviper.mx\/tienda\/producto\/epson-v11ha80021-videoproyector-laser-brightlink-760wi-interactivo-tiro-ultra-corto-4100-lumenes-no-incluye-soporte\/","name":"[ Epson ] &#129351; V11ha80021 Videoproyector Laser Brightlink 760wi, Interactivo Tiro Ultra Corto 4100 Lumenes No Incluye Soporte","isPartOf":{"@id":"https:\/\/compuviper.mx\/tienda\/#website"},"datePublished":"2026-04-25T08:17:27+00:00","dateModified":"2026-04-25T08:17:27+00:00","description":"Compra V11ha80021 Videoproyector Laser Brightlink 760wi, Interactivo Tiro Ultra Corto 4100 Lumenes No Incluye Soporte + Env\u00edo a domicilio + Pago seguro + Garant\u00eda","breadcrumb":{"@id":"https:\/\/compuviper.mx\/tienda\/producto\/epson-v11ha80021-videoproyector-laser-brightlink-760wi-interactivo-tiro-ultra-corto-4100-lumenes-no-incluye-soporte\/#breadcrumb"},"inLanguage":"es-MX","potentialAction":[{"@type":"ReadAction","target":["https:\/\/compuviper.mx\/tienda\/producto\/epson-v11ha80021-videoproyector-laser-brightlink-760wi-interactivo-tiro-ultra-corto-4100-lumenes-no-incluye-soporte\/"]}]},{"@type":"BreadcrumbList","@id":"https:\/\/compuviper.mx\/tienda\/producto\/epson-v11ha80021-videoproyector-laser-brightlink-760wi-interactivo-tiro-ultra-corto-4100-lumenes-no-incluye-soporte\/#breadcrumb","itemListElement":[{"@type":"ListItem","position":1,"name":"Inicio","item":"https:\/\/compuviper.mx\/tienda\/"},{"@type":"ListItem","position":2,"name":"Productos","item":"https:\/\/compuviper.mx\/tienda\/productos\/"},{"@type":"ListItem","position":3,"name":"Videoproyector","item":"https:\/\/compuviper.mx\/tienda\/categoria-producto\/videoproyector\/"},{"@type":"ListItem","position":4,"name":"Profesional","item":"https:\/\/compuviper.mx\/tienda\/categoria-producto\/videoproyector\/profesional\/"},{"@type":"ListItem","position":5,"name":"Epson V11ha80021 Videoproyector Laser Brightlink 760wi, Interactivo Tiro Ultra Corto 4100 Lumenes No Incluye Soporte"}]},{"@type":"WebSite","@id":"https:\/\/compuviper.mx\/tienda\/#website","url":"https:\/\/compuviper.mx\/tienda\/","name":"Compuviper","description":"Proveedor de Computadoras, Laptops, Servidores, Monitores, Puntos de Venta, Teclados,   Impresoras, T\u00f3ner, C\u00e1maras de Seguridad y m\u00e1s en tu tienda en l\u00ednea","publisher":{"@id":"https:\/\/compuviper.mx\/tienda\/#organization"},"potentialAction":[{"@type":"SearchAction","target":{"@type":"EntryPoint","urlTemplate":"https:\/\/compuviper.mx\/tienda\/?s={search_term_string}"},"query-input":"required name=search_term_string"}],"inLanguage":"es-MX"},{"@type":"Organization","@id":"https:\/\/compuviper.mx\/tienda\/#organization","name":"Compuviper","url":"https:\/\/compuviper.mx\/tienda\/","logo":{"@type":"ImageObject","inLanguage":"es-MX","@id":"https:\/\/compuviper.mx\/tienda\/#\/schema\/logo\/image\/","url":"https:\/\/compuviper.mx\/tienda\/wp-content\/uploads\/2021\/08\/Logo-Compuviper-10.png","contentUrl":"https:\/\/compuviper.mx\/tienda\/wp-content\/uploads\/2021\/08\/Logo-Compuviper-10.png","width":1000,"height":500,"caption":"Compuviper"},"image":{"@id":"https:\/\/compuviper.mx\/tienda\/#\/schema\/logo\/image\/"},"sameAs":["https:\/\/www.facebook.com\/compuviper","https:\/\/www.youtube.com\/channel\/UCf73dERp9Y3cfOq7q8BhLjA?view_as=subscriber"]}]},"product_brand":"EPSON","product_price_amount":"35713","product_price_currency":"MXN","og_availability":"instock","product_availability":"instock","product_retailer_item_id":"V11HA80021","product_condition":"new"},"_links":{"self":[{"href":"https:\/\/compuviper.mx\/tienda\/wp-json\/wp\/v2\/product\/246942"}],"collection":[{"href":"https:\/\/compuviper.mx\/tienda\/wp-json\/wp\/v2\/product"}],"about":[{"href":"https:\/\/compuviper.mx\/tienda\/wp-json\/wp\/v2\/types\/product"}],"replies":[{"embeddable":true,"href":"https:\/\/compuviper.mx\/tienda\/wp-json\/wp\/v2\/comments?post=246942"}],"wp:featuredmedia":[{"embeddable":true,"href":"https:\/\/compuviper.mx\/tienda\/wp-json\/wp\/v2\/media\/258587"}],"wp:attachment":[{"href":"https:\/\/compuviper.mx\/tienda\/wp-json\/wp\/v2\/media?parent=246942"}],"wp:term":[{"taxonomy":"product_cat","embeddable":true,"href":"https:\/\/compuviper.mx\/tienda\/wp-json\/wp\/v2\/product_cat?post=246942"},{"taxonomy":"product_tag","embeddable":true,"href":"https:\/\/compuviper.mx\/tienda\/wp-json\/wp\/v2\/product_tag?post=246942"}],"curies":[{"name":"wp","href":"https:\/\/api.w.org\/{rel}","templated":true}]}}