{"id":246941,"date":"2026-04-25T02:17:26","date_gmt":"2026-04-25T08:17:26","guid":{"rendered":"https:\/\/compuviper.mx\/tienda\/producto\/epson-v11ha78021-videoproyector-laser-interactivo-de-tiro-ultra-corto-brightlink-770fi-4100-lumenes-no-incluye-soporte\/"},"modified":"2026-04-25T02:17:27","modified_gmt":"2026-04-25T08:17:27","slug":"epson-v11ha78021010343975538-videoproyector-laser-interactivo-de-tiro-ultra-corto-brightlink-770fi-4100-lumenes-no-incluye-soporte","status":"publish","type":"product","link":"https:\/\/compuviper.mx\/tienda\/producto\/epson-v11ha78021010343975538-videoproyector-laser-interactivo-de-tiro-ultra-corto-brightlink-770fi-4100-lumenes-no-incluye-soporte\/","title":{"rendered":"Epson V11ha78021,010343975538 Videoproyector  Laser Interactivo De Tiro Ultra Corto Brightlink 770fi 4100 Lumenes No Incluye Soporte"},"content":{"rendered":"<table class=\"descripcion\">\n<tr>\n<td>Especificaciones tecnicas<\/td>\n<\/tr>\n<tr>\n<td>Sistema de proyecci\u00f3n tecnolog\u00eda epson de 3 chips 3lcd<\/td>\n<\/tr>\n<tr>\n<td>M\u00e9todo de proyecci\u00f3n frontal\/trasero\/montaje en pared\/montaje en<\/td>\n<\/tr>\n<tr>\n<td>Mesa<\/td>\n<\/tr>\n<tr>\n<td>M\u00e9todo de conducci\u00f3n matriz activa tft de polisilicio<\/td>\n<\/tr>\n<tr>\n<td>N\u00famero de pixeles 2.073.600 pixeles (1920 x 1080) x 3<\/td>\n<\/tr>\n<tr>\n<td>Luminosidad del color\u00b9 salida de luz de colores: 4.100 l\u00famenes<\/td>\n<\/tr>\n<tr>\n<td>Luminosidad del blanco\u00b9 salida de luz blanca: 4.100 l\u00famenes<\/td>\n<\/tr>\n<tr>\n<td>Relaci\u00f3n de aspecto nativa 16:9, relaciones de aspecto admitidas:<\/td>\n<\/tr>\n<tr>\n<td>4:3, 16:10,21:9<\/td>\n<\/tr>\n<tr>\n<td>Resoluci\u00f3n nativa 1920 x 1080 (1080p hd)<\/td>\n<\/tr>\n<tr>\n<td>Lcd 0,62<\/td>\n<\/tr>\n<tr>\n<td>Fuente de iluminaci\u00f3n diodo l\u00e1ser<\/td>\n<\/tr>\n<tr>\n<td>Vida \u00fatil de la fuente de iluminaci\u00f3n2<\/td>\n<\/tr>\n<tr>\n<td> hasta 20.000 horas<\/td>\n<\/tr>\n<tr>\n<td>Modo extendido: hasta 30.000 horas<\/td>\n<\/tr>\n<tr>\n<td>Tama\u00f1o de imagen (distancia de proyecci\u00f3n)<\/td>\n<\/tr>\n<tr>\n<td>Con soporte elpmb62:<\/td>\n<\/tr>\n<tr>\n<td>59,9 &#8211; 100,0 [32,5 cm &#8211; 57,7 cm]<\/td>\n<\/tr>\n<tr>\n<td>55,4 &#8211; 100,0 [32,5 cm &#8211; 71,8 cm]<\/td>\n<\/tr>\n<tr>\n<td>48,9 &#8211; 100,0 [32,5 cm &#8211; 62,8 cm]<\/td>\n<\/tr>\n<tr>\n<td>55,7 &#8211; 110,0 [32,5 cm &#8211; 69,2 cm]<\/td>\n<\/tr>\n<tr>\n<td>56,8 &#8211; 110,0 [32,5 cm &#8211; 67,8 cm]<\/td>\n<\/tr>\n<tr>\n<td>Correcci\u00f3n de keystone (manual) horizontal: \u00b1 3 grados; vertical: \u00b1<\/td>\n<\/tr>\n<tr>\n<td>3 grados<\/td>\n<\/tr>\n<tr>\n<td>Usb plugn play mac os\u00ae 10.8 \/10.9\/10.10\/10.11\/10.12\/ 10.13\/10.14\/<\/td>\n<\/tr>\n<tr>\n<td>Mac os\u00ae 10.15.x, 11.0\/12.0<\/td>\n<\/tr>\n<tr>\n<td>Usb plugn play para windows\u00ae windows\u00ae 7\/windows\u00ae 8\/ windows\u00ae<\/td>\n<\/tr>\n<tr>\n<td>10, windows\u00ae 11<\/td>\n<\/tr>\n<tr>\n<td>Relaci\u00f3n de contraste hasta 2.500.000:1<\/td>\n<\/tr>\n<tr>\n<td>Reproducci\u00f3n del color hasta 1.070 mil millones de colores<\/td>\n<\/tr>\n<tr>\n<td>Tipo enfoque manual<\/td>\n<\/tr>\n<tr>\n<td>N\u00famero f 1,6<\/td>\n<\/tr>\n<tr>\n<td>Distancia focal 3,7 mm<\/td>\n<\/tr>\n<tr>\n<td>Relaci\u00f3n de tiro 0,25\u0096 0,35<\/td>\n<\/tr>\n<tr>\n<td>Relaci\u00f3n de zoom zoom digital 1,00 \u0096 1,35x<\/td>\n<\/tr>\n<tr>\n<td>Interfaces<\/td>\n<\/tr>\n<tr>\n<td>Hdmi\u00ae: 3x<\/td>\n<\/tr>\n<tr>\n<td>Rca video in (amarillo x 1)<\/td>\n<\/tr>\n<tr>\n<td>Stereo mini entrada de audio: 3x<\/td>\n<\/tr>\n<tr>\n<td>Stereo mini salida de audio: 1x stereo mini<\/td>\n<\/tr>\n<tr>\n<td>Micr\u00f3fono entrada: 1x stereo mini<\/td>\n<\/tr>\n<tr>\n<td>1x tipo usb-a (fuente 5 v, 2 a)<\/td>\n<\/tr>\n<tr>\n<td>2x tipo usb-b (usb display con audio e interactividad)<\/td>\n<\/tr>\n<tr>\n<td>Serial: 1x rs-232c<\/td>\n<\/tr>\n<tr>\n<td>Salida de monitor\/computadora: 1x d-sub 15 pin<\/td>\n<\/tr>\n<tr>\n<td>Computadora: 1x d-sub 15 pin<\/td>\n<\/tr>\n<tr>\n<td>Lan inal\u00e1mbrica integrada: 802,11b\/g\/n\/ac<\/td>\n<\/tr>\n<tr>\n<td>Sync. interactive stereo mini entrada<\/td>\n<\/tr>\n<tr>\n<td>Sync. interactive stereo mini salida<\/td>\n<\/tr>\n<tr>\n<td>Puerto de conexi\u00f3n de la unidad t\u00e1ctil<\/td>\n<\/tr>\n<tr>\n<td>Dimensiones (ancho x alto x profundidad)<\/td>\n<\/tr>\n<tr>\n<td>Pies exclu\u00eddos 14,1 x 15,6 x 5,3<\/td>\n<\/tr>\n<tr>\n<td>Peso 13,2 libras<\/td>\n<\/tr>\n<\/table>\n","protected":false},"excerpt":{"rendered":"<p>Incre\u00edble calidad de imagen: resoluci\u00f3n full hd 1080p para una claridad y. Legibilidad sorprendentes.<\/p>\n","protected":false},"featured_media":258586,"comment_status":"open","ping_status":"open","template":"","meta":[],"product_cat":[1843,1846],"product_tag":[1624],"acf":[],"yoast_head":"<!-- This site is optimized with the Yoast SEO plugin v21.7 - https:\/\/yoast.com\/wordpress\/plugins\/seo\/ -->\n<title>[ Epson ] &#129351; V11ha78021,010343975538 Videoproyector Laser Interactivo De Tiro Ultra Corto Brightlink 770fi 4100 Lumenes No Incluye Soporte<\/title>\n<meta name=\"description\" content=\"Compra V11ha78021,010343975538 Videoproyector Laser Interactivo De Tiro Ultra Corto Brightlink 770fi 4100 Lumenes No Incluye Soporte + Env\u00edo a domicilio + Pago seguro + Garant\u00eda\" \/>\n<meta name=\"robots\" content=\"index, follow, max-snippet:-1, max-image-preview:large, max-video-preview:-1\" \/>\n<link rel=\"canonical\" href=\"https:\/\/compuviper.mx\/tienda\/producto\/epson-v11ha78021010343975538-videoproyector-laser-interactivo-de-tiro-ultra-corto-brightlink-770fi-4100-lumenes-no-incluye-soporte\/\" \/>\n<meta property=\"og:locale\" content=\"es_MX\" \/>\n<meta property=\"og:type\" content=\"article\" \/>\n<meta property=\"og:title\" content=\"[ Epson ] &#129351; V11ha78021,010343975538 Videoproyector Laser Interactivo De Tiro Ultra Corto Brightlink 770fi 4100 Lumenes No Incluye Soporte\" \/>\n<meta property=\"og:description\" content=\"Compra V11ha78021,010343975538 Videoproyector Laser Interactivo De Tiro Ultra Corto Brightlink 770fi 4100 Lumenes No Incluye Soporte + Env\u00edo a domicilio + Pago seguro + Garant\u00eda\" \/>\n<meta property=\"og:url\" content=\"https:\/\/compuviper.mx\/tienda\/producto\/epson-v11ha78021010343975538-videoproyector-laser-interactivo-de-tiro-ultra-corto-brightlink-770fi-4100-lumenes-no-incluye-soporte\/\" \/>\n<meta property=\"og:site_name\" content=\"Compuviper\" \/>\n<meta property=\"article:publisher\" content=\"https:\/\/www.facebook.com\/compuviper\" \/>\n<meta property=\"article:modified_time\" content=\"2026-04-25T08:17:27+00:00\" \/>\n<meta property=\"og:image\" content=\"https:\/\/compuviper.mx\/tienda\/wp-content\/uploads\/2025\/10\/Videoproyector-epson-laser-interactivo-de-tiro-ultra-corto-brightlink-770fi-4100-lumenes-no-incluye-soporte.jpg\" \/>\n\t<meta property=\"og:image:width\" content=\"200\" \/>\n\t<meta property=\"og:image:height\" content=\"200\" \/>\n\t<meta property=\"og:image:type\" content=\"image\/jpeg\" \/>\n<meta name=\"twitter:card\" content=\"summary_large_image\" \/>\n<meta name=\"twitter:label1\" content=\"Precio\" \/>\n\t<meta name=\"twitter:data1\" content=\"&#36;44,040 con IVA\" \/>\n\t<meta name=\"twitter:label2\" content=\"Availability\" \/>\n\t<meta name=\"twitter:data2\" content=\"In stock\" \/>\n<script type=\"application\/ld+json\" class=\"yoast-schema-graph\">{\"@context\":\"https:\/\/schema.org\",\"@graph\":[{\"@type\":\"WebPage\",\"@id\":\"https:\/\/compuviper.mx\/tienda\/producto\/epson-v11ha78021010343975538-videoproyector-laser-interactivo-de-tiro-ultra-corto-brightlink-770fi-4100-lumenes-no-incluye-soporte\/\",\"url\":\"https:\/\/compuviper.mx\/tienda\/producto\/epson-v11ha78021010343975538-videoproyector-laser-interactivo-de-tiro-ultra-corto-brightlink-770fi-4100-lumenes-no-incluye-soporte\/\",\"name\":\"[ Epson ] &#129351; V11ha78021,010343975538 Videoproyector Laser Interactivo De Tiro Ultra Corto Brightlink 770fi 4100 Lumenes No Incluye Soporte\",\"isPartOf\":{\"@id\":\"https:\/\/compuviper.mx\/tienda\/#website\"},\"datePublished\":\"2026-04-25T08:17:26+00:00\",\"dateModified\":\"2026-04-25T08:17:27+00:00\",\"description\":\"Compra V11ha78021,010343975538 Videoproyector Laser Interactivo De Tiro Ultra Corto Brightlink 770fi 4100 Lumenes No Incluye Soporte + Env\u00edo a domicilio + Pago seguro + Garant\u00eda\",\"breadcrumb\":{\"@id\":\"https:\/\/compuviper.mx\/tienda\/producto\/epson-v11ha78021010343975538-videoproyector-laser-interactivo-de-tiro-ultra-corto-brightlink-770fi-4100-lumenes-no-incluye-soporte\/#breadcrumb\"},\"inLanguage\":\"es-MX\",\"potentialAction\":[{\"@type\":\"ReadAction\",\"target\":[\"https:\/\/compuviper.mx\/tienda\/producto\/epson-v11ha78021010343975538-videoproyector-laser-interactivo-de-tiro-ultra-corto-brightlink-770fi-4100-lumenes-no-incluye-soporte\/\"]}]},{\"@type\":\"BreadcrumbList\",\"@id\":\"https:\/\/compuviper.mx\/tienda\/producto\/epson-v11ha78021010343975538-videoproyector-laser-interactivo-de-tiro-ultra-corto-brightlink-770fi-4100-lumenes-no-incluye-soporte\/#breadcrumb\",\"itemListElement\":[{\"@type\":\"ListItem\",\"position\":1,\"name\":\"Inicio\",\"item\":\"https:\/\/compuviper.mx\/tienda\/\"},{\"@type\":\"ListItem\",\"position\":2,\"name\":\"Productos\",\"item\":\"https:\/\/compuviper.mx\/tienda\/productos\/\"},{\"@type\":\"ListItem\",\"position\":3,\"name\":\"Videoproyector\",\"item\":\"https:\/\/compuviper.mx\/tienda\/categoria-producto\/videoproyector\/\"},{\"@type\":\"ListItem\",\"position\":4,\"name\":\"Profesional\",\"item\":\"https:\/\/compuviper.mx\/tienda\/categoria-producto\/videoproyector\/profesional\/\"},{\"@type\":\"ListItem\",\"position\":5,\"name\":\"Epson V11ha78021,010343975538 Videoproyector Laser Interactivo De Tiro Ultra Corto Brightlink 770fi 4100 Lumenes No Incluye Soporte\"}]},{\"@type\":\"WebSite\",\"@id\":\"https:\/\/compuviper.mx\/tienda\/#website\",\"url\":\"https:\/\/compuviper.mx\/tienda\/\",\"name\":\"Compuviper\",\"description\":\"Proveedor de Computadoras, Laptops, Servidores, Monitores, Puntos de Venta, Teclados,   Impresoras, T\u00f3ner, C\u00e1maras de Seguridad y m\u00e1s en tu tienda en l\u00ednea\",\"publisher\":{\"@id\":\"https:\/\/compuviper.mx\/tienda\/#organization\"},\"potentialAction\":[{\"@type\":\"SearchAction\",\"target\":{\"@type\":\"EntryPoint\",\"urlTemplate\":\"https:\/\/compuviper.mx\/tienda\/?s={search_term_string}\"},\"query-input\":\"required name=search_term_string\"}],\"inLanguage\":\"es-MX\"},{\"@type\":\"Organization\",\"@id\":\"https:\/\/compuviper.mx\/tienda\/#organization\",\"name\":\"Compuviper\",\"url\":\"https:\/\/compuviper.mx\/tienda\/\",\"logo\":{\"@type\":\"ImageObject\",\"inLanguage\":\"es-MX\",\"@id\":\"https:\/\/compuviper.mx\/tienda\/#\/schema\/logo\/image\/\",\"url\":\"https:\/\/compuviper.mx\/tienda\/wp-content\/uploads\/2021\/08\/Logo-Compuviper-10.png\",\"contentUrl\":\"https:\/\/compuviper.mx\/tienda\/wp-content\/uploads\/2021\/08\/Logo-Compuviper-10.png\",\"width\":1000,\"height\":500,\"caption\":\"Compuviper\"},\"image\":{\"@id\":\"https:\/\/compuviper.mx\/tienda\/#\/schema\/logo\/image\/\"},\"sameAs\":[\"https:\/\/www.facebook.com\/compuviper\",\"https:\/\/www.youtube.com\/channel\/UCf73dERp9Y3cfOq7q8BhLjA?view_as=subscriber\"]}]}<\/script>\n<meta property=\"product:brand\" content=\"EPSON\" \/>\n<meta property=\"product:price:amount\" content=\"44040\" \/>\n<meta property=\"product:price:currency\" content=\"MXN\" \/>\n<meta property=\"og:availability\" content=\"instock\" \/>\n<meta property=\"product:availability\" content=\"instock\" \/>\n<meta property=\"product:retailer_item_id\" content=\"V11HA78021,010343975538\" \/>\n<meta property=\"product:condition\" content=\"new\" \/>\n<!-- \/ Yoast SEO plugin. -->","yoast_head_json":{"title":"[ Epson ] &#129351; V11ha78021,010343975538 Videoproyector Laser Interactivo De Tiro Ultra Corto Brightlink 770fi 4100 Lumenes No Incluye Soporte","description":"Compra V11ha78021,010343975538 Videoproyector Laser Interactivo De Tiro Ultra Corto Brightlink 770fi 4100 Lumenes No Incluye Soporte + Env\u00edo a domicilio + Pago seguro + Garant\u00eda","robots":{"index":"index","follow":"follow","max-snippet":"max-snippet:-1","max-image-preview":"max-image-preview:large","max-video-preview":"max-video-preview:-1"},"canonical":"https:\/\/compuviper.mx\/tienda\/producto\/epson-v11ha78021010343975538-videoproyector-laser-interactivo-de-tiro-ultra-corto-brightlink-770fi-4100-lumenes-no-incluye-soporte\/","og_locale":"es_MX","og_type":"article","og_title":"[ Epson ] &#129351; V11ha78021,010343975538 Videoproyector Laser Interactivo De Tiro Ultra Corto Brightlink 770fi 4100 Lumenes No Incluye Soporte","og_description":"Compra V11ha78021,010343975538 Videoproyector Laser Interactivo De Tiro Ultra Corto Brightlink 770fi 4100 Lumenes No Incluye Soporte + Env\u00edo a domicilio + Pago seguro + Garant\u00eda","og_url":"https:\/\/compuviper.mx\/tienda\/producto\/epson-v11ha78021010343975538-videoproyector-laser-interactivo-de-tiro-ultra-corto-brightlink-770fi-4100-lumenes-no-incluye-soporte\/","og_site_name":"Compuviper","article_publisher":"https:\/\/www.facebook.com\/compuviper","article_modified_time":"2026-04-25T08:17:27+00:00","og_image":[{"width":200,"height":200,"url":"https:\/\/compuviper.mx\/tienda\/wp-content\/uploads\/2025\/10\/Videoproyector-epson-laser-interactivo-de-tiro-ultra-corto-brightlink-770fi-4100-lumenes-no-incluye-soporte.jpg","type":"image\/jpeg"}],"twitter_card":"summary_large_image","twitter_misc":{"Precio":"&#36;44,040 con IVA","Availability":"In stock"},"schema":{"@context":"https:\/\/schema.org","@graph":[{"@type":"WebPage","@id":"https:\/\/compuviper.mx\/tienda\/producto\/epson-v11ha78021010343975538-videoproyector-laser-interactivo-de-tiro-ultra-corto-brightlink-770fi-4100-lumenes-no-incluye-soporte\/","url":"https:\/\/compuviper.mx\/tienda\/producto\/epson-v11ha78021010343975538-videoproyector-laser-interactivo-de-tiro-ultra-corto-brightlink-770fi-4100-lumenes-no-incluye-soporte\/","name":"[ Epson ] &#129351; V11ha78021,010343975538 Videoproyector Laser Interactivo De Tiro Ultra Corto Brightlink 770fi 4100 Lumenes No Incluye Soporte","isPartOf":{"@id":"https:\/\/compuviper.mx\/tienda\/#website"},"datePublished":"2026-04-25T08:17:26+00:00","dateModified":"2026-04-25T08:17:27+00:00","description":"Compra V11ha78021,010343975538 Videoproyector Laser Interactivo De Tiro Ultra Corto Brightlink 770fi 4100 Lumenes No Incluye Soporte + Env\u00edo a domicilio + Pago seguro + Garant\u00eda","breadcrumb":{"@id":"https:\/\/compuviper.mx\/tienda\/producto\/epson-v11ha78021010343975538-videoproyector-laser-interactivo-de-tiro-ultra-corto-brightlink-770fi-4100-lumenes-no-incluye-soporte\/#breadcrumb"},"inLanguage":"es-MX","potentialAction":[{"@type":"ReadAction","target":["https:\/\/compuviper.mx\/tienda\/producto\/epson-v11ha78021010343975538-videoproyector-laser-interactivo-de-tiro-ultra-corto-brightlink-770fi-4100-lumenes-no-incluye-soporte\/"]}]},{"@type":"BreadcrumbList","@id":"https:\/\/compuviper.mx\/tienda\/producto\/epson-v11ha78021010343975538-videoproyector-laser-interactivo-de-tiro-ultra-corto-brightlink-770fi-4100-lumenes-no-incluye-soporte\/#breadcrumb","itemListElement":[{"@type":"ListItem","position":1,"name":"Inicio","item":"https:\/\/compuviper.mx\/tienda\/"},{"@type":"ListItem","position":2,"name":"Productos","item":"https:\/\/compuviper.mx\/tienda\/productos\/"},{"@type":"ListItem","position":3,"name":"Videoproyector","item":"https:\/\/compuviper.mx\/tienda\/categoria-producto\/videoproyector\/"},{"@type":"ListItem","position":4,"name":"Profesional","item":"https:\/\/compuviper.mx\/tienda\/categoria-producto\/videoproyector\/profesional\/"},{"@type":"ListItem","position":5,"name":"Epson V11ha78021,010343975538 Videoproyector Laser Interactivo De Tiro Ultra Corto Brightlink 770fi 4100 Lumenes No Incluye Soporte"}]},{"@type":"WebSite","@id":"https:\/\/compuviper.mx\/tienda\/#website","url":"https:\/\/compuviper.mx\/tienda\/","name":"Compuviper","description":"Proveedor de Computadoras, Laptops, Servidores, Monitores, Puntos de Venta, Teclados,   Impresoras, T\u00f3ner, C\u00e1maras de Seguridad y m\u00e1s en tu tienda en l\u00ednea","publisher":{"@id":"https:\/\/compuviper.mx\/tienda\/#organization"},"potentialAction":[{"@type":"SearchAction","target":{"@type":"EntryPoint","urlTemplate":"https:\/\/compuviper.mx\/tienda\/?s={search_term_string}"},"query-input":"required name=search_term_string"}],"inLanguage":"es-MX"},{"@type":"Organization","@id":"https:\/\/compuviper.mx\/tienda\/#organization","name":"Compuviper","url":"https:\/\/compuviper.mx\/tienda\/","logo":{"@type":"ImageObject","inLanguage":"es-MX","@id":"https:\/\/compuviper.mx\/tienda\/#\/schema\/logo\/image\/","url":"https:\/\/compuviper.mx\/tienda\/wp-content\/uploads\/2021\/08\/Logo-Compuviper-10.png","contentUrl":"https:\/\/compuviper.mx\/tienda\/wp-content\/uploads\/2021\/08\/Logo-Compuviper-10.png","width":1000,"height":500,"caption":"Compuviper"},"image":{"@id":"https:\/\/compuviper.mx\/tienda\/#\/schema\/logo\/image\/"},"sameAs":["https:\/\/www.facebook.com\/compuviper","https:\/\/www.youtube.com\/channel\/UCf73dERp9Y3cfOq7q8BhLjA?view_as=subscriber"]}]},"product_brand":"EPSON","product_price_amount":"44040","product_price_currency":"MXN","og_availability":"instock","product_availability":"instock","product_retailer_item_id":"V11HA78021,010343975538","product_condition":"new"},"_links":{"self":[{"href":"https:\/\/compuviper.mx\/tienda\/wp-json\/wp\/v2\/product\/246941"}],"collection":[{"href":"https:\/\/compuviper.mx\/tienda\/wp-json\/wp\/v2\/product"}],"about":[{"href":"https:\/\/compuviper.mx\/tienda\/wp-json\/wp\/v2\/types\/product"}],"replies":[{"embeddable":true,"href":"https:\/\/compuviper.mx\/tienda\/wp-json\/wp\/v2\/comments?post=246941"}],"wp:featuredmedia":[{"embeddable":true,"href":"https:\/\/compuviper.mx\/tienda\/wp-json\/wp\/v2\/media\/258586"}],"wp:attachment":[{"href":"https:\/\/compuviper.mx\/tienda\/wp-json\/wp\/v2\/media?parent=246941"}],"wp:term":[{"taxonomy":"product_cat","embeddable":true,"href":"https:\/\/compuviper.mx\/tienda\/wp-json\/wp\/v2\/product_cat?post=246941"},{"taxonomy":"product_tag","embeddable":true,"href":"https:\/\/compuviper.mx\/tienda\/wp-json\/wp\/v2\/product_tag?post=246941"}],"curies":[{"name":"wp","href":"https:\/\/api.w.org\/{rel}","templated":true}]}}