{"id":246940,"date":"2026-04-16T02:19:48","date_gmt":"2026-04-16T08:19:48","guid":{"rendered":"https:\/\/compuviper.mx\/tienda\/producto\/grandstream-gac2570-telefono-ip-gradnstream-para-sala-de-conferencias-android-10-12-lneas-sip-con-12-cuentas-pantalla-tctil-8-puertos-gigabit-wi-fi-bluetooth-poe-codec-opus\/"},"modified":"2026-04-16T02:19:48","modified_gmt":"2026-04-16T08:19:48","slug":"grandstream-gac2570-telefono-ip-gradnstream-para-sala-de-conferencias-android-10-12-lneas-sip-con-12-cuentas-pantalla-tctil-8-puertos-gigabit-wi-fi-bluetooth-poe-codec-opus","status":"publish","type":"product","link":"https:\/\/compuviper.mx\/tienda\/producto\/grandstream-gac2570-telefono-ip-gradnstream-para-sala-de-conferencias-android-10-12-lneas-sip-con-12-cuentas-pantalla-tctil-8-puertos-gigabit-wi-fi-bluetooth-poe-codec-opus\/","title":{"rendered":"Grandstream Gac2570 Telefono Ip Gradnstream  \/ Para Sala De Conferencias Android 10, 12 Lneas Sip Con 12 Cuentas, Pantalla Tctil 8, Puertos Gigabit, Wi-fi, Bluetooth, Poe, Codec Opus."},"content":{"rendered":"<table class=\"descripcion\">\n<tr>\n<td>Protocolos \/ est\u00e1ndares:   sip rfc3261, tcp\/ip\/udp, rtp\/rtcp, http\/https, arp, icmp, dns (un registro, srv, napt), dhcp,<\/td>\n<\/tr>\n<tr>\n<td>Pppoe, ssh, tftp, ntp, stun, lldp-med, tr-069, 802.1x, tls, srtp, ipv6, openvpn\u00ae<\/td>\n<\/tr>\n<tr>\n<td> sistema operativo:   android 10<\/td>\n<\/tr>\n<tr>\n<td>Interfaces de red:   un puerto 10\/100\/1000 mbps con poe+ integrado<\/td>\n<\/tr>\n<tr>\n<td>Wi-fi wi-fi: 6, doble banda de 2.4 y 5 ghz con 802.11 a \/ b \/ g \/ n \/ ac \/ ax<\/td>\n<\/tr>\n<tr>\n<td>Bluetooth:   integrado. v2.1+edr, modo dual v5.0.<\/td>\n<\/tr>\n<tr>\n<td>Micr\u00f3fono:   12 micr\u00f3fonos omnidireccionales con mmad<\/td>\n<\/tr>\n<tr>\n<td>Micr\u00f3fono externo:   micr\u00f3fono en cascada de hasta 2 gmd1208<\/td>\n<\/tr>\n<tr>\n<td>Altavoz:   altavoz de alta fidelidad de 10 vatios<\/td>\n<\/tr>\n<tr>\n<td>Frecuencia: 100-20000 hz<\/td>\n<\/tr>\n<tr>\n<td>Volumen: hasta 83 dba a 1.0 metros<\/td>\n<\/tr>\n<tr>\n<td>Puertos auxiliares:   1x puerto multimedia, 1x puerto de red, 1x entrada hdmi, 1x usb, 1x salida de l\u00ednea, 1x micro-usb,<\/td>\n<\/tr>\n<tr>\n<td>1x bloqueo kensington<\/td>\n<\/tr>\n<tr>\n<td>C\u00f3decs de voz:   g.711 and #924;\/a, g.722 (banda ancha), g.722.1c, g.726-32, ilbc, opus, g.729a\/b dentro y fuera de banda<\/td>\n<\/tr>\n<tr>\n<td>Dtmf (en audio, rfc2833, sip info), vad, cng, aec, plc, ajb, agc, ans, reducci\u00f3n de ruido<\/td>\n<\/tr>\n<tr>\n<td>Caracter\u00edsticas de telefon\u00eda:  paginaci\u00f3n sip, llamada en pausa, estacionamiento \/ toma de llamadas, conferencia de audio de 12 v\u00edas (incluido el anfitri\u00f3n), multillamadas autom\u00e1ticas desde una sola reuni\u00f3n, mpk virtual, contactos descargables (xml, ldap, hasta 2000 elementos), registro de llamadas (local y servidor), registro de llamadas (hasta 2000 registros), llamada en espera, respuesta autom\u00e1tica, plan de marcaci\u00f3n flexible, tonos de llamada de m\u00fasica personalizados y m\u00fasica en espera.<\/td>\n<\/tr>\n<tr>\n<td>Audio hd:   s\u00ed, altavoz hd compatible con audio de banda completa<\/td>\n<\/tr>\n<tr>\n<td>Certificaci\u00f3n:   zoom<\/td>\n<\/tr>\n<tr>\n<td>Qos:   qos de capa 2 (802.1q, 802.1p) y qos de capa 3 (tos, diffserv, mpls)<\/td>\n<\/tr>\n<tr>\n<td>Seguridad: contrase\u00f1as de nivel de usuario y administrador, autenticaci\u00f3n basada en md5 y md5-sess, archivo de configuraci\u00f3n cifrado aes de 256 bits, tls, srtp, https, control de acceso a medios 802.1x<\/td>\n<\/tr>\n<tr>\n<td>Actualizaci\u00f3n\/aprovisionamiento: actualizaci\u00f3n de firmware a trav\u00e9s de tftp \/ http \/ https o carga http local, aprovisionamiento masivo mediante el archivo de configuraci\u00f3n xml cifrado aes.<\/td>\n<\/tr>\n<tr>\n<td>Alimentaci\u00f3n y eficiencia energ\u00e9tica verde:  poe+ 802.3at clase 4 integrado<\/td>\n<\/tr>\n<tr>\n<td>3300mah bater\u00eda recargable incorporada para permitir un tiempo de conversaci\u00f3n de hasta 4 horas.<\/td>\n<\/tr>\n<tr>\n<td>Contenido del paquete:   tel\u00e9fono de conferencia gac2570, cable ethernet, cable micro-usb, gu\u00eda de instalaci\u00f3n r\u00e1pida, inyector poe, cable hdmi (opcional), micr\u00f3fonos de extensi\u00f3n inal\u00e1mbricos duales gmd1208 (opcional)<\/td>\n<\/tr>\n<tr>\n<td>Temperatura y humedad:  funcionamiento: 0 \u00b0c a 40 \u00b0c,<\/td>\n<\/tr>\n<tr>\n<td>Almacenamiento: -10 \u00b0c a 60\u00b0c,<\/td>\n<\/tr>\n<tr>\n<td>Humedad: 10% a 90% sin condensaci\u00f3n<\/td>\n<\/tr>\n<tr>\n<td>Especificaciones f\u00edsicas:   peso de la unidad: 1.38kg<\/td>\n<\/tr>\n<tr>\n<td>Dimensiones de la unidad: 419.7 (l) x 218.5 (a) x 78.6 mm (al)<\/td>\n<\/tr>\n<tr>\n<td>Cumplimiento:   fcc, ce, rcm, ic, ukca<\/td>\n<\/tr>\n<\/table>\n","protected":false},"excerpt":{"rendered":"<p>El gac2570 es un dispositivo de conferencia de transmisi\u00f3n d\u00faplex con comunicaci\u00f3n de voz de alta calidad para salas de conferencia, \u00e1reas de reuni\u00f3n, salas de juntas y otros espacios colectivos de conferencia. El dispositivo cuenta con un altavoz excepcional mmad (dise\u00f1o de matriz de micr\u00f3fonos multicanal) para ofrecer una experiencia de conferencia natural e inmersiva a los participantes locales y remotos. Este dise\u00f1o inal\u00e1mbrico est\u00e1 compuesto por un micr\u00f3fono de extensi\u00f3n inal\u00e1mbrico, soporte moderno de wi-fi, bluetooth y bater\u00eda incorporada. Cuenta con una pantalla lcd t\u00e1ctil ips de 7\u00bb 1280&#215;800 con soporte para conferencias de hasta 12 asistentes. El gac2570 permite que cualquier conferencia en curso permanezca ininterrumpida en caso de cambio ocasional de sala. Este dispositivo permite un rango de captaci\u00f3n de 5 m y se puede conectar con dos micr\u00f3fonos inal\u00e1mbricos de escritorio gmd1208 a una distancia de hasta 20 m para mejorar la calidad de audio y proporcionar una cobertura completa de la habitaci\u00f3n. Adem\u00e1s, su moderno dise\u00f1o empresarial y sus diversas caracter\u00edsticas lo convierten en una soluci\u00f3n personalizable para salas de conferencias peque\u00f1as y medianas y otros espacios de negocios.<\/p>\n","protected":false},"featured_media":258481,"comment_status":"open","ping_status":"open","template":"","meta":[],"product_cat":[1610,1757],"product_tag":[1576],"acf":[],"yoast_head":"<!-- This site is optimized with the Yoast SEO plugin v21.7 - https:\/\/yoast.com\/wordpress\/plugins\/seo\/ -->\n<title>[ Grandstream ] &#129351; Gac2570 Telefono Ip Gradnstream \/ Para Sala De Conferencias Android 10, 12 Lneas Sip Con 12 Cuentas, Pantalla Tctil 8, Puertos Gigabit, Wi-fi, Bluetooth, Poe, Codec Opus.<\/title>\n<meta name=\"description\" content=\"Compra Gac2570 Telefono Ip Gradnstream \/ Para Sala De Conferencias Android 10, 12 Lneas Sip Con 12 Cuentas, Pantalla Tctil 8, Puertos Gigabit, Wi-fi, Bluetooth, Poe, Codec Opus. + Env\u00edo a domicilio + Pago seguro + Garant\u00eda\" \/>\n<meta name=\"robots\" content=\"index, follow, max-snippet:-1, max-image-preview:large, max-video-preview:-1\" \/>\n<link rel=\"canonical\" href=\"https:\/\/compuviper.mx\/tienda\/producto\/grandstream-gac2570-telefono-ip-gradnstream-para-sala-de-conferencias-android-10-12-lneas-sip-con-12-cuentas-pantalla-tctil-8-puertos-gigabit-wi-fi-bluetooth-poe-codec-opus\/\" \/>\n<meta property=\"og:locale\" content=\"es_MX\" \/>\n<meta property=\"og:type\" content=\"article\" \/>\n<meta property=\"og:title\" content=\"[ Grandstream ] &#129351; Gac2570 Telefono Ip Gradnstream \/ Para Sala De Conferencias Android 10, 12 Lneas Sip Con 12 Cuentas, Pantalla Tctil 8, Puertos Gigabit, Wi-fi, Bluetooth, Poe, Codec Opus.\" \/>\n<meta property=\"og:description\" content=\"Compra Gac2570 Telefono Ip Gradnstream \/ Para Sala De Conferencias Android 10, 12 Lneas Sip Con 12 Cuentas, Pantalla Tctil 8, Puertos Gigabit, Wi-fi, Bluetooth, Poe, Codec Opus. + Env\u00edo a domicilio + Pago seguro + Garant\u00eda\" \/>\n<meta property=\"og:url\" content=\"https:\/\/compuviper.mx\/tienda\/producto\/grandstream-gac2570-telefono-ip-gradnstream-para-sala-de-conferencias-android-10-12-lneas-sip-con-12-cuentas-pantalla-tctil-8-puertos-gigabit-wi-fi-bluetooth-poe-codec-opus\/\" \/>\n<meta property=\"og:site_name\" content=\"Compuviper\" \/>\n<meta property=\"article:publisher\" content=\"https:\/\/www.facebook.com\/compuviper\" \/>\n<meta property=\"og:image\" content=\"https:\/\/compuviper.mx\/tienda\/wp-content\/uploads\/2025\/10\/Telefono-ip-gradnstream-gac2570-para-sala-de-conferencias-android-10-12-lneas-sip-con-12-cuentas-pantalla-tctil-8-puertos-gigabit-wi-fi-bluetooth-poe-codec-opus.jpg\" \/>\n\t<meta property=\"og:image:width\" content=\"200\" \/>\n\t<meta property=\"og:image:height\" content=\"200\" \/>\n\t<meta property=\"og:image:type\" content=\"image\/jpeg\" \/>\n<meta name=\"twitter:card\" content=\"summary_large_image\" \/>\n<meta name=\"twitter:label1\" content=\"Precio\" \/>\n\t<meta name=\"twitter:data1\" content=\"&#36;10,211 con IVA\" \/>\n\t<meta name=\"twitter:label2\" content=\"Availability\" \/>\n\t<meta name=\"twitter:data2\" content=\"On backorder\" \/>\n<script type=\"application\/ld+json\" class=\"yoast-schema-graph\">{\"@context\":\"https:\/\/schema.org\",\"@graph\":[{\"@type\":\"WebPage\",\"@id\":\"https:\/\/compuviper.mx\/tienda\/producto\/grandstream-gac2570-telefono-ip-gradnstream-para-sala-de-conferencias-android-10-12-lneas-sip-con-12-cuentas-pantalla-tctil-8-puertos-gigabit-wi-fi-bluetooth-poe-codec-opus\/\",\"url\":\"https:\/\/compuviper.mx\/tienda\/producto\/grandstream-gac2570-telefono-ip-gradnstream-para-sala-de-conferencias-android-10-12-lneas-sip-con-12-cuentas-pantalla-tctil-8-puertos-gigabit-wi-fi-bluetooth-poe-codec-opus\/\",\"name\":\"[ Grandstream ] &#129351; Gac2570 Telefono Ip Gradnstream \/ Para Sala De Conferencias Android 10, 12 Lneas Sip Con 12 Cuentas, Pantalla Tctil 8, Puertos Gigabit, Wi-fi, Bluetooth, Poe, Codec Opus.\",\"isPartOf\":{\"@id\":\"https:\/\/compuviper.mx\/tienda\/#website\"},\"datePublished\":\"2026-04-16T08:19:48+00:00\",\"dateModified\":\"2026-04-16T08:19:48+00:00\",\"description\":\"Compra Gac2570 Telefono Ip Gradnstream \/ Para Sala De Conferencias Android 10, 12 Lneas Sip Con 12 Cuentas, Pantalla Tctil 8, Puertos Gigabit, Wi-fi, Bluetooth, Poe, Codec Opus. + Env\u00edo a domicilio + Pago seguro + Garant\u00eda\",\"breadcrumb\":{\"@id\":\"https:\/\/compuviper.mx\/tienda\/producto\/grandstream-gac2570-telefono-ip-gradnstream-para-sala-de-conferencias-android-10-12-lneas-sip-con-12-cuentas-pantalla-tctil-8-puertos-gigabit-wi-fi-bluetooth-poe-codec-opus\/#breadcrumb\"},\"inLanguage\":\"es-MX\",\"potentialAction\":[{\"@type\":\"ReadAction\",\"target\":[\"https:\/\/compuviper.mx\/tienda\/producto\/grandstream-gac2570-telefono-ip-gradnstream-para-sala-de-conferencias-android-10-12-lneas-sip-con-12-cuentas-pantalla-tctil-8-puertos-gigabit-wi-fi-bluetooth-poe-codec-opus\/\"]}]},{\"@type\":\"BreadcrumbList\",\"@id\":\"https:\/\/compuviper.mx\/tienda\/producto\/grandstream-gac2570-telefono-ip-gradnstream-para-sala-de-conferencias-android-10-12-lneas-sip-con-12-cuentas-pantalla-tctil-8-puertos-gigabit-wi-fi-bluetooth-poe-codec-opus\/#breadcrumb\",\"itemListElement\":[{\"@type\":\"ListItem\",\"position\":1,\"name\":\"Inicio\",\"item\":\"https:\/\/compuviper.mx\/tienda\/\"},{\"@type\":\"ListItem\",\"position\":2,\"name\":\"Productos\",\"item\":\"https:\/\/compuviper.mx\/tienda\/productos\/\"},{\"@type\":\"ListItem\",\"position\":3,\"name\":\"Telefonia\",\"item\":\"https:\/\/compuviper.mx\/tienda\/categoria-producto\/telefonia-2\/\"},{\"@type\":\"ListItem\",\"position\":4,\"name\":\"Telefono Ip\",\"item\":\"https:\/\/compuviper.mx\/tienda\/categoria-producto\/telefonia-2\/telefono-ip\/\"},{\"@type\":\"ListItem\",\"position\":5,\"name\":\"Grandstream Gac2570 Telefono Ip Gradnstream \/ Para Sala De Conferencias Android 10, 12 Lneas Sip Con 12 Cuentas, Pantalla Tctil 8, Puertos Gigabit, Wi-fi, Bluetooth, Poe, Codec Opus.\"}]},{\"@type\":\"WebSite\",\"@id\":\"https:\/\/compuviper.mx\/tienda\/#website\",\"url\":\"https:\/\/compuviper.mx\/tienda\/\",\"name\":\"Compuviper\",\"description\":\"Proveedor de Computadoras, Laptops, Servidores, Monitores, Puntos de Venta, Teclados,   Impresoras, T\u00f3ner, C\u00e1maras de Seguridad y m\u00e1s en tu tienda en l\u00ednea\",\"publisher\":{\"@id\":\"https:\/\/compuviper.mx\/tienda\/#organization\"},\"potentialAction\":[{\"@type\":\"SearchAction\",\"target\":{\"@type\":\"EntryPoint\",\"urlTemplate\":\"https:\/\/compuviper.mx\/tienda\/?s={search_term_string}\"},\"query-input\":\"required name=search_term_string\"}],\"inLanguage\":\"es-MX\"},{\"@type\":\"Organization\",\"@id\":\"https:\/\/compuviper.mx\/tienda\/#organization\",\"name\":\"Compuviper\",\"url\":\"https:\/\/compuviper.mx\/tienda\/\",\"logo\":{\"@type\":\"ImageObject\",\"inLanguage\":\"es-MX\",\"@id\":\"https:\/\/compuviper.mx\/tienda\/#\/schema\/logo\/image\/\",\"url\":\"https:\/\/compuviper.mx\/tienda\/wp-content\/uploads\/2021\/08\/Logo-Compuviper-10.png\",\"contentUrl\":\"https:\/\/compuviper.mx\/tienda\/wp-content\/uploads\/2021\/08\/Logo-Compuviper-10.png\",\"width\":1000,\"height\":500,\"caption\":\"Compuviper\"},\"image\":{\"@id\":\"https:\/\/compuviper.mx\/tienda\/#\/schema\/logo\/image\/\"},\"sameAs\":[\"https:\/\/www.facebook.com\/compuviper\",\"https:\/\/www.youtube.com\/channel\/UCf73dERp9Y3cfOq7q8BhLjA?view_as=subscriber\"]}]}<\/script>\n<meta property=\"product:brand\" content=\"GRANDSTREAM\" \/>\n<meta property=\"product:price:amount\" content=\"10211\" \/>\n<meta property=\"product:price:currency\" content=\"MXN\" \/>\n<meta property=\"og:availability\" content=\"backorder\" \/>\n<meta property=\"product:availability\" content=\"available for order\" \/>\n<meta property=\"product:retailer_item_id\" content=\"GAC2570\" \/>\n<meta property=\"product:condition\" content=\"new\" \/>\n<!-- \/ Yoast SEO plugin. -->","yoast_head_json":{"title":"[ Grandstream ] &#129351; Gac2570 Telefono Ip Gradnstream \/ Para Sala De Conferencias Android 10, 12 Lneas Sip Con 12 Cuentas, Pantalla Tctil 8, Puertos Gigabit, Wi-fi, Bluetooth, Poe, Codec Opus.","description":"Compra Gac2570 Telefono Ip Gradnstream \/ Para Sala De Conferencias Android 10, 12 Lneas Sip Con 12 Cuentas, Pantalla Tctil 8, Puertos Gigabit, Wi-fi, Bluetooth, Poe, Codec Opus. + Env\u00edo a domicilio + Pago seguro + Garant\u00eda","robots":{"index":"index","follow":"follow","max-snippet":"max-snippet:-1","max-image-preview":"max-image-preview:large","max-video-preview":"max-video-preview:-1"},"canonical":"https:\/\/compuviper.mx\/tienda\/producto\/grandstream-gac2570-telefono-ip-gradnstream-para-sala-de-conferencias-android-10-12-lneas-sip-con-12-cuentas-pantalla-tctil-8-puertos-gigabit-wi-fi-bluetooth-poe-codec-opus\/","og_locale":"es_MX","og_type":"article","og_title":"[ Grandstream ] &#129351; Gac2570 Telefono Ip Gradnstream \/ Para Sala De Conferencias Android 10, 12 Lneas Sip Con 12 Cuentas, Pantalla Tctil 8, Puertos Gigabit, Wi-fi, Bluetooth, Poe, Codec Opus.","og_description":"Compra Gac2570 Telefono Ip Gradnstream \/ Para Sala De Conferencias Android 10, 12 Lneas Sip Con 12 Cuentas, Pantalla Tctil 8, Puertos Gigabit, Wi-fi, Bluetooth, Poe, Codec Opus. + Env\u00edo a domicilio + Pago seguro + Garant\u00eda","og_url":"https:\/\/compuviper.mx\/tienda\/producto\/grandstream-gac2570-telefono-ip-gradnstream-para-sala-de-conferencias-android-10-12-lneas-sip-con-12-cuentas-pantalla-tctil-8-puertos-gigabit-wi-fi-bluetooth-poe-codec-opus\/","og_site_name":"Compuviper","article_publisher":"https:\/\/www.facebook.com\/compuviper","og_image":[{"width":200,"height":200,"url":"https:\/\/compuviper.mx\/tienda\/wp-content\/uploads\/2025\/10\/Telefono-ip-gradnstream-gac2570-para-sala-de-conferencias-android-10-12-lneas-sip-con-12-cuentas-pantalla-tctil-8-puertos-gigabit-wi-fi-bluetooth-poe-codec-opus.jpg","type":"image\/jpeg"}],"twitter_card":"summary_large_image","twitter_misc":{"Precio":"&#36;10,211 con IVA","Availability":"On backorder"},"schema":{"@context":"https:\/\/schema.org","@graph":[{"@type":"WebPage","@id":"https:\/\/compuviper.mx\/tienda\/producto\/grandstream-gac2570-telefono-ip-gradnstream-para-sala-de-conferencias-android-10-12-lneas-sip-con-12-cuentas-pantalla-tctil-8-puertos-gigabit-wi-fi-bluetooth-poe-codec-opus\/","url":"https:\/\/compuviper.mx\/tienda\/producto\/grandstream-gac2570-telefono-ip-gradnstream-para-sala-de-conferencias-android-10-12-lneas-sip-con-12-cuentas-pantalla-tctil-8-puertos-gigabit-wi-fi-bluetooth-poe-codec-opus\/","name":"[ Grandstream ] &#129351; Gac2570 Telefono Ip Gradnstream \/ Para Sala De Conferencias Android 10, 12 Lneas Sip Con 12 Cuentas, Pantalla Tctil 8, Puertos Gigabit, Wi-fi, Bluetooth, Poe, Codec Opus.","isPartOf":{"@id":"https:\/\/compuviper.mx\/tienda\/#website"},"datePublished":"2026-04-16T08:19:48+00:00","dateModified":"2026-04-16T08:19:48+00:00","description":"Compra Gac2570 Telefono Ip Gradnstream \/ Para Sala De Conferencias Android 10, 12 Lneas Sip Con 12 Cuentas, Pantalla Tctil 8, Puertos Gigabit, Wi-fi, Bluetooth, Poe, Codec Opus. + Env\u00edo a domicilio + Pago seguro + Garant\u00eda","breadcrumb":{"@id":"https:\/\/compuviper.mx\/tienda\/producto\/grandstream-gac2570-telefono-ip-gradnstream-para-sala-de-conferencias-android-10-12-lneas-sip-con-12-cuentas-pantalla-tctil-8-puertos-gigabit-wi-fi-bluetooth-poe-codec-opus\/#breadcrumb"},"inLanguage":"es-MX","potentialAction":[{"@type":"ReadAction","target":["https:\/\/compuviper.mx\/tienda\/producto\/grandstream-gac2570-telefono-ip-gradnstream-para-sala-de-conferencias-android-10-12-lneas-sip-con-12-cuentas-pantalla-tctil-8-puertos-gigabit-wi-fi-bluetooth-poe-codec-opus\/"]}]},{"@type":"BreadcrumbList","@id":"https:\/\/compuviper.mx\/tienda\/producto\/grandstream-gac2570-telefono-ip-gradnstream-para-sala-de-conferencias-android-10-12-lneas-sip-con-12-cuentas-pantalla-tctil-8-puertos-gigabit-wi-fi-bluetooth-poe-codec-opus\/#breadcrumb","itemListElement":[{"@type":"ListItem","position":1,"name":"Inicio","item":"https:\/\/compuviper.mx\/tienda\/"},{"@type":"ListItem","position":2,"name":"Productos","item":"https:\/\/compuviper.mx\/tienda\/productos\/"},{"@type":"ListItem","position":3,"name":"Telefonia","item":"https:\/\/compuviper.mx\/tienda\/categoria-producto\/telefonia-2\/"},{"@type":"ListItem","position":4,"name":"Telefono Ip","item":"https:\/\/compuviper.mx\/tienda\/categoria-producto\/telefonia-2\/telefono-ip\/"},{"@type":"ListItem","position":5,"name":"Grandstream Gac2570 Telefono Ip Gradnstream \/ Para Sala De Conferencias Android 10, 12 Lneas Sip Con 12 Cuentas, Pantalla Tctil 8, Puertos Gigabit, Wi-fi, Bluetooth, Poe, Codec Opus."}]},{"@type":"WebSite","@id":"https:\/\/compuviper.mx\/tienda\/#website","url":"https:\/\/compuviper.mx\/tienda\/","name":"Compuviper","description":"Proveedor de Computadoras, Laptops, Servidores, Monitores, Puntos de Venta, Teclados,   Impresoras, T\u00f3ner, C\u00e1maras de Seguridad y m\u00e1s en tu tienda en l\u00ednea","publisher":{"@id":"https:\/\/compuviper.mx\/tienda\/#organization"},"potentialAction":[{"@type":"SearchAction","target":{"@type":"EntryPoint","urlTemplate":"https:\/\/compuviper.mx\/tienda\/?s={search_term_string}"},"query-input":"required name=search_term_string"}],"inLanguage":"es-MX"},{"@type":"Organization","@id":"https:\/\/compuviper.mx\/tienda\/#organization","name":"Compuviper","url":"https:\/\/compuviper.mx\/tienda\/","logo":{"@type":"ImageObject","inLanguage":"es-MX","@id":"https:\/\/compuviper.mx\/tienda\/#\/schema\/logo\/image\/","url":"https:\/\/compuviper.mx\/tienda\/wp-content\/uploads\/2021\/08\/Logo-Compuviper-10.png","contentUrl":"https:\/\/compuviper.mx\/tienda\/wp-content\/uploads\/2021\/08\/Logo-Compuviper-10.png","width":1000,"height":500,"caption":"Compuviper"},"image":{"@id":"https:\/\/compuviper.mx\/tienda\/#\/schema\/logo\/image\/"},"sameAs":["https:\/\/www.facebook.com\/compuviper","https:\/\/www.youtube.com\/channel\/UCf73dERp9Y3cfOq7q8BhLjA?view_as=subscriber"]}]},"product_brand":"GRANDSTREAM","product_price_amount":"10211","product_price_currency":"MXN","og_availability":"backorder","product_availability":"available for order","product_retailer_item_id":"GAC2570","product_condition":"new"},"_links":{"self":[{"href":"https:\/\/compuviper.mx\/tienda\/wp-json\/wp\/v2\/product\/246940"}],"collection":[{"href":"https:\/\/compuviper.mx\/tienda\/wp-json\/wp\/v2\/product"}],"about":[{"href":"https:\/\/compuviper.mx\/tienda\/wp-json\/wp\/v2\/types\/product"}],"replies":[{"embeddable":true,"href":"https:\/\/compuviper.mx\/tienda\/wp-json\/wp\/v2\/comments?post=246940"}],"wp:featuredmedia":[{"embeddable":true,"href":"https:\/\/compuviper.mx\/tienda\/wp-json\/wp\/v2\/media\/258481"}],"wp:attachment":[{"href":"https:\/\/compuviper.mx\/tienda\/wp-json\/wp\/v2\/media?parent=246940"}],"wp:term":[{"taxonomy":"product_cat","embeddable":true,"href":"https:\/\/compuviper.mx\/tienda\/wp-json\/wp\/v2\/product_cat?post=246940"},{"taxonomy":"product_tag","embeddable":true,"href":"https:\/\/compuviper.mx\/tienda\/wp-json\/wp\/v2\/product_tag?post=246940"}],"curies":[{"name":"wp","href":"https:\/\/api.w.org\/{rel}","templated":true}]}}