{"id":246939,"date":"2026-04-16T02:19:47","date_gmt":"2026-04-16T08:19:47","guid":{"rendered":"https:\/\/compuviper.mx\/tienda\/producto\/grandstream-grp2650-telfono-ip-wi-fi-grado-operador-14-lneas-sip-con-6-cuentas-pantalla-lcd-5-puertos-gigabit-bluetooth-poe-codec-opus-ipv4-ipv6-con-gestin-en-la-nube-gdms\/"},"modified":"2026-04-16T02:19:47","modified_gmt":"2026-04-16T08:19:47","slug":"grandstream-grp2650-telfono-ip-wi-fi-grado-operador-14-lneas-sip-con-6-cuentas-pantalla-lcd-5-puertos-gigabit-bluetooth-poe-codec-opus-ipv4-ipv6-con-gestin-en-la-nube-gdms","status":"publish","type":"product","link":"https:\/\/compuviper.mx\/tienda\/producto\/grandstream-grp2650-telfono-ip-wi-fi-grado-operador-14-lneas-sip-con-6-cuentas-pantalla-lcd-5-puertos-gigabit-bluetooth-poe-codec-opus-ipv4-ipv6-con-gestin-en-la-nube-gdms\/","title":{"rendered":"Grandstream Grp2650 Tel?fono Ip   \/ Wi-fi, Grado Operador, 14 L?neas Sip Con 6 Cuentas, Pantalla Lcd 5, Puertos Gigabit, Bluetooth, Poe, Codec Opus, Ipv4\/ipv6 Con Gesti?n En La Nube Gdms"},"content":{"rendered":"<table class=\"descripcion\">\n<tr>\n<td>El grp2650 cuenta con 56 teclas multiprop\u00f3sito (mpk), wi-f y poe integrados , una pantalla lcd a color de 5 pulgadas y m\u00e1s, y es compatible con el sistema de administraci\u00f3n de dispositivos (gdms) de grandstream.<\/td>\n<\/tr>\n<tr>\n<td>-14 l\u00edneas, 6 cuentas sip<\/td>\n<\/tr>\n<tr>\n<td>-con el respaldo de gdms, que proporciona una interfaz centralizada para configurar, aprovisionar, administrar y monitorear dispositivos grandstream<\/td>\n<\/tr>\n<tr>\n<td>-conector para auriculares rj9 que permite ehs con auriculares plantronics y compatibilidad con auriculares usb integrados<\/td>\n<\/tr>\n<tr>\n<td>-altavoz con d\u00faplex completo y audio hd para maximizar la calidad y claridad del audio<\/td>\n<\/tr>\n<tr>\n<td>-equipado con tecnolog\u00eda de protecci\u00f3n contra ruido para minimizar el ruido de fondo.<\/td>\n<\/tr>\n<tr>\n<td>-puertos gigabit ethernet de 10\/100\/1000 mbps con detecci\u00f3n autom\u00e1tica y conmutaci\u00f3n dual con poe integrado<\/td>\n<\/tr>\n<tr>\n<td>-admite conferencias de audio de 5 v\u00edas para realizar llamadas en conferencia f\u00e1cilmente.<\/td>\n<\/tr>\n<tr>\n<td>-protecci\u00f3n de seguridad a nivel empresarial que incluye arranque seguro, im\u00e1genes de firmware duales y almacenamiento de datos cifrados<\/td>\n<\/tr>\n<tr>\n<td>-placa frontal intercambiable para permitir una f\u00e1cil personalizaci\u00f3n del logotipo<\/td>\n<\/tr>\n<tr>\n<td>-wi-fi 802.11 a\/b\/g\/n\/ac de doble banda integrado (2,4 ghz y 5 ghz)<\/td>\n<\/tr>\n<\/table>\n","protected":false},"excerpt":{"rendered":"<p>El grp2650 es un modelo profesional de 14 l\u00edneas dise\u00f1ado con aprovisionamiento zero-touch para implementaci\u00f3n masiva y facilidad de gesti\u00f3n. Cuenta con un dise\u00f1o moderno y un paquete de caracter\u00edsticas de pr\u00f3xima generaci\u00f3n incluyendo: conferencia de voz de 5 participantes para maximizar la productividad, poe y wi-fi integrados, audio full hd tanto en el altavoz, como en el auricular para permitir que los usuarios se comuniquen con la m\u00e1xima claridad, soporte ehs para aud\u00edfonos plantronics y soporte integrado para aud\u00edfonos usb. La serie grp incorpora caracter\u00edsticas de seguridad carrier-grade para proporcionar seguridad de nivel empresarial, incluyendo arranque seguro, im\u00e1genes de firmware dual y almacenamiento de datos cifrados. Para el aprovisionamiento en la nube y la gesti\u00f3n centralizada, el grp2650 est\u00e1 respaldado por el grandstream device management system (gdms), el cual proporciona una interfaz centralizada para configurar, aprovisionar, gestionar y monitorear la implementaci\u00f3n de dispositivos grandstream. Con 56 teclas virtuales multifuncionales (vpk), una pantalla t\u00e1ctil capacitiva, f\u00e1cil de usar de 5 pulgadas y soporte para bluetooth, ehs (plantronics) y aud\u00edfonos usb, el grp2650 es la elecci\u00f3n ideal para profesionales y recepcionistas que atienden un gran n\u00famero de llamadas, con funcionalidad avanzada. Dise\u00f1ado para una f\u00e1cil implementaci\u00f3n por empresas, proveedores de servicios y otros mercados de gran volumen, el grp2650 ofrece un dispositivo de voz f\u00e1cil de usar y de implementar<\/p>\n","protected":false},"featured_media":258480,"comment_status":"open","ping_status":"open","template":"","meta":[],"product_cat":[1610,1757],"product_tag":[1576],"acf":[],"yoast_head":"<!-- This site is optimized with the Yoast SEO plugin v21.7 - https:\/\/yoast.com\/wordpress\/plugins\/seo\/ -->\n<title>[ Grandstream ] &#129351; Grp2650 Tel\u00e9fono Ip \/ Wi-fi, Grado Operador, 14 L\u00edneas Sip Con 6 Cuentas, Pantalla Lcd 5, Puertos Gigabit, Bluetooth, Poe, Codec Opus, Ipv4\/ipv6 Con Gesti\u00f3n En La Nube Gdms<\/title>\n<meta name=\"description\" content=\"Compra Grp2650 Tel\u00e9fono Ip \/ Wi-fi, Grado Operador, 14 L\u00edneas Sip Con 6 Cuentas, Pantalla Lcd 5, Puertos Gigabit, Bluetooth, Poe, Codec Opus, Ipv4\/ipv6 Con Gesti\u00f3n En La Nube Gdms + Env\u00edo a domicilio + Pago seguro + Garant\u00eda\" \/>\n<meta name=\"robots\" content=\"index, follow, max-snippet:-1, max-image-preview:large, max-video-preview:-1\" \/>\n<link rel=\"canonical\" href=\"https:\/\/compuviper.mx\/tienda\/producto\/grandstream-grp2650-telfono-ip-wi-fi-grado-operador-14-lneas-sip-con-6-cuentas-pantalla-lcd-5-puertos-gigabit-bluetooth-poe-codec-opus-ipv4-ipv6-con-gestin-en-la-nube-gdms\/\" \/>\n<meta property=\"og:locale\" content=\"es_MX\" \/>\n<meta property=\"og:type\" content=\"article\" \/>\n<meta property=\"og:title\" content=\"[ Grandstream ] &#129351; Grp2650 Tel\u00e9fono Ip \/ Wi-fi, Grado Operador, 14 L\u00edneas Sip Con 6 Cuentas, Pantalla Lcd 5, Puertos Gigabit, Bluetooth, Poe, Codec Opus, Ipv4\/ipv6 Con Gesti\u00f3n En La Nube Gdms\" \/>\n<meta property=\"og:description\" content=\"Compra Grp2650 Tel\u00e9fono Ip \/ Wi-fi, Grado Operador, 14 L\u00edneas Sip Con 6 Cuentas, Pantalla Lcd 5, Puertos Gigabit, Bluetooth, Poe, Codec Opus, Ipv4\/ipv6 Con Gesti\u00f3n En La Nube Gdms + Env\u00edo a domicilio + Pago seguro + Garant\u00eda\" \/>\n<meta property=\"og:url\" content=\"https:\/\/compuviper.mx\/tienda\/producto\/grandstream-grp2650-telfono-ip-wi-fi-grado-operador-14-lneas-sip-con-6-cuentas-pantalla-lcd-5-puertos-gigabit-bluetooth-poe-codec-opus-ipv4-ipv6-con-gestin-en-la-nube-gdms\/\" \/>\n<meta property=\"og:site_name\" content=\"Compuviper\" \/>\n<meta property=\"article:publisher\" content=\"https:\/\/www.facebook.com\/compuviper\" \/>\n<meta property=\"og:image\" content=\"https:\/\/compuviper.mx\/tienda\/wp-content\/uploads\/2025\/10\/Telefono-ip-grandstream-grp2650-wi-fi-grado-operador-14-lineas-sip-con-6-cuentas-pantalla-lcd-5-puertos-gigabit-bluetooth-poe-codec-opus-ipv4ipv6-con-gestion-en-la-nube-gdms.jpg\" \/>\n\t<meta property=\"og:image:width\" content=\"200\" \/>\n\t<meta property=\"og:image:height\" content=\"200\" \/>\n\t<meta property=\"og:image:type\" content=\"image\/jpeg\" \/>\n<meta name=\"twitter:card\" content=\"summary_large_image\" \/>\n<meta name=\"twitter:label1\" content=\"Precio\" \/>\n\t<meta name=\"twitter:data1\" content=\"&#36;2,751 con IVA\" \/>\n\t<meta name=\"twitter:label2\" content=\"Availability\" \/>\n\t<meta name=\"twitter:data2\" content=\"On backorder\" \/>\n<script type=\"application\/ld+json\" class=\"yoast-schema-graph\">{\"@context\":\"https:\/\/schema.org\",\"@graph\":[{\"@type\":\"WebPage\",\"@id\":\"https:\/\/compuviper.mx\/tienda\/producto\/grandstream-grp2650-telfono-ip-wi-fi-grado-operador-14-lneas-sip-con-6-cuentas-pantalla-lcd-5-puertos-gigabit-bluetooth-poe-codec-opus-ipv4-ipv6-con-gestin-en-la-nube-gdms\/\",\"url\":\"https:\/\/compuviper.mx\/tienda\/producto\/grandstream-grp2650-telfono-ip-wi-fi-grado-operador-14-lneas-sip-con-6-cuentas-pantalla-lcd-5-puertos-gigabit-bluetooth-poe-codec-opus-ipv4-ipv6-con-gestin-en-la-nube-gdms\/\",\"name\":\"[ Grandstream ] &#129351; Grp2650 Tel\u00e9fono Ip \/ Wi-fi, Grado Operador, 14 L\u00edneas Sip Con 6 Cuentas, Pantalla Lcd 5, Puertos Gigabit, Bluetooth, Poe, Codec Opus, Ipv4\/ipv6 Con Gesti\u00f3n En La Nube Gdms\",\"isPartOf\":{\"@id\":\"https:\/\/compuviper.mx\/tienda\/#website\"},\"datePublished\":\"2026-04-16T08:19:47+00:00\",\"dateModified\":\"2026-04-16T08:19:47+00:00\",\"description\":\"Compra Grp2650 Tel\u00e9fono Ip \/ Wi-fi, Grado Operador, 14 L\u00edneas Sip Con 6 Cuentas, Pantalla Lcd 5, Puertos Gigabit, Bluetooth, Poe, Codec Opus, Ipv4\/ipv6 Con Gesti\u00f3n En La Nube Gdms + Env\u00edo a domicilio + Pago seguro + Garant\u00eda\",\"breadcrumb\":{\"@id\":\"https:\/\/compuviper.mx\/tienda\/producto\/grandstream-grp2650-telfono-ip-wi-fi-grado-operador-14-lneas-sip-con-6-cuentas-pantalla-lcd-5-puertos-gigabit-bluetooth-poe-codec-opus-ipv4-ipv6-con-gestin-en-la-nube-gdms\/#breadcrumb\"},\"inLanguage\":\"es-MX\",\"potentialAction\":[{\"@type\":\"ReadAction\",\"target\":[\"https:\/\/compuviper.mx\/tienda\/producto\/grandstream-grp2650-telfono-ip-wi-fi-grado-operador-14-lneas-sip-con-6-cuentas-pantalla-lcd-5-puertos-gigabit-bluetooth-poe-codec-opus-ipv4-ipv6-con-gestin-en-la-nube-gdms\/\"]}]},{\"@type\":\"BreadcrumbList\",\"@id\":\"https:\/\/compuviper.mx\/tienda\/producto\/grandstream-grp2650-telfono-ip-wi-fi-grado-operador-14-lneas-sip-con-6-cuentas-pantalla-lcd-5-puertos-gigabit-bluetooth-poe-codec-opus-ipv4-ipv6-con-gestin-en-la-nube-gdms\/#breadcrumb\",\"itemListElement\":[{\"@type\":\"ListItem\",\"position\":1,\"name\":\"Inicio\",\"item\":\"https:\/\/compuviper.mx\/tienda\/\"},{\"@type\":\"ListItem\",\"position\":2,\"name\":\"Productos\",\"item\":\"https:\/\/compuviper.mx\/tienda\/productos\/\"},{\"@type\":\"ListItem\",\"position\":3,\"name\":\"Telefonia\",\"item\":\"https:\/\/compuviper.mx\/tienda\/categoria-producto\/telefonia-2\/\"},{\"@type\":\"ListItem\",\"position\":4,\"name\":\"Telefono Ip\",\"item\":\"https:\/\/compuviper.mx\/tienda\/categoria-producto\/telefonia-2\/telefono-ip\/\"},{\"@type\":\"ListItem\",\"position\":5,\"name\":\"Grandstream Grp2650 Tel?fono Ip \/ Wi-fi, Grado Operador, 14 L?neas Sip Con 6 Cuentas, Pantalla Lcd 5, Puertos Gigabit, Bluetooth, Poe, Codec Opus, Ipv4\/ipv6 Con Gesti?n En La Nube Gdms\"}]},{\"@type\":\"WebSite\",\"@id\":\"https:\/\/compuviper.mx\/tienda\/#website\",\"url\":\"https:\/\/compuviper.mx\/tienda\/\",\"name\":\"Compuviper\",\"description\":\"Proveedor de Computadoras, Laptops, Servidores, Monitores, Puntos de Venta, Teclados,   Impresoras, T\u00f3ner, C\u00e1maras de Seguridad y m\u00e1s en tu tienda en l\u00ednea\",\"publisher\":{\"@id\":\"https:\/\/compuviper.mx\/tienda\/#organization\"},\"potentialAction\":[{\"@type\":\"SearchAction\",\"target\":{\"@type\":\"EntryPoint\",\"urlTemplate\":\"https:\/\/compuviper.mx\/tienda\/?s={search_term_string}\"},\"query-input\":\"required name=search_term_string\"}],\"inLanguage\":\"es-MX\"},{\"@type\":\"Organization\",\"@id\":\"https:\/\/compuviper.mx\/tienda\/#organization\",\"name\":\"Compuviper\",\"url\":\"https:\/\/compuviper.mx\/tienda\/\",\"logo\":{\"@type\":\"ImageObject\",\"inLanguage\":\"es-MX\",\"@id\":\"https:\/\/compuviper.mx\/tienda\/#\/schema\/logo\/image\/\",\"url\":\"https:\/\/compuviper.mx\/tienda\/wp-content\/uploads\/2021\/08\/Logo-Compuviper-10.png\",\"contentUrl\":\"https:\/\/compuviper.mx\/tienda\/wp-content\/uploads\/2021\/08\/Logo-Compuviper-10.png\",\"width\":1000,\"height\":500,\"caption\":\"Compuviper\"},\"image\":{\"@id\":\"https:\/\/compuviper.mx\/tienda\/#\/schema\/logo\/image\/\"},\"sameAs\":[\"https:\/\/www.facebook.com\/compuviper\",\"https:\/\/www.youtube.com\/channel\/UCf73dERp9Y3cfOq7q8BhLjA?view_as=subscriber\"]}]}<\/script>\n<meta property=\"product:brand\" content=\"GRANDSTREAM\" \/>\n<meta property=\"product:price:amount\" content=\"2751\" \/>\n<meta property=\"product:price:currency\" content=\"MXN\" \/>\n<meta property=\"og:availability\" content=\"backorder\" \/>\n<meta property=\"product:availability\" content=\"available for order\" \/>\n<meta property=\"product:retailer_item_id\" content=\"GRP2650\" \/>\n<meta property=\"product:condition\" content=\"new\" \/>\n<!-- \/ Yoast SEO plugin. -->","yoast_head_json":{"title":"[ Grandstream ] &#129351; Grp2650 Tel\u00e9fono Ip \/ Wi-fi, Grado Operador, 14 L\u00edneas Sip Con 6 Cuentas, Pantalla Lcd 5, Puertos Gigabit, Bluetooth, Poe, Codec Opus, Ipv4\/ipv6 Con Gesti\u00f3n En La Nube Gdms","description":"Compra Grp2650 Tel\u00e9fono Ip \/ Wi-fi, Grado Operador, 14 L\u00edneas Sip Con 6 Cuentas, Pantalla Lcd 5, Puertos Gigabit, Bluetooth, Poe, Codec Opus, Ipv4\/ipv6 Con Gesti\u00f3n En La Nube Gdms + Env\u00edo a domicilio + Pago seguro + Garant\u00eda","robots":{"index":"index","follow":"follow","max-snippet":"max-snippet:-1","max-image-preview":"max-image-preview:large","max-video-preview":"max-video-preview:-1"},"canonical":"https:\/\/compuviper.mx\/tienda\/producto\/grandstream-grp2650-telfono-ip-wi-fi-grado-operador-14-lneas-sip-con-6-cuentas-pantalla-lcd-5-puertos-gigabit-bluetooth-poe-codec-opus-ipv4-ipv6-con-gestin-en-la-nube-gdms\/","og_locale":"es_MX","og_type":"article","og_title":"[ Grandstream ] &#129351; Grp2650 Tel\u00e9fono Ip \/ Wi-fi, Grado Operador, 14 L\u00edneas Sip Con 6 Cuentas, Pantalla Lcd 5, Puertos Gigabit, Bluetooth, Poe, Codec Opus, Ipv4\/ipv6 Con Gesti\u00f3n En La Nube Gdms","og_description":"Compra Grp2650 Tel\u00e9fono Ip \/ Wi-fi, Grado Operador, 14 L\u00edneas Sip Con 6 Cuentas, Pantalla Lcd 5, Puertos Gigabit, Bluetooth, Poe, Codec Opus, Ipv4\/ipv6 Con Gesti\u00f3n En La Nube Gdms + Env\u00edo a domicilio + Pago seguro + Garant\u00eda","og_url":"https:\/\/compuviper.mx\/tienda\/producto\/grandstream-grp2650-telfono-ip-wi-fi-grado-operador-14-lneas-sip-con-6-cuentas-pantalla-lcd-5-puertos-gigabit-bluetooth-poe-codec-opus-ipv4-ipv6-con-gestin-en-la-nube-gdms\/","og_site_name":"Compuviper","article_publisher":"https:\/\/www.facebook.com\/compuviper","og_image":[{"width":200,"height":200,"url":"https:\/\/compuviper.mx\/tienda\/wp-content\/uploads\/2025\/10\/Telefono-ip-grandstream-grp2650-wi-fi-grado-operador-14-lineas-sip-con-6-cuentas-pantalla-lcd-5-puertos-gigabit-bluetooth-poe-codec-opus-ipv4ipv6-con-gestion-en-la-nube-gdms.jpg","type":"image\/jpeg"}],"twitter_card":"summary_large_image","twitter_misc":{"Precio":"&#36;2,751 con IVA","Availability":"On backorder"},"schema":{"@context":"https:\/\/schema.org","@graph":[{"@type":"WebPage","@id":"https:\/\/compuviper.mx\/tienda\/producto\/grandstream-grp2650-telfono-ip-wi-fi-grado-operador-14-lneas-sip-con-6-cuentas-pantalla-lcd-5-puertos-gigabit-bluetooth-poe-codec-opus-ipv4-ipv6-con-gestin-en-la-nube-gdms\/","url":"https:\/\/compuviper.mx\/tienda\/producto\/grandstream-grp2650-telfono-ip-wi-fi-grado-operador-14-lneas-sip-con-6-cuentas-pantalla-lcd-5-puertos-gigabit-bluetooth-poe-codec-opus-ipv4-ipv6-con-gestin-en-la-nube-gdms\/","name":"[ Grandstream ] &#129351; Grp2650 Tel\u00e9fono Ip \/ Wi-fi, Grado Operador, 14 L\u00edneas Sip Con 6 Cuentas, Pantalla Lcd 5, Puertos Gigabit, Bluetooth, Poe, Codec Opus, Ipv4\/ipv6 Con Gesti\u00f3n En La Nube Gdms","isPartOf":{"@id":"https:\/\/compuviper.mx\/tienda\/#website"},"datePublished":"2026-04-16T08:19:47+00:00","dateModified":"2026-04-16T08:19:47+00:00","description":"Compra Grp2650 Tel\u00e9fono Ip \/ Wi-fi, Grado Operador, 14 L\u00edneas Sip Con 6 Cuentas, Pantalla Lcd 5, Puertos Gigabit, Bluetooth, Poe, Codec Opus, Ipv4\/ipv6 Con Gesti\u00f3n En La Nube Gdms + Env\u00edo a domicilio + Pago seguro + Garant\u00eda","breadcrumb":{"@id":"https:\/\/compuviper.mx\/tienda\/producto\/grandstream-grp2650-telfono-ip-wi-fi-grado-operador-14-lneas-sip-con-6-cuentas-pantalla-lcd-5-puertos-gigabit-bluetooth-poe-codec-opus-ipv4-ipv6-con-gestin-en-la-nube-gdms\/#breadcrumb"},"inLanguage":"es-MX","potentialAction":[{"@type":"ReadAction","target":["https:\/\/compuviper.mx\/tienda\/producto\/grandstream-grp2650-telfono-ip-wi-fi-grado-operador-14-lneas-sip-con-6-cuentas-pantalla-lcd-5-puertos-gigabit-bluetooth-poe-codec-opus-ipv4-ipv6-con-gestin-en-la-nube-gdms\/"]}]},{"@type":"BreadcrumbList","@id":"https:\/\/compuviper.mx\/tienda\/producto\/grandstream-grp2650-telfono-ip-wi-fi-grado-operador-14-lneas-sip-con-6-cuentas-pantalla-lcd-5-puertos-gigabit-bluetooth-poe-codec-opus-ipv4-ipv6-con-gestin-en-la-nube-gdms\/#breadcrumb","itemListElement":[{"@type":"ListItem","position":1,"name":"Inicio","item":"https:\/\/compuviper.mx\/tienda\/"},{"@type":"ListItem","position":2,"name":"Productos","item":"https:\/\/compuviper.mx\/tienda\/productos\/"},{"@type":"ListItem","position":3,"name":"Telefonia","item":"https:\/\/compuviper.mx\/tienda\/categoria-producto\/telefonia-2\/"},{"@type":"ListItem","position":4,"name":"Telefono Ip","item":"https:\/\/compuviper.mx\/tienda\/categoria-producto\/telefonia-2\/telefono-ip\/"},{"@type":"ListItem","position":5,"name":"Grandstream Grp2650 Tel?fono Ip \/ Wi-fi, Grado Operador, 14 L?neas Sip Con 6 Cuentas, Pantalla Lcd 5, Puertos Gigabit, Bluetooth, Poe, Codec Opus, Ipv4\/ipv6 Con Gesti?n En La Nube Gdms"}]},{"@type":"WebSite","@id":"https:\/\/compuviper.mx\/tienda\/#website","url":"https:\/\/compuviper.mx\/tienda\/","name":"Compuviper","description":"Proveedor de Computadoras, Laptops, Servidores, Monitores, Puntos de Venta, Teclados,   Impresoras, T\u00f3ner, C\u00e1maras de Seguridad y m\u00e1s en tu tienda en l\u00ednea","publisher":{"@id":"https:\/\/compuviper.mx\/tienda\/#organization"},"potentialAction":[{"@type":"SearchAction","target":{"@type":"EntryPoint","urlTemplate":"https:\/\/compuviper.mx\/tienda\/?s={search_term_string}"},"query-input":"required name=search_term_string"}],"inLanguage":"es-MX"},{"@type":"Organization","@id":"https:\/\/compuviper.mx\/tienda\/#organization","name":"Compuviper","url":"https:\/\/compuviper.mx\/tienda\/","logo":{"@type":"ImageObject","inLanguage":"es-MX","@id":"https:\/\/compuviper.mx\/tienda\/#\/schema\/logo\/image\/","url":"https:\/\/compuviper.mx\/tienda\/wp-content\/uploads\/2021\/08\/Logo-Compuviper-10.png","contentUrl":"https:\/\/compuviper.mx\/tienda\/wp-content\/uploads\/2021\/08\/Logo-Compuviper-10.png","width":1000,"height":500,"caption":"Compuviper"},"image":{"@id":"https:\/\/compuviper.mx\/tienda\/#\/schema\/logo\/image\/"},"sameAs":["https:\/\/www.facebook.com\/compuviper","https:\/\/www.youtube.com\/channel\/UCf73dERp9Y3cfOq7q8BhLjA?view_as=subscriber"]}]},"product_brand":"GRANDSTREAM","product_price_amount":"2751","product_price_currency":"MXN","og_availability":"backorder","product_availability":"available for order","product_retailer_item_id":"GRP2650","product_condition":"new"},"_links":{"self":[{"href":"https:\/\/compuviper.mx\/tienda\/wp-json\/wp\/v2\/product\/246939"}],"collection":[{"href":"https:\/\/compuviper.mx\/tienda\/wp-json\/wp\/v2\/product"}],"about":[{"href":"https:\/\/compuviper.mx\/tienda\/wp-json\/wp\/v2\/types\/product"}],"replies":[{"embeddable":true,"href":"https:\/\/compuviper.mx\/tienda\/wp-json\/wp\/v2\/comments?post=246939"}],"wp:featuredmedia":[{"embeddable":true,"href":"https:\/\/compuviper.mx\/tienda\/wp-json\/wp\/v2\/media\/258480"}],"wp:attachment":[{"href":"https:\/\/compuviper.mx\/tienda\/wp-json\/wp\/v2\/media?parent=246939"}],"wp:term":[{"taxonomy":"product_cat","embeddable":true,"href":"https:\/\/compuviper.mx\/tienda\/wp-json\/wp\/v2\/product_cat?post=246939"},{"taxonomy":"product_tag","embeddable":true,"href":"https:\/\/compuviper.mx\/tienda\/wp-json\/wp\/v2\/product_tag?post=246939"}],"curies":[{"name":"wp","href":"https:\/\/api.w.org\/{rel}","templated":true}]}}