{"id":246938,"date":"2026-04-16T02:19:47","date_gmt":"2026-04-16T08:19:47","guid":{"rendered":"https:\/\/compuviper.mx\/tienda\/producto\/grandstream-grp2636-telefono-ip-12-lineas-6-cuentas-sip-wifi-doble-banda-puertos-gigabit-gdms-poe-color-negro\/"},"modified":"2026-04-16T02:19:47","modified_gmt":"2026-04-16T08:19:47","slug":"grandstream-grp2636-telefono-ip-12-lineas-6-cuentas-sip-wifi-doble-banda-puertos-gigabit-gdms-poe-color-negro","status":"publish","type":"product","link":"https:\/\/compuviper.mx\/tienda\/producto\/grandstream-grp2636-telefono-ip-12-lineas-6-cuentas-sip-wifi-doble-banda-puertos-gigabit-gdms-poe-color-negro\/","title":{"rendered":"Grandstream Grp2636 Telefono Ip   \/ 12 Lineas, 6 Cuentas Sip, Wifi Doble Banda, Puertos Gigabit, Gdms, Poe, Color Negro"},"content":{"rendered":"<table class=\"descripcion\">\n<tr>\n<td>El grp2636 cuenta con 24 teclas de extensi\u00f3n multiprop\u00f3sito (mpk) con ranura para papel, wi-fi y poe integrados , una pantalla lcd a color de 4,3 pulgadas y m\u00e1s, y es compatible con el sistema de administraci\u00f3n de dispositivos (gdms) de grandstream.<\/td>\n<\/tr>\n<tr>\n<td>-12 l\u00edneas, 6 cuentas sip<\/td>\n<\/tr>\n<tr>\n<td>-con el respaldo de gdms, que proporciona una interfaz centralizada para configurar, aprovisionar, administrar y monitorear dispositivos grandstream<\/td>\n<\/tr>\n<tr>\n<td>-conector para auriculares rj9 que permite ehs con auriculares plantronics y compatibilidad con auriculares usb integrados<\/td>\n<\/tr>\n<tr>\n<td>-altavoz con d\u00faplex completo y audio hd para maximizar la calidad y claridad del audio<\/td>\n<\/tr>\n<tr>\n<td>-equipado con tecnolog\u00eda de protecci\u00f3n contra ruido para minimizar el ruido de fondo.<\/td>\n<\/tr>\n<tr>\n<td>-puertos gigabit ethernet de 10\/100\/1000 mbps con detecci\u00f3n autom\u00e1tica y conmutaci\u00f3n dual con poe integrado<\/td>\n<\/tr>\n<tr>\n<td>-admite conferencias de audio de 5 v\u00edas para realizar llamadas en conferencia f\u00e1cilmente.<\/td>\n<\/tr>\n<tr>\n<td>-protecci\u00f3n de nivel empresarial que incluye arranque seguro, im\u00e1genes de firmware duales y almacenamiento de datos cifrados<\/td>\n<\/tr>\n<tr>\n<td>-placa frontal intercambiable para permitir una f\u00e1cil personalizaci\u00f3n del logotipo y el almacenamiento de datos<\/td>\n<\/tr>\n<tr>\n<td>-wi-fi 802.11 a\/b\/g\/n\/ac de doble banda integrado (2,4 ghz y 5 ghz)<\/td>\n<\/tr>\n<\/table>\n","protected":false},"excerpt":{"rendered":"<p>El grp2636, que forma parte de la serie grp de tel\u00e9fonos ip de grado operador, es un modelo profesional de 12 l\u00edneas dise\u00f1ado con aprovisionamiento zero touch para una implementaci\u00f3n masiva y una gesti\u00f3n sencilla. Cuenta con un dise\u00f1o elegante y un conjunto de funciones de \u00faltima generaci\u00f3n que incluyen: conferencias de voz de 5 v\u00edas para maximizar la productividad, poe y wi-fi integrados, audio de alta definici\u00f3n completo tanto en el altavoz como en el auricular para que los usuarios se comuniquen con la m\u00e1xima claridad; la serie grp incluye funciones de seguridad de nivel de operador para proporcionar seguridad de nivel empresarial, incluyendo arranque seguro, im\u00e1genes de firmware duales y almacenamiento de datos cifrado. Para el aprovisionamiento en la nube y la gesti\u00f3n centralizada, el grp2636 es compatible con el sistema de gesti\u00f3n de dispositivos de grandstream (gdms), que proporciona una interfaz centralizada para configurar, aprovisionar, gestionar y supervisar las implementaciones de terminales de grandstream. El grp2636 es la elecci\u00f3n perfecta para los profesionales y recepcionistas ocupados que necesitan gestionar grandes vol\u00famenes de llamadas gracias al m\u00f3dulo integrado de 24 teclas de extensi\u00f3n programables. Dise\u00f1ado para una f\u00e1cil implementaci\u00f3n por parte de empresas, proveedores de servicios y otros mercados de gran volumen, el grp2636 ofrece una terminal f\u00e1cil de usar y de implementar.<\/p>\n","protected":false},"featured_media":258479,"comment_status":"open","ping_status":"open","template":"","meta":[],"product_cat":[1610,1757],"product_tag":[1576],"acf":[],"yoast_head":"<!-- This site is optimized with the Yoast SEO plugin v21.7 - https:\/\/yoast.com\/wordpress\/plugins\/seo\/ -->\n<title>[ Grandstream ] &#129351; Grp2636 Telefono Ip \/ 12 Lineas, 6 Cuentas Sip, Wifi Doble Banda, Puertos Gigabit, Gdms, Poe, Color Negro<\/title>\n<meta name=\"description\" content=\"Compra Grp2636 Telefono Ip \/ 12 Lineas, 6 Cuentas Sip, Wifi Doble Banda, Puertos Gigabit, Gdms, Poe, Color Negro + Env\u00edo a domicilio + Pago seguro + Garant\u00eda\" \/>\n<meta name=\"robots\" content=\"index, follow, max-snippet:-1, max-image-preview:large, max-video-preview:-1\" \/>\n<link rel=\"canonical\" href=\"https:\/\/compuviper.mx\/tienda\/producto\/grandstream-grp2636-telefono-ip-12-lineas-6-cuentas-sip-wifi-doble-banda-puertos-gigabit-gdms-poe-color-negro\/\" \/>\n<meta property=\"og:locale\" content=\"es_MX\" \/>\n<meta property=\"og:type\" content=\"article\" \/>\n<meta property=\"og:title\" content=\"[ Grandstream ] &#129351; Grp2636 Telefono Ip \/ 12 Lineas, 6 Cuentas Sip, Wifi Doble Banda, Puertos Gigabit, Gdms, Poe, Color Negro\" \/>\n<meta property=\"og:description\" content=\"Compra Grp2636 Telefono Ip \/ 12 Lineas, 6 Cuentas Sip, Wifi Doble Banda, Puertos Gigabit, Gdms, Poe, Color Negro + Env\u00edo a domicilio + Pago seguro + Garant\u00eda\" \/>\n<meta property=\"og:url\" content=\"https:\/\/compuviper.mx\/tienda\/producto\/grandstream-grp2636-telefono-ip-12-lineas-6-cuentas-sip-wifi-doble-banda-puertos-gigabit-gdms-poe-color-negro\/\" \/>\n<meta property=\"og:site_name\" content=\"Compuviper\" \/>\n<meta property=\"article:publisher\" content=\"https:\/\/www.facebook.com\/compuviper\" \/>\n<meta property=\"og:image\" content=\"https:\/\/compuviper.mx\/tienda\/wp-content\/uploads\/2025\/10\/Telefono-ip-grandstream-grp2636-12-lineas-6-cuentas-sip-wifi-doble-banda-puertos-gigabit-gdms-poe-color-negro.jpg\" \/>\n\t<meta property=\"og:image:width\" content=\"200\" \/>\n\t<meta property=\"og:image:height\" content=\"200\" \/>\n\t<meta property=\"og:image:type\" content=\"image\/jpeg\" \/>\n<meta name=\"twitter:card\" content=\"summary_large_image\" \/>\n<meta name=\"twitter:label1\" content=\"Precio\" \/>\n\t<meta name=\"twitter:data1\" content=\"&#36;2,581 con IVA\" \/>\n\t<meta name=\"twitter:label2\" content=\"Availability\" \/>\n\t<meta name=\"twitter:data2\" content=\"On backorder\" \/>\n<script type=\"application\/ld+json\" class=\"yoast-schema-graph\">{\"@context\":\"https:\/\/schema.org\",\"@graph\":[{\"@type\":\"WebPage\",\"@id\":\"https:\/\/compuviper.mx\/tienda\/producto\/grandstream-grp2636-telefono-ip-12-lineas-6-cuentas-sip-wifi-doble-banda-puertos-gigabit-gdms-poe-color-negro\/\",\"url\":\"https:\/\/compuviper.mx\/tienda\/producto\/grandstream-grp2636-telefono-ip-12-lineas-6-cuentas-sip-wifi-doble-banda-puertos-gigabit-gdms-poe-color-negro\/\",\"name\":\"[ Grandstream ] &#129351; Grp2636 Telefono Ip \/ 12 Lineas, 6 Cuentas Sip, Wifi Doble Banda, Puertos Gigabit, Gdms, Poe, Color Negro\",\"isPartOf\":{\"@id\":\"https:\/\/compuviper.mx\/tienda\/#website\"},\"datePublished\":\"2026-04-16T08:19:47+00:00\",\"dateModified\":\"2026-04-16T08:19:47+00:00\",\"description\":\"Compra Grp2636 Telefono Ip \/ 12 Lineas, 6 Cuentas Sip, Wifi Doble Banda, Puertos Gigabit, Gdms, Poe, Color Negro + Env\u00edo a domicilio + Pago seguro + Garant\u00eda\",\"breadcrumb\":{\"@id\":\"https:\/\/compuviper.mx\/tienda\/producto\/grandstream-grp2636-telefono-ip-12-lineas-6-cuentas-sip-wifi-doble-banda-puertos-gigabit-gdms-poe-color-negro\/#breadcrumb\"},\"inLanguage\":\"es-MX\",\"potentialAction\":[{\"@type\":\"ReadAction\",\"target\":[\"https:\/\/compuviper.mx\/tienda\/producto\/grandstream-grp2636-telefono-ip-12-lineas-6-cuentas-sip-wifi-doble-banda-puertos-gigabit-gdms-poe-color-negro\/\"]}]},{\"@type\":\"BreadcrumbList\",\"@id\":\"https:\/\/compuviper.mx\/tienda\/producto\/grandstream-grp2636-telefono-ip-12-lineas-6-cuentas-sip-wifi-doble-banda-puertos-gigabit-gdms-poe-color-negro\/#breadcrumb\",\"itemListElement\":[{\"@type\":\"ListItem\",\"position\":1,\"name\":\"Inicio\",\"item\":\"https:\/\/compuviper.mx\/tienda\/\"},{\"@type\":\"ListItem\",\"position\":2,\"name\":\"Productos\",\"item\":\"https:\/\/compuviper.mx\/tienda\/productos\/\"},{\"@type\":\"ListItem\",\"position\":3,\"name\":\"Telefonia\",\"item\":\"https:\/\/compuviper.mx\/tienda\/categoria-producto\/telefonia-2\/\"},{\"@type\":\"ListItem\",\"position\":4,\"name\":\"Telefono Ip\",\"item\":\"https:\/\/compuviper.mx\/tienda\/categoria-producto\/telefonia-2\/telefono-ip\/\"},{\"@type\":\"ListItem\",\"position\":5,\"name\":\"Grandstream Grp2636 Telefono Ip \/ 12 Lineas, 6 Cuentas Sip, Wifi Doble Banda, Puertos Gigabit, Gdms, Poe, Color Negro\"}]},{\"@type\":\"WebSite\",\"@id\":\"https:\/\/compuviper.mx\/tienda\/#website\",\"url\":\"https:\/\/compuviper.mx\/tienda\/\",\"name\":\"Compuviper\",\"description\":\"Proveedor de Computadoras, Laptops, Servidores, Monitores, Puntos de Venta, Teclados,   Impresoras, T\u00f3ner, C\u00e1maras de Seguridad y m\u00e1s en tu tienda en l\u00ednea\",\"publisher\":{\"@id\":\"https:\/\/compuviper.mx\/tienda\/#organization\"},\"potentialAction\":[{\"@type\":\"SearchAction\",\"target\":{\"@type\":\"EntryPoint\",\"urlTemplate\":\"https:\/\/compuviper.mx\/tienda\/?s={search_term_string}\"},\"query-input\":\"required name=search_term_string\"}],\"inLanguage\":\"es-MX\"},{\"@type\":\"Organization\",\"@id\":\"https:\/\/compuviper.mx\/tienda\/#organization\",\"name\":\"Compuviper\",\"url\":\"https:\/\/compuviper.mx\/tienda\/\",\"logo\":{\"@type\":\"ImageObject\",\"inLanguage\":\"es-MX\",\"@id\":\"https:\/\/compuviper.mx\/tienda\/#\/schema\/logo\/image\/\",\"url\":\"https:\/\/compuviper.mx\/tienda\/wp-content\/uploads\/2021\/08\/Logo-Compuviper-10.png\",\"contentUrl\":\"https:\/\/compuviper.mx\/tienda\/wp-content\/uploads\/2021\/08\/Logo-Compuviper-10.png\",\"width\":1000,\"height\":500,\"caption\":\"Compuviper\"},\"image\":{\"@id\":\"https:\/\/compuviper.mx\/tienda\/#\/schema\/logo\/image\/\"},\"sameAs\":[\"https:\/\/www.facebook.com\/compuviper\",\"https:\/\/www.youtube.com\/channel\/UCf73dERp9Y3cfOq7q8BhLjA?view_as=subscriber\"]}]}<\/script>\n<meta property=\"product:brand\" content=\"GRANDSTREAM\" \/>\n<meta property=\"product:price:amount\" content=\"2581\" \/>\n<meta property=\"product:price:currency\" content=\"MXN\" \/>\n<meta property=\"og:availability\" content=\"backorder\" \/>\n<meta property=\"product:availability\" content=\"available for order\" \/>\n<meta property=\"product:retailer_item_id\" content=\"GRP2636\" \/>\n<meta property=\"product:condition\" content=\"new\" \/>\n<!-- \/ Yoast SEO plugin. -->","yoast_head_json":{"title":"[ Grandstream ] &#129351; Grp2636 Telefono Ip \/ 12 Lineas, 6 Cuentas Sip, Wifi Doble Banda, Puertos Gigabit, Gdms, Poe, Color Negro","description":"Compra Grp2636 Telefono Ip \/ 12 Lineas, 6 Cuentas Sip, Wifi Doble Banda, Puertos Gigabit, Gdms, Poe, Color Negro + Env\u00edo a domicilio + Pago seguro + Garant\u00eda","robots":{"index":"index","follow":"follow","max-snippet":"max-snippet:-1","max-image-preview":"max-image-preview:large","max-video-preview":"max-video-preview:-1"},"canonical":"https:\/\/compuviper.mx\/tienda\/producto\/grandstream-grp2636-telefono-ip-12-lineas-6-cuentas-sip-wifi-doble-banda-puertos-gigabit-gdms-poe-color-negro\/","og_locale":"es_MX","og_type":"article","og_title":"[ Grandstream ] &#129351; Grp2636 Telefono Ip \/ 12 Lineas, 6 Cuentas Sip, Wifi Doble Banda, Puertos Gigabit, Gdms, Poe, Color Negro","og_description":"Compra Grp2636 Telefono Ip \/ 12 Lineas, 6 Cuentas Sip, Wifi Doble Banda, Puertos Gigabit, Gdms, Poe, Color Negro + Env\u00edo a domicilio + Pago seguro + Garant\u00eda","og_url":"https:\/\/compuviper.mx\/tienda\/producto\/grandstream-grp2636-telefono-ip-12-lineas-6-cuentas-sip-wifi-doble-banda-puertos-gigabit-gdms-poe-color-negro\/","og_site_name":"Compuviper","article_publisher":"https:\/\/www.facebook.com\/compuviper","og_image":[{"width":200,"height":200,"url":"https:\/\/compuviper.mx\/tienda\/wp-content\/uploads\/2025\/10\/Telefono-ip-grandstream-grp2636-12-lineas-6-cuentas-sip-wifi-doble-banda-puertos-gigabit-gdms-poe-color-negro.jpg","type":"image\/jpeg"}],"twitter_card":"summary_large_image","twitter_misc":{"Precio":"&#36;2,581 con IVA","Availability":"On backorder"},"schema":{"@context":"https:\/\/schema.org","@graph":[{"@type":"WebPage","@id":"https:\/\/compuviper.mx\/tienda\/producto\/grandstream-grp2636-telefono-ip-12-lineas-6-cuentas-sip-wifi-doble-banda-puertos-gigabit-gdms-poe-color-negro\/","url":"https:\/\/compuviper.mx\/tienda\/producto\/grandstream-grp2636-telefono-ip-12-lineas-6-cuentas-sip-wifi-doble-banda-puertos-gigabit-gdms-poe-color-negro\/","name":"[ Grandstream ] &#129351; Grp2636 Telefono Ip \/ 12 Lineas, 6 Cuentas Sip, Wifi Doble Banda, Puertos Gigabit, Gdms, Poe, Color Negro","isPartOf":{"@id":"https:\/\/compuviper.mx\/tienda\/#website"},"datePublished":"2026-04-16T08:19:47+00:00","dateModified":"2026-04-16T08:19:47+00:00","description":"Compra Grp2636 Telefono Ip \/ 12 Lineas, 6 Cuentas Sip, Wifi Doble Banda, Puertos Gigabit, Gdms, Poe, Color Negro + Env\u00edo a domicilio + Pago seguro + Garant\u00eda","breadcrumb":{"@id":"https:\/\/compuviper.mx\/tienda\/producto\/grandstream-grp2636-telefono-ip-12-lineas-6-cuentas-sip-wifi-doble-banda-puertos-gigabit-gdms-poe-color-negro\/#breadcrumb"},"inLanguage":"es-MX","potentialAction":[{"@type":"ReadAction","target":["https:\/\/compuviper.mx\/tienda\/producto\/grandstream-grp2636-telefono-ip-12-lineas-6-cuentas-sip-wifi-doble-banda-puertos-gigabit-gdms-poe-color-negro\/"]}]},{"@type":"BreadcrumbList","@id":"https:\/\/compuviper.mx\/tienda\/producto\/grandstream-grp2636-telefono-ip-12-lineas-6-cuentas-sip-wifi-doble-banda-puertos-gigabit-gdms-poe-color-negro\/#breadcrumb","itemListElement":[{"@type":"ListItem","position":1,"name":"Inicio","item":"https:\/\/compuviper.mx\/tienda\/"},{"@type":"ListItem","position":2,"name":"Productos","item":"https:\/\/compuviper.mx\/tienda\/productos\/"},{"@type":"ListItem","position":3,"name":"Telefonia","item":"https:\/\/compuviper.mx\/tienda\/categoria-producto\/telefonia-2\/"},{"@type":"ListItem","position":4,"name":"Telefono Ip","item":"https:\/\/compuviper.mx\/tienda\/categoria-producto\/telefonia-2\/telefono-ip\/"},{"@type":"ListItem","position":5,"name":"Grandstream Grp2636 Telefono Ip \/ 12 Lineas, 6 Cuentas Sip, Wifi Doble Banda, Puertos Gigabit, Gdms, Poe, Color Negro"}]},{"@type":"WebSite","@id":"https:\/\/compuviper.mx\/tienda\/#website","url":"https:\/\/compuviper.mx\/tienda\/","name":"Compuviper","description":"Proveedor de Computadoras, Laptops, Servidores, Monitores, Puntos de Venta, Teclados,   Impresoras, T\u00f3ner, C\u00e1maras de Seguridad y m\u00e1s en tu tienda en l\u00ednea","publisher":{"@id":"https:\/\/compuviper.mx\/tienda\/#organization"},"potentialAction":[{"@type":"SearchAction","target":{"@type":"EntryPoint","urlTemplate":"https:\/\/compuviper.mx\/tienda\/?s={search_term_string}"},"query-input":"required name=search_term_string"}],"inLanguage":"es-MX"},{"@type":"Organization","@id":"https:\/\/compuviper.mx\/tienda\/#organization","name":"Compuviper","url":"https:\/\/compuviper.mx\/tienda\/","logo":{"@type":"ImageObject","inLanguage":"es-MX","@id":"https:\/\/compuviper.mx\/tienda\/#\/schema\/logo\/image\/","url":"https:\/\/compuviper.mx\/tienda\/wp-content\/uploads\/2021\/08\/Logo-Compuviper-10.png","contentUrl":"https:\/\/compuviper.mx\/tienda\/wp-content\/uploads\/2021\/08\/Logo-Compuviper-10.png","width":1000,"height":500,"caption":"Compuviper"},"image":{"@id":"https:\/\/compuviper.mx\/tienda\/#\/schema\/logo\/image\/"},"sameAs":["https:\/\/www.facebook.com\/compuviper","https:\/\/www.youtube.com\/channel\/UCf73dERp9Y3cfOq7q8BhLjA?view_as=subscriber"]}]},"product_brand":"GRANDSTREAM","product_price_amount":"2581","product_price_currency":"MXN","og_availability":"backorder","product_availability":"available for order","product_retailer_item_id":"GRP2636","product_condition":"new"},"_links":{"self":[{"href":"https:\/\/compuviper.mx\/tienda\/wp-json\/wp\/v2\/product\/246938"}],"collection":[{"href":"https:\/\/compuviper.mx\/tienda\/wp-json\/wp\/v2\/product"}],"about":[{"href":"https:\/\/compuviper.mx\/tienda\/wp-json\/wp\/v2\/types\/product"}],"replies":[{"embeddable":true,"href":"https:\/\/compuviper.mx\/tienda\/wp-json\/wp\/v2\/comments?post=246938"}],"wp:featuredmedia":[{"embeddable":true,"href":"https:\/\/compuviper.mx\/tienda\/wp-json\/wp\/v2\/media\/258479"}],"wp:attachment":[{"href":"https:\/\/compuviper.mx\/tienda\/wp-json\/wp\/v2\/media?parent=246938"}],"wp:term":[{"taxonomy":"product_cat","embeddable":true,"href":"https:\/\/compuviper.mx\/tienda\/wp-json\/wp\/v2\/product_cat?post=246938"},{"taxonomy":"product_tag","embeddable":true,"href":"https:\/\/compuviper.mx\/tienda\/wp-json\/wp\/v2\/product_tag?post=246938"}],"curies":[{"name":"wp","href":"https:\/\/api.w.org\/{rel}","templated":true}]}}