{"id":246927,"date":"2026-04-11T01:22:39","date_gmt":"2026-04-11T07:22:39","guid":{"rendered":"https:\/\/compuviper.mx\/tienda\/producto\/dahua-dhi-nvr2208-8p-i2-nvr-nvr2208-8p-i2-de-8-mp-8-canales-ip-wizsense-8-poe-smart-h-265-1-ch-de-reconocimiento-facial-y-fd-hasta-10-bases-de-datos-de-rostros-2-puertos-sata-smd-plus-max\/"},"modified":"2026-04-11T01:22:39","modified_gmt":"2026-04-11T07:22:39","slug":"dahua-dhi-nvr2208-8p-i2-nvr-nvr2208-8p-i2-de-8-mp-8-canales-ip-wizsense-8-poe-smart-h-265-1-ch-de-reconocimiento-facial-y-fd-hasta-10-bases-de-datos-de-rostros-2-puertos-sata-smd-plus-max","status":"publish","type":"product","link":"https:\/\/compuviper.mx\/tienda\/producto\/dahua-dhi-nvr2208-8p-i2-nvr-nvr2208-8p-i2-de-8-mp-8-canales-ip-wizsense-8-poe-smart-h-265-1-ch-de-reconocimiento-facial-y-fd-hasta-10-bases-de-datos-de-rostros-2-puertos-sata-smd-plus-max\/","title":{"rendered":"Dahua Dhi-nvr2208-8p-i2 Nvr\/ \/ Nvr2208-8p-i2\/de 8 Mp\/ 8 Canales Ip\/ Wizsense\/ 8 Poe\/ Smart H.265+\/ 1 Ch De Reconocimiento Facial Y Fd\/ Hasta 10 Bases De Datos De Rostros\/ 2 Puertos Sata\/ Smd Plus\/ Max. Decodificacion D"},"content":{"rendered":"<table class=\"descripcion\">\n<tr>\n<td>Especificaciones<\/td>\n<\/tr>\n<tr>\n<td>\u0095 procesador integrado de grado industrial<\/td>\n<\/tr>\n<tr>\n<td>\u0095 8 canales<\/td>\n<\/tr>\n<tr>\n<td>\u0095 salida de video 1 \u00d7 vga, 1 \u00d7 hdmi<\/td>\n<\/tr>\n<tr>\n<td>\u0095 video inteligente h.265+; h.265; inteligente h.264+; h.264; mjpeg<\/td>\n<\/tr>\n<tr>\n<td>\u0095 ia por camara: deteccion de rostro; reconocimiento facial; proteccion perimetral; smd mas<\/td>\n<\/tr>\n<tr>\n<td>\u0095 deteccion de rostro: 6 atributos: genero; grupo de edad (6); vasos; expresiones (8); mascara de la boca; barba<\/td>\n<\/tr>\n<tr>\n<td>\u0095 capacidad de la base de datos de rostros hasta 10 bases de datos de rostros con 5000 imagenes<\/td>\n<\/tr>\n<tr>\n<td>\u0095 2 puertos sata, hasta 10 tb<\/td>\n<\/tr>\n<tr>\n<td>\u0095 1 \u00d7 usb 2.0 frontal; 1 \u00d7 usb 2.0 trasero<\/td>\n<\/tr>\n<tr>\n<td>\u0095 1 \u00d7 rj-45, 10\/100\/1000mbps<\/td>\n<\/tr>\n<tr>\n<td>\u0095 8 \u00d7 puertos poe, 10\/100 mbps<\/td>\n<\/tr>\n<tr>\n<td>\u0095 1x vga<\/td>\n<\/tr>\n<tr>\n<td>\u0095 1 x hdmi<\/td>\n<\/tr>\n<tr>\n<td>\u0095 fuente de alimentacion 54 v cc, 2,22 a<\/td>\n<\/tr>\n<tr>\n<td>Principales caracteristicas<\/td>\n<\/tr>\n<tr>\n<td>\u0095 formato de decodificacion smart h.265+\/h.265\/smart h.264+\/h.264\/mjpeg<\/td>\n<\/tr>\n<tr>\n<td>\u0095 admite decodificacion adaptativa<\/td>\n<\/tr>\n<tr>\n<td>\u0095 deteccion y reconocimiento de rostros de 1 canal (ia por nvr)<\/td>\n<\/tr>\n<tr>\n<td>\u0095 proteccion perimetral de 1 canal (ia por nvr)<\/td>\n<\/tr>\n<tr>\n<td>\u0095 smd plus de 4 canales (ai por nvr)<\/td>\n<\/tr>\n<tr>\n<td>\u0095 ia por camara: deteccion y reconocimiento de rostros, proteccion perimetral y smd plus<\/td>\n<\/tr>\n<tr>\n<td>\u0095 conectado a las camaras de red de terceros<\/td>\n<\/tr>\n<\/table>\n","protected":false},"excerpt":{"rendered":"<p>Informacion general. Este grabador de video en red con ia es un producto altamente rentable que brinda funciones como vista local en vivo, visualizacion en multiples pantallas, almacenamiento en tiempo real en hdd local, operacion rapida con mouse y administracion y control remotos. Este producto es adecuado para la deteccion y reconocimiento de rostros en entradas y salidas, y proteccion perimetral de personas y vehiculos. Reconocimiento facial. La tecnologia dahua face recognition extrae las caracteristicas de las caras capturadas y las compara con las de la base de datos de caras para reconocer la identidad de la persona. Proteccion perimetral. Filtrado automatico de falsas alarmas causadas por animales, hojas que se mueven, luces brillantes, etc. Permite que el sistema realice un reconocimiento secundario de los objetivos. Mejora de la precision de las alarmas. Smd plus. Con un algoritmo inteligente, la tecnologia de deteccion de movimiento inteligente de dahua puede categorizar los objetivos que activan la deteccion de movimiento y filtrar la alarma de deteccion de movimiento activada por objetivos no afectados para generar funciones una alarma efectiva y precisa.<\/p>\n","protected":false},"featured_media":260414,"comment_status":"open","ping_status":"open","template":"","meta":[],"product_cat":[1689,1768],"product_tag":[1555],"acf":[],"yoast_head":"<!-- This site is optimized with the Yoast SEO plugin v21.7 - https:\/\/yoast.com\/wordpress\/plugins\/seo\/ -->\n<title>[ Dahua ] &#129351; Dhi-nvr2208-8p-i2 Nvr\/ \/ Nvr2208-8p-i2\/de 8 Mp\/ 8 Canales Ip\/ Wizsense\/ 8 Poe\/ Smart H.265+\/ 1 Ch De Reconocimiento Facial Y Fd\/ Hasta 10 Bases De Datos De Rostros\/ 2 Puertos Sata\/ Smd Plus\/ Max. Decodificacion D<\/title>\n<meta name=\"description\" content=\"Compra Dhi-nvr2208-8p-i2 Nvr\/ \/ Nvr2208-8p-i2\/de 8 Mp\/ 8 Canales Ip\/ Wizsense\/ 8 Poe\/ Smart H.265+\/ 1 Ch De Reconocimiento Facial Y Fd\/ Hasta 10 Bases De Datos De Rostros\/ 2 Puertos Sata\/ Smd Plus\/ Max. Decodificacion D + Env\u00edo a domicilio + Pago seguro + Garant\u00eda\" \/>\n<meta name=\"robots\" content=\"index, follow, max-snippet:-1, max-image-preview:large, max-video-preview:-1\" \/>\n<link rel=\"canonical\" href=\"https:\/\/compuviper.mx\/tienda\/producto\/dahua-dhi-nvr2208-8p-i2-nvr-nvr2208-8p-i2-de-8-mp-8-canales-ip-wizsense-8-poe-smart-h-265-1-ch-de-reconocimiento-facial-y-fd-hasta-10-bases-de-datos-de-rostros-2-puertos-sata-smd-plus-max\/\" \/>\n<meta property=\"og:locale\" content=\"es_MX\" \/>\n<meta property=\"og:type\" content=\"article\" \/>\n<meta property=\"og:title\" content=\"[ Dahua ] &#129351; Dhi-nvr2208-8p-i2 Nvr\/ \/ Nvr2208-8p-i2\/de 8 Mp\/ 8 Canales Ip\/ Wizsense\/ 8 Poe\/ Smart H.265+\/ 1 Ch De Reconocimiento Facial Y Fd\/ Hasta 10 Bases De Datos De Rostros\/ 2 Puertos Sata\/ Smd Plus\/ Max. Decodificacion D\" \/>\n<meta property=\"og:description\" content=\"Compra Dhi-nvr2208-8p-i2 Nvr\/ \/ Nvr2208-8p-i2\/de 8 Mp\/ 8 Canales Ip\/ Wizsense\/ 8 Poe\/ Smart H.265+\/ 1 Ch De Reconocimiento Facial Y Fd\/ Hasta 10 Bases De Datos De Rostros\/ 2 Puertos Sata\/ Smd Plus\/ Max. Decodificacion D + Env\u00edo a domicilio + Pago seguro + Garant\u00eda\" \/>\n<meta property=\"og:url\" content=\"https:\/\/compuviper.mx\/tienda\/producto\/dahua-dhi-nvr2208-8p-i2-nvr-nvr2208-8p-i2-de-8-mp-8-canales-ip-wizsense-8-poe-smart-h-265-1-ch-de-reconocimiento-facial-y-fd-hasta-10-bases-de-datos-de-rostros-2-puertos-sata-smd-plus-max\/\" \/>\n<meta property=\"og:site_name\" content=\"Compuviper\" \/>\n<meta property=\"article:publisher\" content=\"https:\/\/www.facebook.com\/compuviper\" \/>\n<meta property=\"og:image\" content=\"https:\/\/compuviper.mx\/tienda\/wp-content\/uploads\/2025\/10\/Nvr-dahua-nvr2208-8p-i2de-8-mp-8-canales-ip-wizsense-8-poe-smart-h.265-1-ch-de-reconocimiento-facial-y-fd-hasta-10-bases-de-datos-de-rostros-2-puertos-sata-smd-plus-max.-decodificacion-d.jpg\" \/>\n\t<meta property=\"og:image:width\" content=\"200\" \/>\n\t<meta property=\"og:image:height\" content=\"200\" \/>\n\t<meta property=\"og:image:type\" content=\"image\/jpeg\" \/>\n<meta name=\"twitter:card\" content=\"summary_large_image\" \/>\n<meta name=\"twitter:label1\" content=\"Precio\" \/>\n\t<meta name=\"twitter:data1\" content=\"&#36;3,608 con IVA\" \/>\n\t<meta name=\"twitter:label2\" content=\"Availability\" \/>\n\t<meta name=\"twitter:data2\" content=\"In stock\" \/>\n<script type=\"application\/ld+json\" class=\"yoast-schema-graph\">{\"@context\":\"https:\/\/schema.org\",\"@graph\":[{\"@type\":\"WebPage\",\"@id\":\"https:\/\/compuviper.mx\/tienda\/producto\/dahua-dhi-nvr2208-8p-i2-nvr-nvr2208-8p-i2-de-8-mp-8-canales-ip-wizsense-8-poe-smart-h-265-1-ch-de-reconocimiento-facial-y-fd-hasta-10-bases-de-datos-de-rostros-2-puertos-sata-smd-plus-max\/\",\"url\":\"https:\/\/compuviper.mx\/tienda\/producto\/dahua-dhi-nvr2208-8p-i2-nvr-nvr2208-8p-i2-de-8-mp-8-canales-ip-wizsense-8-poe-smart-h-265-1-ch-de-reconocimiento-facial-y-fd-hasta-10-bases-de-datos-de-rostros-2-puertos-sata-smd-plus-max\/\",\"name\":\"[ Dahua ] &#129351; Dhi-nvr2208-8p-i2 Nvr\/ \/ Nvr2208-8p-i2\/de 8 Mp\/ 8 Canales Ip\/ Wizsense\/ 8 Poe\/ Smart H.265+\/ 1 Ch De Reconocimiento Facial Y Fd\/ Hasta 10 Bases De Datos De Rostros\/ 2 Puertos Sata\/ Smd Plus\/ Max. Decodificacion D\",\"isPartOf\":{\"@id\":\"https:\/\/compuviper.mx\/tienda\/#website\"},\"datePublished\":\"2026-04-11T07:22:39+00:00\",\"dateModified\":\"2026-04-11T07:22:39+00:00\",\"description\":\"Compra Dhi-nvr2208-8p-i2 Nvr\/ \/ Nvr2208-8p-i2\/de 8 Mp\/ 8 Canales Ip\/ Wizsense\/ 8 Poe\/ Smart H.265+\/ 1 Ch De Reconocimiento Facial Y Fd\/ Hasta 10 Bases De Datos De Rostros\/ 2 Puertos Sata\/ Smd Plus\/ Max. Decodificacion D + Env\u00edo a domicilio + Pago seguro + Garant\u00eda\",\"breadcrumb\":{\"@id\":\"https:\/\/compuviper.mx\/tienda\/producto\/dahua-dhi-nvr2208-8p-i2-nvr-nvr2208-8p-i2-de-8-mp-8-canales-ip-wizsense-8-poe-smart-h-265-1-ch-de-reconocimiento-facial-y-fd-hasta-10-bases-de-datos-de-rostros-2-puertos-sata-smd-plus-max\/#breadcrumb\"},\"inLanguage\":\"es-MX\",\"potentialAction\":[{\"@type\":\"ReadAction\",\"target\":[\"https:\/\/compuviper.mx\/tienda\/producto\/dahua-dhi-nvr2208-8p-i2-nvr-nvr2208-8p-i2-de-8-mp-8-canales-ip-wizsense-8-poe-smart-h-265-1-ch-de-reconocimiento-facial-y-fd-hasta-10-bases-de-datos-de-rostros-2-puertos-sata-smd-plus-max\/\"]}]},{\"@type\":\"BreadcrumbList\",\"@id\":\"https:\/\/compuviper.mx\/tienda\/producto\/dahua-dhi-nvr2208-8p-i2-nvr-nvr2208-8p-i2-de-8-mp-8-canales-ip-wizsense-8-poe-smart-h-265-1-ch-de-reconocimiento-facial-y-fd-hasta-10-bases-de-datos-de-rostros-2-puertos-sata-smd-plus-max\/#breadcrumb\",\"itemListElement\":[{\"@type\":\"ListItem\",\"position\":1,\"name\":\"Inicio\",\"item\":\"https:\/\/compuviper.mx\/tienda\/\"},{\"@type\":\"ListItem\",\"position\":2,\"name\":\"Productos\",\"item\":\"https:\/\/compuviper.mx\/tienda\/productos\/\"},{\"@type\":\"ListItem\",\"position\":3,\"name\":\"Videograbadores\",\"item\":\"https:\/\/compuviper.mx\/tienda\/categoria-producto\/videograbadores\/\"},{\"@type\":\"ListItem\",\"position\":4,\"name\":\"Nvr\",\"item\":\"https:\/\/compuviper.mx\/tienda\/categoria-producto\/videograbadores\/nvr\/\"},{\"@type\":\"ListItem\",\"position\":5,\"name\":\"Dahua Dhi-nvr2208-8p-i2 Nvr\/ \/ Nvr2208-8p-i2\/de 8 Mp\/ 8 Canales Ip\/ Wizsense\/ 8 Poe\/ Smart H.265+\/ 1 Ch De Reconocimiento Facial Y Fd\/ Hasta 10 Bases De Datos De Rostros\/ 2 Puertos Sata\/ Smd Plus\/ Max. Decodificacion D\"}]},{\"@type\":\"WebSite\",\"@id\":\"https:\/\/compuviper.mx\/tienda\/#website\",\"url\":\"https:\/\/compuviper.mx\/tienda\/\",\"name\":\"Compuviper\",\"description\":\"Proveedor de Computadoras, Laptops, Servidores, Monitores, Puntos de Venta, Teclados,   Impresoras, T\u00f3ner, C\u00e1maras de Seguridad y m\u00e1s en tu tienda en l\u00ednea\",\"publisher\":{\"@id\":\"https:\/\/compuviper.mx\/tienda\/#organization\"},\"potentialAction\":[{\"@type\":\"SearchAction\",\"target\":{\"@type\":\"EntryPoint\",\"urlTemplate\":\"https:\/\/compuviper.mx\/tienda\/?s={search_term_string}\"},\"query-input\":\"required name=search_term_string\"}],\"inLanguage\":\"es-MX\"},{\"@type\":\"Organization\",\"@id\":\"https:\/\/compuviper.mx\/tienda\/#organization\",\"name\":\"Compuviper\",\"url\":\"https:\/\/compuviper.mx\/tienda\/\",\"logo\":{\"@type\":\"ImageObject\",\"inLanguage\":\"es-MX\",\"@id\":\"https:\/\/compuviper.mx\/tienda\/#\/schema\/logo\/image\/\",\"url\":\"https:\/\/compuviper.mx\/tienda\/wp-content\/uploads\/2021\/08\/Logo-Compuviper-10.png\",\"contentUrl\":\"https:\/\/compuviper.mx\/tienda\/wp-content\/uploads\/2021\/08\/Logo-Compuviper-10.png\",\"width\":1000,\"height\":500,\"caption\":\"Compuviper\"},\"image\":{\"@id\":\"https:\/\/compuviper.mx\/tienda\/#\/schema\/logo\/image\/\"},\"sameAs\":[\"https:\/\/www.facebook.com\/compuviper\",\"https:\/\/www.youtube.com\/channel\/UCf73dERp9Y3cfOq7q8BhLjA?view_as=subscriber\"]}]}<\/script>\n<meta property=\"product:brand\" content=\"DAHUA\" \/>\n<meta property=\"product:price:amount\" content=\"3608\" \/>\n<meta property=\"product:price:currency\" content=\"MXN\" \/>\n<meta property=\"og:availability\" content=\"instock\" \/>\n<meta property=\"product:availability\" content=\"instock\" \/>\n<meta property=\"product:retailer_item_id\" content=\"DHI-NVR2208-8P-I2\" \/>\n<meta property=\"product:condition\" content=\"new\" \/>\n<!-- \/ Yoast SEO plugin. -->","yoast_head_json":{"title":"[ Dahua ] &#129351; Dhi-nvr2208-8p-i2 Nvr\/ \/ Nvr2208-8p-i2\/de 8 Mp\/ 8 Canales Ip\/ Wizsense\/ 8 Poe\/ Smart H.265+\/ 1 Ch De Reconocimiento Facial Y Fd\/ Hasta 10 Bases De Datos De Rostros\/ 2 Puertos Sata\/ Smd Plus\/ Max. Decodificacion D","description":"Compra Dhi-nvr2208-8p-i2 Nvr\/ \/ Nvr2208-8p-i2\/de 8 Mp\/ 8 Canales Ip\/ Wizsense\/ 8 Poe\/ Smart H.265+\/ 1 Ch De Reconocimiento Facial Y Fd\/ Hasta 10 Bases De Datos De Rostros\/ 2 Puertos Sata\/ Smd Plus\/ Max. Decodificacion D + Env\u00edo a domicilio + Pago seguro + Garant\u00eda","robots":{"index":"index","follow":"follow","max-snippet":"max-snippet:-1","max-image-preview":"max-image-preview:large","max-video-preview":"max-video-preview:-1"},"canonical":"https:\/\/compuviper.mx\/tienda\/producto\/dahua-dhi-nvr2208-8p-i2-nvr-nvr2208-8p-i2-de-8-mp-8-canales-ip-wizsense-8-poe-smart-h-265-1-ch-de-reconocimiento-facial-y-fd-hasta-10-bases-de-datos-de-rostros-2-puertos-sata-smd-plus-max\/","og_locale":"es_MX","og_type":"article","og_title":"[ Dahua ] &#129351; Dhi-nvr2208-8p-i2 Nvr\/ \/ Nvr2208-8p-i2\/de 8 Mp\/ 8 Canales Ip\/ Wizsense\/ 8 Poe\/ Smart H.265+\/ 1 Ch De Reconocimiento Facial Y Fd\/ Hasta 10 Bases De Datos De Rostros\/ 2 Puertos Sata\/ Smd Plus\/ Max. Decodificacion D","og_description":"Compra Dhi-nvr2208-8p-i2 Nvr\/ \/ Nvr2208-8p-i2\/de 8 Mp\/ 8 Canales Ip\/ Wizsense\/ 8 Poe\/ Smart H.265+\/ 1 Ch De Reconocimiento Facial Y Fd\/ Hasta 10 Bases De Datos De Rostros\/ 2 Puertos Sata\/ Smd Plus\/ Max. Decodificacion D + Env\u00edo a domicilio + Pago seguro + Garant\u00eda","og_url":"https:\/\/compuviper.mx\/tienda\/producto\/dahua-dhi-nvr2208-8p-i2-nvr-nvr2208-8p-i2-de-8-mp-8-canales-ip-wizsense-8-poe-smart-h-265-1-ch-de-reconocimiento-facial-y-fd-hasta-10-bases-de-datos-de-rostros-2-puertos-sata-smd-plus-max\/","og_site_name":"Compuviper","article_publisher":"https:\/\/www.facebook.com\/compuviper","og_image":[{"width":200,"height":200,"url":"https:\/\/compuviper.mx\/tienda\/wp-content\/uploads\/2025\/10\/Nvr-dahua-nvr2208-8p-i2de-8-mp-8-canales-ip-wizsense-8-poe-smart-h.265-1-ch-de-reconocimiento-facial-y-fd-hasta-10-bases-de-datos-de-rostros-2-puertos-sata-smd-plus-max.-decodificacion-d.jpg","type":"image\/jpeg"}],"twitter_card":"summary_large_image","twitter_misc":{"Precio":"&#36;3,608 con IVA","Availability":"In stock"},"schema":{"@context":"https:\/\/schema.org","@graph":[{"@type":"WebPage","@id":"https:\/\/compuviper.mx\/tienda\/producto\/dahua-dhi-nvr2208-8p-i2-nvr-nvr2208-8p-i2-de-8-mp-8-canales-ip-wizsense-8-poe-smart-h-265-1-ch-de-reconocimiento-facial-y-fd-hasta-10-bases-de-datos-de-rostros-2-puertos-sata-smd-plus-max\/","url":"https:\/\/compuviper.mx\/tienda\/producto\/dahua-dhi-nvr2208-8p-i2-nvr-nvr2208-8p-i2-de-8-mp-8-canales-ip-wizsense-8-poe-smart-h-265-1-ch-de-reconocimiento-facial-y-fd-hasta-10-bases-de-datos-de-rostros-2-puertos-sata-smd-plus-max\/","name":"[ Dahua ] &#129351; Dhi-nvr2208-8p-i2 Nvr\/ \/ Nvr2208-8p-i2\/de 8 Mp\/ 8 Canales Ip\/ Wizsense\/ 8 Poe\/ Smart H.265+\/ 1 Ch De Reconocimiento Facial Y Fd\/ Hasta 10 Bases De Datos De Rostros\/ 2 Puertos Sata\/ Smd Plus\/ Max. Decodificacion D","isPartOf":{"@id":"https:\/\/compuviper.mx\/tienda\/#website"},"datePublished":"2026-04-11T07:22:39+00:00","dateModified":"2026-04-11T07:22:39+00:00","description":"Compra Dhi-nvr2208-8p-i2 Nvr\/ \/ Nvr2208-8p-i2\/de 8 Mp\/ 8 Canales Ip\/ Wizsense\/ 8 Poe\/ Smart H.265+\/ 1 Ch De Reconocimiento Facial Y Fd\/ Hasta 10 Bases De Datos De Rostros\/ 2 Puertos Sata\/ Smd Plus\/ Max. Decodificacion D + Env\u00edo a domicilio + Pago seguro + Garant\u00eda","breadcrumb":{"@id":"https:\/\/compuviper.mx\/tienda\/producto\/dahua-dhi-nvr2208-8p-i2-nvr-nvr2208-8p-i2-de-8-mp-8-canales-ip-wizsense-8-poe-smart-h-265-1-ch-de-reconocimiento-facial-y-fd-hasta-10-bases-de-datos-de-rostros-2-puertos-sata-smd-plus-max\/#breadcrumb"},"inLanguage":"es-MX","potentialAction":[{"@type":"ReadAction","target":["https:\/\/compuviper.mx\/tienda\/producto\/dahua-dhi-nvr2208-8p-i2-nvr-nvr2208-8p-i2-de-8-mp-8-canales-ip-wizsense-8-poe-smart-h-265-1-ch-de-reconocimiento-facial-y-fd-hasta-10-bases-de-datos-de-rostros-2-puertos-sata-smd-plus-max\/"]}]},{"@type":"BreadcrumbList","@id":"https:\/\/compuviper.mx\/tienda\/producto\/dahua-dhi-nvr2208-8p-i2-nvr-nvr2208-8p-i2-de-8-mp-8-canales-ip-wizsense-8-poe-smart-h-265-1-ch-de-reconocimiento-facial-y-fd-hasta-10-bases-de-datos-de-rostros-2-puertos-sata-smd-plus-max\/#breadcrumb","itemListElement":[{"@type":"ListItem","position":1,"name":"Inicio","item":"https:\/\/compuviper.mx\/tienda\/"},{"@type":"ListItem","position":2,"name":"Productos","item":"https:\/\/compuviper.mx\/tienda\/productos\/"},{"@type":"ListItem","position":3,"name":"Videograbadores","item":"https:\/\/compuviper.mx\/tienda\/categoria-producto\/videograbadores\/"},{"@type":"ListItem","position":4,"name":"Nvr","item":"https:\/\/compuviper.mx\/tienda\/categoria-producto\/videograbadores\/nvr\/"},{"@type":"ListItem","position":5,"name":"Dahua Dhi-nvr2208-8p-i2 Nvr\/ \/ Nvr2208-8p-i2\/de 8 Mp\/ 8 Canales Ip\/ Wizsense\/ 8 Poe\/ Smart H.265+\/ 1 Ch De Reconocimiento Facial Y Fd\/ Hasta 10 Bases De Datos De Rostros\/ 2 Puertos Sata\/ Smd Plus\/ Max. Decodificacion D"}]},{"@type":"WebSite","@id":"https:\/\/compuviper.mx\/tienda\/#website","url":"https:\/\/compuviper.mx\/tienda\/","name":"Compuviper","description":"Proveedor de Computadoras, Laptops, Servidores, Monitores, Puntos de Venta, Teclados,   Impresoras, T\u00f3ner, C\u00e1maras de Seguridad y m\u00e1s en tu tienda en l\u00ednea","publisher":{"@id":"https:\/\/compuviper.mx\/tienda\/#organization"},"potentialAction":[{"@type":"SearchAction","target":{"@type":"EntryPoint","urlTemplate":"https:\/\/compuviper.mx\/tienda\/?s={search_term_string}"},"query-input":"required name=search_term_string"}],"inLanguage":"es-MX"},{"@type":"Organization","@id":"https:\/\/compuviper.mx\/tienda\/#organization","name":"Compuviper","url":"https:\/\/compuviper.mx\/tienda\/","logo":{"@type":"ImageObject","inLanguage":"es-MX","@id":"https:\/\/compuviper.mx\/tienda\/#\/schema\/logo\/image\/","url":"https:\/\/compuviper.mx\/tienda\/wp-content\/uploads\/2021\/08\/Logo-Compuviper-10.png","contentUrl":"https:\/\/compuviper.mx\/tienda\/wp-content\/uploads\/2021\/08\/Logo-Compuviper-10.png","width":1000,"height":500,"caption":"Compuviper"},"image":{"@id":"https:\/\/compuviper.mx\/tienda\/#\/schema\/logo\/image\/"},"sameAs":["https:\/\/www.facebook.com\/compuviper","https:\/\/www.youtube.com\/channel\/UCf73dERp9Y3cfOq7q8BhLjA?view_as=subscriber"]}]},"product_brand":"DAHUA","product_price_amount":"3608","product_price_currency":"MXN","og_availability":"instock","product_availability":"instock","product_retailer_item_id":"DHI-NVR2208-8P-I2","product_condition":"new"},"_links":{"self":[{"href":"https:\/\/compuviper.mx\/tienda\/wp-json\/wp\/v2\/product\/246927"}],"collection":[{"href":"https:\/\/compuviper.mx\/tienda\/wp-json\/wp\/v2\/product"}],"about":[{"href":"https:\/\/compuviper.mx\/tienda\/wp-json\/wp\/v2\/types\/product"}],"replies":[{"embeddable":true,"href":"https:\/\/compuviper.mx\/tienda\/wp-json\/wp\/v2\/comments?post=246927"}],"wp:featuredmedia":[{"embeddable":true,"href":"https:\/\/compuviper.mx\/tienda\/wp-json\/wp\/v2\/media\/260414"}],"wp:attachment":[{"href":"https:\/\/compuviper.mx\/tienda\/wp-json\/wp\/v2\/media?parent=246927"}],"wp:term":[{"taxonomy":"product_cat","embeddable":true,"href":"https:\/\/compuviper.mx\/tienda\/wp-json\/wp\/v2\/product_cat?post=246927"},{"taxonomy":"product_tag","embeddable":true,"href":"https:\/\/compuviper.mx\/tienda\/wp-json\/wp\/v2\/product_tag?post=246927"}],"curies":[{"name":"wp","href":"https:\/\/api.w.org\/{rel}","templated":true}]}}