{"id":246919,"date":"2026-04-18T01:14:16","date_gmt":"2026-04-18T07:14:16","guid":{"rendered":"https:\/\/compuviper.mx\/tienda\/producto\/grandstream-gcc6010w-router-gcc6010-dispositivo-4-en-1-firewall-router-wi-fi-pbx-ip-switch-incluye-un-ap-wi-fi-6-de-doble-banda\/"},"modified":"2026-04-18T01:14:16","modified_gmt":"2026-04-18T07:14:16","slug":"grandstream-gcc6010w-router-dispositivo-4-en-1-firewall-router-wi-fi-pbx-ip-switch-incluye-un-ap-wi-fi-6-de-doble-banda","status":"publish","type":"product","link":"https:\/\/compuviper.mx\/tienda\/producto\/grandstream-gcc6010w-router-dispositivo-4-en-1-firewall-router-wi-fi-pbx-ip-switch-incluye-un-ap-wi-fi-6-de-doble-banda\/","title":{"rendered":"Grandstream Gcc6010w Router   \/ Dispositivo 4 En 1: Firewall, Router Wi-fi, Pbx Ip, Switch, Incluye Un Ap Wi-fi 6 De Doble Banda"},"content":{"rendered":"<table class=\"descripcion\">\n<tr>\n<td>Est\u00e1ndares wi-fi:   ieee 802.11 a\/b\/g\/n\/ac\/ax<\/td>\n<\/tr>\n<tr>\n<td>Antenas:   3 antenas internas individuales (2 x banda dual + 1 x 5g de banda \u00fanica) &#8211; 2.4 ghz: ganancia m\u00e1xima 4 dbi &#8211; 5 ghz: ganancia m\u00e1xima 6dbi<\/td>\n<\/tr>\n<tr>\n<td>Canal de banda ancha:   2.4g: 20 y 40 mhz &#8211; 5g: 20, 40, 80, 160 mhz<\/td>\n<\/tr>\n<tr>\n<td>Wi-fi y seguridad del sistema:   wpa\/wpa2-psk, wpa\/wpa2 empresarial (tkip\/aes); wpa3, arranque seguro anti-hacking y bloqueo de control\/datos<\/td>\n<\/tr>\n<tr>\n<td>Cr\u00edticos mediante firmas digitales, certificado de seguridad \u00fanico y contrase\u00f1a predeterminada aleatoria por dispositivo<\/td>\n<\/tr>\n<tr>\n<td>Mu-mimo:   2&#215;2:2 2.4ghz<\/td>\n<\/tr>\n<tr>\n<td>Potencia m\u00e1xima de transmisi\u00f3n:   5g: 25.5dbm 2.4g: 28.5dbm<\/td>\n<\/tr>\n<tr>\n<td>*la potencia m\u00e1xima var\u00eda seg\u00fan el pa\u00eds, la banda de frecuencia y la tasa mcs<\/td>\n<\/tr>\n<tr>\n<td>Puertos de red:   5 puertos gigabit ethernet *todos los puertos son configurables wan\/lan, m\u00e1ximo 3x wan<\/td>\n<\/tr>\n<tr>\n<td>Puertos auxiliares:   1xmicro-sd, 1xusb 3.0, 1xrestablecer<\/td>\n<\/tr>\n<tr>\n<td>Memoria:   2 gb de ram, 32 gb de memoria flash emmc<\/td>\n<\/tr>\n<tr>\n<td>Router:   3gbps<\/td>\n<\/tr>\n<tr>\n<td>Ipsec vpn throughput:   1gbps<\/td>\n<\/tr>\n<tr>\n<td>Sesiones nat:   160k<\/td>\n<\/tr>\n<tr>\n<td>Ids\/ips:   900mbps<\/td>\n<\/tr>\n<tr>\n<td>Pbx:  12 usuarios y 4 llamadas simult\u00e1neas de forma predeterminada<\/td>\n<\/tr>\n<tr>\n<td>Montaje:   escritorio<\/td>\n<\/tr>\n<tr>\n<td>Material:   minitorre de pl\u00e1stico<\/td>\n<\/tr>\n<tr>\n<td>Leds:   8 x led para seguimiento del dispositivo e indicaci\u00f3n de estado<\/td>\n<\/tr>\n<tr>\n<td>Tipo de conecci\u00f3n:   dhcp, ip est\u00e1tica, pppoe<\/td>\n<\/tr>\n<tr>\n<td>Administraci\u00f3n de redes:   sistema de administraci\u00f3n de dispositivos grandstream (gdms), gui web local, ssh y snmp (v1\/v2c\/v3)<\/td>\n<\/tr>\n<tr>\n<td>M\u00e1ximo aps\/clientes:   hasta 150 ap gwn; hasta 500 clientes<\/td>\n<\/tr>\n<tr>\n<td>Energ\u00eda y eficiencia energ\u00e9tica verde:   adaptador de corriente universal<\/td>\n<\/tr>\n<tr>\n<td>Incluido: entrada 100-240 vca 50-60 hz &#8211; salida: 12 vcc 1,5 a (18 w)<\/td>\n<\/tr>\n<tr>\n<td>Condiciones ambientales ideales:   operaci\u00f3n: 0\u00b0c a 45\u00b0c &#8211; almacenamiento: -30\u00b0c a 60\u00b0c &#8211; humedad: 5% a 95% sin condensaci\u00f3n<\/td>\n<\/tr>\n<tr>\n<td>F\u00edsico:   dimensiones de la unidad: 95 x 95 x 193 mm &#8211; peso unitario: 565 g &#8211; dimensi\u00f3n completa del paquete: 186 x 127 x 105 mm &#8211; peso completo del paquete: 920 g<\/td>\n<\/tr>\n<tr>\n<td>Contenido del paquete:   gcc6010w, fuente de alimentaci\u00f3n universal, cable de red, gu\u00eda de instalaci\u00f3n r\u00e1pida<\/td>\n<\/tr>\n<tr>\n<td>Cumplimiento:   fcc, ce, rcm, ic<\/td>\n<\/tr>\n<\/table>\n","protected":false},"excerpt":{"rendered":"<p>La serie gcc6010 proporciona una extraordinaria soluci\u00f3n todo en uno que redefine la experiencia de las comunicaciones al fusionar sus soluciones de redes y comunicaciones unificadas en una sola plataforma. Estos dispositivos de \u00faltima generaci\u00f3n combinan la funcionalidad de 4 productos para brindar una soluci\u00f3n todo en uno que incluye un router vpn, un firewall de pr\u00f3xima generaci\u00f3n, ip pbx y un switch de red o punto de acceso wi-fi. Con la serie gcc, puede crear y administrar redes cableadas, inal\u00e1mbricas y vpn, brindar seguridad de red de nivel empresarial y utilizar una plataforma de comunicaci\u00f3n y colaboraci\u00f3n l\u00edder en el mercado. Estos dispositivos flexibles brindan administraci\u00f3n unificada y control centralizado de todas las soluciones de dispositivos de grandstream, incluidos ap wi-fi, switches de red, tel\u00e9fonos ip y m\u00e1s. La serie gcc permite configurar soluciones completas de uc, redes y seguridad en minutos y administrarlas a trav\u00e9s de la nube con grandstream device management system (gdms). Tambi\u00e9n se puede administrar a trav\u00e9s de nuestra aplicaci\u00f3n m\u00f3vil, interfaz de usuario web local y administraci\u00f3n de consola ssh. Ideal para peque\u00f1as y medianas empresas, la serie gcc6010 proporciona una plataforma todo en uno que combina todas las necesidades de datos, seguridad, comunicaci\u00f3n y colaboraci\u00f3n del negocio en un solo dispositivo, lo que hace que sea m\u00e1s f\u00e1cil y asequible que nunca construir soluciones de comunicaci\u00f3n de \u00faltima generaci\u00f3n<\/p>\n","protected":false},"featured_media":260120,"comment_status":"open","ping_status":"open","template":"","meta":[],"product_cat":[1563,1753],"product_tag":[1576],"acf":[],"yoast_head":"<!-- This site is optimized with the Yoast SEO plugin v21.7 - https:\/\/yoast.com\/wordpress\/plugins\/seo\/ -->\n<title>[ Grandstream ] &#129351; Gcc6010w Router \/ Dispositivo 4 En 1: Firewall, Router Wi-fi, Pbx Ip, Switch, Incluye Un Ap Wi-fi 6 De Doble Banda<\/title>\n<meta name=\"description\" content=\"Compra Gcc6010w Router \/ Dispositivo 4 En 1: Firewall, Router Wi-fi, Pbx Ip, Switch, Incluye Un Ap Wi-fi 6 De Doble Banda + Env\u00edo a domicilio + Pago seguro + Garant\u00eda\" \/>\n<meta name=\"robots\" content=\"index, follow, max-snippet:-1, max-image-preview:large, max-video-preview:-1\" \/>\n<link rel=\"canonical\" href=\"https:\/\/compuviper.mx\/tienda\/producto\/grandstream-gcc6010w-router-dispositivo-4-en-1-firewall-router-wi-fi-pbx-ip-switch-incluye-un-ap-wi-fi-6-de-doble-banda\/\" \/>\n<meta property=\"og:locale\" content=\"es_MX\" \/>\n<meta property=\"og:type\" content=\"article\" \/>\n<meta property=\"og:title\" content=\"[ Grandstream ] &#129351; Gcc6010w Router \/ Dispositivo 4 En 1: Firewall, Router Wi-fi, Pbx Ip, Switch, Incluye Un Ap Wi-fi 6 De Doble Banda\" \/>\n<meta property=\"og:description\" content=\"Compra Gcc6010w Router \/ Dispositivo 4 En 1: Firewall, Router Wi-fi, Pbx Ip, Switch, Incluye Un Ap Wi-fi 6 De Doble Banda + Env\u00edo a domicilio + Pago seguro + Garant\u00eda\" \/>\n<meta property=\"og:url\" content=\"https:\/\/compuviper.mx\/tienda\/producto\/grandstream-gcc6010w-router-dispositivo-4-en-1-firewall-router-wi-fi-pbx-ip-switch-incluye-un-ap-wi-fi-6-de-doble-banda\/\" \/>\n<meta property=\"og:site_name\" content=\"Compuviper\" \/>\n<meta property=\"article:publisher\" content=\"https:\/\/www.facebook.com\/compuviper\" \/>\n<meta property=\"og:image\" content=\"https:\/\/compuviper.mx\/tienda\/wp-content\/uploads\/2025\/10\/Router-grandstream-gcc6010w-dispositivo-4-en-1-firewall-router-wi-fi-pbx-ip-switch-incluye-un-ap-wi-fi-6-de-doble-banda.jpg\" \/>\n\t<meta property=\"og:image:width\" content=\"200\" \/>\n\t<meta property=\"og:image:height\" content=\"200\" \/>\n\t<meta property=\"og:image:type\" content=\"image\/jpeg\" \/>\n<meta name=\"twitter:card\" content=\"summary_large_image\" \/>\n<meta name=\"twitter:label1\" content=\"Precio\" \/>\n\t<meta name=\"twitter:data1\" content=\"&#36;3,711 con IVA\" \/>\n\t<meta name=\"twitter:label2\" content=\"Availability\" \/>\n\t<meta name=\"twitter:data2\" content=\"Out of stock\" \/>\n<script type=\"application\/ld+json\" class=\"yoast-schema-graph\">{\"@context\":\"https:\/\/schema.org\",\"@graph\":[{\"@type\":\"WebPage\",\"@id\":\"https:\/\/compuviper.mx\/tienda\/producto\/grandstream-gcc6010w-router-dispositivo-4-en-1-firewall-router-wi-fi-pbx-ip-switch-incluye-un-ap-wi-fi-6-de-doble-banda\/\",\"url\":\"https:\/\/compuviper.mx\/tienda\/producto\/grandstream-gcc6010w-router-dispositivo-4-en-1-firewall-router-wi-fi-pbx-ip-switch-incluye-un-ap-wi-fi-6-de-doble-banda\/\",\"name\":\"[ Grandstream ] &#129351; Gcc6010w Router \/ Dispositivo 4 En 1: Firewall, Router Wi-fi, Pbx Ip, Switch, Incluye Un Ap Wi-fi 6 De Doble Banda\",\"isPartOf\":{\"@id\":\"https:\/\/compuviper.mx\/tienda\/#website\"},\"datePublished\":\"2026-04-18T07:14:16+00:00\",\"dateModified\":\"2026-04-18T07:14:16+00:00\",\"description\":\"Compra Gcc6010w Router \/ Dispositivo 4 En 1: Firewall, Router Wi-fi, Pbx Ip, Switch, Incluye Un Ap Wi-fi 6 De Doble Banda + Env\u00edo a domicilio + Pago seguro + Garant\u00eda\",\"breadcrumb\":{\"@id\":\"https:\/\/compuviper.mx\/tienda\/producto\/grandstream-gcc6010w-router-dispositivo-4-en-1-firewall-router-wi-fi-pbx-ip-switch-incluye-un-ap-wi-fi-6-de-doble-banda\/#breadcrumb\"},\"inLanguage\":\"es-MX\",\"potentialAction\":[{\"@type\":\"ReadAction\",\"target\":[\"https:\/\/compuviper.mx\/tienda\/producto\/grandstream-gcc6010w-router-dispositivo-4-en-1-firewall-router-wi-fi-pbx-ip-switch-incluye-un-ap-wi-fi-6-de-doble-banda\/\"]}]},{\"@type\":\"BreadcrumbList\",\"@id\":\"https:\/\/compuviper.mx\/tienda\/producto\/grandstream-gcc6010w-router-dispositivo-4-en-1-firewall-router-wi-fi-pbx-ip-switch-incluye-un-ap-wi-fi-6-de-doble-banda\/#breadcrumb\",\"itemListElement\":[{\"@type\":\"ListItem\",\"position\":1,\"name\":\"Inicio\",\"item\":\"https:\/\/compuviper.mx\/tienda\/\"},{\"@type\":\"ListItem\",\"position\":2,\"name\":\"Productos\",\"item\":\"https:\/\/compuviper.mx\/tienda\/productos\/\"},{\"@type\":\"ListItem\",\"position\":3,\"name\":\"Redes\",\"item\":\"https:\/\/compuviper.mx\/tienda\/categoria-producto\/redes\/\"},{\"@type\":\"ListItem\",\"position\":4,\"name\":\"Router\",\"item\":\"https:\/\/compuviper.mx\/tienda\/categoria-producto\/redes\/router\/\"},{\"@type\":\"ListItem\",\"position\":5,\"name\":\"Grandstream Gcc6010w Router \/ Dispositivo 4 En 1: Firewall, Router Wi-fi, Pbx Ip, Switch, Incluye Un Ap Wi-fi 6 De Doble Banda\"}]},{\"@type\":\"WebSite\",\"@id\":\"https:\/\/compuviper.mx\/tienda\/#website\",\"url\":\"https:\/\/compuviper.mx\/tienda\/\",\"name\":\"Compuviper\",\"description\":\"Proveedor de Computadoras, Laptops, Servidores, Monitores, Puntos de Venta, Teclados,   Impresoras, T\u00f3ner, C\u00e1maras de Seguridad y m\u00e1s en tu tienda en l\u00ednea\",\"publisher\":{\"@id\":\"https:\/\/compuviper.mx\/tienda\/#organization\"},\"potentialAction\":[{\"@type\":\"SearchAction\",\"target\":{\"@type\":\"EntryPoint\",\"urlTemplate\":\"https:\/\/compuviper.mx\/tienda\/?s={search_term_string}\"},\"query-input\":\"required name=search_term_string\"}],\"inLanguage\":\"es-MX\"},{\"@type\":\"Organization\",\"@id\":\"https:\/\/compuviper.mx\/tienda\/#organization\",\"name\":\"Compuviper\",\"url\":\"https:\/\/compuviper.mx\/tienda\/\",\"logo\":{\"@type\":\"ImageObject\",\"inLanguage\":\"es-MX\",\"@id\":\"https:\/\/compuviper.mx\/tienda\/#\/schema\/logo\/image\/\",\"url\":\"https:\/\/compuviper.mx\/tienda\/wp-content\/uploads\/2021\/08\/Logo-Compuviper-10.png\",\"contentUrl\":\"https:\/\/compuviper.mx\/tienda\/wp-content\/uploads\/2021\/08\/Logo-Compuviper-10.png\",\"width\":1000,\"height\":500,\"caption\":\"Compuviper\"},\"image\":{\"@id\":\"https:\/\/compuviper.mx\/tienda\/#\/schema\/logo\/image\/\"},\"sameAs\":[\"https:\/\/www.facebook.com\/compuviper\",\"https:\/\/www.youtube.com\/channel\/UCf73dERp9Y3cfOq7q8BhLjA?view_as=subscriber\"]}]}<\/script>\n<meta property=\"product:brand\" content=\"GRANDSTREAM\" \/>\n<meta property=\"product:price:amount\" content=\"3711\" \/>\n<meta property=\"product:price:currency\" content=\"MXN\" \/>\n<meta property=\"og:availability\" content=\"out of stock\" \/>\n<meta property=\"product:availability\" content=\"out of stock\" \/>\n<meta property=\"product:retailer_item_id\" content=\"GCC6010W\" \/>\n<meta property=\"product:condition\" content=\"new\" \/>\n<!-- \/ Yoast SEO plugin. -->","yoast_head_json":{"title":"[ Grandstream ] &#129351; Gcc6010w Router \/ Dispositivo 4 En 1: Firewall, Router Wi-fi, Pbx Ip, Switch, Incluye Un Ap Wi-fi 6 De Doble Banda","description":"Compra Gcc6010w Router \/ Dispositivo 4 En 1: Firewall, Router Wi-fi, Pbx Ip, Switch, Incluye Un Ap Wi-fi 6 De Doble Banda + Env\u00edo a domicilio + Pago seguro + Garant\u00eda","robots":{"index":"index","follow":"follow","max-snippet":"max-snippet:-1","max-image-preview":"max-image-preview:large","max-video-preview":"max-video-preview:-1"},"canonical":"https:\/\/compuviper.mx\/tienda\/producto\/grandstream-gcc6010w-router-dispositivo-4-en-1-firewall-router-wi-fi-pbx-ip-switch-incluye-un-ap-wi-fi-6-de-doble-banda\/","og_locale":"es_MX","og_type":"article","og_title":"[ Grandstream ] &#129351; Gcc6010w Router \/ Dispositivo 4 En 1: Firewall, Router Wi-fi, Pbx Ip, Switch, Incluye Un Ap Wi-fi 6 De Doble Banda","og_description":"Compra Gcc6010w Router \/ Dispositivo 4 En 1: Firewall, Router Wi-fi, Pbx Ip, Switch, Incluye Un Ap Wi-fi 6 De Doble Banda + Env\u00edo a domicilio + Pago seguro + Garant\u00eda","og_url":"https:\/\/compuviper.mx\/tienda\/producto\/grandstream-gcc6010w-router-dispositivo-4-en-1-firewall-router-wi-fi-pbx-ip-switch-incluye-un-ap-wi-fi-6-de-doble-banda\/","og_site_name":"Compuviper","article_publisher":"https:\/\/www.facebook.com\/compuviper","og_image":[{"width":200,"height":200,"url":"https:\/\/compuviper.mx\/tienda\/wp-content\/uploads\/2025\/10\/Router-grandstream-gcc6010w-dispositivo-4-en-1-firewall-router-wi-fi-pbx-ip-switch-incluye-un-ap-wi-fi-6-de-doble-banda.jpg","type":"image\/jpeg"}],"twitter_card":"summary_large_image","twitter_misc":{"Precio":"&#36;3,711 con IVA","Availability":"Out of stock"},"schema":{"@context":"https:\/\/schema.org","@graph":[{"@type":"WebPage","@id":"https:\/\/compuviper.mx\/tienda\/producto\/grandstream-gcc6010w-router-dispositivo-4-en-1-firewall-router-wi-fi-pbx-ip-switch-incluye-un-ap-wi-fi-6-de-doble-banda\/","url":"https:\/\/compuviper.mx\/tienda\/producto\/grandstream-gcc6010w-router-dispositivo-4-en-1-firewall-router-wi-fi-pbx-ip-switch-incluye-un-ap-wi-fi-6-de-doble-banda\/","name":"[ Grandstream ] &#129351; Gcc6010w Router \/ Dispositivo 4 En 1: Firewall, Router Wi-fi, Pbx Ip, Switch, Incluye Un Ap Wi-fi 6 De Doble Banda","isPartOf":{"@id":"https:\/\/compuviper.mx\/tienda\/#website"},"datePublished":"2026-04-18T07:14:16+00:00","dateModified":"2026-04-18T07:14:16+00:00","description":"Compra Gcc6010w Router \/ Dispositivo 4 En 1: Firewall, Router Wi-fi, Pbx Ip, Switch, Incluye Un Ap Wi-fi 6 De Doble Banda + Env\u00edo a domicilio + Pago seguro + Garant\u00eda","breadcrumb":{"@id":"https:\/\/compuviper.mx\/tienda\/producto\/grandstream-gcc6010w-router-dispositivo-4-en-1-firewall-router-wi-fi-pbx-ip-switch-incluye-un-ap-wi-fi-6-de-doble-banda\/#breadcrumb"},"inLanguage":"es-MX","potentialAction":[{"@type":"ReadAction","target":["https:\/\/compuviper.mx\/tienda\/producto\/grandstream-gcc6010w-router-dispositivo-4-en-1-firewall-router-wi-fi-pbx-ip-switch-incluye-un-ap-wi-fi-6-de-doble-banda\/"]}]},{"@type":"BreadcrumbList","@id":"https:\/\/compuviper.mx\/tienda\/producto\/grandstream-gcc6010w-router-dispositivo-4-en-1-firewall-router-wi-fi-pbx-ip-switch-incluye-un-ap-wi-fi-6-de-doble-banda\/#breadcrumb","itemListElement":[{"@type":"ListItem","position":1,"name":"Inicio","item":"https:\/\/compuviper.mx\/tienda\/"},{"@type":"ListItem","position":2,"name":"Productos","item":"https:\/\/compuviper.mx\/tienda\/productos\/"},{"@type":"ListItem","position":3,"name":"Redes","item":"https:\/\/compuviper.mx\/tienda\/categoria-producto\/redes\/"},{"@type":"ListItem","position":4,"name":"Router","item":"https:\/\/compuviper.mx\/tienda\/categoria-producto\/redes\/router\/"},{"@type":"ListItem","position":5,"name":"Grandstream Gcc6010w Router \/ Dispositivo 4 En 1: Firewall, Router Wi-fi, Pbx Ip, Switch, Incluye Un Ap Wi-fi 6 De Doble Banda"}]},{"@type":"WebSite","@id":"https:\/\/compuviper.mx\/tienda\/#website","url":"https:\/\/compuviper.mx\/tienda\/","name":"Compuviper","description":"Proveedor de Computadoras, Laptops, Servidores, Monitores, Puntos de Venta, Teclados,   Impresoras, T\u00f3ner, C\u00e1maras de Seguridad y m\u00e1s en tu tienda en l\u00ednea","publisher":{"@id":"https:\/\/compuviper.mx\/tienda\/#organization"},"potentialAction":[{"@type":"SearchAction","target":{"@type":"EntryPoint","urlTemplate":"https:\/\/compuviper.mx\/tienda\/?s={search_term_string}"},"query-input":"required name=search_term_string"}],"inLanguage":"es-MX"},{"@type":"Organization","@id":"https:\/\/compuviper.mx\/tienda\/#organization","name":"Compuviper","url":"https:\/\/compuviper.mx\/tienda\/","logo":{"@type":"ImageObject","inLanguage":"es-MX","@id":"https:\/\/compuviper.mx\/tienda\/#\/schema\/logo\/image\/","url":"https:\/\/compuviper.mx\/tienda\/wp-content\/uploads\/2021\/08\/Logo-Compuviper-10.png","contentUrl":"https:\/\/compuviper.mx\/tienda\/wp-content\/uploads\/2021\/08\/Logo-Compuviper-10.png","width":1000,"height":500,"caption":"Compuviper"},"image":{"@id":"https:\/\/compuviper.mx\/tienda\/#\/schema\/logo\/image\/"},"sameAs":["https:\/\/www.facebook.com\/compuviper","https:\/\/www.youtube.com\/channel\/UCf73dERp9Y3cfOq7q8BhLjA?view_as=subscriber"]}]},"product_brand":"GRANDSTREAM","product_price_amount":"3711","product_price_currency":"MXN","og_availability":"out of stock","product_availability":"out of stock","product_retailer_item_id":"GCC6010W","product_condition":"new"},"_links":{"self":[{"href":"https:\/\/compuviper.mx\/tienda\/wp-json\/wp\/v2\/product\/246919"}],"collection":[{"href":"https:\/\/compuviper.mx\/tienda\/wp-json\/wp\/v2\/product"}],"about":[{"href":"https:\/\/compuviper.mx\/tienda\/wp-json\/wp\/v2\/types\/product"}],"replies":[{"embeddable":true,"href":"https:\/\/compuviper.mx\/tienda\/wp-json\/wp\/v2\/comments?post=246919"}],"wp:featuredmedia":[{"embeddable":true,"href":"https:\/\/compuviper.mx\/tienda\/wp-json\/wp\/v2\/media\/260120"}],"wp:attachment":[{"href":"https:\/\/compuviper.mx\/tienda\/wp-json\/wp\/v2\/media?parent=246919"}],"wp:term":[{"taxonomy":"product_cat","embeddable":true,"href":"https:\/\/compuviper.mx\/tienda\/wp-json\/wp\/v2\/product_cat?post=246919"},{"taxonomy":"product_tag","embeddable":true,"href":"https:\/\/compuviper.mx\/tienda\/wp-json\/wp\/v2\/product_tag?post=246919"}],"curies":[{"name":"wp","href":"https:\/\/api.w.org\/{rel}","templated":true}]}}