{"id":246918,"date":"2026-04-18T01:14:15","date_gmt":"2026-04-18T07:14:15","guid":{"rendered":"https:\/\/compuviper.mx\/tienda\/producto\/grandstream-gcc6010-router-dispositivo-4-en-1-conmutador-ip-firewall-ruteador-vpn-switch-gigabit-de-5-puertos-4xpoe-2xsfp\/"},"modified":"2026-04-18T01:14:16","modified_gmt":"2026-04-18T07:14:16","slug":"grandstream-gcc6010-router-dispositivo-4-en-1-conmutador-ip-firewall-ruteador-vpn-switch-gigabit-de-5-puertos-4xpoe-2xsfp","status":"publish","type":"product","link":"https:\/\/compuviper.mx\/tienda\/producto\/grandstream-gcc6010-router-dispositivo-4-en-1-conmutador-ip-firewall-ruteador-vpn-switch-gigabit-de-5-puertos-4xpoe-2xsfp\/","title":{"rendered":"Grandstream Gcc6010 Router   \/ Dispositivo 4 En 1, Conmutador Ip, Firewall, Ruteador Vpn, Switch Gigabit De 5 Puertos, 4xpoe, 2xsfp"},"content":{"rendered":"<table class=\"descripcion\">\n<tr>\n<td>Puertos de red:   2 puertos sfp de 2.5 gigabit y 5 puertos gigabit ethernet *todos los puertos son configurables wan\/lan, m\u00e1ximo 3x wan<\/td>\n<\/tr>\n<tr>\n<td>Puertos auxiliares:   1xmicro-sd, 1xusb 3.0, 1x reinicio<\/td>\n<\/tr>\n<tr>\n<td>Memoria:   2 gb de ram, 32 gb de memoria flash emmc<\/td>\n<\/tr>\n<tr>\n<td>Almacenamiento externo:   n\/a<\/td>\n<\/tr>\n<tr>\n<td>Router:   2.5gbps<\/td>\n<\/tr>\n<tr>\n<td>Ipsec vpn throughput:   1gbps<\/td>\n<\/tr>\n<tr>\n<td>Sesiones nat:   160k<\/td>\n<\/tr>\n<tr>\n<td>Ids\/ips:   900mbps<\/td>\n<\/tr>\n<tr>\n<td>Pbx:  12 usuarios y 4 llamadas simult\u00e1neas de forma predeterminada<\/td>\n<\/tr>\n<tr>\n<td>Actualizaciones disponibles para su compra<\/td>\n<\/tr>\n<tr>\n<td>(consulte m\u00e1s informaci\u00f3n sobre las opciones de actualizaci\u00f3n de capacidad de pbx)<\/td>\n<\/tr>\n<tr>\n<td>Salida poe:   4 x puertos de salida poe, ieee802.3af\/at, potencia m\u00e1xima de poe: 36w<\/td>\n<\/tr>\n<tr>\n<td>Montaje:  montaje en escritorio y pared<\/td>\n<\/tr>\n<tr>\n<td>Leds:   7 led individuales, 4 led poe y 1 led rgb para seguimiento de dispositivos e indicaci\u00f3n de estado<\/td>\n<\/tr>\n<tr>\n<td>Tipo de conecci\u00f3n:   dhcp, ip est\u00e1tica, pppoe<\/td>\n<\/tr>\n<tr>\n<td>Protocolos de red:  ipv4, ipv6, ieee802.1q ,ieee 802.1p, ieee802.1x, ieee802.3, ieee 802.3u, ieee 802.3x,ieee802.3ab<\/td>\n<\/tr>\n<tr>\n<td>Qos:  \u0095 vlan, tos \u0095 permite m\u00faltiples clases de tr\u00e1fico, filtrado por puerto, direcci\u00f3n ip, dscp y vigilancia \u0095 app qos: monitoreo de aplicaciones\/protocolos y estad\u00edsticas de tr\u00e1fico \u0095 priorizaci\u00f3n de voip<\/td>\n<\/tr>\n<tr>\n<td>Administraci\u00f3n de redes:  sistema de administraci\u00f3n de dispositivos grandstream (gdms), gui web local, ssh y snmp (v1\/v2c\/v3))<\/td>\n<\/tr>\n<tr>\n<td>M\u00e1ximos aps\/clientes:   hasta 150 ap gwn; hasta 500 clientes<\/td>\n<\/tr>\n<tr>\n<td>Energ\u00eda y eficiencia energ\u00e9tica verde:   adaptador de corriente universal incluido: \u0095 entrada 100-240 vca 50-60 hz \u0095 salida: 48 vcc 1 a (48 w); \u0095 4 x puertos de salida poe, ieee802.3af\/at \u0095 potencia m\u00e1xima de poe: 36w<\/td>\n<\/tr>\n<tr>\n<td>Condiciones ambientales: ideales \u0095 operaci\u00f3n: 0\u00b0c a 45\u00b0c \u0095 almacenamiento: -30\u00b0c a 60\u00b0c \u0095 humedad: 5% a 95% sin condensaci\u00f3n<\/td>\n<\/tr>\n<tr>\n<td>F\u00edsico:   dimensi\u00f3n de la unidad: 191x 101 x 29 mm peso unitario: 520 g dimensi\u00f3n completa del paquete: 300 x 130 x 53 mm peso completo del paquete: 835 g<\/td>\n<\/tr>\n<tr>\n<td>Contenido del paquete:   gcc6010\/gcc6011, fuente de alimentaci\u00f3n universal, kit de montaje en rak (solo gcc6011), gu\u00eda de instalaci\u00f3n r\u00e1pida<\/td>\n<\/tr>\n<tr>\n<td>Cumplimiento: fcc, ce, rcm, ic<\/td>\n<\/tr>\n<\/table>\n","protected":false},"excerpt":{"rendered":"<p>La serie gcc6010 proporciona una extraordinaria soluci\u00f3n todo en uno que redefine la experiencia de las comunicaciones al fusionar sus soluciones de redes y comunicaciones unificadas en una sola plataforma. Estos dispositivos de \u00faltima generaci\u00f3n combinan la funcionalidad de 4 productos para brindar una soluci\u00f3n todo en uno que incluye un router vpn, un firewall de pr\u00f3xima generaci\u00f3n, ip pbx y un switch de red o punto de acceso wi-fi. Con la serie gcc, puede crear y administrar redes cableadas, inal\u00e1mbricas y vpn, brindar seguridad de red de nivel empresarial y utilizar una plataforma de comunicaci\u00f3n y colaboraci\u00f3n l\u00edder en el mercado. Estos dispositivos flexibles brindan administraci\u00f3n unificada y control centralizado de todas las soluciones de dispositivos de grandstream, incluidos ap wi-fi, switches de red, tel\u00e9fonos ip y m\u00e1s. La serie gcc permite configurar soluciones completas de uc, redes y seguridad en minutos y administrarlas a trav\u00e9s de la nube con grandstream device management system (gdms). Tambi\u00e9n se puede administrar a trav\u00e9s de nuestra aplicaci\u00f3n m\u00f3vil, interfaz de usuario web local y administraci\u00f3n de consola ssh. Ideal para peque\u00f1as y medianas empresas, la serie gcc6010 proporciona una plataforma todo en uno que combina todas las necesidades de datos, seguridad, comunicaci\u00f3n y colaboraci\u00f3n del negocio en un solo dispositivo, lo que hace que sea m\u00e1s f\u00e1cil y asequible que nunca construir soluciones de comunicaci\u00f3n de \u00faltima generaci\u00f3n<\/p>\n","protected":false},"featured_media":260119,"comment_status":"open","ping_status":"open","template":"","meta":[],"product_cat":[1563,1753],"product_tag":[1576],"acf":[],"yoast_head":"<!-- This site is optimized with the Yoast SEO plugin v21.7 - https:\/\/yoast.com\/wordpress\/plugins\/seo\/ -->\n<title>[ Grandstream ] &#129351; Gcc6010 Router \/ Dispositivo 4 En 1, Conmutador Ip, Firewall, Ruteador Vpn, Switch Gigabit De 5 Puertos, 4xpoe, 2xsfp<\/title>\n<meta name=\"description\" content=\"Compra Gcc6010 Router \/ Dispositivo 4 En 1, Conmutador Ip, Firewall, Ruteador Vpn, Switch Gigabit De 5 Puertos, 4xpoe, 2xsfp + Env\u00edo a domicilio + Pago seguro + Garant\u00eda\" \/>\n<meta name=\"robots\" content=\"index, follow, max-snippet:-1, max-image-preview:large, max-video-preview:-1\" \/>\n<link rel=\"canonical\" href=\"https:\/\/compuviper.mx\/tienda\/producto\/grandstream-gcc6010-router-dispositivo-4-en-1-conmutador-ip-firewall-ruteador-vpn-switch-gigabit-de-5-puertos-4xpoe-2xsfp\/\" \/>\n<meta property=\"og:locale\" content=\"es_MX\" \/>\n<meta property=\"og:type\" content=\"article\" \/>\n<meta property=\"og:title\" content=\"[ Grandstream ] &#129351; Gcc6010 Router \/ Dispositivo 4 En 1, Conmutador Ip, Firewall, Ruteador Vpn, Switch Gigabit De 5 Puertos, 4xpoe, 2xsfp\" \/>\n<meta property=\"og:description\" content=\"Compra Gcc6010 Router \/ Dispositivo 4 En 1, Conmutador Ip, Firewall, Ruteador Vpn, Switch Gigabit De 5 Puertos, 4xpoe, 2xsfp + Env\u00edo a domicilio + Pago seguro + Garant\u00eda\" \/>\n<meta property=\"og:url\" content=\"https:\/\/compuviper.mx\/tienda\/producto\/grandstream-gcc6010-router-dispositivo-4-en-1-conmutador-ip-firewall-ruteador-vpn-switch-gigabit-de-5-puertos-4xpoe-2xsfp\/\" \/>\n<meta property=\"og:site_name\" content=\"Compuviper\" \/>\n<meta property=\"article:publisher\" content=\"https:\/\/www.facebook.com\/compuviper\" \/>\n<meta property=\"article:modified_time\" content=\"2026-04-18T07:14:16+00:00\" \/>\n<meta property=\"og:image\" content=\"https:\/\/compuviper.mx\/tienda\/wp-content\/uploads\/2025\/10\/Router-grandstream-gcc6010-dispositivo-4-en-1-conmutador-ip-firewall-ruteador-vpn-switch-gigabit-de-5-puertos-4xpoe-2xsfp.jpg\" \/>\n\t<meta property=\"og:image:width\" content=\"200\" \/>\n\t<meta property=\"og:image:height\" content=\"200\" \/>\n\t<meta property=\"og:image:type\" content=\"image\/jpeg\" \/>\n<meta name=\"twitter:card\" content=\"summary_large_image\" \/>\n<meta name=\"twitter:label1\" content=\"Precio\" \/>\n\t<meta name=\"twitter:data1\" content=\"&#36;3,215 &#36;3,093 con IVA\" \/>\n\t<meta name=\"twitter:label2\" content=\"Availability\" \/>\n\t<meta name=\"twitter:data2\" content=\"Out of stock\" \/>\n<script type=\"application\/ld+json\" class=\"yoast-schema-graph\">{\"@context\":\"https:\/\/schema.org\",\"@graph\":[{\"@type\":\"WebPage\",\"@id\":\"https:\/\/compuviper.mx\/tienda\/producto\/grandstream-gcc6010-router-dispositivo-4-en-1-conmutador-ip-firewall-ruteador-vpn-switch-gigabit-de-5-puertos-4xpoe-2xsfp\/\",\"url\":\"https:\/\/compuviper.mx\/tienda\/producto\/grandstream-gcc6010-router-dispositivo-4-en-1-conmutador-ip-firewall-ruteador-vpn-switch-gigabit-de-5-puertos-4xpoe-2xsfp\/\",\"name\":\"[ Grandstream ] &#129351; Gcc6010 Router \/ Dispositivo 4 En 1, Conmutador Ip, Firewall, Ruteador Vpn, Switch Gigabit De 5 Puertos, 4xpoe, 2xsfp\",\"isPartOf\":{\"@id\":\"https:\/\/compuviper.mx\/tienda\/#website\"},\"datePublished\":\"2026-04-18T07:14:15+00:00\",\"dateModified\":\"2026-04-18T07:14:16+00:00\",\"description\":\"Compra Gcc6010 Router \/ Dispositivo 4 En 1, Conmutador Ip, Firewall, Ruteador Vpn, Switch Gigabit De 5 Puertos, 4xpoe, 2xsfp + Env\u00edo a domicilio + Pago seguro + Garant\u00eda\",\"breadcrumb\":{\"@id\":\"https:\/\/compuviper.mx\/tienda\/producto\/grandstream-gcc6010-router-dispositivo-4-en-1-conmutador-ip-firewall-ruteador-vpn-switch-gigabit-de-5-puertos-4xpoe-2xsfp\/#breadcrumb\"},\"inLanguage\":\"es-MX\",\"potentialAction\":[{\"@type\":\"ReadAction\",\"target\":[\"https:\/\/compuviper.mx\/tienda\/producto\/grandstream-gcc6010-router-dispositivo-4-en-1-conmutador-ip-firewall-ruteador-vpn-switch-gigabit-de-5-puertos-4xpoe-2xsfp\/\"]}]},{\"@type\":\"BreadcrumbList\",\"@id\":\"https:\/\/compuviper.mx\/tienda\/producto\/grandstream-gcc6010-router-dispositivo-4-en-1-conmutador-ip-firewall-ruteador-vpn-switch-gigabit-de-5-puertos-4xpoe-2xsfp\/#breadcrumb\",\"itemListElement\":[{\"@type\":\"ListItem\",\"position\":1,\"name\":\"Inicio\",\"item\":\"https:\/\/compuviper.mx\/tienda\/\"},{\"@type\":\"ListItem\",\"position\":2,\"name\":\"Productos\",\"item\":\"https:\/\/compuviper.mx\/tienda\/productos\/\"},{\"@type\":\"ListItem\",\"position\":3,\"name\":\"Redes\",\"item\":\"https:\/\/compuviper.mx\/tienda\/categoria-producto\/redes\/\"},{\"@type\":\"ListItem\",\"position\":4,\"name\":\"Router\",\"item\":\"https:\/\/compuviper.mx\/tienda\/categoria-producto\/redes\/router\/\"},{\"@type\":\"ListItem\",\"position\":5,\"name\":\"Grandstream Gcc6010 Router \/ Dispositivo 4 En 1, Conmutador Ip, Firewall, Ruteador Vpn, Switch Gigabit De 5 Puertos, 4xpoe, 2xsfp\"}]},{\"@type\":\"WebSite\",\"@id\":\"https:\/\/compuviper.mx\/tienda\/#website\",\"url\":\"https:\/\/compuviper.mx\/tienda\/\",\"name\":\"Compuviper\",\"description\":\"Proveedor de Computadoras, Laptops, Servidores, Monitores, Puntos de Venta, Teclados,   Impresoras, T\u00f3ner, C\u00e1maras de Seguridad y m\u00e1s en tu tienda en l\u00ednea\",\"publisher\":{\"@id\":\"https:\/\/compuviper.mx\/tienda\/#organization\"},\"potentialAction\":[{\"@type\":\"SearchAction\",\"target\":{\"@type\":\"EntryPoint\",\"urlTemplate\":\"https:\/\/compuviper.mx\/tienda\/?s={search_term_string}\"},\"query-input\":\"required name=search_term_string\"}],\"inLanguage\":\"es-MX\"},{\"@type\":\"Organization\",\"@id\":\"https:\/\/compuviper.mx\/tienda\/#organization\",\"name\":\"Compuviper\",\"url\":\"https:\/\/compuviper.mx\/tienda\/\",\"logo\":{\"@type\":\"ImageObject\",\"inLanguage\":\"es-MX\",\"@id\":\"https:\/\/compuviper.mx\/tienda\/#\/schema\/logo\/image\/\",\"url\":\"https:\/\/compuviper.mx\/tienda\/wp-content\/uploads\/2021\/08\/Logo-Compuviper-10.png\",\"contentUrl\":\"https:\/\/compuviper.mx\/tienda\/wp-content\/uploads\/2021\/08\/Logo-Compuviper-10.png\",\"width\":1000,\"height\":500,\"caption\":\"Compuviper\"},\"image\":{\"@id\":\"https:\/\/compuviper.mx\/tienda\/#\/schema\/logo\/image\/\"},\"sameAs\":[\"https:\/\/www.facebook.com\/compuviper\",\"https:\/\/www.youtube.com\/channel\/UCf73dERp9Y3cfOq7q8BhLjA?view_as=subscriber\"]}]}<\/script>\n<meta property=\"product:brand\" content=\"GRANDSTREAM\" \/>\n<meta property=\"product:price:amount\" content=\"3093\" \/>\n<meta property=\"product:price:currency\" content=\"MXN\" \/>\n<meta property=\"og:availability\" content=\"out of stock\" \/>\n<meta property=\"product:availability\" content=\"out of stock\" \/>\n<meta property=\"product:retailer_item_id\" content=\"GCC6010\" \/>\n<meta property=\"product:condition\" content=\"new\" \/>\n<!-- \/ Yoast SEO plugin. -->","yoast_head_json":{"title":"[ Grandstream ] &#129351; Gcc6010 Router \/ Dispositivo 4 En 1, Conmutador Ip, Firewall, Ruteador Vpn, Switch Gigabit De 5 Puertos, 4xpoe, 2xsfp","description":"Compra Gcc6010 Router \/ Dispositivo 4 En 1, Conmutador Ip, Firewall, Ruteador Vpn, Switch Gigabit De 5 Puertos, 4xpoe, 2xsfp + Env\u00edo a domicilio + Pago seguro + Garant\u00eda","robots":{"index":"index","follow":"follow","max-snippet":"max-snippet:-1","max-image-preview":"max-image-preview:large","max-video-preview":"max-video-preview:-1"},"canonical":"https:\/\/compuviper.mx\/tienda\/producto\/grandstream-gcc6010-router-dispositivo-4-en-1-conmutador-ip-firewall-ruteador-vpn-switch-gigabit-de-5-puertos-4xpoe-2xsfp\/","og_locale":"es_MX","og_type":"article","og_title":"[ Grandstream ] &#129351; Gcc6010 Router \/ Dispositivo 4 En 1, Conmutador Ip, Firewall, Ruteador Vpn, Switch Gigabit De 5 Puertos, 4xpoe, 2xsfp","og_description":"Compra Gcc6010 Router \/ Dispositivo 4 En 1, Conmutador Ip, Firewall, Ruteador Vpn, Switch Gigabit De 5 Puertos, 4xpoe, 2xsfp + Env\u00edo a domicilio + Pago seguro + Garant\u00eda","og_url":"https:\/\/compuviper.mx\/tienda\/producto\/grandstream-gcc6010-router-dispositivo-4-en-1-conmutador-ip-firewall-ruteador-vpn-switch-gigabit-de-5-puertos-4xpoe-2xsfp\/","og_site_name":"Compuviper","article_publisher":"https:\/\/www.facebook.com\/compuviper","article_modified_time":"2026-04-18T07:14:16+00:00","og_image":[{"width":200,"height":200,"url":"https:\/\/compuviper.mx\/tienda\/wp-content\/uploads\/2025\/10\/Router-grandstream-gcc6010-dispositivo-4-en-1-conmutador-ip-firewall-ruteador-vpn-switch-gigabit-de-5-puertos-4xpoe-2xsfp.jpg","type":"image\/jpeg"}],"twitter_card":"summary_large_image","twitter_misc":{"Precio":"&#36;3,215 &#36;3,093 con IVA","Availability":"Out of stock"},"schema":{"@context":"https:\/\/schema.org","@graph":[{"@type":"WebPage","@id":"https:\/\/compuviper.mx\/tienda\/producto\/grandstream-gcc6010-router-dispositivo-4-en-1-conmutador-ip-firewall-ruteador-vpn-switch-gigabit-de-5-puertos-4xpoe-2xsfp\/","url":"https:\/\/compuviper.mx\/tienda\/producto\/grandstream-gcc6010-router-dispositivo-4-en-1-conmutador-ip-firewall-ruteador-vpn-switch-gigabit-de-5-puertos-4xpoe-2xsfp\/","name":"[ Grandstream ] &#129351; Gcc6010 Router \/ Dispositivo 4 En 1, Conmutador Ip, Firewall, Ruteador Vpn, Switch Gigabit De 5 Puertos, 4xpoe, 2xsfp","isPartOf":{"@id":"https:\/\/compuviper.mx\/tienda\/#website"},"datePublished":"2026-04-18T07:14:15+00:00","dateModified":"2026-04-18T07:14:16+00:00","description":"Compra Gcc6010 Router \/ Dispositivo 4 En 1, Conmutador Ip, Firewall, Ruteador Vpn, Switch Gigabit De 5 Puertos, 4xpoe, 2xsfp + Env\u00edo a domicilio + Pago seguro + Garant\u00eda","breadcrumb":{"@id":"https:\/\/compuviper.mx\/tienda\/producto\/grandstream-gcc6010-router-dispositivo-4-en-1-conmutador-ip-firewall-ruteador-vpn-switch-gigabit-de-5-puertos-4xpoe-2xsfp\/#breadcrumb"},"inLanguage":"es-MX","potentialAction":[{"@type":"ReadAction","target":["https:\/\/compuviper.mx\/tienda\/producto\/grandstream-gcc6010-router-dispositivo-4-en-1-conmutador-ip-firewall-ruteador-vpn-switch-gigabit-de-5-puertos-4xpoe-2xsfp\/"]}]},{"@type":"BreadcrumbList","@id":"https:\/\/compuviper.mx\/tienda\/producto\/grandstream-gcc6010-router-dispositivo-4-en-1-conmutador-ip-firewall-ruteador-vpn-switch-gigabit-de-5-puertos-4xpoe-2xsfp\/#breadcrumb","itemListElement":[{"@type":"ListItem","position":1,"name":"Inicio","item":"https:\/\/compuviper.mx\/tienda\/"},{"@type":"ListItem","position":2,"name":"Productos","item":"https:\/\/compuviper.mx\/tienda\/productos\/"},{"@type":"ListItem","position":3,"name":"Redes","item":"https:\/\/compuviper.mx\/tienda\/categoria-producto\/redes\/"},{"@type":"ListItem","position":4,"name":"Router","item":"https:\/\/compuviper.mx\/tienda\/categoria-producto\/redes\/router\/"},{"@type":"ListItem","position":5,"name":"Grandstream Gcc6010 Router \/ Dispositivo 4 En 1, Conmutador Ip, Firewall, Ruteador Vpn, Switch Gigabit De 5 Puertos, 4xpoe, 2xsfp"}]},{"@type":"WebSite","@id":"https:\/\/compuviper.mx\/tienda\/#website","url":"https:\/\/compuviper.mx\/tienda\/","name":"Compuviper","description":"Proveedor de Computadoras, Laptops, Servidores, Monitores, Puntos de Venta, Teclados,   Impresoras, T\u00f3ner, C\u00e1maras de Seguridad y m\u00e1s en tu tienda en l\u00ednea","publisher":{"@id":"https:\/\/compuviper.mx\/tienda\/#organization"},"potentialAction":[{"@type":"SearchAction","target":{"@type":"EntryPoint","urlTemplate":"https:\/\/compuviper.mx\/tienda\/?s={search_term_string}"},"query-input":"required name=search_term_string"}],"inLanguage":"es-MX"},{"@type":"Organization","@id":"https:\/\/compuviper.mx\/tienda\/#organization","name":"Compuviper","url":"https:\/\/compuviper.mx\/tienda\/","logo":{"@type":"ImageObject","inLanguage":"es-MX","@id":"https:\/\/compuviper.mx\/tienda\/#\/schema\/logo\/image\/","url":"https:\/\/compuviper.mx\/tienda\/wp-content\/uploads\/2021\/08\/Logo-Compuviper-10.png","contentUrl":"https:\/\/compuviper.mx\/tienda\/wp-content\/uploads\/2021\/08\/Logo-Compuviper-10.png","width":1000,"height":500,"caption":"Compuviper"},"image":{"@id":"https:\/\/compuviper.mx\/tienda\/#\/schema\/logo\/image\/"},"sameAs":["https:\/\/www.facebook.com\/compuviper","https:\/\/www.youtube.com\/channel\/UCf73dERp9Y3cfOq7q8BhLjA?view_as=subscriber"]}]},"product_brand":"GRANDSTREAM","product_price_amount":"3093","product_price_currency":"MXN","og_availability":"out of stock","product_availability":"out of stock","product_retailer_item_id":"GCC6010","product_condition":"new"},"_links":{"self":[{"href":"https:\/\/compuviper.mx\/tienda\/wp-json\/wp\/v2\/product\/246918"}],"collection":[{"href":"https:\/\/compuviper.mx\/tienda\/wp-json\/wp\/v2\/product"}],"about":[{"href":"https:\/\/compuviper.mx\/tienda\/wp-json\/wp\/v2\/types\/product"}],"replies":[{"embeddable":true,"href":"https:\/\/compuviper.mx\/tienda\/wp-json\/wp\/v2\/comments?post=246918"}],"wp:featuredmedia":[{"embeddable":true,"href":"https:\/\/compuviper.mx\/tienda\/wp-json\/wp\/v2\/media\/260119"}],"wp:attachment":[{"href":"https:\/\/compuviper.mx\/tienda\/wp-json\/wp\/v2\/media?parent=246918"}],"wp:term":[{"taxonomy":"product_cat","embeddable":true,"href":"https:\/\/compuviper.mx\/tienda\/wp-json\/wp\/v2\/product_cat?post=246918"},{"taxonomy":"product_tag","embeddable":true,"href":"https:\/\/compuviper.mx\/tienda\/wp-json\/wp\/v2\/product_tag?post=246918"}],"curies":[{"name":"wp","href":"https:\/\/api.w.org\/{rel}","templated":true}]}}