{"id":246913,"date":"2026-04-02T00:39:16","date_gmt":"2026-04-02T06:39:16","guid":{"rendered":"https:\/\/compuviper.mx\/tienda\/producto\/synology-sat5221-1920g-disco-de-estado-solido-ssd-2-5-1-92-tb-sata-6gb-s-7mm-lect-500-mb-s-escrit-500-mb-s-solo-para-nas\/"},"modified":"2026-04-02T00:39:16","modified_gmt":"2026-04-02T06:39:16","slug":"synology-sat5221-1920g-disco-de-estado-solido-ssd-2-5-1-92-tb-sata-6gb-s-7mm-lect-500-mb-s-escrit-500-mb-s-solo-para-nas","status":"publish","type":"product","link":"https:\/\/compuviper.mx\/tienda\/producto\/synology-sat5221-1920g-disco-de-estado-solido-ssd-2-5-1-92-tb-sata-6gb-s-7mm-lect-500-mb-s-escrit-500-mb-s-solo-para-nas\/","title":{"rendered":"Synology Sat5221-1920g Disco De Estado Solido   Ssd 2.5 1.92 Tb Sata 6gb\/s 7mm Lect 500 Mb\/s Escrit 500 Mb\/s Solo Para Nas"},"content":{"rendered":"<table class=\"descripcion\">\n<tr>\n<td>Descripcion tecnica<\/td>\n<\/tr>\n<tr>\n<td>Especificaciones t\u00e9cnicas<\/td>\n<\/tr>\n<tr>\n<td>Especificaciones de hardware<\/td>\n<\/tr>\n<tr>\n<td>Capacidad:      1920 gb<\/td>\n<\/tr>\n<tr>\n<td>N\u00famero de modelo:       sat5221- 1920g<\/td>\n<\/tr>\n<tr>\n<td>Factor de forma:       2,5 7 mm<\/td>\n<\/tr>\n<tr>\n<td>Interfaz:      sata 6 gb\/s<\/td>\n<\/tr>\n<tr>\n<td>Rendimiento<\/td>\n<\/tr>\n<tr>\n<td>Lectura secuencial 500 mb\/s<\/td>\n<\/tr>\n<tr>\n<td>Escritura secuencial  500 mb\/s<\/td>\n<\/tr>\n<tr>\n<td>Lectura aleatoria  90 000 iops<\/td>\n<\/tr>\n<tr>\n<td>Escritura aleatoria  30 000 iops<\/td>\n<\/tr>\n<tr>\n<td>Resistencia y fiabilidad<\/td>\n<\/tr>\n<tr>\n<td>Terabytes escritos:     m\u00e1s de 3500 tb<\/td>\n<\/tr>\n<tr>\n<td>Tiempo medio entre fallos  1 500 000 de horas<\/td>\n<\/tr>\n<tr>\n<td>Protecci\u00f3n contra p\u00e9rdida de energ\u00eda:     s\u00ed<\/td>\n<\/tr>\n<tr>\n<td>Consumo el\u00e9ctrico<\/td>\n<\/tr>\n<tr>\n<td>Tensi\u00f3n de alimentaci\u00f3n 5 v (\u00b1 5 %)<\/td>\n<\/tr>\n<tr>\n<td>Lectura activa (t\u00edp.) 4,5 w<\/td>\n<\/tr>\n<tr>\n<td>Escritura activa (t\u00edp.) 5 w<\/td>\n<\/tr>\n<tr>\n<td>Consumo medio en reposo 1,2 w<\/td>\n<\/tr>\n<tr>\n<td>Temperatura<\/td>\n<\/tr>\n<tr>\n<td>Temperatura de funcionamiento de 32 \u00b0f a 158 \u00b0f (de 0 \u00b0c a 70 \u00b0c)<\/td>\n<\/tr>\n<tr>\n<td>Temperatura de almacenamiento de -40 \u00b0f a 185 \u00b0f (de -40 \u00b0c a 85 \u00b0c)<\/td>\n<\/tr>\n<tr>\n<td>Otros<\/td>\n<\/tr>\n<tr>\n<td>Tama\u00f1o<\/td>\n<\/tr>\n<tr>\n<td>(al. x an. x pr.)<\/td>\n<\/tr>\n<tr>\n<td>7 mm x 69,85 mm x 100 mm<\/td>\n<\/tr>\n<tr>\n<td>Certificaci\u00f3n<\/td>\n<\/tr>\n<tr>\n<td>Fcc, ce, eac, bsmi, vcci, kc, rohs, ukca<\/td>\n<\/tr>\n<\/table>\n","protected":false},"excerpt":{"rendered":"<p>Descripcion comercial. Los ssd de la serie sat5200 de synology ofrecen un rendimiento de e\/s constante, baja latencia y duraci\u00f3n de nivel empresarial. Estas unidades est\u00e1n dise\u00f1adas para gestionar cargas de trabajo empresariales ininterrumpidas, mixtas e intensivas, al tiempo que ofrecen una experiencia de almacenamiento perfecta en los sistemas synology. Las ssd sat5200 incluyen avanzados an\u00e1lisis de vida \u00fatil y est\u00e1n respaldadas por la garant\u00eda limitada de synology.<\/p>\n","protected":false},"featured_media":259646,"comment_status":"open","ping_status":"open","template":"","meta":[],"product_cat":[1703,1708],"product_tag":[1561],"acf":[],"yoast_head":"<!-- This site is optimized with the Yoast SEO plugin v21.7 - https:\/\/yoast.com\/wordpress\/plugins\/seo\/ -->\n<title>[ Synology ] &#129351; Sat5221-1920g Disco De Estado Solido Ssd 2.5 1.92 Tb Sata 6gb\/s 7mm Lect 500 Mb\/s Escrit 500 Mb\/s Solo Para Nas<\/title>\n<meta name=\"description\" content=\"Compra Sat5221-1920g Disco De Estado Solido Ssd 2.5 1.92 Tb Sata 6gb\/s 7mm Lect 500 Mb\/s Escrit 500 Mb\/s Solo Para Nas + Env\u00edo a domicilio + Pago seguro + Garant\u00eda\" \/>\n<meta name=\"robots\" content=\"index, follow, max-snippet:-1, max-image-preview:large, max-video-preview:-1\" \/>\n<link rel=\"canonical\" href=\"https:\/\/compuviper.mx\/tienda\/producto\/synology-sat5221-1920g-disco-de-estado-solido-ssd-2-5-1-92-tb-sata-6gb-s-7mm-lect-500-mb-s-escrit-500-mb-s-solo-para-nas\/\" \/>\n<meta property=\"og:locale\" content=\"es_MX\" \/>\n<meta property=\"og:type\" content=\"article\" \/>\n<meta property=\"og:title\" content=\"[ Synology ] &#129351; Sat5221-1920g Disco De Estado Solido Ssd 2.5 1.92 Tb Sata 6gb\/s 7mm Lect 500 Mb\/s Escrit 500 Mb\/s Solo Para Nas\" \/>\n<meta property=\"og:description\" content=\"Compra Sat5221-1920g Disco De Estado Solido Ssd 2.5 1.92 Tb Sata 6gb\/s 7mm Lect 500 Mb\/s Escrit 500 Mb\/s Solo Para Nas + Env\u00edo a domicilio + Pago seguro + Garant\u00eda\" \/>\n<meta property=\"og:url\" content=\"https:\/\/compuviper.mx\/tienda\/producto\/synology-sat5221-1920g-disco-de-estado-solido-ssd-2-5-1-92-tb-sata-6gb-s-7mm-lect-500-mb-s-escrit-500-mb-s-solo-para-nas\/\" \/>\n<meta property=\"og:site_name\" content=\"Compuviper\" \/>\n<meta property=\"article:publisher\" content=\"https:\/\/www.facebook.com\/compuviper\" \/>\n<meta property=\"og:image\" content=\"https:\/\/compuviper.mx\/tienda\/wp-content\/uploads\/2025\/10\/Disco-de-estado-solido-synology-sat5221-1920g-ssd-2.5-1.92-tb-sata-6gbs-7mm-lect-500-mbs-escrit-500-mbs-solo-para-nas-synology.jpg\" \/>\n\t<meta property=\"og:image:width\" content=\"200\" \/>\n\t<meta property=\"og:image:height\" content=\"200\" \/>\n\t<meta property=\"og:image:type\" content=\"image\/jpeg\" \/>\n<meta name=\"twitter:card\" content=\"summary_large_image\" \/>\n<meta name=\"twitter:label1\" content=\"Precio\" \/>\n\t<meta name=\"twitter:data1\" content=\"&#36;39,510 con IVA\" \/>\n\t<meta name=\"twitter:label2\" content=\"Availability\" \/>\n\t<meta name=\"twitter:data2\" content=\"On backorder\" \/>\n<script type=\"application\/ld+json\" class=\"yoast-schema-graph\">{\"@context\":\"https:\/\/schema.org\",\"@graph\":[{\"@type\":\"WebPage\",\"@id\":\"https:\/\/compuviper.mx\/tienda\/producto\/synology-sat5221-1920g-disco-de-estado-solido-ssd-2-5-1-92-tb-sata-6gb-s-7mm-lect-500-mb-s-escrit-500-mb-s-solo-para-nas\/\",\"url\":\"https:\/\/compuviper.mx\/tienda\/producto\/synology-sat5221-1920g-disco-de-estado-solido-ssd-2-5-1-92-tb-sata-6gb-s-7mm-lect-500-mb-s-escrit-500-mb-s-solo-para-nas\/\",\"name\":\"[ Synology ] &#129351; Sat5221-1920g Disco De Estado Solido Ssd 2.5 1.92 Tb Sata 6gb\/s 7mm Lect 500 Mb\/s Escrit 500 Mb\/s Solo Para Nas\",\"isPartOf\":{\"@id\":\"https:\/\/compuviper.mx\/tienda\/#website\"},\"datePublished\":\"2026-04-02T06:39:16+00:00\",\"dateModified\":\"2026-04-02T06:39:16+00:00\",\"description\":\"Compra Sat5221-1920g Disco De Estado Solido Ssd 2.5 1.92 Tb Sata 6gb\/s 7mm Lect 500 Mb\/s Escrit 500 Mb\/s Solo Para Nas + Env\u00edo a domicilio + Pago seguro + Garant\u00eda\",\"breadcrumb\":{\"@id\":\"https:\/\/compuviper.mx\/tienda\/producto\/synology-sat5221-1920g-disco-de-estado-solido-ssd-2-5-1-92-tb-sata-6gb-s-7mm-lect-500-mb-s-escrit-500-mb-s-solo-para-nas\/#breadcrumb\"},\"inLanguage\":\"es-MX\",\"potentialAction\":[{\"@type\":\"ReadAction\",\"target\":[\"https:\/\/compuviper.mx\/tienda\/producto\/synology-sat5221-1920g-disco-de-estado-solido-ssd-2-5-1-92-tb-sata-6gb-s-7mm-lect-500-mb-s-escrit-500-mb-s-solo-para-nas\/\"]}]},{\"@type\":\"BreadcrumbList\",\"@id\":\"https:\/\/compuviper.mx\/tienda\/producto\/synology-sat5221-1920g-disco-de-estado-solido-ssd-2-5-1-92-tb-sata-6gb-s-7mm-lect-500-mb-s-escrit-500-mb-s-solo-para-nas\/#breadcrumb\",\"itemListElement\":[{\"@type\":\"ListItem\",\"position\":1,\"name\":\"Inicio\",\"item\":\"https:\/\/compuviper.mx\/tienda\/\"},{\"@type\":\"ListItem\",\"position\":2,\"name\":\"Productos\",\"item\":\"https:\/\/compuviper.mx\/tienda\/productos\/\"},{\"@type\":\"ListItem\",\"position\":3,\"name\":\"Discos Duros\",\"item\":\"https:\/\/compuviper.mx\/tienda\/categoria-producto\/discos-duros\/\"},{\"@type\":\"ListItem\",\"position\":4,\"name\":\"Unidad De Estado Solido\",\"item\":\"https:\/\/compuviper.mx\/tienda\/categoria-producto\/discos-duros\/unidad-de-estado-solido\/\"},{\"@type\":\"ListItem\",\"position\":5,\"name\":\"Synology Sat5221-1920g Disco De Estado Solido Ssd 2.5 1.92 Tb Sata 6gb\/s 7mm Lect 500 Mb\/s Escrit 500 Mb\/s Solo Para Nas\"}]},{\"@type\":\"WebSite\",\"@id\":\"https:\/\/compuviper.mx\/tienda\/#website\",\"url\":\"https:\/\/compuviper.mx\/tienda\/\",\"name\":\"Compuviper\",\"description\":\"Proveedor de Computadoras, Laptops, Servidores, Monitores, Puntos de Venta, Teclados,   Impresoras, T\u00f3ner, C\u00e1maras de Seguridad y m\u00e1s en tu tienda en l\u00ednea\",\"publisher\":{\"@id\":\"https:\/\/compuviper.mx\/tienda\/#organization\"},\"potentialAction\":[{\"@type\":\"SearchAction\",\"target\":{\"@type\":\"EntryPoint\",\"urlTemplate\":\"https:\/\/compuviper.mx\/tienda\/?s={search_term_string}\"},\"query-input\":\"required name=search_term_string\"}],\"inLanguage\":\"es-MX\"},{\"@type\":\"Organization\",\"@id\":\"https:\/\/compuviper.mx\/tienda\/#organization\",\"name\":\"Compuviper\",\"url\":\"https:\/\/compuviper.mx\/tienda\/\",\"logo\":{\"@type\":\"ImageObject\",\"inLanguage\":\"es-MX\",\"@id\":\"https:\/\/compuviper.mx\/tienda\/#\/schema\/logo\/image\/\",\"url\":\"https:\/\/compuviper.mx\/tienda\/wp-content\/uploads\/2021\/08\/Logo-Compuviper-10.png\",\"contentUrl\":\"https:\/\/compuviper.mx\/tienda\/wp-content\/uploads\/2021\/08\/Logo-Compuviper-10.png\",\"width\":1000,\"height\":500,\"caption\":\"Compuviper\"},\"image\":{\"@id\":\"https:\/\/compuviper.mx\/tienda\/#\/schema\/logo\/image\/\"},\"sameAs\":[\"https:\/\/www.facebook.com\/compuviper\",\"https:\/\/www.youtube.com\/channel\/UCf73dERp9Y3cfOq7q8BhLjA?view_as=subscriber\"]}]}<\/script>\n<meta property=\"product:brand\" content=\"SYNOLOGY\" \/>\n<meta property=\"product:price:amount\" content=\"39510\" \/>\n<meta property=\"product:price:currency\" content=\"MXN\" \/>\n<meta property=\"og:availability\" content=\"backorder\" \/>\n<meta property=\"product:availability\" content=\"available for order\" \/>\n<meta property=\"product:retailer_item_id\" content=\"SAT5221-1920G\" \/>\n<meta property=\"product:condition\" content=\"new\" \/>\n<!-- \/ Yoast SEO plugin. -->","yoast_head_json":{"title":"[ Synology ] &#129351; Sat5221-1920g Disco De Estado Solido Ssd 2.5 1.92 Tb Sata 6gb\/s 7mm Lect 500 Mb\/s Escrit 500 Mb\/s Solo Para Nas","description":"Compra Sat5221-1920g Disco De Estado Solido Ssd 2.5 1.92 Tb Sata 6gb\/s 7mm Lect 500 Mb\/s Escrit 500 Mb\/s Solo Para Nas + Env\u00edo a domicilio + Pago seguro + Garant\u00eda","robots":{"index":"index","follow":"follow","max-snippet":"max-snippet:-1","max-image-preview":"max-image-preview:large","max-video-preview":"max-video-preview:-1"},"canonical":"https:\/\/compuviper.mx\/tienda\/producto\/synology-sat5221-1920g-disco-de-estado-solido-ssd-2-5-1-92-tb-sata-6gb-s-7mm-lect-500-mb-s-escrit-500-mb-s-solo-para-nas\/","og_locale":"es_MX","og_type":"article","og_title":"[ Synology ] &#129351; Sat5221-1920g Disco De Estado Solido Ssd 2.5 1.92 Tb Sata 6gb\/s 7mm Lect 500 Mb\/s Escrit 500 Mb\/s Solo Para Nas","og_description":"Compra Sat5221-1920g Disco De Estado Solido Ssd 2.5 1.92 Tb Sata 6gb\/s 7mm Lect 500 Mb\/s Escrit 500 Mb\/s Solo Para Nas + Env\u00edo a domicilio + Pago seguro + Garant\u00eda","og_url":"https:\/\/compuviper.mx\/tienda\/producto\/synology-sat5221-1920g-disco-de-estado-solido-ssd-2-5-1-92-tb-sata-6gb-s-7mm-lect-500-mb-s-escrit-500-mb-s-solo-para-nas\/","og_site_name":"Compuviper","article_publisher":"https:\/\/www.facebook.com\/compuviper","og_image":[{"width":200,"height":200,"url":"https:\/\/compuviper.mx\/tienda\/wp-content\/uploads\/2025\/10\/Disco-de-estado-solido-synology-sat5221-1920g-ssd-2.5-1.92-tb-sata-6gbs-7mm-lect-500-mbs-escrit-500-mbs-solo-para-nas-synology.jpg","type":"image\/jpeg"}],"twitter_card":"summary_large_image","twitter_misc":{"Precio":"&#36;39,510 con IVA","Availability":"On backorder"},"schema":{"@context":"https:\/\/schema.org","@graph":[{"@type":"WebPage","@id":"https:\/\/compuviper.mx\/tienda\/producto\/synology-sat5221-1920g-disco-de-estado-solido-ssd-2-5-1-92-tb-sata-6gb-s-7mm-lect-500-mb-s-escrit-500-mb-s-solo-para-nas\/","url":"https:\/\/compuviper.mx\/tienda\/producto\/synology-sat5221-1920g-disco-de-estado-solido-ssd-2-5-1-92-tb-sata-6gb-s-7mm-lect-500-mb-s-escrit-500-mb-s-solo-para-nas\/","name":"[ Synology ] &#129351; Sat5221-1920g Disco De Estado Solido Ssd 2.5 1.92 Tb Sata 6gb\/s 7mm Lect 500 Mb\/s Escrit 500 Mb\/s Solo Para Nas","isPartOf":{"@id":"https:\/\/compuviper.mx\/tienda\/#website"},"datePublished":"2026-04-02T06:39:16+00:00","dateModified":"2026-04-02T06:39:16+00:00","description":"Compra Sat5221-1920g Disco De Estado Solido Ssd 2.5 1.92 Tb Sata 6gb\/s 7mm Lect 500 Mb\/s Escrit 500 Mb\/s Solo Para Nas + Env\u00edo a domicilio + Pago seguro + Garant\u00eda","breadcrumb":{"@id":"https:\/\/compuviper.mx\/tienda\/producto\/synology-sat5221-1920g-disco-de-estado-solido-ssd-2-5-1-92-tb-sata-6gb-s-7mm-lect-500-mb-s-escrit-500-mb-s-solo-para-nas\/#breadcrumb"},"inLanguage":"es-MX","potentialAction":[{"@type":"ReadAction","target":["https:\/\/compuviper.mx\/tienda\/producto\/synology-sat5221-1920g-disco-de-estado-solido-ssd-2-5-1-92-tb-sata-6gb-s-7mm-lect-500-mb-s-escrit-500-mb-s-solo-para-nas\/"]}]},{"@type":"BreadcrumbList","@id":"https:\/\/compuviper.mx\/tienda\/producto\/synology-sat5221-1920g-disco-de-estado-solido-ssd-2-5-1-92-tb-sata-6gb-s-7mm-lect-500-mb-s-escrit-500-mb-s-solo-para-nas\/#breadcrumb","itemListElement":[{"@type":"ListItem","position":1,"name":"Inicio","item":"https:\/\/compuviper.mx\/tienda\/"},{"@type":"ListItem","position":2,"name":"Productos","item":"https:\/\/compuviper.mx\/tienda\/productos\/"},{"@type":"ListItem","position":3,"name":"Discos Duros","item":"https:\/\/compuviper.mx\/tienda\/categoria-producto\/discos-duros\/"},{"@type":"ListItem","position":4,"name":"Unidad De Estado Solido","item":"https:\/\/compuviper.mx\/tienda\/categoria-producto\/discos-duros\/unidad-de-estado-solido\/"},{"@type":"ListItem","position":5,"name":"Synology Sat5221-1920g Disco De Estado Solido Ssd 2.5 1.92 Tb Sata 6gb\/s 7mm Lect 500 Mb\/s Escrit 500 Mb\/s Solo Para Nas"}]},{"@type":"WebSite","@id":"https:\/\/compuviper.mx\/tienda\/#website","url":"https:\/\/compuviper.mx\/tienda\/","name":"Compuviper","description":"Proveedor de Computadoras, Laptops, Servidores, Monitores, Puntos de Venta, Teclados,   Impresoras, T\u00f3ner, C\u00e1maras de Seguridad y m\u00e1s en tu tienda en l\u00ednea","publisher":{"@id":"https:\/\/compuviper.mx\/tienda\/#organization"},"potentialAction":[{"@type":"SearchAction","target":{"@type":"EntryPoint","urlTemplate":"https:\/\/compuviper.mx\/tienda\/?s={search_term_string}"},"query-input":"required name=search_term_string"}],"inLanguage":"es-MX"},{"@type":"Organization","@id":"https:\/\/compuviper.mx\/tienda\/#organization","name":"Compuviper","url":"https:\/\/compuviper.mx\/tienda\/","logo":{"@type":"ImageObject","inLanguage":"es-MX","@id":"https:\/\/compuviper.mx\/tienda\/#\/schema\/logo\/image\/","url":"https:\/\/compuviper.mx\/tienda\/wp-content\/uploads\/2021\/08\/Logo-Compuviper-10.png","contentUrl":"https:\/\/compuviper.mx\/tienda\/wp-content\/uploads\/2021\/08\/Logo-Compuviper-10.png","width":1000,"height":500,"caption":"Compuviper"},"image":{"@id":"https:\/\/compuviper.mx\/tienda\/#\/schema\/logo\/image\/"},"sameAs":["https:\/\/www.facebook.com\/compuviper","https:\/\/www.youtube.com\/channel\/UCf73dERp9Y3cfOq7q8BhLjA?view_as=subscriber"]}]},"product_brand":"SYNOLOGY","product_price_amount":"39510","product_price_currency":"MXN","og_availability":"backorder","product_availability":"available for order","product_retailer_item_id":"SAT5221-1920G","product_condition":"new"},"_links":{"self":[{"href":"https:\/\/compuviper.mx\/tienda\/wp-json\/wp\/v2\/product\/246913"}],"collection":[{"href":"https:\/\/compuviper.mx\/tienda\/wp-json\/wp\/v2\/product"}],"about":[{"href":"https:\/\/compuviper.mx\/tienda\/wp-json\/wp\/v2\/types\/product"}],"replies":[{"embeddable":true,"href":"https:\/\/compuviper.mx\/tienda\/wp-json\/wp\/v2\/comments?post=246913"}],"wp:featuredmedia":[{"embeddable":true,"href":"https:\/\/compuviper.mx\/tienda\/wp-json\/wp\/v2\/media\/259646"}],"wp:attachment":[{"href":"https:\/\/compuviper.mx\/tienda\/wp-json\/wp\/v2\/media?parent=246913"}],"wp:term":[{"taxonomy":"product_cat","embeddable":true,"href":"https:\/\/compuviper.mx\/tienda\/wp-json\/wp\/v2\/product_cat?post=246913"},{"taxonomy":"product_tag","embeddable":true,"href":"https:\/\/compuviper.mx\/tienda\/wp-json\/wp\/v2\/product_tag?post=246913"}],"curies":[{"name":"wp","href":"https:\/\/api.w.org\/{rel}","templated":true}]}}