{"id":246822,"date":"2026-04-23T00:15:08","date_gmt":"2026-04-23T06:15:08","guid":{"rendered":"https:\/\/compuviper.mx\/tienda\/producto\/dahua-dh-hac-b1a51n-u-0280b-camara-analoga-hac-b1a51-u-28-bullet-de-5-mp-lente-2-8-mm-106-grados-de-apertura-ir-de-30-mts-ip67-soporta-cvi-cvbs-ahd-tvi\/"},"modified":"2026-04-23T00:15:08","modified_gmt":"2026-04-23T06:15:08","slug":"dahua-dh-hac-b1a51n-u-0280b-camara-analoga-hac-b1a51-u-28-bullet-de-5-mp-lente-2-8-mm-106-grados-de-apertura-ir-de-30-mts-ip67-soporta-cvi-cvbs-ahd-tvi","status":"publish","type":"product","link":"https:\/\/compuviper.mx\/tienda\/producto\/dahua-dh-hac-b1a51n-u-0280b-camara-analoga-hac-b1a51-u-28-bullet-de-5-mp-lente-2-8-mm-106-grados-de-apertura-ir-de-30-mts-ip67-soporta-cvi-cvbs-ahd-tvi\/","title":{"rendered":"Dahua Dh-hac-b1a51n-u-0280b Camara Analoga\/ \/hac-b1a51-u-28\/bullet De 5 Mp\/ Lente 2.8 Mm\/ 106 Grados De Apertura\/ Ir De 30 Mts\/ Ip67\/ Soporta: Cvi\/cvbs\/ahd\/tvi"},"content":{"rendered":"<table class=\"descripcion\">\n<tr>\n<td>Especificaciones tecnicas<\/td>\n<\/tr>\n<tr>\n<td>\u0095material: plastico<\/td>\n<\/tr>\n<tr>\n<td>\u0095dimensiones:146.1 mm  70.0 mm  69.8 mm<\/td>\n<\/tr>\n<tr>\n<td>\u0095peso: 0.17 kg<\/td>\n<\/tr>\n<tr>\n<td>\u0095temperatura de trabajo: -40\u00b0c a 60\u00b0c<\/td>\n<\/tr>\n<tr>\n<td>\u0095alimentacion: 12 vcc<\/td>\n<\/tr>\n<tr>\n<td>\u0095consumo de energia: max. 3.7 w 12 v cc,ir encendido<\/td>\n<\/tr>\n<tr>\n<td>\u0095menu osd: varios idiomas no puede bajar la resolucion a 720p<\/td>\n<\/tr>\n<\/table>\n","protected":false},"excerpt":{"rendered":"<p>Informacion general. Transmision de larga distancia la tecnologia hdcvi proporciona transmision de larga distancia en tiempo real sin perdida de transmision. Soporta distancias de transmision de hasta 700 m para vdeos hd de 2 mp\/ 5 mp\/8 mp a traves de cables coaxiales, y hasta 300 m a traves de cables utp. Los resultados se obtuvieron y verificaron mediante pruebas rigurosas en el laboratorio de pruebas de dahua. Caracteristicas principales. \u0095resolucion full hd: disfruta de una calidad de imagen nitida y fluida a 5mp con 25 fps. \u0095iluminacion infrarroja inteligente: garantiza visibilidad optima en condiciones de poca luz o total oscuridad. \u0095alcance de iluminacion de 30 m: perfecto para monitoreo en areas amplias durante la noche. \u0095lente fija de 3.6 mm: obten el angulo de vision perfecto para tus necesidades. \u0095compatibilidad multi-formato: cambia facilmente entre cvi, cvbs, ahd y tvi segun tus preferencias. \u0095certificacion ip67: resistente al agua y al polvo para uso exterior.<\/p>\n","protected":false},"featured_media":259359,"comment_status":"open","ping_status":"open","template":"","meta":[],"product_cat":[1608,1681],"product_tag":[1555],"acf":[],"yoast_head":"<!-- This site is optimized with the Yoast SEO plugin v21.7 - https:\/\/yoast.com\/wordpress\/plugins\/seo\/ -->\n<title>[ Dahua ] &#129351; Dh-hac-b1a51n-u-0280b Camara Analoga\/ \/hac-b1a51-u-28\/bullet De 5 Mp\/ Lente 2.8 Mm\/ 106 Grados De Apertura\/ Ir De 30 Mts\/ Ip67\/ Soporta: Cvi\/cvbs\/ahd\/tvi<\/title>\n<meta name=\"description\" content=\"Compra Dh-hac-b1a51n-u-0280b Camara Analoga\/ \/hac-b1a51-u-28\/bullet De 5 Mp\/ Lente 2.8 Mm\/ 106 Grados De Apertura\/ Ir De 30 Mts\/ Ip67\/ Soporta: Cvi\/cvbs\/ahd\/tvi + Env\u00edo a domicilio + Pago seguro + Garant\u00eda\" \/>\n<meta name=\"robots\" content=\"index, follow, max-snippet:-1, max-image-preview:large, max-video-preview:-1\" \/>\n<link rel=\"canonical\" href=\"https:\/\/compuviper.mx\/tienda\/producto\/dahua-dh-hac-b1a51n-u-0280b-camara-analoga-hac-b1a51-u-28-bullet-de-5-mp-lente-2-8-mm-106-grados-de-apertura-ir-de-30-mts-ip67-soporta-cvi-cvbs-ahd-tvi\/\" \/>\n<meta property=\"og:locale\" content=\"es_MX\" \/>\n<meta property=\"og:type\" content=\"article\" \/>\n<meta property=\"og:title\" content=\"[ Dahua ] &#129351; Dh-hac-b1a51n-u-0280b Camara Analoga\/ \/hac-b1a51-u-28\/bullet De 5 Mp\/ Lente 2.8 Mm\/ 106 Grados De Apertura\/ Ir De 30 Mts\/ Ip67\/ Soporta: Cvi\/cvbs\/ahd\/tvi\" \/>\n<meta property=\"og:description\" content=\"Compra Dh-hac-b1a51n-u-0280b Camara Analoga\/ \/hac-b1a51-u-28\/bullet De 5 Mp\/ Lente 2.8 Mm\/ 106 Grados De Apertura\/ Ir De 30 Mts\/ Ip67\/ Soporta: Cvi\/cvbs\/ahd\/tvi + Env\u00edo a domicilio + Pago seguro + Garant\u00eda\" \/>\n<meta property=\"og:url\" content=\"https:\/\/compuviper.mx\/tienda\/producto\/dahua-dh-hac-b1a51n-u-0280b-camara-analoga-hac-b1a51-u-28-bullet-de-5-mp-lente-2-8-mm-106-grados-de-apertura-ir-de-30-mts-ip67-soporta-cvi-cvbs-ahd-tvi\/\" \/>\n<meta property=\"og:site_name\" content=\"Compuviper\" \/>\n<meta property=\"article:publisher\" content=\"https:\/\/www.facebook.com\/compuviper\" \/>\n<meta property=\"og:image\" content=\"https:\/\/compuviper.mx\/tienda\/wp-content\/uploads\/2025\/10\/Camara-analoga-dahuahac-b1a51-u-28bullet-de-5-mp-lente-2.8-mm-106-grados-de-apertura-ir-de-30-mts-ip67-soporta-cvicvbsahdtvi.jpg\" \/>\n\t<meta property=\"og:image:width\" content=\"200\" \/>\n\t<meta property=\"og:image:height\" content=\"200\" \/>\n\t<meta property=\"og:image:type\" content=\"image\/jpeg\" \/>\n<meta name=\"twitter:card\" content=\"summary_large_image\" \/>\n<meta name=\"twitter:label1\" content=\"Precio\" \/>\n\t<meta name=\"twitter:data1\" content=\"&#36;374 &#36;366 con IVA\" \/>\n\t<meta name=\"twitter:label2\" content=\"Availability\" \/>\n\t<meta name=\"twitter:data2\" content=\"In stock\" \/>\n<script type=\"application\/ld+json\" class=\"yoast-schema-graph\">{\"@context\":\"https:\/\/schema.org\",\"@graph\":[{\"@type\":\"WebPage\",\"@id\":\"https:\/\/compuviper.mx\/tienda\/producto\/dahua-dh-hac-b1a51n-u-0280b-camara-analoga-hac-b1a51-u-28-bullet-de-5-mp-lente-2-8-mm-106-grados-de-apertura-ir-de-30-mts-ip67-soporta-cvi-cvbs-ahd-tvi\/\",\"url\":\"https:\/\/compuviper.mx\/tienda\/producto\/dahua-dh-hac-b1a51n-u-0280b-camara-analoga-hac-b1a51-u-28-bullet-de-5-mp-lente-2-8-mm-106-grados-de-apertura-ir-de-30-mts-ip67-soporta-cvi-cvbs-ahd-tvi\/\",\"name\":\"[ Dahua ] &#129351; Dh-hac-b1a51n-u-0280b Camara Analoga\/ \/hac-b1a51-u-28\/bullet De 5 Mp\/ Lente 2.8 Mm\/ 106 Grados De Apertura\/ Ir De 30 Mts\/ Ip67\/ Soporta: Cvi\/cvbs\/ahd\/tvi\",\"isPartOf\":{\"@id\":\"https:\/\/compuviper.mx\/tienda\/#website\"},\"datePublished\":\"2026-04-23T06:15:08+00:00\",\"dateModified\":\"2026-04-23T06:15:08+00:00\",\"description\":\"Compra Dh-hac-b1a51n-u-0280b Camara Analoga\/ \/hac-b1a51-u-28\/bullet De 5 Mp\/ Lente 2.8 Mm\/ 106 Grados De Apertura\/ Ir De 30 Mts\/ Ip67\/ Soporta: Cvi\/cvbs\/ahd\/tvi + Env\u00edo a domicilio + Pago seguro + Garant\u00eda\",\"breadcrumb\":{\"@id\":\"https:\/\/compuviper.mx\/tienda\/producto\/dahua-dh-hac-b1a51n-u-0280b-camara-analoga-hac-b1a51-u-28-bullet-de-5-mp-lente-2-8-mm-106-grados-de-apertura-ir-de-30-mts-ip67-soporta-cvi-cvbs-ahd-tvi\/#breadcrumb\"},\"inLanguage\":\"es-MX\",\"potentialAction\":[{\"@type\":\"ReadAction\",\"target\":[\"https:\/\/compuviper.mx\/tienda\/producto\/dahua-dh-hac-b1a51n-u-0280b-camara-analoga-hac-b1a51-u-28-bullet-de-5-mp-lente-2-8-mm-106-grados-de-apertura-ir-de-30-mts-ip67-soporta-cvi-cvbs-ahd-tvi\/\"]}]},{\"@type\":\"BreadcrumbList\",\"@id\":\"https:\/\/compuviper.mx\/tienda\/producto\/dahua-dh-hac-b1a51n-u-0280b-camara-analoga-hac-b1a51-u-28-bullet-de-5-mp-lente-2-8-mm-106-grados-de-apertura-ir-de-30-mts-ip67-soporta-cvi-cvbs-ahd-tvi\/#breadcrumb\",\"itemListElement\":[{\"@type\":\"ListItem\",\"position\":1,\"name\":\"Inicio\",\"item\":\"https:\/\/compuviper.mx\/tienda\/\"},{\"@type\":\"ListItem\",\"position\":2,\"name\":\"Productos\",\"item\":\"https:\/\/compuviper.mx\/tienda\/productos\/\"},{\"@type\":\"ListItem\",\"position\":3,\"name\":\"Camaras\",\"item\":\"https:\/\/compuviper.mx\/tienda\/categoria-producto\/camaras-2\/\"},{\"@type\":\"ListItem\",\"position\":4,\"name\":\"Camara De Videovigilancia\",\"item\":\"https:\/\/compuviper.mx\/tienda\/categoria-producto\/camaras-2\/camara-de-videovigilancia\/\"},{\"@type\":\"ListItem\",\"position\":5,\"name\":\"Dahua Dh-hac-b1a51n-u-0280b Camara Analoga\/ \/hac-b1a51-u-28\/bullet De 5 Mp\/ Lente 2.8 Mm\/ 106 Grados De Apertura\/ Ir De 30 Mts\/ Ip67\/ Soporta: Cvi\/cvbs\/ahd\/tvi\"}]},{\"@type\":\"WebSite\",\"@id\":\"https:\/\/compuviper.mx\/tienda\/#website\",\"url\":\"https:\/\/compuviper.mx\/tienda\/\",\"name\":\"Compuviper\",\"description\":\"Proveedor de Computadoras, Laptops, Servidores, Monitores, Puntos de Venta, Teclados,   Impresoras, T\u00f3ner, C\u00e1maras de Seguridad y m\u00e1s en tu tienda en l\u00ednea\",\"publisher\":{\"@id\":\"https:\/\/compuviper.mx\/tienda\/#organization\"},\"potentialAction\":[{\"@type\":\"SearchAction\",\"target\":{\"@type\":\"EntryPoint\",\"urlTemplate\":\"https:\/\/compuviper.mx\/tienda\/?s={search_term_string}\"},\"query-input\":\"required name=search_term_string\"}],\"inLanguage\":\"es-MX\"},{\"@type\":\"Organization\",\"@id\":\"https:\/\/compuviper.mx\/tienda\/#organization\",\"name\":\"Compuviper\",\"url\":\"https:\/\/compuviper.mx\/tienda\/\",\"logo\":{\"@type\":\"ImageObject\",\"inLanguage\":\"es-MX\",\"@id\":\"https:\/\/compuviper.mx\/tienda\/#\/schema\/logo\/image\/\",\"url\":\"https:\/\/compuviper.mx\/tienda\/wp-content\/uploads\/2021\/08\/Logo-Compuviper-10.png\",\"contentUrl\":\"https:\/\/compuviper.mx\/tienda\/wp-content\/uploads\/2021\/08\/Logo-Compuviper-10.png\",\"width\":1000,\"height\":500,\"caption\":\"Compuviper\"},\"image\":{\"@id\":\"https:\/\/compuviper.mx\/tienda\/#\/schema\/logo\/image\/\"},\"sameAs\":[\"https:\/\/www.facebook.com\/compuviper\",\"https:\/\/www.youtube.com\/channel\/UCf73dERp9Y3cfOq7q8BhLjA?view_as=subscriber\"]}]}<\/script>\n<meta property=\"product:brand\" content=\"DAHUA\" \/>\n<meta property=\"product:price:amount\" content=\"366\" \/>\n<meta property=\"product:price:currency\" content=\"MXN\" \/>\n<meta property=\"og:availability\" content=\"instock\" \/>\n<meta property=\"product:availability\" content=\"instock\" \/>\n<meta property=\"product:retailer_item_id\" content=\"DH-HAC-B1A51N-U-0280B\" \/>\n<meta property=\"product:condition\" content=\"new\" \/>\n<!-- \/ Yoast SEO plugin. -->","yoast_head_json":{"title":"[ Dahua ] &#129351; Dh-hac-b1a51n-u-0280b Camara Analoga\/ \/hac-b1a51-u-28\/bullet De 5 Mp\/ Lente 2.8 Mm\/ 106 Grados De Apertura\/ Ir De 30 Mts\/ Ip67\/ Soporta: Cvi\/cvbs\/ahd\/tvi","description":"Compra Dh-hac-b1a51n-u-0280b Camara Analoga\/ \/hac-b1a51-u-28\/bullet De 5 Mp\/ Lente 2.8 Mm\/ 106 Grados De Apertura\/ Ir De 30 Mts\/ Ip67\/ Soporta: Cvi\/cvbs\/ahd\/tvi + Env\u00edo a domicilio + Pago seguro + Garant\u00eda","robots":{"index":"index","follow":"follow","max-snippet":"max-snippet:-1","max-image-preview":"max-image-preview:large","max-video-preview":"max-video-preview:-1"},"canonical":"https:\/\/compuviper.mx\/tienda\/producto\/dahua-dh-hac-b1a51n-u-0280b-camara-analoga-hac-b1a51-u-28-bullet-de-5-mp-lente-2-8-mm-106-grados-de-apertura-ir-de-30-mts-ip67-soporta-cvi-cvbs-ahd-tvi\/","og_locale":"es_MX","og_type":"article","og_title":"[ Dahua ] &#129351; Dh-hac-b1a51n-u-0280b Camara Analoga\/ \/hac-b1a51-u-28\/bullet De 5 Mp\/ Lente 2.8 Mm\/ 106 Grados De Apertura\/ Ir De 30 Mts\/ Ip67\/ Soporta: Cvi\/cvbs\/ahd\/tvi","og_description":"Compra Dh-hac-b1a51n-u-0280b Camara Analoga\/ \/hac-b1a51-u-28\/bullet De 5 Mp\/ Lente 2.8 Mm\/ 106 Grados De Apertura\/ Ir De 30 Mts\/ Ip67\/ Soporta: Cvi\/cvbs\/ahd\/tvi + Env\u00edo a domicilio + Pago seguro + Garant\u00eda","og_url":"https:\/\/compuviper.mx\/tienda\/producto\/dahua-dh-hac-b1a51n-u-0280b-camara-analoga-hac-b1a51-u-28-bullet-de-5-mp-lente-2-8-mm-106-grados-de-apertura-ir-de-30-mts-ip67-soporta-cvi-cvbs-ahd-tvi\/","og_site_name":"Compuviper","article_publisher":"https:\/\/www.facebook.com\/compuviper","og_image":[{"width":200,"height":200,"url":"https:\/\/compuviper.mx\/tienda\/wp-content\/uploads\/2025\/10\/Camara-analoga-dahuahac-b1a51-u-28bullet-de-5-mp-lente-2.8-mm-106-grados-de-apertura-ir-de-30-mts-ip67-soporta-cvicvbsahdtvi.jpg","type":"image\/jpeg"}],"twitter_card":"summary_large_image","twitter_misc":{"Precio":"&#36;374 &#36;366 con IVA","Availability":"In stock"},"schema":{"@context":"https:\/\/schema.org","@graph":[{"@type":"WebPage","@id":"https:\/\/compuviper.mx\/tienda\/producto\/dahua-dh-hac-b1a51n-u-0280b-camara-analoga-hac-b1a51-u-28-bullet-de-5-mp-lente-2-8-mm-106-grados-de-apertura-ir-de-30-mts-ip67-soporta-cvi-cvbs-ahd-tvi\/","url":"https:\/\/compuviper.mx\/tienda\/producto\/dahua-dh-hac-b1a51n-u-0280b-camara-analoga-hac-b1a51-u-28-bullet-de-5-mp-lente-2-8-mm-106-grados-de-apertura-ir-de-30-mts-ip67-soporta-cvi-cvbs-ahd-tvi\/","name":"[ Dahua ] &#129351; Dh-hac-b1a51n-u-0280b Camara Analoga\/ \/hac-b1a51-u-28\/bullet De 5 Mp\/ Lente 2.8 Mm\/ 106 Grados De Apertura\/ Ir De 30 Mts\/ Ip67\/ Soporta: Cvi\/cvbs\/ahd\/tvi","isPartOf":{"@id":"https:\/\/compuviper.mx\/tienda\/#website"},"datePublished":"2026-04-23T06:15:08+00:00","dateModified":"2026-04-23T06:15:08+00:00","description":"Compra Dh-hac-b1a51n-u-0280b Camara Analoga\/ \/hac-b1a51-u-28\/bullet De 5 Mp\/ Lente 2.8 Mm\/ 106 Grados De Apertura\/ Ir De 30 Mts\/ Ip67\/ Soporta: Cvi\/cvbs\/ahd\/tvi + Env\u00edo a domicilio + Pago seguro + Garant\u00eda","breadcrumb":{"@id":"https:\/\/compuviper.mx\/tienda\/producto\/dahua-dh-hac-b1a51n-u-0280b-camara-analoga-hac-b1a51-u-28-bullet-de-5-mp-lente-2-8-mm-106-grados-de-apertura-ir-de-30-mts-ip67-soporta-cvi-cvbs-ahd-tvi\/#breadcrumb"},"inLanguage":"es-MX","potentialAction":[{"@type":"ReadAction","target":["https:\/\/compuviper.mx\/tienda\/producto\/dahua-dh-hac-b1a51n-u-0280b-camara-analoga-hac-b1a51-u-28-bullet-de-5-mp-lente-2-8-mm-106-grados-de-apertura-ir-de-30-mts-ip67-soporta-cvi-cvbs-ahd-tvi\/"]}]},{"@type":"BreadcrumbList","@id":"https:\/\/compuviper.mx\/tienda\/producto\/dahua-dh-hac-b1a51n-u-0280b-camara-analoga-hac-b1a51-u-28-bullet-de-5-mp-lente-2-8-mm-106-grados-de-apertura-ir-de-30-mts-ip67-soporta-cvi-cvbs-ahd-tvi\/#breadcrumb","itemListElement":[{"@type":"ListItem","position":1,"name":"Inicio","item":"https:\/\/compuviper.mx\/tienda\/"},{"@type":"ListItem","position":2,"name":"Productos","item":"https:\/\/compuviper.mx\/tienda\/productos\/"},{"@type":"ListItem","position":3,"name":"Camaras","item":"https:\/\/compuviper.mx\/tienda\/categoria-producto\/camaras-2\/"},{"@type":"ListItem","position":4,"name":"Camara De Videovigilancia","item":"https:\/\/compuviper.mx\/tienda\/categoria-producto\/camaras-2\/camara-de-videovigilancia\/"},{"@type":"ListItem","position":5,"name":"Dahua Dh-hac-b1a51n-u-0280b Camara Analoga\/ \/hac-b1a51-u-28\/bullet De 5 Mp\/ Lente 2.8 Mm\/ 106 Grados De Apertura\/ Ir De 30 Mts\/ Ip67\/ Soporta: Cvi\/cvbs\/ahd\/tvi"}]},{"@type":"WebSite","@id":"https:\/\/compuviper.mx\/tienda\/#website","url":"https:\/\/compuviper.mx\/tienda\/","name":"Compuviper","description":"Proveedor de Computadoras, Laptops, Servidores, Monitores, Puntos de Venta, Teclados,   Impresoras, T\u00f3ner, C\u00e1maras de Seguridad y m\u00e1s en tu tienda en l\u00ednea","publisher":{"@id":"https:\/\/compuviper.mx\/tienda\/#organization"},"potentialAction":[{"@type":"SearchAction","target":{"@type":"EntryPoint","urlTemplate":"https:\/\/compuviper.mx\/tienda\/?s={search_term_string}"},"query-input":"required name=search_term_string"}],"inLanguage":"es-MX"},{"@type":"Organization","@id":"https:\/\/compuviper.mx\/tienda\/#organization","name":"Compuviper","url":"https:\/\/compuviper.mx\/tienda\/","logo":{"@type":"ImageObject","inLanguage":"es-MX","@id":"https:\/\/compuviper.mx\/tienda\/#\/schema\/logo\/image\/","url":"https:\/\/compuviper.mx\/tienda\/wp-content\/uploads\/2021\/08\/Logo-Compuviper-10.png","contentUrl":"https:\/\/compuviper.mx\/tienda\/wp-content\/uploads\/2021\/08\/Logo-Compuviper-10.png","width":1000,"height":500,"caption":"Compuviper"},"image":{"@id":"https:\/\/compuviper.mx\/tienda\/#\/schema\/logo\/image\/"},"sameAs":["https:\/\/www.facebook.com\/compuviper","https:\/\/www.youtube.com\/channel\/UCf73dERp9Y3cfOq7q8BhLjA?view_as=subscriber"]}]},"product_brand":"DAHUA","product_price_amount":"366","product_price_currency":"MXN","og_availability":"instock","product_availability":"instock","product_retailer_item_id":"DH-HAC-B1A51N-U-0280B","product_condition":"new"},"_links":{"self":[{"href":"https:\/\/compuviper.mx\/tienda\/wp-json\/wp\/v2\/product\/246822"}],"collection":[{"href":"https:\/\/compuviper.mx\/tienda\/wp-json\/wp\/v2\/product"}],"about":[{"href":"https:\/\/compuviper.mx\/tienda\/wp-json\/wp\/v2\/types\/product"}],"replies":[{"embeddable":true,"href":"https:\/\/compuviper.mx\/tienda\/wp-json\/wp\/v2\/comments?post=246822"}],"wp:featuredmedia":[{"embeddable":true,"href":"https:\/\/compuviper.mx\/tienda\/wp-json\/wp\/v2\/media\/259359"}],"wp:attachment":[{"href":"https:\/\/compuviper.mx\/tienda\/wp-json\/wp\/v2\/media?parent=246822"}],"wp:term":[{"taxonomy":"product_cat","embeddable":true,"href":"https:\/\/compuviper.mx\/tienda\/wp-json\/wp\/v2\/product_cat?post=246822"},{"taxonomy":"product_tag","embeddable":true,"href":"https:\/\/compuviper.mx\/tienda\/wp-json\/wp\/v2\/product_tag?post=246822"}],"curies":[{"name":"wp","href":"https:\/\/api.w.org\/{rel}","templated":true}]}}