{"id":246815,"date":"2026-04-27T23:27:55","date_gmt":"2026-04-28T05:27:55","guid":{"rendered":"https:\/\/compuviper.mx\/tienda\/producto\/logitech-989-000405-microfono-de-expansion-para-equipo-de-video-conferencia-meetup\/"},"modified":"2026-04-27T23:27:56","modified_gmt":"2026-04-28T05:27:56","slug":"logitech-989-000405-microfono-de-expansion-para-equipo-de-video-conferencia-meetup","status":"publish","type":"product","link":"https:\/\/compuviper.mx\/tienda\/producto\/logitech-989-000405-microfono-de-expansion-para-equipo-de-video-conferencia-meetup\/","title":{"rendered":"Logitech 989-000405 Microfono De Expansion  Para Equipo De Video Conferencia Meetup"},"content":{"rendered":"<table class=\"descripcion\">\n<tr>\n<td>Audicin clara a 4,2 metros<\/td>\n<\/tr>\n<tr>\n<td>Dado el tamao diverso de los espacios de reunion, hemos creado un microfono de expansion para aumentar la flexibilidad de configuracion. el microfono de expansion amplia a 4,2 metros el radio de accion de captura del microfono de meetup.<\/td>\n<\/tr>\n<tr>\n<td>Facil silenciamiento de llamadas<\/td>\n<\/tr>\n<tr>\n<td>Un boton de silenciamiento del microfono permite que quienes se encuentran en el extremo de la mesa puedan silenciar todo el sistema manos libres. el indicador luminoso muestra cuando se ha silenciado el microfono, cuando hay una llamada activa y cuando se ha iniciado el emparejamiento inalambrico bluetooth\u00ae.<\/td>\n<\/tr>\n<tr>\n<td>Dimensiones<\/td>\n<\/tr>\n<tr>\n<td>Microfonos de expansion<\/td>\n<\/tr>\n<tr>\n<td>Altura: 13,4 mm<\/td>\n<\/tr>\n<tr>\n<td>Ancho: 83 mm<\/td>\n<\/tr>\n<tr>\n<td>Profundidad: 83 mm<\/td>\n<\/tr>\n<tr>\n<td>Peso: 302 g<\/td>\n<\/tr>\n<tr>\n<td>Especificaciones tecnicas<\/td>\n<\/tr>\n<tr>\n<td>Tipo de conexion: plug and play<\/td>\n<\/tr>\n<tr>\n<td>Indicadores luminosos led: led para confirmar streaming de video, silenciamiento de microfono, llamada en espera y emparejamiento bluetooth. etc.<\/td>\n<\/tr>\n<tr>\n<td>Tipo de microfono: mono, banda ancha, supresion de ruido<\/td>\n<\/tr>\n<tr>\n<td>Botones\/conmutador: silenciar microfono<\/td>\n<\/tr>\n<tr>\n<td>Longitud del cable: 6 m<\/td>\n<\/tr>\n<tr>\n<td>Informacion de garantia<\/td>\n<\/tr>\n<tr>\n<td>Dos aos de garantia de hardware limitada<\/td>\n<\/tr>\n<tr>\n<td>Numero de referencia<\/td>\n<\/tr>\n<tr>\n<td>989-000405<\/td>\n<\/tr>\n<\/table>\n","protected":false},"excerpt":{"rendered":"<p>El microfono de expansion logitech para meetup proporciona mas flexibilidad en las configuraciones de espacios de reunion reducidos. Los microfonos integrados en meetup estan optimizados para un alcance de hasta 4 metros. Para ampliar ese radio de accion hasta 5 metros, aade un microfono de expansion. De ese modo se oira lo que diga cualquier asistente, tanto si estan alrededor de una mesa, cerca de la pared o de pie.<\/p>\n","protected":false},"featured_media":258973,"comment_status":"open","ping_status":"open","template":"","meta":[],"product_cat":[1552,1999],"product_tag":[1500],"acf":[],"yoast_head":"<!-- This site is optimized with the Yoast SEO plugin v21.7 - https:\/\/yoast.com\/wordpress\/plugins\/seo\/ -->\n<title>[ Logitech ] &#129351; 989-000405 Microfono De Expansion Para Equipo De Video Conferencia Meetup<\/title>\n<meta name=\"description\" content=\"Compra 989-000405 Microfono De Expansion Para Equipo De Video Conferencia Meetup + Env\u00edo a domicilio + Pago seguro + Garant\u00eda\" \/>\n<meta name=\"robots\" content=\"index, follow, max-snippet:-1, max-image-preview:large, max-video-preview:-1\" \/>\n<link rel=\"canonical\" href=\"https:\/\/compuviper.mx\/tienda\/producto\/logitech-989-000405-microfono-de-expansion-para-equipo-de-video-conferencia-meetup\/\" \/>\n<meta property=\"og:locale\" content=\"es_MX\" \/>\n<meta property=\"og:type\" content=\"article\" \/>\n<meta property=\"og:title\" content=\"[ Logitech ] &#129351; 989-000405 Microfono De Expansion Para Equipo De Video Conferencia Meetup\" \/>\n<meta property=\"og:description\" content=\"Compra 989-000405 Microfono De Expansion Para Equipo De Video Conferencia Meetup + Env\u00edo a domicilio + Pago seguro + Garant\u00eda\" \/>\n<meta property=\"og:url\" content=\"https:\/\/compuviper.mx\/tienda\/producto\/logitech-989-000405-microfono-de-expansion-para-equipo-de-video-conferencia-meetup\/\" \/>\n<meta property=\"og:site_name\" content=\"Compuviper\" \/>\n<meta property=\"article:publisher\" content=\"https:\/\/www.facebook.com\/compuviper\" \/>\n<meta property=\"article:modified_time\" content=\"2026-04-28T05:27:56+00:00\" \/>\n<meta property=\"og:image\" content=\"https:\/\/compuviper.mx\/tienda\/wp-content\/uploads\/2025\/10\/Microfono-de-expansion-logitech-para-equipo-de-video-conferencia-meetup.jpg\" \/>\n\t<meta property=\"og:image:width\" content=\"200\" \/>\n\t<meta property=\"og:image:height\" content=\"200\" \/>\n\t<meta property=\"og:image:type\" content=\"image\/jpeg\" \/>\n<meta name=\"twitter:card\" content=\"summary_large_image\" \/>\n<meta name=\"twitter:label1\" content=\"Precio\" \/>\n\t<meta name=\"twitter:data1\" content=\"&#36;6,969 con IVA\" \/>\n\t<meta name=\"twitter:label2\" content=\"Availability\" \/>\n\t<meta name=\"twitter:data2\" content=\"Out of stock\" \/>\n<script type=\"application\/ld+json\" class=\"yoast-schema-graph\">{\"@context\":\"https:\/\/schema.org\",\"@graph\":[{\"@type\":\"WebPage\",\"@id\":\"https:\/\/compuviper.mx\/tienda\/producto\/logitech-989-000405-microfono-de-expansion-para-equipo-de-video-conferencia-meetup\/\",\"url\":\"https:\/\/compuviper.mx\/tienda\/producto\/logitech-989-000405-microfono-de-expansion-para-equipo-de-video-conferencia-meetup\/\",\"name\":\"[ Logitech ] &#129351; 989-000405 Microfono De Expansion Para Equipo De Video Conferencia Meetup\",\"isPartOf\":{\"@id\":\"https:\/\/compuviper.mx\/tienda\/#website\"},\"datePublished\":\"2026-04-28T05:27:55+00:00\",\"dateModified\":\"2026-04-28T05:27:56+00:00\",\"description\":\"Compra 989-000405 Microfono De Expansion Para Equipo De Video Conferencia Meetup + Env\u00edo a domicilio + Pago seguro + Garant\u00eda\",\"breadcrumb\":{\"@id\":\"https:\/\/compuviper.mx\/tienda\/producto\/logitech-989-000405-microfono-de-expansion-para-equipo-de-video-conferencia-meetup\/#breadcrumb\"},\"inLanguage\":\"es-MX\",\"potentialAction\":[{\"@type\":\"ReadAction\",\"target\":[\"https:\/\/compuviper.mx\/tienda\/producto\/logitech-989-000405-microfono-de-expansion-para-equipo-de-video-conferencia-meetup\/\"]}]},{\"@type\":\"BreadcrumbList\",\"@id\":\"https:\/\/compuviper.mx\/tienda\/producto\/logitech-989-000405-microfono-de-expansion-para-equipo-de-video-conferencia-meetup\/#breadcrumb\",\"itemListElement\":[{\"@type\":\"ListItem\",\"position\":1,\"name\":\"Inicio\",\"item\":\"https:\/\/compuviper.mx\/tienda\/\"},{\"@type\":\"ListItem\",\"position\":2,\"name\":\"Productos\",\"item\":\"https:\/\/compuviper.mx\/tienda\/productos\/\"},{\"@type\":\"ListItem\",\"position\":3,\"name\":\"Audifonos Y Micro\",\"item\":\"https:\/\/compuviper.mx\/tienda\/categoria-producto\/audifonos-y-micro\/\"},{\"@type\":\"ListItem\",\"position\":4,\"name\":\"Microfono\",\"item\":\"https:\/\/compuviper.mx\/tienda\/categoria-producto\/audifonos-y-micro\/microfono\/\"},{\"@type\":\"ListItem\",\"position\":5,\"name\":\"Logitech 989-000405 Microfono De Expansion Para Equipo De Video Conferencia Meetup\"}]},{\"@type\":\"WebSite\",\"@id\":\"https:\/\/compuviper.mx\/tienda\/#website\",\"url\":\"https:\/\/compuviper.mx\/tienda\/\",\"name\":\"Compuviper\",\"description\":\"Proveedor de Computadoras, Laptops, Servidores, Monitores, Puntos de Venta, Teclados,   Impresoras, T\u00f3ner, C\u00e1maras de Seguridad y m\u00e1s en tu tienda en l\u00ednea\",\"publisher\":{\"@id\":\"https:\/\/compuviper.mx\/tienda\/#organization\"},\"potentialAction\":[{\"@type\":\"SearchAction\",\"target\":{\"@type\":\"EntryPoint\",\"urlTemplate\":\"https:\/\/compuviper.mx\/tienda\/?s={search_term_string}\"},\"query-input\":\"required name=search_term_string\"}],\"inLanguage\":\"es-MX\"},{\"@type\":\"Organization\",\"@id\":\"https:\/\/compuviper.mx\/tienda\/#organization\",\"name\":\"Compuviper\",\"url\":\"https:\/\/compuviper.mx\/tienda\/\",\"logo\":{\"@type\":\"ImageObject\",\"inLanguage\":\"es-MX\",\"@id\":\"https:\/\/compuviper.mx\/tienda\/#\/schema\/logo\/image\/\",\"url\":\"https:\/\/compuviper.mx\/tienda\/wp-content\/uploads\/2021\/08\/Logo-Compuviper-10.png\",\"contentUrl\":\"https:\/\/compuviper.mx\/tienda\/wp-content\/uploads\/2021\/08\/Logo-Compuviper-10.png\",\"width\":1000,\"height\":500,\"caption\":\"Compuviper\"},\"image\":{\"@id\":\"https:\/\/compuviper.mx\/tienda\/#\/schema\/logo\/image\/\"},\"sameAs\":[\"https:\/\/www.facebook.com\/compuviper\",\"https:\/\/www.youtube.com\/channel\/UCf73dERp9Y3cfOq7q8BhLjA?view_as=subscriber\"]}]}<\/script>\n<meta property=\"product:brand\" content=\"LOGITECH\" \/>\n<meta property=\"product:price:amount\" content=\"6969\" \/>\n<meta property=\"product:price:currency\" content=\"MXN\" \/>\n<meta property=\"og:availability\" content=\"out of stock\" \/>\n<meta property=\"product:availability\" content=\"out of stock\" \/>\n<meta property=\"product:retailer_item_id\" content=\"989-000405\" \/>\n<meta property=\"product:condition\" content=\"new\" \/>\n<!-- \/ Yoast SEO plugin. -->","yoast_head_json":{"title":"[ Logitech ] &#129351; 989-000405 Microfono De Expansion Para Equipo De Video Conferencia Meetup","description":"Compra 989-000405 Microfono De Expansion Para Equipo De Video Conferencia Meetup + Env\u00edo a domicilio + Pago seguro + Garant\u00eda","robots":{"index":"index","follow":"follow","max-snippet":"max-snippet:-1","max-image-preview":"max-image-preview:large","max-video-preview":"max-video-preview:-1"},"canonical":"https:\/\/compuviper.mx\/tienda\/producto\/logitech-989-000405-microfono-de-expansion-para-equipo-de-video-conferencia-meetup\/","og_locale":"es_MX","og_type":"article","og_title":"[ Logitech ] &#129351; 989-000405 Microfono De Expansion Para Equipo De Video Conferencia Meetup","og_description":"Compra 989-000405 Microfono De Expansion Para Equipo De Video Conferencia Meetup + Env\u00edo a domicilio + Pago seguro + Garant\u00eda","og_url":"https:\/\/compuviper.mx\/tienda\/producto\/logitech-989-000405-microfono-de-expansion-para-equipo-de-video-conferencia-meetup\/","og_site_name":"Compuviper","article_publisher":"https:\/\/www.facebook.com\/compuviper","article_modified_time":"2026-04-28T05:27:56+00:00","og_image":[{"width":200,"height":200,"url":"https:\/\/compuviper.mx\/tienda\/wp-content\/uploads\/2025\/10\/Microfono-de-expansion-logitech-para-equipo-de-video-conferencia-meetup.jpg","type":"image\/jpeg"}],"twitter_card":"summary_large_image","twitter_misc":{"Precio":"&#36;6,969 con IVA","Availability":"Out of stock"},"schema":{"@context":"https:\/\/schema.org","@graph":[{"@type":"WebPage","@id":"https:\/\/compuviper.mx\/tienda\/producto\/logitech-989-000405-microfono-de-expansion-para-equipo-de-video-conferencia-meetup\/","url":"https:\/\/compuviper.mx\/tienda\/producto\/logitech-989-000405-microfono-de-expansion-para-equipo-de-video-conferencia-meetup\/","name":"[ Logitech ] &#129351; 989-000405 Microfono De Expansion Para Equipo De Video Conferencia Meetup","isPartOf":{"@id":"https:\/\/compuviper.mx\/tienda\/#website"},"datePublished":"2026-04-28T05:27:55+00:00","dateModified":"2026-04-28T05:27:56+00:00","description":"Compra 989-000405 Microfono De Expansion Para Equipo De Video Conferencia Meetup + Env\u00edo a domicilio + Pago seguro + Garant\u00eda","breadcrumb":{"@id":"https:\/\/compuviper.mx\/tienda\/producto\/logitech-989-000405-microfono-de-expansion-para-equipo-de-video-conferencia-meetup\/#breadcrumb"},"inLanguage":"es-MX","potentialAction":[{"@type":"ReadAction","target":["https:\/\/compuviper.mx\/tienda\/producto\/logitech-989-000405-microfono-de-expansion-para-equipo-de-video-conferencia-meetup\/"]}]},{"@type":"BreadcrumbList","@id":"https:\/\/compuviper.mx\/tienda\/producto\/logitech-989-000405-microfono-de-expansion-para-equipo-de-video-conferencia-meetup\/#breadcrumb","itemListElement":[{"@type":"ListItem","position":1,"name":"Inicio","item":"https:\/\/compuviper.mx\/tienda\/"},{"@type":"ListItem","position":2,"name":"Productos","item":"https:\/\/compuviper.mx\/tienda\/productos\/"},{"@type":"ListItem","position":3,"name":"Audifonos Y Micro","item":"https:\/\/compuviper.mx\/tienda\/categoria-producto\/audifonos-y-micro\/"},{"@type":"ListItem","position":4,"name":"Microfono","item":"https:\/\/compuviper.mx\/tienda\/categoria-producto\/audifonos-y-micro\/microfono\/"},{"@type":"ListItem","position":5,"name":"Logitech 989-000405 Microfono De Expansion Para Equipo De Video Conferencia Meetup"}]},{"@type":"WebSite","@id":"https:\/\/compuviper.mx\/tienda\/#website","url":"https:\/\/compuviper.mx\/tienda\/","name":"Compuviper","description":"Proveedor de Computadoras, Laptops, Servidores, Monitores, Puntos de Venta, Teclados,   Impresoras, T\u00f3ner, C\u00e1maras de Seguridad y m\u00e1s en tu tienda en l\u00ednea","publisher":{"@id":"https:\/\/compuviper.mx\/tienda\/#organization"},"potentialAction":[{"@type":"SearchAction","target":{"@type":"EntryPoint","urlTemplate":"https:\/\/compuviper.mx\/tienda\/?s={search_term_string}"},"query-input":"required name=search_term_string"}],"inLanguage":"es-MX"},{"@type":"Organization","@id":"https:\/\/compuviper.mx\/tienda\/#organization","name":"Compuviper","url":"https:\/\/compuviper.mx\/tienda\/","logo":{"@type":"ImageObject","inLanguage":"es-MX","@id":"https:\/\/compuviper.mx\/tienda\/#\/schema\/logo\/image\/","url":"https:\/\/compuviper.mx\/tienda\/wp-content\/uploads\/2021\/08\/Logo-Compuviper-10.png","contentUrl":"https:\/\/compuviper.mx\/tienda\/wp-content\/uploads\/2021\/08\/Logo-Compuviper-10.png","width":1000,"height":500,"caption":"Compuviper"},"image":{"@id":"https:\/\/compuviper.mx\/tienda\/#\/schema\/logo\/image\/"},"sameAs":["https:\/\/www.facebook.com\/compuviper","https:\/\/www.youtube.com\/channel\/UCf73dERp9Y3cfOq7q8BhLjA?view_as=subscriber"]}]},"product_brand":"LOGITECH","product_price_amount":"6969","product_price_currency":"MXN","og_availability":"out of stock","product_availability":"out of stock","product_retailer_item_id":"989-000405","product_condition":"new"},"_links":{"self":[{"href":"https:\/\/compuviper.mx\/tienda\/wp-json\/wp\/v2\/product\/246815"}],"collection":[{"href":"https:\/\/compuviper.mx\/tienda\/wp-json\/wp\/v2\/product"}],"about":[{"href":"https:\/\/compuviper.mx\/tienda\/wp-json\/wp\/v2\/types\/product"}],"replies":[{"embeddable":true,"href":"https:\/\/compuviper.mx\/tienda\/wp-json\/wp\/v2\/comments?post=246815"}],"wp:featuredmedia":[{"embeddable":true,"href":"https:\/\/compuviper.mx\/tienda\/wp-json\/wp\/v2\/media\/258973"}],"wp:attachment":[{"href":"https:\/\/compuviper.mx\/tienda\/wp-json\/wp\/v2\/media?parent=246815"}],"wp:term":[{"taxonomy":"product_cat","embeddable":true,"href":"https:\/\/compuviper.mx\/tienda\/wp-json\/wp\/v2\/product_cat?post=246815"},{"taxonomy":"product_tag","embeddable":true,"href":"https:\/\/compuviper.mx\/tienda\/wp-json\/wp\/v2\/product_tag?post=246815"}],"curies":[{"name":"wp","href":"https:\/\/api.w.org\/{rel}","templated":true}]}}