{"id":246771,"date":"2026-04-22T00:11:38","date_gmt":"2026-04-22T06:11:38","guid":{"rendered":"https:\/\/compuviper.mx\/tienda\/producto\/dahua-dh-ipc-t1e40-camara-ip-domo-de-4-mp-lente-de-2-8-mm-93-grados-de-apertura-h-265-wdr-real-de-120-db-ir-de-30-metros-ip67-poe\/"},"modified":"2026-04-22T00:11:38","modified_gmt":"2026-04-22T06:11:38","slug":"dahua-dh-ipc-t1e40-camara-ip-domo-de-4-mp-lente-de-2-8-mm-93-grados-de-apertura-h-265-wdr-real-de-120-db-ir-de-30-metros-ip67-poe","status":"publish","type":"product","link":"https:\/\/compuviper.mx\/tienda\/producto\/dahua-dh-ipc-t1e40-camara-ip-domo-de-4-mp-lente-de-2-8-mm-93-grados-de-apertura-h-265-wdr-real-de-120-db-ir-de-30-metros-ip67-poe\/","title":{"rendered":"Dahua Dh-ipc-t1e40 Camara Ip\/ \/ \/ Domo De 4 Mp\/ Lente De 2.8 Mm\/ 93 Grados De Apertura\/ H.265\/ Wdr Real De 120 Db\/ Ir De 30 Metros\/ Ip67\/ Poe"},"content":{"rendered":"<table class=\"descripcion\">\n<tr>\n<td>Especificaciones tecnicas<\/td>\n<\/tr>\n<tr>\n<td>\u0095 dimensiones:103.2 mm \u00d7  and #934;109.9 mm (4.06 \u00d7  and #934;4.33)<\/td>\n<\/tr>\n<tr>\n<td>\u0095 peso: 0.24 kg<\/td>\n<\/tr>\n<tr>\n<td>\u0095 proteccion ambiental: ip67<\/td>\n<\/tr>\n<tr>\n<td>\u0095 temperatura de trabajo: -40\u00b0c a 50\u00b0c<\/td>\n<\/tr>\n<tr>\n<td>\u0095 alimentacion: 12 vdc\/poe<\/td>\n<\/tr>\n<tr>\n<td>\u0095 consumo de energia: (icr switch+illuminator intensity): 3.0 w (12 vdc);<\/td>\n<\/tr>\n<tr>\n<td>\u0095 4.2 w (poe)<\/td>\n<\/tr>\n<\/table>\n","protected":false},"excerpt":{"rendered":"<p>Informacion general. La camara de la serie dahua eco esta dise\u00f1ada con simplicidad para la practicidad. Conectela y reproduzca: inmediatamente emite imagenes al conectarla al nvr de dahua. Compatible con monitoreo remoto a traves de la aplicacion movil de dahua, y activa alarmas para deteccion de movimiento, alteracion de video y excepciones de seguridad, proporcionandole un servicio ip conveniente y seguro. Caracteristicas principales. \u0095 sensor de imagen cmos de 4 mp 1\/3, baja luminancia y alta definicion. \u0095 salida maxima de 4 mp (2560 \u00d7 1440) a 30 fps. \u0095 codec h.265, alta tasa de compresion, bitrate ultra bajo. \u0095 led ir incorporado, con una distancia maxima de iluminacion de 30 m. \u0095 dwdr, 3d nr, hlc, blc, marca de agua digital, aplicable a diversas escenas de monitoreo. \u0095 roi, smart h.264+\/h.265+, codificacion flexible, aplicable a diversos entornos de ancho de banda y almacenamiento. \u0095 alimentacion de 12 vdc, facil de instalar. \u0095 proteccion ip67.<\/p>\n","protected":false},"featured_media":259356,"comment_status":"open","ping_status":"open","template":"","meta":[],"product_cat":[1681,1608],"product_tag":[1555],"acf":[],"yoast_head":"<!-- This site is optimized with the Yoast SEO plugin v21.7 - https:\/\/yoast.com\/wordpress\/plugins\/seo\/ -->\n<title>[ Dahua ] &#129351; Dh-ipc-t1e40 Camara Ip\/ \/ \/ Domo De 4 Mp\/ Lente De 2.8 Mm\/ 93 Grados De Apertura\/ H.265\/ Wdr Real De 120 Db\/ Ir De 30 Metros\/ Ip67\/ Poe<\/title>\n<meta name=\"description\" content=\"Compra Dh-ipc-t1e40 Camara Ip\/ \/ \/ Domo De 4 Mp\/ Lente De 2.8 Mm\/ 93 Grados De Apertura\/ H.265\/ Wdr Real De 120 Db\/ Ir De 30 Metros\/ Ip67\/ Poe + Env\u00edo a domicilio + Pago seguro + Garant\u00eda\" \/>\n<meta name=\"robots\" content=\"index, follow, max-snippet:-1, max-image-preview:large, max-video-preview:-1\" \/>\n<link rel=\"canonical\" href=\"https:\/\/compuviper.mx\/tienda\/producto\/dahua-dh-ipc-t1e40-camara-ip-domo-de-4-mp-lente-de-2-8-mm-93-grados-de-apertura-h-265-wdr-real-de-120-db-ir-de-30-metros-ip67-poe\/\" \/>\n<meta property=\"og:locale\" content=\"es_MX\" \/>\n<meta property=\"og:type\" content=\"article\" \/>\n<meta property=\"og:title\" content=\"[ Dahua ] &#129351; Dh-ipc-t1e40 Camara Ip\/ \/ \/ Domo De 4 Mp\/ Lente De 2.8 Mm\/ 93 Grados De Apertura\/ H.265\/ Wdr Real De 120 Db\/ Ir De 30 Metros\/ Ip67\/ Poe\" \/>\n<meta property=\"og:description\" content=\"Compra Dh-ipc-t1e40 Camara Ip\/ \/ \/ Domo De 4 Mp\/ Lente De 2.8 Mm\/ 93 Grados De Apertura\/ H.265\/ Wdr Real De 120 Db\/ Ir De 30 Metros\/ Ip67\/ Poe + Env\u00edo a domicilio + Pago seguro + Garant\u00eda\" \/>\n<meta property=\"og:url\" content=\"https:\/\/compuviper.mx\/tienda\/producto\/dahua-dh-ipc-t1e40-camara-ip-domo-de-4-mp-lente-de-2-8-mm-93-grados-de-apertura-h-265-wdr-real-de-120-db-ir-de-30-metros-ip67-poe\/\" \/>\n<meta property=\"og:site_name\" content=\"Compuviper\" \/>\n<meta property=\"article:publisher\" content=\"https:\/\/www.facebook.com\/compuviper\" \/>\n<meta property=\"og:image\" content=\"https:\/\/compuviper.mx\/tienda\/wp-content\/uploads\/2025\/10\/Camara-ip-dahua-dh-ipc-t1e40-domo-de-4-mp-lente-de-2.8-mm-93-grados-de-apertura-h.265-wdr-real-de-120-db-ir-de-30-metros-ip67-poe.jpg\" \/>\n\t<meta property=\"og:image:width\" content=\"200\" \/>\n\t<meta property=\"og:image:height\" content=\"200\" \/>\n\t<meta property=\"og:image:type\" content=\"image\/jpeg\" \/>\n<meta name=\"twitter:card\" content=\"summary_large_image\" \/>\n<meta name=\"twitter:label1\" content=\"Precio\" \/>\n\t<meta name=\"twitter:data1\" content=\"&#36;865 &#36;839 con IVA\" \/>\n\t<meta name=\"twitter:label2\" content=\"Availability\" \/>\n\t<meta name=\"twitter:data2\" content=\"In stock\" \/>\n<script type=\"application\/ld+json\" class=\"yoast-schema-graph\">{\"@context\":\"https:\/\/schema.org\",\"@graph\":[{\"@type\":\"WebPage\",\"@id\":\"https:\/\/compuviper.mx\/tienda\/producto\/dahua-dh-ipc-t1e40-camara-ip-domo-de-4-mp-lente-de-2-8-mm-93-grados-de-apertura-h-265-wdr-real-de-120-db-ir-de-30-metros-ip67-poe\/\",\"url\":\"https:\/\/compuviper.mx\/tienda\/producto\/dahua-dh-ipc-t1e40-camara-ip-domo-de-4-mp-lente-de-2-8-mm-93-grados-de-apertura-h-265-wdr-real-de-120-db-ir-de-30-metros-ip67-poe\/\",\"name\":\"[ Dahua ] &#129351; Dh-ipc-t1e40 Camara Ip\/ \/ \/ Domo De 4 Mp\/ Lente De 2.8 Mm\/ 93 Grados De Apertura\/ H.265\/ Wdr Real De 120 Db\/ Ir De 30 Metros\/ Ip67\/ Poe\",\"isPartOf\":{\"@id\":\"https:\/\/compuviper.mx\/tienda\/#website\"},\"datePublished\":\"2026-04-22T06:11:38+00:00\",\"dateModified\":\"2026-04-22T06:11:38+00:00\",\"description\":\"Compra Dh-ipc-t1e40 Camara Ip\/ \/ \/ Domo De 4 Mp\/ Lente De 2.8 Mm\/ 93 Grados De Apertura\/ H.265\/ Wdr Real De 120 Db\/ Ir De 30 Metros\/ Ip67\/ Poe + Env\u00edo a domicilio + Pago seguro + Garant\u00eda\",\"breadcrumb\":{\"@id\":\"https:\/\/compuviper.mx\/tienda\/producto\/dahua-dh-ipc-t1e40-camara-ip-domo-de-4-mp-lente-de-2-8-mm-93-grados-de-apertura-h-265-wdr-real-de-120-db-ir-de-30-metros-ip67-poe\/#breadcrumb\"},\"inLanguage\":\"es-MX\",\"potentialAction\":[{\"@type\":\"ReadAction\",\"target\":[\"https:\/\/compuviper.mx\/tienda\/producto\/dahua-dh-ipc-t1e40-camara-ip-domo-de-4-mp-lente-de-2-8-mm-93-grados-de-apertura-h-265-wdr-real-de-120-db-ir-de-30-metros-ip67-poe\/\"]}]},{\"@type\":\"BreadcrumbList\",\"@id\":\"https:\/\/compuviper.mx\/tienda\/producto\/dahua-dh-ipc-t1e40-camara-ip-domo-de-4-mp-lente-de-2-8-mm-93-grados-de-apertura-h-265-wdr-real-de-120-db-ir-de-30-metros-ip67-poe\/#breadcrumb\",\"itemListElement\":[{\"@type\":\"ListItem\",\"position\":1,\"name\":\"Inicio\",\"item\":\"https:\/\/compuviper.mx\/tienda\/\"},{\"@type\":\"ListItem\",\"position\":2,\"name\":\"Productos\",\"item\":\"https:\/\/compuviper.mx\/tienda\/productos\/\"},{\"@type\":\"ListItem\",\"position\":3,\"name\":\"Camaras\",\"item\":\"https:\/\/compuviper.mx\/tienda\/categoria-producto\/camaras-2\/\"},{\"@type\":\"ListItem\",\"position\":4,\"name\":\"Camara De Videovigilancia\",\"item\":\"https:\/\/compuviper.mx\/tienda\/categoria-producto\/camaras-2\/camara-de-videovigilancia\/\"},{\"@type\":\"ListItem\",\"position\":5,\"name\":\"Dahua Dh-ipc-t1e40 Camara Ip\/ \/ \/ Domo De 4 Mp\/ Lente De 2.8 Mm\/ 93 Grados De Apertura\/ H.265\/ Wdr Real De 120 Db\/ Ir De 30 Metros\/ Ip67\/ Poe\"}]},{\"@type\":\"WebSite\",\"@id\":\"https:\/\/compuviper.mx\/tienda\/#website\",\"url\":\"https:\/\/compuviper.mx\/tienda\/\",\"name\":\"Compuviper\",\"description\":\"Proveedor de Computadoras, Laptops, Servidores, Monitores, Puntos de Venta, Teclados,   Impresoras, T\u00f3ner, C\u00e1maras de Seguridad y m\u00e1s en tu tienda en l\u00ednea\",\"publisher\":{\"@id\":\"https:\/\/compuviper.mx\/tienda\/#organization\"},\"potentialAction\":[{\"@type\":\"SearchAction\",\"target\":{\"@type\":\"EntryPoint\",\"urlTemplate\":\"https:\/\/compuviper.mx\/tienda\/?s={search_term_string}\"},\"query-input\":\"required name=search_term_string\"}],\"inLanguage\":\"es-MX\"},{\"@type\":\"Organization\",\"@id\":\"https:\/\/compuviper.mx\/tienda\/#organization\",\"name\":\"Compuviper\",\"url\":\"https:\/\/compuviper.mx\/tienda\/\",\"logo\":{\"@type\":\"ImageObject\",\"inLanguage\":\"es-MX\",\"@id\":\"https:\/\/compuviper.mx\/tienda\/#\/schema\/logo\/image\/\",\"url\":\"https:\/\/compuviper.mx\/tienda\/wp-content\/uploads\/2021\/08\/Logo-Compuviper-10.png\",\"contentUrl\":\"https:\/\/compuviper.mx\/tienda\/wp-content\/uploads\/2021\/08\/Logo-Compuviper-10.png\",\"width\":1000,\"height\":500,\"caption\":\"Compuviper\"},\"image\":{\"@id\":\"https:\/\/compuviper.mx\/tienda\/#\/schema\/logo\/image\/\"},\"sameAs\":[\"https:\/\/www.facebook.com\/compuviper\",\"https:\/\/www.youtube.com\/channel\/UCf73dERp9Y3cfOq7q8BhLjA?view_as=subscriber\"]}]}<\/script>\n<meta property=\"product:brand\" content=\"DAHUA\" \/>\n<meta property=\"product:price:amount\" content=\"839\" \/>\n<meta property=\"product:price:currency\" content=\"MXN\" \/>\n<meta property=\"og:availability\" content=\"instock\" \/>\n<meta property=\"product:availability\" content=\"instock\" \/>\n<meta property=\"product:retailer_item_id\" content=\"DH-IPC-T1E40\" \/>\n<meta property=\"product:condition\" content=\"new\" \/>\n<!-- \/ Yoast SEO plugin. -->","yoast_head_json":{"title":"[ Dahua ] &#129351; Dh-ipc-t1e40 Camara Ip\/ \/ \/ Domo De 4 Mp\/ Lente De 2.8 Mm\/ 93 Grados De Apertura\/ H.265\/ Wdr Real De 120 Db\/ Ir De 30 Metros\/ Ip67\/ Poe","description":"Compra Dh-ipc-t1e40 Camara Ip\/ \/ \/ Domo De 4 Mp\/ Lente De 2.8 Mm\/ 93 Grados De Apertura\/ H.265\/ Wdr Real De 120 Db\/ Ir De 30 Metros\/ Ip67\/ Poe + Env\u00edo a domicilio + Pago seguro + Garant\u00eda","robots":{"index":"index","follow":"follow","max-snippet":"max-snippet:-1","max-image-preview":"max-image-preview:large","max-video-preview":"max-video-preview:-1"},"canonical":"https:\/\/compuviper.mx\/tienda\/producto\/dahua-dh-ipc-t1e40-camara-ip-domo-de-4-mp-lente-de-2-8-mm-93-grados-de-apertura-h-265-wdr-real-de-120-db-ir-de-30-metros-ip67-poe\/","og_locale":"es_MX","og_type":"article","og_title":"[ Dahua ] &#129351; Dh-ipc-t1e40 Camara Ip\/ \/ \/ Domo De 4 Mp\/ Lente De 2.8 Mm\/ 93 Grados De Apertura\/ H.265\/ Wdr Real De 120 Db\/ Ir De 30 Metros\/ Ip67\/ Poe","og_description":"Compra Dh-ipc-t1e40 Camara Ip\/ \/ \/ Domo De 4 Mp\/ Lente De 2.8 Mm\/ 93 Grados De Apertura\/ H.265\/ Wdr Real De 120 Db\/ Ir De 30 Metros\/ Ip67\/ Poe + Env\u00edo a domicilio + Pago seguro + Garant\u00eda","og_url":"https:\/\/compuviper.mx\/tienda\/producto\/dahua-dh-ipc-t1e40-camara-ip-domo-de-4-mp-lente-de-2-8-mm-93-grados-de-apertura-h-265-wdr-real-de-120-db-ir-de-30-metros-ip67-poe\/","og_site_name":"Compuviper","article_publisher":"https:\/\/www.facebook.com\/compuviper","og_image":[{"width":200,"height":200,"url":"https:\/\/compuviper.mx\/tienda\/wp-content\/uploads\/2025\/10\/Camara-ip-dahua-dh-ipc-t1e40-domo-de-4-mp-lente-de-2.8-mm-93-grados-de-apertura-h.265-wdr-real-de-120-db-ir-de-30-metros-ip67-poe.jpg","type":"image\/jpeg"}],"twitter_card":"summary_large_image","twitter_misc":{"Precio":"&#36;865 &#36;839 con IVA","Availability":"In stock"},"schema":{"@context":"https:\/\/schema.org","@graph":[{"@type":"WebPage","@id":"https:\/\/compuviper.mx\/tienda\/producto\/dahua-dh-ipc-t1e40-camara-ip-domo-de-4-mp-lente-de-2-8-mm-93-grados-de-apertura-h-265-wdr-real-de-120-db-ir-de-30-metros-ip67-poe\/","url":"https:\/\/compuviper.mx\/tienda\/producto\/dahua-dh-ipc-t1e40-camara-ip-domo-de-4-mp-lente-de-2-8-mm-93-grados-de-apertura-h-265-wdr-real-de-120-db-ir-de-30-metros-ip67-poe\/","name":"[ Dahua ] &#129351; Dh-ipc-t1e40 Camara Ip\/ \/ \/ Domo De 4 Mp\/ Lente De 2.8 Mm\/ 93 Grados De Apertura\/ H.265\/ Wdr Real De 120 Db\/ Ir De 30 Metros\/ Ip67\/ Poe","isPartOf":{"@id":"https:\/\/compuviper.mx\/tienda\/#website"},"datePublished":"2026-04-22T06:11:38+00:00","dateModified":"2026-04-22T06:11:38+00:00","description":"Compra Dh-ipc-t1e40 Camara Ip\/ \/ \/ Domo De 4 Mp\/ Lente De 2.8 Mm\/ 93 Grados De Apertura\/ H.265\/ Wdr Real De 120 Db\/ Ir De 30 Metros\/ Ip67\/ Poe + Env\u00edo a domicilio + Pago seguro + Garant\u00eda","breadcrumb":{"@id":"https:\/\/compuviper.mx\/tienda\/producto\/dahua-dh-ipc-t1e40-camara-ip-domo-de-4-mp-lente-de-2-8-mm-93-grados-de-apertura-h-265-wdr-real-de-120-db-ir-de-30-metros-ip67-poe\/#breadcrumb"},"inLanguage":"es-MX","potentialAction":[{"@type":"ReadAction","target":["https:\/\/compuviper.mx\/tienda\/producto\/dahua-dh-ipc-t1e40-camara-ip-domo-de-4-mp-lente-de-2-8-mm-93-grados-de-apertura-h-265-wdr-real-de-120-db-ir-de-30-metros-ip67-poe\/"]}]},{"@type":"BreadcrumbList","@id":"https:\/\/compuviper.mx\/tienda\/producto\/dahua-dh-ipc-t1e40-camara-ip-domo-de-4-mp-lente-de-2-8-mm-93-grados-de-apertura-h-265-wdr-real-de-120-db-ir-de-30-metros-ip67-poe\/#breadcrumb","itemListElement":[{"@type":"ListItem","position":1,"name":"Inicio","item":"https:\/\/compuviper.mx\/tienda\/"},{"@type":"ListItem","position":2,"name":"Productos","item":"https:\/\/compuviper.mx\/tienda\/productos\/"},{"@type":"ListItem","position":3,"name":"Camaras","item":"https:\/\/compuviper.mx\/tienda\/categoria-producto\/camaras-2\/"},{"@type":"ListItem","position":4,"name":"Camara De Videovigilancia","item":"https:\/\/compuviper.mx\/tienda\/categoria-producto\/camaras-2\/camara-de-videovigilancia\/"},{"@type":"ListItem","position":5,"name":"Dahua Dh-ipc-t1e40 Camara Ip\/ \/ \/ Domo De 4 Mp\/ Lente De 2.8 Mm\/ 93 Grados De Apertura\/ H.265\/ Wdr Real De 120 Db\/ Ir De 30 Metros\/ Ip67\/ Poe"}]},{"@type":"WebSite","@id":"https:\/\/compuviper.mx\/tienda\/#website","url":"https:\/\/compuviper.mx\/tienda\/","name":"Compuviper","description":"Proveedor de Computadoras, Laptops, Servidores, Monitores, Puntos de Venta, Teclados,   Impresoras, T\u00f3ner, C\u00e1maras de Seguridad y m\u00e1s en tu tienda en l\u00ednea","publisher":{"@id":"https:\/\/compuviper.mx\/tienda\/#organization"},"potentialAction":[{"@type":"SearchAction","target":{"@type":"EntryPoint","urlTemplate":"https:\/\/compuviper.mx\/tienda\/?s={search_term_string}"},"query-input":"required name=search_term_string"}],"inLanguage":"es-MX"},{"@type":"Organization","@id":"https:\/\/compuviper.mx\/tienda\/#organization","name":"Compuviper","url":"https:\/\/compuviper.mx\/tienda\/","logo":{"@type":"ImageObject","inLanguage":"es-MX","@id":"https:\/\/compuviper.mx\/tienda\/#\/schema\/logo\/image\/","url":"https:\/\/compuviper.mx\/tienda\/wp-content\/uploads\/2021\/08\/Logo-Compuviper-10.png","contentUrl":"https:\/\/compuviper.mx\/tienda\/wp-content\/uploads\/2021\/08\/Logo-Compuviper-10.png","width":1000,"height":500,"caption":"Compuviper"},"image":{"@id":"https:\/\/compuviper.mx\/tienda\/#\/schema\/logo\/image\/"},"sameAs":["https:\/\/www.facebook.com\/compuviper","https:\/\/www.youtube.com\/channel\/UCf73dERp9Y3cfOq7q8BhLjA?view_as=subscriber"]}]},"product_brand":"DAHUA","product_price_amount":"839","product_price_currency":"MXN","og_availability":"instock","product_availability":"instock","product_retailer_item_id":"DH-IPC-T1E40","product_condition":"new"},"_links":{"self":[{"href":"https:\/\/compuviper.mx\/tienda\/wp-json\/wp\/v2\/product\/246771"}],"collection":[{"href":"https:\/\/compuviper.mx\/tienda\/wp-json\/wp\/v2\/product"}],"about":[{"href":"https:\/\/compuviper.mx\/tienda\/wp-json\/wp\/v2\/types\/product"}],"replies":[{"embeddable":true,"href":"https:\/\/compuviper.mx\/tienda\/wp-json\/wp\/v2\/comments?post=246771"}],"wp:featuredmedia":[{"embeddable":true,"href":"https:\/\/compuviper.mx\/tienda\/wp-json\/wp\/v2\/media\/259356"}],"wp:attachment":[{"href":"https:\/\/compuviper.mx\/tienda\/wp-json\/wp\/v2\/media?parent=246771"}],"wp:term":[{"taxonomy":"product_cat","embeddable":true,"href":"https:\/\/compuviper.mx\/tienda\/wp-json\/wp\/v2\/product_cat?post=246771"},{"taxonomy":"product_tag","embeddable":true,"href":"https:\/\/compuviper.mx\/tienda\/wp-json\/wp\/v2\/product_tag?post=246771"}],"curies":[{"name":"wp","href":"https:\/\/api.w.org\/{rel}","templated":true}]}}