{"id":246770,"date":"2026-04-02T00:07:09","date_gmt":"2026-04-02T06:07:09","guid":{"rendered":"https:\/\/compuviper.mx\/tienda\/producto\/dahua-dh-pfm342-9ch-fuente-de-poder-de12-vcc-10-amper-con-distribuidor-para-9-camaras-indicadores-led-por-canal-voltaje-de-entrada-de-90-vca-264v-fusibles-intercambiables-gabinete-metalico-c\/"},"modified":"2026-04-03T00:00:05","modified_gmt":"2026-04-03T06:00:05","slug":"dahua-dh-pfm342-9ch-fuente-de-poder-de12-vcc-10-amper-con-distribuidor-para-9-camaras-indicadores-led-por-canal-voltaje-de-entrada-de-90-vca-264v-fusibles-intercambiables-gabinete-metalico-c","status":"publish","type":"product","link":"https:\/\/compuviper.mx\/tienda\/producto\/dahua-dh-pfm342-9ch-fuente-de-poder-de12-vcc-10-amper-con-distribuidor-para-9-camaras-indicadores-led-por-canal-voltaje-de-entrada-de-90-vca-264v-fusibles-intercambiables-gabinete-metalico-c\/","title":{"rendered":"Dahua Dh-pfm342-9ch Fuente De Poder\/ \/ \/ De12 Vcc 10 Amper\/ Con Distribuidor Para 9 Camaras\/ Indicadores Led Por Canal\/ Voltaje De Entrada De 90 Vca-264v\/ Fusibles Intercambiables\/ Gabinete Metalico Co"},"content":{"rendered":"<table class=\"descripcion\">\n<tr>\n<td>Especificaciones tecnicas<\/td>\n<\/tr>\n<tr>\n<td>\u0095 rango de voltaje de entrada: ca90-264v<\/td>\n<\/tr>\n<tr>\n<td>\u0095 salidas: 9 salidas de 12 vcc (-3 %~+7 %)<\/td>\n<\/tr>\n<tr>\n<td>\u0095 max. produccion: 10 a, 120w<\/td>\n<\/tr>\n<tr>\n<td>\u0095 proteccion de salida: 9 fusibles de repuesto, max. por salida 3a<\/td>\n<\/tr>\n<tr>\n<td>\u0095 consumo de energia sin carga:  0.21w<\/td>\n<\/tr>\n<tr>\n<td>\u0095 interruptor de encendido \/apagado interno: si<\/td>\n<\/tr>\n<tr>\n<td>\u0095 indicador led de salida individual: si<\/td>\n<\/tr>\n<tr>\n<td>Incluye<\/td>\n<\/tr>\n<tr>\n<td>\u0095 x1 caja fuente de alimentacion distribuida modelo: dh-pfm342-9ch<\/td>\n<\/tr>\n<tr>\n<td>\u0095 x1 pegatina de montaje<\/td>\n<\/tr>\n<tr>\n<td>\u0095 x2 fusibles<\/td>\n<\/tr>\n<tr>\n<td>\u0095 x2 llaves<\/td>\n<\/tr>\n<tr>\n<td>\u0095 x4 tornillos<\/td>\n<\/tr>\n<tr>\n<td>\u0095 x4 taquete de plastico<\/td>\n<\/tr>\n<tr>\n<td>*no incluye cable de alimentacion<\/td>\n<\/tr>\n<\/table>\n","protected":false},"excerpt":{"rendered":"<p>Informacion general. La caja de distribucion de fuente de alimentacion dh-pfm342-9ch de camara de seguridad de 9 canales cuenta con indicadores led de salida individual y una caja de metal con llave de bloqueo para evitar el acceso no autorizado. Con un amplio rango de entrada de voltaje (90vca ~ 264v), cumple con los requisitos de fluctuacion de la red electrica en diferentes regiones. Destaca por su alta calidad y fiabilidad, pasando el examen de calidad al 100%. Ofrece proteccion contra sobrecarga, sobrecorriente, sobretension, antiestatica y antiinterferencias. Su instalacion profesional montada en la pared, con orificios de salida reservados, proporciona conveniencia y flexibilidad. Caracteristicas principales. \u0095 canales: cuenta con 9 canales. \u0095 bloqueo: cuenta con llave de bloqueo para evitar acceso no autorizado. \u0095 entrada de voltaje amplio: ac90 ~ 264vac. \u0095 alta calidad y confiabilidad: pase del examen de calidad al 100% y la prueba de envejecimiento a alta temperatura de 3 meses. \u0095 proteccion: contra sobrecarga, contra sobre corriente, contra sobretension, capacidad antiestatica y antiinterferencias. \u0095 instalacion: montada en la pared con orificios de salida reservados, conveniente y flexible. Preguntas frecuentes. \u00bfcuantas camaras puede alimentar simultaneamente la dahua dh-pfm342-9ch. La fuente de poder esta dise\u00f1ada para alimentar hasta 9 camaras de seguridad de forma simultanea, gracias a su distribuidor integrado y capacidad de 10 amperios. \u00bfcomo funciona la proteccion contra descargas de la dahua dh-pfm342-9ch?*. Esta fuente de poder esta equipada con proteccion contra descargas, que ayuda a proteger tanto la fuente de poder como las camaras conectadas de picos de voltaje repentinos o descargas electricas. \u00bfque beneficios ofrecen los indicadores led por canal y los fusibles intercambiables. Los indicadores led por canal permiten monitorear facilmente el estado de cada conexion, mientras que los fusibles intercambiables facilitan el mantenimiento y aseguran una proteccion adicional contra cortocircuitos y sobrecargas en cada canal.<\/p>\n","protected":false},"featured_media":259252,"comment_status":"open","ping_status":"open","template":"","meta":[],"product_cat":[1508,1672],"product_tag":[1555],"acf":[],"yoast_head":"<!-- This site is optimized with the Yoast SEO plugin v21.7 - https:\/\/yoast.com\/wordpress\/plugins\/seo\/ -->\n<title>[ Dahua ] &#129351; Dh-pfm342-9ch Fuente De Poder\/ \/ \/ De12 Vcc 10 Amper\/ Con Distribuidor Para 9 Camaras\/ Indicadores Led Por Canal\/ Voltaje De Entrada De 90 Vca-264v\/ Fusibles Intercambiables\/ Gabinete Metalico Co<\/title>\n<meta name=\"description\" content=\"Compra Dh-pfm342-9ch Fuente De Poder\/ \/ \/ De12 Vcc 10 Amper\/ Con Distribuidor Para 9 Camaras\/ Indicadores Led Por Canal\/ Voltaje De Entrada De 90 Vca-264v\/ Fusibles Intercambiables\/ Gabinete Metalico Co + Env\u00edo a domicilio + Pago seguro + Garant\u00eda\" \/>\n<meta name=\"robots\" content=\"index, follow, max-snippet:-1, max-image-preview:large, max-video-preview:-1\" \/>\n<link rel=\"canonical\" href=\"https:\/\/compuviper.mx\/tienda\/producto\/dahua-dh-pfm342-9ch-fuente-de-poder-de12-vcc-10-amper-con-distribuidor-para-9-camaras-indicadores-led-por-canal-voltaje-de-entrada-de-90-vca-264v-fusibles-intercambiables-gabinete-metalico-c\/\" \/>\n<meta property=\"og:locale\" content=\"es_MX\" \/>\n<meta property=\"og:type\" content=\"article\" \/>\n<meta property=\"og:title\" content=\"[ Dahua ] &#129351; Dh-pfm342-9ch Fuente De Poder\/ \/ \/ De12 Vcc 10 Amper\/ Con Distribuidor Para 9 Camaras\/ Indicadores Led Por Canal\/ Voltaje De Entrada De 90 Vca-264v\/ Fusibles Intercambiables\/ Gabinete Metalico Co\" \/>\n<meta property=\"og:description\" content=\"Compra Dh-pfm342-9ch Fuente De Poder\/ \/ \/ De12 Vcc 10 Amper\/ Con Distribuidor Para 9 Camaras\/ Indicadores Led Por Canal\/ Voltaje De Entrada De 90 Vca-264v\/ Fusibles Intercambiables\/ Gabinete Metalico Co + Env\u00edo a domicilio + Pago seguro + Garant\u00eda\" \/>\n<meta property=\"og:url\" content=\"https:\/\/compuviper.mx\/tienda\/producto\/dahua-dh-pfm342-9ch-fuente-de-poder-de12-vcc-10-amper-con-distribuidor-para-9-camaras-indicadores-led-por-canal-voltaje-de-entrada-de-90-vca-264v-fusibles-intercambiables-gabinete-metalico-c\/\" \/>\n<meta property=\"og:site_name\" content=\"Compuviper\" \/>\n<meta property=\"article:publisher\" content=\"https:\/\/www.facebook.com\/compuviper\" \/>\n<meta property=\"article:modified_time\" content=\"2026-04-03T06:00:05+00:00\" \/>\n<meta property=\"og:image\" content=\"https:\/\/compuviper.mx\/tienda\/wp-content\/uploads\/2025\/10\/Fuente-de-poder-dahua-dh-pfm342-9ch-de12-vcc-10-amper-con-distribuidor-para-9-camaras-indicadores-led-por-canal-voltaje-de-entrada-de-90-vca-264v-fusibles-intercambiables-gabinete-metalico-co.jpg\" \/>\n\t<meta property=\"og:image:width\" content=\"200\" \/>\n\t<meta property=\"og:image:height\" content=\"200\" \/>\n\t<meta property=\"og:image:type\" content=\"image\/jpeg\" \/>\n<meta name=\"twitter:card\" content=\"summary_large_image\" \/>\n<meta name=\"twitter:label1\" content=\"Precio\" \/>\n\t<meta name=\"twitter:data1\" content=\"&#36;927 con IVA\" \/>\n\t<meta name=\"twitter:label2\" content=\"Availability\" \/>\n\t<meta name=\"twitter:data2\" content=\"Out of stock\" \/>\n<script type=\"application\/ld+json\" class=\"yoast-schema-graph\">{\"@context\":\"https:\/\/schema.org\",\"@graph\":[{\"@type\":\"WebPage\",\"@id\":\"https:\/\/compuviper.mx\/tienda\/producto\/dahua-dh-pfm342-9ch-fuente-de-poder-de12-vcc-10-amper-con-distribuidor-para-9-camaras-indicadores-led-por-canal-voltaje-de-entrada-de-90-vca-264v-fusibles-intercambiables-gabinete-metalico-c\/\",\"url\":\"https:\/\/compuviper.mx\/tienda\/producto\/dahua-dh-pfm342-9ch-fuente-de-poder-de12-vcc-10-amper-con-distribuidor-para-9-camaras-indicadores-led-por-canal-voltaje-de-entrada-de-90-vca-264v-fusibles-intercambiables-gabinete-metalico-c\/\",\"name\":\"[ Dahua ] &#129351; Dh-pfm342-9ch Fuente De Poder\/ \/ \/ De12 Vcc 10 Amper\/ Con Distribuidor Para 9 Camaras\/ Indicadores Led Por Canal\/ Voltaje De Entrada De 90 Vca-264v\/ Fusibles Intercambiables\/ Gabinete Metalico Co\",\"isPartOf\":{\"@id\":\"https:\/\/compuviper.mx\/tienda\/#website\"},\"datePublished\":\"2026-04-02T06:07:09+00:00\",\"dateModified\":\"2026-04-03T06:00:05+00:00\",\"description\":\"Compra Dh-pfm342-9ch Fuente De Poder\/ \/ \/ De12 Vcc 10 Amper\/ Con Distribuidor Para 9 Camaras\/ Indicadores Led Por Canal\/ Voltaje De Entrada De 90 Vca-264v\/ Fusibles Intercambiables\/ Gabinete Metalico Co + Env\u00edo a domicilio + Pago seguro + Garant\u00eda\",\"breadcrumb\":{\"@id\":\"https:\/\/compuviper.mx\/tienda\/producto\/dahua-dh-pfm342-9ch-fuente-de-poder-de12-vcc-10-amper-con-distribuidor-para-9-camaras-indicadores-led-por-canal-voltaje-de-entrada-de-90-vca-264v-fusibles-intercambiables-gabinete-metalico-c\/#breadcrumb\"},\"inLanguage\":\"es-MX\",\"potentialAction\":[{\"@type\":\"ReadAction\",\"target\":[\"https:\/\/compuviper.mx\/tienda\/producto\/dahua-dh-pfm342-9ch-fuente-de-poder-de12-vcc-10-amper-con-distribuidor-para-9-camaras-indicadores-led-por-canal-voltaje-de-entrada-de-90-vca-264v-fusibles-intercambiables-gabinete-metalico-c\/\"]}]},{\"@type\":\"BreadcrumbList\",\"@id\":\"https:\/\/compuviper.mx\/tienda\/producto\/dahua-dh-pfm342-9ch-fuente-de-poder-de12-vcc-10-amper-con-distribuidor-para-9-camaras-indicadores-led-por-canal-voltaje-de-entrada-de-90-vca-264v-fusibles-intercambiables-gabinete-metalico-c\/#breadcrumb\",\"itemListElement\":[{\"@type\":\"ListItem\",\"position\":1,\"name\":\"Inicio\",\"item\":\"https:\/\/compuviper.mx\/tienda\/\"},{\"@type\":\"ListItem\",\"position\":2,\"name\":\"Productos\",\"item\":\"https:\/\/compuviper.mx\/tienda\/productos\/\"},{\"@type\":\"ListItem\",\"position\":3,\"name\":\"Energia\",\"item\":\"https:\/\/compuviper.mx\/tienda\/categoria-producto\/energia\/\"},{\"@type\":\"ListItem\",\"position\":4,\"name\":\"Fuentes De Poder\",\"item\":\"https:\/\/compuviper.mx\/tienda\/categoria-producto\/energia\/fuentes-de-poder\/\"},{\"@type\":\"ListItem\",\"position\":5,\"name\":\"Dahua Dh-pfm342-9ch Fuente De Poder\/ \/ \/ De12 Vcc 10 Amper\/ Con Distribuidor Para 9 Camaras\/ Indicadores Led Por Canal\/ Voltaje De Entrada De 90 Vca-264v\/ Fusibles Intercambiables\/ Gabinete Metalico Co\"}]},{\"@type\":\"WebSite\",\"@id\":\"https:\/\/compuviper.mx\/tienda\/#website\",\"url\":\"https:\/\/compuviper.mx\/tienda\/\",\"name\":\"Compuviper\",\"description\":\"Proveedor de Computadoras, Laptops, Servidores, Monitores, Puntos de Venta, Teclados,   Impresoras, T\u00f3ner, C\u00e1maras de Seguridad y m\u00e1s en tu tienda en l\u00ednea\",\"publisher\":{\"@id\":\"https:\/\/compuviper.mx\/tienda\/#organization\"},\"potentialAction\":[{\"@type\":\"SearchAction\",\"target\":{\"@type\":\"EntryPoint\",\"urlTemplate\":\"https:\/\/compuviper.mx\/tienda\/?s={search_term_string}\"},\"query-input\":\"required name=search_term_string\"}],\"inLanguage\":\"es-MX\"},{\"@type\":\"Organization\",\"@id\":\"https:\/\/compuviper.mx\/tienda\/#organization\",\"name\":\"Compuviper\",\"url\":\"https:\/\/compuviper.mx\/tienda\/\",\"logo\":{\"@type\":\"ImageObject\",\"inLanguage\":\"es-MX\",\"@id\":\"https:\/\/compuviper.mx\/tienda\/#\/schema\/logo\/image\/\",\"url\":\"https:\/\/compuviper.mx\/tienda\/wp-content\/uploads\/2021\/08\/Logo-Compuviper-10.png\",\"contentUrl\":\"https:\/\/compuviper.mx\/tienda\/wp-content\/uploads\/2021\/08\/Logo-Compuviper-10.png\",\"width\":1000,\"height\":500,\"caption\":\"Compuviper\"},\"image\":{\"@id\":\"https:\/\/compuviper.mx\/tienda\/#\/schema\/logo\/image\/\"},\"sameAs\":[\"https:\/\/www.facebook.com\/compuviper\",\"https:\/\/www.youtube.com\/channel\/UCf73dERp9Y3cfOq7q8BhLjA?view_as=subscriber\"]}]}<\/script>\n<meta property=\"product:brand\" content=\"DAHUA\" \/>\n<meta property=\"product:price:amount\" content=\"927\" \/>\n<meta property=\"product:price:currency\" content=\"MXN\" \/>\n<meta property=\"og:availability\" content=\"out of stock\" \/>\n<meta property=\"product:availability\" content=\"out of stock\" \/>\n<meta property=\"product:retailer_item_id\" content=\"DH-PFM342-9CH\" \/>\n<meta property=\"product:condition\" content=\"new\" \/>\n<!-- \/ Yoast SEO plugin. -->","yoast_head_json":{"title":"[ Dahua ] &#129351; Dh-pfm342-9ch Fuente De Poder\/ \/ \/ De12 Vcc 10 Amper\/ Con Distribuidor Para 9 Camaras\/ Indicadores Led Por Canal\/ Voltaje De Entrada De 90 Vca-264v\/ Fusibles Intercambiables\/ Gabinete Metalico Co","description":"Compra Dh-pfm342-9ch Fuente De Poder\/ \/ \/ De12 Vcc 10 Amper\/ Con Distribuidor Para 9 Camaras\/ Indicadores Led Por Canal\/ Voltaje De Entrada De 90 Vca-264v\/ Fusibles Intercambiables\/ Gabinete Metalico Co + Env\u00edo a domicilio + Pago seguro + Garant\u00eda","robots":{"index":"index","follow":"follow","max-snippet":"max-snippet:-1","max-image-preview":"max-image-preview:large","max-video-preview":"max-video-preview:-1"},"canonical":"https:\/\/compuviper.mx\/tienda\/producto\/dahua-dh-pfm342-9ch-fuente-de-poder-de12-vcc-10-amper-con-distribuidor-para-9-camaras-indicadores-led-por-canal-voltaje-de-entrada-de-90-vca-264v-fusibles-intercambiables-gabinete-metalico-c\/","og_locale":"es_MX","og_type":"article","og_title":"[ Dahua ] &#129351; Dh-pfm342-9ch Fuente De Poder\/ \/ \/ De12 Vcc 10 Amper\/ Con Distribuidor Para 9 Camaras\/ Indicadores Led Por Canal\/ Voltaje De Entrada De 90 Vca-264v\/ Fusibles Intercambiables\/ Gabinete Metalico Co","og_description":"Compra Dh-pfm342-9ch Fuente De Poder\/ \/ \/ De12 Vcc 10 Amper\/ Con Distribuidor Para 9 Camaras\/ Indicadores Led Por Canal\/ Voltaje De Entrada De 90 Vca-264v\/ Fusibles Intercambiables\/ Gabinete Metalico Co + Env\u00edo a domicilio + Pago seguro + Garant\u00eda","og_url":"https:\/\/compuviper.mx\/tienda\/producto\/dahua-dh-pfm342-9ch-fuente-de-poder-de12-vcc-10-amper-con-distribuidor-para-9-camaras-indicadores-led-por-canal-voltaje-de-entrada-de-90-vca-264v-fusibles-intercambiables-gabinete-metalico-c\/","og_site_name":"Compuviper","article_publisher":"https:\/\/www.facebook.com\/compuviper","article_modified_time":"2026-04-03T06:00:05+00:00","og_image":[{"width":200,"height":200,"url":"https:\/\/compuviper.mx\/tienda\/wp-content\/uploads\/2025\/10\/Fuente-de-poder-dahua-dh-pfm342-9ch-de12-vcc-10-amper-con-distribuidor-para-9-camaras-indicadores-led-por-canal-voltaje-de-entrada-de-90-vca-264v-fusibles-intercambiables-gabinete-metalico-co.jpg","type":"image\/jpeg"}],"twitter_card":"summary_large_image","twitter_misc":{"Precio":"&#36;927 con IVA","Availability":"Out of stock"},"schema":{"@context":"https:\/\/schema.org","@graph":[{"@type":"WebPage","@id":"https:\/\/compuviper.mx\/tienda\/producto\/dahua-dh-pfm342-9ch-fuente-de-poder-de12-vcc-10-amper-con-distribuidor-para-9-camaras-indicadores-led-por-canal-voltaje-de-entrada-de-90-vca-264v-fusibles-intercambiables-gabinete-metalico-c\/","url":"https:\/\/compuviper.mx\/tienda\/producto\/dahua-dh-pfm342-9ch-fuente-de-poder-de12-vcc-10-amper-con-distribuidor-para-9-camaras-indicadores-led-por-canal-voltaje-de-entrada-de-90-vca-264v-fusibles-intercambiables-gabinete-metalico-c\/","name":"[ Dahua ] &#129351; Dh-pfm342-9ch Fuente De Poder\/ \/ \/ De12 Vcc 10 Amper\/ Con Distribuidor Para 9 Camaras\/ Indicadores Led Por Canal\/ Voltaje De Entrada De 90 Vca-264v\/ Fusibles Intercambiables\/ Gabinete Metalico Co","isPartOf":{"@id":"https:\/\/compuviper.mx\/tienda\/#website"},"datePublished":"2026-04-02T06:07:09+00:00","dateModified":"2026-04-03T06:00:05+00:00","description":"Compra Dh-pfm342-9ch Fuente De Poder\/ \/ \/ De12 Vcc 10 Amper\/ Con Distribuidor Para 9 Camaras\/ Indicadores Led Por Canal\/ Voltaje De Entrada De 90 Vca-264v\/ Fusibles Intercambiables\/ Gabinete Metalico Co + Env\u00edo a domicilio + Pago seguro + Garant\u00eda","breadcrumb":{"@id":"https:\/\/compuviper.mx\/tienda\/producto\/dahua-dh-pfm342-9ch-fuente-de-poder-de12-vcc-10-amper-con-distribuidor-para-9-camaras-indicadores-led-por-canal-voltaje-de-entrada-de-90-vca-264v-fusibles-intercambiables-gabinete-metalico-c\/#breadcrumb"},"inLanguage":"es-MX","potentialAction":[{"@type":"ReadAction","target":["https:\/\/compuviper.mx\/tienda\/producto\/dahua-dh-pfm342-9ch-fuente-de-poder-de12-vcc-10-amper-con-distribuidor-para-9-camaras-indicadores-led-por-canal-voltaje-de-entrada-de-90-vca-264v-fusibles-intercambiables-gabinete-metalico-c\/"]}]},{"@type":"BreadcrumbList","@id":"https:\/\/compuviper.mx\/tienda\/producto\/dahua-dh-pfm342-9ch-fuente-de-poder-de12-vcc-10-amper-con-distribuidor-para-9-camaras-indicadores-led-por-canal-voltaje-de-entrada-de-90-vca-264v-fusibles-intercambiables-gabinete-metalico-c\/#breadcrumb","itemListElement":[{"@type":"ListItem","position":1,"name":"Inicio","item":"https:\/\/compuviper.mx\/tienda\/"},{"@type":"ListItem","position":2,"name":"Productos","item":"https:\/\/compuviper.mx\/tienda\/productos\/"},{"@type":"ListItem","position":3,"name":"Energia","item":"https:\/\/compuviper.mx\/tienda\/categoria-producto\/energia\/"},{"@type":"ListItem","position":4,"name":"Fuentes De Poder","item":"https:\/\/compuviper.mx\/tienda\/categoria-producto\/energia\/fuentes-de-poder\/"},{"@type":"ListItem","position":5,"name":"Dahua Dh-pfm342-9ch Fuente De Poder\/ \/ \/ De12 Vcc 10 Amper\/ Con Distribuidor Para 9 Camaras\/ Indicadores Led Por Canal\/ Voltaje De Entrada De 90 Vca-264v\/ Fusibles Intercambiables\/ Gabinete Metalico Co"}]},{"@type":"WebSite","@id":"https:\/\/compuviper.mx\/tienda\/#website","url":"https:\/\/compuviper.mx\/tienda\/","name":"Compuviper","description":"Proveedor de Computadoras, Laptops, Servidores, Monitores, Puntos de Venta, Teclados,   Impresoras, T\u00f3ner, C\u00e1maras de Seguridad y m\u00e1s en tu tienda en l\u00ednea","publisher":{"@id":"https:\/\/compuviper.mx\/tienda\/#organization"},"potentialAction":[{"@type":"SearchAction","target":{"@type":"EntryPoint","urlTemplate":"https:\/\/compuviper.mx\/tienda\/?s={search_term_string}"},"query-input":"required name=search_term_string"}],"inLanguage":"es-MX"},{"@type":"Organization","@id":"https:\/\/compuviper.mx\/tienda\/#organization","name":"Compuviper","url":"https:\/\/compuviper.mx\/tienda\/","logo":{"@type":"ImageObject","inLanguage":"es-MX","@id":"https:\/\/compuviper.mx\/tienda\/#\/schema\/logo\/image\/","url":"https:\/\/compuviper.mx\/tienda\/wp-content\/uploads\/2021\/08\/Logo-Compuviper-10.png","contentUrl":"https:\/\/compuviper.mx\/tienda\/wp-content\/uploads\/2021\/08\/Logo-Compuviper-10.png","width":1000,"height":500,"caption":"Compuviper"},"image":{"@id":"https:\/\/compuviper.mx\/tienda\/#\/schema\/logo\/image\/"},"sameAs":["https:\/\/www.facebook.com\/compuviper","https:\/\/www.youtube.com\/channel\/UCf73dERp9Y3cfOq7q8BhLjA?view_as=subscriber"]}]},"product_brand":"DAHUA","product_price_amount":"927","product_price_currency":"MXN","og_availability":"out of stock","product_availability":"out of stock","product_retailer_item_id":"DH-PFM342-9CH","product_condition":"new"},"_links":{"self":[{"href":"https:\/\/compuviper.mx\/tienda\/wp-json\/wp\/v2\/product\/246770"}],"collection":[{"href":"https:\/\/compuviper.mx\/tienda\/wp-json\/wp\/v2\/product"}],"about":[{"href":"https:\/\/compuviper.mx\/tienda\/wp-json\/wp\/v2\/types\/product"}],"replies":[{"embeddable":true,"href":"https:\/\/compuviper.mx\/tienda\/wp-json\/wp\/v2\/comments?post=246770"}],"wp:featuredmedia":[{"embeddable":true,"href":"https:\/\/compuviper.mx\/tienda\/wp-json\/wp\/v2\/media\/259252"}],"wp:attachment":[{"href":"https:\/\/compuviper.mx\/tienda\/wp-json\/wp\/v2\/media?parent=246770"}],"wp:term":[{"taxonomy":"product_cat","embeddable":true,"href":"https:\/\/compuviper.mx\/tienda\/wp-json\/wp\/v2\/product_cat?post=246770"},{"taxonomy":"product_tag","embeddable":true,"href":"https:\/\/compuviper.mx\/tienda\/wp-json\/wp\/v2\/product_tag?post=246770"}],"curies":[{"name":"wp","href":"https:\/\/api.w.org\/{rel}","templated":true}]}}