{"id":246758,"date":"2026-04-18T01:14:15","date_gmt":"2026-04-18T07:14:15","guid":{"rendered":"https:\/\/compuviper.mx\/tienda\/producto\/dahua-dh-cs4006-4gt-60-switch-cs4006-4gt-60-poe-de-6-ptos-gigabit-4-ptos-poe-10-100-1000-2-ptos-uplink-10-100-1000-60-watts-totales-administrable-en-la-nube-x-dolynk-care-poe-hasta-250-mts-c\/"},"modified":"2026-04-18T01:14:15","modified_gmt":"2026-04-18T07:14:15","slug":"dahua-dh-cs4006-4gt-60-switch-cs4006-4gt-60-poe-de-6-ptos-gigabit-4-ptos-poe-10-100-1000-2-ptos-uplink-10-100-1000-60-watts-totales-administrable-en-la-nube-x-dolynk-care-poe-hasta-250-mts-c","status":"publish","type":"product","link":"https:\/\/compuviper.mx\/tienda\/producto\/dahua-dh-cs4006-4gt-60-switch-cs4006-4gt-60-poe-de-6-ptos-gigabit-4-ptos-poe-10-100-1000-2-ptos-uplink-10-100-1000-60-watts-totales-administrable-en-la-nube-x-dolynk-care-poe-hasta-250-mts-c\/","title":{"rendered":"Dahua Dh-cs4006-4gt-60 Switch\/ \/ Cs4006-4gt-60\/ Poe De 6 Ptos Gigabit\/ 4 Ptos Poe 10\/100\/1000\/ 2 Ptos Uplink 10\/100\/1000\/ 60 Watts Totales\/ Administrable En La Nube X Dolynk Care\/ Poe Hasta 250 Mts\/ Carcasa Metalica\/"},"content":{"rendered":"<table class=\"descripcion\">\n<tr>\n<td>Caracteristicas principales<\/td>\n<\/tr>\n<tr>\n<td>\u0095cumple con los requisitos de los estandares ieee802.3, ieee802.3u, ieee802.3x, ieee802.3ab.<\/td>\n<\/tr>\n<tr>\n<td>\u0095cumple con los requisitos de los estandares de fuente de alimentacion ieee802.3af, ieee802.3at y hi-poe.<\/td>\n<\/tr>\n<tr>\n<td>\u0095gestiona el consumo de energia poe y el encendido\/apagado de poe. admite poe inteligente.<\/td>\n<\/tr>\n<tr>\n<td>\u0095un amplio rango de temperaturas de funcionamiento y una carcasa totalmente metalica completamente cerrada y a prueba de polvo.<\/td>\n<\/tr>\n<\/table>\n","protected":false},"excerpt":{"rendered":"<p>Informacion general. Altamente intuitivo, el smart managed switch puede administrar redes locales. Con la plataforma dolynk care, tambien puede realizar gestion en la nube. El conmutador realiza operacion y mantenimiento mediante visualizacion de topologia en dispositivos de almacenamiento de front-end, transmision y back-end que se encuentran en el sistema de seguridad y el sistema de ti. Con su diseo totalmente metalico, el interruptor tiene una gran disipacion de calor y puede funcionar en temperaturas que oscilan entre -10 \u00b0c y 55 \u00b0c. Ofrece emc y tiene proteccion contra sobretension, sobrecorriente, electricidad estatica, rayos, pulsos y otros tipos de interferencias. Para el conmutador gestionado inteligente de la serie poe, la alimentacion se suministra a una distancia de hasta 250 metros. El puerto naranja suministra hasta 60 w y el puerto rojo proporciona hasta 90 w. Ademas, la agregacion de enlaces y stp estan disponibles en modelos selectos para garantizar que la red permanezca estable. Gestion de topologia de red. Admite el protocolo lldp y es capaz de generar y mostrar la topologia de la red, para que pueda identificar rapidamente problemas y realizar operaciones y mantenimiento de forma remota en los dispositivos que se encuentran en la topologia. Gestion en la nube. Los dispositivos se pueden administrar a traves de la aplicacion dolynk care y realiza un monitoreo de la red en tiempo real. La aplicacion tambien muestra el estado de los dispositivos, activa alarmas de errores en tiempo real y envia notificaciones. Perro guardian poe. Adopta el innovador perro guardian poe. Poe watchdog se puede activar marcando\/activando el interruptor de pagina web. Permite que el conmutador detecte automaticamente el estado del puerto y reinicie los puertos fallidos para recuperar la conexion en caso de una excepcion de conexion ipc. Esto permite una gestion inteligente de la operacion y el mantenimiento en su verdadero sentido y reduce efectivamente los costos de mantenimiento manua<\/p>\n","protected":false},"featured_media":260118,"comment_status":"open","ping_status":"open","template":"","meta":[],"product_cat":[1563,1564],"product_tag":[1555],"acf":[],"yoast_head":"<!-- This site is optimized with the Yoast SEO plugin v21.7 - https:\/\/yoast.com\/wordpress\/plugins\/seo\/ -->\n<title>[ Dahua ] &#129351; Dh-cs4006-4gt-60 Switch\/ \/ Cs4006-4gt-60\/ Poe De 6 Ptos Gigabit\/ 4 Ptos Poe 10\/100\/1000\/ 2 Ptos Uplink 10\/100\/1000\/ 60 Watts Totales\/ Administrable En La Nube X Dolynk Care\/ Poe Hasta 250 Mts\/ Carcasa Metalica\/<\/title>\n<meta name=\"description\" content=\"Compra Dh-cs4006-4gt-60 Switch\/ \/ Cs4006-4gt-60\/ Poe De 6 Ptos Gigabit\/ 4 Ptos Poe 10\/100\/1000\/ 2 Ptos Uplink 10\/100\/1000\/ 60 Watts Totales\/ Administrable En La Nube X Dolynk Care\/ Poe Hasta 250 Mts\/ Carcasa Metalica\/ + Env\u00edo a domicilio + Pago seguro + Garant\u00eda\" \/>\n<meta name=\"robots\" content=\"index, follow, max-snippet:-1, max-image-preview:large, max-video-preview:-1\" \/>\n<link rel=\"canonical\" href=\"https:\/\/compuviper.mx\/tienda\/producto\/dahua-dh-cs4006-4gt-60-switch-cs4006-4gt-60-poe-de-6-ptos-gigabit-4-ptos-poe-10-100-1000-2-ptos-uplink-10-100-1000-60-watts-totales-administrable-en-la-nube-x-dolynk-care-poe-hasta-250-mts-c\/\" \/>\n<meta property=\"og:locale\" content=\"es_MX\" \/>\n<meta property=\"og:type\" content=\"article\" \/>\n<meta property=\"og:title\" content=\"[ Dahua ] &#129351; Dh-cs4006-4gt-60 Switch\/ \/ Cs4006-4gt-60\/ Poe De 6 Ptos Gigabit\/ 4 Ptos Poe 10\/100\/1000\/ 2 Ptos Uplink 10\/100\/1000\/ 60 Watts Totales\/ Administrable En La Nube X Dolynk Care\/ Poe Hasta 250 Mts\/ Carcasa Metalica\/\" \/>\n<meta property=\"og:description\" content=\"Compra Dh-cs4006-4gt-60 Switch\/ \/ Cs4006-4gt-60\/ Poe De 6 Ptos Gigabit\/ 4 Ptos Poe 10\/100\/1000\/ 2 Ptos Uplink 10\/100\/1000\/ 60 Watts Totales\/ Administrable En La Nube X Dolynk Care\/ Poe Hasta 250 Mts\/ Carcasa Metalica\/ + Env\u00edo a domicilio + Pago seguro + Garant\u00eda\" \/>\n<meta property=\"og:url\" content=\"https:\/\/compuviper.mx\/tienda\/producto\/dahua-dh-cs4006-4gt-60-switch-cs4006-4gt-60-poe-de-6-ptos-gigabit-4-ptos-poe-10-100-1000-2-ptos-uplink-10-100-1000-60-watts-totales-administrable-en-la-nube-x-dolynk-care-poe-hasta-250-mts-c\/\" \/>\n<meta property=\"og:site_name\" content=\"Compuviper\" \/>\n<meta property=\"article:publisher\" content=\"https:\/\/www.facebook.com\/compuviper\" \/>\n<meta property=\"og:image\" content=\"https:\/\/compuviper.mx\/tienda\/wp-content\/uploads\/2025\/10\/Switch-dahua-cs4006-4gt-60-poe-de-6-ptos-gigabit-4-ptos-poe-101001000-2-ptos-uplink-101001000-60-watts-totales-administrable-en-la-nube-x-dolynk-care-poe-hasta-250-mts-carcasa-metalica.jpg\" \/>\n\t<meta property=\"og:image:width\" content=\"200\" \/>\n\t<meta property=\"og:image:height\" content=\"200\" \/>\n\t<meta property=\"og:image:type\" content=\"image\/jpeg\" \/>\n<meta name=\"twitter:card\" content=\"summary_large_image\" \/>\n<meta name=\"twitter:label1\" content=\"Precio\" \/>\n\t<meta name=\"twitter:data1\" content=\"&#36;914 con IVA\" \/>\n\t<meta name=\"twitter:label2\" content=\"Availability\" \/>\n\t<meta name=\"twitter:data2\" content=\"Out of stock\" \/>\n<script type=\"application\/ld+json\" class=\"yoast-schema-graph\">{\"@context\":\"https:\/\/schema.org\",\"@graph\":[{\"@type\":\"WebPage\",\"@id\":\"https:\/\/compuviper.mx\/tienda\/producto\/dahua-dh-cs4006-4gt-60-switch-cs4006-4gt-60-poe-de-6-ptos-gigabit-4-ptos-poe-10-100-1000-2-ptos-uplink-10-100-1000-60-watts-totales-administrable-en-la-nube-x-dolynk-care-poe-hasta-250-mts-c\/\",\"url\":\"https:\/\/compuviper.mx\/tienda\/producto\/dahua-dh-cs4006-4gt-60-switch-cs4006-4gt-60-poe-de-6-ptos-gigabit-4-ptos-poe-10-100-1000-2-ptos-uplink-10-100-1000-60-watts-totales-administrable-en-la-nube-x-dolynk-care-poe-hasta-250-mts-c\/\",\"name\":\"[ Dahua ] &#129351; Dh-cs4006-4gt-60 Switch\/ \/ Cs4006-4gt-60\/ Poe De 6 Ptos Gigabit\/ 4 Ptos Poe 10\/100\/1000\/ 2 Ptos Uplink 10\/100\/1000\/ 60 Watts Totales\/ Administrable En La Nube X Dolynk Care\/ Poe Hasta 250 Mts\/ Carcasa Metalica\/\",\"isPartOf\":{\"@id\":\"https:\/\/compuviper.mx\/tienda\/#website\"},\"datePublished\":\"2026-04-18T07:14:15+00:00\",\"dateModified\":\"2026-04-18T07:14:15+00:00\",\"description\":\"Compra Dh-cs4006-4gt-60 Switch\/ \/ Cs4006-4gt-60\/ Poe De 6 Ptos Gigabit\/ 4 Ptos Poe 10\/100\/1000\/ 2 Ptos Uplink 10\/100\/1000\/ 60 Watts Totales\/ Administrable En La Nube X Dolynk Care\/ Poe Hasta 250 Mts\/ Carcasa Metalica\/ + Env\u00edo a domicilio + Pago seguro + Garant\u00eda\",\"breadcrumb\":{\"@id\":\"https:\/\/compuviper.mx\/tienda\/producto\/dahua-dh-cs4006-4gt-60-switch-cs4006-4gt-60-poe-de-6-ptos-gigabit-4-ptos-poe-10-100-1000-2-ptos-uplink-10-100-1000-60-watts-totales-administrable-en-la-nube-x-dolynk-care-poe-hasta-250-mts-c\/#breadcrumb\"},\"inLanguage\":\"es-MX\",\"potentialAction\":[{\"@type\":\"ReadAction\",\"target\":[\"https:\/\/compuviper.mx\/tienda\/producto\/dahua-dh-cs4006-4gt-60-switch-cs4006-4gt-60-poe-de-6-ptos-gigabit-4-ptos-poe-10-100-1000-2-ptos-uplink-10-100-1000-60-watts-totales-administrable-en-la-nube-x-dolynk-care-poe-hasta-250-mts-c\/\"]}]},{\"@type\":\"BreadcrumbList\",\"@id\":\"https:\/\/compuviper.mx\/tienda\/producto\/dahua-dh-cs4006-4gt-60-switch-cs4006-4gt-60-poe-de-6-ptos-gigabit-4-ptos-poe-10-100-1000-2-ptos-uplink-10-100-1000-60-watts-totales-administrable-en-la-nube-x-dolynk-care-poe-hasta-250-mts-c\/#breadcrumb\",\"itemListElement\":[{\"@type\":\"ListItem\",\"position\":1,\"name\":\"Inicio\",\"item\":\"https:\/\/compuviper.mx\/tienda\/\"},{\"@type\":\"ListItem\",\"position\":2,\"name\":\"Productos\",\"item\":\"https:\/\/compuviper.mx\/tienda\/productos\/\"},{\"@type\":\"ListItem\",\"position\":3,\"name\":\"Redes\",\"item\":\"https:\/\/compuviper.mx\/tienda\/categoria-producto\/redes\/\"},{\"@type\":\"ListItem\",\"position\":4,\"name\":\"Switch\",\"item\":\"https:\/\/compuviper.mx\/tienda\/categoria-producto\/redes\/switch\/\"},{\"@type\":\"ListItem\",\"position\":5,\"name\":\"Dahua Dh-cs4006-4gt-60 Switch\/ \/ Cs4006-4gt-60\/ Poe De 6 Ptos Gigabit\/ 4 Ptos Poe 10\/100\/1000\/ 2 Ptos Uplink 10\/100\/1000\/ 60 Watts Totales\/ Administrable En La Nube X Dolynk Care\/ Poe Hasta 250 Mts\/ Carcasa Metalica\/\"}]},{\"@type\":\"WebSite\",\"@id\":\"https:\/\/compuviper.mx\/tienda\/#website\",\"url\":\"https:\/\/compuviper.mx\/tienda\/\",\"name\":\"Compuviper\",\"description\":\"Proveedor de Computadoras, Laptops, Servidores, Monitores, Puntos de Venta, Teclados,   Impresoras, T\u00f3ner, C\u00e1maras de Seguridad y m\u00e1s en tu tienda en l\u00ednea\",\"publisher\":{\"@id\":\"https:\/\/compuviper.mx\/tienda\/#organization\"},\"potentialAction\":[{\"@type\":\"SearchAction\",\"target\":{\"@type\":\"EntryPoint\",\"urlTemplate\":\"https:\/\/compuviper.mx\/tienda\/?s={search_term_string}\"},\"query-input\":\"required name=search_term_string\"}],\"inLanguage\":\"es-MX\"},{\"@type\":\"Organization\",\"@id\":\"https:\/\/compuviper.mx\/tienda\/#organization\",\"name\":\"Compuviper\",\"url\":\"https:\/\/compuviper.mx\/tienda\/\",\"logo\":{\"@type\":\"ImageObject\",\"inLanguage\":\"es-MX\",\"@id\":\"https:\/\/compuviper.mx\/tienda\/#\/schema\/logo\/image\/\",\"url\":\"https:\/\/compuviper.mx\/tienda\/wp-content\/uploads\/2021\/08\/Logo-Compuviper-10.png\",\"contentUrl\":\"https:\/\/compuviper.mx\/tienda\/wp-content\/uploads\/2021\/08\/Logo-Compuviper-10.png\",\"width\":1000,\"height\":500,\"caption\":\"Compuviper\"},\"image\":{\"@id\":\"https:\/\/compuviper.mx\/tienda\/#\/schema\/logo\/image\/\"},\"sameAs\":[\"https:\/\/www.facebook.com\/compuviper\",\"https:\/\/www.youtube.com\/channel\/UCf73dERp9Y3cfOq7q8BhLjA?view_as=subscriber\"]}]}<\/script>\n<meta property=\"product:brand\" content=\"DAHUA\" \/>\n<meta property=\"product:price:amount\" content=\"914\" \/>\n<meta property=\"product:price:currency\" content=\"MXN\" \/>\n<meta property=\"og:availability\" content=\"out of stock\" \/>\n<meta property=\"product:availability\" content=\"out of stock\" \/>\n<meta property=\"product:retailer_item_id\" content=\"DH-CS4006-4GT-60\" \/>\n<meta property=\"product:condition\" content=\"new\" \/>\n<!-- \/ Yoast SEO plugin. -->","yoast_head_json":{"title":"[ Dahua ] &#129351; Dh-cs4006-4gt-60 Switch\/ \/ Cs4006-4gt-60\/ Poe De 6 Ptos Gigabit\/ 4 Ptos Poe 10\/100\/1000\/ 2 Ptos Uplink 10\/100\/1000\/ 60 Watts Totales\/ Administrable En La Nube X Dolynk Care\/ Poe Hasta 250 Mts\/ Carcasa Metalica\/","description":"Compra Dh-cs4006-4gt-60 Switch\/ \/ Cs4006-4gt-60\/ Poe De 6 Ptos Gigabit\/ 4 Ptos Poe 10\/100\/1000\/ 2 Ptos Uplink 10\/100\/1000\/ 60 Watts Totales\/ Administrable En La Nube X Dolynk Care\/ Poe Hasta 250 Mts\/ Carcasa Metalica\/ + Env\u00edo a domicilio + Pago seguro + Garant\u00eda","robots":{"index":"index","follow":"follow","max-snippet":"max-snippet:-1","max-image-preview":"max-image-preview:large","max-video-preview":"max-video-preview:-1"},"canonical":"https:\/\/compuviper.mx\/tienda\/producto\/dahua-dh-cs4006-4gt-60-switch-cs4006-4gt-60-poe-de-6-ptos-gigabit-4-ptos-poe-10-100-1000-2-ptos-uplink-10-100-1000-60-watts-totales-administrable-en-la-nube-x-dolynk-care-poe-hasta-250-mts-c\/","og_locale":"es_MX","og_type":"article","og_title":"[ Dahua ] &#129351; Dh-cs4006-4gt-60 Switch\/ \/ Cs4006-4gt-60\/ Poe De 6 Ptos Gigabit\/ 4 Ptos Poe 10\/100\/1000\/ 2 Ptos Uplink 10\/100\/1000\/ 60 Watts Totales\/ Administrable En La Nube X Dolynk Care\/ Poe Hasta 250 Mts\/ Carcasa Metalica\/","og_description":"Compra Dh-cs4006-4gt-60 Switch\/ \/ Cs4006-4gt-60\/ Poe De 6 Ptos Gigabit\/ 4 Ptos Poe 10\/100\/1000\/ 2 Ptos Uplink 10\/100\/1000\/ 60 Watts Totales\/ Administrable En La Nube X Dolynk Care\/ Poe Hasta 250 Mts\/ Carcasa Metalica\/ + Env\u00edo a domicilio + Pago seguro + Garant\u00eda","og_url":"https:\/\/compuviper.mx\/tienda\/producto\/dahua-dh-cs4006-4gt-60-switch-cs4006-4gt-60-poe-de-6-ptos-gigabit-4-ptos-poe-10-100-1000-2-ptos-uplink-10-100-1000-60-watts-totales-administrable-en-la-nube-x-dolynk-care-poe-hasta-250-mts-c\/","og_site_name":"Compuviper","article_publisher":"https:\/\/www.facebook.com\/compuviper","og_image":[{"width":200,"height":200,"url":"https:\/\/compuviper.mx\/tienda\/wp-content\/uploads\/2025\/10\/Switch-dahua-cs4006-4gt-60-poe-de-6-ptos-gigabit-4-ptos-poe-101001000-2-ptos-uplink-101001000-60-watts-totales-administrable-en-la-nube-x-dolynk-care-poe-hasta-250-mts-carcasa-metalica.jpg","type":"image\/jpeg"}],"twitter_card":"summary_large_image","twitter_misc":{"Precio":"&#36;914 con IVA","Availability":"Out of stock"},"schema":{"@context":"https:\/\/schema.org","@graph":[{"@type":"WebPage","@id":"https:\/\/compuviper.mx\/tienda\/producto\/dahua-dh-cs4006-4gt-60-switch-cs4006-4gt-60-poe-de-6-ptos-gigabit-4-ptos-poe-10-100-1000-2-ptos-uplink-10-100-1000-60-watts-totales-administrable-en-la-nube-x-dolynk-care-poe-hasta-250-mts-c\/","url":"https:\/\/compuviper.mx\/tienda\/producto\/dahua-dh-cs4006-4gt-60-switch-cs4006-4gt-60-poe-de-6-ptos-gigabit-4-ptos-poe-10-100-1000-2-ptos-uplink-10-100-1000-60-watts-totales-administrable-en-la-nube-x-dolynk-care-poe-hasta-250-mts-c\/","name":"[ Dahua ] &#129351; Dh-cs4006-4gt-60 Switch\/ \/ Cs4006-4gt-60\/ Poe De 6 Ptos Gigabit\/ 4 Ptos Poe 10\/100\/1000\/ 2 Ptos Uplink 10\/100\/1000\/ 60 Watts Totales\/ Administrable En La Nube X Dolynk Care\/ Poe Hasta 250 Mts\/ Carcasa Metalica\/","isPartOf":{"@id":"https:\/\/compuviper.mx\/tienda\/#website"},"datePublished":"2026-04-18T07:14:15+00:00","dateModified":"2026-04-18T07:14:15+00:00","description":"Compra Dh-cs4006-4gt-60 Switch\/ \/ Cs4006-4gt-60\/ Poe De 6 Ptos Gigabit\/ 4 Ptos Poe 10\/100\/1000\/ 2 Ptos Uplink 10\/100\/1000\/ 60 Watts Totales\/ Administrable En La Nube X Dolynk Care\/ Poe Hasta 250 Mts\/ Carcasa Metalica\/ + Env\u00edo a domicilio + Pago seguro + Garant\u00eda","breadcrumb":{"@id":"https:\/\/compuviper.mx\/tienda\/producto\/dahua-dh-cs4006-4gt-60-switch-cs4006-4gt-60-poe-de-6-ptos-gigabit-4-ptos-poe-10-100-1000-2-ptos-uplink-10-100-1000-60-watts-totales-administrable-en-la-nube-x-dolynk-care-poe-hasta-250-mts-c\/#breadcrumb"},"inLanguage":"es-MX","potentialAction":[{"@type":"ReadAction","target":["https:\/\/compuviper.mx\/tienda\/producto\/dahua-dh-cs4006-4gt-60-switch-cs4006-4gt-60-poe-de-6-ptos-gigabit-4-ptos-poe-10-100-1000-2-ptos-uplink-10-100-1000-60-watts-totales-administrable-en-la-nube-x-dolynk-care-poe-hasta-250-mts-c\/"]}]},{"@type":"BreadcrumbList","@id":"https:\/\/compuviper.mx\/tienda\/producto\/dahua-dh-cs4006-4gt-60-switch-cs4006-4gt-60-poe-de-6-ptos-gigabit-4-ptos-poe-10-100-1000-2-ptos-uplink-10-100-1000-60-watts-totales-administrable-en-la-nube-x-dolynk-care-poe-hasta-250-mts-c\/#breadcrumb","itemListElement":[{"@type":"ListItem","position":1,"name":"Inicio","item":"https:\/\/compuviper.mx\/tienda\/"},{"@type":"ListItem","position":2,"name":"Productos","item":"https:\/\/compuviper.mx\/tienda\/productos\/"},{"@type":"ListItem","position":3,"name":"Redes","item":"https:\/\/compuviper.mx\/tienda\/categoria-producto\/redes\/"},{"@type":"ListItem","position":4,"name":"Switch","item":"https:\/\/compuviper.mx\/tienda\/categoria-producto\/redes\/switch\/"},{"@type":"ListItem","position":5,"name":"Dahua Dh-cs4006-4gt-60 Switch\/ \/ Cs4006-4gt-60\/ Poe De 6 Ptos Gigabit\/ 4 Ptos Poe 10\/100\/1000\/ 2 Ptos Uplink 10\/100\/1000\/ 60 Watts Totales\/ Administrable En La Nube X Dolynk Care\/ Poe Hasta 250 Mts\/ Carcasa Metalica\/"}]},{"@type":"WebSite","@id":"https:\/\/compuviper.mx\/tienda\/#website","url":"https:\/\/compuviper.mx\/tienda\/","name":"Compuviper","description":"Proveedor de Computadoras, Laptops, Servidores, Monitores, Puntos de Venta, Teclados,   Impresoras, T\u00f3ner, C\u00e1maras de Seguridad y m\u00e1s en tu tienda en l\u00ednea","publisher":{"@id":"https:\/\/compuviper.mx\/tienda\/#organization"},"potentialAction":[{"@type":"SearchAction","target":{"@type":"EntryPoint","urlTemplate":"https:\/\/compuviper.mx\/tienda\/?s={search_term_string}"},"query-input":"required name=search_term_string"}],"inLanguage":"es-MX"},{"@type":"Organization","@id":"https:\/\/compuviper.mx\/tienda\/#organization","name":"Compuviper","url":"https:\/\/compuviper.mx\/tienda\/","logo":{"@type":"ImageObject","inLanguage":"es-MX","@id":"https:\/\/compuviper.mx\/tienda\/#\/schema\/logo\/image\/","url":"https:\/\/compuviper.mx\/tienda\/wp-content\/uploads\/2021\/08\/Logo-Compuviper-10.png","contentUrl":"https:\/\/compuviper.mx\/tienda\/wp-content\/uploads\/2021\/08\/Logo-Compuviper-10.png","width":1000,"height":500,"caption":"Compuviper"},"image":{"@id":"https:\/\/compuviper.mx\/tienda\/#\/schema\/logo\/image\/"},"sameAs":["https:\/\/www.facebook.com\/compuviper","https:\/\/www.youtube.com\/channel\/UCf73dERp9Y3cfOq7q8BhLjA?view_as=subscriber"]}]},"product_brand":"DAHUA","product_price_amount":"914","product_price_currency":"MXN","og_availability":"out of stock","product_availability":"out of stock","product_retailer_item_id":"DH-CS4006-4GT-60","product_condition":"new"},"_links":{"self":[{"href":"https:\/\/compuviper.mx\/tienda\/wp-json\/wp\/v2\/product\/246758"}],"collection":[{"href":"https:\/\/compuviper.mx\/tienda\/wp-json\/wp\/v2\/product"}],"about":[{"href":"https:\/\/compuviper.mx\/tienda\/wp-json\/wp\/v2\/types\/product"}],"replies":[{"embeddable":true,"href":"https:\/\/compuviper.mx\/tienda\/wp-json\/wp\/v2\/comments?post=246758"}],"wp:featuredmedia":[{"embeddable":true,"href":"https:\/\/compuviper.mx\/tienda\/wp-json\/wp\/v2\/media\/260118"}],"wp:attachment":[{"href":"https:\/\/compuviper.mx\/tienda\/wp-json\/wp\/v2\/media?parent=246758"}],"wp:term":[{"taxonomy":"product_cat","embeddable":true,"href":"https:\/\/compuviper.mx\/tienda\/wp-json\/wp\/v2\/product_cat?post=246758"},{"taxonomy":"product_tag","embeddable":true,"href":"https:\/\/compuviper.mx\/tienda\/wp-json\/wp\/v2\/product_tag?post=246758"}],"curies":[{"name":"wp","href":"https:\/\/api.w.org\/{rel}","templated":true}]}}