{"id":246750,"date":"2026-04-21T00:18:19","date_gmt":"2026-04-21T06:18:19","guid":{"rendered":"https:\/\/compuviper.mx\/tienda\/producto\/dahua-dh-ipc-pdw3849-a180-as-pv-camara-ip-ipc-pdw3849-a180-as-pv-wizsense-eyeball-con-multivision-en-dos-sensores-de-4mp-ofreciendo-un-angulo-de-180-con-ir-de-25-m-led-de-20-m-disuasion-activ\/"},"modified":"2026-04-21T00:18:20","modified_gmt":"2026-04-21T06:18:20","slug":"dahua-dh-ipc-pdw3849-a180-as-pv-camara-ip-ipc-pdw3849-a180-as-pv-wizsense-eyeball-con-multivision-en-dos-sensores-de-4mp-ofreciendo-un-angulo-de-180-con-ir-de-25-m-led-de-20-m-disuasion-activ","status":"publish","type":"product","link":"https:\/\/compuviper.mx\/tienda\/producto\/dahua-dh-ipc-pdw3849-a180-as-pv-camara-ip-ipc-pdw3849-a180-as-pv-wizsense-eyeball-con-multivision-en-dos-sensores-de-4mp-ofreciendo-un-angulo-de-180-con-ir-de-25-m-led-de-20-m-disuasion-activ\/","title":{"rendered":"Dahua Dh-ipc-pdw3849-a180-as-pv Camara Ip\/ \/ Ipc-pdw3849-a180-as-pv\/ Wizsense Eyeball Con Multivision En Dos Sensores De 4mp, Ofreciendo Un Angulo De 180?. Con Ir De 25 M, Led De 20 M, Disuasion Activa, Eptz, Microfono, Altavo"},"content":{"rendered":"<table class=\"descripcion\">\n<tr>\n<td>Especificaciones tecnicas<\/td>\n<\/tr>\n<tr>\n<td>\u0095alarma: 1 entrada, 1 salida; audio: 1 entrada, 1 salida; soporta max.<\/td>\n<\/tr>\n<tr>\n<td>\u0095tarjeta micro sd de 256g;<\/td>\n<\/tr>\n<tr>\n<td>\u0095altavoz incorporado, compatible con conversacion bidireccional.<\/td>\n<\/tr>\n<tr>\n<td>\u0095fuente de alimentacion de 12 vdc\/poe, de facil instalacion.<\/td>\n<\/tr>\n<tr>\n<td>\u0095proteccion ip67.<\/td>\n<\/tr>\n<tr>\n<td>\u0095alarma sonora y luminosa luces rojas y azules<\/td>\n<\/tr>\n<tr>\n<td>\u0095eptz: amplia y rastrea los objetivos de las alarmas inteligentes.<\/td>\n<\/tr>\n<tr>\n<td>\u0095smd 4.0.<\/td>\n<\/tr>\n<tr>\n<td>\u0095armado\/desarmado con un solo toque a traves de entrada de alarma<\/td>\n<\/tr>\n<tr>\n<td>Caracteristicas principales<\/td>\n<\/tr>\n<tr>\n<td>\u0095produce una imagen de empalme de gran angular de 180\u00b0.<\/td>\n<\/tr>\n<tr>\n<td>\u0095salidas max. 8 mp 4096  1860 a 20 fps.<\/td>\n<\/tr>\n<tr>\n<td>\u0095codec h.265, alta tasa de compresion, tasa de bits ultrabaja.<\/td>\n<\/tr>\n<tr>\n<td>\u0095led ir integrado y luz calida, max. la distancia de iluminacion ir es de 25 m y la distancia de luz calida es de 20 m. roi, smart h.264 \/h.265, ai h.264\/h.265, codificacion flexible, aplicable a diversos entornos de almacenamiento y ancho de banda.<\/td>\n<\/tr>\n<tr>\n<td>\u0095wdr, 3d nr, hlc, blc, marca de agua digital, aplicable a diversas escenas de monitoreo.<\/td>\n<\/tr>\n<tr>\n<td>\u0095tecnologia de multivision<\/td>\n<\/tr>\n<\/table>\n","protected":false},"excerpt":{"rendered":"<p>Informacion general. Dahua ipc-pdw3849-a180-as-pv es una camara ip wizsenseeyeball que ofrece una vision panoramica de 180\u00b0 mediante dos sensores de 4mp. Equipada con ir de 25 m y led de 20 m, proporciona imagenes nitidas en condiciones de baja iluminacion. Incluye caracteristicas avanzadas como disuasion activa, eptz, microfono y altavoz integrados, y proteccion ip67, ideal para vigilancia en exteriores. Su diseo permite una cobertura amplia y detallada, haciendo de esta camara una opcion robusta y versatil para aplicaciones de seguridad avanzadas. Smd 4.0. La tecnologia de deteccion de movimiento inteligente de dahua funciona con algoritmos inteligentes para clasificar objetivos que activan alarmas de deteccion de movimiento. Filtra objetos que no son objetivos, como animales grandes y pequeos, para evitar generar falsas alarmas. Con un nvr ai, la tecnologia quick pick esta disponible, lo que le permite buscar y seleccionar facilmente objetivos humanos y vehiculos a partir de videos de eventos smd, priorizando las coincidencias mas altas. Proteccion ip67, amplio voltaje. Ip67: la camara pasa una serie de pruebas estrictas de polvo y humedad. Tiene funcion a prueba de polvo y el gabinete puede funcionar normalmente despues de sumergirlo en agua a 1 m de profundidad durante 30 minutos. Amplio voltaje: la camara permite una tolerancia de voltaje de entrada de \u00b130  para algunas fuentes de alimentacion amplio rango de voltaje y se aplica ampliamente en entornos exteriores con voltaje inestable.<\/p>\n","protected":false},"featured_media":259355,"comment_status":"open","ping_status":"open","template":"","meta":[],"product_cat":[1608,1681],"product_tag":[1555],"acf":[],"yoast_head":"<!-- This site is optimized with the Yoast SEO plugin v21.7 - https:\/\/yoast.com\/wordpress\/plugins\/seo\/ -->\n<title>[ Dahua ] &#129351; Dh-ipc-pdw3849-a180-as-pv Camara Ip\/ \/ Ipc-pdw3849-a180-as-pv\/ Wizsense Eyeball Con Multivision En Dos Sensores De 4mp, Ofreciendo Un Angulo De 180\u00b0. Con Ir De 25 M, Led De 20 M, Disuasion Activa, Eptz, Microfono, Altavo<\/title>\n<meta name=\"description\" content=\"Compra Dh-ipc-pdw3849-a180-as-pv Camara Ip\/ \/ Ipc-pdw3849-a180-as-pv\/ Wizsense Eyeball Con Multivision En Dos Sensores De 4mp, Ofreciendo Un Angulo De 180\u00b0. Con Ir De 25 M, Led De 20 M, Disuasion Activa, Eptz, Microfono, Altavo + Env\u00edo a domicilio + Pago seguro + Garant\u00eda\" \/>\n<meta name=\"robots\" content=\"index, follow, max-snippet:-1, max-image-preview:large, max-video-preview:-1\" \/>\n<link rel=\"canonical\" href=\"https:\/\/compuviper.mx\/tienda\/producto\/dahua-dh-ipc-pdw3849-a180-as-pv-camara-ip-ipc-pdw3849-a180-as-pv-wizsense-eyeball-con-multivision-en-dos-sensores-de-4mp-ofreciendo-un-angulo-de-180-con-ir-de-25-m-led-de-20-m-disuasion-activ\/\" \/>\n<meta property=\"og:locale\" content=\"es_MX\" \/>\n<meta property=\"og:type\" content=\"article\" \/>\n<meta property=\"og:title\" content=\"[ Dahua ] &#129351; Dh-ipc-pdw3849-a180-as-pv Camara Ip\/ \/ Ipc-pdw3849-a180-as-pv\/ Wizsense Eyeball Con Multivision En Dos Sensores De 4mp, Ofreciendo Un Angulo De 180\u00b0. Con Ir De 25 M, Led De 20 M, Disuasion Activa, Eptz, Microfono, Altavo\" \/>\n<meta property=\"og:description\" content=\"Compra Dh-ipc-pdw3849-a180-as-pv Camara Ip\/ \/ Ipc-pdw3849-a180-as-pv\/ Wizsense Eyeball Con Multivision En Dos Sensores De 4mp, Ofreciendo Un Angulo De 180\u00b0. Con Ir De 25 M, Led De 20 M, Disuasion Activa, Eptz, Microfono, Altavo + Env\u00edo a domicilio + Pago seguro + Garant\u00eda\" \/>\n<meta property=\"og:url\" content=\"https:\/\/compuviper.mx\/tienda\/producto\/dahua-dh-ipc-pdw3849-a180-as-pv-camara-ip-ipc-pdw3849-a180-as-pv-wizsense-eyeball-con-multivision-en-dos-sensores-de-4mp-ofreciendo-un-angulo-de-180-con-ir-de-25-m-led-de-20-m-disuasion-activ\/\" \/>\n<meta property=\"og:site_name\" content=\"Compuviper\" \/>\n<meta property=\"article:publisher\" content=\"https:\/\/www.facebook.com\/compuviper\" \/>\n<meta property=\"article:modified_time\" content=\"2026-04-21T06:18:20+00:00\" \/>\n<meta property=\"og:image\" content=\"https:\/\/compuviper.mx\/tienda\/wp-content\/uploads\/2025\/10\/Camara-ip-dahua-ipc-pdw3849-a180-as-pv-wizsense-eyeball-con-multivision-en-dos-sensores-de-4mp-ofreciendo-un-angulo-de-180\u00b0.-con-ir-de-25-m-led-de-20-m-disuasion-activa-eptz-microfono-altavo.jpg\" \/>\n\t<meta property=\"og:image:width\" content=\"200\" \/>\n\t<meta property=\"og:image:height\" content=\"200\" \/>\n\t<meta property=\"og:image:type\" content=\"image\/jpeg\" \/>\n<meta name=\"twitter:card\" content=\"summary_large_image\" \/>\n<meta name=\"twitter:label1\" content=\"Precio\" \/>\n\t<meta name=\"twitter:data1\" content=\"&#36;3,338 con IVA\" \/>\n\t<meta name=\"twitter:label2\" content=\"Availability\" \/>\n\t<meta name=\"twitter:data2\" content=\"Out of stock\" \/>\n<script type=\"application\/ld+json\" class=\"yoast-schema-graph\">{\"@context\":\"https:\/\/schema.org\",\"@graph\":[{\"@type\":\"WebPage\",\"@id\":\"https:\/\/compuviper.mx\/tienda\/producto\/dahua-dh-ipc-pdw3849-a180-as-pv-camara-ip-ipc-pdw3849-a180-as-pv-wizsense-eyeball-con-multivision-en-dos-sensores-de-4mp-ofreciendo-un-angulo-de-180-con-ir-de-25-m-led-de-20-m-disuasion-activ\/\",\"url\":\"https:\/\/compuviper.mx\/tienda\/producto\/dahua-dh-ipc-pdw3849-a180-as-pv-camara-ip-ipc-pdw3849-a180-as-pv-wizsense-eyeball-con-multivision-en-dos-sensores-de-4mp-ofreciendo-un-angulo-de-180-con-ir-de-25-m-led-de-20-m-disuasion-activ\/\",\"name\":\"[ Dahua ] &#129351; Dh-ipc-pdw3849-a180-as-pv Camara Ip\/ \/ Ipc-pdw3849-a180-as-pv\/ Wizsense Eyeball Con Multivision En Dos Sensores De 4mp, Ofreciendo Un Angulo De 180\u00b0. Con Ir De 25 M, Led De 20 M, Disuasion Activa, Eptz, Microfono, Altavo\",\"isPartOf\":{\"@id\":\"https:\/\/compuviper.mx\/tienda\/#website\"},\"datePublished\":\"2026-04-21T06:18:19+00:00\",\"dateModified\":\"2026-04-21T06:18:20+00:00\",\"description\":\"Compra Dh-ipc-pdw3849-a180-as-pv Camara Ip\/ \/ Ipc-pdw3849-a180-as-pv\/ Wizsense Eyeball Con Multivision En Dos Sensores De 4mp, Ofreciendo Un Angulo De 180\u00b0. Con Ir De 25 M, Led De 20 M, Disuasion Activa, Eptz, Microfono, Altavo + Env\u00edo a domicilio + Pago seguro + Garant\u00eda\",\"breadcrumb\":{\"@id\":\"https:\/\/compuviper.mx\/tienda\/producto\/dahua-dh-ipc-pdw3849-a180-as-pv-camara-ip-ipc-pdw3849-a180-as-pv-wizsense-eyeball-con-multivision-en-dos-sensores-de-4mp-ofreciendo-un-angulo-de-180-con-ir-de-25-m-led-de-20-m-disuasion-activ\/#breadcrumb\"},\"inLanguage\":\"es-MX\",\"potentialAction\":[{\"@type\":\"ReadAction\",\"target\":[\"https:\/\/compuviper.mx\/tienda\/producto\/dahua-dh-ipc-pdw3849-a180-as-pv-camara-ip-ipc-pdw3849-a180-as-pv-wizsense-eyeball-con-multivision-en-dos-sensores-de-4mp-ofreciendo-un-angulo-de-180-con-ir-de-25-m-led-de-20-m-disuasion-activ\/\"]}]},{\"@type\":\"BreadcrumbList\",\"@id\":\"https:\/\/compuviper.mx\/tienda\/producto\/dahua-dh-ipc-pdw3849-a180-as-pv-camara-ip-ipc-pdw3849-a180-as-pv-wizsense-eyeball-con-multivision-en-dos-sensores-de-4mp-ofreciendo-un-angulo-de-180-con-ir-de-25-m-led-de-20-m-disuasion-activ\/#breadcrumb\",\"itemListElement\":[{\"@type\":\"ListItem\",\"position\":1,\"name\":\"Inicio\",\"item\":\"https:\/\/compuviper.mx\/tienda\/\"},{\"@type\":\"ListItem\",\"position\":2,\"name\":\"Productos\",\"item\":\"https:\/\/compuviper.mx\/tienda\/productos\/\"},{\"@type\":\"ListItem\",\"position\":3,\"name\":\"Camaras\",\"item\":\"https:\/\/compuviper.mx\/tienda\/categoria-producto\/camaras-2\/\"},{\"@type\":\"ListItem\",\"position\":4,\"name\":\"Camara De Videovigilancia\",\"item\":\"https:\/\/compuviper.mx\/tienda\/categoria-producto\/camaras-2\/camara-de-videovigilancia\/\"},{\"@type\":\"ListItem\",\"position\":5,\"name\":\"Dahua Dh-ipc-pdw3849-a180-as-pv Camara Ip\/ \/ Ipc-pdw3849-a180-as-pv\/ Wizsense Eyeball Con Multivision En Dos Sensores De 4mp, Ofreciendo Un Angulo De 180?. Con Ir De 25 M, Led De 20 M, Disuasion Activa, Eptz, Microfono, Altavo\"}]},{\"@type\":\"WebSite\",\"@id\":\"https:\/\/compuviper.mx\/tienda\/#website\",\"url\":\"https:\/\/compuviper.mx\/tienda\/\",\"name\":\"Compuviper\",\"description\":\"Proveedor de Computadoras, Laptops, Servidores, Monitores, Puntos de Venta, Teclados,   Impresoras, T\u00f3ner, C\u00e1maras de Seguridad y m\u00e1s en tu tienda en l\u00ednea\",\"publisher\":{\"@id\":\"https:\/\/compuviper.mx\/tienda\/#organization\"},\"potentialAction\":[{\"@type\":\"SearchAction\",\"target\":{\"@type\":\"EntryPoint\",\"urlTemplate\":\"https:\/\/compuviper.mx\/tienda\/?s={search_term_string}\"},\"query-input\":\"required name=search_term_string\"}],\"inLanguage\":\"es-MX\"},{\"@type\":\"Organization\",\"@id\":\"https:\/\/compuviper.mx\/tienda\/#organization\",\"name\":\"Compuviper\",\"url\":\"https:\/\/compuviper.mx\/tienda\/\",\"logo\":{\"@type\":\"ImageObject\",\"inLanguage\":\"es-MX\",\"@id\":\"https:\/\/compuviper.mx\/tienda\/#\/schema\/logo\/image\/\",\"url\":\"https:\/\/compuviper.mx\/tienda\/wp-content\/uploads\/2021\/08\/Logo-Compuviper-10.png\",\"contentUrl\":\"https:\/\/compuviper.mx\/tienda\/wp-content\/uploads\/2021\/08\/Logo-Compuviper-10.png\",\"width\":1000,\"height\":500,\"caption\":\"Compuviper\"},\"image\":{\"@id\":\"https:\/\/compuviper.mx\/tienda\/#\/schema\/logo\/image\/\"},\"sameAs\":[\"https:\/\/www.facebook.com\/compuviper\",\"https:\/\/www.youtube.com\/channel\/UCf73dERp9Y3cfOq7q8BhLjA?view_as=subscriber\"]}]}<\/script>\n<meta property=\"product:brand\" content=\"DAHUA\" \/>\n<meta property=\"product:price:amount\" content=\"3338\" \/>\n<meta property=\"product:price:currency\" content=\"MXN\" \/>\n<meta property=\"og:availability\" content=\"out of stock\" \/>\n<meta property=\"product:availability\" content=\"out of stock\" \/>\n<meta property=\"product:retailer_item_id\" content=\"DH-IPC-PDW3849-A180-AS-PV\" \/>\n<meta property=\"product:condition\" content=\"new\" \/>\n<!-- \/ Yoast SEO plugin. -->","yoast_head_json":{"title":"[ Dahua ] &#129351; Dh-ipc-pdw3849-a180-as-pv Camara Ip\/ \/ Ipc-pdw3849-a180-as-pv\/ Wizsense Eyeball Con Multivision En Dos Sensores De 4mp, Ofreciendo Un Angulo De 180\u00b0. Con Ir De 25 M, Led De 20 M, Disuasion Activa, Eptz, Microfono, Altavo","description":"Compra Dh-ipc-pdw3849-a180-as-pv Camara Ip\/ \/ Ipc-pdw3849-a180-as-pv\/ Wizsense Eyeball Con Multivision En Dos Sensores De 4mp, Ofreciendo Un Angulo De 180\u00b0. Con Ir De 25 M, Led De 20 M, Disuasion Activa, Eptz, Microfono, Altavo + Env\u00edo a domicilio + Pago seguro + Garant\u00eda","robots":{"index":"index","follow":"follow","max-snippet":"max-snippet:-1","max-image-preview":"max-image-preview:large","max-video-preview":"max-video-preview:-1"},"canonical":"https:\/\/compuviper.mx\/tienda\/producto\/dahua-dh-ipc-pdw3849-a180-as-pv-camara-ip-ipc-pdw3849-a180-as-pv-wizsense-eyeball-con-multivision-en-dos-sensores-de-4mp-ofreciendo-un-angulo-de-180-con-ir-de-25-m-led-de-20-m-disuasion-activ\/","og_locale":"es_MX","og_type":"article","og_title":"[ Dahua ] &#129351; Dh-ipc-pdw3849-a180-as-pv Camara Ip\/ \/ Ipc-pdw3849-a180-as-pv\/ Wizsense Eyeball Con Multivision En Dos Sensores De 4mp, Ofreciendo Un Angulo De 180\u00b0. Con Ir De 25 M, Led De 20 M, Disuasion Activa, Eptz, Microfono, Altavo","og_description":"Compra Dh-ipc-pdw3849-a180-as-pv Camara Ip\/ \/ Ipc-pdw3849-a180-as-pv\/ Wizsense Eyeball Con Multivision En Dos Sensores De 4mp, Ofreciendo Un Angulo De 180\u00b0. Con Ir De 25 M, Led De 20 M, Disuasion Activa, Eptz, Microfono, Altavo + Env\u00edo a domicilio + Pago seguro + Garant\u00eda","og_url":"https:\/\/compuviper.mx\/tienda\/producto\/dahua-dh-ipc-pdw3849-a180-as-pv-camara-ip-ipc-pdw3849-a180-as-pv-wizsense-eyeball-con-multivision-en-dos-sensores-de-4mp-ofreciendo-un-angulo-de-180-con-ir-de-25-m-led-de-20-m-disuasion-activ\/","og_site_name":"Compuviper","article_publisher":"https:\/\/www.facebook.com\/compuviper","article_modified_time":"2026-04-21T06:18:20+00:00","og_image":[{"width":200,"height":200,"url":"https:\/\/compuviper.mx\/tienda\/wp-content\/uploads\/2025\/10\/Camara-ip-dahua-ipc-pdw3849-a180-as-pv-wizsense-eyeball-con-multivision-en-dos-sensores-de-4mp-ofreciendo-un-angulo-de-180\u00b0.-con-ir-de-25-m-led-de-20-m-disuasion-activa-eptz-microfono-altavo.jpg","type":"image\/jpeg"}],"twitter_card":"summary_large_image","twitter_misc":{"Precio":"&#36;3,338 con IVA","Availability":"Out of stock"},"schema":{"@context":"https:\/\/schema.org","@graph":[{"@type":"WebPage","@id":"https:\/\/compuviper.mx\/tienda\/producto\/dahua-dh-ipc-pdw3849-a180-as-pv-camara-ip-ipc-pdw3849-a180-as-pv-wizsense-eyeball-con-multivision-en-dos-sensores-de-4mp-ofreciendo-un-angulo-de-180-con-ir-de-25-m-led-de-20-m-disuasion-activ\/","url":"https:\/\/compuviper.mx\/tienda\/producto\/dahua-dh-ipc-pdw3849-a180-as-pv-camara-ip-ipc-pdw3849-a180-as-pv-wizsense-eyeball-con-multivision-en-dos-sensores-de-4mp-ofreciendo-un-angulo-de-180-con-ir-de-25-m-led-de-20-m-disuasion-activ\/","name":"[ Dahua ] &#129351; Dh-ipc-pdw3849-a180-as-pv Camara Ip\/ \/ Ipc-pdw3849-a180-as-pv\/ Wizsense Eyeball Con Multivision En Dos Sensores De 4mp, Ofreciendo Un Angulo De 180\u00b0. Con Ir De 25 M, Led De 20 M, Disuasion Activa, Eptz, Microfono, Altavo","isPartOf":{"@id":"https:\/\/compuviper.mx\/tienda\/#website"},"datePublished":"2026-04-21T06:18:19+00:00","dateModified":"2026-04-21T06:18:20+00:00","description":"Compra Dh-ipc-pdw3849-a180-as-pv Camara Ip\/ \/ Ipc-pdw3849-a180-as-pv\/ Wizsense Eyeball Con Multivision En Dos Sensores De 4mp, Ofreciendo Un Angulo De 180\u00b0. Con Ir De 25 M, Led De 20 M, Disuasion Activa, Eptz, Microfono, Altavo + Env\u00edo a domicilio + Pago seguro + Garant\u00eda","breadcrumb":{"@id":"https:\/\/compuviper.mx\/tienda\/producto\/dahua-dh-ipc-pdw3849-a180-as-pv-camara-ip-ipc-pdw3849-a180-as-pv-wizsense-eyeball-con-multivision-en-dos-sensores-de-4mp-ofreciendo-un-angulo-de-180-con-ir-de-25-m-led-de-20-m-disuasion-activ\/#breadcrumb"},"inLanguage":"es-MX","potentialAction":[{"@type":"ReadAction","target":["https:\/\/compuviper.mx\/tienda\/producto\/dahua-dh-ipc-pdw3849-a180-as-pv-camara-ip-ipc-pdw3849-a180-as-pv-wizsense-eyeball-con-multivision-en-dos-sensores-de-4mp-ofreciendo-un-angulo-de-180-con-ir-de-25-m-led-de-20-m-disuasion-activ\/"]}]},{"@type":"BreadcrumbList","@id":"https:\/\/compuviper.mx\/tienda\/producto\/dahua-dh-ipc-pdw3849-a180-as-pv-camara-ip-ipc-pdw3849-a180-as-pv-wizsense-eyeball-con-multivision-en-dos-sensores-de-4mp-ofreciendo-un-angulo-de-180-con-ir-de-25-m-led-de-20-m-disuasion-activ\/#breadcrumb","itemListElement":[{"@type":"ListItem","position":1,"name":"Inicio","item":"https:\/\/compuviper.mx\/tienda\/"},{"@type":"ListItem","position":2,"name":"Productos","item":"https:\/\/compuviper.mx\/tienda\/productos\/"},{"@type":"ListItem","position":3,"name":"Camaras","item":"https:\/\/compuviper.mx\/tienda\/categoria-producto\/camaras-2\/"},{"@type":"ListItem","position":4,"name":"Camara De Videovigilancia","item":"https:\/\/compuviper.mx\/tienda\/categoria-producto\/camaras-2\/camara-de-videovigilancia\/"},{"@type":"ListItem","position":5,"name":"Dahua Dh-ipc-pdw3849-a180-as-pv Camara Ip\/ \/ Ipc-pdw3849-a180-as-pv\/ Wizsense Eyeball Con Multivision En Dos Sensores De 4mp, Ofreciendo Un Angulo De 180?. Con Ir De 25 M, Led De 20 M, Disuasion Activa, Eptz, Microfono, Altavo"}]},{"@type":"WebSite","@id":"https:\/\/compuviper.mx\/tienda\/#website","url":"https:\/\/compuviper.mx\/tienda\/","name":"Compuviper","description":"Proveedor de Computadoras, Laptops, Servidores, Monitores, Puntos de Venta, Teclados,   Impresoras, T\u00f3ner, C\u00e1maras de Seguridad y m\u00e1s en tu tienda en l\u00ednea","publisher":{"@id":"https:\/\/compuviper.mx\/tienda\/#organization"},"potentialAction":[{"@type":"SearchAction","target":{"@type":"EntryPoint","urlTemplate":"https:\/\/compuviper.mx\/tienda\/?s={search_term_string}"},"query-input":"required name=search_term_string"}],"inLanguage":"es-MX"},{"@type":"Organization","@id":"https:\/\/compuviper.mx\/tienda\/#organization","name":"Compuviper","url":"https:\/\/compuviper.mx\/tienda\/","logo":{"@type":"ImageObject","inLanguage":"es-MX","@id":"https:\/\/compuviper.mx\/tienda\/#\/schema\/logo\/image\/","url":"https:\/\/compuviper.mx\/tienda\/wp-content\/uploads\/2021\/08\/Logo-Compuviper-10.png","contentUrl":"https:\/\/compuviper.mx\/tienda\/wp-content\/uploads\/2021\/08\/Logo-Compuviper-10.png","width":1000,"height":500,"caption":"Compuviper"},"image":{"@id":"https:\/\/compuviper.mx\/tienda\/#\/schema\/logo\/image\/"},"sameAs":["https:\/\/www.facebook.com\/compuviper","https:\/\/www.youtube.com\/channel\/UCf73dERp9Y3cfOq7q8BhLjA?view_as=subscriber"]}]},"product_brand":"DAHUA","product_price_amount":"3338","product_price_currency":"MXN","og_availability":"out of stock","product_availability":"out of stock","product_retailer_item_id":"DH-IPC-PDW3849-A180-AS-PV","product_condition":"new"},"_links":{"self":[{"href":"https:\/\/compuviper.mx\/tienda\/wp-json\/wp\/v2\/product\/246750"}],"collection":[{"href":"https:\/\/compuviper.mx\/tienda\/wp-json\/wp\/v2\/product"}],"about":[{"href":"https:\/\/compuviper.mx\/tienda\/wp-json\/wp\/v2\/types\/product"}],"replies":[{"embeddable":true,"href":"https:\/\/compuviper.mx\/tienda\/wp-json\/wp\/v2\/comments?post=246750"}],"wp:featuredmedia":[{"embeddable":true,"href":"https:\/\/compuviper.mx\/tienda\/wp-json\/wp\/v2\/media\/259355"}],"wp:attachment":[{"href":"https:\/\/compuviper.mx\/tienda\/wp-json\/wp\/v2\/media?parent=246750"}],"wp:term":[{"taxonomy":"product_cat","embeddable":true,"href":"https:\/\/compuviper.mx\/tienda\/wp-json\/wp\/v2\/product_cat?post=246750"},{"taxonomy":"product_tag","embeddable":true,"href":"https:\/\/compuviper.mx\/tienda\/wp-json\/wp\/v2\/product_tag?post=246750"}],"curies":[{"name":"wp","href":"https:\/\/api.w.org\/{rel}","templated":true}]}}