{"id":246693,"date":"2026-04-21T01:35:33","date_gmt":"2026-04-21T07:35:33","guid":{"rendered":"https:\/\/compuviper.mx\/tienda\/producto\/apple-z1ej-imac-24-retina-4-5k-chip-m4-de-cpu-10-nucleos-y-gpu-10-nucleos-16gb-1tb-ssd-4-puertos-thunderbolt-4-gigabit-ethernet-magic-keyboard-con-touch-id-plata\/"},"modified":"2026-04-21T01:35:33","modified_gmt":"2026-04-21T07:35:33","slug":"apple-z1ej-z1e0006fz1ej0006f-imac-24-retina-4-5k-chip-m4-de-cpu-10-nucleos-y-gpu-10-nucleos-16gb-1tb-ssd-4-puertos-thunderbolt-4-gigabit-ethernet-magic-keyboard-con-touch-id-plata","status":"publish","type":"product","link":"https:\/\/compuviper.mx\/tienda\/producto\/apple-z1ej-z1e0006fz1ej0006f-imac-24-retina-4-5k-chip-m4-de-cpu-10-nucleos-y-gpu-10-nucleos-16gb-1tb-ssd-4-puertos-thunderbolt-4-gigabit-ethernet-magic-keyboard-con-touch-id-plata\/","title":{"rendered":"Apple Z1ej.,z1e0006f,z1ej0006f Imac 24 Retina 4.5k\/chip M4 De  Cpu 10 Nucleos Y Gpu 10 Nucleos\/16gb\/1tb Ssd\/4 Puertos Thunderbolt 4\/gigabit Ethernet\/magic Keyboard Con Touch Id\/plata"},"content":{"rendered":"<table class=\"descripcion\">\n<tr>\n<td>Imac<\/td>\n<\/tr>\n<tr>\n<td>Chip m4 de apple con cpu de 10 n\u00facleos, gpu de 10 n\u00facleos, neural engine de 16 n\u00facleos<\/td>\n<\/tr>\n<tr>\n<td>Pantalla retina 4.5k de 24 pulgadas<\/td>\n<\/tr>\n<tr>\n<td>Vidrio est\u00e1ndar<\/td>\n<\/tr>\n<tr>\n<td>Memoria unificada de 16 gb<\/td>\n<\/tr>\n<tr>\n<td>Almacenamiento ssd de 1 tb<\/td>\n<\/tr>\n<tr>\n<td>Cuatro puertos thunderbolt 4<\/td>\n<\/tr>\n<tr>\n<td>Gigabit ethernet<\/td>\n<\/tr>\n<tr>\n<td>Magic mouse<\/td>\n<\/tr>\n<tr>\n<td>Magic keyboard con touch id &#8211; espa\u00f1ol (am\u00e9rica latina)<\/td>\n<\/tr>\n<tr>\n<td>Dise\u00f1ada para apple intelligencenota a pie de p\u00e1gina<\/td>\n<\/tr>\n<\/table>\n","protected":false},"excerpt":{"rendered":"<p>Equipos cto\/configuracion especial de apple<\/p>\n","protected":false},"featured_media":260470,"comment_status":"open","ping_status":"open","template":"","meta":[],"product_cat":[1977,1971],"product_tag":[1585],"acf":[],"yoast_head":"<!-- This site is optimized with the Yoast SEO plugin v21.7 - https:\/\/yoast.com\/wordpress\/plugins\/seo\/ -->\n<title>[ Apple ] &#129351; Z1ej.,z1e0006f,z1ej0006f Imac 24 Retina 4.5k\/chip M4 De Cpu 10 Nucleos Y Gpu 10 Nucleos\/16gb\/1tb Ssd\/4 Puertos Thunderbolt 4\/gigabit Ethernet\/magic Keyboard Con Touch Id\/plata<\/title>\n<meta name=\"description\" content=\"Compra Z1ej.,z1e0006f,z1ej0006f Imac 24 Retina 4.5k\/chip M4 De Cpu 10 Nucleos Y Gpu 10 Nucleos\/16gb\/1tb Ssd\/4 Puertos Thunderbolt 4\/gigabit Ethernet\/magic Keyboard Con Touch Id\/plata + Env\u00edo a domicilio + Pago seguro + Garant\u00eda\" \/>\n<meta name=\"robots\" content=\"index, follow, max-snippet:-1, max-image-preview:large, max-video-preview:-1\" \/>\n<link rel=\"canonical\" href=\"https:\/\/compuviper.mx\/tienda\/producto\/apple-z1ej-z1e0006fz1ej0006f-imac-24-retina-4-5k-chip-m4-de-cpu-10-nucleos-y-gpu-10-nucleos-16gb-1tb-ssd-4-puertos-thunderbolt-4-gigabit-ethernet-magic-keyboard-con-touch-id-plata\/\" \/>\n<meta property=\"og:locale\" content=\"es_MX\" \/>\n<meta property=\"og:type\" content=\"article\" \/>\n<meta property=\"og:title\" content=\"[ Apple ] &#129351; Z1ej.,z1e0006f,z1ej0006f Imac 24 Retina 4.5k\/chip M4 De Cpu 10 Nucleos Y Gpu 10 Nucleos\/16gb\/1tb Ssd\/4 Puertos Thunderbolt 4\/gigabit Ethernet\/magic Keyboard Con Touch Id\/plata\" \/>\n<meta property=\"og:description\" content=\"Compra Z1ej.,z1e0006f,z1ej0006f Imac 24 Retina 4.5k\/chip M4 De Cpu 10 Nucleos Y Gpu 10 Nucleos\/16gb\/1tb Ssd\/4 Puertos Thunderbolt 4\/gigabit Ethernet\/magic Keyboard Con Touch Id\/plata + Env\u00edo a domicilio + Pago seguro + Garant\u00eda\" \/>\n<meta property=\"og:url\" content=\"https:\/\/compuviper.mx\/tienda\/producto\/apple-z1ej-z1e0006fz1ej0006f-imac-24-retina-4-5k-chip-m4-de-cpu-10-nucleos-y-gpu-10-nucleos-16gb-1tb-ssd-4-puertos-thunderbolt-4-gigabit-ethernet-magic-keyboard-con-touch-id-plata\/\" \/>\n<meta property=\"og:site_name\" content=\"Compuviper\" \/>\n<meta property=\"article:publisher\" content=\"https:\/\/www.facebook.com\/compuviper\" \/>\n<meta property=\"og:image\" content=\"https:\/\/compuviper.mx\/tienda\/wp-content\/uploads\/2025\/10\/Imac-24-retina-4.5kchip-m4-de-apple-cpu-10-nucleos-y-gpu-10-nucleos16gb1tb-ssd4-puertos-thunderbolt-4gigabit-ethernetmagic-keyboard-con-touch-idplata.jpg\" \/>\n\t<meta property=\"og:image:width\" content=\"200\" \/>\n\t<meta property=\"og:image:height\" content=\"200\" \/>\n\t<meta property=\"og:image:type\" content=\"image\/jpeg\" \/>\n<meta name=\"twitter:card\" content=\"summary_large_image\" \/>\n<meta name=\"twitter:label1\" content=\"Precio\" \/>\n\t<meta name=\"twitter:data1\" content=\"&#36;42,205 &#36;40,880 con IVA\" \/>\n\t<meta name=\"twitter:label2\" content=\"Availability\" \/>\n\t<meta name=\"twitter:data2\" content=\"In stock\" \/>\n<script type=\"application\/ld+json\" class=\"yoast-schema-graph\">{\"@context\":\"https:\/\/schema.org\",\"@graph\":[{\"@type\":\"WebPage\",\"@id\":\"https:\/\/compuviper.mx\/tienda\/producto\/apple-z1ej-z1e0006fz1ej0006f-imac-24-retina-4-5k-chip-m4-de-cpu-10-nucleos-y-gpu-10-nucleos-16gb-1tb-ssd-4-puertos-thunderbolt-4-gigabit-ethernet-magic-keyboard-con-touch-id-plata\/\",\"url\":\"https:\/\/compuviper.mx\/tienda\/producto\/apple-z1ej-z1e0006fz1ej0006f-imac-24-retina-4-5k-chip-m4-de-cpu-10-nucleos-y-gpu-10-nucleos-16gb-1tb-ssd-4-puertos-thunderbolt-4-gigabit-ethernet-magic-keyboard-con-touch-id-plata\/\",\"name\":\"[ Apple ] &#129351; Z1ej.,z1e0006f,z1ej0006f Imac 24 Retina 4.5k\/chip M4 De Cpu 10 Nucleos Y Gpu 10 Nucleos\/16gb\/1tb Ssd\/4 Puertos Thunderbolt 4\/gigabit Ethernet\/magic Keyboard Con Touch Id\/plata\",\"isPartOf\":{\"@id\":\"https:\/\/compuviper.mx\/tienda\/#website\"},\"datePublished\":\"2026-04-21T07:35:33+00:00\",\"dateModified\":\"2026-04-21T07:35:33+00:00\",\"description\":\"Compra Z1ej.,z1e0006f,z1ej0006f Imac 24 Retina 4.5k\/chip M4 De Cpu 10 Nucleos Y Gpu 10 Nucleos\/16gb\/1tb Ssd\/4 Puertos Thunderbolt 4\/gigabit Ethernet\/magic Keyboard Con Touch Id\/plata + Env\u00edo a domicilio + Pago seguro + Garant\u00eda\",\"breadcrumb\":{\"@id\":\"https:\/\/compuviper.mx\/tienda\/producto\/apple-z1ej-z1e0006fz1ej0006f-imac-24-retina-4-5k-chip-m4-de-cpu-10-nucleos-y-gpu-10-nucleos-16gb-1tb-ssd-4-puertos-thunderbolt-4-gigabit-ethernet-magic-keyboard-con-touch-id-plata\/#breadcrumb\"},\"inLanguage\":\"es-MX\",\"potentialAction\":[{\"@type\":\"ReadAction\",\"target\":[\"https:\/\/compuviper.mx\/tienda\/producto\/apple-z1ej-z1e0006fz1ej0006f-imac-24-retina-4-5k-chip-m4-de-cpu-10-nucleos-y-gpu-10-nucleos-16gb-1tb-ssd-4-puertos-thunderbolt-4-gigabit-ethernet-magic-keyboard-con-touch-id-plata\/\"]}]},{\"@type\":\"BreadcrumbList\",\"@id\":\"https:\/\/compuviper.mx\/tienda\/producto\/apple-z1ej-z1e0006fz1ej0006f-imac-24-retina-4-5k-chip-m4-de-cpu-10-nucleos-y-gpu-10-nucleos-16gb-1tb-ssd-4-puertos-thunderbolt-4-gigabit-ethernet-magic-keyboard-con-touch-id-plata\/#breadcrumb\",\"itemListElement\":[{\"@type\":\"ListItem\",\"position\":1,\"name\":\"Inicio\",\"item\":\"https:\/\/compuviper.mx\/tienda\/\"},{\"@type\":\"ListItem\",\"position\":2,\"name\":\"Productos\",\"item\":\"https:\/\/compuviper.mx\/tienda\/productos\/\"},{\"@type\":\"ListItem\",\"position\":3,\"name\":\"Computadoras\",\"item\":\"https:\/\/compuviper.mx\/tienda\/categoria-producto\/computadoras\/\"},{\"@type\":\"ListItem\",\"position\":4,\"name\":\"All In One\",\"item\":\"https:\/\/compuviper.mx\/tienda\/categoria-producto\/computadoras\/all-in-one-computadoras\/\"},{\"@type\":\"ListItem\",\"position\":5,\"name\":\"Apple Z1ej.,z1e0006f,z1ej0006f Imac 24 Retina 4.5k\/chip M4 De Cpu 10 Nucleos Y Gpu 10 Nucleos\/16gb\/1tb Ssd\/4 Puertos Thunderbolt 4\/gigabit Ethernet\/magic Keyboard Con Touch Id\/plata\"}]},{\"@type\":\"WebSite\",\"@id\":\"https:\/\/compuviper.mx\/tienda\/#website\",\"url\":\"https:\/\/compuviper.mx\/tienda\/\",\"name\":\"Compuviper\",\"description\":\"Proveedor de Computadoras, Laptops, Servidores, Monitores, Puntos de Venta, Teclados,   Impresoras, T\u00f3ner, C\u00e1maras de Seguridad y m\u00e1s en tu tienda en l\u00ednea\",\"publisher\":{\"@id\":\"https:\/\/compuviper.mx\/tienda\/#organization\"},\"potentialAction\":[{\"@type\":\"SearchAction\",\"target\":{\"@type\":\"EntryPoint\",\"urlTemplate\":\"https:\/\/compuviper.mx\/tienda\/?s={search_term_string}\"},\"query-input\":\"required name=search_term_string\"}],\"inLanguage\":\"es-MX\"},{\"@type\":\"Organization\",\"@id\":\"https:\/\/compuviper.mx\/tienda\/#organization\",\"name\":\"Compuviper\",\"url\":\"https:\/\/compuviper.mx\/tienda\/\",\"logo\":{\"@type\":\"ImageObject\",\"inLanguage\":\"es-MX\",\"@id\":\"https:\/\/compuviper.mx\/tienda\/#\/schema\/logo\/image\/\",\"url\":\"https:\/\/compuviper.mx\/tienda\/wp-content\/uploads\/2021\/08\/Logo-Compuviper-10.png\",\"contentUrl\":\"https:\/\/compuviper.mx\/tienda\/wp-content\/uploads\/2021\/08\/Logo-Compuviper-10.png\",\"width\":1000,\"height\":500,\"caption\":\"Compuviper\"},\"image\":{\"@id\":\"https:\/\/compuviper.mx\/tienda\/#\/schema\/logo\/image\/\"},\"sameAs\":[\"https:\/\/www.facebook.com\/compuviper\",\"https:\/\/www.youtube.com\/channel\/UCf73dERp9Y3cfOq7q8BhLjA?view_as=subscriber\"]}]}<\/script>\n<meta property=\"product:brand\" content=\"APPLE\" \/>\n<meta property=\"product:price:amount\" content=\"40880\" \/>\n<meta property=\"product:price:currency\" content=\"MXN\" \/>\n<meta property=\"og:availability\" content=\"instock\" \/>\n<meta property=\"product:availability\" content=\"instock\" \/>\n<meta property=\"product:retailer_item_id\" content=\"Z1EJ.,Z1E0006F,Z1EJ0006F\" \/>\n<meta property=\"product:condition\" content=\"new\" \/>\n<!-- \/ Yoast SEO plugin. -->","yoast_head_json":{"title":"[ Apple ] &#129351; Z1ej.,z1e0006f,z1ej0006f Imac 24 Retina 4.5k\/chip M4 De Cpu 10 Nucleos Y Gpu 10 Nucleos\/16gb\/1tb Ssd\/4 Puertos Thunderbolt 4\/gigabit Ethernet\/magic Keyboard Con Touch Id\/plata","description":"Compra Z1ej.,z1e0006f,z1ej0006f Imac 24 Retina 4.5k\/chip M4 De Cpu 10 Nucleos Y Gpu 10 Nucleos\/16gb\/1tb Ssd\/4 Puertos Thunderbolt 4\/gigabit Ethernet\/magic Keyboard Con Touch Id\/plata + Env\u00edo a domicilio + Pago seguro + Garant\u00eda","robots":{"index":"index","follow":"follow","max-snippet":"max-snippet:-1","max-image-preview":"max-image-preview:large","max-video-preview":"max-video-preview:-1"},"canonical":"https:\/\/compuviper.mx\/tienda\/producto\/apple-z1ej-z1e0006fz1ej0006f-imac-24-retina-4-5k-chip-m4-de-cpu-10-nucleos-y-gpu-10-nucleos-16gb-1tb-ssd-4-puertos-thunderbolt-4-gigabit-ethernet-magic-keyboard-con-touch-id-plata\/","og_locale":"es_MX","og_type":"article","og_title":"[ Apple ] &#129351; Z1ej.,z1e0006f,z1ej0006f Imac 24 Retina 4.5k\/chip M4 De Cpu 10 Nucleos Y Gpu 10 Nucleos\/16gb\/1tb Ssd\/4 Puertos Thunderbolt 4\/gigabit Ethernet\/magic Keyboard Con Touch Id\/plata","og_description":"Compra Z1ej.,z1e0006f,z1ej0006f Imac 24 Retina 4.5k\/chip M4 De Cpu 10 Nucleos Y Gpu 10 Nucleos\/16gb\/1tb Ssd\/4 Puertos Thunderbolt 4\/gigabit Ethernet\/magic Keyboard Con Touch Id\/plata + Env\u00edo a domicilio + Pago seguro + Garant\u00eda","og_url":"https:\/\/compuviper.mx\/tienda\/producto\/apple-z1ej-z1e0006fz1ej0006f-imac-24-retina-4-5k-chip-m4-de-cpu-10-nucleos-y-gpu-10-nucleos-16gb-1tb-ssd-4-puertos-thunderbolt-4-gigabit-ethernet-magic-keyboard-con-touch-id-plata\/","og_site_name":"Compuviper","article_publisher":"https:\/\/www.facebook.com\/compuviper","og_image":[{"width":200,"height":200,"url":"https:\/\/compuviper.mx\/tienda\/wp-content\/uploads\/2025\/10\/Imac-24-retina-4.5kchip-m4-de-apple-cpu-10-nucleos-y-gpu-10-nucleos16gb1tb-ssd4-puertos-thunderbolt-4gigabit-ethernetmagic-keyboard-con-touch-idplata.jpg","type":"image\/jpeg"}],"twitter_card":"summary_large_image","twitter_misc":{"Precio":"&#36;42,205 &#36;40,880 con IVA","Availability":"In stock"},"schema":{"@context":"https:\/\/schema.org","@graph":[{"@type":"WebPage","@id":"https:\/\/compuviper.mx\/tienda\/producto\/apple-z1ej-z1e0006fz1ej0006f-imac-24-retina-4-5k-chip-m4-de-cpu-10-nucleos-y-gpu-10-nucleos-16gb-1tb-ssd-4-puertos-thunderbolt-4-gigabit-ethernet-magic-keyboard-con-touch-id-plata\/","url":"https:\/\/compuviper.mx\/tienda\/producto\/apple-z1ej-z1e0006fz1ej0006f-imac-24-retina-4-5k-chip-m4-de-cpu-10-nucleos-y-gpu-10-nucleos-16gb-1tb-ssd-4-puertos-thunderbolt-4-gigabit-ethernet-magic-keyboard-con-touch-id-plata\/","name":"[ Apple ] &#129351; Z1ej.,z1e0006f,z1ej0006f Imac 24 Retina 4.5k\/chip M4 De Cpu 10 Nucleos Y Gpu 10 Nucleos\/16gb\/1tb Ssd\/4 Puertos Thunderbolt 4\/gigabit Ethernet\/magic Keyboard Con Touch Id\/plata","isPartOf":{"@id":"https:\/\/compuviper.mx\/tienda\/#website"},"datePublished":"2026-04-21T07:35:33+00:00","dateModified":"2026-04-21T07:35:33+00:00","description":"Compra Z1ej.,z1e0006f,z1ej0006f Imac 24 Retina 4.5k\/chip M4 De Cpu 10 Nucleos Y Gpu 10 Nucleos\/16gb\/1tb Ssd\/4 Puertos Thunderbolt 4\/gigabit Ethernet\/magic Keyboard Con Touch Id\/plata + Env\u00edo a domicilio + Pago seguro + Garant\u00eda","breadcrumb":{"@id":"https:\/\/compuviper.mx\/tienda\/producto\/apple-z1ej-z1e0006fz1ej0006f-imac-24-retina-4-5k-chip-m4-de-cpu-10-nucleos-y-gpu-10-nucleos-16gb-1tb-ssd-4-puertos-thunderbolt-4-gigabit-ethernet-magic-keyboard-con-touch-id-plata\/#breadcrumb"},"inLanguage":"es-MX","potentialAction":[{"@type":"ReadAction","target":["https:\/\/compuviper.mx\/tienda\/producto\/apple-z1ej-z1e0006fz1ej0006f-imac-24-retina-4-5k-chip-m4-de-cpu-10-nucleos-y-gpu-10-nucleos-16gb-1tb-ssd-4-puertos-thunderbolt-4-gigabit-ethernet-magic-keyboard-con-touch-id-plata\/"]}]},{"@type":"BreadcrumbList","@id":"https:\/\/compuviper.mx\/tienda\/producto\/apple-z1ej-z1e0006fz1ej0006f-imac-24-retina-4-5k-chip-m4-de-cpu-10-nucleos-y-gpu-10-nucleos-16gb-1tb-ssd-4-puertos-thunderbolt-4-gigabit-ethernet-magic-keyboard-con-touch-id-plata\/#breadcrumb","itemListElement":[{"@type":"ListItem","position":1,"name":"Inicio","item":"https:\/\/compuviper.mx\/tienda\/"},{"@type":"ListItem","position":2,"name":"Productos","item":"https:\/\/compuviper.mx\/tienda\/productos\/"},{"@type":"ListItem","position":3,"name":"Computadoras","item":"https:\/\/compuviper.mx\/tienda\/categoria-producto\/computadoras\/"},{"@type":"ListItem","position":4,"name":"All In One","item":"https:\/\/compuviper.mx\/tienda\/categoria-producto\/computadoras\/all-in-one-computadoras\/"},{"@type":"ListItem","position":5,"name":"Apple Z1ej.,z1e0006f,z1ej0006f Imac 24 Retina 4.5k\/chip M4 De Cpu 10 Nucleos Y Gpu 10 Nucleos\/16gb\/1tb Ssd\/4 Puertos Thunderbolt 4\/gigabit Ethernet\/magic Keyboard Con Touch Id\/plata"}]},{"@type":"WebSite","@id":"https:\/\/compuviper.mx\/tienda\/#website","url":"https:\/\/compuviper.mx\/tienda\/","name":"Compuviper","description":"Proveedor de Computadoras, Laptops, Servidores, Monitores, Puntos de Venta, Teclados,   Impresoras, T\u00f3ner, C\u00e1maras de Seguridad y m\u00e1s en tu tienda en l\u00ednea","publisher":{"@id":"https:\/\/compuviper.mx\/tienda\/#organization"},"potentialAction":[{"@type":"SearchAction","target":{"@type":"EntryPoint","urlTemplate":"https:\/\/compuviper.mx\/tienda\/?s={search_term_string}"},"query-input":"required name=search_term_string"}],"inLanguage":"es-MX"},{"@type":"Organization","@id":"https:\/\/compuviper.mx\/tienda\/#organization","name":"Compuviper","url":"https:\/\/compuviper.mx\/tienda\/","logo":{"@type":"ImageObject","inLanguage":"es-MX","@id":"https:\/\/compuviper.mx\/tienda\/#\/schema\/logo\/image\/","url":"https:\/\/compuviper.mx\/tienda\/wp-content\/uploads\/2021\/08\/Logo-Compuviper-10.png","contentUrl":"https:\/\/compuviper.mx\/tienda\/wp-content\/uploads\/2021\/08\/Logo-Compuviper-10.png","width":1000,"height":500,"caption":"Compuviper"},"image":{"@id":"https:\/\/compuviper.mx\/tienda\/#\/schema\/logo\/image\/"},"sameAs":["https:\/\/www.facebook.com\/compuviper","https:\/\/www.youtube.com\/channel\/UCf73dERp9Y3cfOq7q8BhLjA?view_as=subscriber"]}]},"product_brand":"APPLE","product_price_amount":"40880","product_price_currency":"MXN","og_availability":"instock","product_availability":"instock","product_retailer_item_id":"Z1EJ.,Z1E0006F,Z1EJ0006F","product_condition":"new"},"_links":{"self":[{"href":"https:\/\/compuviper.mx\/tienda\/wp-json\/wp\/v2\/product\/246693"}],"collection":[{"href":"https:\/\/compuviper.mx\/tienda\/wp-json\/wp\/v2\/product"}],"about":[{"href":"https:\/\/compuviper.mx\/tienda\/wp-json\/wp\/v2\/types\/product"}],"replies":[{"embeddable":true,"href":"https:\/\/compuviper.mx\/tienda\/wp-json\/wp\/v2\/comments?post=246693"}],"wp:featuredmedia":[{"embeddable":true,"href":"https:\/\/compuviper.mx\/tienda\/wp-json\/wp\/v2\/media\/260470"}],"wp:attachment":[{"href":"https:\/\/compuviper.mx\/tienda\/wp-json\/wp\/v2\/media?parent=246693"}],"wp:term":[{"taxonomy":"product_cat","embeddable":true,"href":"https:\/\/compuviper.mx\/tienda\/wp-json\/wp\/v2\/product_cat?post=246693"},{"taxonomy":"product_tag","embeddable":true,"href":"https:\/\/compuviper.mx\/tienda\/wp-json\/wp\/v2\/product_tag?post=246693"}],"curies":[{"name":"wp","href":"https:\/\/api.w.org\/{rel}","templated":true}]}}